{"id":17811,"date":"2025-06-10T17:08:52","date_gmt":"2025-06-10T17:08:52","guid":{"rendered":"https:\/\/vitablanca.ma\/product\/eucerin-aquaphor-baume-reparateur-40g\/"},"modified":"2026-01-21T23:25:20","modified_gmt":"2026-01-21T23:25:20","slug":"eucerin-aquaphor-baume-reparateur-40g","status":"publish","type":"product","link":"https:\/\/vitablanca.ma\/en\/product\/eucerin-aquaphor-baume-reparateur-40g\/","title":{"rendered":"Eucerin Aquaphor Repair Balm 40g"},"content":{"rendered":"<h2>Eucerin Aquaphor Repair Balm\u00a0<span data-mce-fragment=\"1\">Accelerates skin regeneration.<\/span><br \/>\n<\/h2>\n<p><span data-mce-fragment=\"1\">A waterless formula that repairs, protects, and soothes dry to very dry, cracked, and irritated skin. Aquaphor creates the ideal protective barrier to support skin regeneration.<br \/>Clinically proven to repair dry to very dry, cracked or irritated skin.<br data-mce-fragment=\"1\">No perfume or preservatives.<br \/>40g.<\/span><\/p>\n<h2 class=\"uk-accordion-title\">About Skin Repair Balm<\/h2>\n<div class=\"uk-accordion-content\">\n<section class=\"eucerin-cp cp-text right\">\n<div class=\"text\">\n<p>Our skin works hard to protect our bodies, but as a result, it can sometimes become very dry, cracked, and irritated. It needs SOS care.<\/p>\n<p>Eucerin Aquaphor Repairing Balm provides dry to very dry, cracked and irritated skin with the SOS care it needs. The waterless balm forms a gentle, semi-occlusive, protective barrier on the skin that promotes the natural transfer of water vapor and oxygen to and from the skin, allowing the skin to &quot;breathe&quot; and strengthening its natural protective barrier. Aquaphor Balm is enriched with<span>\u00a0<\/span>glycerin and<span>\u00a0<\/span>panthenol. The<span>\u00a0<\/span>Glycerin is an effective moisturizer that attracts water and helps keep it in the skin. It works alongside the<span>\u00a0<\/span>panthenol which helps accelerate regeneration and repair while moisturizing the skin.<\/p>\n<p>Fragrance-free and preservative-free, Eucerin Aquaphor Repairing Balm has been clinically and dermatologically proven to repair very dry, cracked, and irritated skin. Suitable for body and face.\u00a0<\/p>\n<p><strong>The soothing, transparent balm is easy to apply and is gently massaged into problem areas of the skin such as knees and elbows, knuckles, cuticles and cracked heels.<\/strong><span>\u00a0<\/span>Composed of few ingredients, it is well tolerated by sensitive skin and is suitable for babies and children as well as for skin irritations after superficial dermatological procedures such as laser treatments and chemical peels, and can be applied to skin damaged by the sun. The skin is regenerated, protected and repaired.<\/p>\n<h3 class=\"hdl-3\">Properties<\/h3>\n<div class=\"text\">\n<section class=\"eucerin-cp cp-image\"><\/section>\n<ul>\n<li>without preservatives<\/li>\n<li>fragrance-free<\/li>\n<li>non-comedogenic<\/li>\n<\/ul>\n<\/div>\n<\/div>\n<\/section>\n<\/div>\n<h3 class=\"hdl-3\">Directions for use<\/h3>\n<div class=\"text\">\n<section class=\"eucerin-cp cp-image\"><\/section>\n<ul>\n<li>Apply as often as needed to affected areas.<\/li>\n<li>A small amount of product is usually enough for both hands. A small amount of the product is suitable for problem areas of your baby&#039;s skin, and a slightly larger amount is ideal for each of your feet.<\/li>\n<li>Massage into skin with your fingertips. The ointment spreads easily when warmed.<\/li>\n<li>Do not use on open, bleeding, or wet wounds. Wait until the skin has re-epithelialized before using the product.<\/li>\n<li>Suitable for body and face.<\/li>\n<\/ul>\n<\/div>","protected":false},"excerpt":{"rendered":"<p>Eucerin Aquaphor Baume R\u00e9parateur\u00a0Acc\u00e9l\u00e8re la r\u00e9g\u00e9n\u00e9ration cutan\u00e9e. Une formule sans eau qui r\u00e9pare, prot\u00e8ge et apaise la peau s\u00e8che \u00e0 tr\u00e8s s\u00e8che, craquel\u00e9e et irrit\u00e9e. Aquaphor cr\u00e9e la barri\u00e8re protectrice id\u00e9ale pour soutenir la r\u00e9g\u00e9n\u00e9ration cutan\u00e9e.Cliniquement prouv\u00e9 pour r\u00e9parer les peaux s\u00e8ches \u00e0 tr\u00e8s s\u00e8ches, craquel\u00e9es ou irrit\u00e9es.Sans parfum ni conservateur.40g. \u00c0 propos de Baume [&hellip;]<\/p>\n","protected":false},"featured_media":17802,"template":"","meta":{"om_disable_all_campaigns":false},"product_brand":[5994],"product_cat":[18,15],"product_tag":[],"class_list":{"0":"post-17811","1":"product","2":"type-product","3":"status-publish","4":"has-post-thumbnail","6":"product_brand-eucerin-maroc-prix","7":"product_cat-beaute-sante","8":"product_cat-beaute-sante-complements-alimentaires-soins-et-bien-etre-au-meilleur-prix","10":"first","11":"instock","12":"sale","13":"taxable","14":"shipping-taxable","15":"purchasable","16":"product-type-simple"},"yoast_head":"<!-- This site is optimized with the Yoast SEO plugin v27.3 - https:\/\/yoast.com\/product\/yoast-seo-wordpress\/ -->\n<title>Eucerin Aquaphor Baume R\u00e9parateur 40g - Maroc Prix<\/title>\n<meta name=\"description\" content=\"Eucerin Aquaphor Baume R\u00e9parateur 40g\" \/>\n<meta name=\"robots\" content=\"index, follow, max-snippet:-1, max-image-preview:large, max-video-preview:-1\" \/>\n<link rel=\"canonical\" href=\"https:\/\/vitablanca.ma\/en\/product\/eucerin-aquaphor-baume-reparateur-40g\/\" \/>\n<meta property=\"og:locale\" content=\"en_US\" \/>\n<meta property=\"og:type\" content=\"article\" \/>\n<meta property=\"og:title\" content=\"Eucerin Aquaphor Baume R\u00e9parateur 40g - Maroc Prix\" \/>\n<meta property=\"og:description\" content=\"Eucerin Aquaphor Baume R\u00e9parateur 40g\" \/>\n<meta property=\"og:url\" content=\"https:\/\/vitablanca.ma\/en\/product\/eucerin-aquaphor-baume-reparateur-40g\/\" \/>\n<meta property=\"og:site_name\" content=\"Vitablanca.ma &ndash; Sant&eacute;, vitalit&eacute; et bien-&ecirc;tre pour tous les Marocains\" \/>\n<meta property=\"article:publisher\" content=\"https:\/\/www.facebook.com\/profile.php?id=61576678196717\" \/>\n<meta property=\"article:modified_time\" content=\"2026-01-21T23:25:20+00:00\" \/>\n<meta property=\"og:image\" content=\"https:\/\/vitablanca.ma\/wp-content\/uploads\/2025\/06\/eucerin-aquaphor-baume-reparateur-cutane-40g-parapharmacie-enligne-prix-maroc_c3658cb6-1e2f-46e4-835f-c7722aa9611e.jpg\" \/>\n\t<meta property=\"og:image:width\" content=\"800\" \/>\n\t<meta property=\"og:image:height\" content=\"800\" \/>\n\t<meta property=\"og:image:type\" content=\"image\/jpeg\" \/>\n<meta name=\"twitter:card\" content=\"summary_large_image\" \/>\n<meta name=\"twitter:label1\" content=\"Est. reading time\" \/>\n\t<meta name=\"twitter:data1\" content=\"3 minutes\" \/>\n<script type=\"application\/ld+json\" class=\"yoast-schema-graph\">{\"@context\":\"https:\\\/\\\/schema.org\",\"@graph\":[{\"@type\":[\"WebPage\",\"ItemPage\"],\"@id\":\"https:\\\/\\\/vitablanca.ma\\\/produit\\\/eucerin-aquaphor-baume-reparateur-40g\\\/\",\"url\":\"https:\\\/\\\/vitablanca.ma\\\/produit\\\/eucerin-aquaphor-baume-reparateur-40g\\\/\",\"name\":\"Eucerin Aquaphor Baume R\u00e9parateur 40g - Maroc Prix\",\"isPartOf\":{\"@id\":\"https:\\\/\\\/vitablanca.ma\\\/#website\"},\"primaryImageOfPage\":{\"@id\":\"https:\\\/\\\/vitablanca.ma\\\/produit\\\/eucerin-aquaphor-baume-reparateur-40g\\\/#primaryimage\"},\"image\":{\"@id\":\"https:\\\/\\\/vitablanca.ma\\\/produit\\\/eucerin-aquaphor-baume-reparateur-40g\\\/#primaryimage\"},\"thumbnailUrl\":\"https:\\\/\\\/vitablanca.ma\\\/wp-content\\\/uploads\\\/2025\\\/06\\\/eucerin-aquaphor-baume-reparateur-cutane-40g-parapharmacie-enligne-prix-maroc_c3658cb6-1e2f-46e4-835f-c7722aa9611e.jpg\",\"datePublished\":\"2025-06-10T17:08:52+00:00\",\"dateModified\":\"2026-01-21T23:25:20+00:00\",\"description\":\"Eucerin Aquaphor Baume R\u00e9parateur 40g\",\"breadcrumb\":{\"@id\":\"https:\\\/\\\/vitablanca.ma\\\/produit\\\/eucerin-aquaphor-baume-reparateur-40g\\\/#breadcrumb\"},\"inLanguage\":\"en-US\",\"potentialAction\":[{\"@type\":\"ReadAction\",\"target\":[\"https:\\\/\\\/vitablanca.ma\\\/produit\\\/eucerin-aquaphor-baume-reparateur-40g\\\/\"]}]},{\"@type\":\"ImageObject\",\"inLanguage\":\"en-US\",\"@id\":\"https:\\\/\\\/vitablanca.ma\\\/produit\\\/eucerin-aquaphor-baume-reparateur-40g\\\/#primaryimage\",\"url\":\"https:\\\/\\\/vitablanca.ma\\\/wp-content\\\/uploads\\\/2025\\\/06\\\/eucerin-aquaphor-baume-reparateur-cutane-40g-parapharmacie-enligne-prix-maroc_c3658cb6-1e2f-46e4-835f-c7722aa9611e.jpg\",\"contentUrl\":\"https:\\\/\\\/vitablanca.ma\\\/wp-content\\\/uploads\\\/2025\\\/06\\\/eucerin-aquaphor-baume-reparateur-cutane-40g-parapharmacie-enligne-prix-maroc_c3658cb6-1e2f-46e4-835f-c7722aa9611e.jpg\",\"width\":800,\"height\":800},{\"@type\":\"BreadcrumbList\",\"@id\":\"https:\\\/\\\/vitablanca.ma\\\/produit\\\/eucerin-aquaphor-baume-reparateur-40g\\\/#breadcrumb\",\"itemListElement\":[{\"@type\":\"ListItem\",\"position\":1,\"name\":\"Home\",\"item\":\"https:\\\/\\\/vitablanca.ma\\\/\"},{\"@type\":\"ListItem\",\"position\":2,\"name\":\"Tous Les Produits\",\"item\":\"https:\\\/\\\/vitablanca.ma\\\/tous-les-produits\\\/\"},{\"@type\":\"ListItem\",\"position\":3,\"name\":\"Eucerin Aquaphor Baume R\u00e9parateur 40g\"}]},{\"@type\":\"WebSite\",\"@id\":\"https:\\\/\\\/vitablanca.ma\\\/#website\",\"url\":\"https:\\\/\\\/vitablanca.ma\\\/\",\"name\":\"VitaBlanca.ma | Compl\u00e9ments alimentaires, sant\u00e9 & beaut\u00e9 au Maroc\",\"description\":\"vendre vitamines et compl\u00e9ments premium des USA &amp; Canada, Nouvelle Z\u00e9lande,Maroc (NOW Foods, Solgar, Manuka). Livraison rapide partout au Maroc.\",\"publisher\":{\"@id\":\"https:\\\/\\\/vitablanca.ma\\\/#organization\"},\"alternateName\":\"VitaBlanca.ma\",\"potentialAction\":[{\"@type\":\"SearchAction\",\"target\":{\"@type\":\"EntryPoint\",\"urlTemplate\":\"https:\\\/\\\/vitablanca.ma\\\/?s={search_term_string}\"},\"query-input\":{\"@type\":\"PropertyValueSpecification\",\"valueRequired\":true,\"valueName\":\"search_term_string\"}}],\"inLanguage\":\"en-US\"},{\"@type\":\"Organization\",\"@id\":\"https:\\\/\\\/vitablanca.ma\\\/#organization\",\"name\":\"VitaBlanca\",\"url\":\"https:\\\/\\\/vitablanca.ma\\\/\",\"logo\":{\"@type\":\"ImageObject\",\"inLanguage\":\"en-US\",\"@id\":\"https:\\\/\\\/vitablanca.ma\\\/#\\\/schema\\\/logo\\\/image\\\/\",\"url\":\"https:\\\/\\\/vitablanca.ma\\\/wp-content\\\/uploads\\\/2025\\\/05\\\/cropped-vitablanca.png\",\"contentUrl\":\"https:\\\/\\\/vitablanca.ma\\\/wp-content\\\/uploads\\\/2025\\\/05\\\/cropped-vitablanca.png\",\"width\":360,\"height\":67,\"caption\":\"VitaBlanca\"},\"image\":{\"@id\":\"https:\\\/\\\/vitablanca.ma\\\/#\\\/schema\\\/logo\\\/image\\\/\"},\"sameAs\":[\"https:\\\/\\\/www.facebook.com\\\/profile.php?id=61576678196717\",\"https:\\\/\\\/www.tiktok.com\\\/@vitablanca.ma\",\"https:\\\/\\\/www.instagram.com\\\/vitablanca.ma\\\/\"]}]}<\/script>\n<!-- \/ Yoast SEO plugin. -->","yoast_head_json":{"title":"Eucerin Aquaphor Repair Balm 40g - Morocco Price","description":"Eucerin Aquaphor Repair Balm 40g","robots":{"index":"index","follow":"follow","max-snippet":"max-snippet:-1","max-image-preview":"max-image-preview:large","max-video-preview":"max-video-preview:-1"},"canonical":"https:\/\/vitablanca.ma\/en\/product\/eucerin-aquaphor-baume-reparateur-40g\/","og_locale":"en_US","og_type":"article","og_title":"Eucerin Aquaphor Baume R\u00e9parateur 40g - Maroc Prix","og_description":"Eucerin Aquaphor Baume R\u00e9parateur 40g","og_url":"https:\/\/vitablanca.ma\/en\/product\/eucerin-aquaphor-baume-reparateur-40g\/","og_site_name":"Vitablanca.ma &ndash; Sant&eacute;, vitalit&eacute; et bien-&ecirc;tre pour tous les Marocains","article_publisher":"https:\/\/www.facebook.com\/profile.php?id=61576678196717","article_modified_time":"2026-01-21T23:25:20+00:00","og_image":[{"width":800,"height":800,"url":"https:\/\/vitablanca.ma\/wp-content\/uploads\/2025\/06\/eucerin-aquaphor-baume-reparateur-cutane-40g-parapharmacie-enligne-prix-maroc_c3658cb6-1e2f-46e4-835f-c7722aa9611e.jpg","type":"image\/jpeg"}],"twitter_card":"summary_large_image","twitter_misc":{"Est. reading time":"3 minutes"},"schema":{"@context":"https:\/\/schema.org","@graph":[{"@type":["WebPage","ItemPage"],"@id":"https:\/\/vitablanca.ma\/produit\/eucerin-aquaphor-baume-reparateur-40g\/","url":"https:\/\/vitablanca.ma\/produit\/eucerin-aquaphor-baume-reparateur-40g\/","name":"Eucerin Aquaphor Repair Balm 40g - Morocco Price","isPartOf":{"@id":"https:\/\/vitablanca.ma\/#website"},"primaryImageOfPage":{"@id":"https:\/\/vitablanca.ma\/produit\/eucerin-aquaphor-baume-reparateur-40g\/#primaryimage"},"image":{"@id":"https:\/\/vitablanca.ma\/produit\/eucerin-aquaphor-baume-reparateur-40g\/#primaryimage"},"thumbnailUrl":"https:\/\/vitablanca.ma\/wp-content\/uploads\/2025\/06\/eucerin-aquaphor-baume-reparateur-cutane-40g-parapharmacie-enligne-prix-maroc_c3658cb6-1e2f-46e4-835f-c7722aa9611e.jpg","datePublished":"2025-06-10T17:08:52+00:00","dateModified":"2026-01-21T23:25:20+00:00","description":"Eucerin Aquaphor Repair Balm 40g","breadcrumb":{"@id":"https:\/\/vitablanca.ma\/produit\/eucerin-aquaphor-baume-reparateur-40g\/#breadcrumb"},"inLanguage":"en-US","potentialAction":[{"@type":"ReadAction","target":["https:\/\/vitablanca.ma\/produit\/eucerin-aquaphor-baume-reparateur-40g\/"]}]},{"@type":"ImageObject","inLanguage":"en-US","@id":"https:\/\/vitablanca.ma\/produit\/eucerin-aquaphor-baume-reparateur-40g\/#primaryimage","url":"https:\/\/vitablanca.ma\/wp-content\/uploads\/2025\/06\/eucerin-aquaphor-baume-reparateur-cutane-40g-parapharmacie-enligne-prix-maroc_c3658cb6-1e2f-46e4-835f-c7722aa9611e.jpg","contentUrl":"https:\/\/vitablanca.ma\/wp-content\/uploads\/2025\/06\/eucerin-aquaphor-baume-reparateur-cutane-40g-parapharmacie-enligne-prix-maroc_c3658cb6-1e2f-46e4-835f-c7722aa9611e.jpg","width":800,"height":800},{"@type":"BreadcrumbList","@id":"https:\/\/vitablanca.ma\/produit\/eucerin-aquaphor-baume-reparateur-40g\/#breadcrumb","itemListElement":[{"@type":"ListItem","position":1,"name":"Home","item":"https:\/\/vitablanca.ma\/"},{"@type":"ListItem","position":2,"name":"Tous Les Produits","item":"https:\/\/vitablanca.ma\/tous-les-produits\/"},{"@type":"ListItem","position":3,"name":"Eucerin Aquaphor Baume R\u00e9parateur 40g"}]},{"@type":"WebSite","@id":"https:\/\/vitablanca.ma\/#website","url":"https:\/\/vitablanca.ma\/","name":"VitaBlanca.ma | Food supplements, health &amp; beauty in Morocco","description":"sell premium vitamins and supplements from USA &amp; Canada, New Zealand, Morocco (NOW Foods, Solgar, Manuka). Fast delivery anywhere in Morocco.","publisher":{"@id":"https:\/\/vitablanca.ma\/#organization"},"alternateName":"VitaBlanca.ma","potentialAction":[{"@type":"SearchAction","target":{"@type":"EntryPoint","urlTemplate":"https:\/\/vitablanca.ma\/?s={search_term_string}"},"query-input":{"@type":"PropertyValueSpecification","valueRequired":true,"valueName":"search_term_string"}}],"inLanguage":"en-US"},{"@type":"Organization","@id":"https:\/\/vitablanca.ma\/#organization","name":"VitaBlanca","url":"https:\/\/vitablanca.ma\/","logo":{"@type":"ImageObject","inLanguage":"en-US","@id":"https:\/\/vitablanca.ma\/#\/schema\/logo\/image\/","url":"https:\/\/vitablanca.ma\/wp-content\/uploads\/2025\/05\/cropped-vitablanca.png","contentUrl":"https:\/\/vitablanca.ma\/wp-content\/uploads\/2025\/05\/cropped-vitablanca.png","width":360,"height":67,"caption":"VitaBlanca"},"image":{"@id":"https:\/\/vitablanca.ma\/#\/schema\/logo\/image\/"},"sameAs":["https:\/\/www.facebook.com\/profile.php?id=61576678196717","https:\/\/www.tiktok.com\/@vitablanca.ma","https:\/\/www.instagram.com\/vitablanca.ma\/"]}]}},"jetpack_sharing_enabled":true,"_links":{"self":[{"href":"https:\/\/vitablanca.ma\/en\/wp-json\/wp\/v2\/product\/17811","targetHints":{"allow":["GET"]}}],"collection":[{"href":"https:\/\/vitablanca.ma\/en\/wp-json\/wp\/v2\/product"}],"about":[{"href":"https:\/\/vitablanca.ma\/en\/wp-json\/wp\/v2\/types\/product"}],"wp:featuredmedia":[{"embeddable":true,"href":"https:\/\/vitablanca.ma\/en\/wp-json\/wp\/v2\/media\/17802"}],"wp:attachment":[{"href":"https:\/\/vitablanca.ma\/en\/wp-json\/wp\/v2\/media?parent=17811"}],"wp:term":[{"taxonomy":"product_brand","embeddable":true,"href":"https:\/\/vitablanca.ma\/en\/wp-json\/wp\/v2\/product_brand?post=17811"},{"taxonomy":"product_cat","embeddable":true,"href":"https:\/\/vitablanca.ma\/en\/wp-json\/wp\/v2\/product_cat?post=17811"},{"taxonomy":"product_tag","embeddable":true,"href":"https:\/\/vitablanca.ma\/en\/wp-json\/wp\/v2\/product_tag?post=17811"}],"curies":[{"name":"wp","href":"https:\/\/api.w.org\/{rel}","templated":true}]}}