{"id":17776,"date":"2025-06-10T17:07:59","date_gmt":"2025-06-10T17:07:59","guid":{"rendered":"https:\/\/vitablanca.ma\/product\/ducray-dexyane-baume-emollient-anti-grattage-200ml\/"},"modified":"2025-06-10T17:07:59","modified_gmt":"2025-06-10T17:07:59","slug":"ducray-dexyane-baume-emollient-anti-grattage-200ml","status":"publish","type":"product","link":"https:\/\/vitablanca.ma\/en\/product\/ducray-dexyane-baume-emollient-anti-grattage-200ml\/","title":{"rendered":"Ducray Dexyane Anti-Itch Emollient Balm 200ml"},"content":{"rendered":"<h2>Ducray Dexyane Anti-Itch Emollient Balm.<\/h2>\n<p><span>Anti-itching emollient balm that helps intensely repair the damaged skin barrier, soothes irritations and nourishes very dry skin with atopic tendencies.<br \/>Skin with atopic tendency.<br \/>Feelings of irritation.<br \/>200ml.<\/span><\/p>\n<div class=\"product-complete-desc contextual-bg-color\">\n<div class=\"product-complete-desc_content\">\n<div class=\"product-complete-desc_text\">This emollient, anti-itching balm soothes irritations caused by dry skin, effectively nourishing, repairing, and soothing your skin. An innovative, non-sticky texture: a melting balm with an oily center.<\/div>\n<div class=\"product-complete-desc_text\"><\/div>\n<\/div>\n<\/div>\n<div class=\"wrapper_product-collapsible-sections_item_title ellipse-down ellipse-base el-width-150 el-center\">\n<h3 data-dc-js-cs-role=\"label\" class=\"product-collapsible-sections_item_title\">BENEFITS<\/h3>\n<\/div>\n<div data-dc-js-cs-role=\"content\" class=\"product-collapsible-sections_item_content\">\n<div class=\"field-collection-container clearfix\">\n<div class=\"field-collection-view clearfix view-mode-full\">\n<div class=\"product-benefit_item\">\n<ul>\n<li>SOOTHES IRRITATION DUE TO DRY SKIN<\/li>\n<li>Very dry skin prone to atopic eczema finds<span>\u00a0<\/span><strong>flexibility and comfort<\/strong>.<\/li>\n<li>Its innovative \u201cmelting balm with an oily heart\u201d texture combines more than 50 % of hydra-nutritive phase for a<span>\u00a0<\/span><strong>rapid spread<\/strong>.<\/li>\n<\/ul>\n<\/div>\n<\/div>\n<\/div>\n<\/div>\n<div class=\"categories-row\">\n<div class=\"category-content\">\n<h4 class=\"product-collapsible-sections_item_subtitle contextual-color\">\n<span>\u00a0<\/span>ABOUT ATOPIC-PRONE SKIN<\/h4>\n<div id=\"rmjs-1\" aria-expanded=\"true\" data-readmore=\"\" class=\"product-collapsible-sections_item_subcontent readmore-add-processed\">Very dry and atopic-prone skin is accompanied by itching and tightness, sometimes very intense. Daily moisturizing of the skin with an emollient is therefore essential to nourish it, repair it and soothe itching. The emollient is applied 1 to 2 times a day, on clean skin, all over the body except in inflammatory areas (red lesions). It is important to favor hypoallergenic products, without perfume or essential oil.<\/div>\n<div aria-expanded=\"true\" data-readmore=\"\" class=\"product-collapsible-sections_item_subcontent readmore-add-processed\"><\/div>\n<h3 aria-expanded=\"true\" class=\"product-collapsible-sections_item_subcontent readmore-add-processed\"><span>APPLICATION TIPS<\/span><\/h3>\n<p><span>Apply 1 to 2 times daily to dry, unbroken areas of the face or body. This emollient, anti-itch balm can be used on children aged 3 and over.<\/span><\/p>\n<\/div>\n<\/div>","protected":false},"excerpt":{"rendered":"<p>Ducray Dexyane Baume \u00c9mollient Anti-Grattage. Baume \u00e9mollient anti-grattage qui aide \u00e0 r\u00e9parer intens\u00e9ment la barri\u00e8re cutan\u00e9e alt\u00e9r\u00e9e, apaise les irritations et nourrit les peaux tr\u00e8s s\u00e8ches \u00e0 tendance atopique.Peaux \u00e0 tendance atopique.Sensations d&rsquo;irritation.200ml. Ce baume \u00e9mollient anti-grattage apaise les irritations dues \u00e0 la s\u00e9cheresse cutan\u00e9e, il nourrit, r\u00e9pare et apaise efficacement votre peau. Une texture [&hellip;]<\/p>\n","protected":false},"featured_media":17771,"template":"","meta":{"om_disable_all_campaigns":false},"product_brand":[],"product_cat":[15],"product_tag":[],"class_list":{"0":"post-17776","1":"product","2":"type-product","3":"status-publish","4":"has-post-thumbnail","6":"product_cat-beaute-sante-complements-alimentaires-soins-et-bien-etre-au-meilleur-prix","8":"first","9":"instock","10":"sale","11":"taxable","12":"shipping-taxable","13":"purchasable","14":"product-type-simple"},"yoast_head":"<!-- This site is optimized with the Yoast SEO plugin v27.4 - https:\/\/yoast.com\/product\/yoast-seo-wordpress\/ -->\n<title>Ducray Dexyane Baume \u00c9mollient Anti-Grattage 200ml - Maroc Prix<\/title>\n<meta name=\"description\" content=\"Ducray Dexyane Baume \u00c9mollient Anti-Grattage 200ml\" \/>\n<meta name=\"robots\" content=\"index, follow, max-snippet:-1, max-image-preview:large, max-video-preview:-1\" \/>\n<link rel=\"canonical\" href=\"https:\/\/vitablanca.ma\/en\/product\/ducray-dexyane-baume-emollient-anti-grattage-200ml\/\" \/>\n<meta property=\"og:locale\" content=\"en_US\" \/>\n<meta property=\"og:type\" content=\"article\" \/>\n<meta property=\"og:title\" content=\"Ducray Dexyane Baume \u00c9mollient Anti-Grattage 200ml - Maroc Prix\" \/>\n<meta property=\"og:description\" content=\"Ducray Dexyane Baume \u00c9mollient Anti-Grattage 200ml\" \/>\n<meta property=\"og:url\" content=\"https:\/\/vitablanca.ma\/en\/product\/ducray-dexyane-baume-emollient-anti-grattage-200ml\/\" \/>\n<meta property=\"og:site_name\" content=\"Vitablanca.ma &ndash; Sant&eacute;, vitalit&eacute; et bien-&ecirc;tre pour tous les Marocains\" \/>\n<meta property=\"article:publisher\" content=\"https:\/\/www.facebook.com\/profile.php?id=61576678196717\" \/>\n<meta property=\"og:image\" content=\"https:\/\/vitablanca.ma\/wp-content\/uploads\/2025\/06\/Ducray-Dexyane-Baume-Emollient-Anti-Grattage-200ml-nova-parapharmacie-casablanca.jpg\" \/>\n\t<meta property=\"og:image:width\" content=\"1000\" \/>\n\t<meta property=\"og:image:height\" content=\"1000\" \/>\n\t<meta property=\"og:image:type\" content=\"image\/jpeg\" \/>\n<meta name=\"twitter:card\" content=\"summary_large_image\" \/>\n<meta name=\"twitter:label1\" content=\"Est. reading time\" \/>\n\t<meta name=\"twitter:data1\" content=\"1 minute\" \/>\n<script type=\"application\/ld+json\" class=\"yoast-schema-graph\">{\"@context\":\"https:\\\/\\\/schema.org\",\"@graph\":[{\"@type\":[\"WebPage\",\"ItemPage\"],\"@id\":\"https:\\\/\\\/vitablanca.ma\\\/produit\\\/ducray-dexyane-baume-emollient-anti-grattage-200ml\\\/\",\"url\":\"https:\\\/\\\/vitablanca.ma\\\/produit\\\/ducray-dexyane-baume-emollient-anti-grattage-200ml\\\/\",\"name\":\"Ducray Dexyane Baume \u00c9mollient Anti-Grattage 200ml - Maroc Prix\",\"isPartOf\":{\"@id\":\"https:\\\/\\\/vitablanca.ma\\\/#website\"},\"primaryImageOfPage\":{\"@id\":\"https:\\\/\\\/vitablanca.ma\\\/produit\\\/ducray-dexyane-baume-emollient-anti-grattage-200ml\\\/#primaryimage\"},\"image\":{\"@id\":\"https:\\\/\\\/vitablanca.ma\\\/produit\\\/ducray-dexyane-baume-emollient-anti-grattage-200ml\\\/#primaryimage\"},\"thumbnailUrl\":\"https:\\\/\\\/vitablanca.ma\\\/wp-content\\\/uploads\\\/2025\\\/06\\\/Ducray-Dexyane-Baume-Emollient-Anti-Grattage-200ml-nova-parapharmacie-casablanca.jpg\",\"datePublished\":\"2025-06-10T17:07:59+00:00\",\"description\":\"Ducray Dexyane Baume \u00c9mollient Anti-Grattage 200ml\",\"breadcrumb\":{\"@id\":\"https:\\\/\\\/vitablanca.ma\\\/produit\\\/ducray-dexyane-baume-emollient-anti-grattage-200ml\\\/#breadcrumb\"},\"inLanguage\":\"en-US\",\"potentialAction\":[{\"@type\":\"ReadAction\",\"target\":[\"https:\\\/\\\/vitablanca.ma\\\/produit\\\/ducray-dexyane-baume-emollient-anti-grattage-200ml\\\/\"]}]},{\"@type\":\"ImageObject\",\"inLanguage\":\"en-US\",\"@id\":\"https:\\\/\\\/vitablanca.ma\\\/produit\\\/ducray-dexyane-baume-emollient-anti-grattage-200ml\\\/#primaryimage\",\"url\":\"https:\\\/\\\/vitablanca.ma\\\/wp-content\\\/uploads\\\/2025\\\/06\\\/Ducray-Dexyane-Baume-Emollient-Anti-Grattage-200ml-nova-parapharmacie-casablanca.jpg\",\"contentUrl\":\"https:\\\/\\\/vitablanca.ma\\\/wp-content\\\/uploads\\\/2025\\\/06\\\/Ducray-Dexyane-Baume-Emollient-Anti-Grattage-200ml-nova-parapharmacie-casablanca.jpg\",\"width\":1000,\"height\":1000},{\"@type\":\"BreadcrumbList\",\"@id\":\"https:\\\/\\\/vitablanca.ma\\\/produit\\\/ducray-dexyane-baume-emollient-anti-grattage-200ml\\\/#breadcrumb\",\"itemListElement\":[{\"@type\":\"ListItem\",\"position\":1,\"name\":\"Home\",\"item\":\"https:\\\/\\\/vitablanca.ma\\\/\"},{\"@type\":\"ListItem\",\"position\":2,\"name\":\"Tous Les Produits\",\"item\":\"https:\\\/\\\/vitablanca.ma\\\/tous-les-produits\\\/\"},{\"@type\":\"ListItem\",\"position\":3,\"name\":\"Ducray Dexyane Baume \u00c9mollient Anti-Grattage 200ml\"}]},{\"@type\":\"WebSite\",\"@id\":\"https:\\\/\\\/vitablanca.ma\\\/#website\",\"url\":\"https:\\\/\\\/vitablanca.ma\\\/\",\"name\":\"VitaBlanca.ma | Compl\u00e9ments alimentaires, sant\u00e9 & beaut\u00e9 au Maroc\",\"description\":\"vendre vitamines et compl\u00e9ments premium des USA &amp; Canada, Nouvelle Z\u00e9lande,Maroc (NOW Foods, Solgar, Manuka). Livraison rapide partout au Maroc.\",\"publisher\":{\"@id\":\"https:\\\/\\\/vitablanca.ma\\\/#organization\"},\"alternateName\":\"VitaBlanca.ma\",\"potentialAction\":[{\"@type\":\"SearchAction\",\"target\":{\"@type\":\"EntryPoint\",\"urlTemplate\":\"https:\\\/\\\/vitablanca.ma\\\/?s={search_term_string}\"},\"query-input\":{\"@type\":\"PropertyValueSpecification\",\"valueRequired\":true,\"valueName\":\"search_term_string\"}}],\"inLanguage\":\"en-US\"},{\"@type\":\"Organization\",\"@id\":\"https:\\\/\\\/vitablanca.ma\\\/#organization\",\"name\":\"VitaBlanca\",\"url\":\"https:\\\/\\\/vitablanca.ma\\\/\",\"logo\":{\"@type\":\"ImageObject\",\"inLanguage\":\"en-US\",\"@id\":\"https:\\\/\\\/vitablanca.ma\\\/#\\\/schema\\\/logo\\\/image\\\/\",\"url\":\"https:\\\/\\\/vitablanca.ma\\\/wp-content\\\/uploads\\\/2025\\\/05\\\/cropped-vitablanca.png\",\"contentUrl\":\"https:\\\/\\\/vitablanca.ma\\\/wp-content\\\/uploads\\\/2025\\\/05\\\/cropped-vitablanca.png\",\"width\":360,\"height\":67,\"caption\":\"VitaBlanca\"},\"image\":{\"@id\":\"https:\\\/\\\/vitablanca.ma\\\/#\\\/schema\\\/logo\\\/image\\\/\"},\"sameAs\":[\"https:\\\/\\\/www.facebook.com\\\/profile.php?id=61576678196717\",\"https:\\\/\\\/www.tiktok.com\\\/@vitablanca.ma\",\"https:\\\/\\\/www.instagram.com\\\/vitablanca.ma\\\/\"]}]}<\/script>\n<!-- \/ Yoast SEO plugin. -->","yoast_head_json":{"title":"Ducray Dexyane Anti-Itch Emollient Balm 200ml - Morocco Price","description":"Ducray Dexyane Anti-Itch Emollient Balm 200ml","robots":{"index":"index","follow":"follow","max-snippet":"max-snippet:-1","max-image-preview":"max-image-preview:large","max-video-preview":"max-video-preview:-1"},"canonical":"https:\/\/vitablanca.ma\/en\/product\/ducray-dexyane-baume-emollient-anti-grattage-200ml\/","og_locale":"en_US","og_type":"article","og_title":"Ducray Dexyane Baume \u00c9mollient Anti-Grattage 200ml - Maroc Prix","og_description":"Ducray Dexyane Baume \u00c9mollient Anti-Grattage 200ml","og_url":"https:\/\/vitablanca.ma\/en\/product\/ducray-dexyane-baume-emollient-anti-grattage-200ml\/","og_site_name":"Vitablanca.ma &ndash; Sant&eacute;, vitalit&eacute; et bien-&ecirc;tre pour tous les Marocains","article_publisher":"https:\/\/www.facebook.com\/profile.php?id=61576678196717","og_image":[{"width":1000,"height":1000,"url":"https:\/\/vitablanca.ma\/wp-content\/uploads\/2025\/06\/Ducray-Dexyane-Baume-Emollient-Anti-Grattage-200ml-nova-parapharmacie-casablanca.jpg","type":"image\/jpeg"}],"twitter_card":"summary_large_image","twitter_misc":{"Est. reading time":"1 minute"},"schema":{"@context":"https:\/\/schema.org","@graph":[{"@type":["WebPage","ItemPage"],"@id":"https:\/\/vitablanca.ma\/produit\/ducray-dexyane-baume-emollient-anti-grattage-200ml\/","url":"https:\/\/vitablanca.ma\/produit\/ducray-dexyane-baume-emollient-anti-grattage-200ml\/","name":"Ducray Dexyane Anti-Itch Emollient Balm 200ml - Morocco Price","isPartOf":{"@id":"https:\/\/vitablanca.ma\/#website"},"primaryImageOfPage":{"@id":"https:\/\/vitablanca.ma\/produit\/ducray-dexyane-baume-emollient-anti-grattage-200ml\/#primaryimage"},"image":{"@id":"https:\/\/vitablanca.ma\/produit\/ducray-dexyane-baume-emollient-anti-grattage-200ml\/#primaryimage"},"thumbnailUrl":"https:\/\/vitablanca.ma\/wp-content\/uploads\/2025\/06\/Ducray-Dexyane-Baume-Emollient-Anti-Grattage-200ml-nova-parapharmacie-casablanca.jpg","datePublished":"2025-06-10T17:07:59+00:00","description":"Ducray Dexyane Anti-Itch Emollient Balm 200ml","breadcrumb":{"@id":"https:\/\/vitablanca.ma\/produit\/ducray-dexyane-baume-emollient-anti-grattage-200ml\/#breadcrumb"},"inLanguage":"en-US","potentialAction":[{"@type":"ReadAction","target":["https:\/\/vitablanca.ma\/produit\/ducray-dexyane-baume-emollient-anti-grattage-200ml\/"]}]},{"@type":"ImageObject","inLanguage":"en-US","@id":"https:\/\/vitablanca.ma\/produit\/ducray-dexyane-baume-emollient-anti-grattage-200ml\/#primaryimage","url":"https:\/\/vitablanca.ma\/wp-content\/uploads\/2025\/06\/Ducray-Dexyane-Baume-Emollient-Anti-Grattage-200ml-nova-parapharmacie-casablanca.jpg","contentUrl":"https:\/\/vitablanca.ma\/wp-content\/uploads\/2025\/06\/Ducray-Dexyane-Baume-Emollient-Anti-Grattage-200ml-nova-parapharmacie-casablanca.jpg","width":1000,"height":1000},{"@type":"BreadcrumbList","@id":"https:\/\/vitablanca.ma\/produit\/ducray-dexyane-baume-emollient-anti-grattage-200ml\/#breadcrumb","itemListElement":[{"@type":"ListItem","position":1,"name":"Home","item":"https:\/\/vitablanca.ma\/"},{"@type":"ListItem","position":2,"name":"Tous Les Produits","item":"https:\/\/vitablanca.ma\/tous-les-produits\/"},{"@type":"ListItem","position":3,"name":"Ducray Dexyane Baume \u00c9mollient Anti-Grattage 200ml"}]},{"@type":"WebSite","@id":"https:\/\/vitablanca.ma\/#website","url":"https:\/\/vitablanca.ma\/","name":"VitaBlanca.ma | Food supplements, health &amp; beauty in Morocco","description":"sell premium vitamins and supplements from USA &amp; Canada, New Zealand, Morocco (NOW Foods, Solgar, Manuka). Fast delivery anywhere in Morocco.","publisher":{"@id":"https:\/\/vitablanca.ma\/#organization"},"alternateName":"VitaBlanca.ma","potentialAction":[{"@type":"SearchAction","target":{"@type":"EntryPoint","urlTemplate":"https:\/\/vitablanca.ma\/?s={search_term_string}"},"query-input":{"@type":"PropertyValueSpecification","valueRequired":true,"valueName":"search_term_string"}}],"inLanguage":"en-US"},{"@type":"Organization","@id":"https:\/\/vitablanca.ma\/#organization","name":"VitaBlanca","url":"https:\/\/vitablanca.ma\/","logo":{"@type":"ImageObject","inLanguage":"en-US","@id":"https:\/\/vitablanca.ma\/#\/schema\/logo\/image\/","url":"https:\/\/vitablanca.ma\/wp-content\/uploads\/2025\/05\/cropped-vitablanca.png","contentUrl":"https:\/\/vitablanca.ma\/wp-content\/uploads\/2025\/05\/cropped-vitablanca.png","width":360,"height":67,"caption":"VitaBlanca"},"image":{"@id":"https:\/\/vitablanca.ma\/#\/schema\/logo\/image\/"},"sameAs":["https:\/\/www.facebook.com\/profile.php?id=61576678196717","https:\/\/www.tiktok.com\/@vitablanca.ma","https:\/\/www.instagram.com\/vitablanca.ma\/"]}]}},"jetpack_sharing_enabled":true,"_links":{"self":[{"href":"https:\/\/vitablanca.ma\/en\/wp-json\/wp\/v2\/product\/17776","targetHints":{"allow":["GET"]}}],"collection":[{"href":"https:\/\/vitablanca.ma\/en\/wp-json\/wp\/v2\/product"}],"about":[{"href":"https:\/\/vitablanca.ma\/en\/wp-json\/wp\/v2\/types\/product"}],"wp:featuredmedia":[{"embeddable":true,"href":"https:\/\/vitablanca.ma\/en\/wp-json\/wp\/v2\/media\/17771"}],"wp:attachment":[{"href":"https:\/\/vitablanca.ma\/en\/wp-json\/wp\/v2\/media?parent=17776"}],"wp:term":[{"taxonomy":"product_brand","embeddable":true,"href":"https:\/\/vitablanca.ma\/en\/wp-json\/wp\/v2\/product_brand?post=17776"},{"taxonomy":"product_cat","embeddable":true,"href":"https:\/\/vitablanca.ma\/en\/wp-json\/wp\/v2\/product_cat?post=17776"},{"taxonomy":"product_tag","embeddable":true,"href":"https:\/\/vitablanca.ma\/en\/wp-json\/wp\/v2\/product_tag?post=17776"}],"curies":[{"name":"wp","href":"https:\/\/api.w.org\/{rel}","templated":true}]}}