{"id":17770,"date":"2025-06-10T17:07:51","date_gmt":"2025-06-10T17:07:51","guid":{"rendered":"https:\/\/vitablanca.ma\/product\/ducray-elution-shampooing-reequilibrant-200ml\/"},"modified":"2025-06-10T17:07:51","modified_gmt":"2025-06-10T17:07:51","slug":"ducray-elution-shampooing-reequilibrant-200ml","status":"publish","type":"product","link":"https:\/\/vitablanca.ma\/en\/product\/ducray-elution-shampooing-reequilibrant-200ml\/","title":{"rendered":"Ducray ELUTION Rebalancing Shampoo 200ml"},"content":{"rendered":"<h2>Ducray ELUTION Rebalancing Shampoo.<\/h2>\n<div class=\"field-title\"><span class=\"field-content\">Alternating or following anti-dandruff treatment shampoos.<\/span><\/div>\n<div class=\"product-categories\">\n<div class=\"categories-table\">\n<div class=\"categories-row\">\n<div class=\"category-content\">Dandruff conditions.<\/div>\n<\/div>\n<div class=\"categories-row\">\n<div class=\"category-content\">Weakened scalp.<br \/>200ml.<\/div>\n<div class=\"category-content\"><\/div>\n<div class=\"category-content\"><\/div>\n<div class=\"category-content\"><\/div>\n<div class=\"category-content\"><\/div>\n<div class=\"category-content\">\n<span>Elution Rebalancing Shampoo can be used alone, alternately and in conjunction with anti-dandruff shampoos.<\/span><br \/><span>Thanks to its active ingredients, such as antifungal piroctone olamine, soothing glycine and moisturizing vitamin B5, it prolongs the effectiveness of anti-dandruff treatments and limits dandruff recurrences. Its effectiveness has been clinically proven.<\/span>\n<\/div>\n<div class=\"category-content\"><\/div>\n<div class=\"category-content\">\n<div class=\"wrapper_product-collapsible-sections_item_title ellipse-down ellipse-base el-width-150 el-center\">\n<h3 data-dc-js-cs-role=\"label\" class=\"product-collapsible-sections_item_title\">BENEFITS<\/h3>\n<\/div>\n<div data-dc-js-cs-role=\"content\" class=\"product-collapsible-sections_item_content\">\n<div class=\"field-collection-container clearfix\">\n<div class=\"field-collection-view clearfix view-mode-full\">\n<div class=\"product-benefit_item\">\n<h4 class=\"product-benefit_item_title contextual-color\">PROLONGS THE EFFECTIVENESS OF ANTI-DANDRUFF TREATMENTS<\/h4>\n<p class=\"product-benefit_item_title contextual-color\">Elution rebalancing shampoo limits the recurrence of dandruff.<\/p>\n<h4 class=\"product-benefit_item_title contextual-color\">MULTIPLE POSSIBILITIES OF USE<\/h4>\n<div class=\"product-benefit_item_description\">The shampoo can be used alone as it is a gentle shampoo, but also in alternation and in relay of anti-dandruff shampoos<\/div>\n<div class=\"product-benefit_item_description\"><\/div>\n<div class=\"product-benefit_item_description\">\n<h4 class=\"product-collapsible-sections_item_subtitle contextual-color\">ABOUT DANDRUFF CONDITIONS<\/h4>\n<div class=\"product-collapsible-sections_item_subcontent readmore-add-processed\">Alternating with or following a medicinal or dermo-cosmetic anti-dandruff treatment, it is necessary to use a gentle and soothing shampoo in order to protect the scalp and limit the risk of recurrence.<\/div>\n<div class=\"product-collapsible-sections_item_subcontent readmore-add-processed\"><\/div>\n<h3 class=\"product-collapsible-sections_item_subcontent readmore-add-processed\"><span>APPLICATION TIPS<\/span><\/h3>\n<p><span>Apply to wet scalp. Massage gently. Rinse. Reapply, leaving on for a few moments. Use as often as needed.<\/span><\/p>\n<div class=\"product-collapsible-sections_item_subcontent readmore-add-processed\"><\/div>\n<div class=\"product-collapsible-sections_item_subcontent readmore-add-processed\"><\/div>\n<\/div>\n<\/div>\n<\/div>\n<\/div>\n<\/div>\n<\/div>\n<\/div>\n<\/div>\n<\/div>","protected":false},"excerpt":{"rendered":"<p>Ducray ELUTION Shampooing R\u00e9\u00e9quilibrant. En alternance ou relais des shampooings traitants anti-pelliculaires. Etats pelliculaires. Cuir chevelu fragilis\u00e9.200ml. Le shampooing r\u00e9\u00e9quilibrant Elution peut \u00eatre utilis\u00e9 seul, en alternance et en relai des shampooings antipelliculaires.Gr\u00e2ce \u00e0 ses actifs, tels que la piroctone olamine antifongique, la glycine apaisante et la vitabime B5 hydratante,il prolonge l&rsquo;efficacit\u00e9 des soins antipelliculaires [&hellip;]<\/p>\n","protected":false},"featured_media":17766,"template":"","meta":{"om_disable_all_campaigns":false},"product_brand":[],"product_cat":[15],"product_tag":[],"class_list":{"0":"post-17770","1":"product","2":"type-product","3":"status-publish","4":"has-post-thumbnail","6":"product_cat-beaute-sante-complements-alimentaires-soins-et-bien-etre-au-meilleur-prix","8":"first","9":"instock","10":"sale","11":"taxable","12":"shipping-taxable","13":"purchasable","14":"product-type-simple"},"yoast_head":"<!-- This site is optimized with the Yoast SEO plugin v27.4 - https:\/\/yoast.com\/product\/yoast-seo-wordpress\/ -->\n<title>Ducray ELUTION Shampooing R\u00e9\u00e9quilibrant 200ml - Maroc Prix<\/title>\n<meta name=\"description\" content=\"Ducray ELUTION Shampooing R\u00e9\u00e9quilibrant 200ml\" \/>\n<meta name=\"robots\" content=\"index, follow, max-snippet:-1, max-image-preview:large, max-video-preview:-1\" \/>\n<link rel=\"canonical\" href=\"https:\/\/vitablanca.ma\/en\/product\/ducray-elution-shampooing-reequilibrant-200ml\/\" \/>\n<meta property=\"og:locale\" content=\"en_US\" \/>\n<meta property=\"og:type\" content=\"article\" \/>\n<meta property=\"og:title\" content=\"Ducray ELUTION Shampooing R\u00e9\u00e9quilibrant 200ml - Maroc Prix\" \/>\n<meta property=\"og:description\" content=\"Ducray ELUTION Shampooing R\u00e9\u00e9quilibrant 200ml\" \/>\n<meta property=\"og:url\" content=\"https:\/\/vitablanca.ma\/en\/product\/ducray-elution-shampooing-reequilibrant-200ml\/\" \/>\n<meta property=\"og:site_name\" content=\"Vitablanca.ma &ndash; Sant&eacute;, vitalit&eacute; et bien-&ecirc;tre pour tous les Marocains\" \/>\n<meta property=\"article:publisher\" content=\"https:\/\/www.facebook.com\/profile.php?id=61576678196717\" \/>\n<meta property=\"og:image\" content=\"https:\/\/vitablanca.ma\/wp-content\/uploads\/2025\/06\/Ducray-ELUTION-Shampooing-Reequilibrant-200ml-nova-parapharmacie-casablanca.jpg\" \/>\n\t<meta property=\"og:image:width\" content=\"1000\" \/>\n\t<meta property=\"og:image:height\" content=\"1000\" \/>\n\t<meta property=\"og:image:type\" content=\"image\/jpeg\" \/>\n<meta name=\"twitter:card\" content=\"summary_large_image\" \/>\n<meta name=\"twitter:label1\" content=\"Est. reading time\" \/>\n\t<meta name=\"twitter:data1\" content=\"1 minute\" \/>\n<script type=\"application\/ld+json\" class=\"yoast-schema-graph\">{\"@context\":\"https:\\\/\\\/schema.org\",\"@graph\":[{\"@type\":[\"WebPage\",\"ItemPage\"],\"@id\":\"https:\\\/\\\/vitablanca.ma\\\/produit\\\/ducray-elution-shampooing-reequilibrant-200ml\\\/\",\"url\":\"https:\\\/\\\/vitablanca.ma\\\/produit\\\/ducray-elution-shampooing-reequilibrant-200ml\\\/\",\"name\":\"Ducray ELUTION Shampooing R\u00e9\u00e9quilibrant 200ml - Maroc Prix\",\"isPartOf\":{\"@id\":\"https:\\\/\\\/vitablanca.ma\\\/#website\"},\"primaryImageOfPage\":{\"@id\":\"https:\\\/\\\/vitablanca.ma\\\/produit\\\/ducray-elution-shampooing-reequilibrant-200ml\\\/#primaryimage\"},\"image\":{\"@id\":\"https:\\\/\\\/vitablanca.ma\\\/produit\\\/ducray-elution-shampooing-reequilibrant-200ml\\\/#primaryimage\"},\"thumbnailUrl\":\"https:\\\/\\\/vitablanca.ma\\\/wp-content\\\/uploads\\\/2025\\\/06\\\/Ducray-ELUTION-Shampooing-Reequilibrant-200ml-nova-parapharmacie-casablanca.jpg\",\"datePublished\":\"2025-06-10T17:07:51+00:00\",\"description\":\"Ducray ELUTION Shampooing R\u00e9\u00e9quilibrant 200ml\",\"breadcrumb\":{\"@id\":\"https:\\\/\\\/vitablanca.ma\\\/produit\\\/ducray-elution-shampooing-reequilibrant-200ml\\\/#breadcrumb\"},\"inLanguage\":\"en-US\",\"potentialAction\":[{\"@type\":\"ReadAction\",\"target\":[\"https:\\\/\\\/vitablanca.ma\\\/produit\\\/ducray-elution-shampooing-reequilibrant-200ml\\\/\"]}]},{\"@type\":\"ImageObject\",\"inLanguage\":\"en-US\",\"@id\":\"https:\\\/\\\/vitablanca.ma\\\/produit\\\/ducray-elution-shampooing-reequilibrant-200ml\\\/#primaryimage\",\"url\":\"https:\\\/\\\/vitablanca.ma\\\/wp-content\\\/uploads\\\/2025\\\/06\\\/Ducray-ELUTION-Shampooing-Reequilibrant-200ml-nova-parapharmacie-casablanca.jpg\",\"contentUrl\":\"https:\\\/\\\/vitablanca.ma\\\/wp-content\\\/uploads\\\/2025\\\/06\\\/Ducray-ELUTION-Shampooing-Reequilibrant-200ml-nova-parapharmacie-casablanca.jpg\",\"width\":1000,\"height\":1000},{\"@type\":\"BreadcrumbList\",\"@id\":\"https:\\\/\\\/vitablanca.ma\\\/produit\\\/ducray-elution-shampooing-reequilibrant-200ml\\\/#breadcrumb\",\"itemListElement\":[{\"@type\":\"ListItem\",\"position\":1,\"name\":\"Home\",\"item\":\"https:\\\/\\\/vitablanca.ma\\\/\"},{\"@type\":\"ListItem\",\"position\":2,\"name\":\"Tous Les Produits\",\"item\":\"https:\\\/\\\/vitablanca.ma\\\/tous-les-produits\\\/\"},{\"@type\":\"ListItem\",\"position\":3,\"name\":\"Ducray ELUTION Shampooing R\u00e9\u00e9quilibrant 200ml\"}]},{\"@type\":\"WebSite\",\"@id\":\"https:\\\/\\\/vitablanca.ma\\\/#website\",\"url\":\"https:\\\/\\\/vitablanca.ma\\\/\",\"name\":\"VitaBlanca.ma | Compl\u00e9ments alimentaires, sant\u00e9 & beaut\u00e9 au Maroc\",\"description\":\"vendre vitamines et compl\u00e9ments premium des USA &amp; Canada, Nouvelle Z\u00e9lande,Maroc (NOW Foods, Solgar, Manuka). Livraison rapide partout au Maroc.\",\"publisher\":{\"@id\":\"https:\\\/\\\/vitablanca.ma\\\/#organization\"},\"alternateName\":\"VitaBlanca.ma\",\"potentialAction\":[{\"@type\":\"SearchAction\",\"target\":{\"@type\":\"EntryPoint\",\"urlTemplate\":\"https:\\\/\\\/vitablanca.ma\\\/?s={search_term_string}\"},\"query-input\":{\"@type\":\"PropertyValueSpecification\",\"valueRequired\":true,\"valueName\":\"search_term_string\"}}],\"inLanguage\":\"en-US\"},{\"@type\":\"Organization\",\"@id\":\"https:\\\/\\\/vitablanca.ma\\\/#organization\",\"name\":\"VitaBlanca\",\"url\":\"https:\\\/\\\/vitablanca.ma\\\/\",\"logo\":{\"@type\":\"ImageObject\",\"inLanguage\":\"en-US\",\"@id\":\"https:\\\/\\\/vitablanca.ma\\\/#\\\/schema\\\/logo\\\/image\\\/\",\"url\":\"https:\\\/\\\/vitablanca.ma\\\/wp-content\\\/uploads\\\/2025\\\/05\\\/cropped-vitablanca.png\",\"contentUrl\":\"https:\\\/\\\/vitablanca.ma\\\/wp-content\\\/uploads\\\/2025\\\/05\\\/cropped-vitablanca.png\",\"width\":360,\"height\":67,\"caption\":\"VitaBlanca\"},\"image\":{\"@id\":\"https:\\\/\\\/vitablanca.ma\\\/#\\\/schema\\\/logo\\\/image\\\/\"},\"sameAs\":[\"https:\\\/\\\/www.facebook.com\\\/profile.php?id=61576678196717\",\"https:\\\/\\\/www.tiktok.com\\\/@vitablanca.ma\",\"https:\\\/\\\/www.instagram.com\\\/vitablanca.ma\\\/\"]}]}<\/script>\n<!-- \/ Yoast SEO plugin. -->","yoast_head_json":{"title":"Ducray ELUTION Rebalancing Shampoo 200ml - Morocco Price","description":"Ducray ELUTION Rebalancing Shampoo 200ml","robots":{"index":"index","follow":"follow","max-snippet":"max-snippet:-1","max-image-preview":"max-image-preview:large","max-video-preview":"max-video-preview:-1"},"canonical":"https:\/\/vitablanca.ma\/en\/product\/ducray-elution-shampooing-reequilibrant-200ml\/","og_locale":"en_US","og_type":"article","og_title":"Ducray ELUTION Shampooing R\u00e9\u00e9quilibrant 200ml - Maroc Prix","og_description":"Ducray ELUTION Shampooing R\u00e9\u00e9quilibrant 200ml","og_url":"https:\/\/vitablanca.ma\/en\/product\/ducray-elution-shampooing-reequilibrant-200ml\/","og_site_name":"Vitablanca.ma &ndash; Sant&eacute;, vitalit&eacute; et bien-&ecirc;tre pour tous les Marocains","article_publisher":"https:\/\/www.facebook.com\/profile.php?id=61576678196717","og_image":[{"width":1000,"height":1000,"url":"https:\/\/vitablanca.ma\/wp-content\/uploads\/2025\/06\/Ducray-ELUTION-Shampooing-Reequilibrant-200ml-nova-parapharmacie-casablanca.jpg","type":"image\/jpeg"}],"twitter_card":"summary_large_image","twitter_misc":{"Est. reading time":"1 minute"},"schema":{"@context":"https:\/\/schema.org","@graph":[{"@type":["WebPage","ItemPage"],"@id":"https:\/\/vitablanca.ma\/produit\/ducray-elution-shampooing-reequilibrant-200ml\/","url":"https:\/\/vitablanca.ma\/produit\/ducray-elution-shampooing-reequilibrant-200ml\/","name":"Ducray ELUTION Rebalancing Shampoo 200ml - Morocco Price","isPartOf":{"@id":"https:\/\/vitablanca.ma\/#website"},"primaryImageOfPage":{"@id":"https:\/\/vitablanca.ma\/produit\/ducray-elution-shampooing-reequilibrant-200ml\/#primaryimage"},"image":{"@id":"https:\/\/vitablanca.ma\/produit\/ducray-elution-shampooing-reequilibrant-200ml\/#primaryimage"},"thumbnailUrl":"https:\/\/vitablanca.ma\/wp-content\/uploads\/2025\/06\/Ducray-ELUTION-Shampooing-Reequilibrant-200ml-nova-parapharmacie-casablanca.jpg","datePublished":"2025-06-10T17:07:51+00:00","description":"Ducray ELUTION Rebalancing Shampoo 200ml","breadcrumb":{"@id":"https:\/\/vitablanca.ma\/produit\/ducray-elution-shampooing-reequilibrant-200ml\/#breadcrumb"},"inLanguage":"en-US","potentialAction":[{"@type":"ReadAction","target":["https:\/\/vitablanca.ma\/produit\/ducray-elution-shampooing-reequilibrant-200ml\/"]}]},{"@type":"ImageObject","inLanguage":"en-US","@id":"https:\/\/vitablanca.ma\/produit\/ducray-elution-shampooing-reequilibrant-200ml\/#primaryimage","url":"https:\/\/vitablanca.ma\/wp-content\/uploads\/2025\/06\/Ducray-ELUTION-Shampooing-Reequilibrant-200ml-nova-parapharmacie-casablanca.jpg","contentUrl":"https:\/\/vitablanca.ma\/wp-content\/uploads\/2025\/06\/Ducray-ELUTION-Shampooing-Reequilibrant-200ml-nova-parapharmacie-casablanca.jpg","width":1000,"height":1000},{"@type":"BreadcrumbList","@id":"https:\/\/vitablanca.ma\/produit\/ducray-elution-shampooing-reequilibrant-200ml\/#breadcrumb","itemListElement":[{"@type":"ListItem","position":1,"name":"Home","item":"https:\/\/vitablanca.ma\/"},{"@type":"ListItem","position":2,"name":"Tous Les Produits","item":"https:\/\/vitablanca.ma\/tous-les-produits\/"},{"@type":"ListItem","position":3,"name":"Ducray ELUTION Shampooing R\u00e9\u00e9quilibrant 200ml"}]},{"@type":"WebSite","@id":"https:\/\/vitablanca.ma\/#website","url":"https:\/\/vitablanca.ma\/","name":"VitaBlanca.ma | Food supplements, health &amp; beauty in Morocco","description":"sell premium vitamins and supplements from USA &amp; Canada, New Zealand, Morocco (NOW Foods, Solgar, Manuka). Fast delivery anywhere in Morocco.","publisher":{"@id":"https:\/\/vitablanca.ma\/#organization"},"alternateName":"VitaBlanca.ma","potentialAction":[{"@type":"SearchAction","target":{"@type":"EntryPoint","urlTemplate":"https:\/\/vitablanca.ma\/?s={search_term_string}"},"query-input":{"@type":"PropertyValueSpecification","valueRequired":true,"valueName":"search_term_string"}}],"inLanguage":"en-US"},{"@type":"Organization","@id":"https:\/\/vitablanca.ma\/#organization","name":"VitaBlanca","url":"https:\/\/vitablanca.ma\/","logo":{"@type":"ImageObject","inLanguage":"en-US","@id":"https:\/\/vitablanca.ma\/#\/schema\/logo\/image\/","url":"https:\/\/vitablanca.ma\/wp-content\/uploads\/2025\/05\/cropped-vitablanca.png","contentUrl":"https:\/\/vitablanca.ma\/wp-content\/uploads\/2025\/05\/cropped-vitablanca.png","width":360,"height":67,"caption":"VitaBlanca"},"image":{"@id":"https:\/\/vitablanca.ma\/#\/schema\/logo\/image\/"},"sameAs":["https:\/\/www.facebook.com\/profile.php?id=61576678196717","https:\/\/www.tiktok.com\/@vitablanca.ma","https:\/\/www.instagram.com\/vitablanca.ma\/"]}]}},"jetpack_sharing_enabled":true,"_links":{"self":[{"href":"https:\/\/vitablanca.ma\/en\/wp-json\/wp\/v2\/product\/17770","targetHints":{"allow":["GET"]}}],"collection":[{"href":"https:\/\/vitablanca.ma\/en\/wp-json\/wp\/v2\/product"}],"about":[{"href":"https:\/\/vitablanca.ma\/en\/wp-json\/wp\/v2\/types\/product"}],"wp:featuredmedia":[{"embeddable":true,"href":"https:\/\/vitablanca.ma\/en\/wp-json\/wp\/v2\/media\/17766"}],"wp:attachment":[{"href":"https:\/\/vitablanca.ma\/en\/wp-json\/wp\/v2\/media?parent=17770"}],"wp:term":[{"taxonomy":"product_brand","embeddable":true,"href":"https:\/\/vitablanca.ma\/en\/wp-json\/wp\/v2\/product_brand?post=17770"},{"taxonomy":"product_cat","embeddable":true,"href":"https:\/\/vitablanca.ma\/en\/wp-json\/wp\/v2\/product_cat?post=17770"},{"taxonomy":"product_tag","embeddable":true,"href":"https:\/\/vitablanca.ma\/en\/wp-json\/wp\/v2\/product_tag?post=17770"}],"curies":[{"name":"wp","href":"https:\/\/api.w.org\/{rel}","templated":true}]}}