{"id":17765,"date":"2025-06-10T17:07:44","date_gmt":"2025-06-10T17:07:44","guid":{"rendered":"https:\/\/vitablanca.ma\/product\/ducray-keracnyl-repair-baume-levres-15ml\/"},"modified":"2025-06-10T17:07:44","modified_gmt":"2025-06-10T17:07:44","slug":"ducray-keracnyl-repair-baume-levres-15ml","status":"publish","type":"product","link":"https:\/\/vitablanca.ma\/en\/product\/ducray-keracnyl-repair-baume-levres-15ml\/","title":{"rendered":"Ducray KERACNYL Repair Lip Balm 15ml"},"content":{"rendered":"<h2>Ducray KERACNYL Repair Lip Balm.<\/h2>\n<div class=\"field-title\"><span class=\"field-content\">Care for chapped and damaged lips with oral anti-acne medication.<\/span><\/div>\n<div class=\"product-categories\">\n<div class=\"categories-table\">\n<div class=\"categories-row\">\n<div class=\"category-content\">Acne-prone skin.<\/div>\n<\/div>\n<div class=\"categories-row\">\n<div class=\"category-content\">Dry skin.<br \/>15ml.<\/div>\n<div class=\"category-content\"><\/div>\n<div class=\"category-content\">\n<span>This balm\u00a0<\/span><strong>repairs<\/strong><span>\u00a0and and\u00a0<\/span><strong>protected<\/strong><span>\u00a0lips from dryness induced by oral anti-acne drug treatment.<\/span>\n<\/div>\n<div class=\"category-content\"><\/div>\n<div class=\"category-content\">\n<div class=\"wrapper_product-collapsible-sections_item_title ellipse-down ellipse-base el-width-150 el-center\">\n<h3 class=\"product-collapsible-sections_item_title\" data-dc-js-cs-role=\"label\">BENEFITS<\/h3>\n<\/div>\n<div class=\"product-collapsible-sections_item_content\" data-dc-js-cs-role=\"content\">\n<div class=\"field-collection-container clearfix\">\n<div class=\"field-collection-view clearfix view-mode-full\">\n<div class=\"product-benefit_item\">\n<p class=\"product-benefit_item_title contextual-color\"><strong>NOURISHES<\/strong><\/p>\n<p><strong>REPAIRS AND PROTECTS LIPS<\/strong><\/p>\n<p><strong>ACT AGAINST DRYNESS<\/strong><br \/>Keracnyl Repair Lip Balm is effective against dryness induced by oral anti-acne medication.<\/p>\n<h4 class=\"product-collapsible-sections_item_subtitle contextual-color\">ABOUT ACNE-PRONE SKIN<\/h4>\n<div class=\"product-collapsible-sections_item_subcontent readmore-add-processed\" data-readmore=\"\" aria-expanded=\"true\" id=\"rmjs-1\">\u00a076% of 15-24 year olds and 65% of women are affected in Europe.* Oily skin with imperfections can have varying degrees of severity. Comprehensive care through good hygiene practices combined with complementary treatment can limit the worsening of these imperfections and help eliminate them.<\/div>\n<div class=\"product-collapsible-sections_item_subcontent readmore-add-processed\" data-readmore=\"\" aria-expanded=\"true\"><\/div>\n<h3 class=\"product-collapsible-sections_item_subcontent readmore-add-processed\" aria-expanded=\"true\"><span>APPLICATION TIPS<\/span><\/h3>\n<p><span>Apply to lips as often as needed.\u00a0<\/span><\/p>\n<div class=\"product-collapsible-sections_item_subcontent readmore-add-processed\" data-readmore=\"\" aria-expanded=\"true\">\n<div class=\"field-collection-view clearfix view-mode-full\">\n<div class=\"block block-1\">\n<div class=\"wrap1200\">\n<div class=\"head\">\n<h2 class=\"fixed-margin\" id=\"Que-faut-il-savoir-sur-l%E2%80%99acn%C3%A9-%3F\"><\/h2>\n<\/div>\n<div class=\"inner-content\">\n<div class=\"description full\"><\/div>\n<\/div>\n<\/div>\n<\/div>\n<\/div>\n<div class=\"field-collection-view clearfix view-mode-full\">\n<div class=\"block block-2 active\">\n<div class=\"wrap1200\">\n<div class=\"head\">\n<h2 class=\"fixed-margin\" id=\"Quels-sont-les-sympt%C3%B4mes-de-l%E2%80%99acn%C3%A9-%3F\"><\/h2>\n<\/div>\n<\/div>\n<\/div>\n<\/div>\n<div class=\"field-collection-view clearfix view-mode-full\">\n<div class=\"block block-3\">\n<div class=\"wrap1200\">\n<div class=\"inner-content\"><\/div>\n<\/div>\n<\/div>\n<\/div>\n<div class=\"field-collection-view clearfix view-mode-full\">\n<div class=\"block block-4\">\n<div class=\"wrap1200\">\n<div class=\"head\">\n<h2 class=\"fixed-margin\" id=\"Quels-sont-les-traitements-de-l%E2%80%99acn%C3%A9-%3F\"><\/h2>\n<\/div>\n<\/div>\n<\/div>\n<\/div>\n<div class=\"field-collection-view clearfix view-mode-full field-collection-view-final\">\n<div class=\"block block-5\">\n<div class=\"wrap1200\">\n<div class=\"inner-content\">\n<div class=\"description full\"><\/div>\n<\/div>\n<\/div>\n<\/div>\n<\/div>\n<\/div>\n<\/div>\n<\/div>\n<\/div>\n<\/div>\n<\/div>\n<\/div>\n<\/div>\n<\/div>","protected":false},"excerpt":{"rendered":"<p>Ducray KERACNYL Repair Baume L\u00e8vres. Soin des l\u00e8vres gerc\u00e9es et abim\u00e9es par traitement m\u00e9dicamenteux anti-acn\u00e9ique oral. Peaux \u00e0 tendance acn\u00e9ique. Peaux dess\u00e9ch\u00e9es.15ml. Ce baume\u00a0r\u00e9pare\u00a0et et\u00a0prot\u00e9ge\u00a0les l\u00e8vres du dess\u00e8chement induit par un traitement m\u00e9dicamenteux anti-acn\u00e9ique oral. B\u00c9N\u00c9FICES NOURRIT R\u00c9PARE ET PROT\u00c9GE LES L\u00c8VRES AGIT CONTRE LE DESS\u00c8CHEMENTKeracnyl Repair Baume l\u00e8vres est efficace contre le dess\u00e8chement induit [&hellip;]<\/p>\n","protected":false},"featured_media":17759,"template":"","meta":{"om_disable_all_campaigns":false},"product_brand":[],"product_cat":[15],"product_tag":[],"class_list":{"0":"post-17765","1":"product","2":"type-product","3":"status-publish","4":"has-post-thumbnail","6":"product_cat-beaute-sante-complements-alimentaires-soins-et-bien-etre-au-meilleur-prix","8":"first","9":"instock","10":"sale","11":"taxable","12":"shipping-taxable","13":"purchasable","14":"product-type-simple"},"yoast_head":"<!-- This site is optimized with the Yoast SEO plugin v27.4 - https:\/\/yoast.com\/product\/yoast-seo-wordpress\/ -->\n<title>Ducray KERACNYL Repair Baume L\u00e8vres 15ml - Maroc Prix<\/title>\n<meta name=\"description\" content=\"Ducray KERACNYL Repair Baume L\u00e8vres 15ml\" \/>\n<meta name=\"robots\" content=\"index, follow, max-snippet:-1, max-image-preview:large, max-video-preview:-1\" \/>\n<link rel=\"canonical\" href=\"https:\/\/vitablanca.ma\/en\/product\/ducray-keracnyl-repair-baume-levres-15ml\/\" \/>\n<meta property=\"og:locale\" content=\"en_US\" \/>\n<meta property=\"og:type\" content=\"article\" \/>\n<meta property=\"og:title\" content=\"Ducray KERACNYL Repair Baume L\u00e8vres 15ml - Maroc Prix\" \/>\n<meta property=\"og:description\" content=\"Ducray KERACNYL Repair Baume L\u00e8vres 15ml\" \/>\n<meta property=\"og:url\" content=\"https:\/\/vitablanca.ma\/en\/product\/ducray-keracnyl-repair-baume-levres-15ml\/\" \/>\n<meta property=\"og:site_name\" content=\"Vitablanca.ma &ndash; Sant&eacute;, vitalit&eacute; et bien-&ecirc;tre pour tous les Marocains\" \/>\n<meta property=\"article:publisher\" content=\"https:\/\/www.facebook.com\/profile.php?id=61576678196717\" \/>\n<meta property=\"og:image\" content=\"https:\/\/vitablanca.ma\/wp-content\/uploads\/2025\/06\/Ducray-KERACNYL-Repair-Baume-Levres-15ml-nova-parapharmacie-casablanca.jpg\" \/>\n\t<meta property=\"og:image:width\" content=\"1000\" \/>\n\t<meta property=\"og:image:height\" content=\"1000\" \/>\n\t<meta property=\"og:image:type\" content=\"image\/jpeg\" \/>\n<meta name=\"twitter:card\" content=\"summary_large_image\" \/>\n<meta name=\"twitter:label1\" content=\"Est. reading time\" \/>\n\t<meta name=\"twitter:data1\" content=\"1 minute\" \/>\n<script type=\"application\/ld+json\" class=\"yoast-schema-graph\">{\"@context\":\"https:\\\/\\\/schema.org\",\"@graph\":[{\"@type\":[\"WebPage\",\"ItemPage\"],\"@id\":\"https:\\\/\\\/vitablanca.ma\\\/produit\\\/ducray-keracnyl-repair-baume-levres-15ml\\\/\",\"url\":\"https:\\\/\\\/vitablanca.ma\\\/produit\\\/ducray-keracnyl-repair-baume-levres-15ml\\\/\",\"name\":\"Ducray KERACNYL Repair Baume L\u00e8vres 15ml - Maroc Prix\",\"isPartOf\":{\"@id\":\"https:\\\/\\\/vitablanca.ma\\\/#website\"},\"primaryImageOfPage\":{\"@id\":\"https:\\\/\\\/vitablanca.ma\\\/produit\\\/ducray-keracnyl-repair-baume-levres-15ml\\\/#primaryimage\"},\"image\":{\"@id\":\"https:\\\/\\\/vitablanca.ma\\\/produit\\\/ducray-keracnyl-repair-baume-levres-15ml\\\/#primaryimage\"},\"thumbnailUrl\":\"https:\\\/\\\/vitablanca.ma\\\/wp-content\\\/uploads\\\/2025\\\/06\\\/Ducray-KERACNYL-Repair-Baume-Levres-15ml-nova-parapharmacie-casablanca.jpg\",\"datePublished\":\"2025-06-10T17:07:44+00:00\",\"description\":\"Ducray KERACNYL Repair Baume L\u00e8vres 15ml\",\"breadcrumb\":{\"@id\":\"https:\\\/\\\/vitablanca.ma\\\/produit\\\/ducray-keracnyl-repair-baume-levres-15ml\\\/#breadcrumb\"},\"inLanguage\":\"en-US\",\"potentialAction\":[{\"@type\":\"ReadAction\",\"target\":[\"https:\\\/\\\/vitablanca.ma\\\/produit\\\/ducray-keracnyl-repair-baume-levres-15ml\\\/\"]}]},{\"@type\":\"ImageObject\",\"inLanguage\":\"en-US\",\"@id\":\"https:\\\/\\\/vitablanca.ma\\\/produit\\\/ducray-keracnyl-repair-baume-levres-15ml\\\/#primaryimage\",\"url\":\"https:\\\/\\\/vitablanca.ma\\\/wp-content\\\/uploads\\\/2025\\\/06\\\/Ducray-KERACNYL-Repair-Baume-Levres-15ml-nova-parapharmacie-casablanca.jpg\",\"contentUrl\":\"https:\\\/\\\/vitablanca.ma\\\/wp-content\\\/uploads\\\/2025\\\/06\\\/Ducray-KERACNYL-Repair-Baume-Levres-15ml-nova-parapharmacie-casablanca.jpg\",\"width\":1000,\"height\":1000},{\"@type\":\"BreadcrumbList\",\"@id\":\"https:\\\/\\\/vitablanca.ma\\\/produit\\\/ducray-keracnyl-repair-baume-levres-15ml\\\/#breadcrumb\",\"itemListElement\":[{\"@type\":\"ListItem\",\"position\":1,\"name\":\"Home\",\"item\":\"https:\\\/\\\/vitablanca.ma\\\/\"},{\"@type\":\"ListItem\",\"position\":2,\"name\":\"Tous Les Produits\",\"item\":\"https:\\\/\\\/vitablanca.ma\\\/tous-les-produits\\\/\"},{\"@type\":\"ListItem\",\"position\":3,\"name\":\"Ducray KERACNYL Repair Baume L\u00e8vres 15ml\"}]},{\"@type\":\"WebSite\",\"@id\":\"https:\\\/\\\/vitablanca.ma\\\/#website\",\"url\":\"https:\\\/\\\/vitablanca.ma\\\/\",\"name\":\"VitaBlanca.ma | Compl\u00e9ments alimentaires, sant\u00e9 & beaut\u00e9 au Maroc\",\"description\":\"vendre vitamines et compl\u00e9ments premium des USA &amp; Canada, Nouvelle Z\u00e9lande,Maroc (NOW Foods, Solgar, Manuka). Livraison rapide partout au Maroc.\",\"publisher\":{\"@id\":\"https:\\\/\\\/vitablanca.ma\\\/#organization\"},\"alternateName\":\"VitaBlanca.ma\",\"potentialAction\":[{\"@type\":\"SearchAction\",\"target\":{\"@type\":\"EntryPoint\",\"urlTemplate\":\"https:\\\/\\\/vitablanca.ma\\\/?s={search_term_string}\"},\"query-input\":{\"@type\":\"PropertyValueSpecification\",\"valueRequired\":true,\"valueName\":\"search_term_string\"}}],\"inLanguage\":\"en-US\"},{\"@type\":\"Organization\",\"@id\":\"https:\\\/\\\/vitablanca.ma\\\/#organization\",\"name\":\"VitaBlanca\",\"url\":\"https:\\\/\\\/vitablanca.ma\\\/\",\"logo\":{\"@type\":\"ImageObject\",\"inLanguage\":\"en-US\",\"@id\":\"https:\\\/\\\/vitablanca.ma\\\/#\\\/schema\\\/logo\\\/image\\\/\",\"url\":\"https:\\\/\\\/vitablanca.ma\\\/wp-content\\\/uploads\\\/2025\\\/05\\\/cropped-vitablanca.png\",\"contentUrl\":\"https:\\\/\\\/vitablanca.ma\\\/wp-content\\\/uploads\\\/2025\\\/05\\\/cropped-vitablanca.png\",\"width\":360,\"height\":67,\"caption\":\"VitaBlanca\"},\"image\":{\"@id\":\"https:\\\/\\\/vitablanca.ma\\\/#\\\/schema\\\/logo\\\/image\\\/\"},\"sameAs\":[\"https:\\\/\\\/www.facebook.com\\\/profile.php?id=61576678196717\",\"https:\\\/\\\/www.tiktok.com\\\/@vitablanca.ma\",\"https:\\\/\\\/www.instagram.com\\\/vitablanca.ma\\\/\"]}]}<\/script>\n<!-- \/ Yoast SEO plugin. -->","yoast_head_json":{"title":"Ducray KERACNYL Repair Lip Balm 15ml - Morocco Price","description":"Ducray KERACNYL Repair Lip Balm 15ml","robots":{"index":"index","follow":"follow","max-snippet":"max-snippet:-1","max-image-preview":"max-image-preview:large","max-video-preview":"max-video-preview:-1"},"canonical":"https:\/\/vitablanca.ma\/en\/product\/ducray-keracnyl-repair-baume-levres-15ml\/","og_locale":"en_US","og_type":"article","og_title":"Ducray KERACNYL Repair Baume L\u00e8vres 15ml - Maroc Prix","og_description":"Ducray KERACNYL Repair Baume L\u00e8vres 15ml","og_url":"https:\/\/vitablanca.ma\/en\/product\/ducray-keracnyl-repair-baume-levres-15ml\/","og_site_name":"Vitablanca.ma &ndash; Sant&eacute;, vitalit&eacute; et bien-&ecirc;tre pour tous les Marocains","article_publisher":"https:\/\/www.facebook.com\/profile.php?id=61576678196717","og_image":[{"width":1000,"height":1000,"url":"https:\/\/vitablanca.ma\/wp-content\/uploads\/2025\/06\/Ducray-KERACNYL-Repair-Baume-Levres-15ml-nova-parapharmacie-casablanca.jpg","type":"image\/jpeg"}],"twitter_card":"summary_large_image","twitter_misc":{"Est. reading time":"1 minute"},"schema":{"@context":"https:\/\/schema.org","@graph":[{"@type":["WebPage","ItemPage"],"@id":"https:\/\/vitablanca.ma\/produit\/ducray-keracnyl-repair-baume-levres-15ml\/","url":"https:\/\/vitablanca.ma\/produit\/ducray-keracnyl-repair-baume-levres-15ml\/","name":"Ducray KERACNYL Repair Lip Balm 15ml - Morocco Price","isPartOf":{"@id":"https:\/\/vitablanca.ma\/#website"},"primaryImageOfPage":{"@id":"https:\/\/vitablanca.ma\/produit\/ducray-keracnyl-repair-baume-levres-15ml\/#primaryimage"},"image":{"@id":"https:\/\/vitablanca.ma\/produit\/ducray-keracnyl-repair-baume-levres-15ml\/#primaryimage"},"thumbnailUrl":"https:\/\/vitablanca.ma\/wp-content\/uploads\/2025\/06\/Ducray-KERACNYL-Repair-Baume-Levres-15ml-nova-parapharmacie-casablanca.jpg","datePublished":"2025-06-10T17:07:44+00:00","description":"Ducray KERACNYL Repair Lip Balm 15ml","breadcrumb":{"@id":"https:\/\/vitablanca.ma\/produit\/ducray-keracnyl-repair-baume-levres-15ml\/#breadcrumb"},"inLanguage":"en-US","potentialAction":[{"@type":"ReadAction","target":["https:\/\/vitablanca.ma\/produit\/ducray-keracnyl-repair-baume-levres-15ml\/"]}]},{"@type":"ImageObject","inLanguage":"en-US","@id":"https:\/\/vitablanca.ma\/produit\/ducray-keracnyl-repair-baume-levres-15ml\/#primaryimage","url":"https:\/\/vitablanca.ma\/wp-content\/uploads\/2025\/06\/Ducray-KERACNYL-Repair-Baume-Levres-15ml-nova-parapharmacie-casablanca.jpg","contentUrl":"https:\/\/vitablanca.ma\/wp-content\/uploads\/2025\/06\/Ducray-KERACNYL-Repair-Baume-Levres-15ml-nova-parapharmacie-casablanca.jpg","width":1000,"height":1000},{"@type":"BreadcrumbList","@id":"https:\/\/vitablanca.ma\/produit\/ducray-keracnyl-repair-baume-levres-15ml\/#breadcrumb","itemListElement":[{"@type":"ListItem","position":1,"name":"Home","item":"https:\/\/vitablanca.ma\/"},{"@type":"ListItem","position":2,"name":"Tous Les Produits","item":"https:\/\/vitablanca.ma\/tous-les-produits\/"},{"@type":"ListItem","position":3,"name":"Ducray KERACNYL Repair Baume L\u00e8vres 15ml"}]},{"@type":"WebSite","@id":"https:\/\/vitablanca.ma\/#website","url":"https:\/\/vitablanca.ma\/","name":"VitaBlanca.ma | Food supplements, health &amp; beauty in Morocco","description":"sell premium vitamins and supplements from USA &amp; Canada, New Zealand, Morocco (NOW Foods, Solgar, Manuka). Fast delivery anywhere in Morocco.","publisher":{"@id":"https:\/\/vitablanca.ma\/#organization"},"alternateName":"VitaBlanca.ma","potentialAction":[{"@type":"SearchAction","target":{"@type":"EntryPoint","urlTemplate":"https:\/\/vitablanca.ma\/?s={search_term_string}"},"query-input":{"@type":"PropertyValueSpecification","valueRequired":true,"valueName":"search_term_string"}}],"inLanguage":"en-US"},{"@type":"Organization","@id":"https:\/\/vitablanca.ma\/#organization","name":"VitaBlanca","url":"https:\/\/vitablanca.ma\/","logo":{"@type":"ImageObject","inLanguage":"en-US","@id":"https:\/\/vitablanca.ma\/#\/schema\/logo\/image\/","url":"https:\/\/vitablanca.ma\/wp-content\/uploads\/2025\/05\/cropped-vitablanca.png","contentUrl":"https:\/\/vitablanca.ma\/wp-content\/uploads\/2025\/05\/cropped-vitablanca.png","width":360,"height":67,"caption":"VitaBlanca"},"image":{"@id":"https:\/\/vitablanca.ma\/#\/schema\/logo\/image\/"},"sameAs":["https:\/\/www.facebook.com\/profile.php?id=61576678196717","https:\/\/www.tiktok.com\/@vitablanca.ma","https:\/\/www.instagram.com\/vitablanca.ma\/"]}]}},"jetpack_sharing_enabled":true,"_links":{"self":[{"href":"https:\/\/vitablanca.ma\/en\/wp-json\/wp\/v2\/product\/17765","targetHints":{"allow":["GET"]}}],"collection":[{"href":"https:\/\/vitablanca.ma\/en\/wp-json\/wp\/v2\/product"}],"about":[{"href":"https:\/\/vitablanca.ma\/en\/wp-json\/wp\/v2\/types\/product"}],"wp:featuredmedia":[{"embeddable":true,"href":"https:\/\/vitablanca.ma\/en\/wp-json\/wp\/v2\/media\/17759"}],"wp:attachment":[{"href":"https:\/\/vitablanca.ma\/en\/wp-json\/wp\/v2\/media?parent=17765"}],"wp:term":[{"taxonomy":"product_brand","embeddable":true,"href":"https:\/\/vitablanca.ma\/en\/wp-json\/wp\/v2\/product_brand?post=17765"},{"taxonomy":"product_cat","embeddable":true,"href":"https:\/\/vitablanca.ma\/en\/wp-json\/wp\/v2\/product_cat?post=17765"},{"taxonomy":"product_tag","embeddable":true,"href":"https:\/\/vitablanca.ma\/en\/wp-json\/wp\/v2\/product_tag?post=17765"}],"curies":[{"name":"wp","href":"https:\/\/api.w.org\/{rel}","templated":true}]}}