{"id":17734,"date":"2025-06-10T17:06:28","date_gmt":"2025-06-10T17:06:28","guid":{"rendered":"https:\/\/vitablanca.ma\/product\/eucerin-urearepair-creme-visage-5-duree-50ml\/"},"modified":"2026-01-21T23:25:21","modified_gmt":"2026-01-21T23:25:21","slug":"eucerin-urearepair-creme-visage-5-duree-50ml","status":"publish","type":"product","link":"https:\/\/vitablanca.ma\/en\/product\/eucerin-urearepair-creme-visage-5-duree-50ml\/","title":{"rendered":"Eucerin UreaRepair Face Cream 5% Urea 50ml"},"content":{"rendered":"<h2>Eucerin UreaRepair Face Cream 5% Urea.<\/h2>\n<p class=\"hdl-3\">Intensely hydrating, lightweight treatment for dry to very dry skin<\/p>\n<div class=\"text\">\n<p>This lightweight face cream for dry to very dry skin instantly hydrates, soothes tightness and leaves skin soft and supple.<br \/>50ml.<\/p>\n<h3 class=\"uk-accordion-title\" data-mce-href=\"#\">About Moisturizing Face Cream<\/h3>\n<div class=\"uk-accordion-content\">\n<section class=\"eucerin-cp cp-text right\">\n<div class=\"text\">\n<p>EUCERIN UreaRepair Face Cream 5% is a light and gentle daily moisturizer designed for dry to very dry skin that feels tight. Enriched with<span>\u00a0<\/span>urea<span>\u00a0<\/span>and in<span>\u00a0<\/span>lactate, two elements naturally present in the skin that increase the skin&#039;s ability to retain water, it instantly hydrates the<span>\u00a0<\/span>dry facial skin<span>\u00a0<\/span>by reducing the feeling of tightness to leave the skin soft and supple. Roughness is also often due to dehydration: EUCERIN UreaRepair Face Cream 5% urea softens the skin and maintains skin moisture. This product is ideal for application before makeup or after shaving.<\/p>\n<section class=\"eucerin-cp cp-text right\">\n<h3 class=\"hdl-3\">Main conclusions<\/h3>\n<div class=\"text\">\n<ul>\n<li>Significantly improved skin hydration after just 1 week, compared to untreated skin<\/li>\n<li>Gradual decrease in hydration after stopping application<\/li>\n<li>Significant reduction in skin dryness after just 1 week, compared to untreated skin<\/li>\n<li>The reduction in roughness was maintained throughout the treatment<\/li>\n<li>No side effects were noticed<\/li>\n<\/ul>\n<\/div>\n<\/section>\n<section class=\"eucerin-cp cp-text right\">\n<h3 class=\"hdl-3\">Properties<\/h3>\n<div class=\"text\">\n<section class=\"eucerin-cp cp-image\"><\/section>\n<ul>\n<li>without colorings<\/li>\n<li>fragrance-free<\/li>\n<li>non-comedogenic<\/li>\n<\/ul>\n<h3 class=\"hdl-3\">Directions for use<\/h3>\n<div class=\"text\">\n<section class=\"eucerin-cp cp-image\"><\/section>\n<ul>\n<li>Start by cleansing your face, then pat dry.<\/li>\n<li>Gently massage the cream onto your face and neck.<\/li>\n<\/ul>\n<p>\u00a0<\/p>\n<\/div>\n<\/div>\n<\/section>\n<\/div>\n<\/section>\n<\/div>\n<\/div>","protected":false},"excerpt":{"rendered":"<p>Eucerin UreaRepair Cr\u00e8me Visage 5% d&rsquo;Ur\u00e9e. Soin l\u00e9ger intens\u00e9ment hydratant pour les peaux s\u00e8ches \u00e0 tr\u00e8s s\u00e8ches Cette cr\u00e8me visage l\u00e9g\u00e8re pour les peaux s\u00e8ches \u00e0 tr\u00e8s s\u00e8ches hydrate instantan\u00e9ment, apaise les tiraillements et laisse la peau douce et souple.50ml. \u00c0 propos de Cr\u00e8me visage hydratante EUCERIN UreaRepair Cr\u00e8me Visage 5% d&rsquo;ur\u00e9e est un hydratant [&hellip;]<\/p>\n","protected":false},"featured_media":17733,"template":"","meta":{"om_disable_all_campaigns":false},"product_brand":[5994],"product_cat":[18,15],"product_tag":[],"class_list":{"0":"post-17734","1":"product","2":"type-product","3":"status-publish","4":"has-post-thumbnail","6":"product_brand-eucerin-maroc-prix","7":"product_cat-beaute-sante","8":"product_cat-beaute-sante-complements-alimentaires-soins-et-bien-etre-au-meilleur-prix","10":"first","11":"instock","12":"sale","13":"taxable","14":"shipping-taxable","15":"purchasable","16":"product-type-simple"},"yoast_head":"<!-- This site is optimized with the Yoast SEO plugin v27.3 - https:\/\/yoast.com\/product\/yoast-seo-wordpress\/ -->\n<title>Eucerin UreaRepair Cr\u00e8me Visage 5% d&#039;Ur\u00e9e 50ml - Maroc Prix<\/title>\n<meta name=\"description\" content=\"Eucerin UreaRepair Cr\u00e8me Visage 5% d&#039;Ur\u00e9e 50ml\" \/>\n<meta name=\"robots\" content=\"index, follow, max-snippet:-1, max-image-preview:large, max-video-preview:-1\" \/>\n<link rel=\"canonical\" href=\"https:\/\/vitablanca.ma\/en\/product\/eucerin-urearepair-creme-visage-5-duree-50ml\/\" \/>\n<meta property=\"og:locale\" content=\"en_US\" \/>\n<meta property=\"og:type\" content=\"article\" \/>\n<meta property=\"og:title\" content=\"Eucerin UreaRepair Cr\u00e8me Visage 5% d&#039;Ur\u00e9e 50ml - Maroc Prix\" \/>\n<meta property=\"og:description\" content=\"Eucerin UreaRepair Cr\u00e8me Visage 5% d&#039;Ur\u00e9e 50ml\" \/>\n<meta property=\"og:url\" content=\"https:\/\/vitablanca.ma\/en\/product\/eucerin-urearepair-creme-visage-5-duree-50ml\/\" \/>\n<meta property=\"og:site_name\" content=\"Vitablanca.ma &ndash; Sant&eacute;, vitalit&eacute; et bien-&ecirc;tre pour tous les Marocains\" \/>\n<meta property=\"article:publisher\" content=\"https:\/\/www.facebook.com\/profile.php?id=61576678196717\" \/>\n<meta property=\"article:modified_time\" content=\"2026-01-21T23:25:21+00:00\" \/>\n<meta property=\"og:image\" content=\"https:\/\/vitablanca.ma\/wp-content\/uploads\/2025\/06\/Eucerin-UreaRepair-Creme-Visage-5_-d_Uree-50ml-nova-parapharmacie-maroc.jpg\" \/>\n\t<meta property=\"og:image:width\" content=\"1000\" \/>\n\t<meta property=\"og:image:height\" content=\"1000\" \/>\n\t<meta property=\"og:image:type\" content=\"image\/jpeg\" \/>\n<meta name=\"twitter:card\" content=\"summary_large_image\" \/>\n<meta name=\"twitter:label1\" content=\"Est. reading time\" \/>\n\t<meta name=\"twitter:data1\" content=\"1 minute\" \/>\n<script type=\"application\/ld+json\" class=\"yoast-schema-graph\">{\"@context\":\"https:\\\/\\\/schema.org\",\"@graph\":[{\"@type\":[\"WebPage\",\"ItemPage\"],\"@id\":\"https:\\\/\\\/vitablanca.ma\\\/produit\\\/eucerin-urearepair-creme-visage-5-duree-50ml\\\/\",\"url\":\"https:\\\/\\\/vitablanca.ma\\\/produit\\\/eucerin-urearepair-creme-visage-5-duree-50ml\\\/\",\"name\":\"Eucerin UreaRepair Cr\u00e8me Visage 5% d'Ur\u00e9e 50ml - Maroc Prix\",\"isPartOf\":{\"@id\":\"https:\\\/\\\/vitablanca.ma\\\/#website\"},\"primaryImageOfPage\":{\"@id\":\"https:\\\/\\\/vitablanca.ma\\\/produit\\\/eucerin-urearepair-creme-visage-5-duree-50ml\\\/#primaryimage\"},\"image\":{\"@id\":\"https:\\\/\\\/vitablanca.ma\\\/produit\\\/eucerin-urearepair-creme-visage-5-duree-50ml\\\/#primaryimage\"},\"thumbnailUrl\":\"https:\\\/\\\/vitablanca.ma\\\/wp-content\\\/uploads\\\/2025\\\/06\\\/Eucerin-UreaRepair-Creme-Visage-5_-d_Uree-50ml-nova-parapharmacie-maroc.jpg\",\"datePublished\":\"2025-06-10T17:06:28+00:00\",\"dateModified\":\"2026-01-21T23:25:21+00:00\",\"description\":\"Eucerin UreaRepair Cr\u00e8me Visage 5% d'Ur\u00e9e 50ml\",\"breadcrumb\":{\"@id\":\"https:\\\/\\\/vitablanca.ma\\\/produit\\\/eucerin-urearepair-creme-visage-5-duree-50ml\\\/#breadcrumb\"},\"inLanguage\":\"en-US\",\"potentialAction\":[{\"@type\":\"ReadAction\",\"target\":[\"https:\\\/\\\/vitablanca.ma\\\/produit\\\/eucerin-urearepair-creme-visage-5-duree-50ml\\\/\"]}]},{\"@type\":\"ImageObject\",\"inLanguage\":\"en-US\",\"@id\":\"https:\\\/\\\/vitablanca.ma\\\/produit\\\/eucerin-urearepair-creme-visage-5-duree-50ml\\\/#primaryimage\",\"url\":\"https:\\\/\\\/vitablanca.ma\\\/wp-content\\\/uploads\\\/2025\\\/06\\\/Eucerin-UreaRepair-Creme-Visage-5_-d_Uree-50ml-nova-parapharmacie-maroc.jpg\",\"contentUrl\":\"https:\\\/\\\/vitablanca.ma\\\/wp-content\\\/uploads\\\/2025\\\/06\\\/Eucerin-UreaRepair-Creme-Visage-5_-d_Uree-50ml-nova-parapharmacie-maroc.jpg\",\"width\":1000,\"height\":1000},{\"@type\":\"BreadcrumbList\",\"@id\":\"https:\\\/\\\/vitablanca.ma\\\/produit\\\/eucerin-urearepair-creme-visage-5-duree-50ml\\\/#breadcrumb\",\"itemListElement\":[{\"@type\":\"ListItem\",\"position\":1,\"name\":\"Home\",\"item\":\"https:\\\/\\\/vitablanca.ma\\\/\"},{\"@type\":\"ListItem\",\"position\":2,\"name\":\"Tous Les Produits\",\"item\":\"https:\\\/\\\/vitablanca.ma\\\/tous-les-produits\\\/\"},{\"@type\":\"ListItem\",\"position\":3,\"name\":\"Eucerin UreaRepair Cr\u00e8me Visage 5% d&#8217;Ur\u00e9e 50ml\"}]},{\"@type\":\"WebSite\",\"@id\":\"https:\\\/\\\/vitablanca.ma\\\/#website\",\"url\":\"https:\\\/\\\/vitablanca.ma\\\/\",\"name\":\"VitaBlanca.ma | Compl\u00e9ments alimentaires, sant\u00e9 & beaut\u00e9 au Maroc\",\"description\":\"vendre vitamines et compl\u00e9ments premium des USA &amp; Canada, Nouvelle Z\u00e9lande,Maroc (NOW Foods, Solgar, Manuka). Livraison rapide partout au Maroc.\",\"publisher\":{\"@id\":\"https:\\\/\\\/vitablanca.ma\\\/#organization\"},\"alternateName\":\"VitaBlanca.ma\",\"potentialAction\":[{\"@type\":\"SearchAction\",\"target\":{\"@type\":\"EntryPoint\",\"urlTemplate\":\"https:\\\/\\\/vitablanca.ma\\\/?s={search_term_string}\"},\"query-input\":{\"@type\":\"PropertyValueSpecification\",\"valueRequired\":true,\"valueName\":\"search_term_string\"}}],\"inLanguage\":\"en-US\"},{\"@type\":\"Organization\",\"@id\":\"https:\\\/\\\/vitablanca.ma\\\/#organization\",\"name\":\"VitaBlanca\",\"url\":\"https:\\\/\\\/vitablanca.ma\\\/\",\"logo\":{\"@type\":\"ImageObject\",\"inLanguage\":\"en-US\",\"@id\":\"https:\\\/\\\/vitablanca.ma\\\/#\\\/schema\\\/logo\\\/image\\\/\",\"url\":\"https:\\\/\\\/vitablanca.ma\\\/wp-content\\\/uploads\\\/2025\\\/05\\\/cropped-vitablanca.png\",\"contentUrl\":\"https:\\\/\\\/vitablanca.ma\\\/wp-content\\\/uploads\\\/2025\\\/05\\\/cropped-vitablanca.png\",\"width\":360,\"height\":67,\"caption\":\"VitaBlanca\"},\"image\":{\"@id\":\"https:\\\/\\\/vitablanca.ma\\\/#\\\/schema\\\/logo\\\/image\\\/\"},\"sameAs\":[\"https:\\\/\\\/www.facebook.com\\\/profile.php?id=61576678196717\",\"https:\\\/\\\/www.tiktok.com\\\/@vitablanca.ma\",\"https:\\\/\\\/www.instagram.com\\\/vitablanca.ma\\\/\"]}]}<\/script>\n<!-- \/ Yoast SEO plugin. -->","yoast_head_json":{"title":"Eucerin UreaRepair Face Cream 5% Urea 50ml - Morocco Price","description":"Eucerin UreaRepair Face Cream 5% Urea 50ml","robots":{"index":"index","follow":"follow","max-snippet":"max-snippet:-1","max-image-preview":"max-image-preview:large","max-video-preview":"max-video-preview:-1"},"canonical":"https:\/\/vitablanca.ma\/en\/product\/eucerin-urearepair-creme-visage-5-duree-50ml\/","og_locale":"en_US","og_type":"article","og_title":"Eucerin UreaRepair Cr\u00e8me Visage 5% d'Ur\u00e9e 50ml - Maroc Prix","og_description":"Eucerin UreaRepair Cr\u00e8me Visage 5% d'Ur\u00e9e 50ml","og_url":"https:\/\/vitablanca.ma\/en\/product\/eucerin-urearepair-creme-visage-5-duree-50ml\/","og_site_name":"Vitablanca.ma &ndash; Sant&eacute;, vitalit&eacute; et bien-&ecirc;tre pour tous les Marocains","article_publisher":"https:\/\/www.facebook.com\/profile.php?id=61576678196717","article_modified_time":"2026-01-21T23:25:21+00:00","og_image":[{"width":1000,"height":1000,"url":"https:\/\/vitablanca.ma\/wp-content\/uploads\/2025\/06\/Eucerin-UreaRepair-Creme-Visage-5_-d_Uree-50ml-nova-parapharmacie-maroc.jpg","type":"image\/jpeg"}],"twitter_card":"summary_large_image","twitter_misc":{"Est. reading time":"1 minute"},"schema":{"@context":"https:\/\/schema.org","@graph":[{"@type":["WebPage","ItemPage"],"@id":"https:\/\/vitablanca.ma\/produit\/eucerin-urearepair-creme-visage-5-duree-50ml\/","url":"https:\/\/vitablanca.ma\/produit\/eucerin-urearepair-creme-visage-5-duree-50ml\/","name":"Eucerin UreaRepair Face Cream 5% Urea 50ml - Morocco Price","isPartOf":{"@id":"https:\/\/vitablanca.ma\/#website"},"primaryImageOfPage":{"@id":"https:\/\/vitablanca.ma\/produit\/eucerin-urearepair-creme-visage-5-duree-50ml\/#primaryimage"},"image":{"@id":"https:\/\/vitablanca.ma\/produit\/eucerin-urearepair-creme-visage-5-duree-50ml\/#primaryimage"},"thumbnailUrl":"https:\/\/vitablanca.ma\/wp-content\/uploads\/2025\/06\/Eucerin-UreaRepair-Creme-Visage-5_-d_Uree-50ml-nova-parapharmacie-maroc.jpg","datePublished":"2025-06-10T17:06:28+00:00","dateModified":"2026-01-21T23:25:21+00:00","description":"Eucerin UreaRepair Face Cream 5% Urea 50ml","breadcrumb":{"@id":"https:\/\/vitablanca.ma\/produit\/eucerin-urearepair-creme-visage-5-duree-50ml\/#breadcrumb"},"inLanguage":"en-US","potentialAction":[{"@type":"ReadAction","target":["https:\/\/vitablanca.ma\/produit\/eucerin-urearepair-creme-visage-5-duree-50ml\/"]}]},{"@type":"ImageObject","inLanguage":"en-US","@id":"https:\/\/vitablanca.ma\/produit\/eucerin-urearepair-creme-visage-5-duree-50ml\/#primaryimage","url":"https:\/\/vitablanca.ma\/wp-content\/uploads\/2025\/06\/Eucerin-UreaRepair-Creme-Visage-5_-d_Uree-50ml-nova-parapharmacie-maroc.jpg","contentUrl":"https:\/\/vitablanca.ma\/wp-content\/uploads\/2025\/06\/Eucerin-UreaRepair-Creme-Visage-5_-d_Uree-50ml-nova-parapharmacie-maroc.jpg","width":1000,"height":1000},{"@type":"BreadcrumbList","@id":"https:\/\/vitablanca.ma\/produit\/eucerin-urearepair-creme-visage-5-duree-50ml\/#breadcrumb","itemListElement":[{"@type":"ListItem","position":1,"name":"Home","item":"https:\/\/vitablanca.ma\/"},{"@type":"ListItem","position":2,"name":"Tous Les Produits","item":"https:\/\/vitablanca.ma\/tous-les-produits\/"},{"@type":"ListItem","position":3,"name":"Eucerin UreaRepair Cr\u00e8me Visage 5% d&#8217;Ur\u00e9e 50ml"}]},{"@type":"WebSite","@id":"https:\/\/vitablanca.ma\/#website","url":"https:\/\/vitablanca.ma\/","name":"VitaBlanca.ma | Food supplements, health &amp; beauty in Morocco","description":"sell premium vitamins and supplements from USA &amp; Canada, New Zealand, Morocco (NOW Foods, Solgar, Manuka). Fast delivery anywhere in Morocco.","publisher":{"@id":"https:\/\/vitablanca.ma\/#organization"},"alternateName":"VitaBlanca.ma","potentialAction":[{"@type":"SearchAction","target":{"@type":"EntryPoint","urlTemplate":"https:\/\/vitablanca.ma\/?s={search_term_string}"},"query-input":{"@type":"PropertyValueSpecification","valueRequired":true,"valueName":"search_term_string"}}],"inLanguage":"en-US"},{"@type":"Organization","@id":"https:\/\/vitablanca.ma\/#organization","name":"VitaBlanca","url":"https:\/\/vitablanca.ma\/","logo":{"@type":"ImageObject","inLanguage":"en-US","@id":"https:\/\/vitablanca.ma\/#\/schema\/logo\/image\/","url":"https:\/\/vitablanca.ma\/wp-content\/uploads\/2025\/05\/cropped-vitablanca.png","contentUrl":"https:\/\/vitablanca.ma\/wp-content\/uploads\/2025\/05\/cropped-vitablanca.png","width":360,"height":67,"caption":"VitaBlanca"},"image":{"@id":"https:\/\/vitablanca.ma\/#\/schema\/logo\/image\/"},"sameAs":["https:\/\/www.facebook.com\/profile.php?id=61576678196717","https:\/\/www.tiktok.com\/@vitablanca.ma","https:\/\/www.instagram.com\/vitablanca.ma\/"]}]}},"jetpack_sharing_enabled":true,"_links":{"self":[{"href":"https:\/\/vitablanca.ma\/en\/wp-json\/wp\/v2\/product\/17734","targetHints":{"allow":["GET"]}}],"collection":[{"href":"https:\/\/vitablanca.ma\/en\/wp-json\/wp\/v2\/product"}],"about":[{"href":"https:\/\/vitablanca.ma\/en\/wp-json\/wp\/v2\/types\/product"}],"wp:featuredmedia":[{"embeddable":true,"href":"https:\/\/vitablanca.ma\/en\/wp-json\/wp\/v2\/media\/17733"}],"wp:attachment":[{"href":"https:\/\/vitablanca.ma\/en\/wp-json\/wp\/v2\/media?parent=17734"}],"wp:term":[{"taxonomy":"product_brand","embeddable":true,"href":"https:\/\/vitablanca.ma\/en\/wp-json\/wp\/v2\/product_brand?post=17734"},{"taxonomy":"product_cat","embeddable":true,"href":"https:\/\/vitablanca.ma\/en\/wp-json\/wp\/v2\/product_cat?post=17734"},{"taxonomy":"product_tag","embeddable":true,"href":"https:\/\/vitablanca.ma\/en\/wp-json\/wp\/v2\/product_tag?post=17734"}],"curies":[{"name":"wp","href":"https:\/\/api.w.org\/{rel}","templated":true}]}}