{"id":17718,"date":"2025-06-10T17:06:11","date_gmt":"2025-06-10T17:06:11","guid":{"rendered":"https:\/\/vitablanca.ma\/product\/eucerin-hyaluron-filler-elasticity-soin-de-nuit-50-ml\/"},"modified":"2026-01-21T23:25:21","modified_gmt":"2026-01-21T23:25:21","slug":"eucerin-hyaluron-filler-elasticity-soin-de-nuit-50-ml","status":"publish","type":"product","link":"https:\/\/vitablanca.ma\/en\/product\/eucerin-hyaluron-filler-elasticity-soin-de-nuit-50-ml\/","title":{"rendered":"Eucerin HYALURON-FILLER + ELASTICITY Night Cream 50 ml"},"content":{"rendered":"<h2 data-mce-fragment=\"1\">Eucerin HYALURON-FILLER + ELASTICITY Night Care.<\/h2>\n<p class=\"hdl-3\" data-mce-fragment=\"1\">A rich night treatment for mature skin<br data-mce-fragment=\"1\">Strengthens the skin&#039;s structure by improving its elasticity and filling in wrinkles, even deep ones.<br data-mce-fragment=\"1\">50ml.<\/p>\n<h2 class=\"uk-accordion-title\" data-mce-fragment=\"1\">About Hyaluronic Night Care<\/h2>\n<div class=\"uk-accordion-content\" data-mce-fragment=\"1\">\n<section class=\"eucerin-cp cp-text right\" data-mce-fragment=\"1\">\n<div class=\"text\" data-mce-fragment=\"1\">\n<p data-mce-fragment=\"1\">EUCERIN HYALURON-FILLER + ELASTICITY Night Care strengthens the skin&#039;s structure by improving its elasticity and fills in the<span data-mce-fragment=\"1\">\u00a0<\/span>wrinkles.<br data-mce-fragment=\"1\"><br data-mce-fragment=\"1\">Its unique and innovative formula provides multiple anti-aging benefits thanks to the presence of carefully selected active ingredients. After use, the skin is firmer, visibly fresher and more radiant, and wrinkles are filled.<br data-mce-fragment=\"1\"><br data-mce-fragment=\"1\">The formula contains Arctiin<span data-mce-fragment=\"1\">\u00a0<\/span>(an active ingredient that accelerates the renewal of collagen in skin cells), which works in combination with the<span data-mce-fragment=\"1\">\u00a0<\/span>Silymarin<span data-mce-fragment=\"1\">\u00a0<\/span>(a powerful antioxidant that protects collagen and elastin from degradation and improves skin circulation at the cellular level). The formula also contains Hyaluronic Acid<span data-mce-fragment=\"1\">\u00a0<\/span>low and high molecular weight to visibly fill wrinkles.<\/p>\n<h3 class=\"hdl-3\" data-mce-fragment=\"1\">Properties<\/h3>\n<div class=\"text\" data-mce-fragment=\"1\">\n<section class=\"eucerin-cp cp-image\" data-mce-fragment=\"1\"><\/section>\n<ul data-mce-fragment=\"1\">\n<li data-mce-fragment=\"1\">rich texture<\/li>\n<li data-mce-fragment=\"1\">non-comedogenic<\/li>\n<li data-mce-fragment=\"1\">lightly scented<\/li>\n<\/ul>\n<h3 class=\"hdl-3\" data-mce-fragment=\"1\">Directions for use<\/h3>\n<div class=\"text\" data-mce-fragment=\"1\">\n<ul data-mce-fragment=\"1\">\n<li data-mce-fragment=\"1\">Apply in the evening to the face, neck and d\u00e9collet\u00e9, after cleansing thoroughly.<\/li>\n<li data-mce-fragment=\"1\">Massage gently into the skin<\/li>\n<li data-mce-fragment=\"1\">Avoid contact with eyes<\/li>\n<li data-mce-fragment=\"1\">Eucerin recommends using EUCERIN HYALURON-FILLER + ELASTICITY Night Cream every day in combination with<span data-mce-fragment=\"1\">\u00a0<\/span>EUCERIN ELASTICITY + FILLER Facial Care Oil.<\/li>\n<li data-mce-fragment=\"1\">In the morning, use preferably<span data-mce-fragment=\"1\">\u00a0<\/span>EUCERIN HYALURON-FILLER + ELASTICITY Day Care<span data-mce-fragment=\"1\">\u00a0<\/span>as a treatment.<\/li>\n<\/ul>\n<\/div>\n<\/div>\n<\/div>\n<\/section>\n<\/div>","protected":false},"excerpt":{"rendered":"<p>Eucerin HYALURON-FILLER + ELASTICITY Soin de Nuit. Un soin de nuit riche pour les peaux maturesRenforce la structure de la peau en am\u00e9liorant son \u00e9lasticit\u00e9 et en comblant les rides, m\u00eame profondes.50ml. \u00c0 propos de Soin de nuit hyaluronique EUCERIN HYALURON-FILLER + ELASTICITY Soin de Nuit renforce la structure de la peau en am\u00e9liorant son [&hellip;]<\/p>\n","protected":false},"featured_media":17710,"template":"","meta":{"om_disable_all_campaigns":false},"product_brand":[5994],"product_cat":[18,15],"product_tag":[],"class_list":{"0":"post-17718","1":"product","2":"type-product","3":"status-publish","4":"has-post-thumbnail","6":"product_brand-eucerin-maroc-prix","7":"product_cat-beaute-sante","8":"product_cat-beaute-sante-complements-alimentaires-soins-et-bien-etre-au-meilleur-prix","10":"first","11":"instock","12":"sale","13":"taxable","14":"shipping-taxable","15":"purchasable","16":"product-type-simple"},"yoast_head":"<!-- This site is optimized with the Yoast SEO plugin v27.3 - https:\/\/yoast.com\/product\/yoast-seo-wordpress\/ -->\n<title>Eucerin HYALURON-FILLER + ELASTICITY Soin de Nuit 50 ml - Maroc Prix<\/title>\n<meta name=\"description\" content=\"Eucerin HYALURON-FILLER + ELASTICITY Soin de Nuit 50 ml\" \/>\n<meta name=\"robots\" content=\"index, follow, max-snippet:-1, max-image-preview:large, max-video-preview:-1\" \/>\n<link rel=\"canonical\" href=\"https:\/\/vitablanca.ma\/en\/product\/eucerin-hyaluron-filler-elasticity-soin-de-nuit-50-ml\/\" \/>\n<meta property=\"og:locale\" content=\"en_US\" \/>\n<meta property=\"og:type\" content=\"article\" \/>\n<meta property=\"og:title\" content=\"Eucerin HYALURON-FILLER + ELASTICITY Soin de Nuit 50 ml - Maroc Prix\" \/>\n<meta property=\"og:description\" content=\"Eucerin HYALURON-FILLER + ELASTICITY Soin de Nuit 50 ml\" \/>\n<meta property=\"og:url\" content=\"https:\/\/vitablanca.ma\/en\/product\/eucerin-hyaluron-filler-elasticity-soin-de-nuit-50-ml\/\" \/>\n<meta property=\"og:site_name\" content=\"Vitablanca.ma &ndash; Sant&eacute;, vitalit&eacute; et bien-&ecirc;tre pour tous les Marocains\" \/>\n<meta property=\"article:publisher\" content=\"https:\/\/www.facebook.com\/profile.php?id=61576678196717\" \/>\n<meta property=\"article:modified_time\" content=\"2026-01-21T23:25:21+00:00\" \/>\n<meta property=\"og:image\" content=\"https:\/\/vitablanca.ma\/wp-content\/uploads\/2025\/06\/eucerin-hyaluron-filler-elasticity-soin-de-nuit-50ml-parapharmacie-enligne-prix-maroc.jpg\" \/>\n\t<meta property=\"og:image:width\" content=\"800\" \/>\n\t<meta property=\"og:image:height\" content=\"800\" \/>\n\t<meta property=\"og:image:type\" content=\"image\/jpeg\" \/>\n<meta name=\"twitter:card\" content=\"summary_large_image\" \/>\n<meta name=\"twitter:label1\" content=\"Est. reading time\" \/>\n\t<meta name=\"twitter:data1\" content=\"1 minute\" \/>\n<script type=\"application\/ld+json\" class=\"yoast-schema-graph\">{\"@context\":\"https:\\\/\\\/schema.org\",\"@graph\":[{\"@type\":[\"WebPage\",\"ItemPage\"],\"@id\":\"https:\\\/\\\/vitablanca.ma\\\/produit\\\/eucerin-hyaluron-filler-elasticity-soin-de-nuit-50-ml\\\/\",\"url\":\"https:\\\/\\\/vitablanca.ma\\\/produit\\\/eucerin-hyaluron-filler-elasticity-soin-de-nuit-50-ml\\\/\",\"name\":\"Eucerin HYALURON-FILLER + ELASTICITY Soin de Nuit 50 ml - Maroc Prix\",\"isPartOf\":{\"@id\":\"https:\\\/\\\/vitablanca.ma\\\/#website\"},\"primaryImageOfPage\":{\"@id\":\"https:\\\/\\\/vitablanca.ma\\\/produit\\\/eucerin-hyaluron-filler-elasticity-soin-de-nuit-50-ml\\\/#primaryimage\"},\"image\":{\"@id\":\"https:\\\/\\\/vitablanca.ma\\\/produit\\\/eucerin-hyaluron-filler-elasticity-soin-de-nuit-50-ml\\\/#primaryimage\"},\"thumbnailUrl\":\"https:\\\/\\\/vitablanca.ma\\\/wp-content\\\/uploads\\\/2025\\\/06\\\/eucerin-hyaluron-filler-elasticity-soin-de-nuit-50ml-parapharmacie-enligne-prix-maroc.jpg\",\"datePublished\":\"2025-06-10T17:06:11+00:00\",\"dateModified\":\"2026-01-21T23:25:21+00:00\",\"description\":\"Eucerin HYALURON-FILLER + ELASTICITY Soin de Nuit 50 ml\",\"breadcrumb\":{\"@id\":\"https:\\\/\\\/vitablanca.ma\\\/produit\\\/eucerin-hyaluron-filler-elasticity-soin-de-nuit-50-ml\\\/#breadcrumb\"},\"inLanguage\":\"en-US\",\"potentialAction\":[{\"@type\":\"ReadAction\",\"target\":[\"https:\\\/\\\/vitablanca.ma\\\/produit\\\/eucerin-hyaluron-filler-elasticity-soin-de-nuit-50-ml\\\/\"]}]},{\"@type\":\"ImageObject\",\"inLanguage\":\"en-US\",\"@id\":\"https:\\\/\\\/vitablanca.ma\\\/produit\\\/eucerin-hyaluron-filler-elasticity-soin-de-nuit-50-ml\\\/#primaryimage\",\"url\":\"https:\\\/\\\/vitablanca.ma\\\/wp-content\\\/uploads\\\/2025\\\/06\\\/eucerin-hyaluron-filler-elasticity-soin-de-nuit-50ml-parapharmacie-enligne-prix-maroc.jpg\",\"contentUrl\":\"https:\\\/\\\/vitablanca.ma\\\/wp-content\\\/uploads\\\/2025\\\/06\\\/eucerin-hyaluron-filler-elasticity-soin-de-nuit-50ml-parapharmacie-enligne-prix-maroc.jpg\",\"width\":800,\"height\":800},{\"@type\":\"BreadcrumbList\",\"@id\":\"https:\\\/\\\/vitablanca.ma\\\/produit\\\/eucerin-hyaluron-filler-elasticity-soin-de-nuit-50-ml\\\/#breadcrumb\",\"itemListElement\":[{\"@type\":\"ListItem\",\"position\":1,\"name\":\"Home\",\"item\":\"https:\\\/\\\/vitablanca.ma\\\/\"},{\"@type\":\"ListItem\",\"position\":2,\"name\":\"Tous Les Produits\",\"item\":\"https:\\\/\\\/vitablanca.ma\\\/tous-les-produits\\\/\"},{\"@type\":\"ListItem\",\"position\":3,\"name\":\"Eucerin HYALURON-FILLER + ELASTICITY Soin de Nuit 50 ml\"}]},{\"@type\":\"WebSite\",\"@id\":\"https:\\\/\\\/vitablanca.ma\\\/#website\",\"url\":\"https:\\\/\\\/vitablanca.ma\\\/\",\"name\":\"VitaBlanca.ma | Compl\u00e9ments alimentaires, sant\u00e9 & beaut\u00e9 au Maroc\",\"description\":\"vendre vitamines et compl\u00e9ments premium des USA &amp; Canada, Nouvelle Z\u00e9lande,Maroc (NOW Foods, Solgar, Manuka). Livraison rapide partout au Maroc.\",\"publisher\":{\"@id\":\"https:\\\/\\\/vitablanca.ma\\\/#organization\"},\"alternateName\":\"VitaBlanca.ma\",\"potentialAction\":[{\"@type\":\"SearchAction\",\"target\":{\"@type\":\"EntryPoint\",\"urlTemplate\":\"https:\\\/\\\/vitablanca.ma\\\/?s={search_term_string}\"},\"query-input\":{\"@type\":\"PropertyValueSpecification\",\"valueRequired\":true,\"valueName\":\"search_term_string\"}}],\"inLanguage\":\"en-US\"},{\"@type\":\"Organization\",\"@id\":\"https:\\\/\\\/vitablanca.ma\\\/#organization\",\"name\":\"VitaBlanca\",\"url\":\"https:\\\/\\\/vitablanca.ma\\\/\",\"logo\":{\"@type\":\"ImageObject\",\"inLanguage\":\"en-US\",\"@id\":\"https:\\\/\\\/vitablanca.ma\\\/#\\\/schema\\\/logo\\\/image\\\/\",\"url\":\"https:\\\/\\\/vitablanca.ma\\\/wp-content\\\/uploads\\\/2025\\\/05\\\/cropped-vitablanca.png\",\"contentUrl\":\"https:\\\/\\\/vitablanca.ma\\\/wp-content\\\/uploads\\\/2025\\\/05\\\/cropped-vitablanca.png\",\"width\":360,\"height\":67,\"caption\":\"VitaBlanca\"},\"image\":{\"@id\":\"https:\\\/\\\/vitablanca.ma\\\/#\\\/schema\\\/logo\\\/image\\\/\"},\"sameAs\":[\"https:\\\/\\\/www.facebook.com\\\/profile.php?id=61576678196717\",\"https:\\\/\\\/www.tiktok.com\\\/@vitablanca.ma\",\"https:\\\/\\\/www.instagram.com\\\/vitablanca.ma\\\/\"]}]}<\/script>\n<!-- \/ Yoast SEO plugin. -->","yoast_head_json":{"title":"Eucerin HYALURON-FILLER + ELASTICITY Night Cream 50 ml - Morocco Price","description":"Eucerin HYALURON-FILLER + ELASTICITY Night Cream 50 ml","robots":{"index":"index","follow":"follow","max-snippet":"max-snippet:-1","max-image-preview":"max-image-preview:large","max-video-preview":"max-video-preview:-1"},"canonical":"https:\/\/vitablanca.ma\/en\/product\/eucerin-hyaluron-filler-elasticity-soin-de-nuit-50-ml\/","og_locale":"en_US","og_type":"article","og_title":"Eucerin HYALURON-FILLER + ELASTICITY Soin de Nuit 50 ml - Maroc Prix","og_description":"Eucerin HYALURON-FILLER + ELASTICITY Soin de Nuit 50 ml","og_url":"https:\/\/vitablanca.ma\/en\/product\/eucerin-hyaluron-filler-elasticity-soin-de-nuit-50-ml\/","og_site_name":"Vitablanca.ma &ndash; Sant&eacute;, vitalit&eacute; et bien-&ecirc;tre pour tous les Marocains","article_publisher":"https:\/\/www.facebook.com\/profile.php?id=61576678196717","article_modified_time":"2026-01-21T23:25:21+00:00","og_image":[{"width":800,"height":800,"url":"https:\/\/vitablanca.ma\/wp-content\/uploads\/2025\/06\/eucerin-hyaluron-filler-elasticity-soin-de-nuit-50ml-parapharmacie-enligne-prix-maroc.jpg","type":"image\/jpeg"}],"twitter_card":"summary_large_image","twitter_misc":{"Est. reading time":"1 minute"},"schema":{"@context":"https:\/\/schema.org","@graph":[{"@type":["WebPage","ItemPage"],"@id":"https:\/\/vitablanca.ma\/produit\/eucerin-hyaluron-filler-elasticity-soin-de-nuit-50-ml\/","url":"https:\/\/vitablanca.ma\/produit\/eucerin-hyaluron-filler-elasticity-soin-de-nuit-50-ml\/","name":"Eucerin HYALURON-FILLER + ELASTICITY Night Cream 50 ml - Morocco Price","isPartOf":{"@id":"https:\/\/vitablanca.ma\/#website"},"primaryImageOfPage":{"@id":"https:\/\/vitablanca.ma\/produit\/eucerin-hyaluron-filler-elasticity-soin-de-nuit-50-ml\/#primaryimage"},"image":{"@id":"https:\/\/vitablanca.ma\/produit\/eucerin-hyaluron-filler-elasticity-soin-de-nuit-50-ml\/#primaryimage"},"thumbnailUrl":"https:\/\/vitablanca.ma\/wp-content\/uploads\/2025\/06\/eucerin-hyaluron-filler-elasticity-soin-de-nuit-50ml-parapharmacie-enligne-prix-maroc.jpg","datePublished":"2025-06-10T17:06:11+00:00","dateModified":"2026-01-21T23:25:21+00:00","description":"Eucerin HYALURON-FILLER + ELASTICITY Night Cream 50 ml","breadcrumb":{"@id":"https:\/\/vitablanca.ma\/produit\/eucerin-hyaluron-filler-elasticity-soin-de-nuit-50-ml\/#breadcrumb"},"inLanguage":"en-US","potentialAction":[{"@type":"ReadAction","target":["https:\/\/vitablanca.ma\/produit\/eucerin-hyaluron-filler-elasticity-soin-de-nuit-50-ml\/"]}]},{"@type":"ImageObject","inLanguage":"en-US","@id":"https:\/\/vitablanca.ma\/produit\/eucerin-hyaluron-filler-elasticity-soin-de-nuit-50-ml\/#primaryimage","url":"https:\/\/vitablanca.ma\/wp-content\/uploads\/2025\/06\/eucerin-hyaluron-filler-elasticity-soin-de-nuit-50ml-parapharmacie-enligne-prix-maroc.jpg","contentUrl":"https:\/\/vitablanca.ma\/wp-content\/uploads\/2025\/06\/eucerin-hyaluron-filler-elasticity-soin-de-nuit-50ml-parapharmacie-enligne-prix-maroc.jpg","width":800,"height":800},{"@type":"BreadcrumbList","@id":"https:\/\/vitablanca.ma\/produit\/eucerin-hyaluron-filler-elasticity-soin-de-nuit-50-ml\/#breadcrumb","itemListElement":[{"@type":"ListItem","position":1,"name":"Home","item":"https:\/\/vitablanca.ma\/"},{"@type":"ListItem","position":2,"name":"Tous Les Produits","item":"https:\/\/vitablanca.ma\/tous-les-produits\/"},{"@type":"ListItem","position":3,"name":"Eucerin HYALURON-FILLER + ELASTICITY Soin de Nuit 50 ml"}]},{"@type":"WebSite","@id":"https:\/\/vitablanca.ma\/#website","url":"https:\/\/vitablanca.ma\/","name":"VitaBlanca.ma | Food supplements, health &amp; beauty in Morocco","description":"sell premium vitamins and supplements from USA &amp; Canada, New Zealand, Morocco (NOW Foods, Solgar, Manuka). Fast delivery anywhere in Morocco.","publisher":{"@id":"https:\/\/vitablanca.ma\/#organization"},"alternateName":"VitaBlanca.ma","potentialAction":[{"@type":"SearchAction","target":{"@type":"EntryPoint","urlTemplate":"https:\/\/vitablanca.ma\/?s={search_term_string}"},"query-input":{"@type":"PropertyValueSpecification","valueRequired":true,"valueName":"search_term_string"}}],"inLanguage":"en-US"},{"@type":"Organization","@id":"https:\/\/vitablanca.ma\/#organization","name":"VitaBlanca","url":"https:\/\/vitablanca.ma\/","logo":{"@type":"ImageObject","inLanguage":"en-US","@id":"https:\/\/vitablanca.ma\/#\/schema\/logo\/image\/","url":"https:\/\/vitablanca.ma\/wp-content\/uploads\/2025\/05\/cropped-vitablanca.png","contentUrl":"https:\/\/vitablanca.ma\/wp-content\/uploads\/2025\/05\/cropped-vitablanca.png","width":360,"height":67,"caption":"VitaBlanca"},"image":{"@id":"https:\/\/vitablanca.ma\/#\/schema\/logo\/image\/"},"sameAs":["https:\/\/www.facebook.com\/profile.php?id=61576678196717","https:\/\/www.tiktok.com\/@vitablanca.ma","https:\/\/www.instagram.com\/vitablanca.ma\/"]}]}},"jetpack_sharing_enabled":true,"_links":{"self":[{"href":"https:\/\/vitablanca.ma\/en\/wp-json\/wp\/v2\/product\/17718","targetHints":{"allow":["GET"]}}],"collection":[{"href":"https:\/\/vitablanca.ma\/en\/wp-json\/wp\/v2\/product"}],"about":[{"href":"https:\/\/vitablanca.ma\/en\/wp-json\/wp\/v2\/types\/product"}],"wp:featuredmedia":[{"embeddable":true,"href":"https:\/\/vitablanca.ma\/en\/wp-json\/wp\/v2\/media\/17710"}],"wp:attachment":[{"href":"https:\/\/vitablanca.ma\/en\/wp-json\/wp\/v2\/media?parent=17718"}],"wp:term":[{"taxonomy":"product_brand","embeddable":true,"href":"https:\/\/vitablanca.ma\/en\/wp-json\/wp\/v2\/product_brand?post=17718"},{"taxonomy":"product_cat","embeddable":true,"href":"https:\/\/vitablanca.ma\/en\/wp-json\/wp\/v2\/product_cat?post=17718"},{"taxonomy":"product_tag","embeddable":true,"href":"https:\/\/vitablanca.ma\/en\/wp-json\/wp\/v2\/product_tag?post=17718"}],"curies":[{"name":"wp","href":"https:\/\/api.w.org\/{rel}","templated":true}]}}