{"id":17703,"date":"2025-06-10T17:05:52","date_gmt":"2025-06-10T17:05:52","guid":{"rendered":"https:\/\/vitablanca.ma\/product\/eucerin-urearepair-plus-creme-pieds-10-duree-100ml\/"},"modified":"2026-01-21T23:25:21","modified_gmt":"2026-01-21T23:25:21","slug":"eucerin-urearepair-plus-creme-pieds-10-duree-100ml","status":"publish","type":"product","link":"https:\/\/vitablanca.ma\/en\/product\/eucerin-urearepair-plus-creme-pieds-10-duree-100ml\/","title":{"rendered":"EUCERIN UreaRepair PLUS Foot Cream 10% Urea 100ml"},"content":{"rendered":"<div data-mce-fragment=\"1\" class=\"eucerin-cp cp-accordion-item False open\">\n<div data-mce-fragment=\"1\" class=\"uk-accordion-content\">\n<section data-mce-fragment=\"1\" class=\"eucerin-cp cp-text right\">\n<h2 data-mce-fragment=\"1\" class=\"hdl-3\">EUCERIN UreaRepair PLUS Foot Cream 10% Urea h<span data-mce-fragment=\"1\">intensely hydrates and soothes dry to very dry feet<\/span><br \/>\n<\/h2>\n<p data-mce-fragment=\"1\" class=\"hdl-3\">Dry Foot Care \u2013 UREA Dry Foot Cream<\/p>\n<\/section>\n<section data-mce-fragment=\"1\" class=\"eucerin-cp cp-text right\">\n<div data-mce-fragment=\"1\" class=\"text\">\n<p data-mce-fragment=\"1\">EUCERIN UreaRepair PLUS Foot Cream 10% urea provides intensive care for dry feet at<span data-mce-fragment=\"1\">\u00a0<\/span>very dry, with or without cracked heel. Enriched with<span data-mce-fragment=\"1\">\u00a0<\/span>urea<span data-mce-fragment=\"1\">\u00a0<\/span>and in<span data-mce-fragment=\"1\">\u00a0<\/span>lactate, it guarantees long-lasting hydration even on<span data-mce-fragment=\"1\">\u00a0<\/span>dry and cracked skin.<span data-mce-fragment=\"1\">\u00a0<\/span>It acts quickly to soothe the<span data-mce-fragment=\"1\">\u00a0<\/span>dry skin<span data-mce-fragment=\"1\">\u00a0<\/span>and discomfort and leaves feet soft and supple.<\/p>\n<p data-mce-fragment=\"1\">Suitable for diabetics.<\/p>\n<\/div>\n<\/section>\n<section data-mce-fragment=\"1\" class=\"eucerin-cp cp-text right\">\n<p data-mce-fragment=\"1\" class=\"hdl-3\">Clinical and dermatological studies<\/p>\n<div data-mce-fragment=\"1\" class=\"text\">\n<p data-mce-fragment=\"1\">The efficacy and skin tolerance of EUCERIN UREA REPAIR PLUS Foot Cream 10% urea, applied at least twice a day for two weeks, were tested by 604 subjects with dry to extremely dry and cracked feet due to xeroderma, diabetes or<span data-mce-fragment=\"1\">\u00a0<\/span>atopic dermatitis.<\/p>\n<\/div>\n<\/section>\n<section data-mce-fragment=\"1\" data-module-initialized=\"true\" class=\"cp-container before-and-after smaller\" data-module=\"BeforeAndAfter\">\n<div data-mce-fragment=\"1\" class=\"cp-row\">\n<div data-mce-fragment=\"1\" class=\"clinical-image\">\n<div data-mce-fragment=\"1\" class=\"before-image\">\n<div data-mce-fragment=\"1\" class=\"change\"><span data-mce-fragment=\"1\" class=\"before\"><\/span><\/div>\n<\/div>\n<div data-mce-fragment=\"1\" class=\"v-seperator\"><\/div>\n<\/div>\n<\/div>\n<\/section>\n<section data-mce-fragment=\"1\" class=\"eucerin-cp cp-text right\">\n<p data-mce-fragment=\"1\" class=\"hdl-3\">Main conclusions<\/p>\n<div data-mce-fragment=\"1\" class=\"text\">\n<ul data-mce-fragment=\"1\">\n<li data-mce-fragment=\"1\">Visibly improves skin condition in 95 % volunteers<\/li>\n<li data-mce-fragment=\"1\">Improves clinical signs such as dryness, scaling, calluses\/cracking, calluses and marks in 96.7% of diabetic volunteers and in 97.4% of volunteers with atopic-prone skin<\/li>\n<li data-mce-fragment=\"1\">96 % volunteers rated skin tolerance as very good or good<\/li>\n<\/ul>\n<\/div>\n<\/section>\n<section data-mce-fragment=\"1\" class=\"eucerin-cp cp-text right\">\n<h3 data-mce-fragment=\"1\" class=\"hdl-3\">Properties<\/h3>\n<div data-mce-fragment=\"1\" class=\"text\">\n<ul data-mce-fragment=\"1\">\n<li data-mce-fragment=\"1\">fragrance-free<\/li>\n<li data-mce-fragment=\"1\">without colorings<\/li>\n<\/ul>\n<\/div>\n<\/section>\n<\/div>\n<\/div>\n<div data-mce-fragment=\"1\" class=\"eucerin-cp cp-accordion-item False open\">\n<h3 data-mce-fragment=\"1\" class=\"uk-accordion-title\" data-mce-href=\"#\">Instructions for use<\/h3>\n<div data-mce-fragment=\"1\" class=\"uk-accordion-content\">\n<section data-mce-fragment=\"1\" class=\"eucerin-cp cp-text right\">\n<p data-mce-fragment=\"1\" class=\"hdl-3\"><strong>Directions for use<\/strong><\/p>\n<div data-mce-fragment=\"1\" class=\"text\">\n<ol data-mce-fragment=\"1\">\n<li data-mce-fragment=\"1\">Make sure your feet are clean and dry.<\/li>\n<li data-mce-fragment=\"1\">Gently massage a small amount of cream onto your feet, paying particular attention to the heels.<\/li>\n<li data-mce-fragment=\"1\">Apply morning and evening.<\/li>\n<\/ol>\n<\/div>\n<\/section>\n<section data-mce-fragment=\"1\" class=\"eucerin-cp cp-text right\">\n<p data-mce-fragment=\"1\" class=\"hdl-3\">The right actions<\/p>\n<\/section>\n<section data-mce-fragment=\"1\" class=\"eucerin-cp cp-text right\">\n<p data-mce-fragment=\"1\" class=\"hdl-4\">Apply EUCERIN UreaRepair PLUS Foot Cream 10% urea if\u2026<\/p>\n<div data-mce-fragment=\"1\" class=\"text\">\n<p data-mce-fragment=\"1\"><strong data-mce-fragment=\"1\">You have dry to extremely dry feet, with or without cracked heels:<\/strong><\/p>\n<p data-mce-fragment=\"1\">EUCERIN UreaRepair PLUS Foot Cream 10% urea is specially designed to moisturize the<span data-mce-fragment=\"1\">\u00a0<\/span>dry skin<span data-mce-fragment=\"1\">\u00a0<\/span>and repair cracked heels.<\/p>\n<p data-mce-fragment=\"1\"><strong data-mce-fragment=\"1\">You have cracked heels, very dry, rough or cracked feet, and\/or calluses or hard skin on your feet:<\/strong><\/p>\n<p data-mce-fragment=\"1\">These signs suggest that you have dry to very dry feet. This foot cream is clinically proven to be effective against signs of dry skin.<\/p>\n<p data-mce-fragment=\"1\">\u00a0<\/p>\n<\/div>\n<\/section>\n<section data-mce-fragment=\"1\" class=\"eucerin-cp cp-text right\">\n<div data-mce-fragment=\"1\" class=\"text\"><\/div>\n<\/section>\n<\/div>\n<\/div>","protected":false},"excerpt":{"rendered":"<p>EUCERIN UreaRepair PLUS Cr\u00e8me Pieds 10% d&rsquo;Ur\u00e9e\u00a0hydrate et apaise intens\u00e9ment les pieds secs \u00e0 tr\u00e8s secs Soins pieds secs &#8211; Cr\u00e8me pieds secs UREE EUCERIN UreaRepair\u00a0PLUS Cr\u00e8me Pieds 10% d&rsquo;ur\u00e9e offre un soin intensif aux pieds secs \u00e0\u00a0tr\u00e8s secs, avec ou sans talon fendill\u00e9. Enrichie en\u00a0ur\u00e9e\u00a0et en\u00a0lactate, elle garantit une hydratation longue dur\u00e9e m\u00eame sur [&hellip;]<\/p>\n","protected":false},"featured_media":17701,"template":"","meta":{"om_disable_all_campaigns":false},"product_brand":[5994],"product_cat":[18,15],"product_tag":[],"class_list":{"0":"post-17703","1":"product","2":"type-product","3":"status-publish","4":"has-post-thumbnail","6":"product_brand-eucerin-maroc-prix","7":"product_cat-beaute-sante","8":"product_cat-beaute-sante-complements-alimentaires-soins-et-bien-etre-au-meilleur-prix","10":"first","11":"instock","12":"sale","13":"taxable","14":"shipping-taxable","15":"purchasable","16":"product-type-simple"},"yoast_head":"<!-- This site is optimized with the Yoast SEO plugin v27.3 - https:\/\/yoast.com\/product\/yoast-seo-wordpress\/ -->\n<title>EUCERIN UreaRepair PLUS Cr\u00e8me Pieds 10% d&#039;Ur\u00e9e 100ml - Maroc Prix<\/title>\n<meta name=\"description\" content=\"EUCERIN UreaRepair PLUS Cr\u00e8me Pieds 10% d&#039;Ur\u00e9e 100ml\" \/>\n<meta name=\"robots\" content=\"index, follow, max-snippet:-1, max-image-preview:large, max-video-preview:-1\" \/>\n<link rel=\"canonical\" href=\"https:\/\/vitablanca.ma\/en\/product\/eucerin-urearepair-plus-creme-pieds-10-duree-100ml\/\" \/>\n<meta property=\"og:locale\" content=\"en_US\" \/>\n<meta property=\"og:type\" content=\"article\" \/>\n<meta property=\"og:title\" content=\"EUCERIN UreaRepair PLUS Cr\u00e8me Pieds 10% d&#039;Ur\u00e9e 100ml - Maroc Prix\" \/>\n<meta property=\"og:description\" content=\"EUCERIN UreaRepair PLUS Cr\u00e8me Pieds 10% d&#039;Ur\u00e9e 100ml\" \/>\n<meta property=\"og:url\" content=\"https:\/\/vitablanca.ma\/en\/product\/eucerin-urearepair-plus-creme-pieds-10-duree-100ml\/\" \/>\n<meta property=\"og:site_name\" content=\"Vitablanca.ma &ndash; Sant&eacute;, vitalit&eacute; et bien-&ecirc;tre pour tous les Marocains\" \/>\n<meta property=\"article:publisher\" content=\"https:\/\/www.facebook.com\/profile.php?id=61576678196717\" \/>\n<meta property=\"article:modified_time\" content=\"2026-01-21T23:25:21+00:00\" \/>\n<meta property=\"og:image\" content=\"https:\/\/vitablanca.ma\/wp-content\/uploads\/2025\/06\/eucerin-creme-pieds-10-duree-100ml.jpg\" \/>\n\t<meta property=\"og:image:width\" content=\"800\" \/>\n\t<meta property=\"og:image:height\" content=\"800\" \/>\n\t<meta property=\"og:image:type\" content=\"image\/jpeg\" \/>\n<meta name=\"twitter:card\" content=\"summary_large_image\" \/>\n<meta name=\"twitter:label1\" content=\"Est. reading time\" \/>\n\t<meta name=\"twitter:data1\" content=\"2 minutes\" \/>\n<script type=\"application\/ld+json\" class=\"yoast-schema-graph\">{\"@context\":\"https:\\\/\\\/schema.org\",\"@graph\":[{\"@type\":[\"WebPage\",\"ItemPage\"],\"@id\":\"https:\\\/\\\/vitablanca.ma\\\/produit\\\/eucerin-urearepair-plus-creme-pieds-10-duree-100ml\\\/\",\"url\":\"https:\\\/\\\/vitablanca.ma\\\/produit\\\/eucerin-urearepair-plus-creme-pieds-10-duree-100ml\\\/\",\"name\":\"EUCERIN UreaRepair PLUS Cr\u00e8me Pieds 10% d'Ur\u00e9e 100ml - Maroc Prix\",\"isPartOf\":{\"@id\":\"https:\\\/\\\/vitablanca.ma\\\/#website\"},\"primaryImageOfPage\":{\"@id\":\"https:\\\/\\\/vitablanca.ma\\\/produit\\\/eucerin-urearepair-plus-creme-pieds-10-duree-100ml\\\/#primaryimage\"},\"image\":{\"@id\":\"https:\\\/\\\/vitablanca.ma\\\/produit\\\/eucerin-urearepair-plus-creme-pieds-10-duree-100ml\\\/#primaryimage\"},\"thumbnailUrl\":\"https:\\\/\\\/vitablanca.ma\\\/wp-content\\\/uploads\\\/2025\\\/06\\\/eucerin-creme-pieds-10-duree-100ml.jpg\",\"datePublished\":\"2025-06-10T17:05:52+00:00\",\"dateModified\":\"2026-01-21T23:25:21+00:00\",\"description\":\"EUCERIN UreaRepair PLUS Cr\u00e8me Pieds 10% d'Ur\u00e9e 100ml\",\"breadcrumb\":{\"@id\":\"https:\\\/\\\/vitablanca.ma\\\/produit\\\/eucerin-urearepair-plus-creme-pieds-10-duree-100ml\\\/#breadcrumb\"},\"inLanguage\":\"en-US\",\"potentialAction\":[{\"@type\":\"ReadAction\",\"target\":[\"https:\\\/\\\/vitablanca.ma\\\/produit\\\/eucerin-urearepair-plus-creme-pieds-10-duree-100ml\\\/\"]}]},{\"@type\":\"ImageObject\",\"inLanguage\":\"en-US\",\"@id\":\"https:\\\/\\\/vitablanca.ma\\\/produit\\\/eucerin-urearepair-plus-creme-pieds-10-duree-100ml\\\/#primaryimage\",\"url\":\"https:\\\/\\\/vitablanca.ma\\\/wp-content\\\/uploads\\\/2025\\\/06\\\/eucerin-creme-pieds-10-duree-100ml.jpg\",\"contentUrl\":\"https:\\\/\\\/vitablanca.ma\\\/wp-content\\\/uploads\\\/2025\\\/06\\\/eucerin-creme-pieds-10-duree-100ml.jpg\",\"width\":800,\"height\":800},{\"@type\":\"BreadcrumbList\",\"@id\":\"https:\\\/\\\/vitablanca.ma\\\/produit\\\/eucerin-urearepair-plus-creme-pieds-10-duree-100ml\\\/#breadcrumb\",\"itemListElement\":[{\"@type\":\"ListItem\",\"position\":1,\"name\":\"Home\",\"item\":\"https:\\\/\\\/vitablanca.ma\\\/\"},{\"@type\":\"ListItem\",\"position\":2,\"name\":\"Tous Les Produits\",\"item\":\"https:\\\/\\\/vitablanca.ma\\\/tous-les-produits\\\/\"},{\"@type\":\"ListItem\",\"position\":3,\"name\":\"EUCERIN UreaRepair PLUS Cr\u00e8me Pieds 10% d&#8217;Ur\u00e9e 100ml\"}]},{\"@type\":\"WebSite\",\"@id\":\"https:\\\/\\\/vitablanca.ma\\\/#website\",\"url\":\"https:\\\/\\\/vitablanca.ma\\\/\",\"name\":\"VitaBlanca.ma | Compl\u00e9ments alimentaires, sant\u00e9 & beaut\u00e9 au Maroc\",\"description\":\"vendre vitamines et compl\u00e9ments premium des USA &amp; Canada, Nouvelle Z\u00e9lande,Maroc (NOW Foods, Solgar, Manuka). Livraison rapide partout au Maroc.\",\"publisher\":{\"@id\":\"https:\\\/\\\/vitablanca.ma\\\/#organization\"},\"alternateName\":\"VitaBlanca.ma\",\"potentialAction\":[{\"@type\":\"SearchAction\",\"target\":{\"@type\":\"EntryPoint\",\"urlTemplate\":\"https:\\\/\\\/vitablanca.ma\\\/?s={search_term_string}\"},\"query-input\":{\"@type\":\"PropertyValueSpecification\",\"valueRequired\":true,\"valueName\":\"search_term_string\"}}],\"inLanguage\":\"en-US\"},{\"@type\":\"Organization\",\"@id\":\"https:\\\/\\\/vitablanca.ma\\\/#organization\",\"name\":\"VitaBlanca\",\"url\":\"https:\\\/\\\/vitablanca.ma\\\/\",\"logo\":{\"@type\":\"ImageObject\",\"inLanguage\":\"en-US\",\"@id\":\"https:\\\/\\\/vitablanca.ma\\\/#\\\/schema\\\/logo\\\/image\\\/\",\"url\":\"https:\\\/\\\/vitablanca.ma\\\/wp-content\\\/uploads\\\/2025\\\/05\\\/cropped-vitablanca.png\",\"contentUrl\":\"https:\\\/\\\/vitablanca.ma\\\/wp-content\\\/uploads\\\/2025\\\/05\\\/cropped-vitablanca.png\",\"width\":360,\"height\":67,\"caption\":\"VitaBlanca\"},\"image\":{\"@id\":\"https:\\\/\\\/vitablanca.ma\\\/#\\\/schema\\\/logo\\\/image\\\/\"},\"sameAs\":[\"https:\\\/\\\/www.facebook.com\\\/profile.php?id=61576678196717\",\"https:\\\/\\\/www.tiktok.com\\\/@vitablanca.ma\",\"https:\\\/\\\/www.instagram.com\\\/vitablanca.ma\\\/\"]}]}<\/script>\n<!-- \/ Yoast SEO plugin. -->","yoast_head_json":{"title":"EUCERIN UreaRepair PLUS Foot Cream 10% Urea 100ml - Morocco Price","description":"EUCERIN UreaRepair PLUS Foot Cream 10% Urea 100ml","robots":{"index":"index","follow":"follow","max-snippet":"max-snippet:-1","max-image-preview":"max-image-preview:large","max-video-preview":"max-video-preview:-1"},"canonical":"https:\/\/vitablanca.ma\/en\/product\/eucerin-urearepair-plus-creme-pieds-10-duree-100ml\/","og_locale":"en_US","og_type":"article","og_title":"EUCERIN UreaRepair PLUS Cr\u00e8me Pieds 10% d'Ur\u00e9e 100ml - Maroc Prix","og_description":"EUCERIN UreaRepair PLUS Cr\u00e8me Pieds 10% d'Ur\u00e9e 100ml","og_url":"https:\/\/vitablanca.ma\/en\/product\/eucerin-urearepair-plus-creme-pieds-10-duree-100ml\/","og_site_name":"Vitablanca.ma &ndash; Sant&eacute;, vitalit&eacute; et bien-&ecirc;tre pour tous les Marocains","article_publisher":"https:\/\/www.facebook.com\/profile.php?id=61576678196717","article_modified_time":"2026-01-21T23:25:21+00:00","og_image":[{"width":800,"height":800,"url":"https:\/\/vitablanca.ma\/wp-content\/uploads\/2025\/06\/eucerin-creme-pieds-10-duree-100ml.jpg","type":"image\/jpeg"}],"twitter_card":"summary_large_image","twitter_misc":{"Est. reading time":"2 minutes"},"schema":{"@context":"https:\/\/schema.org","@graph":[{"@type":["WebPage","ItemPage"],"@id":"https:\/\/vitablanca.ma\/produit\/eucerin-urearepair-plus-creme-pieds-10-duree-100ml\/","url":"https:\/\/vitablanca.ma\/produit\/eucerin-urearepair-plus-creme-pieds-10-duree-100ml\/","name":"EUCERIN UreaRepair PLUS Foot Cream 10% Urea 100ml - Morocco Price","isPartOf":{"@id":"https:\/\/vitablanca.ma\/#website"},"primaryImageOfPage":{"@id":"https:\/\/vitablanca.ma\/produit\/eucerin-urearepair-plus-creme-pieds-10-duree-100ml\/#primaryimage"},"image":{"@id":"https:\/\/vitablanca.ma\/produit\/eucerin-urearepair-plus-creme-pieds-10-duree-100ml\/#primaryimage"},"thumbnailUrl":"https:\/\/vitablanca.ma\/wp-content\/uploads\/2025\/06\/eucerin-creme-pieds-10-duree-100ml.jpg","datePublished":"2025-06-10T17:05:52+00:00","dateModified":"2026-01-21T23:25:21+00:00","description":"EUCERIN UreaRepair PLUS Foot Cream 10% Urea 100ml","breadcrumb":{"@id":"https:\/\/vitablanca.ma\/produit\/eucerin-urearepair-plus-creme-pieds-10-duree-100ml\/#breadcrumb"},"inLanguage":"en-US","potentialAction":[{"@type":"ReadAction","target":["https:\/\/vitablanca.ma\/produit\/eucerin-urearepair-plus-creme-pieds-10-duree-100ml\/"]}]},{"@type":"ImageObject","inLanguage":"en-US","@id":"https:\/\/vitablanca.ma\/produit\/eucerin-urearepair-plus-creme-pieds-10-duree-100ml\/#primaryimage","url":"https:\/\/vitablanca.ma\/wp-content\/uploads\/2025\/06\/eucerin-creme-pieds-10-duree-100ml.jpg","contentUrl":"https:\/\/vitablanca.ma\/wp-content\/uploads\/2025\/06\/eucerin-creme-pieds-10-duree-100ml.jpg","width":800,"height":800},{"@type":"BreadcrumbList","@id":"https:\/\/vitablanca.ma\/produit\/eucerin-urearepair-plus-creme-pieds-10-duree-100ml\/#breadcrumb","itemListElement":[{"@type":"ListItem","position":1,"name":"Home","item":"https:\/\/vitablanca.ma\/"},{"@type":"ListItem","position":2,"name":"Tous Les Produits","item":"https:\/\/vitablanca.ma\/tous-les-produits\/"},{"@type":"ListItem","position":3,"name":"EUCERIN UreaRepair PLUS Cr\u00e8me Pieds 10% d&#8217;Ur\u00e9e 100ml"}]},{"@type":"WebSite","@id":"https:\/\/vitablanca.ma\/#website","url":"https:\/\/vitablanca.ma\/","name":"VitaBlanca.ma | Food supplements, health &amp; beauty in Morocco","description":"sell premium vitamins and supplements from USA &amp; Canada, New Zealand, Morocco (NOW Foods, Solgar, Manuka). Fast delivery anywhere in Morocco.","publisher":{"@id":"https:\/\/vitablanca.ma\/#organization"},"alternateName":"VitaBlanca.ma","potentialAction":[{"@type":"SearchAction","target":{"@type":"EntryPoint","urlTemplate":"https:\/\/vitablanca.ma\/?s={search_term_string}"},"query-input":{"@type":"PropertyValueSpecification","valueRequired":true,"valueName":"search_term_string"}}],"inLanguage":"en-US"},{"@type":"Organization","@id":"https:\/\/vitablanca.ma\/#organization","name":"VitaBlanca","url":"https:\/\/vitablanca.ma\/","logo":{"@type":"ImageObject","inLanguage":"en-US","@id":"https:\/\/vitablanca.ma\/#\/schema\/logo\/image\/","url":"https:\/\/vitablanca.ma\/wp-content\/uploads\/2025\/05\/cropped-vitablanca.png","contentUrl":"https:\/\/vitablanca.ma\/wp-content\/uploads\/2025\/05\/cropped-vitablanca.png","width":360,"height":67,"caption":"VitaBlanca"},"image":{"@id":"https:\/\/vitablanca.ma\/#\/schema\/logo\/image\/"},"sameAs":["https:\/\/www.facebook.com\/profile.php?id=61576678196717","https:\/\/www.tiktok.com\/@vitablanca.ma","https:\/\/www.instagram.com\/vitablanca.ma\/"]}]}},"jetpack_sharing_enabled":true,"_links":{"self":[{"href":"https:\/\/vitablanca.ma\/en\/wp-json\/wp\/v2\/product\/17703","targetHints":{"allow":["GET"]}}],"collection":[{"href":"https:\/\/vitablanca.ma\/en\/wp-json\/wp\/v2\/product"}],"about":[{"href":"https:\/\/vitablanca.ma\/en\/wp-json\/wp\/v2\/types\/product"}],"wp:featuredmedia":[{"embeddable":true,"href":"https:\/\/vitablanca.ma\/en\/wp-json\/wp\/v2\/media\/17701"}],"wp:attachment":[{"href":"https:\/\/vitablanca.ma\/en\/wp-json\/wp\/v2\/media?parent=17703"}],"wp:term":[{"taxonomy":"product_brand","embeddable":true,"href":"https:\/\/vitablanca.ma\/en\/wp-json\/wp\/v2\/product_brand?post=17703"},{"taxonomy":"product_cat","embeddable":true,"href":"https:\/\/vitablanca.ma\/en\/wp-json\/wp\/v2\/product_cat?post=17703"},{"taxonomy":"product_tag","embeddable":true,"href":"https:\/\/vitablanca.ma\/en\/wp-json\/wp\/v2\/product_tag?post=17703"}],"curies":[{"name":"wp","href":"https:\/\/api.w.org\/{rel}","templated":true}]}}