{"id":17699,"date":"2025-06-10T17:05:46","date_gmt":"2025-06-10T17:05:46","guid":{"rendered":"https:\/\/vitablanca.ma\/product\/eucerin-hyaluron-filler-soin-contour-des-yeux-spf15-15ml\/"},"modified":"2026-01-21T23:25:21","modified_gmt":"2026-01-21T23:25:21","slug":"eucerin-hyaluron-filler-soin-contour-des-yeux-spf15-15ml","status":"publish","type":"product","link":"https:\/\/vitablanca.ma\/en\/product\/eucerin-hyaluron-filler-soin-contour-des-yeux-spf15-15ml\/","title":{"rendered":"Eucerin Hyaluron-Filler Eye Cream SPF15 15ml"},"content":{"rendered":"<h2>Eucerin HYALURON-FILLER Eye Contour Care SPF15.<\/h2>\n<p class=\"hdl-4\">Anti-aging Eye Contour Treatment based on Hyaluronic Acid, Saponin and Enoxolone.<br \/>Its 3x Effect formula:<\/p>\n<div class=\"text\">\n<p>1. Fill<br \/>2. Stimulates<br \/>3. Protects\u00a0<\/p>\n<p><strong>New generation HYALURON-FILLER + 3x EFFECT<\/strong><\/p>\n<p>Fights the skin aging process, for skin that looks visibly younger, smoother and more radiant.<br \/>Ophthalmologically tested, unscented, suitable for use with contact lenses.<br \/>15ml.<\/p>\n<h2 class=\"uk-accordion-title\">About Anti-aging Eye Contour for all skin types SPF 15<\/h2>\n<div class=\"uk-accordion-content\">\n<section class=\"eucerin-cp cp-text right\">\n<div class=\"text\">\n<p>With age, our skin&#039;s natural production of Hyaluronic Acid decreases: wrinkles and fine lines form, the skin appears less youthful. The SPF 15 HYALURON-FILLER + 3X EFFECT Day Cream slows down this process thanks to its formula:<\/p>\n<p>1. Fills: High and low molecular weight Hyaluronic Acid hydrates the skin and fills wrinkles.\u00a0<br \/>2. Stimulates: Saponin stimulates natural production<br \/>of Hyaluronic Acid.<br \/>3. Protects: Enoxolone decreases the rate of degradation of<br \/>Hyaluronic Acid.<\/p>\n<p>The SPF 15 Hyaluron-Filler Eye Contour targets the first signs of aging such as crow&#039;s feet in the delicate eye area. It visibly plumps even the deepest wrinkles, for younger-looking skin. It effectively prevents<span>\u00a0<\/span>photoaging<span>\u00a0<\/span>UV-induced (skin aging)<span>\u00a0<\/span>premature birth due to the sun), prevents<span>\u00a0<\/span>wrinkles<span>\u00a0<\/span>to become deeper and it protects the skin from free radicals.<\/p>\n<p>Its unique formula combining Hyaluronic Acid<span>\u00a0<\/span>high and low molecular weight,<span>\u00a0<\/span>Glycine Saponin<span>\u00a0<\/span>and Enoxolone offers a targeted approach to visibly fill even the deepest wrinkles for younger-looking skin. High molecular weight Hyaluronic Acid improves hydration and smooths the upper layers of the skin while low molecular weight Hyaluronic Acid, which is 40 times smaller<sup>1<\/sup>, penetrates deeper into the layers of the epidermis where deeper wrinkles are formed. Glycine Saponin, an antioxidant, supports the production of Hyaluronic Acid in the skin layer where the deepest wrinkles are formed and protects against free radicals. Enoxolone prevents the degradation of Hyaluronic Acid present in the skin.<\/p>\n<h3 class=\"hdl-3\">Properties<\/h3>\n<div class=\"text\">\n<section class=\"eucerin-cp cp-image\"><\/section>\n<ul>\n<li>Non-comedogenic<\/li>\n<li>Ophthalmologically tested<\/li>\n<li>Unscented<\/li>\n<li>Suitable for use with contact lenses<\/li>\n<li>Excellent makeup base<\/li>\n<li>Quickly absorbed<\/li>\n<li>UVA filter SPF 15\u00a0<\/li>\n<\/ul>\n<h3 class=\"hdl-3\">Directions for use<\/h3>\n<div class=\"text\">\n<section class=\"eucerin-cp cp-image\"><\/section>\n<p>\u2013 Apply morning and evening to well-cleansed skin<br \/>\u2013 Apply a small amount of product to the eye contour area<br \/>\u2013 Massage gently with your fingertips<br \/>\u2013 Avoid contact with eyes<br \/>\u2013 For best results, use in combination with the<span>\u00a0<\/span>Day Care SPF 15<span>\u00a0<\/span>and the<span>\u00a0<\/span>Night Care<span>\u00a0<\/span>from the same HYALURON-FILLER + 3x EFFECT range.<\/p>\n<\/div>\n<\/div>\n<\/div>\n<\/section>\n<\/div>\n<\/div>","protected":false},"excerpt":{"rendered":"<p>Eucerin HYALURON-FILLER Soin Contour Des Yeux SPF15. Soin Contour des Yeux anti-\u00e2ge \u00e0 base d&rsquo;Acide Hyaluronique, de Saponine et d&rsquo;Enoxolone.Sa formule 3x Effect : 1. Comble2. Stimule3. Prot\u00e8ge\u00a0 Nouvelle g\u00e9n\u00e9ration HYALURON-FILLER + 3x EFFECT Lutte contre le processus de vieillissement cutan\u00e9, pour une peau \u00e0 l\u2019apparence visiblement plus jeune, plus lisse et \u00e9clatante.Test\u00e9 ophtalmologiquement, non [&hellip;]<\/p>\n","protected":false},"featured_media":17690,"template":"","meta":{"om_disable_all_campaigns":false},"product_brand":[5994],"product_cat":[18,15],"product_tag":[],"class_list":{"0":"post-17699","1":"product","2":"type-product","3":"status-publish","4":"has-post-thumbnail","6":"product_brand-eucerin-maroc-prix","7":"product_cat-beaute-sante","8":"product_cat-beaute-sante-complements-alimentaires-soins-et-bien-etre-au-meilleur-prix","10":"first","11":"instock","12":"sale","13":"taxable","14":"shipping-taxable","15":"purchasable","16":"product-type-simple"},"yoast_head":"<!-- This site is optimized with the Yoast SEO plugin v27.3 - https:\/\/yoast.com\/product\/yoast-seo-wordpress\/ -->\n<title>Eucerin HYALURON-FILLER Soin Contour Des Yeux SPF15 15ml - Maroc Prix<\/title>\n<meta name=\"description\" content=\"Eucerin HYALURON-FILLER Soin Contour Des Yeux SPF15 15ml\" \/>\n<meta name=\"robots\" content=\"index, follow, max-snippet:-1, max-image-preview:large, max-video-preview:-1\" \/>\n<link rel=\"canonical\" href=\"https:\/\/vitablanca.ma\/en\/product\/eucerin-hyaluron-filler-soin-contour-des-yeux-spf15-15ml\/\" \/>\n<meta property=\"og:locale\" content=\"en_US\" \/>\n<meta property=\"og:type\" content=\"article\" \/>\n<meta property=\"og:title\" content=\"Eucerin HYALURON-FILLER Soin Contour Des Yeux SPF15 15ml - Maroc Prix\" \/>\n<meta property=\"og:description\" content=\"Eucerin HYALURON-FILLER Soin Contour Des Yeux SPF15 15ml\" \/>\n<meta property=\"og:url\" content=\"https:\/\/vitablanca.ma\/en\/product\/eucerin-hyaluron-filler-soin-contour-des-yeux-spf15-15ml\/\" \/>\n<meta property=\"og:site_name\" content=\"Vitablanca.ma &ndash; Sant&eacute;, vitalit&eacute; et bien-&ecirc;tre pour tous les Marocains\" \/>\n<meta property=\"article:publisher\" content=\"https:\/\/www.facebook.com\/profile.php?id=61576678196717\" \/>\n<meta property=\"article:modified_time\" content=\"2026-01-21T23:25:21+00:00\" \/>\n<meta property=\"og:image\" content=\"https:\/\/vitablanca.ma\/wp-content\/uploads\/2025\/06\/eucerin-hyaluron-filler-yeux-15-ml-parapharmacie-enligne-prix-maroc_50befa80-4838-4869-bf9b-d9155359bd58.jpg\" \/>\n\t<meta property=\"og:image:width\" content=\"800\" \/>\n\t<meta property=\"og:image:height\" content=\"800\" \/>\n\t<meta property=\"og:image:type\" content=\"image\/jpeg\" \/>\n<meta name=\"twitter:card\" content=\"summary_large_image\" \/>\n<meta name=\"twitter:label1\" content=\"Est. reading time\" \/>\n\t<meta name=\"twitter:data1\" content=\"2 minutes\" \/>\n<script type=\"application\/ld+json\" class=\"yoast-schema-graph\">{\"@context\":\"https:\\\/\\\/schema.org\",\"@graph\":[{\"@type\":[\"WebPage\",\"ItemPage\"],\"@id\":\"https:\\\/\\\/vitablanca.ma\\\/produit\\\/eucerin-hyaluron-filler-soin-contour-des-yeux-spf15-15ml\\\/\",\"url\":\"https:\\\/\\\/vitablanca.ma\\\/produit\\\/eucerin-hyaluron-filler-soin-contour-des-yeux-spf15-15ml\\\/\",\"name\":\"Eucerin HYALURON-FILLER Soin Contour Des Yeux SPF15 15ml - Maroc Prix\",\"isPartOf\":{\"@id\":\"https:\\\/\\\/vitablanca.ma\\\/#website\"},\"primaryImageOfPage\":{\"@id\":\"https:\\\/\\\/vitablanca.ma\\\/produit\\\/eucerin-hyaluron-filler-soin-contour-des-yeux-spf15-15ml\\\/#primaryimage\"},\"image\":{\"@id\":\"https:\\\/\\\/vitablanca.ma\\\/produit\\\/eucerin-hyaluron-filler-soin-contour-des-yeux-spf15-15ml\\\/#primaryimage\"},\"thumbnailUrl\":\"https:\\\/\\\/vitablanca.ma\\\/wp-content\\\/uploads\\\/2025\\\/06\\\/eucerin-hyaluron-filler-yeux-15-ml-parapharmacie-enligne-prix-maroc_50befa80-4838-4869-bf9b-d9155359bd58.jpg\",\"datePublished\":\"2025-06-10T17:05:46+00:00\",\"dateModified\":\"2026-01-21T23:25:21+00:00\",\"description\":\"Eucerin HYALURON-FILLER Soin Contour Des Yeux SPF15 15ml\",\"breadcrumb\":{\"@id\":\"https:\\\/\\\/vitablanca.ma\\\/produit\\\/eucerin-hyaluron-filler-soin-contour-des-yeux-spf15-15ml\\\/#breadcrumb\"},\"inLanguage\":\"en-US\",\"potentialAction\":[{\"@type\":\"ReadAction\",\"target\":[\"https:\\\/\\\/vitablanca.ma\\\/produit\\\/eucerin-hyaluron-filler-soin-contour-des-yeux-spf15-15ml\\\/\"]}]},{\"@type\":\"ImageObject\",\"inLanguage\":\"en-US\",\"@id\":\"https:\\\/\\\/vitablanca.ma\\\/produit\\\/eucerin-hyaluron-filler-soin-contour-des-yeux-spf15-15ml\\\/#primaryimage\",\"url\":\"https:\\\/\\\/vitablanca.ma\\\/wp-content\\\/uploads\\\/2025\\\/06\\\/eucerin-hyaluron-filler-yeux-15-ml-parapharmacie-enligne-prix-maroc_50befa80-4838-4869-bf9b-d9155359bd58.jpg\",\"contentUrl\":\"https:\\\/\\\/vitablanca.ma\\\/wp-content\\\/uploads\\\/2025\\\/06\\\/eucerin-hyaluron-filler-yeux-15-ml-parapharmacie-enligne-prix-maroc_50befa80-4838-4869-bf9b-d9155359bd58.jpg\",\"width\":800,\"height\":800},{\"@type\":\"BreadcrumbList\",\"@id\":\"https:\\\/\\\/vitablanca.ma\\\/produit\\\/eucerin-hyaluron-filler-soin-contour-des-yeux-spf15-15ml\\\/#breadcrumb\",\"itemListElement\":[{\"@type\":\"ListItem\",\"position\":1,\"name\":\"Home\",\"item\":\"https:\\\/\\\/vitablanca.ma\\\/\"},{\"@type\":\"ListItem\",\"position\":2,\"name\":\"Tous Les Produits\",\"item\":\"https:\\\/\\\/vitablanca.ma\\\/tous-les-produits\\\/\"},{\"@type\":\"ListItem\",\"position\":3,\"name\":\"Eucerin HYALURON-FILLER Soin Contour Des Yeux SPF15 15ml\"}]},{\"@type\":\"WebSite\",\"@id\":\"https:\\\/\\\/vitablanca.ma\\\/#website\",\"url\":\"https:\\\/\\\/vitablanca.ma\\\/\",\"name\":\"VitaBlanca.ma | Compl\u00e9ments alimentaires, sant\u00e9 & beaut\u00e9 au Maroc\",\"description\":\"vendre vitamines et compl\u00e9ments premium des USA &amp; Canada, Nouvelle Z\u00e9lande,Maroc (NOW Foods, Solgar, Manuka). Livraison rapide partout au Maroc.\",\"publisher\":{\"@id\":\"https:\\\/\\\/vitablanca.ma\\\/#organization\"},\"alternateName\":\"VitaBlanca.ma\",\"potentialAction\":[{\"@type\":\"SearchAction\",\"target\":{\"@type\":\"EntryPoint\",\"urlTemplate\":\"https:\\\/\\\/vitablanca.ma\\\/?s={search_term_string}\"},\"query-input\":{\"@type\":\"PropertyValueSpecification\",\"valueRequired\":true,\"valueName\":\"search_term_string\"}}],\"inLanguage\":\"en-US\"},{\"@type\":\"Organization\",\"@id\":\"https:\\\/\\\/vitablanca.ma\\\/#organization\",\"name\":\"VitaBlanca\",\"url\":\"https:\\\/\\\/vitablanca.ma\\\/\",\"logo\":{\"@type\":\"ImageObject\",\"inLanguage\":\"en-US\",\"@id\":\"https:\\\/\\\/vitablanca.ma\\\/#\\\/schema\\\/logo\\\/image\\\/\",\"url\":\"https:\\\/\\\/vitablanca.ma\\\/wp-content\\\/uploads\\\/2025\\\/05\\\/cropped-vitablanca.png\",\"contentUrl\":\"https:\\\/\\\/vitablanca.ma\\\/wp-content\\\/uploads\\\/2025\\\/05\\\/cropped-vitablanca.png\",\"width\":360,\"height\":67,\"caption\":\"VitaBlanca\"},\"image\":{\"@id\":\"https:\\\/\\\/vitablanca.ma\\\/#\\\/schema\\\/logo\\\/image\\\/\"},\"sameAs\":[\"https:\\\/\\\/www.facebook.com\\\/profile.php?id=61576678196717\",\"https:\\\/\\\/www.tiktok.com\\\/@vitablanca.ma\",\"https:\\\/\\\/www.instagram.com\\\/vitablanca.ma\\\/\"]}]}<\/script>\n<!-- \/ Yoast SEO plugin. -->","yoast_head_json":{"title":"Eucerin Hyaluron-Filler Eye Cream SPF15 15ml - Morocco Price","description":"Eucerin Hyaluron-Filler Eye Cream SPF15 15ml","robots":{"index":"index","follow":"follow","max-snippet":"max-snippet:-1","max-image-preview":"max-image-preview:large","max-video-preview":"max-video-preview:-1"},"canonical":"https:\/\/vitablanca.ma\/en\/product\/eucerin-hyaluron-filler-soin-contour-des-yeux-spf15-15ml\/","og_locale":"en_US","og_type":"article","og_title":"Eucerin HYALURON-FILLER Soin Contour Des Yeux SPF15 15ml - Maroc Prix","og_description":"Eucerin HYALURON-FILLER Soin Contour Des Yeux SPF15 15ml","og_url":"https:\/\/vitablanca.ma\/en\/product\/eucerin-hyaluron-filler-soin-contour-des-yeux-spf15-15ml\/","og_site_name":"Vitablanca.ma &ndash; Sant&eacute;, vitalit&eacute; et bien-&ecirc;tre pour tous les Marocains","article_publisher":"https:\/\/www.facebook.com\/profile.php?id=61576678196717","article_modified_time":"2026-01-21T23:25:21+00:00","og_image":[{"width":800,"height":800,"url":"https:\/\/vitablanca.ma\/wp-content\/uploads\/2025\/06\/eucerin-hyaluron-filler-yeux-15-ml-parapharmacie-enligne-prix-maroc_50befa80-4838-4869-bf9b-d9155359bd58.jpg","type":"image\/jpeg"}],"twitter_card":"summary_large_image","twitter_misc":{"Est. reading time":"2 minutes"},"schema":{"@context":"https:\/\/schema.org","@graph":[{"@type":["WebPage","ItemPage"],"@id":"https:\/\/vitablanca.ma\/produit\/eucerin-hyaluron-filler-soin-contour-des-yeux-spf15-15ml\/","url":"https:\/\/vitablanca.ma\/produit\/eucerin-hyaluron-filler-soin-contour-des-yeux-spf15-15ml\/","name":"Eucerin Hyaluron-Filler Eye Cream SPF15 15ml - Morocco Price","isPartOf":{"@id":"https:\/\/vitablanca.ma\/#website"},"primaryImageOfPage":{"@id":"https:\/\/vitablanca.ma\/produit\/eucerin-hyaluron-filler-soin-contour-des-yeux-spf15-15ml\/#primaryimage"},"image":{"@id":"https:\/\/vitablanca.ma\/produit\/eucerin-hyaluron-filler-soin-contour-des-yeux-spf15-15ml\/#primaryimage"},"thumbnailUrl":"https:\/\/vitablanca.ma\/wp-content\/uploads\/2025\/06\/eucerin-hyaluron-filler-yeux-15-ml-parapharmacie-enligne-prix-maroc_50befa80-4838-4869-bf9b-d9155359bd58.jpg","datePublished":"2025-06-10T17:05:46+00:00","dateModified":"2026-01-21T23:25:21+00:00","description":"Eucerin Hyaluron-Filler Eye Cream SPF15 15ml","breadcrumb":{"@id":"https:\/\/vitablanca.ma\/produit\/eucerin-hyaluron-filler-soin-contour-des-yeux-spf15-15ml\/#breadcrumb"},"inLanguage":"en-US","potentialAction":[{"@type":"ReadAction","target":["https:\/\/vitablanca.ma\/produit\/eucerin-hyaluron-filler-soin-contour-des-yeux-spf15-15ml\/"]}]},{"@type":"ImageObject","inLanguage":"en-US","@id":"https:\/\/vitablanca.ma\/produit\/eucerin-hyaluron-filler-soin-contour-des-yeux-spf15-15ml\/#primaryimage","url":"https:\/\/vitablanca.ma\/wp-content\/uploads\/2025\/06\/eucerin-hyaluron-filler-yeux-15-ml-parapharmacie-enligne-prix-maroc_50befa80-4838-4869-bf9b-d9155359bd58.jpg","contentUrl":"https:\/\/vitablanca.ma\/wp-content\/uploads\/2025\/06\/eucerin-hyaluron-filler-yeux-15-ml-parapharmacie-enligne-prix-maroc_50befa80-4838-4869-bf9b-d9155359bd58.jpg","width":800,"height":800},{"@type":"BreadcrumbList","@id":"https:\/\/vitablanca.ma\/produit\/eucerin-hyaluron-filler-soin-contour-des-yeux-spf15-15ml\/#breadcrumb","itemListElement":[{"@type":"ListItem","position":1,"name":"Home","item":"https:\/\/vitablanca.ma\/"},{"@type":"ListItem","position":2,"name":"Tous Les Produits","item":"https:\/\/vitablanca.ma\/tous-les-produits\/"},{"@type":"ListItem","position":3,"name":"Eucerin HYALURON-FILLER Soin Contour Des Yeux SPF15 15ml"}]},{"@type":"WebSite","@id":"https:\/\/vitablanca.ma\/#website","url":"https:\/\/vitablanca.ma\/","name":"VitaBlanca.ma | Food supplements, health &amp; beauty in Morocco","description":"sell premium vitamins and supplements from USA &amp; Canada, New Zealand, Morocco (NOW Foods, Solgar, Manuka). Fast delivery anywhere in Morocco.","publisher":{"@id":"https:\/\/vitablanca.ma\/#organization"},"alternateName":"VitaBlanca.ma","potentialAction":[{"@type":"SearchAction","target":{"@type":"EntryPoint","urlTemplate":"https:\/\/vitablanca.ma\/?s={search_term_string}"},"query-input":{"@type":"PropertyValueSpecification","valueRequired":true,"valueName":"search_term_string"}}],"inLanguage":"en-US"},{"@type":"Organization","@id":"https:\/\/vitablanca.ma\/#organization","name":"VitaBlanca","url":"https:\/\/vitablanca.ma\/","logo":{"@type":"ImageObject","inLanguage":"en-US","@id":"https:\/\/vitablanca.ma\/#\/schema\/logo\/image\/","url":"https:\/\/vitablanca.ma\/wp-content\/uploads\/2025\/05\/cropped-vitablanca.png","contentUrl":"https:\/\/vitablanca.ma\/wp-content\/uploads\/2025\/05\/cropped-vitablanca.png","width":360,"height":67,"caption":"VitaBlanca"},"image":{"@id":"https:\/\/vitablanca.ma\/#\/schema\/logo\/image\/"},"sameAs":["https:\/\/www.facebook.com\/profile.php?id=61576678196717","https:\/\/www.tiktok.com\/@vitablanca.ma","https:\/\/www.instagram.com\/vitablanca.ma\/"]}]}},"jetpack_sharing_enabled":true,"_links":{"self":[{"href":"https:\/\/vitablanca.ma\/en\/wp-json\/wp\/v2\/product\/17699","targetHints":{"allow":["GET"]}}],"collection":[{"href":"https:\/\/vitablanca.ma\/en\/wp-json\/wp\/v2\/product"}],"about":[{"href":"https:\/\/vitablanca.ma\/en\/wp-json\/wp\/v2\/types\/product"}],"wp:featuredmedia":[{"embeddable":true,"href":"https:\/\/vitablanca.ma\/en\/wp-json\/wp\/v2\/media\/17690"}],"wp:attachment":[{"href":"https:\/\/vitablanca.ma\/en\/wp-json\/wp\/v2\/media?parent=17699"}],"wp:term":[{"taxonomy":"product_brand","embeddable":true,"href":"https:\/\/vitablanca.ma\/en\/wp-json\/wp\/v2\/product_brand?post=17699"},{"taxonomy":"product_cat","embeddable":true,"href":"https:\/\/vitablanca.ma\/en\/wp-json\/wp\/v2\/product_cat?post=17699"},{"taxonomy":"product_tag","embeddable":true,"href":"https:\/\/vitablanca.ma\/en\/wp-json\/wp\/v2\/product_tag?post=17699"}],"curies":[{"name":"wp","href":"https:\/\/api.w.org\/{rel}","templated":true}]}}