{"id":17674,"date":"2025-06-10T17:05:24","date_gmt":"2025-06-10T17:05:24","guid":{"rendered":"https:\/\/vitablanca.ma\/product\/eucerin-anti-pigment-soin-de-nuit-50ml\/"},"modified":"2026-01-21T23:25:21","modified_gmt":"2026-01-21T23:25:21","slug":"eucerin-anti-pigment-soin-de-nuit-50ml","status":"publish","type":"product","link":"https:\/\/vitablanca.ma\/en\/product\/eucerin-anti-pigment-soin-de-nuit-50ml\/","title":{"rendered":"Eucerin Anti-Pigment Night Care 50ml"},"content":{"rendered":"<h2>Eucerin Anti-Pigment Night Care\u00a0<span data-mce-fragment=\"1\">regenerative for even and radiant skin.<\/span><br \/>\n<\/h2>\n<p><span data-mce-fragment=\"1\">Effectively reduces dark spots and prevents their reappearance for a radiant complexion.<br \/><\/span><span data-mce-fragment=\"1\">Thiamidol-based night cream.<br \/>Effectively reduces dark spots and prevents their reappearance.<br \/>Supports skin cell renewal overnight.<br \/>50ml.<\/span><\/p>\n<h2 class=\"uk-accordion-title\">About ANTI-PIGMENT Night Care<\/h2>\n<div class=\"uk-accordion-content\">\n<section class=\"eucerin-cp cp-text right\">\n<div class=\"text\">\n<p>Melanin is a natural pigment that gives color to the skin. Exposure to<span>\u00a0<\/span>Sunlight, hormonal influences and aging can lead to increased melanin production and trigger<span>\u00a0<\/span>hyperpigmentation. Hyperpigmentation appears as dark spots and<span>\u00a0<\/span>age spots<span>\u00a0<\/span>(also called<span>\u00a0<\/span>sun spots) which give the skin an uneven appearance.<\/p>\n<p>Eucerin ANTI-PIGMENT Night Care contains<span>\u00a0<\/span>Thiamidol, an effective and patented ingredient that acts at the root of hyperpigmentation by reducing melanin production. It is clinically and dermatologically proven to reduce dark spots and prevent their recurrence. Initial results are visible after two weeks and continually improve with regular use.<br class=\"t-last-br\"><\/p>\n<p>The night cream also contains<span>\u00a0<\/span>Dexpanthenol \u2013 an active ingredient known to promote skin regeneration overnight. Skin appears even, radiant, and glowing.<\/div>\n<div class=\"text\"><\/div>\n<div class=\"text\">\n<h3 class=\"hdl-3\">Directions for use<\/h3>\n<div class=\"text\">\n<section class=\"eucerin-cp cp-image\">Apply a small amount of cream and massage gently.<\/section>\n<ul>\n<li>Apply in the evening to a well-cleansed face, neck and d\u00e9collet\u00e9<\/li>\n<li>Gently massage the skin<\/li>\n<li>Avoid contact with eyes<\/li>\n<li>For best results, use in conjunction with<span>\u00a0<\/span>Eucerin ANTI-PIGMENT Day Care SPF 30 and<span>\u00a0<\/span>Eucerin ANTI-PIGMENT Dark Spot Corrector<\/li>\n<li>Apply each product in the range once a day. Use a maximum of four applications of products containing<span>\u00a0<\/span>Thiamidol per day.<\/li>\n<\/ul>\n<\/div>\n<\/div>\n<\/section>\n<\/div>","protected":false},"excerpt":{"rendered":"<p>Eucerin Anti-Pigment Soin De Nuit\u00a0r\u00e9g\u00e9n\u00e9ratrice pour une peau uniforme et radieuse. R\u00e9duit efficacement les taches brunes et emp\u00eache leur r\u00e9apparition pour un teint \u00e9clatant.Cr\u00e8me de nuit \u00e0 base de Thiamidol.R\u00e9duit efficacement les taches brunes et emp\u00eache leur r\u00e9apparition.Prend en charge le renouvellement cellulaire de la peau pendant la nuit.50ml. \u00c0 propos de ANTI-PIGMENT Soin de [&hellip;]<\/p>\n","protected":false},"featured_media":17659,"template":"","meta":{"om_disable_all_campaigns":false},"product_brand":[5994],"product_cat":[18,15],"product_tag":[],"class_list":{"0":"post-17674","1":"product","2":"type-product","3":"status-publish","4":"has-post-thumbnail","6":"product_brand-eucerin-maroc-prix","7":"product_cat-beaute-sante","8":"product_cat-beaute-sante-complements-alimentaires-soins-et-bien-etre-au-meilleur-prix","10":"first","11":"instock","12":"sale","13":"taxable","14":"shipping-taxable","15":"purchasable","16":"product-type-simple"},"yoast_head":"<!-- This site is optimized with the Yoast SEO plugin v27.3 - https:\/\/yoast.com\/product\/yoast-seo-wordpress\/ -->\n<title>Eucerin Anti-Pigment Soin De Nuit 50ml - Maroc Prix<\/title>\n<meta name=\"description\" content=\"Eucerin Anti-Pigment Soin De Nuit 50ml\" \/>\n<meta name=\"robots\" content=\"index, follow, max-snippet:-1, max-image-preview:large, max-video-preview:-1\" \/>\n<link rel=\"canonical\" href=\"https:\/\/vitablanca.ma\/en\/product\/eucerin-anti-pigment-soin-de-nuit-50ml\/\" \/>\n<meta property=\"og:locale\" content=\"en_US\" \/>\n<meta property=\"og:type\" content=\"article\" \/>\n<meta property=\"og:title\" content=\"Eucerin Anti-Pigment Soin De Nuit 50ml - Maroc Prix\" \/>\n<meta property=\"og:description\" content=\"Eucerin Anti-Pigment Soin De Nuit 50ml\" \/>\n<meta property=\"og:url\" content=\"https:\/\/vitablanca.ma\/en\/product\/eucerin-anti-pigment-soin-de-nuit-50ml\/\" \/>\n<meta property=\"og:site_name\" content=\"Vitablanca.ma &ndash; Sant&eacute;, vitalit&eacute; et bien-&ecirc;tre pour tous les Marocains\" \/>\n<meta property=\"article:publisher\" content=\"https:\/\/www.facebook.com\/profile.php?id=61576678196717\" \/>\n<meta property=\"article:modified_time\" content=\"2026-01-21T23:25:21+00:00\" \/>\n<meta property=\"og:image\" content=\"https:\/\/vitablanca.ma\/wp-content\/uploads\/2025\/06\/anti-pigment-soin-de-nuit-parapharmacie-enligne-prix-maroc_24563997-b729-4e91-ad7b-73b6de34e2da.jpg\" \/>\n\t<meta property=\"og:image:width\" content=\"800\" \/>\n\t<meta property=\"og:image:height\" content=\"800\" \/>\n\t<meta property=\"og:image:type\" content=\"image\/jpeg\" \/>\n<meta name=\"twitter:card\" content=\"summary_large_image\" \/>\n<meta name=\"twitter:label1\" content=\"Est. reading time\" \/>\n\t<meta name=\"twitter:data1\" content=\"2 minutes\" \/>\n<script type=\"application\/ld+json\" class=\"yoast-schema-graph\">{\"@context\":\"https:\\\/\\\/schema.org\",\"@graph\":[{\"@type\":[\"WebPage\",\"ItemPage\"],\"@id\":\"https:\\\/\\\/vitablanca.ma\\\/produit\\\/eucerin-anti-pigment-soin-de-nuit-50ml\\\/\",\"url\":\"https:\\\/\\\/vitablanca.ma\\\/produit\\\/eucerin-anti-pigment-soin-de-nuit-50ml\\\/\",\"name\":\"Eucerin Anti-Pigment Soin De Nuit 50ml - Maroc Prix\",\"isPartOf\":{\"@id\":\"https:\\\/\\\/vitablanca.ma\\\/#website\"},\"primaryImageOfPage\":{\"@id\":\"https:\\\/\\\/vitablanca.ma\\\/produit\\\/eucerin-anti-pigment-soin-de-nuit-50ml\\\/#primaryimage\"},\"image\":{\"@id\":\"https:\\\/\\\/vitablanca.ma\\\/produit\\\/eucerin-anti-pigment-soin-de-nuit-50ml\\\/#primaryimage\"},\"thumbnailUrl\":\"https:\\\/\\\/vitablanca.ma\\\/wp-content\\\/uploads\\\/2025\\\/06\\\/anti-pigment-soin-de-nuit-parapharmacie-enligne-prix-maroc_24563997-b729-4e91-ad7b-73b6de34e2da.jpg\",\"datePublished\":\"2025-06-10T17:05:24+00:00\",\"dateModified\":\"2026-01-21T23:25:21+00:00\",\"description\":\"Eucerin Anti-Pigment Soin De Nuit 50ml\",\"breadcrumb\":{\"@id\":\"https:\\\/\\\/vitablanca.ma\\\/produit\\\/eucerin-anti-pigment-soin-de-nuit-50ml\\\/#breadcrumb\"},\"inLanguage\":\"en-US\",\"potentialAction\":[{\"@type\":\"ReadAction\",\"target\":[\"https:\\\/\\\/vitablanca.ma\\\/produit\\\/eucerin-anti-pigment-soin-de-nuit-50ml\\\/\"]}]},{\"@type\":\"ImageObject\",\"inLanguage\":\"en-US\",\"@id\":\"https:\\\/\\\/vitablanca.ma\\\/produit\\\/eucerin-anti-pigment-soin-de-nuit-50ml\\\/#primaryimage\",\"url\":\"https:\\\/\\\/vitablanca.ma\\\/wp-content\\\/uploads\\\/2025\\\/06\\\/anti-pigment-soin-de-nuit-parapharmacie-enligne-prix-maroc_24563997-b729-4e91-ad7b-73b6de34e2da.jpg\",\"contentUrl\":\"https:\\\/\\\/vitablanca.ma\\\/wp-content\\\/uploads\\\/2025\\\/06\\\/anti-pigment-soin-de-nuit-parapharmacie-enligne-prix-maroc_24563997-b729-4e91-ad7b-73b6de34e2da.jpg\",\"width\":800,\"height\":800},{\"@type\":\"BreadcrumbList\",\"@id\":\"https:\\\/\\\/vitablanca.ma\\\/produit\\\/eucerin-anti-pigment-soin-de-nuit-50ml\\\/#breadcrumb\",\"itemListElement\":[{\"@type\":\"ListItem\",\"position\":1,\"name\":\"Home\",\"item\":\"https:\\\/\\\/vitablanca.ma\\\/\"},{\"@type\":\"ListItem\",\"position\":2,\"name\":\"Tous Les Produits\",\"item\":\"https:\\\/\\\/vitablanca.ma\\\/tous-les-produits\\\/\"},{\"@type\":\"ListItem\",\"position\":3,\"name\":\"Eucerin Anti-Pigment Soin De Nuit 50ml\"}]},{\"@type\":\"WebSite\",\"@id\":\"https:\\\/\\\/vitablanca.ma\\\/#website\",\"url\":\"https:\\\/\\\/vitablanca.ma\\\/\",\"name\":\"VitaBlanca.ma | Compl\u00e9ments alimentaires, sant\u00e9 & beaut\u00e9 au Maroc\",\"description\":\"vendre vitamines et compl\u00e9ments premium des USA &amp; Canada, Nouvelle Z\u00e9lande,Maroc (NOW Foods, Solgar, Manuka). Livraison rapide partout au Maroc.\",\"publisher\":{\"@id\":\"https:\\\/\\\/vitablanca.ma\\\/#organization\"},\"alternateName\":\"VitaBlanca.ma\",\"potentialAction\":[{\"@type\":\"SearchAction\",\"target\":{\"@type\":\"EntryPoint\",\"urlTemplate\":\"https:\\\/\\\/vitablanca.ma\\\/?s={search_term_string}\"},\"query-input\":{\"@type\":\"PropertyValueSpecification\",\"valueRequired\":true,\"valueName\":\"search_term_string\"}}],\"inLanguage\":\"en-US\"},{\"@type\":\"Organization\",\"@id\":\"https:\\\/\\\/vitablanca.ma\\\/#organization\",\"name\":\"VitaBlanca\",\"url\":\"https:\\\/\\\/vitablanca.ma\\\/\",\"logo\":{\"@type\":\"ImageObject\",\"inLanguage\":\"en-US\",\"@id\":\"https:\\\/\\\/vitablanca.ma\\\/#\\\/schema\\\/logo\\\/image\\\/\",\"url\":\"https:\\\/\\\/vitablanca.ma\\\/wp-content\\\/uploads\\\/2025\\\/05\\\/cropped-vitablanca.png\",\"contentUrl\":\"https:\\\/\\\/vitablanca.ma\\\/wp-content\\\/uploads\\\/2025\\\/05\\\/cropped-vitablanca.png\",\"width\":360,\"height\":67,\"caption\":\"VitaBlanca\"},\"image\":{\"@id\":\"https:\\\/\\\/vitablanca.ma\\\/#\\\/schema\\\/logo\\\/image\\\/\"},\"sameAs\":[\"https:\\\/\\\/www.facebook.com\\\/profile.php?id=61576678196717\",\"https:\\\/\\\/www.tiktok.com\\\/@vitablanca.ma\",\"https:\\\/\\\/www.instagram.com\\\/vitablanca.ma\\\/\"]}]}<\/script>\n<!-- \/ Yoast SEO plugin. -->","yoast_head_json":{"title":"Eucerin Anti-Pigment Night Care 50ml - Morocco Price","description":"Eucerin Anti-Pigment Night Care 50ml","robots":{"index":"index","follow":"follow","max-snippet":"max-snippet:-1","max-image-preview":"max-image-preview:large","max-video-preview":"max-video-preview:-1"},"canonical":"https:\/\/vitablanca.ma\/en\/product\/eucerin-anti-pigment-soin-de-nuit-50ml\/","og_locale":"en_US","og_type":"article","og_title":"Eucerin Anti-Pigment Soin De Nuit 50ml - Maroc Prix","og_description":"Eucerin Anti-Pigment Soin De Nuit 50ml","og_url":"https:\/\/vitablanca.ma\/en\/product\/eucerin-anti-pigment-soin-de-nuit-50ml\/","og_site_name":"Vitablanca.ma &ndash; Sant&eacute;, vitalit&eacute; et bien-&ecirc;tre pour tous les Marocains","article_publisher":"https:\/\/www.facebook.com\/profile.php?id=61576678196717","article_modified_time":"2026-01-21T23:25:21+00:00","og_image":[{"width":800,"height":800,"url":"https:\/\/vitablanca.ma\/wp-content\/uploads\/2025\/06\/anti-pigment-soin-de-nuit-parapharmacie-enligne-prix-maroc_24563997-b729-4e91-ad7b-73b6de34e2da.jpg","type":"image\/jpeg"}],"twitter_card":"summary_large_image","twitter_misc":{"Est. reading time":"2 minutes"},"schema":{"@context":"https:\/\/schema.org","@graph":[{"@type":["WebPage","ItemPage"],"@id":"https:\/\/vitablanca.ma\/produit\/eucerin-anti-pigment-soin-de-nuit-50ml\/","url":"https:\/\/vitablanca.ma\/produit\/eucerin-anti-pigment-soin-de-nuit-50ml\/","name":"Eucerin Anti-Pigment Night Care 50ml - Morocco Price","isPartOf":{"@id":"https:\/\/vitablanca.ma\/#website"},"primaryImageOfPage":{"@id":"https:\/\/vitablanca.ma\/produit\/eucerin-anti-pigment-soin-de-nuit-50ml\/#primaryimage"},"image":{"@id":"https:\/\/vitablanca.ma\/produit\/eucerin-anti-pigment-soin-de-nuit-50ml\/#primaryimage"},"thumbnailUrl":"https:\/\/vitablanca.ma\/wp-content\/uploads\/2025\/06\/anti-pigment-soin-de-nuit-parapharmacie-enligne-prix-maroc_24563997-b729-4e91-ad7b-73b6de34e2da.jpg","datePublished":"2025-06-10T17:05:24+00:00","dateModified":"2026-01-21T23:25:21+00:00","description":"Eucerin Anti-Pigment Night Care 50ml","breadcrumb":{"@id":"https:\/\/vitablanca.ma\/produit\/eucerin-anti-pigment-soin-de-nuit-50ml\/#breadcrumb"},"inLanguage":"en-US","potentialAction":[{"@type":"ReadAction","target":["https:\/\/vitablanca.ma\/produit\/eucerin-anti-pigment-soin-de-nuit-50ml\/"]}]},{"@type":"ImageObject","inLanguage":"en-US","@id":"https:\/\/vitablanca.ma\/produit\/eucerin-anti-pigment-soin-de-nuit-50ml\/#primaryimage","url":"https:\/\/vitablanca.ma\/wp-content\/uploads\/2025\/06\/anti-pigment-soin-de-nuit-parapharmacie-enligne-prix-maroc_24563997-b729-4e91-ad7b-73b6de34e2da.jpg","contentUrl":"https:\/\/vitablanca.ma\/wp-content\/uploads\/2025\/06\/anti-pigment-soin-de-nuit-parapharmacie-enligne-prix-maroc_24563997-b729-4e91-ad7b-73b6de34e2da.jpg","width":800,"height":800},{"@type":"BreadcrumbList","@id":"https:\/\/vitablanca.ma\/produit\/eucerin-anti-pigment-soin-de-nuit-50ml\/#breadcrumb","itemListElement":[{"@type":"ListItem","position":1,"name":"Home","item":"https:\/\/vitablanca.ma\/"},{"@type":"ListItem","position":2,"name":"Tous Les Produits","item":"https:\/\/vitablanca.ma\/tous-les-produits\/"},{"@type":"ListItem","position":3,"name":"Eucerin Anti-Pigment Soin De Nuit 50ml"}]},{"@type":"WebSite","@id":"https:\/\/vitablanca.ma\/#website","url":"https:\/\/vitablanca.ma\/","name":"VitaBlanca.ma | Food supplements, health &amp; beauty in Morocco","description":"sell premium vitamins and supplements from USA &amp; Canada, New Zealand, Morocco (NOW Foods, Solgar, Manuka). Fast delivery anywhere in Morocco.","publisher":{"@id":"https:\/\/vitablanca.ma\/#organization"},"alternateName":"VitaBlanca.ma","potentialAction":[{"@type":"SearchAction","target":{"@type":"EntryPoint","urlTemplate":"https:\/\/vitablanca.ma\/?s={search_term_string}"},"query-input":{"@type":"PropertyValueSpecification","valueRequired":true,"valueName":"search_term_string"}}],"inLanguage":"en-US"},{"@type":"Organization","@id":"https:\/\/vitablanca.ma\/#organization","name":"VitaBlanca","url":"https:\/\/vitablanca.ma\/","logo":{"@type":"ImageObject","inLanguage":"en-US","@id":"https:\/\/vitablanca.ma\/#\/schema\/logo\/image\/","url":"https:\/\/vitablanca.ma\/wp-content\/uploads\/2025\/05\/cropped-vitablanca.png","contentUrl":"https:\/\/vitablanca.ma\/wp-content\/uploads\/2025\/05\/cropped-vitablanca.png","width":360,"height":67,"caption":"VitaBlanca"},"image":{"@id":"https:\/\/vitablanca.ma\/#\/schema\/logo\/image\/"},"sameAs":["https:\/\/www.facebook.com\/profile.php?id=61576678196717","https:\/\/www.tiktok.com\/@vitablanca.ma","https:\/\/www.instagram.com\/vitablanca.ma\/"]}]}},"jetpack_sharing_enabled":true,"_links":{"self":[{"href":"https:\/\/vitablanca.ma\/en\/wp-json\/wp\/v2\/product\/17674","targetHints":{"allow":["GET"]}}],"collection":[{"href":"https:\/\/vitablanca.ma\/en\/wp-json\/wp\/v2\/product"}],"about":[{"href":"https:\/\/vitablanca.ma\/en\/wp-json\/wp\/v2\/types\/product"}],"wp:featuredmedia":[{"embeddable":true,"href":"https:\/\/vitablanca.ma\/en\/wp-json\/wp\/v2\/media\/17659"}],"wp:attachment":[{"href":"https:\/\/vitablanca.ma\/en\/wp-json\/wp\/v2\/media?parent=17674"}],"wp:term":[{"taxonomy":"product_brand","embeddable":true,"href":"https:\/\/vitablanca.ma\/en\/wp-json\/wp\/v2\/product_brand?post=17674"},{"taxonomy":"product_cat","embeddable":true,"href":"https:\/\/vitablanca.ma\/en\/wp-json\/wp\/v2\/product_cat?post=17674"},{"taxonomy":"product_tag","embeddable":true,"href":"https:\/\/vitablanca.ma\/en\/wp-json\/wp\/v2\/product_tag?post=17674"}],"curies":[{"name":"wp","href":"https:\/\/api.w.org\/{rel}","templated":true}]}}