{"id":17654,"date":"2025-06-10T17:05:06","date_gmt":"2025-06-10T17:05:06","guid":{"rendered":"https:\/\/vitablanca.ma\/product\/eucerin-urearepair-plus-emollient-10-duree-250ml\/"},"modified":"2026-01-21T23:25:21","modified_gmt":"2026-01-21T23:25:21","slug":"eucerin-urearepair-plus-emollient-10-duree-250ml","status":"publish","type":"product","link":"https:\/\/vitablanca.ma\/en\/product\/eucerin-urearepair-plus-emollient-10-duree-250ml\/","title":{"rendered":"Eucerin UreaRepair PLUS Urea Emollient 10% 250ml"},"content":{"rendered":"<h2>Eucerin UreaRepair PLUS Urea Emollient 10%.<\/h2>\n<p class=\"hdl-3\">The essential for dry skin 92% extra hydration.*<\/p>\n<div class=\"text\">\n<p>This rich, yet easily absorbed body lotion combines three actions to moisturize and soothe very dry, rough, and tight skin.<br \/>250ml.<\/p>\n<h2 class=\"uk-accordion-title\">About Urea UREAREPAIR Emollient 10% Dry Skin Body Lotion<\/h2>\n<div class=\"uk-accordion-content\">\n<section class=\"eucerin-cp cp-text right\">\n<div class=\"text\">\n<p>EUCERIN UreaRepair PLUS Urea Emollient 10% contains a unique and highly effective combination of ingredients naturally present in the skin that fight against the main signs of<span>\u00a0<\/span>dry skin:<\/p>\n<ul>\n<li>Urea<span>\u00a0<\/span>and<span>\u00a0<\/span>natural moisturizing factors (NMF)<span>\u00a0<\/span>locking in moisture to hydrate the upper layers of the skin.<\/li>\n<li>Ceramide 3<span>\u00a0<\/span>strengthens the skin&#039;s natural protective barrier to prevent water loss through evaporation and block irritating substances that can cause itching.<\/li>\n<li>Glucoglycerol<span>\u00a0<\/span>repairs the natural water distribution network in the deep layers of the epidermis to promote the natural flow of moisture to the upper layers, thus ensuring long-lasting hydration.<\/li>\n<\/ul>\n<h3 class=\"hdl-3\">Properties<\/h3>\n<div class=\"text\">\n<section class=\"eucerin-cp cp-image lowerThanRatio\"><\/section>\n<ul>\n<li>fragrance-free<\/li>\n<li>without colorings<\/li>\n<\/ul>\n<h3 class=\"hdl-3\">Directions for use<\/h3>\n<div class=\"text\">\n<section class=\"eucerin-cp cp-image\"><\/section>\n<ol>\n<li>Make sure your skin is clean and dry before applying the product.<\/li>\n<li>Massage the cream gently until completely absorbed.<\/li>\n<li>Apply as often as needed.<\/li>\n<\/ol>\n<\/div>\n<\/div>\n<\/div>\n<\/section>\n<\/div>\n<\/div>","protected":false},"excerpt":{"rendered":"<p>Eucerin UreaRepair PLUS \u00c9mollient 10% d&rsquo;Ur\u00e9e. L\u2019indispensable de la peau s\u00e8che 92% d\u2019hydratation en plus.* Cette lotion pour le corps riche, mais qui p\u00e9n\u00e8tre facilement, combine trois actions pour hydrater, apaiser les peaux tr\u00e8s s\u00e8ches, rugueuses et qui tiraillent.250ml. \u00c0 propos de Lotion corps peau s\u00e8che Emollient 10% Ur\u00e9e UREAREPAIR EUCERIN UreaRepair\u00a0PLUS \u00c9mollient 10% d&rsquo;ur\u00e9e [&hellip;]<\/p>\n","protected":false},"featured_media":17645,"template":"","meta":{"om_disable_all_campaigns":false},"product_brand":[5994],"product_cat":[18,15],"product_tag":[],"class_list":{"0":"post-17654","1":"product","2":"type-product","3":"status-publish","4":"has-post-thumbnail","6":"product_brand-eucerin-maroc-prix","7":"product_cat-beaute-sante","8":"product_cat-beaute-sante-complements-alimentaires-soins-et-bien-etre-au-meilleur-prix","10":"first","11":"instock","12":"sale","13":"taxable","14":"shipping-taxable","15":"purchasable","16":"product-type-simple"},"yoast_head":"<!-- This site is optimized with the Yoast SEO plugin v27.3 - https:\/\/yoast.com\/product\/yoast-seo-wordpress\/ -->\n<title>Eucerin UreaRepair PLUS \u00c9mollient 10% d&#039;Ur\u00e9e 250ml - Maroc Prix<\/title>\n<meta name=\"description\" content=\"Eucerin UreaRepair PLUS \u00c9mollient 10% d&#039;Ur\u00e9e 250ml\" \/>\n<meta name=\"robots\" content=\"index, follow, max-snippet:-1, max-image-preview:large, max-video-preview:-1\" \/>\n<link rel=\"canonical\" href=\"https:\/\/vitablanca.ma\/en\/product\/eucerin-urearepair-plus-emollient-10-duree-250ml\/\" \/>\n<meta property=\"og:locale\" content=\"en_US\" \/>\n<meta property=\"og:type\" content=\"article\" \/>\n<meta property=\"og:title\" content=\"Eucerin UreaRepair PLUS \u00c9mollient 10% d&#039;Ur\u00e9e 250ml - Maroc Prix\" \/>\n<meta property=\"og:description\" content=\"Eucerin UreaRepair PLUS \u00c9mollient 10% d&#039;Ur\u00e9e 250ml\" \/>\n<meta property=\"og:url\" content=\"https:\/\/vitablanca.ma\/en\/product\/eucerin-urearepair-plus-emollient-10-duree-250ml\/\" \/>\n<meta property=\"og:site_name\" content=\"Vitablanca.ma &ndash; Sant&eacute;, vitalit&eacute; et bien-&ecirc;tre pour tous les Marocains\" \/>\n<meta property=\"article:publisher\" content=\"https:\/\/www.facebook.com\/profile.php?id=61576678196717\" \/>\n<meta property=\"article:modified_time\" content=\"2026-01-21T23:25:21+00:00\" \/>\n<meta property=\"og:image\" content=\"https:\/\/vitablanca.ma\/wp-content\/uploads\/2025\/06\/Eucerin-UreaRepair-PLUS-Emollient-10_-d_Uree-250ml-nova-parapharmacie-casablanca.jpg\" \/>\n\t<meta property=\"og:image:width\" content=\"1000\" \/>\n\t<meta property=\"og:image:height\" content=\"1000\" \/>\n\t<meta property=\"og:image:type\" content=\"image\/jpeg\" \/>\n<meta name=\"twitter:card\" content=\"summary_large_image\" \/>\n<meta name=\"twitter:label1\" content=\"Est. reading time\" \/>\n\t<meta name=\"twitter:data1\" content=\"1 minute\" \/>\n<script type=\"application\/ld+json\" class=\"yoast-schema-graph\">{\"@context\":\"https:\\\/\\\/schema.org\",\"@graph\":[{\"@type\":[\"WebPage\",\"ItemPage\"],\"@id\":\"https:\\\/\\\/vitablanca.ma\\\/produit\\\/eucerin-urearepair-plus-emollient-10-duree-250ml\\\/\",\"url\":\"https:\\\/\\\/vitablanca.ma\\\/produit\\\/eucerin-urearepair-plus-emollient-10-duree-250ml\\\/\",\"name\":\"Eucerin UreaRepair PLUS \u00c9mollient 10% d'Ur\u00e9e 250ml - Maroc Prix\",\"isPartOf\":{\"@id\":\"https:\\\/\\\/vitablanca.ma\\\/#website\"},\"primaryImageOfPage\":{\"@id\":\"https:\\\/\\\/vitablanca.ma\\\/produit\\\/eucerin-urearepair-plus-emollient-10-duree-250ml\\\/#primaryimage\"},\"image\":{\"@id\":\"https:\\\/\\\/vitablanca.ma\\\/produit\\\/eucerin-urearepair-plus-emollient-10-duree-250ml\\\/#primaryimage\"},\"thumbnailUrl\":\"https:\\\/\\\/vitablanca.ma\\\/wp-content\\\/uploads\\\/2025\\\/06\\\/Eucerin-UreaRepair-PLUS-Emollient-10_-d_Uree-250ml-nova-parapharmacie-casablanca.jpg\",\"datePublished\":\"2025-06-10T17:05:06+00:00\",\"dateModified\":\"2026-01-21T23:25:21+00:00\",\"description\":\"Eucerin UreaRepair PLUS \u00c9mollient 10% d'Ur\u00e9e 250ml\",\"breadcrumb\":{\"@id\":\"https:\\\/\\\/vitablanca.ma\\\/produit\\\/eucerin-urearepair-plus-emollient-10-duree-250ml\\\/#breadcrumb\"},\"inLanguage\":\"en-US\",\"potentialAction\":[{\"@type\":\"ReadAction\",\"target\":[\"https:\\\/\\\/vitablanca.ma\\\/produit\\\/eucerin-urearepair-plus-emollient-10-duree-250ml\\\/\"]}]},{\"@type\":\"ImageObject\",\"inLanguage\":\"en-US\",\"@id\":\"https:\\\/\\\/vitablanca.ma\\\/produit\\\/eucerin-urearepair-plus-emollient-10-duree-250ml\\\/#primaryimage\",\"url\":\"https:\\\/\\\/vitablanca.ma\\\/wp-content\\\/uploads\\\/2025\\\/06\\\/Eucerin-UreaRepair-PLUS-Emollient-10_-d_Uree-250ml-nova-parapharmacie-casablanca.jpg\",\"contentUrl\":\"https:\\\/\\\/vitablanca.ma\\\/wp-content\\\/uploads\\\/2025\\\/06\\\/Eucerin-UreaRepair-PLUS-Emollient-10_-d_Uree-250ml-nova-parapharmacie-casablanca.jpg\",\"width\":1000,\"height\":1000},{\"@type\":\"BreadcrumbList\",\"@id\":\"https:\\\/\\\/vitablanca.ma\\\/produit\\\/eucerin-urearepair-plus-emollient-10-duree-250ml\\\/#breadcrumb\",\"itemListElement\":[{\"@type\":\"ListItem\",\"position\":1,\"name\":\"Home\",\"item\":\"https:\\\/\\\/vitablanca.ma\\\/\"},{\"@type\":\"ListItem\",\"position\":2,\"name\":\"Tous Les Produits\",\"item\":\"https:\\\/\\\/vitablanca.ma\\\/tous-les-produits\\\/\"},{\"@type\":\"ListItem\",\"position\":3,\"name\":\"Eucerin UreaRepair PLUS \u00c9mollient 10% d&#8217;Ur\u00e9e 250ml\"}]},{\"@type\":\"WebSite\",\"@id\":\"https:\\\/\\\/vitablanca.ma\\\/#website\",\"url\":\"https:\\\/\\\/vitablanca.ma\\\/\",\"name\":\"VitaBlanca.ma | Compl\u00e9ments alimentaires, sant\u00e9 & beaut\u00e9 au Maroc\",\"description\":\"vendre vitamines et compl\u00e9ments premium des USA &amp; Canada, Nouvelle Z\u00e9lande,Maroc (NOW Foods, Solgar, Manuka). Livraison rapide partout au Maroc.\",\"publisher\":{\"@id\":\"https:\\\/\\\/vitablanca.ma\\\/#organization\"},\"alternateName\":\"VitaBlanca.ma\",\"potentialAction\":[{\"@type\":\"SearchAction\",\"target\":{\"@type\":\"EntryPoint\",\"urlTemplate\":\"https:\\\/\\\/vitablanca.ma\\\/?s={search_term_string}\"},\"query-input\":{\"@type\":\"PropertyValueSpecification\",\"valueRequired\":true,\"valueName\":\"search_term_string\"}}],\"inLanguage\":\"en-US\"},{\"@type\":\"Organization\",\"@id\":\"https:\\\/\\\/vitablanca.ma\\\/#organization\",\"name\":\"VitaBlanca\",\"url\":\"https:\\\/\\\/vitablanca.ma\\\/\",\"logo\":{\"@type\":\"ImageObject\",\"inLanguage\":\"en-US\",\"@id\":\"https:\\\/\\\/vitablanca.ma\\\/#\\\/schema\\\/logo\\\/image\\\/\",\"url\":\"https:\\\/\\\/vitablanca.ma\\\/wp-content\\\/uploads\\\/2025\\\/05\\\/cropped-vitablanca.png\",\"contentUrl\":\"https:\\\/\\\/vitablanca.ma\\\/wp-content\\\/uploads\\\/2025\\\/05\\\/cropped-vitablanca.png\",\"width\":360,\"height\":67,\"caption\":\"VitaBlanca\"},\"image\":{\"@id\":\"https:\\\/\\\/vitablanca.ma\\\/#\\\/schema\\\/logo\\\/image\\\/\"},\"sameAs\":[\"https:\\\/\\\/www.facebook.com\\\/profile.php?id=61576678196717\",\"https:\\\/\\\/www.tiktok.com\\\/@vitablanca.ma\",\"https:\\\/\\\/www.instagram.com\\\/vitablanca.ma\\\/\"]}]}<\/script>\n<!-- \/ Yoast SEO plugin. -->","yoast_head_json":{"title":"Eucerin UreaRepair PLUS Urea Emollient 10% 250ml - Morocco Price","description":"Eucerin UreaRepair PLUS Urea Emollient 10% 250ml","robots":{"index":"index","follow":"follow","max-snippet":"max-snippet:-1","max-image-preview":"max-image-preview:large","max-video-preview":"max-video-preview:-1"},"canonical":"https:\/\/vitablanca.ma\/en\/product\/eucerin-urearepair-plus-emollient-10-duree-250ml\/","og_locale":"en_US","og_type":"article","og_title":"Eucerin UreaRepair PLUS \u00c9mollient 10% d'Ur\u00e9e 250ml - Maroc Prix","og_description":"Eucerin UreaRepair PLUS \u00c9mollient 10% d'Ur\u00e9e 250ml","og_url":"https:\/\/vitablanca.ma\/en\/product\/eucerin-urearepair-plus-emollient-10-duree-250ml\/","og_site_name":"Vitablanca.ma &ndash; Sant&eacute;, vitalit&eacute; et bien-&ecirc;tre pour tous les Marocains","article_publisher":"https:\/\/www.facebook.com\/profile.php?id=61576678196717","article_modified_time":"2026-01-21T23:25:21+00:00","og_image":[{"width":1000,"height":1000,"url":"https:\/\/vitablanca.ma\/wp-content\/uploads\/2025\/06\/Eucerin-UreaRepair-PLUS-Emollient-10_-d_Uree-250ml-nova-parapharmacie-casablanca.jpg","type":"image\/jpeg"}],"twitter_card":"summary_large_image","twitter_misc":{"Est. reading time":"1 minute"},"schema":{"@context":"https:\/\/schema.org","@graph":[{"@type":["WebPage","ItemPage"],"@id":"https:\/\/vitablanca.ma\/produit\/eucerin-urearepair-plus-emollient-10-duree-250ml\/","url":"https:\/\/vitablanca.ma\/produit\/eucerin-urearepair-plus-emollient-10-duree-250ml\/","name":"Eucerin UreaRepair PLUS Urea Emollient 10% 250ml - Morocco Price","isPartOf":{"@id":"https:\/\/vitablanca.ma\/#website"},"primaryImageOfPage":{"@id":"https:\/\/vitablanca.ma\/produit\/eucerin-urearepair-plus-emollient-10-duree-250ml\/#primaryimage"},"image":{"@id":"https:\/\/vitablanca.ma\/produit\/eucerin-urearepair-plus-emollient-10-duree-250ml\/#primaryimage"},"thumbnailUrl":"https:\/\/vitablanca.ma\/wp-content\/uploads\/2025\/06\/Eucerin-UreaRepair-PLUS-Emollient-10_-d_Uree-250ml-nova-parapharmacie-casablanca.jpg","datePublished":"2025-06-10T17:05:06+00:00","dateModified":"2026-01-21T23:25:21+00:00","description":"Eucerin UreaRepair PLUS Urea Emollient 10% 250ml","breadcrumb":{"@id":"https:\/\/vitablanca.ma\/produit\/eucerin-urearepair-plus-emollient-10-duree-250ml\/#breadcrumb"},"inLanguage":"en-US","potentialAction":[{"@type":"ReadAction","target":["https:\/\/vitablanca.ma\/produit\/eucerin-urearepair-plus-emollient-10-duree-250ml\/"]}]},{"@type":"ImageObject","inLanguage":"en-US","@id":"https:\/\/vitablanca.ma\/produit\/eucerin-urearepair-plus-emollient-10-duree-250ml\/#primaryimage","url":"https:\/\/vitablanca.ma\/wp-content\/uploads\/2025\/06\/Eucerin-UreaRepair-PLUS-Emollient-10_-d_Uree-250ml-nova-parapharmacie-casablanca.jpg","contentUrl":"https:\/\/vitablanca.ma\/wp-content\/uploads\/2025\/06\/Eucerin-UreaRepair-PLUS-Emollient-10_-d_Uree-250ml-nova-parapharmacie-casablanca.jpg","width":1000,"height":1000},{"@type":"BreadcrumbList","@id":"https:\/\/vitablanca.ma\/produit\/eucerin-urearepair-plus-emollient-10-duree-250ml\/#breadcrumb","itemListElement":[{"@type":"ListItem","position":1,"name":"Home","item":"https:\/\/vitablanca.ma\/"},{"@type":"ListItem","position":2,"name":"Tous Les Produits","item":"https:\/\/vitablanca.ma\/tous-les-produits\/"},{"@type":"ListItem","position":3,"name":"Eucerin UreaRepair PLUS \u00c9mollient 10% d&#8217;Ur\u00e9e 250ml"}]},{"@type":"WebSite","@id":"https:\/\/vitablanca.ma\/#website","url":"https:\/\/vitablanca.ma\/","name":"VitaBlanca.ma | Food supplements, health &amp; beauty in Morocco","description":"sell premium vitamins and supplements from USA &amp; Canada, New Zealand, Morocco (NOW Foods, Solgar, Manuka). Fast delivery anywhere in Morocco.","publisher":{"@id":"https:\/\/vitablanca.ma\/#organization"},"alternateName":"VitaBlanca.ma","potentialAction":[{"@type":"SearchAction","target":{"@type":"EntryPoint","urlTemplate":"https:\/\/vitablanca.ma\/?s={search_term_string}"},"query-input":{"@type":"PropertyValueSpecification","valueRequired":true,"valueName":"search_term_string"}}],"inLanguage":"en-US"},{"@type":"Organization","@id":"https:\/\/vitablanca.ma\/#organization","name":"VitaBlanca","url":"https:\/\/vitablanca.ma\/","logo":{"@type":"ImageObject","inLanguage":"en-US","@id":"https:\/\/vitablanca.ma\/#\/schema\/logo\/image\/","url":"https:\/\/vitablanca.ma\/wp-content\/uploads\/2025\/05\/cropped-vitablanca.png","contentUrl":"https:\/\/vitablanca.ma\/wp-content\/uploads\/2025\/05\/cropped-vitablanca.png","width":360,"height":67,"caption":"VitaBlanca"},"image":{"@id":"https:\/\/vitablanca.ma\/#\/schema\/logo\/image\/"},"sameAs":["https:\/\/www.facebook.com\/profile.php?id=61576678196717","https:\/\/www.tiktok.com\/@vitablanca.ma","https:\/\/www.instagram.com\/vitablanca.ma\/"]}]}},"jetpack_sharing_enabled":true,"_links":{"self":[{"href":"https:\/\/vitablanca.ma\/en\/wp-json\/wp\/v2\/product\/17654","targetHints":{"allow":["GET"]}}],"collection":[{"href":"https:\/\/vitablanca.ma\/en\/wp-json\/wp\/v2\/product"}],"about":[{"href":"https:\/\/vitablanca.ma\/en\/wp-json\/wp\/v2\/types\/product"}],"wp:featuredmedia":[{"embeddable":true,"href":"https:\/\/vitablanca.ma\/en\/wp-json\/wp\/v2\/media\/17645"}],"wp:attachment":[{"href":"https:\/\/vitablanca.ma\/en\/wp-json\/wp\/v2\/media?parent=17654"}],"wp:term":[{"taxonomy":"product_brand","embeddable":true,"href":"https:\/\/vitablanca.ma\/en\/wp-json\/wp\/v2\/product_brand?post=17654"},{"taxonomy":"product_cat","embeddable":true,"href":"https:\/\/vitablanca.ma\/en\/wp-json\/wp\/v2\/product_cat?post=17654"},{"taxonomy":"product_tag","embeddable":true,"href":"https:\/\/vitablanca.ma\/en\/wp-json\/wp\/v2\/product_tag?post=17654"}],"curies":[{"name":"wp","href":"https:\/\/api.w.org\/{rel}","templated":true}]}}