{"id":17649,"date":"2025-06-10T17:05:01","date_gmt":"2025-06-10T17:05:01","guid":{"rendered":"https:\/\/vitablanca.ma\/product\/ducray-keracnyl-serum-30ml\/"},"modified":"2025-06-10T17:05:01","modified_gmt":"2025-06-10T17:05:01","slug":"ducray-keracnyl-serum-30ml","status":"publish","type":"product","link":"https:\/\/vitablanca.ma\/en\/product\/ducray-keracnyl-serum-30ml\/","title":{"rendered":"Ducray KERACNYL Serum 30ml"},"content":{"rendered":"<h2>Ducray KERACNYL Triple action care serum for acne-prone skin in adult women.<\/h2>\n<p>Oily skin with imperfections.<br \/>Acne-prone skin.<br \/>30ml.<\/p>\n<h3>BENEFITS<\/h3>\n<p>DAILY CARE FOR ADULT SKIN WITH IMPERFECTIONS<\/p>\n<p><strong>TRIPLE ACTION CARE<\/strong><br \/>Keracnyl Serum provides a triple action: anti-blemish, anti-mark, anti-aging.<\/p>\n<p><strong>EFFICIENT AND PLEASANT TO USE<\/strong><\/p>\n<p>Thanks to its \u201cmilk serum\u201d galenic, Keracnyl serum meets the challenge of combining effectiveness and pleasure of use.<\/p>\n<h3>APPLICATION TIPS<br \/>\n<\/h3>\n<ul>\n<li>1 to 2 applications per day, morning and evening for at least 6 weeks. Alone or in combination with topical anti-acne treatments.<\/li>\n<li>For complete and optimal care, it is recommended to use KERACNYL FOAMING GEL FOR FACE AND BODY to cleanse your face before applying KERACNYL SERUM<\/li>\n<\/ul>\n<p><span>Keracnyl Serum is a real daily treatment that combines\u00a0<\/span><strong>innovative assets<span>\u00a0<\/span><\/strong><span>and dermatological references, to offer unprecedented performance to<\/span><strong><span>\u00a0<\/span>adult women<\/strong><span>\u00a0whose skin presents\u00a0<\/span><strong>imperfections.<\/strong><\/p>\n<p><span>A wellness treatment:\u00a0<\/span><\/p>\n<ul>\n<li>A more skin<span>\u00a0<\/span><strong>hydrated<\/strong>, more<span>\u00a0<\/span><strong>clear<\/strong>,<span>\u00a0<\/span><strong>mattified<\/strong>\u00a0<\/li>\n<li>Good<span>\u00a0<\/span><strong>makeup base<\/strong><span>\u00a0<\/span>: 100% of satisfaction<span>\u00a0<\/span><sup>(2)<\/sup>\n<\/li>\n<li>\n<strong>Rapid penetration<\/strong><span>\u00a0<\/span>: 100% of satisfaction<span>\u00a0<\/span><sup>(2)<\/sup>\n<\/li>\n<li>\n<strong>Pleasant fragrance<\/strong><span>\u00a0<\/span>: 93% of satisfaction<span>\u00a0<\/span><sup>(3)<\/sup>\n<\/li>\n<\/ul>\n<p><strong>CAPACITY<\/strong> : 30 ml (dosing bottle)<br \/><strong>TEXTURE<\/strong> : Serum<\/p>","protected":false},"excerpt":{"rendered":"<p>Ducray KERACNYL S\u00e9rum\u00a0Soin triple action pour la peau \u00e0 tendance acn\u00e9ique de la femme adulte. Peaux grasses \u00e0 imperfections.Peaux \u00e0 tendance acn\u00e9ique.30ml. B\u00c9N\u00c9FICES SOIN QUOTIDIEN POUR PEAUX ADULTES \u00c0 IMPERFECTIONS SOIN TRIPLE ACTIONKeracnyl S\u00e9rum permet une triple action : anti-imperfections, anti-marques, anti-\u00e2ge. UTILISATION EFFICACE ET PLAISANTE Gr\u00e2ce \u00e0 sa gal\u00e9nique \u00ab\u00a0s\u00e9rum lact\u00e9\u00a0\u00bb Keracnyl s\u00e9rum rel\u00e8ve [&hellip;]<\/p>\n","protected":false},"featured_media":17636,"template":"","meta":{"om_disable_all_campaigns":false},"product_brand":[],"product_cat":[15],"product_tag":[],"class_list":{"0":"post-17649","1":"product","2":"type-product","3":"status-publish","4":"has-post-thumbnail","6":"product_cat-beaute-sante-complements-alimentaires-soins-et-bien-etre-au-meilleur-prix","8":"first","9":"instock","10":"sale","11":"taxable","12":"shipping-taxable","13":"purchasable","14":"product-type-simple"},"yoast_head":"<!-- This site is optimized with the Yoast SEO plugin v27.3 - https:\/\/yoast.com\/product\/yoast-seo-wordpress\/ -->\n<title>Ducray KERACNYL S\u00e9rum 30ml - Maroc Prix<\/title>\n<meta name=\"description\" content=\"Ducray KERACNYL S\u00e9rum 30ml\" \/>\n<meta name=\"robots\" content=\"index, follow, max-snippet:-1, max-image-preview:large, max-video-preview:-1\" \/>\n<link rel=\"canonical\" href=\"https:\/\/vitablanca.ma\/en\/product\/ducray-keracnyl-serum-30ml\/\" \/>\n<meta property=\"og:locale\" content=\"en_US\" \/>\n<meta property=\"og:type\" content=\"article\" \/>\n<meta property=\"og:title\" content=\"Ducray KERACNYL S\u00e9rum 30ml - Maroc Prix\" \/>\n<meta property=\"og:description\" content=\"Ducray KERACNYL S\u00e9rum 30ml\" \/>\n<meta property=\"og:url\" content=\"https:\/\/vitablanca.ma\/en\/product\/ducray-keracnyl-serum-30ml\/\" \/>\n<meta property=\"og:site_name\" content=\"Vitablanca.ma &ndash; Sant&eacute;, vitalit&eacute; et bien-&ecirc;tre pour tous les Marocains\" \/>\n<meta property=\"article:publisher\" content=\"https:\/\/www.facebook.com\/profile.php?id=61576678196717\" \/>\n<meta property=\"og:image\" content=\"https:\/\/vitablanca.ma\/wp-content\/uploads\/2025\/06\/ducray-keracnyl-serum-recto-30ml-global-parapharmacie-maroc.jpg\" \/>\n\t<meta property=\"og:image:width\" content=\"1000\" \/>\n\t<meta property=\"og:image:height\" content=\"1000\" \/>\n\t<meta property=\"og:image:type\" content=\"image\/jpeg\" \/>\n<meta name=\"twitter:card\" content=\"summary_large_image\" \/>\n<meta name=\"twitter:label1\" content=\"Est. reading time\" \/>\n\t<meta name=\"twitter:data1\" content=\"1 minute\" \/>\n<script type=\"application\/ld+json\" class=\"yoast-schema-graph\">{\"@context\":\"https:\\\/\\\/schema.org\",\"@graph\":[{\"@type\":[\"WebPage\",\"ItemPage\"],\"@id\":\"https:\\\/\\\/vitablanca.ma\\\/produit\\\/ducray-keracnyl-serum-30ml\\\/\",\"url\":\"https:\\\/\\\/vitablanca.ma\\\/produit\\\/ducray-keracnyl-serum-30ml\\\/\",\"name\":\"Ducray KERACNYL S\u00e9rum 30ml - Maroc Prix\",\"isPartOf\":{\"@id\":\"https:\\\/\\\/vitablanca.ma\\\/#website\"},\"primaryImageOfPage\":{\"@id\":\"https:\\\/\\\/vitablanca.ma\\\/produit\\\/ducray-keracnyl-serum-30ml\\\/#primaryimage\"},\"image\":{\"@id\":\"https:\\\/\\\/vitablanca.ma\\\/produit\\\/ducray-keracnyl-serum-30ml\\\/#primaryimage\"},\"thumbnailUrl\":\"https:\\\/\\\/vitablanca.ma\\\/wp-content\\\/uploads\\\/2025\\\/06\\\/ducray-keracnyl-serum-recto-30ml-global-parapharmacie-maroc.jpg\",\"datePublished\":\"2025-06-10T17:05:01+00:00\",\"description\":\"Ducray KERACNYL S\u00e9rum 30ml\",\"breadcrumb\":{\"@id\":\"https:\\\/\\\/vitablanca.ma\\\/produit\\\/ducray-keracnyl-serum-30ml\\\/#breadcrumb\"},\"inLanguage\":\"en-US\",\"potentialAction\":[{\"@type\":\"ReadAction\",\"target\":[\"https:\\\/\\\/vitablanca.ma\\\/produit\\\/ducray-keracnyl-serum-30ml\\\/\"]}]},{\"@type\":\"ImageObject\",\"inLanguage\":\"en-US\",\"@id\":\"https:\\\/\\\/vitablanca.ma\\\/produit\\\/ducray-keracnyl-serum-30ml\\\/#primaryimage\",\"url\":\"https:\\\/\\\/vitablanca.ma\\\/wp-content\\\/uploads\\\/2025\\\/06\\\/ducray-keracnyl-serum-recto-30ml-global-parapharmacie-maroc.jpg\",\"contentUrl\":\"https:\\\/\\\/vitablanca.ma\\\/wp-content\\\/uploads\\\/2025\\\/06\\\/ducray-keracnyl-serum-recto-30ml-global-parapharmacie-maroc.jpg\",\"width\":1000,\"height\":1000},{\"@type\":\"BreadcrumbList\",\"@id\":\"https:\\\/\\\/vitablanca.ma\\\/produit\\\/ducray-keracnyl-serum-30ml\\\/#breadcrumb\",\"itemListElement\":[{\"@type\":\"ListItem\",\"position\":1,\"name\":\"Home\",\"item\":\"https:\\\/\\\/vitablanca.ma\\\/\"},{\"@type\":\"ListItem\",\"position\":2,\"name\":\"Tous Les Produits\",\"item\":\"https:\\\/\\\/vitablanca.ma\\\/tous-les-produits\\\/\"},{\"@type\":\"ListItem\",\"position\":3,\"name\":\"Ducray KERACNYL S\u00e9rum 30ml\"}]},{\"@type\":\"WebSite\",\"@id\":\"https:\\\/\\\/vitablanca.ma\\\/#website\",\"url\":\"https:\\\/\\\/vitablanca.ma\\\/\",\"name\":\"VitaBlanca.ma | Compl\u00e9ments alimentaires, sant\u00e9 & beaut\u00e9 au Maroc\",\"description\":\"vendre vitamines et compl\u00e9ments premium des USA &amp; Canada, Nouvelle Z\u00e9lande,Maroc (NOW Foods, Solgar, Manuka). Livraison rapide partout au Maroc.\",\"publisher\":{\"@id\":\"https:\\\/\\\/vitablanca.ma\\\/#organization\"},\"alternateName\":\"VitaBlanca.ma\",\"potentialAction\":[{\"@type\":\"SearchAction\",\"target\":{\"@type\":\"EntryPoint\",\"urlTemplate\":\"https:\\\/\\\/vitablanca.ma\\\/?s={search_term_string}\"},\"query-input\":{\"@type\":\"PropertyValueSpecification\",\"valueRequired\":true,\"valueName\":\"search_term_string\"}}],\"inLanguage\":\"en-US\"},{\"@type\":\"Organization\",\"@id\":\"https:\\\/\\\/vitablanca.ma\\\/#organization\",\"name\":\"VitaBlanca\",\"url\":\"https:\\\/\\\/vitablanca.ma\\\/\",\"logo\":{\"@type\":\"ImageObject\",\"inLanguage\":\"en-US\",\"@id\":\"https:\\\/\\\/vitablanca.ma\\\/#\\\/schema\\\/logo\\\/image\\\/\",\"url\":\"https:\\\/\\\/vitablanca.ma\\\/wp-content\\\/uploads\\\/2025\\\/05\\\/cropped-vitablanca.png\",\"contentUrl\":\"https:\\\/\\\/vitablanca.ma\\\/wp-content\\\/uploads\\\/2025\\\/05\\\/cropped-vitablanca.png\",\"width\":360,\"height\":67,\"caption\":\"VitaBlanca\"},\"image\":{\"@id\":\"https:\\\/\\\/vitablanca.ma\\\/#\\\/schema\\\/logo\\\/image\\\/\"},\"sameAs\":[\"https:\\\/\\\/www.facebook.com\\\/profile.php?id=61576678196717\",\"https:\\\/\\\/www.tiktok.com\\\/@vitablanca.ma\",\"https:\\\/\\\/www.instagram.com\\\/vitablanca.ma\\\/\"]}]}<\/script>\n<!-- \/ Yoast SEO plugin. -->","yoast_head_json":{"title":"Ducray KERACNYL Serum 30ml - Morocco Price","description":"Ducray KERACNYL Serum 30ml","robots":{"index":"index","follow":"follow","max-snippet":"max-snippet:-1","max-image-preview":"max-image-preview:large","max-video-preview":"max-video-preview:-1"},"canonical":"https:\/\/vitablanca.ma\/en\/product\/ducray-keracnyl-serum-30ml\/","og_locale":"en_US","og_type":"article","og_title":"Ducray KERACNYL S\u00e9rum 30ml - Maroc Prix","og_description":"Ducray KERACNYL S\u00e9rum 30ml","og_url":"https:\/\/vitablanca.ma\/en\/product\/ducray-keracnyl-serum-30ml\/","og_site_name":"Vitablanca.ma &ndash; Sant&eacute;, vitalit&eacute; et bien-&ecirc;tre pour tous les Marocains","article_publisher":"https:\/\/www.facebook.com\/profile.php?id=61576678196717","og_image":[{"width":1000,"height":1000,"url":"https:\/\/vitablanca.ma\/wp-content\/uploads\/2025\/06\/ducray-keracnyl-serum-recto-30ml-global-parapharmacie-maroc.jpg","type":"image\/jpeg"}],"twitter_card":"summary_large_image","twitter_misc":{"Est. reading time":"1 minute"},"schema":{"@context":"https:\/\/schema.org","@graph":[{"@type":["WebPage","ItemPage"],"@id":"https:\/\/vitablanca.ma\/produit\/ducray-keracnyl-serum-30ml\/","url":"https:\/\/vitablanca.ma\/produit\/ducray-keracnyl-serum-30ml\/","name":"Ducray KERACNYL Serum 30ml - Morocco Price","isPartOf":{"@id":"https:\/\/vitablanca.ma\/#website"},"primaryImageOfPage":{"@id":"https:\/\/vitablanca.ma\/produit\/ducray-keracnyl-serum-30ml\/#primaryimage"},"image":{"@id":"https:\/\/vitablanca.ma\/produit\/ducray-keracnyl-serum-30ml\/#primaryimage"},"thumbnailUrl":"https:\/\/vitablanca.ma\/wp-content\/uploads\/2025\/06\/ducray-keracnyl-serum-recto-30ml-global-parapharmacie-maroc.jpg","datePublished":"2025-06-10T17:05:01+00:00","description":"Ducray KERACNYL Serum 30ml","breadcrumb":{"@id":"https:\/\/vitablanca.ma\/produit\/ducray-keracnyl-serum-30ml\/#breadcrumb"},"inLanguage":"en-US","potentialAction":[{"@type":"ReadAction","target":["https:\/\/vitablanca.ma\/produit\/ducray-keracnyl-serum-30ml\/"]}]},{"@type":"ImageObject","inLanguage":"en-US","@id":"https:\/\/vitablanca.ma\/produit\/ducray-keracnyl-serum-30ml\/#primaryimage","url":"https:\/\/vitablanca.ma\/wp-content\/uploads\/2025\/06\/ducray-keracnyl-serum-recto-30ml-global-parapharmacie-maroc.jpg","contentUrl":"https:\/\/vitablanca.ma\/wp-content\/uploads\/2025\/06\/ducray-keracnyl-serum-recto-30ml-global-parapharmacie-maroc.jpg","width":1000,"height":1000},{"@type":"BreadcrumbList","@id":"https:\/\/vitablanca.ma\/produit\/ducray-keracnyl-serum-30ml\/#breadcrumb","itemListElement":[{"@type":"ListItem","position":1,"name":"Home","item":"https:\/\/vitablanca.ma\/"},{"@type":"ListItem","position":2,"name":"Tous Les Produits","item":"https:\/\/vitablanca.ma\/tous-les-produits\/"},{"@type":"ListItem","position":3,"name":"Ducray KERACNYL S\u00e9rum 30ml"}]},{"@type":"WebSite","@id":"https:\/\/vitablanca.ma\/#website","url":"https:\/\/vitablanca.ma\/","name":"VitaBlanca.ma | Food supplements, health &amp; beauty in Morocco","description":"sell premium vitamins and supplements from USA &amp; Canada, New Zealand, Morocco (NOW Foods, Solgar, Manuka). Fast delivery anywhere in Morocco.","publisher":{"@id":"https:\/\/vitablanca.ma\/#organization"},"alternateName":"VitaBlanca.ma","potentialAction":[{"@type":"SearchAction","target":{"@type":"EntryPoint","urlTemplate":"https:\/\/vitablanca.ma\/?s={search_term_string}"},"query-input":{"@type":"PropertyValueSpecification","valueRequired":true,"valueName":"search_term_string"}}],"inLanguage":"en-US"},{"@type":"Organization","@id":"https:\/\/vitablanca.ma\/#organization","name":"VitaBlanca","url":"https:\/\/vitablanca.ma\/","logo":{"@type":"ImageObject","inLanguage":"en-US","@id":"https:\/\/vitablanca.ma\/#\/schema\/logo\/image\/","url":"https:\/\/vitablanca.ma\/wp-content\/uploads\/2025\/05\/cropped-vitablanca.png","contentUrl":"https:\/\/vitablanca.ma\/wp-content\/uploads\/2025\/05\/cropped-vitablanca.png","width":360,"height":67,"caption":"VitaBlanca"},"image":{"@id":"https:\/\/vitablanca.ma\/#\/schema\/logo\/image\/"},"sameAs":["https:\/\/www.facebook.com\/profile.php?id=61576678196717","https:\/\/www.tiktok.com\/@vitablanca.ma","https:\/\/www.instagram.com\/vitablanca.ma\/"]}]}},"jetpack_sharing_enabled":true,"_links":{"self":[{"href":"https:\/\/vitablanca.ma\/en\/wp-json\/wp\/v2\/product\/17649","targetHints":{"allow":["GET"]}}],"collection":[{"href":"https:\/\/vitablanca.ma\/en\/wp-json\/wp\/v2\/product"}],"about":[{"href":"https:\/\/vitablanca.ma\/en\/wp-json\/wp\/v2\/types\/product"}],"wp:featuredmedia":[{"embeddable":true,"href":"https:\/\/vitablanca.ma\/en\/wp-json\/wp\/v2\/media\/17636"}],"wp:attachment":[{"href":"https:\/\/vitablanca.ma\/en\/wp-json\/wp\/v2\/media?parent=17649"}],"wp:term":[{"taxonomy":"product_brand","embeddable":true,"href":"https:\/\/vitablanca.ma\/en\/wp-json\/wp\/v2\/product_brand?post=17649"},{"taxonomy":"product_cat","embeddable":true,"href":"https:\/\/vitablanca.ma\/en\/wp-json\/wp\/v2\/product_cat?post=17649"},{"taxonomy":"product_tag","embeddable":true,"href":"https:\/\/vitablanca.ma\/en\/wp-json\/wp\/v2\/product_tag?post=17649"}],"curies":[{"name":"wp","href":"https:\/\/api.w.org\/{rel}","templated":true}]}}