{"id":17641,"date":"2025-06-10T17:04:53","date_gmt":"2025-06-10T17:04:53","guid":{"rendered":"https:\/\/vitablanca.ma\/product\/eucerin-offre-web-oil-sun-protect-control-toucher-sec-50-ml-2-miniature-offerts\/"},"modified":"2026-01-21T23:25:21","modified_gmt":"2026-01-21T23:25:21","slug":"eucerin-offre-web-oil-sun-protect-control-toucher-sec-50-ml-2-miniature-offerts","status":"publish","type":"product","link":"https:\/\/vitablanca.ma\/en\/product\/eucerin-offre-web-oil-sun-protect-control-toucher-sec-50-ml-2-miniature-offerts\/","title":{"rendered":"EUCERIN WEB OFFER OIL SUN PROTECT CONTROL DRY TOUCH 50 ML + 2 FREE MINIATURE"},"content":{"rendered":"<h2>EUCERIN WEB OFFER OIL SUN PROTECT CONTROL DRY TOUCH 50 ML\u00a0<\/h2>\n<p><span><strong>+ FREE HYDRO PROTECT TRAVEL SIZE<\/strong><\/span><\/p>\n<p><span><strong>+ FREE DERMO PURE TRAVEL SIZE<\/strong><\/span><\/p>\n<p>Eucerin sunscreen for oily, acne-prone skin complies with European recommendations. Long-lasting dry, matte finish. Non-comedogenic. Can be applied under makeup. Fragrance-free. Tested in humid climates. Helps protect skin from pigmentation spots and premature skin aging caused by the sun. Clinically proven skin tolerance on sensitive, acne-prone skin.\u00a0<\/p>\n<p><strong>COMPOSITIONS &amp; INGREDIENTS:\u00a0<\/strong><\/p>\n<p>The list of ingredients may be subject to variations, we advise you to always check the list on the product purchased.<\/p>\n<p>INCI Formula: Aqua, C12-15 Alkyl Benzoate, Alcohol Denat, Butyl Methoxydibenzoylmethane, Butylene Glycol Dicaprylate-Dicaprate, Ethylhexyl Triazone, Bis-Ethylhexyloxyphenol Methoxyphenyl Triazine, Dibutyl Adipate, Diethylamino Hydroxybenzoyl Hexyl Benzoate, Glyceryl Stearate Citrate, Phenylbenzimidazole Sulfonic Acid, Silica, Tapioca Starch, Behenyl Alcohol, Cetearyl Alcohol, Silica Dimethyl Silylate, carnitine, glycyrrhetinic acid, Glycyrrhiza Inflata Root Extract, glycerin, Dimethicone, Copernicia Cerifera Cera, Hydroxypropyl Methylcellulose, Carrageenan, Xanthan Gum, Sodium Hydroxide, Trisodium EDTA, Hydroxyacetophenone, Ethylhexylglycerin, Phenoxyethanol<\/p>\n<p><strong>DIRECTIONS FOR USE:<\/strong><\/p>\n<p>Apply generously before sun exposure and reapply frequently, especially after swimming and toweling or perspiring. Reducing the amount of sunscreen applied results in a significant decrease in the level of protection. Do not stay in the sun for too long, even when using sunscreen. Avoid exposure between 11 a.m. and 3 p.m. Overexposure to the sun is a serious health threat. Do not expose babies and young children to the sun. Avoid contact with eyes. Avoid direct contact with clothing to prevent stains.<\/p>\n<p><strong>How to protect your skin from the sun when it is oily or acne-prone?<\/strong><\/p>\n<p>While tanning may seem like it improves the texture of your oily skin, prolonged sun exposure can have negative effects on the skin, including worsening acne and increasing sebum production. Therefore, those with oily or acne-prone skin should take extra steps to protect their skin from the sun while avoiding clogging pores and causing breakouts.<\/p>\n<p>One of the most effective products for protecting oily or acne-prone skin from the sun is<\/p>\n<p><strong>Eucerin Sun Oil Control gel cream<\/strong><\/p>\n<p>This product provides broad-spectrum SPF 50+ sun protection while helping to control excess oil and reduce shine. Eucerin Sun Oil Control Gel Cream also contains glycyrrhetinic acid, an active ingredient that helps protect skin from UV damage and reduce skin inflammation. Additionally, its lightweight, non-greasy formula absorbs quickly into the skin, avoiding the greasy, sticky feeling that can often accompany traditional sunscreens.<\/p>\n<p>By using Eucerin Sun Oil Control Gel Cream, acne sufferers can effectively protect their skin from the sun without increasing sebum production. Remember that sunscreen use should be complemented by other protective measures such as wearing protective clothing and sunglasses, as well as avoiding the sun during the hottest hours of the day (11 a.m. \u2013 4 p.m.).<\/p>","protected":false},"excerpt":{"rendered":"<p>EUCERIN OFFRE WEB OIL SUN PROTECT CONTROL TOUCHER SEC 50 ML\u00a0 + HYDRO PROTECT FORMAT VOYAGE OFFERT + DERMO PURE FORMAT VOYAGE OFFERT La protection solaire pour peau grasse\u00a0 tendance acn\u00e9ique Eucerin est conforme aux recommandations europ\u00e9ennes.Fini sec et mat longue dur\u00e9e.Non com\u00e9dog\u00e8ne.Peut \u00eatre appliqu\u00e9 avant le maquillage.Sans parfum.Test\u00e9 en condition de climats humides.Aide \u00e0 [&hellip;]<\/p>\n","protected":false},"featured_media":17627,"template":"","meta":{"om_disable_all_campaigns":false},"product_brand":[5994],"product_cat":[18,15],"product_tag":[],"class_list":{"0":"post-17641","1":"product","2":"type-product","3":"status-publish","4":"has-post-thumbnail","6":"product_brand-eucerin-maroc-prix","7":"product_cat-beaute-sante","8":"product_cat-beaute-sante-complements-alimentaires-soins-et-bien-etre-au-meilleur-prix","10":"first","11":"instock","12":"sale","13":"taxable","14":"shipping-taxable","15":"purchasable","16":"product-type-simple"},"yoast_head":"<!-- This site is optimized with the Yoast SEO plugin v27.3 - https:\/\/yoast.com\/product\/yoast-seo-wordpress\/ -->\n<title>EUCERIN OFFRE WEB OIL SUN PROTECT CONTROL TOUCHER SEC 50 ML + 2 MINIATURE OFFERTS - Maroc Prix<\/title>\n<meta name=\"description\" content=\"EUCERIN OFFRE WEB OIL SUN PROTECT CONTROL TOUCHER SEC 50 ML + 2 MINIATURE OFFERTS\" \/>\n<meta name=\"robots\" content=\"index, follow, max-snippet:-1, max-image-preview:large, max-video-preview:-1\" \/>\n<link rel=\"canonical\" href=\"https:\/\/vitablanca.ma\/en\/product\/eucerin-offre-web-oil-sun-protect-control-toucher-sec-50-ml-2-miniature-offerts\/\" \/>\n<meta property=\"og:locale\" content=\"en_US\" \/>\n<meta property=\"og:type\" content=\"article\" \/>\n<meta property=\"og:title\" content=\"EUCERIN OFFRE WEB OIL SUN PROTECT CONTROL TOUCHER SEC 50 ML + 2 MINIATURE OFFERTS - Maroc Prix\" \/>\n<meta property=\"og:description\" content=\"EUCERIN OFFRE WEB OIL SUN PROTECT CONTROL TOUCHER SEC 50 ML + 2 MINIATURE OFFERTS\" \/>\n<meta property=\"og:url\" content=\"https:\/\/vitablanca.ma\/en\/product\/eucerin-offre-web-oil-sun-protect-control-toucher-sec-50-ml-2-miniature-offerts\/\" \/>\n<meta property=\"og:site_name\" content=\"Vitablanca.ma &ndash; Sant&eacute;, vitalit&eacute; et bien-&ecirc;tre pour tous les Marocains\" \/>\n<meta property=\"article:publisher\" content=\"https:\/\/www.facebook.com\/profile.php?id=61576678196717\" \/>\n<meta property=\"article:modified_time\" content=\"2026-01-21T23:25:21+00:00\" \/>\n<meta property=\"og:image\" content=\"https:\/\/vitablanca.ma\/wp-content\/uploads\/2025\/06\/eucerin-sun-oil-control-spf-50-sun-gel-creme-toucher-sec-50-ml-Nova-para-prix-Maroc02.jpg\" \/>\n\t<meta property=\"og:image:width\" content=\"800\" \/>\n\t<meta property=\"og:image:height\" content=\"800\" \/>\n\t<meta property=\"og:image:type\" content=\"image\/jpeg\" \/>\n<meta name=\"twitter:card\" content=\"summary_large_image\" \/>\n<meta name=\"twitter:label1\" content=\"Est. reading time\" \/>\n\t<meta name=\"twitter:data1\" content=\"3 minutes\" \/>\n<script type=\"application\/ld+json\" class=\"yoast-schema-graph\">{\"@context\":\"https:\\\/\\\/schema.org\",\"@graph\":[{\"@type\":[\"WebPage\",\"ItemPage\"],\"@id\":\"https:\\\/\\\/vitablanca.ma\\\/produit\\\/eucerin-offre-web-oil-sun-protect-control-toucher-sec-50-ml-2-miniature-offerts\\\/\",\"url\":\"https:\\\/\\\/vitablanca.ma\\\/produit\\\/eucerin-offre-web-oil-sun-protect-control-toucher-sec-50-ml-2-miniature-offerts\\\/\",\"name\":\"EUCERIN OFFRE WEB OIL SUN PROTECT CONTROL TOUCHER SEC 50 ML + 2 MINIATURE OFFERTS - Maroc Prix\",\"isPartOf\":{\"@id\":\"https:\\\/\\\/vitablanca.ma\\\/#website\"},\"primaryImageOfPage\":{\"@id\":\"https:\\\/\\\/vitablanca.ma\\\/produit\\\/eucerin-offre-web-oil-sun-protect-control-toucher-sec-50-ml-2-miniature-offerts\\\/#primaryimage\"},\"image\":{\"@id\":\"https:\\\/\\\/vitablanca.ma\\\/produit\\\/eucerin-offre-web-oil-sun-protect-control-toucher-sec-50-ml-2-miniature-offerts\\\/#primaryimage\"},\"thumbnailUrl\":\"https:\\\/\\\/vitablanca.ma\\\/wp-content\\\/uploads\\\/2025\\\/06\\\/eucerin-sun-oil-control-spf-50-sun-gel-creme-toucher-sec-50-ml-Nova-para-prix-Maroc02.jpg\",\"datePublished\":\"2025-06-10T17:04:53+00:00\",\"dateModified\":\"2026-01-21T23:25:21+00:00\",\"description\":\"EUCERIN OFFRE WEB OIL SUN PROTECT CONTROL TOUCHER SEC 50 ML + 2 MINIATURE OFFERTS\",\"breadcrumb\":{\"@id\":\"https:\\\/\\\/vitablanca.ma\\\/produit\\\/eucerin-offre-web-oil-sun-protect-control-toucher-sec-50-ml-2-miniature-offerts\\\/#breadcrumb\"},\"inLanguage\":\"en-US\",\"potentialAction\":[{\"@type\":\"ReadAction\",\"target\":[\"https:\\\/\\\/vitablanca.ma\\\/produit\\\/eucerin-offre-web-oil-sun-protect-control-toucher-sec-50-ml-2-miniature-offerts\\\/\"]}]},{\"@type\":\"ImageObject\",\"inLanguage\":\"en-US\",\"@id\":\"https:\\\/\\\/vitablanca.ma\\\/produit\\\/eucerin-offre-web-oil-sun-protect-control-toucher-sec-50-ml-2-miniature-offerts\\\/#primaryimage\",\"url\":\"https:\\\/\\\/vitablanca.ma\\\/wp-content\\\/uploads\\\/2025\\\/06\\\/eucerin-sun-oil-control-spf-50-sun-gel-creme-toucher-sec-50-ml-Nova-para-prix-Maroc02.jpg\",\"contentUrl\":\"https:\\\/\\\/vitablanca.ma\\\/wp-content\\\/uploads\\\/2025\\\/06\\\/eucerin-sun-oil-control-spf-50-sun-gel-creme-toucher-sec-50-ml-Nova-para-prix-Maroc02.jpg\",\"width\":800,\"height\":800},{\"@type\":\"BreadcrumbList\",\"@id\":\"https:\\\/\\\/vitablanca.ma\\\/produit\\\/eucerin-offre-web-oil-sun-protect-control-toucher-sec-50-ml-2-miniature-offerts\\\/#breadcrumb\",\"itemListElement\":[{\"@type\":\"ListItem\",\"position\":1,\"name\":\"Home\",\"item\":\"https:\\\/\\\/vitablanca.ma\\\/\"},{\"@type\":\"ListItem\",\"position\":2,\"name\":\"Tous Les Produits\",\"item\":\"https:\\\/\\\/vitablanca.ma\\\/tous-les-produits\\\/\"},{\"@type\":\"ListItem\",\"position\":3,\"name\":\"EUCERIN OFFRE WEB OIL SUN PROTECT CONTROL TOUCHER SEC 50 ML + 2 MINIATURE OFFERTS\"}]},{\"@type\":\"WebSite\",\"@id\":\"https:\\\/\\\/vitablanca.ma\\\/#website\",\"url\":\"https:\\\/\\\/vitablanca.ma\\\/\",\"name\":\"VitaBlanca.ma | Compl\u00e9ments alimentaires, sant\u00e9 & beaut\u00e9 au Maroc\",\"description\":\"vendre vitamines et compl\u00e9ments premium des USA &amp; Canada, Nouvelle Z\u00e9lande,Maroc (NOW Foods, Solgar, Manuka). Livraison rapide partout au Maroc.\",\"publisher\":{\"@id\":\"https:\\\/\\\/vitablanca.ma\\\/#organization\"},\"alternateName\":\"VitaBlanca.ma\",\"potentialAction\":[{\"@type\":\"SearchAction\",\"target\":{\"@type\":\"EntryPoint\",\"urlTemplate\":\"https:\\\/\\\/vitablanca.ma\\\/?s={search_term_string}\"},\"query-input\":{\"@type\":\"PropertyValueSpecification\",\"valueRequired\":true,\"valueName\":\"search_term_string\"}}],\"inLanguage\":\"en-US\"},{\"@type\":\"Organization\",\"@id\":\"https:\\\/\\\/vitablanca.ma\\\/#organization\",\"name\":\"VitaBlanca\",\"url\":\"https:\\\/\\\/vitablanca.ma\\\/\",\"logo\":{\"@type\":\"ImageObject\",\"inLanguage\":\"en-US\",\"@id\":\"https:\\\/\\\/vitablanca.ma\\\/#\\\/schema\\\/logo\\\/image\\\/\",\"url\":\"https:\\\/\\\/vitablanca.ma\\\/wp-content\\\/uploads\\\/2025\\\/05\\\/cropped-vitablanca.png\",\"contentUrl\":\"https:\\\/\\\/vitablanca.ma\\\/wp-content\\\/uploads\\\/2025\\\/05\\\/cropped-vitablanca.png\",\"width\":360,\"height\":67,\"caption\":\"VitaBlanca\"},\"image\":{\"@id\":\"https:\\\/\\\/vitablanca.ma\\\/#\\\/schema\\\/logo\\\/image\\\/\"},\"sameAs\":[\"https:\\\/\\\/www.facebook.com\\\/profile.php?id=61576678196717\",\"https:\\\/\\\/www.tiktok.com\\\/@vitablanca.ma\",\"https:\\\/\\\/www.instagram.com\\\/vitablanca.ma\\\/\"]}]}<\/script>\n<!-- \/ Yoast SEO plugin. -->","yoast_head_json":{"title":"EUCERIN WEB OFFER OIL SUN PROTECT CONTROL DRY TOUCH 50 ML + 2 FREE MINIATURE - Morocco Price","description":"EUCERIN WEB OFFER OIL SUN PROTECT CONTROL DRY TOUCH 50 ML + 2 FREE MINIATURE","robots":{"index":"index","follow":"follow","max-snippet":"max-snippet:-1","max-image-preview":"max-image-preview:large","max-video-preview":"max-video-preview:-1"},"canonical":"https:\/\/vitablanca.ma\/en\/product\/eucerin-offre-web-oil-sun-protect-control-toucher-sec-50-ml-2-miniature-offerts\/","og_locale":"en_US","og_type":"article","og_title":"EUCERIN OFFRE WEB OIL SUN PROTECT CONTROL TOUCHER SEC 50 ML + 2 MINIATURE OFFERTS - Maroc Prix","og_description":"EUCERIN OFFRE WEB OIL SUN PROTECT CONTROL TOUCHER SEC 50 ML + 2 MINIATURE OFFERTS","og_url":"https:\/\/vitablanca.ma\/en\/product\/eucerin-offre-web-oil-sun-protect-control-toucher-sec-50-ml-2-miniature-offerts\/","og_site_name":"Vitablanca.ma &ndash; Sant&eacute;, vitalit&eacute; et bien-&ecirc;tre pour tous les Marocains","article_publisher":"https:\/\/www.facebook.com\/profile.php?id=61576678196717","article_modified_time":"2026-01-21T23:25:21+00:00","og_image":[{"width":800,"height":800,"url":"https:\/\/vitablanca.ma\/wp-content\/uploads\/2025\/06\/eucerin-sun-oil-control-spf-50-sun-gel-creme-toucher-sec-50-ml-Nova-para-prix-Maroc02.jpg","type":"image\/jpeg"}],"twitter_card":"summary_large_image","twitter_misc":{"Est. reading time":"3 minutes"},"schema":{"@context":"https:\/\/schema.org","@graph":[{"@type":["WebPage","ItemPage"],"@id":"https:\/\/vitablanca.ma\/produit\/eucerin-offre-web-oil-sun-protect-control-toucher-sec-50-ml-2-miniature-offerts\/","url":"https:\/\/vitablanca.ma\/produit\/eucerin-offre-web-oil-sun-protect-control-toucher-sec-50-ml-2-miniature-offerts\/","name":"EUCERIN WEB OFFER OIL SUN PROTECT CONTROL DRY TOUCH 50 ML + 2 FREE MINIATURE - Morocco Price","isPartOf":{"@id":"https:\/\/vitablanca.ma\/#website"},"primaryImageOfPage":{"@id":"https:\/\/vitablanca.ma\/produit\/eucerin-offre-web-oil-sun-protect-control-toucher-sec-50-ml-2-miniature-offerts\/#primaryimage"},"image":{"@id":"https:\/\/vitablanca.ma\/produit\/eucerin-offre-web-oil-sun-protect-control-toucher-sec-50-ml-2-miniature-offerts\/#primaryimage"},"thumbnailUrl":"https:\/\/vitablanca.ma\/wp-content\/uploads\/2025\/06\/eucerin-sun-oil-control-spf-50-sun-gel-creme-toucher-sec-50-ml-Nova-para-prix-Maroc02.jpg","datePublished":"2025-06-10T17:04:53+00:00","dateModified":"2026-01-21T23:25:21+00:00","description":"EUCERIN WEB OFFER OIL SUN PROTECT CONTROL DRY TOUCH 50 ML + 2 FREE MINIATURE","breadcrumb":{"@id":"https:\/\/vitablanca.ma\/produit\/eucerin-offre-web-oil-sun-protect-control-toucher-sec-50-ml-2-miniature-offerts\/#breadcrumb"},"inLanguage":"en-US","potentialAction":[{"@type":"ReadAction","target":["https:\/\/vitablanca.ma\/produit\/eucerin-offre-web-oil-sun-protect-control-toucher-sec-50-ml-2-miniature-offerts\/"]}]},{"@type":"ImageObject","inLanguage":"en-US","@id":"https:\/\/vitablanca.ma\/produit\/eucerin-offre-web-oil-sun-protect-control-toucher-sec-50-ml-2-miniature-offerts\/#primaryimage","url":"https:\/\/vitablanca.ma\/wp-content\/uploads\/2025\/06\/eucerin-sun-oil-control-spf-50-sun-gel-creme-toucher-sec-50-ml-Nova-para-prix-Maroc02.jpg","contentUrl":"https:\/\/vitablanca.ma\/wp-content\/uploads\/2025\/06\/eucerin-sun-oil-control-spf-50-sun-gel-creme-toucher-sec-50-ml-Nova-para-prix-Maroc02.jpg","width":800,"height":800},{"@type":"BreadcrumbList","@id":"https:\/\/vitablanca.ma\/produit\/eucerin-offre-web-oil-sun-protect-control-toucher-sec-50-ml-2-miniature-offerts\/#breadcrumb","itemListElement":[{"@type":"ListItem","position":1,"name":"Home","item":"https:\/\/vitablanca.ma\/"},{"@type":"ListItem","position":2,"name":"Tous Les Produits","item":"https:\/\/vitablanca.ma\/tous-les-produits\/"},{"@type":"ListItem","position":3,"name":"EUCERIN OFFRE WEB OIL SUN PROTECT CONTROL TOUCHER SEC 50 ML + 2 MINIATURE OFFERTS"}]},{"@type":"WebSite","@id":"https:\/\/vitablanca.ma\/#website","url":"https:\/\/vitablanca.ma\/","name":"VitaBlanca.ma | Food supplements, health &amp; beauty in Morocco","description":"sell premium vitamins and supplements from USA &amp; Canada, New Zealand, Morocco (NOW Foods, Solgar, Manuka). Fast delivery anywhere in Morocco.","publisher":{"@id":"https:\/\/vitablanca.ma\/#organization"},"alternateName":"VitaBlanca.ma","potentialAction":[{"@type":"SearchAction","target":{"@type":"EntryPoint","urlTemplate":"https:\/\/vitablanca.ma\/?s={search_term_string}"},"query-input":{"@type":"PropertyValueSpecification","valueRequired":true,"valueName":"search_term_string"}}],"inLanguage":"en-US"},{"@type":"Organization","@id":"https:\/\/vitablanca.ma\/#organization","name":"VitaBlanca","url":"https:\/\/vitablanca.ma\/","logo":{"@type":"ImageObject","inLanguage":"en-US","@id":"https:\/\/vitablanca.ma\/#\/schema\/logo\/image\/","url":"https:\/\/vitablanca.ma\/wp-content\/uploads\/2025\/05\/cropped-vitablanca.png","contentUrl":"https:\/\/vitablanca.ma\/wp-content\/uploads\/2025\/05\/cropped-vitablanca.png","width":360,"height":67,"caption":"VitaBlanca"},"image":{"@id":"https:\/\/vitablanca.ma\/#\/schema\/logo\/image\/"},"sameAs":["https:\/\/www.facebook.com\/profile.php?id=61576678196717","https:\/\/www.tiktok.com\/@vitablanca.ma","https:\/\/www.instagram.com\/vitablanca.ma\/"]}]}},"jetpack_sharing_enabled":true,"_links":{"self":[{"href":"https:\/\/vitablanca.ma\/en\/wp-json\/wp\/v2\/product\/17641","targetHints":{"allow":["GET"]}}],"collection":[{"href":"https:\/\/vitablanca.ma\/en\/wp-json\/wp\/v2\/product"}],"about":[{"href":"https:\/\/vitablanca.ma\/en\/wp-json\/wp\/v2\/types\/product"}],"wp:featuredmedia":[{"embeddable":true,"href":"https:\/\/vitablanca.ma\/en\/wp-json\/wp\/v2\/media\/17627"}],"wp:attachment":[{"href":"https:\/\/vitablanca.ma\/en\/wp-json\/wp\/v2\/media?parent=17641"}],"wp:term":[{"taxonomy":"product_brand","embeddable":true,"href":"https:\/\/vitablanca.ma\/en\/wp-json\/wp\/v2\/product_brand?post=17641"},{"taxonomy":"product_cat","embeddable":true,"href":"https:\/\/vitablanca.ma\/en\/wp-json\/wp\/v2\/product_cat?post=17641"},{"taxonomy":"product_tag","embeddable":true,"href":"https:\/\/vitablanca.ma\/en\/wp-json\/wp\/v2\/product_tag?post=17641"}],"curies":[{"name":"wp","href":"https:\/\/api.w.org\/{rel}","templated":true}]}}