{"id":17639,"date":"2025-06-10T17:04:51","date_gmt":"2025-06-10T17:04:51","guid":{"rendered":"https:\/\/vitablanca.ma\/product\/elgydium-vitale-brosse-a-dents-souple\/"},"modified":"2026-01-21T18:04:59","modified_gmt":"2026-01-21T18:04:59","slug":"elgydium-vitale-brosse-a-dents-souple","status":"publish","type":"product","link":"https:\/\/vitablanca.ma\/en\/product\/elgydium-vitale-brosse-a-dents-souple\/","title":{"rendered":"ELGYDIUM Vitale soft toothbrush"},"content":{"rendered":"<div class=\"block-content\" data-mce-fragment=\"1\">\n<h2 data-mce-fragment=\"1\">ELGYDIUM Vitale soft toothbrush\u00a0<span data-mce-fragment=\"1\">with a long, rounded head and ergonomic handle.<\/span><br \/>\n<\/h2>\n<p data-mce-fragment=\"1\">With its long, rounded head and ergonomic, non-slip handle, the ELGYDIUM Vitale toothbrush offers perfect brushing comfort. Its high-quality nylon bristles with finely rounded ends are gentle on enamel and gums.<\/p>\n<\/div>\n<div class=\"block-content has-heading\" data-mce-fragment=\"1\">\n<div class=\"block-content-heading\" data-mce-fragment=\"1\">\n<h3 class=\"\" id=\"\" data-mce-fragment=\"1\">Advantage<\/h3>\n<\/div>\n<p data-mce-fragment=\"1\">A long, rounded head with finely rounded Tynex bristles.<\/p>\n<div class=\"block-content-heading\" data-mce-fragment=\"1\">\n<h3 class=\"\" id=\"\" data-mce-fragment=\"1\">Benefits<\/h3>\n<\/div>\n<p data-mce-fragment=\"1\">\u2022 ESSENTIAL thanks to its long, rounded head for perfect brushing comfort.<br data-mce-fragment=\"1\">\u2022 ERGONOMIC: for a perfect grip and greater comfort.<br data-mce-fragment=\"1\">\u2022 HYGIENIC thanks to its head protector.<\/p>\n<h3>Use<\/h3>\n<p>Regular visits (twice a year) to the dentist are recommended, at least from the age of three (when all the baby teeth are in place). The health record book includes a space for observations made on the child&#039;s dental health at each checkup. Two pages of the book are specifically dedicated to preventive checkups performed at ages 6 and 12. They must be completed by a dentist.<\/p>\n<p>The first visits are important because they allow your child to become familiar with the dentist without requiring any treatment. Stay with your child throughout the visit to reassure them and ask the dentist to explain what they are doing.<\/p>\n<p>When you get home, have him draw a picture of his visit to the dentist.<\/p>\n<p>From the age of 12, you may be able to leave your child alone with the dentist during the treatment session.<\/p>\n<p><span class=\"richtext-colored-text\">This product is made for you \u2713<\/span><\/p>\n<\/div>","protected":false},"excerpt":{"rendered":"<p>ELGYDIUM Vitale brosse \u00e0 dents souple\u00a0\u00e0 la t\u00eate longue et arrondie et au manche ergonomique. Avec sa t\u00eate longue et arrondie et son manche ergonomique antid\u00e9rapant, la brosse \u00e0 dents ELGYDIUM Vitale offre un parfait confort de brossage. Ses brins en nylon de qualit\u00e9 sup\u00e9rieure aux extr\u00e9mit\u00e9s finement arrondies respectent l\u2019\u00e9mail et les gencives. Avantage [&hellip;]<\/p>\n","protected":false},"featured_media":17626,"template":"","meta":{"om_disable_all_campaigns":false},"product_brand":[5989],"product_cat":[18,15],"product_tag":[],"class_list":{"0":"post-17639","1":"product","2":"type-product","3":"status-publish","4":"has-post-thumbnail","6":"product_brand-elgydium-original-maroc-au-meilleur-prix","7":"product_cat-beaute-sante","8":"product_cat-beaute-sante-complements-alimentaires-soins-et-bien-etre-au-meilleur-prix","10":"first","11":"instock","12":"sale","13":"taxable","14":"shipping-taxable","15":"purchasable","16":"product-type-simple"},"yoast_head":"<!-- This site is optimized with the Yoast SEO plugin v27.3 - https:\/\/yoast.com\/product\/yoast-seo-wordpress\/ -->\n<title>ELGYDIUM Vitale brosse \u00e0 dents souple - Maroc Prix<\/title>\n<meta name=\"description\" content=\"ELGYDIUM Vitale brosse \u00e0 dents souple\" \/>\n<meta name=\"robots\" content=\"index, follow, max-snippet:-1, max-image-preview:large, max-video-preview:-1\" \/>\n<link rel=\"canonical\" href=\"https:\/\/vitablanca.ma\/en\/product\/elgydium-vitale-brosse-a-dents-souple\/\" \/>\n<meta property=\"og:locale\" content=\"en_US\" \/>\n<meta property=\"og:type\" content=\"article\" \/>\n<meta property=\"og:title\" content=\"ELGYDIUM Vitale brosse \u00e0 dents souple - Maroc Prix\" \/>\n<meta property=\"og:description\" content=\"ELGYDIUM Vitale brosse \u00e0 dents souple\" \/>\n<meta property=\"og:url\" content=\"https:\/\/vitablanca.ma\/en\/product\/elgydium-vitale-brosse-a-dents-souple\/\" \/>\n<meta property=\"og:site_name\" content=\"Vitablanca.ma &ndash; Sant&eacute;, vitalit&eacute; et bien-&ecirc;tre pour tous les Marocains\" \/>\n<meta property=\"article:publisher\" content=\"https:\/\/www.facebook.com\/profile.php?id=61576678196717\" \/>\n<meta property=\"article:modified_time\" content=\"2026-01-21T18:04:59+00:00\" \/>\n<meta property=\"og:image\" content=\"https:\/\/vitablanca.ma\/wp-content\/uploads\/2025\/06\/ELGYDIUM-Vitale-brosse-a-dents-souple-nova-parapharmacie-maroc.png\" \/>\n\t<meta property=\"og:image:width\" content=\"1000\" \/>\n\t<meta property=\"og:image:height\" content=\"1000\" \/>\n\t<meta property=\"og:image:type\" content=\"image\/png\" \/>\n<meta name=\"twitter:card\" content=\"summary_large_image\" \/>\n<meta name=\"twitter:label1\" content=\"Est. reading time\" \/>\n\t<meta name=\"twitter:data1\" content=\"1 minute\" \/>\n<script type=\"application\/ld+json\" class=\"yoast-schema-graph\">{\"@context\":\"https:\\\/\\\/schema.org\",\"@graph\":[{\"@type\":[\"WebPage\",\"ItemPage\"],\"@id\":\"https:\\\/\\\/vitablanca.ma\\\/produit\\\/elgydium-vitale-brosse-a-dents-souple\\\/\",\"url\":\"https:\\\/\\\/vitablanca.ma\\\/produit\\\/elgydium-vitale-brosse-a-dents-souple\\\/\",\"name\":\"ELGYDIUM Vitale brosse \u00e0 dents souple - Maroc Prix\",\"isPartOf\":{\"@id\":\"https:\\\/\\\/vitablanca.ma\\\/#website\"},\"primaryImageOfPage\":{\"@id\":\"https:\\\/\\\/vitablanca.ma\\\/produit\\\/elgydium-vitale-brosse-a-dents-souple\\\/#primaryimage\"},\"image\":{\"@id\":\"https:\\\/\\\/vitablanca.ma\\\/produit\\\/elgydium-vitale-brosse-a-dents-souple\\\/#primaryimage\"},\"thumbnailUrl\":\"https:\\\/\\\/vitablanca.ma\\\/wp-content\\\/uploads\\\/2025\\\/06\\\/ELGYDIUM-Vitale-brosse-a-dents-souple-nova-parapharmacie-maroc.png\",\"datePublished\":\"2025-06-10T17:04:51+00:00\",\"dateModified\":\"2026-01-21T18:04:59+00:00\",\"description\":\"ELGYDIUM Vitale brosse \u00e0 dents souple\",\"breadcrumb\":{\"@id\":\"https:\\\/\\\/vitablanca.ma\\\/produit\\\/elgydium-vitale-brosse-a-dents-souple\\\/#breadcrumb\"},\"inLanguage\":\"en-US\",\"potentialAction\":[{\"@type\":\"ReadAction\",\"target\":[\"https:\\\/\\\/vitablanca.ma\\\/produit\\\/elgydium-vitale-brosse-a-dents-souple\\\/\"]}]},{\"@type\":\"ImageObject\",\"inLanguage\":\"en-US\",\"@id\":\"https:\\\/\\\/vitablanca.ma\\\/produit\\\/elgydium-vitale-brosse-a-dents-souple\\\/#primaryimage\",\"url\":\"https:\\\/\\\/vitablanca.ma\\\/wp-content\\\/uploads\\\/2025\\\/06\\\/ELGYDIUM-Vitale-brosse-a-dents-souple-nova-parapharmacie-maroc.png\",\"contentUrl\":\"https:\\\/\\\/vitablanca.ma\\\/wp-content\\\/uploads\\\/2025\\\/06\\\/ELGYDIUM-Vitale-brosse-a-dents-souple-nova-parapharmacie-maroc.png\",\"width\":1000,\"height\":1000},{\"@type\":\"BreadcrumbList\",\"@id\":\"https:\\\/\\\/vitablanca.ma\\\/produit\\\/elgydium-vitale-brosse-a-dents-souple\\\/#breadcrumb\",\"itemListElement\":[{\"@type\":\"ListItem\",\"position\":1,\"name\":\"Home\",\"item\":\"https:\\\/\\\/vitablanca.ma\\\/\"},{\"@type\":\"ListItem\",\"position\":2,\"name\":\"Tous Les Produits\",\"item\":\"https:\\\/\\\/vitablanca.ma\\\/tous-les-produits\\\/\"},{\"@type\":\"ListItem\",\"position\":3,\"name\":\"ELGYDIUM Vitale brosse \u00e0 dents souple\"}]},{\"@type\":\"WebSite\",\"@id\":\"https:\\\/\\\/vitablanca.ma\\\/#website\",\"url\":\"https:\\\/\\\/vitablanca.ma\\\/\",\"name\":\"VitaBlanca.ma | Compl\u00e9ments alimentaires, sant\u00e9 & beaut\u00e9 au Maroc\",\"description\":\"vendre vitamines et compl\u00e9ments premium des USA &amp; Canada, Nouvelle Z\u00e9lande,Maroc (NOW Foods, Solgar, Manuka). Livraison rapide partout au Maroc.\",\"publisher\":{\"@id\":\"https:\\\/\\\/vitablanca.ma\\\/#organization\"},\"alternateName\":\"VitaBlanca.ma\",\"potentialAction\":[{\"@type\":\"SearchAction\",\"target\":{\"@type\":\"EntryPoint\",\"urlTemplate\":\"https:\\\/\\\/vitablanca.ma\\\/?s={search_term_string}\"},\"query-input\":{\"@type\":\"PropertyValueSpecification\",\"valueRequired\":true,\"valueName\":\"search_term_string\"}}],\"inLanguage\":\"en-US\"},{\"@type\":\"Organization\",\"@id\":\"https:\\\/\\\/vitablanca.ma\\\/#organization\",\"name\":\"VitaBlanca\",\"url\":\"https:\\\/\\\/vitablanca.ma\\\/\",\"logo\":{\"@type\":\"ImageObject\",\"inLanguage\":\"en-US\",\"@id\":\"https:\\\/\\\/vitablanca.ma\\\/#\\\/schema\\\/logo\\\/image\\\/\",\"url\":\"https:\\\/\\\/vitablanca.ma\\\/wp-content\\\/uploads\\\/2025\\\/05\\\/cropped-vitablanca.png\",\"contentUrl\":\"https:\\\/\\\/vitablanca.ma\\\/wp-content\\\/uploads\\\/2025\\\/05\\\/cropped-vitablanca.png\",\"width\":360,\"height\":67,\"caption\":\"VitaBlanca\"},\"image\":{\"@id\":\"https:\\\/\\\/vitablanca.ma\\\/#\\\/schema\\\/logo\\\/image\\\/\"},\"sameAs\":[\"https:\\\/\\\/www.facebook.com\\\/profile.php?id=61576678196717\",\"https:\\\/\\\/www.tiktok.com\\\/@vitablanca.ma\",\"https:\\\/\\\/www.instagram.com\\\/vitablanca.ma\\\/\"]}]}<\/script>\n<!-- \/ Yoast SEO plugin. -->","yoast_head_json":{"title":"ELGYDIUM Vitale soft toothbrush - Morocco Price","description":"ELGYDIUM Vitale soft toothbrush","robots":{"index":"index","follow":"follow","max-snippet":"max-snippet:-1","max-image-preview":"max-image-preview:large","max-video-preview":"max-video-preview:-1"},"canonical":"https:\/\/vitablanca.ma\/en\/product\/elgydium-vitale-brosse-a-dents-souple\/","og_locale":"en_US","og_type":"article","og_title":"ELGYDIUM Vitale brosse \u00e0 dents souple - Maroc Prix","og_description":"ELGYDIUM Vitale brosse \u00e0 dents souple","og_url":"https:\/\/vitablanca.ma\/en\/product\/elgydium-vitale-brosse-a-dents-souple\/","og_site_name":"Vitablanca.ma &ndash; Sant&eacute;, vitalit&eacute; et bien-&ecirc;tre pour tous les Marocains","article_publisher":"https:\/\/www.facebook.com\/profile.php?id=61576678196717","article_modified_time":"2026-01-21T18:04:59+00:00","og_image":[{"width":1000,"height":1000,"url":"https:\/\/vitablanca.ma\/wp-content\/uploads\/2025\/06\/ELGYDIUM-Vitale-brosse-a-dents-souple-nova-parapharmacie-maroc.png","type":"image\/png"}],"twitter_card":"summary_large_image","twitter_misc":{"Est. reading time":"1 minute"},"schema":{"@context":"https:\/\/schema.org","@graph":[{"@type":["WebPage","ItemPage"],"@id":"https:\/\/vitablanca.ma\/produit\/elgydium-vitale-brosse-a-dents-souple\/","url":"https:\/\/vitablanca.ma\/produit\/elgydium-vitale-brosse-a-dents-souple\/","name":"ELGYDIUM Vitale soft toothbrush - Morocco Price","isPartOf":{"@id":"https:\/\/vitablanca.ma\/#website"},"primaryImageOfPage":{"@id":"https:\/\/vitablanca.ma\/produit\/elgydium-vitale-brosse-a-dents-souple\/#primaryimage"},"image":{"@id":"https:\/\/vitablanca.ma\/produit\/elgydium-vitale-brosse-a-dents-souple\/#primaryimage"},"thumbnailUrl":"https:\/\/vitablanca.ma\/wp-content\/uploads\/2025\/06\/ELGYDIUM-Vitale-brosse-a-dents-souple-nova-parapharmacie-maroc.png","datePublished":"2025-06-10T17:04:51+00:00","dateModified":"2026-01-21T18:04:59+00:00","description":"ELGYDIUM Vitale soft toothbrush","breadcrumb":{"@id":"https:\/\/vitablanca.ma\/produit\/elgydium-vitale-brosse-a-dents-souple\/#breadcrumb"},"inLanguage":"en-US","potentialAction":[{"@type":"ReadAction","target":["https:\/\/vitablanca.ma\/produit\/elgydium-vitale-brosse-a-dents-souple\/"]}]},{"@type":"ImageObject","inLanguage":"en-US","@id":"https:\/\/vitablanca.ma\/produit\/elgydium-vitale-brosse-a-dents-souple\/#primaryimage","url":"https:\/\/vitablanca.ma\/wp-content\/uploads\/2025\/06\/ELGYDIUM-Vitale-brosse-a-dents-souple-nova-parapharmacie-maroc.png","contentUrl":"https:\/\/vitablanca.ma\/wp-content\/uploads\/2025\/06\/ELGYDIUM-Vitale-brosse-a-dents-souple-nova-parapharmacie-maroc.png","width":1000,"height":1000},{"@type":"BreadcrumbList","@id":"https:\/\/vitablanca.ma\/produit\/elgydium-vitale-brosse-a-dents-souple\/#breadcrumb","itemListElement":[{"@type":"ListItem","position":1,"name":"Home","item":"https:\/\/vitablanca.ma\/"},{"@type":"ListItem","position":2,"name":"Tous Les Produits","item":"https:\/\/vitablanca.ma\/tous-les-produits\/"},{"@type":"ListItem","position":3,"name":"ELGYDIUM Vitale brosse \u00e0 dents souple"}]},{"@type":"WebSite","@id":"https:\/\/vitablanca.ma\/#website","url":"https:\/\/vitablanca.ma\/","name":"VitaBlanca.ma | Food supplements, health &amp; beauty in Morocco","description":"sell premium vitamins and supplements from USA &amp; Canada, New Zealand, Morocco (NOW Foods, Solgar, Manuka). Fast delivery anywhere in Morocco.","publisher":{"@id":"https:\/\/vitablanca.ma\/#organization"},"alternateName":"VitaBlanca.ma","potentialAction":[{"@type":"SearchAction","target":{"@type":"EntryPoint","urlTemplate":"https:\/\/vitablanca.ma\/?s={search_term_string}"},"query-input":{"@type":"PropertyValueSpecification","valueRequired":true,"valueName":"search_term_string"}}],"inLanguage":"en-US"},{"@type":"Organization","@id":"https:\/\/vitablanca.ma\/#organization","name":"VitaBlanca","url":"https:\/\/vitablanca.ma\/","logo":{"@type":"ImageObject","inLanguage":"en-US","@id":"https:\/\/vitablanca.ma\/#\/schema\/logo\/image\/","url":"https:\/\/vitablanca.ma\/wp-content\/uploads\/2025\/05\/cropped-vitablanca.png","contentUrl":"https:\/\/vitablanca.ma\/wp-content\/uploads\/2025\/05\/cropped-vitablanca.png","width":360,"height":67,"caption":"VitaBlanca"},"image":{"@id":"https:\/\/vitablanca.ma\/#\/schema\/logo\/image\/"},"sameAs":["https:\/\/www.facebook.com\/profile.php?id=61576678196717","https:\/\/www.tiktok.com\/@vitablanca.ma","https:\/\/www.instagram.com\/vitablanca.ma\/"]}]}},"jetpack_sharing_enabled":true,"_links":{"self":[{"href":"https:\/\/vitablanca.ma\/en\/wp-json\/wp\/v2\/product\/17639","targetHints":{"allow":["GET"]}}],"collection":[{"href":"https:\/\/vitablanca.ma\/en\/wp-json\/wp\/v2\/product"}],"about":[{"href":"https:\/\/vitablanca.ma\/en\/wp-json\/wp\/v2\/types\/product"}],"wp:featuredmedia":[{"embeddable":true,"href":"https:\/\/vitablanca.ma\/en\/wp-json\/wp\/v2\/media\/17626"}],"wp:attachment":[{"href":"https:\/\/vitablanca.ma\/en\/wp-json\/wp\/v2\/media?parent=17639"}],"wp:term":[{"taxonomy":"product_brand","embeddable":true,"href":"https:\/\/vitablanca.ma\/en\/wp-json\/wp\/v2\/product_brand?post=17639"},{"taxonomy":"product_cat","embeddable":true,"href":"https:\/\/vitablanca.ma\/en\/wp-json\/wp\/v2\/product_cat?post=17639"},{"taxonomy":"product_tag","embeddable":true,"href":"https:\/\/vitablanca.ma\/en\/wp-json\/wp\/v2\/product_tag?post=17639"}],"curies":[{"name":"wp","href":"https:\/\/api.w.org\/{rel}","templated":true}]}}