{"id":17631,"date":"2025-06-10T17:04:45","date_gmt":"2025-06-10T17:04:45","guid":{"rendered":"https:\/\/vitablanca.ma\/product\/ducray-keracnyl-stop-bouton-10ml\/"},"modified":"2025-06-10T17:04:45","modified_gmt":"2025-06-10T17:04:45","slug":"ducray-keracnyl-stop-bouton-10ml","status":"publish","type":"product","link":"https:\/\/vitablanca.ma\/en\/product\/ducray-keracnyl-stop-bouton-10ml\/","title":{"rendered":"Ducray KERACNYL Stop Button 10ml"},"content":{"rendered":"<h2>Ducray KERACNYL Stop Pimple.<\/h2>\n<div class=\"field-title\">\n<p>Emergency\/SOS treatment to help eliminate imperfections<br \/>Oily skin with imperfections.<br \/><span data-mce-fragment=\"1\">Localized imperfections.<br \/>10ml.<\/span><\/p>\n<p><span data-mce-fragment=\"1\">A true emergency treatment\/SOS treatment to apply directly to localized imperfections to dry them out and help them disappear quickly.<\/span><\/p>\n<div class=\"wrapper_product-collapsible-sections_item_title ellipse-down ellipse-base el-width-150 el-center\">\n<h3 data-dc-js-cs-role=\"label\" class=\"product-collapsible-sections_item_title\">BENEFITS<\/h3>\n<\/div>\n<div data-dc-js-cs-role=\"content\" class=\"product-collapsible-sections_item_content\">\n<div class=\"field-collection-container clearfix\">\n<div class=\"field-collection-view clearfix view-mode-full\">\n<div class=\"product-benefit_item\">\n<p class=\"product-benefit_item_title contextual-color\"><strong>SOS CARE<\/strong><\/p>\n<\/div>\n<\/div>\n<div class=\"field-collection-view clearfix view-mode-full\">\n<div class=\"product-benefit_item\">\n<p class=\"product-benefit_item_title contextual-color\"><strong>LOCALIZED APPLICATION<\/strong><\/p>\n<\/div>\n<\/div>\n<div class=\"field-collection-view clearfix view-mode-full field-collection-view-final\">\n<div class=\"product-benefit_item\">\n<p class=\"product-benefit_item_title contextual-color\"><strong>DRIES AND REMOVES IMPERFECTIONS<\/strong><\/p>\n<h3 class=\"product-collapsible-sections_item_subtitle contextual-color\">ABOUT OILY SKIN WITH IMPERFECTIONS<\/h3>\n<div id=\"rmjs-1\" aria-expanded=\"true\" data-readmore=\"\" class=\"product-collapsible-sections_item_subcontent readmore-add-processed\">More than 70% of the population suffers from acne-prone skin*\u2026<br \/>Oily skin with imperfections can vary in severity. Comprehensive care, including good hygiene practices and complementary treatments, can limit the worsening of these imperfections and help eliminate them.<\/div>\n<div aria-expanded=\"true\" data-readmore=\"\" class=\"product-collapsible-sections_item_subcontent readmore-add-processed\"><\/div>\n<h3 aria-expanded=\"true\" class=\"product-collapsible-sections_item_subcontent readmore-add-processed\"><span>APPLICATION TIPS<\/span><\/h3>\n<p><span>Apply 2 to 3 times a day to the affected area. Precise and measured application.<\/span><\/p>\n<p><span>Do not use on irritated skin. Limit sun exposure while using this product and always use sunscreen. If tingling occurs, it is recommended to space out the application of the product every other time.<\/span><\/p>\n<\/div>\n<\/div>\n<\/div>\n<\/div>\n<\/div>\n<div class=\"categories-row\">\n<div class=\"category-content\"><\/div>\n<\/div>","protected":false},"excerpt":{"rendered":"<p>Ducray KERACNYL Stop Bouton. Soin d\u2019urgence \/\u00a0SOS favorisant la disparition des imperfectionsPeaux grasses \u00e0 imperfections.Imperfections localis\u00e9es.10ml. V\u00e9ritable soin d\u2019urgence\/soin SOS \u00e0 appliquer directement sur les imperfections localis\u00e9es pour les ass\u00e9cher et aider \u00e0 les faire dispara\u00eetre rapidement. B\u00c9N\u00c9FICES SOIN S.O.S. APPLICATION LOCALIS\u00c9E ASS\u00c8CHE ET FAIT DISPARA\u00ceTRE LES IMPERFECTIONS A PROPOS DES PEAUX GRASSES \u00c0 IMPERFECTIONS [&hellip;]<\/p>\n","protected":false},"featured_media":17619,"template":"","meta":{"om_disable_all_campaigns":false},"product_brand":[],"product_cat":[15],"product_tag":[],"class_list":{"0":"post-17631","1":"product","2":"type-product","3":"status-publish","4":"has-post-thumbnail","6":"product_cat-beaute-sante-complements-alimentaires-soins-et-bien-etre-au-meilleur-prix","8":"first","9":"instock","10":"sale","11":"taxable","12":"shipping-taxable","13":"purchasable","14":"product-type-simple"},"yoast_head":"<!-- This site is optimized with the Yoast SEO plugin v27.3 - https:\/\/yoast.com\/product\/yoast-seo-wordpress\/ -->\n<title>Ducray KERACNYL Stop Bouton 10ml - Maroc Prix<\/title>\n<meta name=\"description\" content=\"Ducray KERACNYL Stop Bouton 10ml\" \/>\n<meta name=\"robots\" content=\"index, follow, max-snippet:-1, max-image-preview:large, max-video-preview:-1\" \/>\n<link rel=\"canonical\" href=\"https:\/\/vitablanca.ma\/en\/product\/ducray-keracnyl-stop-bouton-10ml\/\" \/>\n<meta property=\"og:locale\" content=\"en_US\" \/>\n<meta property=\"og:type\" content=\"article\" \/>\n<meta property=\"og:title\" content=\"Ducray KERACNYL Stop Bouton 10ml - Maroc Prix\" \/>\n<meta property=\"og:description\" content=\"Ducray KERACNYL Stop Bouton 10ml\" \/>\n<meta property=\"og:url\" content=\"https:\/\/vitablanca.ma\/en\/product\/ducray-keracnyl-stop-bouton-10ml\/\" \/>\n<meta property=\"og:site_name\" content=\"Vitablanca.ma &ndash; Sant&eacute;, vitalit&eacute; et bien-&ecirc;tre pour tous les Marocains\" \/>\n<meta property=\"article:publisher\" content=\"https:\/\/www.facebook.com\/profile.php?id=61576678196717\" \/>\n<meta property=\"og:image\" content=\"https:\/\/vitablanca.ma\/wp-content\/uploads\/2025\/06\/Ducray-KERACNYL-Stop-Bouton-10ml-nova-parapharmacie-casablanca.jpg\" \/>\n\t<meta property=\"og:image:width\" content=\"1000\" \/>\n\t<meta property=\"og:image:height\" content=\"1000\" \/>\n\t<meta property=\"og:image:type\" content=\"image\/jpeg\" \/>\n<meta name=\"twitter:card\" content=\"summary_large_image\" \/>\n<meta name=\"twitter:label1\" content=\"Est. reading time\" \/>\n\t<meta name=\"twitter:data1\" content=\"1 minute\" \/>\n<script type=\"application\/ld+json\" class=\"yoast-schema-graph\">{\"@context\":\"https:\\\/\\\/schema.org\",\"@graph\":[{\"@type\":[\"WebPage\",\"ItemPage\"],\"@id\":\"https:\\\/\\\/vitablanca.ma\\\/produit\\\/ducray-keracnyl-stop-bouton-10ml\\\/\",\"url\":\"https:\\\/\\\/vitablanca.ma\\\/produit\\\/ducray-keracnyl-stop-bouton-10ml\\\/\",\"name\":\"Ducray KERACNYL Stop Bouton 10ml - Maroc Prix\",\"isPartOf\":{\"@id\":\"https:\\\/\\\/vitablanca.ma\\\/#website\"},\"primaryImageOfPage\":{\"@id\":\"https:\\\/\\\/vitablanca.ma\\\/produit\\\/ducray-keracnyl-stop-bouton-10ml\\\/#primaryimage\"},\"image\":{\"@id\":\"https:\\\/\\\/vitablanca.ma\\\/produit\\\/ducray-keracnyl-stop-bouton-10ml\\\/#primaryimage\"},\"thumbnailUrl\":\"https:\\\/\\\/vitablanca.ma\\\/wp-content\\\/uploads\\\/2025\\\/06\\\/Ducray-KERACNYL-Stop-Bouton-10ml-nova-parapharmacie-casablanca.jpg\",\"datePublished\":\"2025-06-10T17:04:45+00:00\",\"description\":\"Ducray KERACNYL Stop Bouton 10ml\",\"breadcrumb\":{\"@id\":\"https:\\\/\\\/vitablanca.ma\\\/produit\\\/ducray-keracnyl-stop-bouton-10ml\\\/#breadcrumb\"},\"inLanguage\":\"en-US\",\"potentialAction\":[{\"@type\":\"ReadAction\",\"target\":[\"https:\\\/\\\/vitablanca.ma\\\/produit\\\/ducray-keracnyl-stop-bouton-10ml\\\/\"]}]},{\"@type\":\"ImageObject\",\"inLanguage\":\"en-US\",\"@id\":\"https:\\\/\\\/vitablanca.ma\\\/produit\\\/ducray-keracnyl-stop-bouton-10ml\\\/#primaryimage\",\"url\":\"https:\\\/\\\/vitablanca.ma\\\/wp-content\\\/uploads\\\/2025\\\/06\\\/Ducray-KERACNYL-Stop-Bouton-10ml-nova-parapharmacie-casablanca.jpg\",\"contentUrl\":\"https:\\\/\\\/vitablanca.ma\\\/wp-content\\\/uploads\\\/2025\\\/06\\\/Ducray-KERACNYL-Stop-Bouton-10ml-nova-parapharmacie-casablanca.jpg\",\"width\":1000,\"height\":1000},{\"@type\":\"BreadcrumbList\",\"@id\":\"https:\\\/\\\/vitablanca.ma\\\/produit\\\/ducray-keracnyl-stop-bouton-10ml\\\/#breadcrumb\",\"itemListElement\":[{\"@type\":\"ListItem\",\"position\":1,\"name\":\"Home\",\"item\":\"https:\\\/\\\/vitablanca.ma\\\/\"},{\"@type\":\"ListItem\",\"position\":2,\"name\":\"Tous Les Produits\",\"item\":\"https:\\\/\\\/vitablanca.ma\\\/tous-les-produits\\\/\"},{\"@type\":\"ListItem\",\"position\":3,\"name\":\"Ducray KERACNYL Stop Bouton 10ml\"}]},{\"@type\":\"WebSite\",\"@id\":\"https:\\\/\\\/vitablanca.ma\\\/#website\",\"url\":\"https:\\\/\\\/vitablanca.ma\\\/\",\"name\":\"VitaBlanca.ma | Compl\u00e9ments alimentaires, sant\u00e9 & beaut\u00e9 au Maroc\",\"description\":\"vendre vitamines et compl\u00e9ments premium des USA &amp; Canada, Nouvelle Z\u00e9lande,Maroc (NOW Foods, Solgar, Manuka). Livraison rapide partout au Maroc.\",\"publisher\":{\"@id\":\"https:\\\/\\\/vitablanca.ma\\\/#organization\"},\"alternateName\":\"VitaBlanca.ma\",\"potentialAction\":[{\"@type\":\"SearchAction\",\"target\":{\"@type\":\"EntryPoint\",\"urlTemplate\":\"https:\\\/\\\/vitablanca.ma\\\/?s={search_term_string}\"},\"query-input\":{\"@type\":\"PropertyValueSpecification\",\"valueRequired\":true,\"valueName\":\"search_term_string\"}}],\"inLanguage\":\"en-US\"},{\"@type\":\"Organization\",\"@id\":\"https:\\\/\\\/vitablanca.ma\\\/#organization\",\"name\":\"VitaBlanca\",\"url\":\"https:\\\/\\\/vitablanca.ma\\\/\",\"logo\":{\"@type\":\"ImageObject\",\"inLanguage\":\"en-US\",\"@id\":\"https:\\\/\\\/vitablanca.ma\\\/#\\\/schema\\\/logo\\\/image\\\/\",\"url\":\"https:\\\/\\\/vitablanca.ma\\\/wp-content\\\/uploads\\\/2025\\\/05\\\/cropped-vitablanca.png\",\"contentUrl\":\"https:\\\/\\\/vitablanca.ma\\\/wp-content\\\/uploads\\\/2025\\\/05\\\/cropped-vitablanca.png\",\"width\":360,\"height\":67,\"caption\":\"VitaBlanca\"},\"image\":{\"@id\":\"https:\\\/\\\/vitablanca.ma\\\/#\\\/schema\\\/logo\\\/image\\\/\"},\"sameAs\":[\"https:\\\/\\\/www.facebook.com\\\/profile.php?id=61576678196717\",\"https:\\\/\\\/www.tiktok.com\\\/@vitablanca.ma\",\"https:\\\/\\\/www.instagram.com\\\/vitablanca.ma\\\/\"]}]}<\/script>\n<!-- \/ Yoast SEO plugin. -->","yoast_head_json":{"title":"Ducray KERACNYL Stop Pimple 10ml - Morocco Price","description":"Ducray KERACNYL Stop Button 10ml","robots":{"index":"index","follow":"follow","max-snippet":"max-snippet:-1","max-image-preview":"max-image-preview:large","max-video-preview":"max-video-preview:-1"},"canonical":"https:\/\/vitablanca.ma\/en\/product\/ducray-keracnyl-stop-bouton-10ml\/","og_locale":"en_US","og_type":"article","og_title":"Ducray KERACNYL Stop Bouton 10ml - Maroc Prix","og_description":"Ducray KERACNYL Stop Bouton 10ml","og_url":"https:\/\/vitablanca.ma\/en\/product\/ducray-keracnyl-stop-bouton-10ml\/","og_site_name":"Vitablanca.ma &ndash; Sant&eacute;, vitalit&eacute; et bien-&ecirc;tre pour tous les Marocains","article_publisher":"https:\/\/www.facebook.com\/profile.php?id=61576678196717","og_image":[{"width":1000,"height":1000,"url":"https:\/\/vitablanca.ma\/wp-content\/uploads\/2025\/06\/Ducray-KERACNYL-Stop-Bouton-10ml-nova-parapharmacie-casablanca.jpg","type":"image\/jpeg"}],"twitter_card":"summary_large_image","twitter_misc":{"Est. reading time":"1 minute"},"schema":{"@context":"https:\/\/schema.org","@graph":[{"@type":["WebPage","ItemPage"],"@id":"https:\/\/vitablanca.ma\/produit\/ducray-keracnyl-stop-bouton-10ml\/","url":"https:\/\/vitablanca.ma\/produit\/ducray-keracnyl-stop-bouton-10ml\/","name":"Ducray KERACNYL Stop Pimple 10ml - Morocco Price","isPartOf":{"@id":"https:\/\/vitablanca.ma\/#website"},"primaryImageOfPage":{"@id":"https:\/\/vitablanca.ma\/produit\/ducray-keracnyl-stop-bouton-10ml\/#primaryimage"},"image":{"@id":"https:\/\/vitablanca.ma\/produit\/ducray-keracnyl-stop-bouton-10ml\/#primaryimage"},"thumbnailUrl":"https:\/\/vitablanca.ma\/wp-content\/uploads\/2025\/06\/Ducray-KERACNYL-Stop-Bouton-10ml-nova-parapharmacie-casablanca.jpg","datePublished":"2025-06-10T17:04:45+00:00","description":"Ducray KERACNYL Stop Button 10ml","breadcrumb":{"@id":"https:\/\/vitablanca.ma\/produit\/ducray-keracnyl-stop-bouton-10ml\/#breadcrumb"},"inLanguage":"en-US","potentialAction":[{"@type":"ReadAction","target":["https:\/\/vitablanca.ma\/produit\/ducray-keracnyl-stop-bouton-10ml\/"]}]},{"@type":"ImageObject","inLanguage":"en-US","@id":"https:\/\/vitablanca.ma\/produit\/ducray-keracnyl-stop-bouton-10ml\/#primaryimage","url":"https:\/\/vitablanca.ma\/wp-content\/uploads\/2025\/06\/Ducray-KERACNYL-Stop-Bouton-10ml-nova-parapharmacie-casablanca.jpg","contentUrl":"https:\/\/vitablanca.ma\/wp-content\/uploads\/2025\/06\/Ducray-KERACNYL-Stop-Bouton-10ml-nova-parapharmacie-casablanca.jpg","width":1000,"height":1000},{"@type":"BreadcrumbList","@id":"https:\/\/vitablanca.ma\/produit\/ducray-keracnyl-stop-bouton-10ml\/#breadcrumb","itemListElement":[{"@type":"ListItem","position":1,"name":"Home","item":"https:\/\/vitablanca.ma\/"},{"@type":"ListItem","position":2,"name":"Tous Les Produits","item":"https:\/\/vitablanca.ma\/tous-les-produits\/"},{"@type":"ListItem","position":3,"name":"Ducray KERACNYL Stop Bouton 10ml"}]},{"@type":"WebSite","@id":"https:\/\/vitablanca.ma\/#website","url":"https:\/\/vitablanca.ma\/","name":"VitaBlanca.ma | Food supplements, health &amp; beauty in Morocco","description":"sell premium vitamins and supplements from USA &amp; Canada, New Zealand, Morocco (NOW Foods, Solgar, Manuka). Fast delivery anywhere in Morocco.","publisher":{"@id":"https:\/\/vitablanca.ma\/#organization"},"alternateName":"VitaBlanca.ma","potentialAction":[{"@type":"SearchAction","target":{"@type":"EntryPoint","urlTemplate":"https:\/\/vitablanca.ma\/?s={search_term_string}"},"query-input":{"@type":"PropertyValueSpecification","valueRequired":true,"valueName":"search_term_string"}}],"inLanguage":"en-US"},{"@type":"Organization","@id":"https:\/\/vitablanca.ma\/#organization","name":"VitaBlanca","url":"https:\/\/vitablanca.ma\/","logo":{"@type":"ImageObject","inLanguage":"en-US","@id":"https:\/\/vitablanca.ma\/#\/schema\/logo\/image\/","url":"https:\/\/vitablanca.ma\/wp-content\/uploads\/2025\/05\/cropped-vitablanca.png","contentUrl":"https:\/\/vitablanca.ma\/wp-content\/uploads\/2025\/05\/cropped-vitablanca.png","width":360,"height":67,"caption":"VitaBlanca"},"image":{"@id":"https:\/\/vitablanca.ma\/#\/schema\/logo\/image\/"},"sameAs":["https:\/\/www.facebook.com\/profile.php?id=61576678196717","https:\/\/www.tiktok.com\/@vitablanca.ma","https:\/\/www.instagram.com\/vitablanca.ma\/"]}]}},"jetpack_sharing_enabled":true,"_links":{"self":[{"href":"https:\/\/vitablanca.ma\/en\/wp-json\/wp\/v2\/product\/17631","targetHints":{"allow":["GET"]}}],"collection":[{"href":"https:\/\/vitablanca.ma\/en\/wp-json\/wp\/v2\/product"}],"about":[{"href":"https:\/\/vitablanca.ma\/en\/wp-json\/wp\/v2\/types\/product"}],"wp:featuredmedia":[{"embeddable":true,"href":"https:\/\/vitablanca.ma\/en\/wp-json\/wp\/v2\/media\/17619"}],"wp:attachment":[{"href":"https:\/\/vitablanca.ma\/en\/wp-json\/wp\/v2\/media?parent=17631"}],"wp:term":[{"taxonomy":"product_brand","embeddable":true,"href":"https:\/\/vitablanca.ma\/en\/wp-json\/wp\/v2\/product_brand?post=17631"},{"taxonomy":"product_cat","embeddable":true,"href":"https:\/\/vitablanca.ma\/en\/wp-json\/wp\/v2\/product_cat?post=17631"},{"taxonomy":"product_tag","embeddable":true,"href":"https:\/\/vitablanca.ma\/en\/wp-json\/wp\/v2\/product_tag?post=17631"}],"curies":[{"name":"wp","href":"https:\/\/api.w.org\/{rel}","templated":true}]}}