{"id":17623,"date":"2025-06-10T17:04:35","date_gmt":"2025-06-10T17:04:35","guid":{"rendered":"https:\/\/vitablanca.ma\/product\/eucerin-urearepair-plus-creme-mains-5-duree-75ml\/"},"modified":"2026-01-21T23:25:22","modified_gmt":"2026-01-21T23:25:22","slug":"eucerin-urearepair-plus-creme-mains-5-duree-75ml","status":"publish","type":"product","link":"https:\/\/vitablanca.ma\/en\/product\/eucerin-urearepair-plus-creme-mains-5-duree-75ml\/","title":{"rendered":"Eucerin UreaRepair PLUS Hand Cream 5% Urea 75ml"},"content":{"rendered":"<h2>Eucerin UreaRepair PLUS Hand Cream 5% Urea.<\/h2>\n<p class=\"hdl-3\">Repairing and regenerating cream for dry to very dry hands<\/p>\n<div class=\"text\">\n<p>Intensely hydrates and soothes dry to very dry hands to leave skin soft and soothed.<br \/>75ml.<\/p>\n<h2 class=\"uk-accordion-title\">About Dry Hand Cream<\/h2>\n<div class=\"uk-accordion-content\">\n<section class=\"eucerin-cp cp-text right\">\n<div class=\"text\">\n<p>Hands are exposed to cold, water, soap, and other chemicals far more frequently than the rest of the body. This makes them more vulnerable to a weakened skin barrier, leading to water loss and the penetration of irritants that can cause<span>\u00a0<\/span>dryness, redness, flaking, and itching. EUCERIN UreaRepair PLUS Hand Cream 5% urea is enriched with<span>\u00a0<\/span>urea<span>\u00a0<\/span>and in<span>\u00a0<\/span>lactate<span>\u00a0<\/span>to quickly relieve even the<span>\u00a0<\/span>very dry and irritated hands<span>\u00a0<\/span>providing intensive hydration<span>\u00a0<\/span>long duration they need.<\/p>\n<h3 class=\"hdl-3\">Properties<\/h3>\n<div class=\"text\">\n<section class=\"eucerin-cp cp-image\"><\/section>\n<ul>\n<li>fragrance-free<\/li>\n<li>without colorings<\/li>\n<\/ul>\n<h3 class=\"hdl-3\">Directions for use<\/h3>\n<div class=\"text\">\n<section class=\"eucerin-cp cp-image\"><\/section>\n<ul>\n<li>Take a dab of cream in your hand.<\/li>\n<li>Massage the cream into your hands until completely absorbed.<\/li>\n<li>Apply as often as needed.<\/li>\n<\/ul>\n<\/div>\n<\/div>\n<\/div>\n<\/section>\n<\/div>\n<\/div>","protected":false},"excerpt":{"rendered":"<p>Eucerin UreaRepair PLUS Cr\u00e8me Mains 5% d&rsquo;Ur\u00e9e. Cr\u00e8me r\u00e9paratrice et r\u00e9g\u00e9n\u00e9rante pour les mains s\u00e8ches \u00e0 tr\u00e8s s\u00e8ches Hydrate et soulage intens\u00e9ment les mains s\u00e8ches \u00e0 tr\u00e8s s\u00e8ches pour laisser la peau douce et apais\u00e9e.75ml. \u00c0 propos de Cr\u00e8me mains s\u00e8ches Les mains sont expos\u00e9es au froid, \u00e0 l&rsquo;eau, au savon et \u00e0 d&rsquo;autres produits [&hellip;]<\/p>\n","protected":false},"featured_media":17620,"template":"","meta":{"om_disable_all_campaigns":false},"product_brand":[5994],"product_cat":[18,15],"product_tag":[],"class_list":{"0":"post-17623","1":"product","2":"type-product","3":"status-publish","4":"has-post-thumbnail","6":"product_brand-eucerin-maroc-prix","7":"product_cat-beaute-sante","8":"product_cat-beaute-sante-complements-alimentaires-soins-et-bien-etre-au-meilleur-prix","10":"first","11":"instock","12":"sale","13":"taxable","14":"shipping-taxable","15":"purchasable","16":"product-type-simple"},"yoast_head":"<!-- This site is optimized with the Yoast SEO plugin v27.3 - https:\/\/yoast.com\/product\/yoast-seo-wordpress\/ -->\n<title>Eucerin UreaRepair PLUS Cr\u00e8me Mains 5% d&#039;Ur\u00e9e 75ml - Maroc Prix<\/title>\n<meta name=\"description\" content=\"Eucerin UreaRepair PLUS Cr\u00e8me Mains 5% d&#039;Ur\u00e9e 75ml\" \/>\n<meta name=\"robots\" content=\"index, follow, max-snippet:-1, max-image-preview:large, max-video-preview:-1\" \/>\n<link rel=\"canonical\" href=\"https:\/\/vitablanca.ma\/en\/product\/eucerin-urearepair-plus-creme-mains-5-duree-75ml\/\" \/>\n<meta property=\"og:locale\" content=\"en_US\" \/>\n<meta property=\"og:type\" content=\"article\" \/>\n<meta property=\"og:title\" content=\"Eucerin UreaRepair PLUS Cr\u00e8me Mains 5% d&#039;Ur\u00e9e 75ml - Maroc Prix\" \/>\n<meta property=\"og:description\" content=\"Eucerin UreaRepair PLUS Cr\u00e8me Mains 5% d&#039;Ur\u00e9e 75ml\" \/>\n<meta property=\"og:url\" content=\"https:\/\/vitablanca.ma\/en\/product\/eucerin-urearepair-plus-creme-mains-5-duree-75ml\/\" \/>\n<meta property=\"og:site_name\" content=\"Vitablanca.ma &ndash; Sant&eacute;, vitalit&eacute; et bien-&ecirc;tre pour tous les Marocains\" \/>\n<meta property=\"article:publisher\" content=\"https:\/\/www.facebook.com\/profile.php?id=61576678196717\" \/>\n<meta property=\"article:modified_time\" content=\"2026-01-21T23:25:22+00:00\" \/>\n<meta property=\"og:image\" content=\"https:\/\/vitablanca.ma\/wp-content\/uploads\/2025\/06\/Eucerin-UreaRepair-PLUS-Creme-Mains-5_-d_Uree-75ml-nova-parapharmacie-casablanca.jpg\" \/>\n\t<meta property=\"og:image:width\" content=\"1000\" \/>\n\t<meta property=\"og:image:height\" content=\"1000\" \/>\n\t<meta property=\"og:image:type\" content=\"image\/jpeg\" \/>\n<meta name=\"twitter:card\" content=\"summary_large_image\" \/>\n<meta name=\"twitter:label1\" content=\"Est. reading time\" \/>\n\t<meta name=\"twitter:data1\" content=\"1 minute\" \/>\n<script type=\"application\/ld+json\" class=\"yoast-schema-graph\">{\"@context\":\"https:\\\/\\\/schema.org\",\"@graph\":[{\"@type\":[\"WebPage\",\"ItemPage\"],\"@id\":\"https:\\\/\\\/vitablanca.ma\\\/produit\\\/eucerin-urearepair-plus-creme-mains-5-duree-75ml\\\/\",\"url\":\"https:\\\/\\\/vitablanca.ma\\\/produit\\\/eucerin-urearepair-plus-creme-mains-5-duree-75ml\\\/\",\"name\":\"Eucerin UreaRepair PLUS Cr\u00e8me Mains 5% d'Ur\u00e9e 75ml - Maroc Prix\",\"isPartOf\":{\"@id\":\"https:\\\/\\\/vitablanca.ma\\\/#website\"},\"primaryImageOfPage\":{\"@id\":\"https:\\\/\\\/vitablanca.ma\\\/produit\\\/eucerin-urearepair-plus-creme-mains-5-duree-75ml\\\/#primaryimage\"},\"image\":{\"@id\":\"https:\\\/\\\/vitablanca.ma\\\/produit\\\/eucerin-urearepair-plus-creme-mains-5-duree-75ml\\\/#primaryimage\"},\"thumbnailUrl\":\"https:\\\/\\\/vitablanca.ma\\\/wp-content\\\/uploads\\\/2025\\\/06\\\/Eucerin-UreaRepair-PLUS-Creme-Mains-5_-d_Uree-75ml-nova-parapharmacie-casablanca.jpg\",\"datePublished\":\"2025-06-10T17:04:35+00:00\",\"dateModified\":\"2026-01-21T23:25:22+00:00\",\"description\":\"Eucerin UreaRepair PLUS Cr\u00e8me Mains 5% d'Ur\u00e9e 75ml\",\"breadcrumb\":{\"@id\":\"https:\\\/\\\/vitablanca.ma\\\/produit\\\/eucerin-urearepair-plus-creme-mains-5-duree-75ml\\\/#breadcrumb\"},\"inLanguage\":\"en-US\",\"potentialAction\":[{\"@type\":\"ReadAction\",\"target\":[\"https:\\\/\\\/vitablanca.ma\\\/produit\\\/eucerin-urearepair-plus-creme-mains-5-duree-75ml\\\/\"]}]},{\"@type\":\"ImageObject\",\"inLanguage\":\"en-US\",\"@id\":\"https:\\\/\\\/vitablanca.ma\\\/produit\\\/eucerin-urearepair-plus-creme-mains-5-duree-75ml\\\/#primaryimage\",\"url\":\"https:\\\/\\\/vitablanca.ma\\\/wp-content\\\/uploads\\\/2025\\\/06\\\/Eucerin-UreaRepair-PLUS-Creme-Mains-5_-d_Uree-75ml-nova-parapharmacie-casablanca.jpg\",\"contentUrl\":\"https:\\\/\\\/vitablanca.ma\\\/wp-content\\\/uploads\\\/2025\\\/06\\\/Eucerin-UreaRepair-PLUS-Creme-Mains-5_-d_Uree-75ml-nova-parapharmacie-casablanca.jpg\",\"width\":1000,\"height\":1000},{\"@type\":\"BreadcrumbList\",\"@id\":\"https:\\\/\\\/vitablanca.ma\\\/produit\\\/eucerin-urearepair-plus-creme-mains-5-duree-75ml\\\/#breadcrumb\",\"itemListElement\":[{\"@type\":\"ListItem\",\"position\":1,\"name\":\"Home\",\"item\":\"https:\\\/\\\/vitablanca.ma\\\/\"},{\"@type\":\"ListItem\",\"position\":2,\"name\":\"Tous Les Produits\",\"item\":\"https:\\\/\\\/vitablanca.ma\\\/tous-les-produits\\\/\"},{\"@type\":\"ListItem\",\"position\":3,\"name\":\"Eucerin UreaRepair PLUS Cr\u00e8me Mains 5% d&#8217;Ur\u00e9e 75ml\"}]},{\"@type\":\"WebSite\",\"@id\":\"https:\\\/\\\/vitablanca.ma\\\/#website\",\"url\":\"https:\\\/\\\/vitablanca.ma\\\/\",\"name\":\"VitaBlanca.ma | Compl\u00e9ments alimentaires, sant\u00e9 & beaut\u00e9 au Maroc\",\"description\":\"vendre vitamines et compl\u00e9ments premium des USA &amp; Canada, Nouvelle Z\u00e9lande,Maroc (NOW Foods, Solgar, Manuka). Livraison rapide partout au Maroc.\",\"publisher\":{\"@id\":\"https:\\\/\\\/vitablanca.ma\\\/#organization\"},\"alternateName\":\"VitaBlanca.ma\",\"potentialAction\":[{\"@type\":\"SearchAction\",\"target\":{\"@type\":\"EntryPoint\",\"urlTemplate\":\"https:\\\/\\\/vitablanca.ma\\\/?s={search_term_string}\"},\"query-input\":{\"@type\":\"PropertyValueSpecification\",\"valueRequired\":true,\"valueName\":\"search_term_string\"}}],\"inLanguage\":\"en-US\"},{\"@type\":\"Organization\",\"@id\":\"https:\\\/\\\/vitablanca.ma\\\/#organization\",\"name\":\"VitaBlanca\",\"url\":\"https:\\\/\\\/vitablanca.ma\\\/\",\"logo\":{\"@type\":\"ImageObject\",\"inLanguage\":\"en-US\",\"@id\":\"https:\\\/\\\/vitablanca.ma\\\/#\\\/schema\\\/logo\\\/image\\\/\",\"url\":\"https:\\\/\\\/vitablanca.ma\\\/wp-content\\\/uploads\\\/2025\\\/05\\\/cropped-vitablanca.png\",\"contentUrl\":\"https:\\\/\\\/vitablanca.ma\\\/wp-content\\\/uploads\\\/2025\\\/05\\\/cropped-vitablanca.png\",\"width\":360,\"height\":67,\"caption\":\"VitaBlanca\"},\"image\":{\"@id\":\"https:\\\/\\\/vitablanca.ma\\\/#\\\/schema\\\/logo\\\/image\\\/\"},\"sameAs\":[\"https:\\\/\\\/www.facebook.com\\\/profile.php?id=61576678196717\",\"https:\\\/\\\/www.tiktok.com\\\/@vitablanca.ma\",\"https:\\\/\\\/www.instagram.com\\\/vitablanca.ma\\\/\"]}]}<\/script>\n<!-- \/ Yoast SEO plugin. -->","yoast_head_json":{"title":"Eucerin UreaRepair PLUS Hand Cream 5% Urea 75ml - Morocco Price","description":"Eucerin UreaRepair PLUS Hand Cream 5% Urea 75ml","robots":{"index":"index","follow":"follow","max-snippet":"max-snippet:-1","max-image-preview":"max-image-preview:large","max-video-preview":"max-video-preview:-1"},"canonical":"https:\/\/vitablanca.ma\/en\/product\/eucerin-urearepair-plus-creme-mains-5-duree-75ml\/","og_locale":"en_US","og_type":"article","og_title":"Eucerin UreaRepair PLUS Cr\u00e8me Mains 5% d'Ur\u00e9e 75ml - Maroc Prix","og_description":"Eucerin UreaRepair PLUS Cr\u00e8me Mains 5% d'Ur\u00e9e 75ml","og_url":"https:\/\/vitablanca.ma\/en\/product\/eucerin-urearepair-plus-creme-mains-5-duree-75ml\/","og_site_name":"Vitablanca.ma &ndash; Sant&eacute;, vitalit&eacute; et bien-&ecirc;tre pour tous les Marocains","article_publisher":"https:\/\/www.facebook.com\/profile.php?id=61576678196717","article_modified_time":"2026-01-21T23:25:22+00:00","og_image":[{"width":1000,"height":1000,"url":"https:\/\/vitablanca.ma\/wp-content\/uploads\/2025\/06\/Eucerin-UreaRepair-PLUS-Creme-Mains-5_-d_Uree-75ml-nova-parapharmacie-casablanca.jpg","type":"image\/jpeg"}],"twitter_card":"summary_large_image","twitter_misc":{"Est. reading time":"1 minute"},"schema":{"@context":"https:\/\/schema.org","@graph":[{"@type":["WebPage","ItemPage"],"@id":"https:\/\/vitablanca.ma\/produit\/eucerin-urearepair-plus-creme-mains-5-duree-75ml\/","url":"https:\/\/vitablanca.ma\/produit\/eucerin-urearepair-plus-creme-mains-5-duree-75ml\/","name":"Eucerin UreaRepair PLUS Hand Cream 5% Urea 75ml - Morocco Price","isPartOf":{"@id":"https:\/\/vitablanca.ma\/#website"},"primaryImageOfPage":{"@id":"https:\/\/vitablanca.ma\/produit\/eucerin-urearepair-plus-creme-mains-5-duree-75ml\/#primaryimage"},"image":{"@id":"https:\/\/vitablanca.ma\/produit\/eucerin-urearepair-plus-creme-mains-5-duree-75ml\/#primaryimage"},"thumbnailUrl":"https:\/\/vitablanca.ma\/wp-content\/uploads\/2025\/06\/Eucerin-UreaRepair-PLUS-Creme-Mains-5_-d_Uree-75ml-nova-parapharmacie-casablanca.jpg","datePublished":"2025-06-10T17:04:35+00:00","dateModified":"2026-01-21T23:25:22+00:00","description":"Eucerin UreaRepair PLUS Hand Cream 5% Urea 75ml","breadcrumb":{"@id":"https:\/\/vitablanca.ma\/produit\/eucerin-urearepair-plus-creme-mains-5-duree-75ml\/#breadcrumb"},"inLanguage":"en-US","potentialAction":[{"@type":"ReadAction","target":["https:\/\/vitablanca.ma\/produit\/eucerin-urearepair-plus-creme-mains-5-duree-75ml\/"]}]},{"@type":"ImageObject","inLanguage":"en-US","@id":"https:\/\/vitablanca.ma\/produit\/eucerin-urearepair-plus-creme-mains-5-duree-75ml\/#primaryimage","url":"https:\/\/vitablanca.ma\/wp-content\/uploads\/2025\/06\/Eucerin-UreaRepair-PLUS-Creme-Mains-5_-d_Uree-75ml-nova-parapharmacie-casablanca.jpg","contentUrl":"https:\/\/vitablanca.ma\/wp-content\/uploads\/2025\/06\/Eucerin-UreaRepair-PLUS-Creme-Mains-5_-d_Uree-75ml-nova-parapharmacie-casablanca.jpg","width":1000,"height":1000},{"@type":"BreadcrumbList","@id":"https:\/\/vitablanca.ma\/produit\/eucerin-urearepair-plus-creme-mains-5-duree-75ml\/#breadcrumb","itemListElement":[{"@type":"ListItem","position":1,"name":"Home","item":"https:\/\/vitablanca.ma\/"},{"@type":"ListItem","position":2,"name":"Tous Les Produits","item":"https:\/\/vitablanca.ma\/tous-les-produits\/"},{"@type":"ListItem","position":3,"name":"Eucerin UreaRepair PLUS Cr\u00e8me Mains 5% d&#8217;Ur\u00e9e 75ml"}]},{"@type":"WebSite","@id":"https:\/\/vitablanca.ma\/#website","url":"https:\/\/vitablanca.ma\/","name":"VitaBlanca.ma | Food supplements, health &amp; beauty in Morocco","description":"sell premium vitamins and supplements from USA &amp; Canada, New Zealand, Morocco (NOW Foods, Solgar, Manuka). Fast delivery anywhere in Morocco.","publisher":{"@id":"https:\/\/vitablanca.ma\/#organization"},"alternateName":"VitaBlanca.ma","potentialAction":[{"@type":"SearchAction","target":{"@type":"EntryPoint","urlTemplate":"https:\/\/vitablanca.ma\/?s={search_term_string}"},"query-input":{"@type":"PropertyValueSpecification","valueRequired":true,"valueName":"search_term_string"}}],"inLanguage":"en-US"},{"@type":"Organization","@id":"https:\/\/vitablanca.ma\/#organization","name":"VitaBlanca","url":"https:\/\/vitablanca.ma\/","logo":{"@type":"ImageObject","inLanguage":"en-US","@id":"https:\/\/vitablanca.ma\/#\/schema\/logo\/image\/","url":"https:\/\/vitablanca.ma\/wp-content\/uploads\/2025\/05\/cropped-vitablanca.png","contentUrl":"https:\/\/vitablanca.ma\/wp-content\/uploads\/2025\/05\/cropped-vitablanca.png","width":360,"height":67,"caption":"VitaBlanca"},"image":{"@id":"https:\/\/vitablanca.ma\/#\/schema\/logo\/image\/"},"sameAs":["https:\/\/www.facebook.com\/profile.php?id=61576678196717","https:\/\/www.tiktok.com\/@vitablanca.ma","https:\/\/www.instagram.com\/vitablanca.ma\/"]}]}},"jetpack_sharing_enabled":true,"_links":{"self":[{"href":"https:\/\/vitablanca.ma\/en\/wp-json\/wp\/v2\/product\/17623","targetHints":{"allow":["GET"]}}],"collection":[{"href":"https:\/\/vitablanca.ma\/en\/wp-json\/wp\/v2\/product"}],"about":[{"href":"https:\/\/vitablanca.ma\/en\/wp-json\/wp\/v2\/types\/product"}],"wp:featuredmedia":[{"embeddable":true,"href":"https:\/\/vitablanca.ma\/en\/wp-json\/wp\/v2\/media\/17620"}],"wp:attachment":[{"href":"https:\/\/vitablanca.ma\/en\/wp-json\/wp\/v2\/media?parent=17623"}],"wp:term":[{"taxonomy":"product_brand","embeddable":true,"href":"https:\/\/vitablanca.ma\/en\/wp-json\/wp\/v2\/product_brand?post=17623"},{"taxonomy":"product_cat","embeddable":true,"href":"https:\/\/vitablanca.ma\/en\/wp-json\/wp\/v2\/product_cat?post=17623"},{"taxonomy":"product_tag","embeddable":true,"href":"https:\/\/vitablanca.ma\/en\/wp-json\/wp\/v2\/product_tag?post=17623"}],"curies":[{"name":"wp","href":"https:\/\/api.w.org\/{rel}","templated":true}]}}