{"id":17621,"date":"2025-06-10T17:04:34","date_gmt":"2025-06-10T17:04:34","guid":{"rendered":"https:\/\/vitablanca.ma\/product\/elgydium-brosse-a-dents-cretine-souple\/"},"modified":"2026-01-21T18:04:59","modified_gmt":"2026-01-21T18:04:59","slug":"elgydium-brosse-a-dents-cretine-souple","status":"publish","type":"product","link":"https:\/\/vitablanca.ma\/en\/product\/elgydium-brosse-a-dents-cretine-souple\/","title":{"rendered":"Elgydium Soft Cretine Toothbrush"},"content":{"rendered":"<h2 data-mce-fragment=\"1\"><span data-mce-fragment=\"1\">Elgydium Cretine Toothbrush, a timeless soft toothbrush with a wide head that benefits from Elgydium technology<\/span><\/h2>\n<div class=\"product-section\">\n<div class=\"row\">\n<div class=\"large-10 col pb-0 mb-0\">\n<div class=\"panel entry-content\">\n<p><span data-sheets-userformat='{\"2\":10689,\"3\":{\"1\":0,\"3\":1},\"9\":0,\"10\":1,\"11\":4,\"14\":{\"1\":3,\"3\":1},\"16\":11}' data-sheets-value='{\"1\":2,\"2\":\"ELGYDIUM CLASSIC est la brosse \u00e0 dents intemporelle \u00e0 t\u00eate large qui b\u00e9n\u00e9ficie de la technicit\u00e9 Elgydium (brins en Tynex garantissant une qualit\u00e9 de brins non traumatisants pour les dents et gencives).\"}'>Elgydium Timeless Soft Cretine Toothbrush with a wide head that benefits from Elgydium technology (Tynex bristles guaranteeing quality bristles that are non-traumatic for teeth and gums).<\/span><\/p>\n<\/div>\n<\/div>\n<\/div>\n<\/div>\n<h3 data-mce-fragment=\"1\">\n<span style=\"font-size: 0.875rem\">Features<\/span><br \/>\n<\/h3>\n<p data-mce-fragment=\"1\">\u2013 Bristles with rounded ends to avoid hurting teeth and gums, to remove dental plaque and clean interdental spaces and massage the gums.<br data-mce-fragment=\"1\">\u2013 Oval head that allows for thorough brushing, reaching even the most inaccessible places.<br data-mce-fragment=\"1\">\u2013 Ergonomic handle that allows a good grip for optimal brushing.<\/p>\n<h3 data-mce-fragment=\"1\">DIRECTIONS FOR USE<\/h3>\n<p data-mce-fragment=\"1\">Dentists recommend brushing your teeth 2 to 3 times a day (after meals).<br data-mce-fragment=\"1\">For optimal effectiveness, it is recommended to brush your teeth for approximately 3 minutes and to use a toothpaste suited to your needs.<\/p>","protected":false},"excerpt":{"rendered":"<p>Elgydium Brosse \u00e0 Dents Cretine Souple intemporelle \u00e0 t\u00eate large qui b\u00e9n\u00e9ficie de la technicit\u00e9 Elgydium Elgydium Brosse \u00e0 Dents Cretine Souple intemporelle \u00e0 t\u00eate large qui b\u00e9n\u00e9ficie de la technicit\u00e9 Elgydium (brins en Tynex garantissant une qualit\u00e9 de brins non traumatisants pour les dents et gencives). Caract\u00e9ristiques \u2013 Brins aux extr\u00e9mit\u00e9s arrondies pour ne [&hellip;]<\/p>\n","protected":false},"featured_media":17618,"template":"","meta":{"om_disable_all_campaigns":false},"product_brand":[5989],"product_cat":[18,15],"product_tag":[],"class_list":{"0":"post-17621","1":"product","2":"type-product","3":"status-publish","4":"has-post-thumbnail","6":"product_brand-elgydium-original-maroc-au-meilleur-prix","7":"product_cat-beaute-sante","8":"product_cat-beaute-sante-complements-alimentaires-soins-et-bien-etre-au-meilleur-prix","10":"first","11":"instock","12":"sale","13":"taxable","14":"shipping-taxable","15":"purchasable","16":"product-type-simple"},"yoast_head":"<!-- This site is optimized with the Yoast SEO plugin v27.3 - https:\/\/yoast.com\/product\/yoast-seo-wordpress\/ -->\n<title>Elgydium Brosse \u00e0 Dents Cretine Souple - Maroc Prix<\/title>\n<meta name=\"description\" content=\"Elgydium Brosse \u00e0 Dents Cretine Souple\" \/>\n<meta name=\"robots\" content=\"index, follow, max-snippet:-1, max-image-preview:large, max-video-preview:-1\" \/>\n<link rel=\"canonical\" href=\"https:\/\/vitablanca.ma\/en\/product\/elgydium-brosse-a-dents-cretine-souple\/\" \/>\n<meta property=\"og:locale\" content=\"en_US\" \/>\n<meta property=\"og:type\" content=\"article\" \/>\n<meta property=\"og:title\" content=\"Elgydium Brosse \u00e0 Dents Cretine Souple - Maroc Prix\" \/>\n<meta property=\"og:description\" content=\"Elgydium Brosse \u00e0 Dents Cretine Souple\" \/>\n<meta property=\"og:url\" content=\"https:\/\/vitablanca.ma\/en\/product\/elgydium-brosse-a-dents-cretine-souple\/\" \/>\n<meta property=\"og:site_name\" content=\"Vitablanca.ma &ndash; Sant&eacute;, vitalit&eacute; et bien-&ecirc;tre pour tous les Marocains\" \/>\n<meta property=\"article:publisher\" content=\"https:\/\/www.facebook.com\/profile.php?id=61576678196717\" \/>\n<meta property=\"article:modified_time\" content=\"2026-01-21T18:04:59+00:00\" \/>\n<meta property=\"og:image\" content=\"https:\/\/vitablanca.ma\/wp-content\/uploads\/2025\/06\/Elgydium-Brosse-a-Dents-Cretine-Souple-nova-parapharmacie-casablanca.jpg\" \/>\n\t<meta property=\"og:image:width\" content=\"1000\" \/>\n\t<meta property=\"og:image:height\" content=\"1000\" \/>\n\t<meta property=\"og:image:type\" content=\"image\/jpeg\" \/>\n<meta name=\"twitter:card\" content=\"summary_large_image\" \/>\n<meta name=\"twitter:label1\" content=\"Est. reading time\" \/>\n\t<meta name=\"twitter:data1\" content=\"1 minute\" \/>\n<script type=\"application\/ld+json\" class=\"yoast-schema-graph\">{\"@context\":\"https:\\\/\\\/schema.org\",\"@graph\":[{\"@type\":[\"WebPage\",\"ItemPage\"],\"@id\":\"https:\\\/\\\/vitablanca.ma\\\/produit\\\/elgydium-brosse-a-dents-cretine-souple\\\/\",\"url\":\"https:\\\/\\\/vitablanca.ma\\\/produit\\\/elgydium-brosse-a-dents-cretine-souple\\\/\",\"name\":\"Elgydium Brosse \u00e0 Dents Cretine Souple - Maroc Prix\",\"isPartOf\":{\"@id\":\"https:\\\/\\\/vitablanca.ma\\\/#website\"},\"primaryImageOfPage\":{\"@id\":\"https:\\\/\\\/vitablanca.ma\\\/produit\\\/elgydium-brosse-a-dents-cretine-souple\\\/#primaryimage\"},\"image\":{\"@id\":\"https:\\\/\\\/vitablanca.ma\\\/produit\\\/elgydium-brosse-a-dents-cretine-souple\\\/#primaryimage\"},\"thumbnailUrl\":\"https:\\\/\\\/vitablanca.ma\\\/wp-content\\\/uploads\\\/2025\\\/06\\\/Elgydium-Brosse-a-Dents-Cretine-Souple-nova-parapharmacie-casablanca.jpg\",\"datePublished\":\"2025-06-10T17:04:34+00:00\",\"dateModified\":\"2026-01-21T18:04:59+00:00\",\"description\":\"Elgydium Brosse \u00e0 Dents Cretine Souple\",\"breadcrumb\":{\"@id\":\"https:\\\/\\\/vitablanca.ma\\\/produit\\\/elgydium-brosse-a-dents-cretine-souple\\\/#breadcrumb\"},\"inLanguage\":\"en-US\",\"potentialAction\":[{\"@type\":\"ReadAction\",\"target\":[\"https:\\\/\\\/vitablanca.ma\\\/produit\\\/elgydium-brosse-a-dents-cretine-souple\\\/\"]}]},{\"@type\":\"ImageObject\",\"inLanguage\":\"en-US\",\"@id\":\"https:\\\/\\\/vitablanca.ma\\\/produit\\\/elgydium-brosse-a-dents-cretine-souple\\\/#primaryimage\",\"url\":\"https:\\\/\\\/vitablanca.ma\\\/wp-content\\\/uploads\\\/2025\\\/06\\\/Elgydium-Brosse-a-Dents-Cretine-Souple-nova-parapharmacie-casablanca.jpg\",\"contentUrl\":\"https:\\\/\\\/vitablanca.ma\\\/wp-content\\\/uploads\\\/2025\\\/06\\\/Elgydium-Brosse-a-Dents-Cretine-Souple-nova-parapharmacie-casablanca.jpg\",\"width\":1000,\"height\":1000},{\"@type\":\"BreadcrumbList\",\"@id\":\"https:\\\/\\\/vitablanca.ma\\\/produit\\\/elgydium-brosse-a-dents-cretine-souple\\\/#breadcrumb\",\"itemListElement\":[{\"@type\":\"ListItem\",\"position\":1,\"name\":\"Home\",\"item\":\"https:\\\/\\\/vitablanca.ma\\\/\"},{\"@type\":\"ListItem\",\"position\":2,\"name\":\"Tous Les Produits\",\"item\":\"https:\\\/\\\/vitablanca.ma\\\/tous-les-produits\\\/\"},{\"@type\":\"ListItem\",\"position\":3,\"name\":\"Elgydium Brosse \u00e0 Dents Cretine Souple\"}]},{\"@type\":\"WebSite\",\"@id\":\"https:\\\/\\\/vitablanca.ma\\\/#website\",\"url\":\"https:\\\/\\\/vitablanca.ma\\\/\",\"name\":\"VitaBlanca.ma | Compl\u00e9ments alimentaires, sant\u00e9 & beaut\u00e9 au Maroc\",\"description\":\"vendre vitamines et compl\u00e9ments premium des USA &amp; Canada, Nouvelle Z\u00e9lande,Maroc (NOW Foods, Solgar, Manuka). Livraison rapide partout au Maroc.\",\"publisher\":{\"@id\":\"https:\\\/\\\/vitablanca.ma\\\/#organization\"},\"alternateName\":\"VitaBlanca.ma\",\"potentialAction\":[{\"@type\":\"SearchAction\",\"target\":{\"@type\":\"EntryPoint\",\"urlTemplate\":\"https:\\\/\\\/vitablanca.ma\\\/?s={search_term_string}\"},\"query-input\":{\"@type\":\"PropertyValueSpecification\",\"valueRequired\":true,\"valueName\":\"search_term_string\"}}],\"inLanguage\":\"en-US\"},{\"@type\":\"Organization\",\"@id\":\"https:\\\/\\\/vitablanca.ma\\\/#organization\",\"name\":\"VitaBlanca\",\"url\":\"https:\\\/\\\/vitablanca.ma\\\/\",\"logo\":{\"@type\":\"ImageObject\",\"inLanguage\":\"en-US\",\"@id\":\"https:\\\/\\\/vitablanca.ma\\\/#\\\/schema\\\/logo\\\/image\\\/\",\"url\":\"https:\\\/\\\/vitablanca.ma\\\/wp-content\\\/uploads\\\/2025\\\/05\\\/cropped-vitablanca.png\",\"contentUrl\":\"https:\\\/\\\/vitablanca.ma\\\/wp-content\\\/uploads\\\/2025\\\/05\\\/cropped-vitablanca.png\",\"width\":360,\"height\":67,\"caption\":\"VitaBlanca\"},\"image\":{\"@id\":\"https:\\\/\\\/vitablanca.ma\\\/#\\\/schema\\\/logo\\\/image\\\/\"},\"sameAs\":[\"https:\\\/\\\/www.facebook.com\\\/profile.php?id=61576678196717\",\"https:\\\/\\\/www.tiktok.com\\\/@vitablanca.ma\",\"https:\\\/\\\/www.instagram.com\\\/vitablanca.ma\\\/\"]}]}<\/script>\n<!-- \/ Yoast SEO plugin. -->","yoast_head_json":{"title":"Elgydium Soft Cretine Toothbrush - Morocco Price","description":"Elgydium Soft Cretine Toothbrush","robots":{"index":"index","follow":"follow","max-snippet":"max-snippet:-1","max-image-preview":"max-image-preview:large","max-video-preview":"max-video-preview:-1"},"canonical":"https:\/\/vitablanca.ma\/en\/product\/elgydium-brosse-a-dents-cretine-souple\/","og_locale":"en_US","og_type":"article","og_title":"Elgydium Brosse \u00e0 Dents Cretine Souple - Maroc Prix","og_description":"Elgydium Brosse \u00e0 Dents Cretine Souple","og_url":"https:\/\/vitablanca.ma\/en\/product\/elgydium-brosse-a-dents-cretine-souple\/","og_site_name":"Vitablanca.ma &ndash; Sant&eacute;, vitalit&eacute; et bien-&ecirc;tre pour tous les Marocains","article_publisher":"https:\/\/www.facebook.com\/profile.php?id=61576678196717","article_modified_time":"2026-01-21T18:04:59+00:00","og_image":[{"width":1000,"height":1000,"url":"https:\/\/vitablanca.ma\/wp-content\/uploads\/2025\/06\/Elgydium-Brosse-a-Dents-Cretine-Souple-nova-parapharmacie-casablanca.jpg","type":"image\/jpeg"}],"twitter_card":"summary_large_image","twitter_misc":{"Est. reading time":"1 minute"},"schema":{"@context":"https:\/\/schema.org","@graph":[{"@type":["WebPage","ItemPage"],"@id":"https:\/\/vitablanca.ma\/produit\/elgydium-brosse-a-dents-cretine-souple\/","url":"https:\/\/vitablanca.ma\/produit\/elgydium-brosse-a-dents-cretine-souple\/","name":"Elgydium Soft Cretine Toothbrush - Morocco Price","isPartOf":{"@id":"https:\/\/vitablanca.ma\/#website"},"primaryImageOfPage":{"@id":"https:\/\/vitablanca.ma\/produit\/elgydium-brosse-a-dents-cretine-souple\/#primaryimage"},"image":{"@id":"https:\/\/vitablanca.ma\/produit\/elgydium-brosse-a-dents-cretine-souple\/#primaryimage"},"thumbnailUrl":"https:\/\/vitablanca.ma\/wp-content\/uploads\/2025\/06\/Elgydium-Brosse-a-Dents-Cretine-Souple-nova-parapharmacie-casablanca.jpg","datePublished":"2025-06-10T17:04:34+00:00","dateModified":"2026-01-21T18:04:59+00:00","description":"Elgydium Soft Cretine Toothbrush","breadcrumb":{"@id":"https:\/\/vitablanca.ma\/produit\/elgydium-brosse-a-dents-cretine-souple\/#breadcrumb"},"inLanguage":"en-US","potentialAction":[{"@type":"ReadAction","target":["https:\/\/vitablanca.ma\/produit\/elgydium-brosse-a-dents-cretine-souple\/"]}]},{"@type":"ImageObject","inLanguage":"en-US","@id":"https:\/\/vitablanca.ma\/produit\/elgydium-brosse-a-dents-cretine-souple\/#primaryimage","url":"https:\/\/vitablanca.ma\/wp-content\/uploads\/2025\/06\/Elgydium-Brosse-a-Dents-Cretine-Souple-nova-parapharmacie-casablanca.jpg","contentUrl":"https:\/\/vitablanca.ma\/wp-content\/uploads\/2025\/06\/Elgydium-Brosse-a-Dents-Cretine-Souple-nova-parapharmacie-casablanca.jpg","width":1000,"height":1000},{"@type":"BreadcrumbList","@id":"https:\/\/vitablanca.ma\/produit\/elgydium-brosse-a-dents-cretine-souple\/#breadcrumb","itemListElement":[{"@type":"ListItem","position":1,"name":"Home","item":"https:\/\/vitablanca.ma\/"},{"@type":"ListItem","position":2,"name":"Tous Les Produits","item":"https:\/\/vitablanca.ma\/tous-les-produits\/"},{"@type":"ListItem","position":3,"name":"Elgydium Brosse \u00e0 Dents Cretine Souple"}]},{"@type":"WebSite","@id":"https:\/\/vitablanca.ma\/#website","url":"https:\/\/vitablanca.ma\/","name":"VitaBlanca.ma | Food supplements, health &amp; beauty in Morocco","description":"sell premium vitamins and supplements from USA &amp; Canada, New Zealand, Morocco (NOW Foods, Solgar, Manuka). Fast delivery anywhere in Morocco.","publisher":{"@id":"https:\/\/vitablanca.ma\/#organization"},"alternateName":"VitaBlanca.ma","potentialAction":[{"@type":"SearchAction","target":{"@type":"EntryPoint","urlTemplate":"https:\/\/vitablanca.ma\/?s={search_term_string}"},"query-input":{"@type":"PropertyValueSpecification","valueRequired":true,"valueName":"search_term_string"}}],"inLanguage":"en-US"},{"@type":"Organization","@id":"https:\/\/vitablanca.ma\/#organization","name":"VitaBlanca","url":"https:\/\/vitablanca.ma\/","logo":{"@type":"ImageObject","inLanguage":"en-US","@id":"https:\/\/vitablanca.ma\/#\/schema\/logo\/image\/","url":"https:\/\/vitablanca.ma\/wp-content\/uploads\/2025\/05\/cropped-vitablanca.png","contentUrl":"https:\/\/vitablanca.ma\/wp-content\/uploads\/2025\/05\/cropped-vitablanca.png","width":360,"height":67,"caption":"VitaBlanca"},"image":{"@id":"https:\/\/vitablanca.ma\/#\/schema\/logo\/image\/"},"sameAs":["https:\/\/www.facebook.com\/profile.php?id=61576678196717","https:\/\/www.tiktok.com\/@vitablanca.ma","https:\/\/www.instagram.com\/vitablanca.ma\/"]}]}},"jetpack_sharing_enabled":true,"_links":{"self":[{"href":"https:\/\/vitablanca.ma\/en\/wp-json\/wp\/v2\/product\/17621","targetHints":{"allow":["GET"]}}],"collection":[{"href":"https:\/\/vitablanca.ma\/en\/wp-json\/wp\/v2\/product"}],"about":[{"href":"https:\/\/vitablanca.ma\/en\/wp-json\/wp\/v2\/types\/product"}],"wp:featuredmedia":[{"embeddable":true,"href":"https:\/\/vitablanca.ma\/en\/wp-json\/wp\/v2\/media\/17618"}],"wp:attachment":[{"href":"https:\/\/vitablanca.ma\/en\/wp-json\/wp\/v2\/media?parent=17621"}],"wp:term":[{"taxonomy":"product_brand","embeddable":true,"href":"https:\/\/vitablanca.ma\/en\/wp-json\/wp\/v2\/product_brand?post=17621"},{"taxonomy":"product_cat","embeddable":true,"href":"https:\/\/vitablanca.ma\/en\/wp-json\/wp\/v2\/product_cat?post=17621"},{"taxonomy":"product_tag","embeddable":true,"href":"https:\/\/vitablanca.ma\/en\/wp-json\/wp\/v2\/product_tag?post=17621"}],"curies":[{"name":"wp","href":"https:\/\/api.w.org\/{rel}","templated":true}]}}