{"id":17536,"date":"2025-06-10T17:03:07","date_gmt":"2025-06-10T17:03:07","guid":{"rendered":"https:\/\/vitablanca.ma\/product\/ducray-kertyol-pso-baume-quotidien-200ml\/"},"modified":"2025-06-10T17:03:07","modified_gmt":"2025-06-10T17:03:07","slug":"ducray-kertyol-pso-baume-quotidien-200ml","status":"publish","type":"product","link":"https:\/\/vitablanca.ma\/en\/product\/ducray-kertyol-pso-baume-quotidien-200ml\/","title":{"rendered":"Ducray Kertyol PSO Daily Balm 200ml"},"content":{"rendered":"<h2>Ducray Kertyol PSO Daily Balm s<span data-mce-fragment=\"1\">relieves itching and helps limit the appearance of new patches.<\/span><br \/>\n<\/h2>\n<div class=\"block-content\">\n<p>KERTYOL PSO Daily Balm provides comprehensive support for psoriatic skin, both in areas of the skin covered with plaques and in areas that are spared.<br \/>This anti-itch balm relieves itching* and helps limit the appearance of new patches.<br \/>Its formula contains specific active ingredients suitable for skin prone to psoriasis.<br \/>C\u00c9LASTROL is a revolutionary soothing active ingredient that acts directly on keratinocytes (cells in the surface layer of the skin), in order to reduce the appearance of plaques and thus improve the appearance of the skin.<br \/>POLIDOCANOL, for its part, helps relieve itching* and therefore limits scratching, a factor that promotes the appearance of new outbreaks.<\/p>\n<\/div>\n<div class=\"block-quot\">\n<div class=\"block-quot-wrapper\">\n<span class=\"quot-title\">A word from the expert<\/span><span>\u00a0<\/span><span class=\"quot-icon icon-quot\"><\/span><\/p>\n<p>Recent studies show that beyond the psoriasis plaques, so-called &quot;healthy&quot; skin is not healthy. Indeed, there is subcutaneous inflammation, not visible to the naked eye, with abnormalities in the skin barrier and itching. There is therefore a real need to take care of psoriatic skin as a whole. This involves the daily use of specific moisturizing care, containing active ingredients that will limit inflammation and itching and thus limit the reappearance of new plaques.<\/p>\n<\/div>\n<\/div>\n<div class=\"block-content has-heading\">\n<div class=\"block-content-heading\">\n<h3 id=\"\" class=\"\">Advantage<\/h3>\n<\/div>\n<p>47%\u00b9 less skin dryness after eight days of use. 59%\u00b9 less itching* after one month of use.<\/p>\n<div class=\"block-content-heading\">\n<h3 id=\"\" class=\"\">Benefits<\/h3>\n<\/div>\n<p>\u2022 REDUCES skin dryness: skin is less dry and more comfortable<br \/>\u2022 SOOTHES itching*: POLIDOCANOL helps calm itching associated with dry skin<br \/>\u2022 IMPROVES the appearance of the skin: acts directly on keratinocytes (cells in the surface layer of the skin) to reduce the appearance of plaques and thus improve the appearance of the skin<\/p>\n<h3>Application<\/h3>\n<p><span>\u2022 Apply once a day, every day to the entire body<\/span><br \/><span>\u2022 Can be used alongside or as a follow-up to drug treatments<\/span><br \/><span>\u2022 Avoid contact with eyes<\/span><br \/><span>\u2022 It has been specifically formulated to support the entire skin, beyond the plaque<\/span><br \/><span>\u2022 Recent publications demonstrate that daily care of the entire skin helps limit the reappearance of plaques<\/span><\/p>\n<\/div>\n<div class=\"categories-row\">\n<div class=\"category-content\"><\/div>\n<\/div>","protected":false},"excerpt":{"rendered":"<p>Ducray Kertyol PSO Baume Quotidien soulage les d\u00e9mangeaisons et contribue \u00e0 limiter l\u2019apparition de nouvelles plaques. Le baume quotidien KERTYOL PSO accompagne de mani\u00e8re globale les peaux \u00e0 tendance psoriasique, tant au niveau des zones de la peau couvertes de plaques que des zones \u00e9pargn\u00e9es.Ce baume anti-grattage soulage les d\u00e9mangeaisons* et contribue \u00e0 limiter l\u2019apparition [&hellip;]<\/p>\n","protected":false},"featured_media":17525,"template":"","meta":{"om_disable_all_campaigns":false},"product_brand":[],"product_cat":[15],"product_tag":[],"class_list":{"0":"post-17536","1":"product","2":"type-product","3":"status-publish","4":"has-post-thumbnail","6":"product_cat-beaute-sante-complements-alimentaires-soins-et-bien-etre-au-meilleur-prix","8":"first","9":"instock","10":"sale","11":"taxable","12":"shipping-taxable","13":"purchasable","14":"product-type-simple"},"yoast_head":"<!-- This site is optimized with the Yoast SEO plugin v27.3 - https:\/\/yoast.com\/product\/yoast-seo-wordpress\/ -->\n<title>Ducray Kertyol PSO Baume Quotidien 200ml - Maroc Prix<\/title>\n<meta name=\"description\" content=\"Ducray Kertyol PSO Baume Quotidien 200ml\" \/>\n<meta name=\"robots\" content=\"index, follow, max-snippet:-1, max-image-preview:large, max-video-preview:-1\" \/>\n<link rel=\"canonical\" href=\"https:\/\/vitablanca.ma\/en\/product\/ducray-kertyol-pso-baume-quotidien-200ml\/\" \/>\n<meta property=\"og:locale\" content=\"en_US\" \/>\n<meta property=\"og:type\" content=\"article\" \/>\n<meta property=\"og:title\" content=\"Ducray Kertyol PSO Baume Quotidien 200ml - Maroc Prix\" \/>\n<meta property=\"og:description\" content=\"Ducray Kertyol PSO Baume Quotidien 200ml\" \/>\n<meta property=\"og:url\" content=\"https:\/\/vitablanca.ma\/en\/product\/ducray-kertyol-pso-baume-quotidien-200ml\/\" \/>\n<meta property=\"og:site_name\" content=\"Vitablanca.ma &ndash; Sant&eacute;, vitalit&eacute; et bien-&ecirc;tre pour tous les Marocains\" \/>\n<meta property=\"article:publisher\" content=\"https:\/\/www.facebook.com\/profile.php?id=61576678196717\" \/>\n<meta property=\"og:image\" content=\"https:\/\/vitablanca.ma\/wp-content\/uploads\/2025\/06\/Ducray-Kertyol-PSO-Baume-Quotidien-200ml-novaparapharmacie-maroc.jpg\" \/>\n\t<meta property=\"og:image:width\" content=\"1000\" \/>\n\t<meta property=\"og:image:height\" content=\"1000\" \/>\n\t<meta property=\"og:image:type\" content=\"image\/jpeg\" \/>\n<meta name=\"twitter:card\" content=\"summary_large_image\" \/>\n<meta name=\"twitter:label1\" content=\"Est. reading time\" \/>\n\t<meta name=\"twitter:data1\" content=\"2 minutes\" \/>\n<script type=\"application\/ld+json\" class=\"yoast-schema-graph\">{\"@context\":\"https:\\\/\\\/schema.org\",\"@graph\":[{\"@type\":[\"WebPage\",\"ItemPage\"],\"@id\":\"https:\\\/\\\/vitablanca.ma\\\/produit\\\/ducray-kertyol-pso-baume-quotidien-200ml\\\/\",\"url\":\"https:\\\/\\\/vitablanca.ma\\\/produit\\\/ducray-kertyol-pso-baume-quotidien-200ml\\\/\",\"name\":\"Ducray Kertyol PSO Baume Quotidien 200ml - Maroc Prix\",\"isPartOf\":{\"@id\":\"https:\\\/\\\/vitablanca.ma\\\/#website\"},\"primaryImageOfPage\":{\"@id\":\"https:\\\/\\\/vitablanca.ma\\\/produit\\\/ducray-kertyol-pso-baume-quotidien-200ml\\\/#primaryimage\"},\"image\":{\"@id\":\"https:\\\/\\\/vitablanca.ma\\\/produit\\\/ducray-kertyol-pso-baume-quotidien-200ml\\\/#primaryimage\"},\"thumbnailUrl\":\"https:\\\/\\\/vitablanca.ma\\\/wp-content\\\/uploads\\\/2025\\\/06\\\/Ducray-Kertyol-PSO-Baume-Quotidien-200ml-novaparapharmacie-maroc.jpg\",\"datePublished\":\"2025-06-10T17:03:07+00:00\",\"description\":\"Ducray Kertyol PSO Baume Quotidien 200ml\",\"breadcrumb\":{\"@id\":\"https:\\\/\\\/vitablanca.ma\\\/produit\\\/ducray-kertyol-pso-baume-quotidien-200ml\\\/#breadcrumb\"},\"inLanguage\":\"en-US\",\"potentialAction\":[{\"@type\":\"ReadAction\",\"target\":[\"https:\\\/\\\/vitablanca.ma\\\/produit\\\/ducray-kertyol-pso-baume-quotidien-200ml\\\/\"]}]},{\"@type\":\"ImageObject\",\"inLanguage\":\"en-US\",\"@id\":\"https:\\\/\\\/vitablanca.ma\\\/produit\\\/ducray-kertyol-pso-baume-quotidien-200ml\\\/#primaryimage\",\"url\":\"https:\\\/\\\/vitablanca.ma\\\/wp-content\\\/uploads\\\/2025\\\/06\\\/Ducray-Kertyol-PSO-Baume-Quotidien-200ml-novaparapharmacie-maroc.jpg\",\"contentUrl\":\"https:\\\/\\\/vitablanca.ma\\\/wp-content\\\/uploads\\\/2025\\\/06\\\/Ducray-Kertyol-PSO-Baume-Quotidien-200ml-novaparapharmacie-maroc.jpg\",\"width\":1000,\"height\":1000},{\"@type\":\"BreadcrumbList\",\"@id\":\"https:\\\/\\\/vitablanca.ma\\\/produit\\\/ducray-kertyol-pso-baume-quotidien-200ml\\\/#breadcrumb\",\"itemListElement\":[{\"@type\":\"ListItem\",\"position\":1,\"name\":\"Home\",\"item\":\"https:\\\/\\\/vitablanca.ma\\\/\"},{\"@type\":\"ListItem\",\"position\":2,\"name\":\"Tous Les Produits\",\"item\":\"https:\\\/\\\/vitablanca.ma\\\/tous-les-produits\\\/\"},{\"@type\":\"ListItem\",\"position\":3,\"name\":\"Ducray Kertyol PSO Baume Quotidien 200ml\"}]},{\"@type\":\"WebSite\",\"@id\":\"https:\\\/\\\/vitablanca.ma\\\/#website\",\"url\":\"https:\\\/\\\/vitablanca.ma\\\/\",\"name\":\"VitaBlanca.ma | Compl\u00e9ments alimentaires, sant\u00e9 & beaut\u00e9 au Maroc\",\"description\":\"vendre vitamines et compl\u00e9ments premium des USA &amp; Canada, Nouvelle Z\u00e9lande,Maroc (NOW Foods, Solgar, Manuka). Livraison rapide partout au Maroc.\",\"publisher\":{\"@id\":\"https:\\\/\\\/vitablanca.ma\\\/#organization\"},\"alternateName\":\"VitaBlanca.ma\",\"potentialAction\":[{\"@type\":\"SearchAction\",\"target\":{\"@type\":\"EntryPoint\",\"urlTemplate\":\"https:\\\/\\\/vitablanca.ma\\\/?s={search_term_string}\"},\"query-input\":{\"@type\":\"PropertyValueSpecification\",\"valueRequired\":true,\"valueName\":\"search_term_string\"}}],\"inLanguage\":\"en-US\"},{\"@type\":\"Organization\",\"@id\":\"https:\\\/\\\/vitablanca.ma\\\/#organization\",\"name\":\"VitaBlanca\",\"url\":\"https:\\\/\\\/vitablanca.ma\\\/\",\"logo\":{\"@type\":\"ImageObject\",\"inLanguage\":\"en-US\",\"@id\":\"https:\\\/\\\/vitablanca.ma\\\/#\\\/schema\\\/logo\\\/image\\\/\",\"url\":\"https:\\\/\\\/vitablanca.ma\\\/wp-content\\\/uploads\\\/2025\\\/05\\\/cropped-vitablanca.png\",\"contentUrl\":\"https:\\\/\\\/vitablanca.ma\\\/wp-content\\\/uploads\\\/2025\\\/05\\\/cropped-vitablanca.png\",\"width\":360,\"height\":67,\"caption\":\"VitaBlanca\"},\"image\":{\"@id\":\"https:\\\/\\\/vitablanca.ma\\\/#\\\/schema\\\/logo\\\/image\\\/\"},\"sameAs\":[\"https:\\\/\\\/www.facebook.com\\\/profile.php?id=61576678196717\",\"https:\\\/\\\/www.tiktok.com\\\/@vitablanca.ma\",\"https:\\\/\\\/www.instagram.com\\\/vitablanca.ma\\\/\"]}]}<\/script>\n<!-- \/ Yoast SEO plugin. -->","yoast_head_json":{"title":"Ducray Kertyol PSO Daily Balm 200ml - Morocco Price","description":"Ducray Kertyol PSO Daily Balm 200ml","robots":{"index":"index","follow":"follow","max-snippet":"max-snippet:-1","max-image-preview":"max-image-preview:large","max-video-preview":"max-video-preview:-1"},"canonical":"https:\/\/vitablanca.ma\/en\/product\/ducray-kertyol-pso-baume-quotidien-200ml\/","og_locale":"en_US","og_type":"article","og_title":"Ducray Kertyol PSO Baume Quotidien 200ml - Maroc Prix","og_description":"Ducray Kertyol PSO Baume Quotidien 200ml","og_url":"https:\/\/vitablanca.ma\/en\/product\/ducray-kertyol-pso-baume-quotidien-200ml\/","og_site_name":"Vitablanca.ma &ndash; Sant&eacute;, vitalit&eacute; et bien-&ecirc;tre pour tous les Marocains","article_publisher":"https:\/\/www.facebook.com\/profile.php?id=61576678196717","og_image":[{"width":1000,"height":1000,"url":"https:\/\/vitablanca.ma\/wp-content\/uploads\/2025\/06\/Ducray-Kertyol-PSO-Baume-Quotidien-200ml-novaparapharmacie-maroc.jpg","type":"image\/jpeg"}],"twitter_card":"summary_large_image","twitter_misc":{"Est. reading time":"2 minutes"},"schema":{"@context":"https:\/\/schema.org","@graph":[{"@type":["WebPage","ItemPage"],"@id":"https:\/\/vitablanca.ma\/produit\/ducray-kertyol-pso-baume-quotidien-200ml\/","url":"https:\/\/vitablanca.ma\/produit\/ducray-kertyol-pso-baume-quotidien-200ml\/","name":"Ducray Kertyol PSO Daily Balm 200ml - Morocco Price","isPartOf":{"@id":"https:\/\/vitablanca.ma\/#website"},"primaryImageOfPage":{"@id":"https:\/\/vitablanca.ma\/produit\/ducray-kertyol-pso-baume-quotidien-200ml\/#primaryimage"},"image":{"@id":"https:\/\/vitablanca.ma\/produit\/ducray-kertyol-pso-baume-quotidien-200ml\/#primaryimage"},"thumbnailUrl":"https:\/\/vitablanca.ma\/wp-content\/uploads\/2025\/06\/Ducray-Kertyol-PSO-Baume-Quotidien-200ml-novaparapharmacie-maroc.jpg","datePublished":"2025-06-10T17:03:07+00:00","description":"Ducray Kertyol PSO Daily Balm 200ml","breadcrumb":{"@id":"https:\/\/vitablanca.ma\/produit\/ducray-kertyol-pso-baume-quotidien-200ml\/#breadcrumb"},"inLanguage":"en-US","potentialAction":[{"@type":"ReadAction","target":["https:\/\/vitablanca.ma\/produit\/ducray-kertyol-pso-baume-quotidien-200ml\/"]}]},{"@type":"ImageObject","inLanguage":"en-US","@id":"https:\/\/vitablanca.ma\/produit\/ducray-kertyol-pso-baume-quotidien-200ml\/#primaryimage","url":"https:\/\/vitablanca.ma\/wp-content\/uploads\/2025\/06\/Ducray-Kertyol-PSO-Baume-Quotidien-200ml-novaparapharmacie-maroc.jpg","contentUrl":"https:\/\/vitablanca.ma\/wp-content\/uploads\/2025\/06\/Ducray-Kertyol-PSO-Baume-Quotidien-200ml-novaparapharmacie-maroc.jpg","width":1000,"height":1000},{"@type":"BreadcrumbList","@id":"https:\/\/vitablanca.ma\/produit\/ducray-kertyol-pso-baume-quotidien-200ml\/#breadcrumb","itemListElement":[{"@type":"ListItem","position":1,"name":"Home","item":"https:\/\/vitablanca.ma\/"},{"@type":"ListItem","position":2,"name":"Tous Les Produits","item":"https:\/\/vitablanca.ma\/tous-les-produits\/"},{"@type":"ListItem","position":3,"name":"Ducray Kertyol PSO Baume Quotidien 200ml"}]},{"@type":"WebSite","@id":"https:\/\/vitablanca.ma\/#website","url":"https:\/\/vitablanca.ma\/","name":"VitaBlanca.ma | Food supplements, health &amp; beauty in Morocco","description":"sell premium vitamins and supplements from USA &amp; Canada, New Zealand, Morocco (NOW Foods, Solgar, Manuka). Fast delivery anywhere in Morocco.","publisher":{"@id":"https:\/\/vitablanca.ma\/#organization"},"alternateName":"VitaBlanca.ma","potentialAction":[{"@type":"SearchAction","target":{"@type":"EntryPoint","urlTemplate":"https:\/\/vitablanca.ma\/?s={search_term_string}"},"query-input":{"@type":"PropertyValueSpecification","valueRequired":true,"valueName":"search_term_string"}}],"inLanguage":"en-US"},{"@type":"Organization","@id":"https:\/\/vitablanca.ma\/#organization","name":"VitaBlanca","url":"https:\/\/vitablanca.ma\/","logo":{"@type":"ImageObject","inLanguage":"en-US","@id":"https:\/\/vitablanca.ma\/#\/schema\/logo\/image\/","url":"https:\/\/vitablanca.ma\/wp-content\/uploads\/2025\/05\/cropped-vitablanca.png","contentUrl":"https:\/\/vitablanca.ma\/wp-content\/uploads\/2025\/05\/cropped-vitablanca.png","width":360,"height":67,"caption":"VitaBlanca"},"image":{"@id":"https:\/\/vitablanca.ma\/#\/schema\/logo\/image\/"},"sameAs":["https:\/\/www.facebook.com\/profile.php?id=61576678196717","https:\/\/www.tiktok.com\/@vitablanca.ma","https:\/\/www.instagram.com\/vitablanca.ma\/"]}]}},"jetpack_sharing_enabled":true,"_links":{"self":[{"href":"https:\/\/vitablanca.ma\/en\/wp-json\/wp\/v2\/product\/17536","targetHints":{"allow":["GET"]}}],"collection":[{"href":"https:\/\/vitablanca.ma\/en\/wp-json\/wp\/v2\/product"}],"about":[{"href":"https:\/\/vitablanca.ma\/en\/wp-json\/wp\/v2\/types\/product"}],"wp:featuredmedia":[{"embeddable":true,"href":"https:\/\/vitablanca.ma\/en\/wp-json\/wp\/v2\/media\/17525"}],"wp:attachment":[{"href":"https:\/\/vitablanca.ma\/en\/wp-json\/wp\/v2\/media?parent=17536"}],"wp:term":[{"taxonomy":"product_brand","embeddable":true,"href":"https:\/\/vitablanca.ma\/en\/wp-json\/wp\/v2\/product_brand?post=17536"},{"taxonomy":"product_cat","embeddable":true,"href":"https:\/\/vitablanca.ma\/en\/wp-json\/wp\/v2\/product_cat?post=17536"},{"taxonomy":"product_tag","embeddable":true,"href":"https:\/\/vitablanca.ma\/en\/wp-json\/wp\/v2\/product_tag?post=17536"}],"curies":[{"name":"wp","href":"https:\/\/api.w.org\/{rel}","templated":true}]}}