{"id":17529,"date":"2025-06-10T17:02:59","date_gmt":"2025-06-10T17:02:59","guid":{"rendered":"https:\/\/vitablanca.ma\/product\/endocare-c-ferulic-edafence-serum-30ml-2\/"},"modified":"2025-06-10T17:02:59","modified_gmt":"2025-06-10T17:02:59","slug":"endocare-c-ferulic-edafence-serum-30ml-2","status":"publish","type":"product","link":"https:\/\/vitablanca.ma\/en\/product\/endocare-c-ferulic-edafence-serum-30ml-2\/","title":{"rendered":"Endocare -C Ferulic Edafence Serum 30ml"},"content":{"rendered":"<h2 data-mce-fragment=\"1\"><strong data-mce-fragment=\"1\">Endocare -C Ferulic Edafence Serum <span data-mce-fragment=\"1\">Antioxidant skin care. Based on exclusive EDAFENCE technology<\/span><\/strong><\/h2>\n<p data-mce-fragment=\"1\"><strong data-mce-fragment=\"1\">Endocare-C Ferulic Edafense Serum<\/strong>\u00a0is a powerful anti-pollution, antioxidant, and regenerative product that challenges the limits of antioxidant skincare. Powered by proprietary EDAFENCE\u00ae technology, a Deschampsia antarctica plant extract with clinically proven anti-pollution activity, this serum protects the complexion against damage, deterioration, and premature aging caused by environmental stressors. In addition, SCA\u00ae Growth Factors regenerate skin, stimulate collagen production, and increase firmness and elasticity, while high concentrations of vitamin C and ferulic acid provide powerful antioxidant benefits and brighten the complexion. Perfect for those who lead a busy urban lifestyle, this serum is the ideal addition to any skincare routine.<\/p>\n<h3 data-mce-fragment=\"1\">The characteristics<\/h3>\n<ul data-mce-fragment=\"1\">\n<li data-mce-fragment=\"1\">Texture: serum;<\/li>\n<li data-mce-fragment=\"1\">Skin problems: dullness, loss of radiance and vitality, pollution;<\/li>\n<li data-mce-fragment=\"1\">Time of application: morning and\/or evening;<\/li>\n<li data-mce-fragment=\"1\">Skin type: all skin types;<\/li>\n<li data-mce-fragment=\"1\">Main benefits: prevents and reduces the first signs of skin aging, protects against skin damage caused by pollution, strengthens the skin&#039;s antioxidant properties, increases firmness, elasticity and luminosity, non-comedogenic;<\/li>\n<li data-mce-fragment=\"1\">Formulated without: oil, parabens.<\/li>\n<\/ul>\n<h3 data-mce-fragment=\"1\">Use<\/h3>\n<p data-mce-fragment=\"1\">Apply the\u00a0<strong data-mce-fragment=\"1\">Endocare-C Ferulic Edafense Serum<\/strong>\u00a0Apply once or twice a day to clean skin on the face, neck, and d\u00e9collet\u00e9. Apply sunscreen if used during the day. Avoid contact with the eyes, eye area, and mucous membranes. If irritation occurs due to the high concentration of active ingredients, reduce the frequency of application until the skin adjusts to the formulation or discontinue use. Wash hands after applying the product. Store below 40\u00b0C. The color of the product may change over time due to the high concentration of active ingredients; this does not affect its effectiveness.<\/p>\n<h3 data-mce-fragment=\"1\">The ingredients<\/h3>\n<ul data-mce-fragment=\"1\">\n<li data-mce-fragment=\"1\">EDAFENCE\u00ae 1%, a plant extract of Deschampsia antarctica, is a proprietary Endocare technology with clinically proven antipollution activity.<\/li>\n<li data-mce-fragment=\"1\">SCA\u00ae Growth Factors at 10% regenerate skin, stimulate collagen production and increase firmness and elasticity;<\/li>\n<li data-mce-fragment=\"1\">Pure vitamin C stabilized at 10% and ferulic acid at 0.5% create a powerful antioxidant shield and brighten the complexion.<\/li>\n<\/ul>\n<h3 data-mce-fragment=\"1\"><\/h3>","protected":false},"excerpt":{"rendered":"<p>Endocare -C Ferulic Edafence S\u00e9rum soin de la peau anti-oxydant. Bas\u00e9 sur la technologie exclusive EDAFENCE Endocare-C Ferulic Edafense Serum\u00a0est un puissant produit anti-pollution, anti-oxydant et r\u00e9g\u00e9n\u00e9rant qui d\u00e9fie les limites du soin de la peau anti-oxydant. Bas\u00e9 sur la technologie exclusive EDAFENCE\u00ae, un extrait de plante de Deschampsia antarctica ayant une activit\u00e9 antipollution d\u00e9montr\u00e9e [&hellip;]<\/p>\n","protected":false},"featured_media":17526,"template":"","meta":{"om_disable_all_campaigns":false},"product_brand":[],"product_cat":[15],"product_tag":[],"class_list":{"0":"post-17529","1":"product","2":"type-product","3":"status-publish","4":"has-post-thumbnail","6":"product_cat-beaute-sante-complements-alimentaires-soins-et-bien-etre-au-meilleur-prix","8":"first","9":"instock","10":"sale","11":"taxable","12":"shipping-taxable","13":"purchasable","14":"product-type-simple"},"yoast_head":"<!-- This site is optimized with the Yoast SEO plugin v27.3 - https:\/\/yoast.com\/product\/yoast-seo-wordpress\/ -->\n<title>Endocare -C Ferulic Edafence S\u00e9rum 30ml - Maroc Prix<\/title>\n<meta name=\"description\" content=\"Endocare -C Ferulic Edafence S\u00e9rum 30ml\" \/>\n<meta name=\"robots\" content=\"index, follow, max-snippet:-1, max-image-preview:large, max-video-preview:-1\" \/>\n<link rel=\"canonical\" href=\"https:\/\/vitablanca.ma\/en\/product\/endocare-c-ferulic-edafence-serum-30ml-2\/\" \/>\n<meta property=\"og:locale\" content=\"en_US\" \/>\n<meta property=\"og:type\" content=\"article\" \/>\n<meta property=\"og:title\" content=\"Endocare -C Ferulic Edafence S\u00e9rum 30ml - Maroc Prix\" \/>\n<meta property=\"og:description\" content=\"Endocare -C Ferulic Edafence S\u00e9rum 30ml\" \/>\n<meta property=\"og:url\" content=\"https:\/\/vitablanca.ma\/en\/product\/endocare-c-ferulic-edafence-serum-30ml-2\/\" \/>\n<meta property=\"og:site_name\" content=\"Vitablanca.ma &ndash; Sant&eacute;, vitalit&eacute; et bien-&ecirc;tre pour tous les Marocains\" \/>\n<meta property=\"article:publisher\" content=\"https:\/\/www.facebook.com\/profile.php?id=61576678196717\" \/>\n<meta property=\"og:image\" content=\"https:\/\/vitablanca.ma\/wp-content\/uploads\/2025\/06\/Endocare-C-Ferulic-Edafence-Serum-30ml-nova-prapharmacie-maroc-1.jpg\" \/>\n\t<meta property=\"og:image:width\" content=\"1000\" \/>\n\t<meta property=\"og:image:height\" content=\"1000\" \/>\n\t<meta property=\"og:image:type\" content=\"image\/jpeg\" \/>\n<meta name=\"twitter:card\" content=\"summary_large_image\" \/>\n<meta name=\"twitter:label1\" content=\"Est. reading time\" \/>\n\t<meta name=\"twitter:data1\" content=\"2 minutes\" \/>\n<script type=\"application\/ld+json\" class=\"yoast-schema-graph\">{\"@context\":\"https:\\\/\\\/schema.org\",\"@graph\":[{\"@type\":[\"WebPage\",\"ItemPage\"],\"@id\":\"https:\\\/\\\/vitablanca.ma\\\/produit\\\/endocare-c-ferulic-edafence-serum-30ml-2\\\/\",\"url\":\"https:\\\/\\\/vitablanca.ma\\\/produit\\\/endocare-c-ferulic-edafence-serum-30ml-2\\\/\",\"name\":\"Endocare -C Ferulic Edafence S\u00e9rum 30ml - Maroc Prix\",\"isPartOf\":{\"@id\":\"https:\\\/\\\/vitablanca.ma\\\/#website\"},\"primaryImageOfPage\":{\"@id\":\"https:\\\/\\\/vitablanca.ma\\\/produit\\\/endocare-c-ferulic-edafence-serum-30ml-2\\\/#primaryimage\"},\"image\":{\"@id\":\"https:\\\/\\\/vitablanca.ma\\\/produit\\\/endocare-c-ferulic-edafence-serum-30ml-2\\\/#primaryimage\"},\"thumbnailUrl\":\"https:\\\/\\\/vitablanca.ma\\\/wp-content\\\/uploads\\\/2025\\\/06\\\/Endocare-C-Ferulic-Edafence-Serum-30ml-nova-prapharmacie-maroc-1.jpg\",\"datePublished\":\"2025-06-10T17:02:59+00:00\",\"description\":\"Endocare -C Ferulic Edafence S\u00e9rum 30ml\",\"breadcrumb\":{\"@id\":\"https:\\\/\\\/vitablanca.ma\\\/produit\\\/endocare-c-ferulic-edafence-serum-30ml-2\\\/#breadcrumb\"},\"inLanguage\":\"en-US\",\"potentialAction\":[{\"@type\":\"ReadAction\",\"target\":[\"https:\\\/\\\/vitablanca.ma\\\/produit\\\/endocare-c-ferulic-edafence-serum-30ml-2\\\/\"]}]},{\"@type\":\"ImageObject\",\"inLanguage\":\"en-US\",\"@id\":\"https:\\\/\\\/vitablanca.ma\\\/produit\\\/endocare-c-ferulic-edafence-serum-30ml-2\\\/#primaryimage\",\"url\":\"https:\\\/\\\/vitablanca.ma\\\/wp-content\\\/uploads\\\/2025\\\/06\\\/Endocare-C-Ferulic-Edafence-Serum-30ml-nova-prapharmacie-maroc-1.jpg\",\"contentUrl\":\"https:\\\/\\\/vitablanca.ma\\\/wp-content\\\/uploads\\\/2025\\\/06\\\/Endocare-C-Ferulic-Edafence-Serum-30ml-nova-prapharmacie-maroc-1.jpg\",\"width\":1000,\"height\":1000},{\"@type\":\"BreadcrumbList\",\"@id\":\"https:\\\/\\\/vitablanca.ma\\\/produit\\\/endocare-c-ferulic-edafence-serum-30ml-2\\\/#breadcrumb\",\"itemListElement\":[{\"@type\":\"ListItem\",\"position\":1,\"name\":\"Home\",\"item\":\"https:\\\/\\\/vitablanca.ma\\\/\"},{\"@type\":\"ListItem\",\"position\":2,\"name\":\"Tous Les Produits\",\"item\":\"https:\\\/\\\/vitablanca.ma\\\/tous-les-produits\\\/\"},{\"@type\":\"ListItem\",\"position\":3,\"name\":\"Endocare -C Ferulic Edafence S\u00e9rum 30ml\"}]},{\"@type\":\"WebSite\",\"@id\":\"https:\\\/\\\/vitablanca.ma\\\/#website\",\"url\":\"https:\\\/\\\/vitablanca.ma\\\/\",\"name\":\"VitaBlanca.ma | Compl\u00e9ments alimentaires, sant\u00e9 & beaut\u00e9 au Maroc\",\"description\":\"vendre vitamines et compl\u00e9ments premium des USA &amp; Canada, Nouvelle Z\u00e9lande,Maroc (NOW Foods, Solgar, Manuka). Livraison rapide partout au Maroc.\",\"publisher\":{\"@id\":\"https:\\\/\\\/vitablanca.ma\\\/#organization\"},\"alternateName\":\"VitaBlanca.ma\",\"potentialAction\":[{\"@type\":\"SearchAction\",\"target\":{\"@type\":\"EntryPoint\",\"urlTemplate\":\"https:\\\/\\\/vitablanca.ma\\\/?s={search_term_string}\"},\"query-input\":{\"@type\":\"PropertyValueSpecification\",\"valueRequired\":true,\"valueName\":\"search_term_string\"}}],\"inLanguage\":\"en-US\"},{\"@type\":\"Organization\",\"@id\":\"https:\\\/\\\/vitablanca.ma\\\/#organization\",\"name\":\"VitaBlanca\",\"url\":\"https:\\\/\\\/vitablanca.ma\\\/\",\"logo\":{\"@type\":\"ImageObject\",\"inLanguage\":\"en-US\",\"@id\":\"https:\\\/\\\/vitablanca.ma\\\/#\\\/schema\\\/logo\\\/image\\\/\",\"url\":\"https:\\\/\\\/vitablanca.ma\\\/wp-content\\\/uploads\\\/2025\\\/05\\\/cropped-vitablanca.png\",\"contentUrl\":\"https:\\\/\\\/vitablanca.ma\\\/wp-content\\\/uploads\\\/2025\\\/05\\\/cropped-vitablanca.png\",\"width\":360,\"height\":67,\"caption\":\"VitaBlanca\"},\"image\":{\"@id\":\"https:\\\/\\\/vitablanca.ma\\\/#\\\/schema\\\/logo\\\/image\\\/\"},\"sameAs\":[\"https:\\\/\\\/www.facebook.com\\\/profile.php?id=61576678196717\",\"https:\\\/\\\/www.tiktok.com\\\/@vitablanca.ma\",\"https:\\\/\\\/www.instagram.com\\\/vitablanca.ma\\\/\"]}]}<\/script>\n<!-- \/ Yoast SEO plugin. -->","yoast_head_json":{"title":"Endocare -C Ferulic Edafence Serum 30ml - Morocco Price","description":"Endocare -C Ferulic Edafence Serum 30ml","robots":{"index":"index","follow":"follow","max-snippet":"max-snippet:-1","max-image-preview":"max-image-preview:large","max-video-preview":"max-video-preview:-1"},"canonical":"https:\/\/vitablanca.ma\/en\/product\/endocare-c-ferulic-edafence-serum-30ml-2\/","og_locale":"en_US","og_type":"article","og_title":"Endocare -C Ferulic Edafence S\u00e9rum 30ml - Maroc Prix","og_description":"Endocare -C Ferulic Edafence S\u00e9rum 30ml","og_url":"https:\/\/vitablanca.ma\/en\/product\/endocare-c-ferulic-edafence-serum-30ml-2\/","og_site_name":"Vitablanca.ma &ndash; Sant&eacute;, vitalit&eacute; et bien-&ecirc;tre pour tous les Marocains","article_publisher":"https:\/\/www.facebook.com\/profile.php?id=61576678196717","og_image":[{"width":1000,"height":1000,"url":"https:\/\/vitablanca.ma\/wp-content\/uploads\/2025\/06\/Endocare-C-Ferulic-Edafence-Serum-30ml-nova-prapharmacie-maroc-1.jpg","type":"image\/jpeg"}],"twitter_card":"summary_large_image","twitter_misc":{"Est. reading time":"2 minutes"},"schema":{"@context":"https:\/\/schema.org","@graph":[{"@type":["WebPage","ItemPage"],"@id":"https:\/\/vitablanca.ma\/produit\/endocare-c-ferulic-edafence-serum-30ml-2\/","url":"https:\/\/vitablanca.ma\/produit\/endocare-c-ferulic-edafence-serum-30ml-2\/","name":"Endocare -C Ferulic Edafence Serum 30ml - Morocco Price","isPartOf":{"@id":"https:\/\/vitablanca.ma\/#website"},"primaryImageOfPage":{"@id":"https:\/\/vitablanca.ma\/produit\/endocare-c-ferulic-edafence-serum-30ml-2\/#primaryimage"},"image":{"@id":"https:\/\/vitablanca.ma\/produit\/endocare-c-ferulic-edafence-serum-30ml-2\/#primaryimage"},"thumbnailUrl":"https:\/\/vitablanca.ma\/wp-content\/uploads\/2025\/06\/Endocare-C-Ferulic-Edafence-Serum-30ml-nova-prapharmacie-maroc-1.jpg","datePublished":"2025-06-10T17:02:59+00:00","description":"Endocare -C Ferulic Edafence Serum 30ml","breadcrumb":{"@id":"https:\/\/vitablanca.ma\/produit\/endocare-c-ferulic-edafence-serum-30ml-2\/#breadcrumb"},"inLanguage":"en-US","potentialAction":[{"@type":"ReadAction","target":["https:\/\/vitablanca.ma\/produit\/endocare-c-ferulic-edafence-serum-30ml-2\/"]}]},{"@type":"ImageObject","inLanguage":"en-US","@id":"https:\/\/vitablanca.ma\/produit\/endocare-c-ferulic-edafence-serum-30ml-2\/#primaryimage","url":"https:\/\/vitablanca.ma\/wp-content\/uploads\/2025\/06\/Endocare-C-Ferulic-Edafence-Serum-30ml-nova-prapharmacie-maroc-1.jpg","contentUrl":"https:\/\/vitablanca.ma\/wp-content\/uploads\/2025\/06\/Endocare-C-Ferulic-Edafence-Serum-30ml-nova-prapharmacie-maroc-1.jpg","width":1000,"height":1000},{"@type":"BreadcrumbList","@id":"https:\/\/vitablanca.ma\/produit\/endocare-c-ferulic-edafence-serum-30ml-2\/#breadcrumb","itemListElement":[{"@type":"ListItem","position":1,"name":"Home","item":"https:\/\/vitablanca.ma\/"},{"@type":"ListItem","position":2,"name":"Tous Les Produits","item":"https:\/\/vitablanca.ma\/tous-les-produits\/"},{"@type":"ListItem","position":3,"name":"Endocare -C Ferulic Edafence S\u00e9rum 30ml"}]},{"@type":"WebSite","@id":"https:\/\/vitablanca.ma\/#website","url":"https:\/\/vitablanca.ma\/","name":"VitaBlanca.ma | Food supplements, health &amp; beauty in Morocco","description":"sell premium vitamins and supplements from USA &amp; Canada, New Zealand, Morocco (NOW Foods, Solgar, Manuka). Fast delivery anywhere in Morocco.","publisher":{"@id":"https:\/\/vitablanca.ma\/#organization"},"alternateName":"VitaBlanca.ma","potentialAction":[{"@type":"SearchAction","target":{"@type":"EntryPoint","urlTemplate":"https:\/\/vitablanca.ma\/?s={search_term_string}"},"query-input":{"@type":"PropertyValueSpecification","valueRequired":true,"valueName":"search_term_string"}}],"inLanguage":"en-US"},{"@type":"Organization","@id":"https:\/\/vitablanca.ma\/#organization","name":"VitaBlanca","url":"https:\/\/vitablanca.ma\/","logo":{"@type":"ImageObject","inLanguage":"en-US","@id":"https:\/\/vitablanca.ma\/#\/schema\/logo\/image\/","url":"https:\/\/vitablanca.ma\/wp-content\/uploads\/2025\/05\/cropped-vitablanca.png","contentUrl":"https:\/\/vitablanca.ma\/wp-content\/uploads\/2025\/05\/cropped-vitablanca.png","width":360,"height":67,"caption":"VitaBlanca"},"image":{"@id":"https:\/\/vitablanca.ma\/#\/schema\/logo\/image\/"},"sameAs":["https:\/\/www.facebook.com\/profile.php?id=61576678196717","https:\/\/www.tiktok.com\/@vitablanca.ma","https:\/\/www.instagram.com\/vitablanca.ma\/"]}]}},"jetpack_sharing_enabled":true,"_links":{"self":[{"href":"https:\/\/vitablanca.ma\/en\/wp-json\/wp\/v2\/product\/17529","targetHints":{"allow":["GET"]}}],"collection":[{"href":"https:\/\/vitablanca.ma\/en\/wp-json\/wp\/v2\/product"}],"about":[{"href":"https:\/\/vitablanca.ma\/en\/wp-json\/wp\/v2\/types\/product"}],"wp:featuredmedia":[{"embeddable":true,"href":"https:\/\/vitablanca.ma\/en\/wp-json\/wp\/v2\/media\/17526"}],"wp:attachment":[{"href":"https:\/\/vitablanca.ma\/en\/wp-json\/wp\/v2\/media?parent=17529"}],"wp:term":[{"taxonomy":"product_brand","embeddable":true,"href":"https:\/\/vitablanca.ma\/en\/wp-json\/wp\/v2\/product_brand?post=17529"},{"taxonomy":"product_cat","embeddable":true,"href":"https:\/\/vitablanca.ma\/en\/wp-json\/wp\/v2\/product_cat?post=17529"},{"taxonomy":"product_tag","embeddable":true,"href":"https:\/\/vitablanca.ma\/en\/wp-json\/wp\/v2\/product_tag?post=17529"}],"curies":[{"name":"wp","href":"https:\/\/api.w.org\/{rel}","templated":true}]}}