{"id":17521,"date":"2025-06-10T17:02:45","date_gmt":"2025-06-10T17:02:45","guid":{"rendered":"https:\/\/vitablanca.ma\/product\/endocare-tensage-concentre-anti-age-102ml-2\/"},"modified":"2025-06-10T17:02:45","modified_gmt":"2025-06-10T17:02:45","slug":"endocare-tensage-concentre-anti-age-102ml-2","status":"publish","type":"product","link":"https:\/\/vitablanca.ma\/en\/product\/endocare-tensage-concentre-anti-age-102ml-2\/","title":{"rendered":"Endocare Tensage Anti-Aging Concentrate 10*2ml"},"content":{"rendered":"<h2 data-mce-fragment=\"1\"><strong data-mce-fragment=\"1\">Endocare Tensage Anti-Aging Concentrate\u00a0<span data-mce-fragment=\"1\">Regenerating, anti-wrinkle with tightening effect.<\/span><\/strong><\/h2>\n<p data-mce-fragment=\"1\"><strong data-mce-fragment=\"1\">ENDOCARE TENSAGE Concentrate,<\/strong><span data-mce-fragment=\"1\">\u00a0<\/span>Regenerating, anti-wrinkle with tightening effect.<\/p>\n<p data-mce-fragment=\"1\"><strong data-mce-fragment=\"1\">Product nature:<\/strong><span data-mce-fragment=\"1\">\u00a0<\/span>Cosmetic.<\/p>\n<p data-mce-fragment=\"1\"><strong data-mce-fragment=\"1\">Cosmetic product category:<\/strong><span data-mce-fragment=\"1\">\u00a0<\/span>intense anti-aging.<\/p>\n<p data-mce-fragment=\"1\"><strong data-mce-fragment=\"1\">Directions:<\/strong><span data-mce-fragment=\"1\">\u00a0<\/span>Regenerative and antioxidant action, to reduce wrinkles and fine lines while increasing skin elasticity and firmness.<\/p>\n<p data-mce-fragment=\"1\"><strong data-mce-fragment=\"1\">Uses:<\/strong><span data-mce-fragment=\"1\">\u00a0<\/span>one application every evening.<br data-mce-fragment=\"1\">Daily use. One tube covers three applications.<\/p>\n<p data-mce-fragment=\"1\"><strong data-mce-fragment=\"1\">Special precautions for use:<\/strong>External use. Avoid contact with eyes.<\/p>\n<p data-mce-fragment=\"1\"><strong data-mce-fragment=\"1\">Shelf life:<\/strong><span data-mce-fragment=\"1\">\u00a0<\/span>48 months, store below 30\u00b0C.<\/p>\n<p data-mce-fragment=\"1\"><strong data-mce-fragment=\"1\">Validity period after opening the ampoule:<\/strong><span data-mce-fragment=\"1\">\u00a0<\/span>1 month.<\/p>\n<p data-mce-fragment=\"1\"><strong data-mce-fragment=\"1\">Patented technology:<\/strong><br data-mce-fragment=\"1\">SCA\u00ae Growth Factor Technology<br data-mce-fragment=\"1\">TENSDERM\u00ae<\/p>\n<h3 data-mce-fragment=\"1\">PROPERTIES<\/h3>\n<p data-mce-fragment=\"1\">SCA\u00ae Growth Factor Technology: Based on a secretion obtained from the mollusk Cryptomphalus aspersa through a production process exclusive and patented by Cantabria Labs.<\/p>\n<p data-mce-fragment=\"1\">REGENERATIVE ACTIVITY: GROWTH FACTORS<\/p>\n<p data-mce-fragment=\"1\">FIRMING ACTIVITY: TENSDERM\u00ae: HYDROLYZED SOY PEPTIDES + CALCIUM<\/p>\n<p data-mce-fragment=\"1\">INTENSE MOISTURIZING ACTIVITY: SCA\u00ae, HYDROMANIL AND DERMAFLUX<\/p>\n<p data-mce-fragment=\"1\">ANTIOXIDANT ACTIVITY: SCA\u00ae, VITAMIN E, COENZIME Q10<\/p>\n<h3 data-mce-fragment=\"1\">COMPOSITION<\/h3>\n<ul data-mce-fragment=\"1\">\n<li data-mce-fragment=\"1\">SCA\u00ae Growth Factor Technology, Peptides<\/li>\n<li data-mce-fragment=\"1\">Tensderm\u00ae<\/li>\n<li data-mce-fragment=\"1\">Lightening active ingredients: Alistin, Albatin and Natriquest<\/li>\n<li data-mce-fragment=\"1\">Moisturizing active ingredients: Hydromanil and Dermaflux<\/li>\n<\/ul>\n<p data-mce-fragment=\"1\">Format: 10 tubes x 2ml.<\/p>","protected":false},"excerpt":{"rendered":"<p>Endocare Tensage Concentr\u00e9 Anti-Age\u00a0R\u00e9g\u00e9n\u00e9rant, anti-rides avec effet tenseur. ENDOCARE TENSAGE Concentrate,\u00a0R\u00e9g\u00e9n\u00e9rant, anti-rides avec effet tenseur. Nature du produit:\u00a0Cosm\u00e9tique. Cat\u00e9gorie du produit cosm\u00e9tique:\u00a0anti-\u00e2ge intense. Indications:\u00a0Action r\u00e9g\u00e9n\u00e9ratrice et antioxydante, pour r\u00e9duire les rides et ridules tout en augmentant l\u2019\u00e9lasticit\u00e9 et la fermet\u00e9 de la peau. Utilisations:\u00a0une application chaque soir.Utilisation quotidienne. Un tube couvre suffisamment trois applications. Les [&hellip;]<\/p>\n","protected":false},"featured_media":17519,"template":"","meta":{"om_disable_all_campaigns":false},"product_brand":[],"product_cat":[15],"product_tag":[],"class_list":{"0":"post-17521","1":"product","2":"type-product","3":"status-publish","4":"has-post-thumbnail","6":"product_cat-beaute-sante-complements-alimentaires-soins-et-bien-etre-au-meilleur-prix","8":"first","9":"instock","10":"sale","11":"taxable","12":"shipping-taxable","13":"purchasable","14":"product-type-simple"},"yoast_head":"<!-- This site is optimized with the Yoast SEO plugin v27.3 - https:\/\/yoast.com\/product\/yoast-seo-wordpress\/ -->\n<title>Endocare Tensage Concentr\u00e9 Anti-Age 10*2ml - Maroc Prix<\/title>\n<meta name=\"description\" content=\"Endocare Tensage Concentr\u00e9 Anti-Age 10*2ml\" \/>\n<meta name=\"robots\" content=\"index, follow, max-snippet:-1, max-image-preview:large, max-video-preview:-1\" \/>\n<link rel=\"canonical\" href=\"https:\/\/vitablanca.ma\/en\/product\/endocare-tensage-concentre-anti-age-102ml-2\/\" \/>\n<meta property=\"og:locale\" content=\"en_US\" \/>\n<meta property=\"og:type\" content=\"article\" \/>\n<meta property=\"og:title\" content=\"Endocare Tensage Concentr\u00e9 Anti-Age 10*2ml - Maroc Prix\" \/>\n<meta property=\"og:description\" content=\"Endocare Tensage Concentr\u00e9 Anti-Age 10*2ml\" \/>\n<meta property=\"og:url\" content=\"https:\/\/vitablanca.ma\/en\/product\/endocare-tensage-concentre-anti-age-102ml-2\/\" \/>\n<meta property=\"og:site_name\" content=\"Vitablanca.ma &ndash; Sant&eacute;, vitalit&eacute; et bien-&ecirc;tre pour tous les Marocains\" \/>\n<meta property=\"article:publisher\" content=\"https:\/\/www.facebook.com\/profile.php?id=61576678196717\" \/>\n<meta property=\"og:image\" content=\"https:\/\/vitablanca.ma\/wp-content\/uploads\/2025\/06\/Endocare-Tensage-Concentre-Anti-Age-10-2ml-nova-prapharmacie-maroc-1.jpg\" \/>\n\t<meta property=\"og:image:width\" content=\"1000\" \/>\n\t<meta property=\"og:image:height\" content=\"1000\" \/>\n\t<meta property=\"og:image:type\" content=\"image\/jpeg\" \/>\n<meta name=\"twitter:card\" content=\"summary_large_image\" \/>\n<meta name=\"twitter:label1\" content=\"Est. reading time\" \/>\n\t<meta name=\"twitter:data1\" content=\"1 minute\" \/>\n<script type=\"application\/ld+json\" class=\"yoast-schema-graph\">{\"@context\":\"https:\\\/\\\/schema.org\",\"@graph\":[{\"@type\":[\"WebPage\",\"ItemPage\"],\"@id\":\"https:\\\/\\\/vitablanca.ma\\\/produit\\\/endocare-tensage-concentre-anti-age-102ml-2\\\/\",\"url\":\"https:\\\/\\\/vitablanca.ma\\\/produit\\\/endocare-tensage-concentre-anti-age-102ml-2\\\/\",\"name\":\"Endocare Tensage Concentr\u00e9 Anti-Age 10*2ml - Maroc Prix\",\"isPartOf\":{\"@id\":\"https:\\\/\\\/vitablanca.ma\\\/#website\"},\"primaryImageOfPage\":{\"@id\":\"https:\\\/\\\/vitablanca.ma\\\/produit\\\/endocare-tensage-concentre-anti-age-102ml-2\\\/#primaryimage\"},\"image\":{\"@id\":\"https:\\\/\\\/vitablanca.ma\\\/produit\\\/endocare-tensage-concentre-anti-age-102ml-2\\\/#primaryimage\"},\"thumbnailUrl\":\"https:\\\/\\\/vitablanca.ma\\\/wp-content\\\/uploads\\\/2025\\\/06\\\/Endocare-Tensage-Concentre-Anti-Age-10-2ml-nova-prapharmacie-maroc-1.jpg\",\"datePublished\":\"2025-06-10T17:02:45+00:00\",\"description\":\"Endocare Tensage Concentr\u00e9 Anti-Age 10*2ml\",\"breadcrumb\":{\"@id\":\"https:\\\/\\\/vitablanca.ma\\\/produit\\\/endocare-tensage-concentre-anti-age-102ml-2\\\/#breadcrumb\"},\"inLanguage\":\"en-US\",\"potentialAction\":[{\"@type\":\"ReadAction\",\"target\":[\"https:\\\/\\\/vitablanca.ma\\\/produit\\\/endocare-tensage-concentre-anti-age-102ml-2\\\/\"]}]},{\"@type\":\"ImageObject\",\"inLanguage\":\"en-US\",\"@id\":\"https:\\\/\\\/vitablanca.ma\\\/produit\\\/endocare-tensage-concentre-anti-age-102ml-2\\\/#primaryimage\",\"url\":\"https:\\\/\\\/vitablanca.ma\\\/wp-content\\\/uploads\\\/2025\\\/06\\\/Endocare-Tensage-Concentre-Anti-Age-10-2ml-nova-prapharmacie-maroc-1.jpg\",\"contentUrl\":\"https:\\\/\\\/vitablanca.ma\\\/wp-content\\\/uploads\\\/2025\\\/06\\\/Endocare-Tensage-Concentre-Anti-Age-10-2ml-nova-prapharmacie-maroc-1.jpg\",\"width\":1000,\"height\":1000},{\"@type\":\"BreadcrumbList\",\"@id\":\"https:\\\/\\\/vitablanca.ma\\\/produit\\\/endocare-tensage-concentre-anti-age-102ml-2\\\/#breadcrumb\",\"itemListElement\":[{\"@type\":\"ListItem\",\"position\":1,\"name\":\"Home\",\"item\":\"https:\\\/\\\/vitablanca.ma\\\/\"},{\"@type\":\"ListItem\",\"position\":2,\"name\":\"Tous Les Produits\",\"item\":\"https:\\\/\\\/vitablanca.ma\\\/tous-les-produits\\\/\"},{\"@type\":\"ListItem\",\"position\":3,\"name\":\"Endocare Tensage Concentr\u00e9 Anti-Age 10*2ml\"}]},{\"@type\":\"WebSite\",\"@id\":\"https:\\\/\\\/vitablanca.ma\\\/#website\",\"url\":\"https:\\\/\\\/vitablanca.ma\\\/\",\"name\":\"VitaBlanca.ma | Compl\u00e9ments alimentaires, sant\u00e9 & beaut\u00e9 au Maroc\",\"description\":\"vendre vitamines et compl\u00e9ments premium des USA &amp; Canada, Nouvelle Z\u00e9lande,Maroc (NOW Foods, Solgar, Manuka). Livraison rapide partout au Maroc.\",\"publisher\":{\"@id\":\"https:\\\/\\\/vitablanca.ma\\\/#organization\"},\"alternateName\":\"VitaBlanca.ma\",\"potentialAction\":[{\"@type\":\"SearchAction\",\"target\":{\"@type\":\"EntryPoint\",\"urlTemplate\":\"https:\\\/\\\/vitablanca.ma\\\/?s={search_term_string}\"},\"query-input\":{\"@type\":\"PropertyValueSpecification\",\"valueRequired\":true,\"valueName\":\"search_term_string\"}}],\"inLanguage\":\"en-US\"},{\"@type\":\"Organization\",\"@id\":\"https:\\\/\\\/vitablanca.ma\\\/#organization\",\"name\":\"VitaBlanca\",\"url\":\"https:\\\/\\\/vitablanca.ma\\\/\",\"logo\":{\"@type\":\"ImageObject\",\"inLanguage\":\"en-US\",\"@id\":\"https:\\\/\\\/vitablanca.ma\\\/#\\\/schema\\\/logo\\\/image\\\/\",\"url\":\"https:\\\/\\\/vitablanca.ma\\\/wp-content\\\/uploads\\\/2025\\\/05\\\/cropped-vitablanca.png\",\"contentUrl\":\"https:\\\/\\\/vitablanca.ma\\\/wp-content\\\/uploads\\\/2025\\\/05\\\/cropped-vitablanca.png\",\"width\":360,\"height\":67,\"caption\":\"VitaBlanca\"},\"image\":{\"@id\":\"https:\\\/\\\/vitablanca.ma\\\/#\\\/schema\\\/logo\\\/image\\\/\"},\"sameAs\":[\"https:\\\/\\\/www.facebook.com\\\/profile.php?id=61576678196717\",\"https:\\\/\\\/www.tiktok.com\\\/@vitablanca.ma\",\"https:\\\/\\\/www.instagram.com\\\/vitablanca.ma\\\/\"]}]}<\/script>\n<!-- \/ Yoast SEO plugin. -->","yoast_head_json":{"title":"Endocare Tensage Anti-Aging Concentrate 10*2ml - Morocco Price","description":"Endocare Tensage Anti-Aging Concentrate 10*2ml","robots":{"index":"index","follow":"follow","max-snippet":"max-snippet:-1","max-image-preview":"max-image-preview:large","max-video-preview":"max-video-preview:-1"},"canonical":"https:\/\/vitablanca.ma\/en\/product\/endocare-tensage-concentre-anti-age-102ml-2\/","og_locale":"en_US","og_type":"article","og_title":"Endocare Tensage Concentr\u00e9 Anti-Age 10*2ml - Maroc Prix","og_description":"Endocare Tensage Concentr\u00e9 Anti-Age 10*2ml","og_url":"https:\/\/vitablanca.ma\/en\/product\/endocare-tensage-concentre-anti-age-102ml-2\/","og_site_name":"Vitablanca.ma &ndash; Sant&eacute;, vitalit&eacute; et bien-&ecirc;tre pour tous les Marocains","article_publisher":"https:\/\/www.facebook.com\/profile.php?id=61576678196717","og_image":[{"width":1000,"height":1000,"url":"https:\/\/vitablanca.ma\/wp-content\/uploads\/2025\/06\/Endocare-Tensage-Concentre-Anti-Age-10-2ml-nova-prapharmacie-maroc-1.jpg","type":"image\/jpeg"}],"twitter_card":"summary_large_image","twitter_misc":{"Est. reading time":"1 minute"},"schema":{"@context":"https:\/\/schema.org","@graph":[{"@type":["WebPage","ItemPage"],"@id":"https:\/\/vitablanca.ma\/produit\/endocare-tensage-concentre-anti-age-102ml-2\/","url":"https:\/\/vitablanca.ma\/produit\/endocare-tensage-concentre-anti-age-102ml-2\/","name":"Endocare Tensage Anti-Aging Concentrate 10*2ml - Morocco Price","isPartOf":{"@id":"https:\/\/vitablanca.ma\/#website"},"primaryImageOfPage":{"@id":"https:\/\/vitablanca.ma\/produit\/endocare-tensage-concentre-anti-age-102ml-2\/#primaryimage"},"image":{"@id":"https:\/\/vitablanca.ma\/produit\/endocare-tensage-concentre-anti-age-102ml-2\/#primaryimage"},"thumbnailUrl":"https:\/\/vitablanca.ma\/wp-content\/uploads\/2025\/06\/Endocare-Tensage-Concentre-Anti-Age-10-2ml-nova-prapharmacie-maroc-1.jpg","datePublished":"2025-06-10T17:02:45+00:00","description":"Endocare Tensage Anti-Aging Concentrate 10*2ml","breadcrumb":{"@id":"https:\/\/vitablanca.ma\/produit\/endocare-tensage-concentre-anti-age-102ml-2\/#breadcrumb"},"inLanguage":"en-US","potentialAction":[{"@type":"ReadAction","target":["https:\/\/vitablanca.ma\/produit\/endocare-tensage-concentre-anti-age-102ml-2\/"]}]},{"@type":"ImageObject","inLanguage":"en-US","@id":"https:\/\/vitablanca.ma\/produit\/endocare-tensage-concentre-anti-age-102ml-2\/#primaryimage","url":"https:\/\/vitablanca.ma\/wp-content\/uploads\/2025\/06\/Endocare-Tensage-Concentre-Anti-Age-10-2ml-nova-prapharmacie-maroc-1.jpg","contentUrl":"https:\/\/vitablanca.ma\/wp-content\/uploads\/2025\/06\/Endocare-Tensage-Concentre-Anti-Age-10-2ml-nova-prapharmacie-maroc-1.jpg","width":1000,"height":1000},{"@type":"BreadcrumbList","@id":"https:\/\/vitablanca.ma\/produit\/endocare-tensage-concentre-anti-age-102ml-2\/#breadcrumb","itemListElement":[{"@type":"ListItem","position":1,"name":"Home","item":"https:\/\/vitablanca.ma\/"},{"@type":"ListItem","position":2,"name":"Tous Les Produits","item":"https:\/\/vitablanca.ma\/tous-les-produits\/"},{"@type":"ListItem","position":3,"name":"Endocare Tensage Concentr\u00e9 Anti-Age 10*2ml"}]},{"@type":"WebSite","@id":"https:\/\/vitablanca.ma\/#website","url":"https:\/\/vitablanca.ma\/","name":"VitaBlanca.ma | Food supplements, health &amp; beauty in Morocco","description":"sell premium vitamins and supplements from USA &amp; Canada, New Zealand, Morocco (NOW Foods, Solgar, Manuka). Fast delivery anywhere in Morocco.","publisher":{"@id":"https:\/\/vitablanca.ma\/#organization"},"alternateName":"VitaBlanca.ma","potentialAction":[{"@type":"SearchAction","target":{"@type":"EntryPoint","urlTemplate":"https:\/\/vitablanca.ma\/?s={search_term_string}"},"query-input":{"@type":"PropertyValueSpecification","valueRequired":true,"valueName":"search_term_string"}}],"inLanguage":"en-US"},{"@type":"Organization","@id":"https:\/\/vitablanca.ma\/#organization","name":"VitaBlanca","url":"https:\/\/vitablanca.ma\/","logo":{"@type":"ImageObject","inLanguage":"en-US","@id":"https:\/\/vitablanca.ma\/#\/schema\/logo\/image\/","url":"https:\/\/vitablanca.ma\/wp-content\/uploads\/2025\/05\/cropped-vitablanca.png","contentUrl":"https:\/\/vitablanca.ma\/wp-content\/uploads\/2025\/05\/cropped-vitablanca.png","width":360,"height":67,"caption":"VitaBlanca"},"image":{"@id":"https:\/\/vitablanca.ma\/#\/schema\/logo\/image\/"},"sameAs":["https:\/\/www.facebook.com\/profile.php?id=61576678196717","https:\/\/www.tiktok.com\/@vitablanca.ma","https:\/\/www.instagram.com\/vitablanca.ma\/"]}]}},"jetpack_sharing_enabled":true,"_links":{"self":[{"href":"https:\/\/vitablanca.ma\/en\/wp-json\/wp\/v2\/product\/17521","targetHints":{"allow":["GET"]}}],"collection":[{"href":"https:\/\/vitablanca.ma\/en\/wp-json\/wp\/v2\/product"}],"about":[{"href":"https:\/\/vitablanca.ma\/en\/wp-json\/wp\/v2\/types\/product"}],"wp:featuredmedia":[{"embeddable":true,"href":"https:\/\/vitablanca.ma\/en\/wp-json\/wp\/v2\/media\/17519"}],"wp:attachment":[{"href":"https:\/\/vitablanca.ma\/en\/wp-json\/wp\/v2\/media?parent=17521"}],"wp:term":[{"taxonomy":"product_brand","embeddable":true,"href":"https:\/\/vitablanca.ma\/en\/wp-json\/wp\/v2\/product_brand?post=17521"},{"taxonomy":"product_cat","embeddable":true,"href":"https:\/\/vitablanca.ma\/en\/wp-json\/wp\/v2\/product_cat?post=17521"},{"taxonomy":"product_tag","embeddable":true,"href":"https:\/\/vitablanca.ma\/en\/wp-json\/wp\/v2\/product_tag?post=17521"}],"curies":[{"name":"wp","href":"https:\/\/api.w.org\/{rel}","templated":true}]}}