{"id":17520,"date":"2025-06-10T17:02:43","date_gmt":"2025-06-10T17:02:43","guid":{"rendered":"https:\/\/vitablanca.ma\/product\/ducray-kertyol-pso-gel-quotidien-400ml\/"},"modified":"2025-06-10T17:02:43","modified_gmt":"2025-06-10T17:02:43","slug":"ducray-kertyol-pso-gel-quotidien-400ml","status":"publish","type":"product","link":"https:\/\/vitablanca.ma\/en\/product\/ducray-kertyol-pso-gel-quotidien-400ml\/","title":{"rendered":"Ducray Kertyol PSO Daily Gel 400ml"},"content":{"rendered":"<h2>Ducray Kertyol PSO Daily Gel <span data-mce-fragment=\"1\">suitable for psoriatic skin.<\/span><br data-mce-fragment=\"1\"><br \/>\n<\/h2>\n<div class=\"block-content\">\n<div class=\"block-content\">\n<p>KERTYOL PSO cleansing gel is a hygiene treatment specially designed and adapted for skin prone to psoriasis.<br \/>Its formula contains specific active ingredients suitable for skin prone to psoriasis, including C\u00c9LASTROL.<br \/>This revolutionary soothing agent acts directly on keratinocytes (cells in the surface layer of the skin) to reduce the appearance of plaques and thus improve the skin&#039;s appearance.<\/p>\n<\/div>\n<div class=\"block-content has-heading\">\n<div class=\"block-content-heading\">\n<h3 id=\"\" class=\"\">Advantage<\/h3>\n<\/div>\n<p>100% of patients find comfortable and soothed skin, immediately after use\u00b9.<\/p>\n<div class=\"block-content-heading\">\n<h3 id=\"\" class=\"\">Benefits<\/h3>\n<\/div>\n<p>\u2022 SOOTHES the skin: after use, the skin is comfortable and supple thanks to GLYCERIN, a moisturizing active ingredient*<br \/>\u2022 Delicately perfumes the skin<br \/>\u2022 OFFERS a generous and creamy foam<\/p>\n<p>\u00a0<\/p>\n<\/div>\n<\/div>\n<div class=\"block-content has-heading\"><\/div>\n<div class=\"categories-row\">\n<div class=\"category-content\"><\/div>\n<\/div>","protected":false},"excerpt":{"rendered":"<p>Ducray Kertyol PSO Gel Quotidien adapt\u00e9 pour les peaux \u00e0 tendance psoriasique. Le gel nettoyant KERTYOL PSO est un soin d\u2019hygi\u00e8ne sp\u00e9cialement con\u00e7u et adapt\u00e9 pour les peaux \u00e0 tendance psoriasique.Sa formule contient des actifs spe\u0301cifiques adapt\u00e9s aux peaux a\u0300 tendance psoriasique, dont le CE\u0301LASTROL.Cet apaisant re\u0301volutionnaire agit directement sur les ke\u0301ratinocytes (cellules de la [&hellip;]<\/p>\n","protected":false},"featured_media":17511,"template":"","meta":{"om_disable_all_campaigns":false},"product_brand":[],"product_cat":[15],"product_tag":[],"class_list":{"0":"post-17520","1":"product","2":"type-product","3":"status-publish","4":"has-post-thumbnail","6":"product_cat-beaute-sante-complements-alimentaires-soins-et-bien-etre-au-meilleur-prix","8":"first","9":"instock","10":"sale","11":"taxable","12":"shipping-taxable","13":"purchasable","14":"product-type-simple"},"yoast_head":"<!-- This site is optimized with the Yoast SEO plugin v27.3 - https:\/\/yoast.com\/product\/yoast-seo-wordpress\/ -->\n<title>Ducray Kertyol PSO Gel Quotidien 400ml - Maroc Prix<\/title>\n<meta name=\"description\" content=\"Ducray Kertyol PSO Gel Quotidien 400ml\" \/>\n<meta name=\"robots\" content=\"index, follow, max-snippet:-1, max-image-preview:large, max-video-preview:-1\" \/>\n<link rel=\"canonical\" href=\"https:\/\/vitablanca.ma\/en\/product\/ducray-kertyol-pso-gel-quotidien-400ml\/\" \/>\n<meta property=\"og:locale\" content=\"en_US\" \/>\n<meta property=\"og:type\" content=\"article\" \/>\n<meta property=\"og:title\" content=\"Ducray Kertyol PSO Gel Quotidien 400ml - Maroc Prix\" \/>\n<meta property=\"og:description\" content=\"Ducray Kertyol PSO Gel Quotidien 400ml\" \/>\n<meta property=\"og:url\" content=\"https:\/\/vitablanca.ma\/en\/product\/ducray-kertyol-pso-gel-quotidien-400ml\/\" \/>\n<meta property=\"og:site_name\" content=\"Vitablanca.ma &ndash; Sant&eacute;, vitalit&eacute; et bien-&ecirc;tre pour tous les Marocains\" \/>\n<meta property=\"article:publisher\" content=\"https:\/\/www.facebook.com\/profile.php?id=61576678196717\" \/>\n<meta property=\"og:image\" content=\"https:\/\/vitablanca.ma\/wp-content\/uploads\/2025\/06\/Ducray-Kertyol-PSO-Gel-Quotidien-400ml-novaparapharmacie-maroc.jpg\" \/>\n\t<meta property=\"og:image:width\" content=\"1000\" \/>\n\t<meta property=\"og:image:height\" content=\"1000\" \/>\n\t<meta property=\"og:image:type\" content=\"image\/jpeg\" \/>\n<meta name=\"twitter:card\" content=\"summary_large_image\" \/>\n<meta name=\"twitter:label1\" content=\"Est. reading time\" \/>\n\t<meta name=\"twitter:data1\" content=\"1 minute\" \/>\n<script type=\"application\/ld+json\" class=\"yoast-schema-graph\">{\"@context\":\"https:\\\/\\\/schema.org\",\"@graph\":[{\"@type\":[\"WebPage\",\"ItemPage\"],\"@id\":\"https:\\\/\\\/vitablanca.ma\\\/produit\\\/ducray-kertyol-pso-gel-quotidien-400ml\\\/\",\"url\":\"https:\\\/\\\/vitablanca.ma\\\/produit\\\/ducray-kertyol-pso-gel-quotidien-400ml\\\/\",\"name\":\"Ducray Kertyol PSO Gel Quotidien 400ml - Maroc Prix\",\"isPartOf\":{\"@id\":\"https:\\\/\\\/vitablanca.ma\\\/#website\"},\"primaryImageOfPage\":{\"@id\":\"https:\\\/\\\/vitablanca.ma\\\/produit\\\/ducray-kertyol-pso-gel-quotidien-400ml\\\/#primaryimage\"},\"image\":{\"@id\":\"https:\\\/\\\/vitablanca.ma\\\/produit\\\/ducray-kertyol-pso-gel-quotidien-400ml\\\/#primaryimage\"},\"thumbnailUrl\":\"https:\\\/\\\/vitablanca.ma\\\/wp-content\\\/uploads\\\/2025\\\/06\\\/Ducray-Kertyol-PSO-Gel-Quotidien-400ml-novaparapharmacie-maroc.jpg\",\"datePublished\":\"2025-06-10T17:02:43+00:00\",\"description\":\"Ducray Kertyol PSO Gel Quotidien 400ml\",\"breadcrumb\":{\"@id\":\"https:\\\/\\\/vitablanca.ma\\\/produit\\\/ducray-kertyol-pso-gel-quotidien-400ml\\\/#breadcrumb\"},\"inLanguage\":\"en-US\",\"potentialAction\":[{\"@type\":\"ReadAction\",\"target\":[\"https:\\\/\\\/vitablanca.ma\\\/produit\\\/ducray-kertyol-pso-gel-quotidien-400ml\\\/\"]}]},{\"@type\":\"ImageObject\",\"inLanguage\":\"en-US\",\"@id\":\"https:\\\/\\\/vitablanca.ma\\\/produit\\\/ducray-kertyol-pso-gel-quotidien-400ml\\\/#primaryimage\",\"url\":\"https:\\\/\\\/vitablanca.ma\\\/wp-content\\\/uploads\\\/2025\\\/06\\\/Ducray-Kertyol-PSO-Gel-Quotidien-400ml-novaparapharmacie-maroc.jpg\",\"contentUrl\":\"https:\\\/\\\/vitablanca.ma\\\/wp-content\\\/uploads\\\/2025\\\/06\\\/Ducray-Kertyol-PSO-Gel-Quotidien-400ml-novaparapharmacie-maroc.jpg\",\"width\":1000,\"height\":1000},{\"@type\":\"BreadcrumbList\",\"@id\":\"https:\\\/\\\/vitablanca.ma\\\/produit\\\/ducray-kertyol-pso-gel-quotidien-400ml\\\/#breadcrumb\",\"itemListElement\":[{\"@type\":\"ListItem\",\"position\":1,\"name\":\"Home\",\"item\":\"https:\\\/\\\/vitablanca.ma\\\/\"},{\"@type\":\"ListItem\",\"position\":2,\"name\":\"Tous Les Produits\",\"item\":\"https:\\\/\\\/vitablanca.ma\\\/tous-les-produits\\\/\"},{\"@type\":\"ListItem\",\"position\":3,\"name\":\"Ducray Kertyol PSO Gel Quotidien 400ml\"}]},{\"@type\":\"WebSite\",\"@id\":\"https:\\\/\\\/vitablanca.ma\\\/#website\",\"url\":\"https:\\\/\\\/vitablanca.ma\\\/\",\"name\":\"VitaBlanca.ma | Compl\u00e9ments alimentaires, sant\u00e9 & beaut\u00e9 au Maroc\",\"description\":\"vendre vitamines et compl\u00e9ments premium des USA &amp; Canada, Nouvelle Z\u00e9lande,Maroc (NOW Foods, Solgar, Manuka). Livraison rapide partout au Maroc.\",\"publisher\":{\"@id\":\"https:\\\/\\\/vitablanca.ma\\\/#organization\"},\"alternateName\":\"VitaBlanca.ma\",\"potentialAction\":[{\"@type\":\"SearchAction\",\"target\":{\"@type\":\"EntryPoint\",\"urlTemplate\":\"https:\\\/\\\/vitablanca.ma\\\/?s={search_term_string}\"},\"query-input\":{\"@type\":\"PropertyValueSpecification\",\"valueRequired\":true,\"valueName\":\"search_term_string\"}}],\"inLanguage\":\"en-US\"},{\"@type\":\"Organization\",\"@id\":\"https:\\\/\\\/vitablanca.ma\\\/#organization\",\"name\":\"VitaBlanca\",\"url\":\"https:\\\/\\\/vitablanca.ma\\\/\",\"logo\":{\"@type\":\"ImageObject\",\"inLanguage\":\"en-US\",\"@id\":\"https:\\\/\\\/vitablanca.ma\\\/#\\\/schema\\\/logo\\\/image\\\/\",\"url\":\"https:\\\/\\\/vitablanca.ma\\\/wp-content\\\/uploads\\\/2025\\\/05\\\/cropped-vitablanca.png\",\"contentUrl\":\"https:\\\/\\\/vitablanca.ma\\\/wp-content\\\/uploads\\\/2025\\\/05\\\/cropped-vitablanca.png\",\"width\":360,\"height\":67,\"caption\":\"VitaBlanca\"},\"image\":{\"@id\":\"https:\\\/\\\/vitablanca.ma\\\/#\\\/schema\\\/logo\\\/image\\\/\"},\"sameAs\":[\"https:\\\/\\\/www.facebook.com\\\/profile.php?id=61576678196717\",\"https:\\\/\\\/www.tiktok.com\\\/@vitablanca.ma\",\"https:\\\/\\\/www.instagram.com\\\/vitablanca.ma\\\/\"]}]}<\/script>\n<!-- \/ Yoast SEO plugin. -->","yoast_head_json":{"title":"Ducray Kertyol PSO Daily Gel 400ml - Morocco Price","description":"Ducray Kertyol PSO Daily Gel 400ml","robots":{"index":"index","follow":"follow","max-snippet":"max-snippet:-1","max-image-preview":"max-image-preview:large","max-video-preview":"max-video-preview:-1"},"canonical":"https:\/\/vitablanca.ma\/en\/product\/ducray-kertyol-pso-gel-quotidien-400ml\/","og_locale":"en_US","og_type":"article","og_title":"Ducray Kertyol PSO Gel Quotidien 400ml - Maroc Prix","og_description":"Ducray Kertyol PSO Gel Quotidien 400ml","og_url":"https:\/\/vitablanca.ma\/en\/product\/ducray-kertyol-pso-gel-quotidien-400ml\/","og_site_name":"Vitablanca.ma &ndash; Sant&eacute;, vitalit&eacute; et bien-&ecirc;tre pour tous les Marocains","article_publisher":"https:\/\/www.facebook.com\/profile.php?id=61576678196717","og_image":[{"width":1000,"height":1000,"url":"https:\/\/vitablanca.ma\/wp-content\/uploads\/2025\/06\/Ducray-Kertyol-PSO-Gel-Quotidien-400ml-novaparapharmacie-maroc.jpg","type":"image\/jpeg"}],"twitter_card":"summary_large_image","twitter_misc":{"Est. reading time":"1 minute"},"schema":{"@context":"https:\/\/schema.org","@graph":[{"@type":["WebPage","ItemPage"],"@id":"https:\/\/vitablanca.ma\/produit\/ducray-kertyol-pso-gel-quotidien-400ml\/","url":"https:\/\/vitablanca.ma\/produit\/ducray-kertyol-pso-gel-quotidien-400ml\/","name":"Ducray Kertyol PSO Daily Gel 400ml - Morocco Price","isPartOf":{"@id":"https:\/\/vitablanca.ma\/#website"},"primaryImageOfPage":{"@id":"https:\/\/vitablanca.ma\/produit\/ducray-kertyol-pso-gel-quotidien-400ml\/#primaryimage"},"image":{"@id":"https:\/\/vitablanca.ma\/produit\/ducray-kertyol-pso-gel-quotidien-400ml\/#primaryimage"},"thumbnailUrl":"https:\/\/vitablanca.ma\/wp-content\/uploads\/2025\/06\/Ducray-Kertyol-PSO-Gel-Quotidien-400ml-novaparapharmacie-maroc.jpg","datePublished":"2025-06-10T17:02:43+00:00","description":"Ducray Kertyol PSO Daily Gel 400ml","breadcrumb":{"@id":"https:\/\/vitablanca.ma\/produit\/ducray-kertyol-pso-gel-quotidien-400ml\/#breadcrumb"},"inLanguage":"en-US","potentialAction":[{"@type":"ReadAction","target":["https:\/\/vitablanca.ma\/produit\/ducray-kertyol-pso-gel-quotidien-400ml\/"]}]},{"@type":"ImageObject","inLanguage":"en-US","@id":"https:\/\/vitablanca.ma\/produit\/ducray-kertyol-pso-gel-quotidien-400ml\/#primaryimage","url":"https:\/\/vitablanca.ma\/wp-content\/uploads\/2025\/06\/Ducray-Kertyol-PSO-Gel-Quotidien-400ml-novaparapharmacie-maroc.jpg","contentUrl":"https:\/\/vitablanca.ma\/wp-content\/uploads\/2025\/06\/Ducray-Kertyol-PSO-Gel-Quotidien-400ml-novaparapharmacie-maroc.jpg","width":1000,"height":1000},{"@type":"BreadcrumbList","@id":"https:\/\/vitablanca.ma\/produit\/ducray-kertyol-pso-gel-quotidien-400ml\/#breadcrumb","itemListElement":[{"@type":"ListItem","position":1,"name":"Home","item":"https:\/\/vitablanca.ma\/"},{"@type":"ListItem","position":2,"name":"Tous Les Produits","item":"https:\/\/vitablanca.ma\/tous-les-produits\/"},{"@type":"ListItem","position":3,"name":"Ducray Kertyol PSO Gel Quotidien 400ml"}]},{"@type":"WebSite","@id":"https:\/\/vitablanca.ma\/#website","url":"https:\/\/vitablanca.ma\/","name":"VitaBlanca.ma | Food supplements, health &amp; beauty in Morocco","description":"sell premium vitamins and supplements from USA &amp; Canada, New Zealand, Morocco (NOW Foods, Solgar, Manuka). Fast delivery anywhere in Morocco.","publisher":{"@id":"https:\/\/vitablanca.ma\/#organization"},"alternateName":"VitaBlanca.ma","potentialAction":[{"@type":"SearchAction","target":{"@type":"EntryPoint","urlTemplate":"https:\/\/vitablanca.ma\/?s={search_term_string}"},"query-input":{"@type":"PropertyValueSpecification","valueRequired":true,"valueName":"search_term_string"}}],"inLanguage":"en-US"},{"@type":"Organization","@id":"https:\/\/vitablanca.ma\/#organization","name":"VitaBlanca","url":"https:\/\/vitablanca.ma\/","logo":{"@type":"ImageObject","inLanguage":"en-US","@id":"https:\/\/vitablanca.ma\/#\/schema\/logo\/image\/","url":"https:\/\/vitablanca.ma\/wp-content\/uploads\/2025\/05\/cropped-vitablanca.png","contentUrl":"https:\/\/vitablanca.ma\/wp-content\/uploads\/2025\/05\/cropped-vitablanca.png","width":360,"height":67,"caption":"VitaBlanca"},"image":{"@id":"https:\/\/vitablanca.ma\/#\/schema\/logo\/image\/"},"sameAs":["https:\/\/www.facebook.com\/profile.php?id=61576678196717","https:\/\/www.tiktok.com\/@vitablanca.ma","https:\/\/www.instagram.com\/vitablanca.ma\/"]}]}},"jetpack_sharing_enabled":true,"_links":{"self":[{"href":"https:\/\/vitablanca.ma\/en\/wp-json\/wp\/v2\/product\/17520","targetHints":{"allow":["GET"]}}],"collection":[{"href":"https:\/\/vitablanca.ma\/en\/wp-json\/wp\/v2\/product"}],"about":[{"href":"https:\/\/vitablanca.ma\/en\/wp-json\/wp\/v2\/types\/product"}],"wp:featuredmedia":[{"embeddable":true,"href":"https:\/\/vitablanca.ma\/en\/wp-json\/wp\/v2\/media\/17511"}],"wp:attachment":[{"href":"https:\/\/vitablanca.ma\/en\/wp-json\/wp\/v2\/media?parent=17520"}],"wp:term":[{"taxonomy":"product_brand","embeddable":true,"href":"https:\/\/vitablanca.ma\/en\/wp-json\/wp\/v2\/product_brand?post=17520"},{"taxonomy":"product_cat","embeddable":true,"href":"https:\/\/vitablanca.ma\/en\/wp-json\/wp\/v2\/product_cat?post=17520"},{"taxonomy":"product_tag","embeddable":true,"href":"https:\/\/vitablanca.ma\/en\/wp-json\/wp\/v2\/product_tag?post=17520"}],"curies":[{"name":"wp","href":"https:\/\/api.w.org\/{rel}","templated":true}]}}