{"id":17504,"date":"2025-06-10T17:02:20","date_gmt":"2025-06-10T17:02:20","guid":{"rendered":"https:\/\/vitablanca.ma\/product\/endocare-renewal-retinol-intensive-serum-30ml\/"},"modified":"2025-06-10T17:02:20","modified_gmt":"2025-06-10T17:02:20","slug":"endocare-renewal-retinol-intensive-serum-30ml","status":"publish","type":"product","link":"https:\/\/vitablanca.ma\/en\/product\/endocare-renewal-retinol-intensive-serum-30ml\/","title":{"rendered":"Endocare Renewal Retinol Intensive Serum 30ml"},"content":{"rendered":"<h2 data-mce-fragment=\"1\">Endocare Renewal Retinol Intensive Serum<\/h2>\n<p><span>Anhydrous texture serum formulated with\u00a0<\/span><span>RetinSphere\u00ae technology<\/span><span>\u00a0, contains a high concentration of retinoids in microsponges that provide intensive retexturization and epidermal renewal. Visibly reduces fine lines and wrinkles and evens out texture, improving the appearance and luminosity of the skin.<\/span><\/p>\n<h3><strong>Uses<\/strong><\/h3>\n<div class=\"container\">\n<div class=\"row py-6\">\n<div class=\"col-sm-7\">\n<div class=\"accordion\" id=\"my_accrd\">\n<div class=\"card w-100\">\n<div id=\"my_accrd-c4\" class=\"collapse show\" aria-labelledby=\"my_accrd-h4\" data-parent=\"#my_accrd\">\n<div class=\"card-body py-4\">\n<p><span>Apply in the evening to cleansed facial skin, increasing frequency as tolerated, as directed in the Renewal program or by your skincare professional. Avoid sun exposure or use sunscreen.<\/span><\/p>\n<\/div>\n<\/div>\n<\/div>\n<\/div>\n<\/div>\n<\/div>\n<\/div>\n<p><strong>Special precautions for use:<\/strong><span>\u00a0<\/span>External use. Avoid contact with eyes.<\/p>\n<p><strong>Shelf life:<\/strong><span>\u00a0<\/span>48 months, store below 30\u00b0C.<\/p>\n<p><strong>Validity period after opening the ampoule:<\/strong><span>\u00a0<\/span>1 month.<\/p>\n<p><strong>Patented technology:<span>\u00a0<\/span><\/strong>SCA\u00ae Growth Factor Technology.<\/p>\n<p>Non-comedogenic.<\/p>\n<h3>PROPERTIES<\/h3>\n<p><span>Hyaluronic acid<\/span><br \/><span>Niacinamide<\/span><br \/><span>Moisturizing and restorative ingredients<\/span><\/p>\n<h3>COMPOSITION<\/h3>\n<ul>\n<li>SCA\u00ae Growth Factor Technology<\/li>\n<li>Vitamin C<\/li>\n<li>Proteoglycans<\/li>\n<\/ul>","protected":false},"excerpt":{"rendered":"<p>Endocare Renewal Retinol Intensive Serum S\u00e9rum de texture anhydre formul\u00e9 avec\u00a0la technologie RetinSphere\u00ae\u00a0, contient une concentration \u00e9lev\u00e9e de r\u00e9tino\u00efdes dans des micro\u00e9ponges qui assurent une retexturisation intensive et un renouvellement \u00e9pidermique. R\u00e9duit visiblement les ridules et les rides et unifie la texture, am\u00e9liorant ainsi l&rsquo;apparence et la luminosit\u00e9 de la peau. Utilisations Appliquer le soir [&hellip;]<\/p>\n","protected":false},"featured_media":17503,"template":"","meta":{"om_disable_all_campaigns":false},"product_brand":[],"product_cat":[15],"product_tag":[],"class_list":{"0":"post-17504","1":"product","2":"type-product","3":"status-publish","4":"has-post-thumbnail","6":"product_cat-beaute-sante-complements-alimentaires-soins-et-bien-etre-au-meilleur-prix","8":"first","9":"instock","10":"sale","11":"taxable","12":"shipping-taxable","13":"purchasable","14":"product-type-simple"},"yoast_head":"<!-- This site is optimized with the Yoast SEO plugin v27.3 - https:\/\/yoast.com\/product\/yoast-seo-wordpress\/ -->\n<title>Endocare Renewal Retinol Intensive Serum 30ml - Maroc Prix<\/title>\n<meta name=\"description\" content=\"Endocare Renewal Retinol Intensive Serum 30ml\" \/>\n<meta name=\"robots\" content=\"index, follow, max-snippet:-1, max-image-preview:large, max-video-preview:-1\" \/>\n<link rel=\"canonical\" href=\"https:\/\/vitablanca.ma\/en\/product\/endocare-renewal-retinol-intensive-serum-30ml\/\" \/>\n<meta property=\"og:locale\" content=\"en_US\" \/>\n<meta property=\"og:type\" content=\"article\" \/>\n<meta property=\"og:title\" content=\"Endocare Renewal Retinol Intensive Serum 30ml - Maroc Prix\" \/>\n<meta property=\"og:description\" content=\"Endocare Renewal Retinol Intensive Serum 30ml\" \/>\n<meta property=\"og:url\" content=\"https:\/\/vitablanca.ma\/en\/product\/endocare-renewal-retinol-intensive-serum-30ml\/\" \/>\n<meta property=\"og:site_name\" content=\"Vitablanca.ma &ndash; Sant&eacute;, vitalit&eacute; et bien-&ecirc;tre pour tous les Marocains\" \/>\n<meta property=\"article:publisher\" content=\"https:\/\/www.facebook.com\/profile.php?id=61576678196717\" \/>\n<meta property=\"og:image\" content=\"https:\/\/vitablanca.ma\/wp-content\/uploads\/2025\/06\/Endocare-Renewal-Retinol-Intensive-Serum-30ml-nova-para-Maroc.jpg\" \/>\n\t<meta property=\"og:image:width\" content=\"1000\" \/>\n\t<meta property=\"og:image:height\" content=\"1000\" \/>\n\t<meta property=\"og:image:type\" content=\"image\/jpeg\" \/>\n<meta name=\"twitter:card\" content=\"summary_large_image\" \/>\n<meta name=\"twitter:label1\" content=\"Est. reading time\" \/>\n\t<meta name=\"twitter:data1\" content=\"1 minute\" \/>\n<script type=\"application\/ld+json\" class=\"yoast-schema-graph\">{\"@context\":\"https:\\\/\\\/schema.org\",\"@graph\":[{\"@type\":[\"WebPage\",\"ItemPage\"],\"@id\":\"https:\\\/\\\/vitablanca.ma\\\/produit\\\/endocare-renewal-retinol-intensive-serum-30ml\\\/\",\"url\":\"https:\\\/\\\/vitablanca.ma\\\/produit\\\/endocare-renewal-retinol-intensive-serum-30ml\\\/\",\"name\":\"Endocare Renewal Retinol Intensive Serum 30ml - Maroc Prix\",\"isPartOf\":{\"@id\":\"https:\\\/\\\/vitablanca.ma\\\/#website\"},\"primaryImageOfPage\":{\"@id\":\"https:\\\/\\\/vitablanca.ma\\\/produit\\\/endocare-renewal-retinol-intensive-serum-30ml\\\/#primaryimage\"},\"image\":{\"@id\":\"https:\\\/\\\/vitablanca.ma\\\/produit\\\/endocare-renewal-retinol-intensive-serum-30ml\\\/#primaryimage\"},\"thumbnailUrl\":\"https:\\\/\\\/vitablanca.ma\\\/wp-content\\\/uploads\\\/2025\\\/06\\\/Endocare-Renewal-Retinol-Intensive-Serum-30ml-nova-para-Maroc.jpg\",\"datePublished\":\"2025-06-10T17:02:20+00:00\",\"description\":\"Endocare Renewal Retinol Intensive Serum 30ml\",\"breadcrumb\":{\"@id\":\"https:\\\/\\\/vitablanca.ma\\\/produit\\\/endocare-renewal-retinol-intensive-serum-30ml\\\/#breadcrumb\"},\"inLanguage\":\"en-US\",\"potentialAction\":[{\"@type\":\"ReadAction\",\"target\":[\"https:\\\/\\\/vitablanca.ma\\\/produit\\\/endocare-renewal-retinol-intensive-serum-30ml\\\/\"]}]},{\"@type\":\"ImageObject\",\"inLanguage\":\"en-US\",\"@id\":\"https:\\\/\\\/vitablanca.ma\\\/produit\\\/endocare-renewal-retinol-intensive-serum-30ml\\\/#primaryimage\",\"url\":\"https:\\\/\\\/vitablanca.ma\\\/wp-content\\\/uploads\\\/2025\\\/06\\\/Endocare-Renewal-Retinol-Intensive-Serum-30ml-nova-para-Maroc.jpg\",\"contentUrl\":\"https:\\\/\\\/vitablanca.ma\\\/wp-content\\\/uploads\\\/2025\\\/06\\\/Endocare-Renewal-Retinol-Intensive-Serum-30ml-nova-para-Maroc.jpg\",\"width\":1000,\"height\":1000},{\"@type\":\"BreadcrumbList\",\"@id\":\"https:\\\/\\\/vitablanca.ma\\\/produit\\\/endocare-renewal-retinol-intensive-serum-30ml\\\/#breadcrumb\",\"itemListElement\":[{\"@type\":\"ListItem\",\"position\":1,\"name\":\"Home\",\"item\":\"https:\\\/\\\/vitablanca.ma\\\/\"},{\"@type\":\"ListItem\",\"position\":2,\"name\":\"Tous Les Produits\",\"item\":\"https:\\\/\\\/vitablanca.ma\\\/tous-les-produits\\\/\"},{\"@type\":\"ListItem\",\"position\":3,\"name\":\"Endocare Renewal Retinol Intensive Serum 30ml\"}]},{\"@type\":\"WebSite\",\"@id\":\"https:\\\/\\\/vitablanca.ma\\\/#website\",\"url\":\"https:\\\/\\\/vitablanca.ma\\\/\",\"name\":\"VitaBlanca.ma | Compl\u00e9ments alimentaires, sant\u00e9 & beaut\u00e9 au Maroc\",\"description\":\"vendre vitamines et compl\u00e9ments premium des USA &amp; Canada, Nouvelle Z\u00e9lande,Maroc (NOW Foods, Solgar, Manuka). Livraison rapide partout au Maroc.\",\"publisher\":{\"@id\":\"https:\\\/\\\/vitablanca.ma\\\/#organization\"},\"alternateName\":\"VitaBlanca.ma\",\"potentialAction\":[{\"@type\":\"SearchAction\",\"target\":{\"@type\":\"EntryPoint\",\"urlTemplate\":\"https:\\\/\\\/vitablanca.ma\\\/?s={search_term_string}\"},\"query-input\":{\"@type\":\"PropertyValueSpecification\",\"valueRequired\":true,\"valueName\":\"search_term_string\"}}],\"inLanguage\":\"en-US\"},{\"@type\":\"Organization\",\"@id\":\"https:\\\/\\\/vitablanca.ma\\\/#organization\",\"name\":\"VitaBlanca\",\"url\":\"https:\\\/\\\/vitablanca.ma\\\/\",\"logo\":{\"@type\":\"ImageObject\",\"inLanguage\":\"en-US\",\"@id\":\"https:\\\/\\\/vitablanca.ma\\\/#\\\/schema\\\/logo\\\/image\\\/\",\"url\":\"https:\\\/\\\/vitablanca.ma\\\/wp-content\\\/uploads\\\/2025\\\/05\\\/cropped-vitablanca.png\",\"contentUrl\":\"https:\\\/\\\/vitablanca.ma\\\/wp-content\\\/uploads\\\/2025\\\/05\\\/cropped-vitablanca.png\",\"width\":360,\"height\":67,\"caption\":\"VitaBlanca\"},\"image\":{\"@id\":\"https:\\\/\\\/vitablanca.ma\\\/#\\\/schema\\\/logo\\\/image\\\/\"},\"sameAs\":[\"https:\\\/\\\/www.facebook.com\\\/profile.php?id=61576678196717\",\"https:\\\/\\\/www.tiktok.com\\\/@vitablanca.ma\",\"https:\\\/\\\/www.instagram.com\\\/vitablanca.ma\\\/\"]}]}<\/script>\n<!-- \/ Yoast SEO plugin. -->","yoast_head_json":{"title":"Endocare Renewal Retinol Intensive Serum 30ml - Morocco Price","description":"Endocare Renewal Retinol Intensive Serum 30ml","robots":{"index":"index","follow":"follow","max-snippet":"max-snippet:-1","max-image-preview":"max-image-preview:large","max-video-preview":"max-video-preview:-1"},"canonical":"https:\/\/vitablanca.ma\/en\/product\/endocare-renewal-retinol-intensive-serum-30ml\/","og_locale":"en_US","og_type":"article","og_title":"Endocare Renewal Retinol Intensive Serum 30ml - Maroc Prix","og_description":"Endocare Renewal Retinol Intensive Serum 30ml","og_url":"https:\/\/vitablanca.ma\/en\/product\/endocare-renewal-retinol-intensive-serum-30ml\/","og_site_name":"Vitablanca.ma &ndash; Sant&eacute;, vitalit&eacute; et bien-&ecirc;tre pour tous les Marocains","article_publisher":"https:\/\/www.facebook.com\/profile.php?id=61576678196717","og_image":[{"width":1000,"height":1000,"url":"https:\/\/vitablanca.ma\/wp-content\/uploads\/2025\/06\/Endocare-Renewal-Retinol-Intensive-Serum-30ml-nova-para-Maroc.jpg","type":"image\/jpeg"}],"twitter_card":"summary_large_image","twitter_misc":{"Est. reading time":"1 minute"},"schema":{"@context":"https:\/\/schema.org","@graph":[{"@type":["WebPage","ItemPage"],"@id":"https:\/\/vitablanca.ma\/produit\/endocare-renewal-retinol-intensive-serum-30ml\/","url":"https:\/\/vitablanca.ma\/produit\/endocare-renewal-retinol-intensive-serum-30ml\/","name":"Endocare Renewal Retinol Intensive Serum 30ml - Morocco Price","isPartOf":{"@id":"https:\/\/vitablanca.ma\/#website"},"primaryImageOfPage":{"@id":"https:\/\/vitablanca.ma\/produit\/endocare-renewal-retinol-intensive-serum-30ml\/#primaryimage"},"image":{"@id":"https:\/\/vitablanca.ma\/produit\/endocare-renewal-retinol-intensive-serum-30ml\/#primaryimage"},"thumbnailUrl":"https:\/\/vitablanca.ma\/wp-content\/uploads\/2025\/06\/Endocare-Renewal-Retinol-Intensive-Serum-30ml-nova-para-Maroc.jpg","datePublished":"2025-06-10T17:02:20+00:00","description":"Endocare Renewal Retinol Intensive Serum 30ml","breadcrumb":{"@id":"https:\/\/vitablanca.ma\/produit\/endocare-renewal-retinol-intensive-serum-30ml\/#breadcrumb"},"inLanguage":"en-US","potentialAction":[{"@type":"ReadAction","target":["https:\/\/vitablanca.ma\/produit\/endocare-renewal-retinol-intensive-serum-30ml\/"]}]},{"@type":"ImageObject","inLanguage":"en-US","@id":"https:\/\/vitablanca.ma\/produit\/endocare-renewal-retinol-intensive-serum-30ml\/#primaryimage","url":"https:\/\/vitablanca.ma\/wp-content\/uploads\/2025\/06\/Endocare-Renewal-Retinol-Intensive-Serum-30ml-nova-para-Maroc.jpg","contentUrl":"https:\/\/vitablanca.ma\/wp-content\/uploads\/2025\/06\/Endocare-Renewal-Retinol-Intensive-Serum-30ml-nova-para-Maroc.jpg","width":1000,"height":1000},{"@type":"BreadcrumbList","@id":"https:\/\/vitablanca.ma\/produit\/endocare-renewal-retinol-intensive-serum-30ml\/#breadcrumb","itemListElement":[{"@type":"ListItem","position":1,"name":"Home","item":"https:\/\/vitablanca.ma\/"},{"@type":"ListItem","position":2,"name":"Tous Les Produits","item":"https:\/\/vitablanca.ma\/tous-les-produits\/"},{"@type":"ListItem","position":3,"name":"Endocare Renewal Retinol Intensive Serum 30ml"}]},{"@type":"WebSite","@id":"https:\/\/vitablanca.ma\/#website","url":"https:\/\/vitablanca.ma\/","name":"VitaBlanca.ma | Food supplements, health &amp; beauty in Morocco","description":"sell premium vitamins and supplements from USA &amp; Canada, New Zealand, Morocco (NOW Foods, Solgar, Manuka). Fast delivery anywhere in Morocco.","publisher":{"@id":"https:\/\/vitablanca.ma\/#organization"},"alternateName":"VitaBlanca.ma","potentialAction":[{"@type":"SearchAction","target":{"@type":"EntryPoint","urlTemplate":"https:\/\/vitablanca.ma\/?s={search_term_string}"},"query-input":{"@type":"PropertyValueSpecification","valueRequired":true,"valueName":"search_term_string"}}],"inLanguage":"en-US"},{"@type":"Organization","@id":"https:\/\/vitablanca.ma\/#organization","name":"VitaBlanca","url":"https:\/\/vitablanca.ma\/","logo":{"@type":"ImageObject","inLanguage":"en-US","@id":"https:\/\/vitablanca.ma\/#\/schema\/logo\/image\/","url":"https:\/\/vitablanca.ma\/wp-content\/uploads\/2025\/05\/cropped-vitablanca.png","contentUrl":"https:\/\/vitablanca.ma\/wp-content\/uploads\/2025\/05\/cropped-vitablanca.png","width":360,"height":67,"caption":"VitaBlanca"},"image":{"@id":"https:\/\/vitablanca.ma\/#\/schema\/logo\/image\/"},"sameAs":["https:\/\/www.facebook.com\/profile.php?id=61576678196717","https:\/\/www.tiktok.com\/@vitablanca.ma","https:\/\/www.instagram.com\/vitablanca.ma\/"]}]}},"jetpack_sharing_enabled":true,"_links":{"self":[{"href":"https:\/\/vitablanca.ma\/en\/wp-json\/wp\/v2\/product\/17504","targetHints":{"allow":["GET"]}}],"collection":[{"href":"https:\/\/vitablanca.ma\/en\/wp-json\/wp\/v2\/product"}],"about":[{"href":"https:\/\/vitablanca.ma\/en\/wp-json\/wp\/v2\/types\/product"}],"wp:featuredmedia":[{"embeddable":true,"href":"https:\/\/vitablanca.ma\/en\/wp-json\/wp\/v2\/media\/17503"}],"wp:attachment":[{"href":"https:\/\/vitablanca.ma\/en\/wp-json\/wp\/v2\/media?parent=17504"}],"wp:term":[{"taxonomy":"product_brand","embeddable":true,"href":"https:\/\/vitablanca.ma\/en\/wp-json\/wp\/v2\/product_brand?post=17504"},{"taxonomy":"product_cat","embeddable":true,"href":"https:\/\/vitablanca.ma\/en\/wp-json\/wp\/v2\/product_cat?post=17504"},{"taxonomy":"product_tag","embeddable":true,"href":"https:\/\/vitablanca.ma\/en\/wp-json\/wp\/v2\/product_tag?post=17504"}],"curies":[{"name":"wp","href":"https:\/\/api.w.org\/{rel}","templated":true}]}}