{"id":17501,"date":"2025-06-10T17:02:16","date_gmt":"2025-06-10T17:02:16","guid":{"rendered":"https:\/\/vitablanca.ma\/product\/ducray-ictyane-hydra-creme-legere-visage-40ml\/"},"modified":"2025-06-10T17:02:16","modified_gmt":"2025-06-10T17:02:16","slug":"ducray-ictyane-hydra-creme-legere-visage-40ml","status":"publish","type":"product","link":"https:\/\/vitablanca.ma\/en\/product\/ducray-ictyane-hydra-creme-legere-visage-40ml\/","title":{"rendered":"Ducray ICTYANE HYDRA Light Face Cream 40ml"},"content":{"rendered":"<h2>Ducray ICTYANE HYDRA Light Face Cream.<\/h2>\n<div class=\"field-title\"><span class=\"field-content\">Daily moisturizing facial treatment for normal to dry skin.<\/span><\/div>\n<div class=\"product-categories\">\n<div class=\"categories-table\">\n<div class=\"categories-row\">\n<div class=\"category-content\">Dry skin.<\/div>\n<\/div>\n<div class=\"categories-row\">\n<div class=\"category-content\">Normal to dry skin.<br \/>40ml.<\/div>\n<div class=\"category-content\"><\/div>\n<div class=\"category-content\">\n<span>ICTYANE HYDRA light cream\u00a0<\/span><strong>reinvents<\/strong><span>\u00a0<\/span><strong>hydration<\/strong><span>\u00a0normal to dry skin on a daily basis.<\/span>\n<\/div>\n<div class=\"category-content\"><\/div>\n<div class=\"category-content\">\n<div class=\"wrapper_product-collapsible-sections_item_title ellipse-down ellipse-base el-width-150 el-center\">\n<h3 data-dc-js-cs-role=\"label\" class=\"product-collapsible-sections_item_title\">BENEFITS<\/h3>\n<\/div>\n<div data-dc-js-cs-role=\"content\" class=\"product-collapsible-sections_item_content\">\n<div class=\"field-collection-container clearfix\">\n<div class=\"field-collection-view clearfix view-mode-full\">\n<div class=\"product-benefit_item\">\n<p class=\"product-benefit_item_title contextual-color\"><strong>DAILY HYDRATION FOR NORMAL TO DRY SKIN<\/strong><br \/>Contains an Acefylline + Abyssinian Oil complex which re-teaches the skin to nourish and hydrate itself<\/p>\n<p><strong>LONG-LASTING HYDRATION<\/strong><br \/>The skin is significantly hydrated all day long<\/p>\n<p><strong>LIGHT, FRESH AND MELTING EMULSION TEXTURE<\/strong><br \/>Its light, fresh and melting emulsion texture penetrates quickly to leave the skin soft and supple.<\/p>\n<h4 class=\"product-collapsible-sections_item_subtitle contextual-color\">ABOUT DRY SKIN<\/h4>\n<div id=\"rmjs-1\" aria-expanded=\"true\" data-readmore=\"\" class=\"product-collapsible-sections_item_subcontent readmore-add-processed\">All skin types, whether dry or oily, need hydration. They become dehydrated on a daily basis, particularly under the influence of various environmental factors (heat, wind, cold, use of harsh cosmetics, etc.). Water is indeed an essential element for the skin. It contributes to its elasticity, slows down skin aging, and improves its luminosity. Hydrated skin is more resistant to external environmental aggressions. Daily hydration of facial skin is therefore essential.<\/div>\n<div aria-expanded=\"true\" data-readmore=\"\" class=\"product-collapsible-sections_item_subcontent readmore-add-processed\"><\/div>\n<h3 aria-expanded=\"true\" class=\"product-collapsible-sections_item_subcontent readmore-add-processed\"><span>APPLICATION TIPS<\/span><\/h3>\n<p><span>Apply morning and\/or evening to the face and neck.<\/span><\/p>\n<h3><span>PRECAUTIONS FOR USE<\/span><\/h3>\n<p><span>Avoid contact with eyes.<\/span><\/p>\n<\/div>\n<\/div>\n<\/div>\n<\/div>\n<\/div>\n<\/div>\n<\/div>\n<\/div>","protected":false},"excerpt":{"rendered":"<p>Ducray ICTYANE HYDRA Cr\u00e8me L\u00e9g\u00e8re Visage. Soin visage hydratant quotidien des peaux normales \u00e0 s\u00e8ches. S\u00e9cheresse cutan\u00e9e. Peaux normales \u00e0 s\u00e8ches.40ml. La cr\u00e8me l\u00e9g\u00e8re ICTYANE HYDRA\u00a0r\u00e9invente\u00a0l&rsquo;hydratation\u00a0des peaux normales \u00e0 s\u00e8ches au quotidien. B\u00c9N\u00c9FICES HYDRATATION QUOTIDIENNE POUR LES PEAUX NORMALES \u00c0 S\u00c8CHESContient un complexe Ac\u00e9fylline + Huile d&rsquo;Abyssinie qui r\u00e9apprend \u00e0 la peau \u00e0 se nourrir [&hellip;]<\/p>\n","protected":false},"featured_media":17492,"template":"","meta":{"om_disable_all_campaigns":false},"product_brand":[],"product_cat":[15],"product_tag":[],"class_list":{"0":"post-17501","1":"product","2":"type-product","3":"status-publish","4":"has-post-thumbnail","6":"product_cat-beaute-sante-complements-alimentaires-soins-et-bien-etre-au-meilleur-prix","8":"first","9":"instock","10":"sale","11":"taxable","12":"shipping-taxable","13":"purchasable","14":"product-type-simple"},"yoast_head":"<!-- This site is optimized with the Yoast SEO plugin v27.3 - https:\/\/yoast.com\/product\/yoast-seo-wordpress\/ -->\n<title>Ducray ICTYANE HYDRA Cr\u00e8me L\u00e9g\u00e8re Visage 40ml - Maroc Prix<\/title>\n<meta name=\"description\" content=\"Ducray ICTYANE HYDRA Cr\u00e8me L\u00e9g\u00e8re Visage 40ml\" \/>\n<meta name=\"robots\" content=\"index, follow, max-snippet:-1, max-image-preview:large, max-video-preview:-1\" \/>\n<link rel=\"canonical\" href=\"https:\/\/vitablanca.ma\/en\/product\/ducray-ictyane-hydra-creme-legere-visage-40ml\/\" \/>\n<meta property=\"og:locale\" content=\"en_US\" \/>\n<meta property=\"og:type\" content=\"article\" \/>\n<meta property=\"og:title\" content=\"Ducray ICTYANE HYDRA Cr\u00e8me L\u00e9g\u00e8re Visage 40ml - Maroc Prix\" \/>\n<meta property=\"og:description\" content=\"Ducray ICTYANE HYDRA Cr\u00e8me L\u00e9g\u00e8re Visage 40ml\" \/>\n<meta property=\"og:url\" content=\"https:\/\/vitablanca.ma\/en\/product\/ducray-ictyane-hydra-creme-legere-visage-40ml\/\" \/>\n<meta property=\"og:site_name\" content=\"Vitablanca.ma &ndash; Sant&eacute;, vitalit&eacute; et bien-&ecirc;tre pour tous les Marocains\" \/>\n<meta property=\"article:publisher\" content=\"https:\/\/www.facebook.com\/profile.php?id=61576678196717\" \/>\n<meta property=\"og:image\" content=\"https:\/\/vitablanca.ma\/wp-content\/uploads\/2025\/06\/Ducray-ICTYANE-HYDRA-Creme-Legere-Visage-40ml-nova-parapharmacie-casablanca.jpg\" \/>\n\t<meta property=\"og:image:width\" content=\"1000\" \/>\n\t<meta property=\"og:image:height\" content=\"1000\" \/>\n\t<meta property=\"og:image:type\" content=\"image\/jpeg\" \/>\n<meta name=\"twitter:card\" content=\"summary_large_image\" \/>\n<meta name=\"twitter:label1\" content=\"Est. reading time\" \/>\n\t<meta name=\"twitter:data1\" content=\"1 minute\" \/>\n<script type=\"application\/ld+json\" class=\"yoast-schema-graph\">{\"@context\":\"https:\\\/\\\/schema.org\",\"@graph\":[{\"@type\":[\"WebPage\",\"ItemPage\"],\"@id\":\"https:\\\/\\\/vitablanca.ma\\\/produit\\\/ducray-ictyane-hydra-creme-legere-visage-40ml\\\/\",\"url\":\"https:\\\/\\\/vitablanca.ma\\\/produit\\\/ducray-ictyane-hydra-creme-legere-visage-40ml\\\/\",\"name\":\"Ducray ICTYANE HYDRA Cr\u00e8me L\u00e9g\u00e8re Visage 40ml - Maroc Prix\",\"isPartOf\":{\"@id\":\"https:\\\/\\\/vitablanca.ma\\\/#website\"},\"primaryImageOfPage\":{\"@id\":\"https:\\\/\\\/vitablanca.ma\\\/produit\\\/ducray-ictyane-hydra-creme-legere-visage-40ml\\\/#primaryimage\"},\"image\":{\"@id\":\"https:\\\/\\\/vitablanca.ma\\\/produit\\\/ducray-ictyane-hydra-creme-legere-visage-40ml\\\/#primaryimage\"},\"thumbnailUrl\":\"https:\\\/\\\/vitablanca.ma\\\/wp-content\\\/uploads\\\/2025\\\/06\\\/Ducray-ICTYANE-HYDRA-Creme-Legere-Visage-40ml-nova-parapharmacie-casablanca.jpg\",\"datePublished\":\"2025-06-10T17:02:16+00:00\",\"description\":\"Ducray ICTYANE HYDRA Cr\u00e8me L\u00e9g\u00e8re Visage 40ml\",\"breadcrumb\":{\"@id\":\"https:\\\/\\\/vitablanca.ma\\\/produit\\\/ducray-ictyane-hydra-creme-legere-visage-40ml\\\/#breadcrumb\"},\"inLanguage\":\"en-US\",\"potentialAction\":[{\"@type\":\"ReadAction\",\"target\":[\"https:\\\/\\\/vitablanca.ma\\\/produit\\\/ducray-ictyane-hydra-creme-legere-visage-40ml\\\/\"]}]},{\"@type\":\"ImageObject\",\"inLanguage\":\"en-US\",\"@id\":\"https:\\\/\\\/vitablanca.ma\\\/produit\\\/ducray-ictyane-hydra-creme-legere-visage-40ml\\\/#primaryimage\",\"url\":\"https:\\\/\\\/vitablanca.ma\\\/wp-content\\\/uploads\\\/2025\\\/06\\\/Ducray-ICTYANE-HYDRA-Creme-Legere-Visage-40ml-nova-parapharmacie-casablanca.jpg\",\"contentUrl\":\"https:\\\/\\\/vitablanca.ma\\\/wp-content\\\/uploads\\\/2025\\\/06\\\/Ducray-ICTYANE-HYDRA-Creme-Legere-Visage-40ml-nova-parapharmacie-casablanca.jpg\",\"width\":1000,\"height\":1000},{\"@type\":\"BreadcrumbList\",\"@id\":\"https:\\\/\\\/vitablanca.ma\\\/produit\\\/ducray-ictyane-hydra-creme-legere-visage-40ml\\\/#breadcrumb\",\"itemListElement\":[{\"@type\":\"ListItem\",\"position\":1,\"name\":\"Home\",\"item\":\"https:\\\/\\\/vitablanca.ma\\\/\"},{\"@type\":\"ListItem\",\"position\":2,\"name\":\"Tous Les Produits\",\"item\":\"https:\\\/\\\/vitablanca.ma\\\/tous-les-produits\\\/\"},{\"@type\":\"ListItem\",\"position\":3,\"name\":\"Ducray ICTYANE HYDRA Cr\u00e8me L\u00e9g\u00e8re Visage 40ml\"}]},{\"@type\":\"WebSite\",\"@id\":\"https:\\\/\\\/vitablanca.ma\\\/#website\",\"url\":\"https:\\\/\\\/vitablanca.ma\\\/\",\"name\":\"VitaBlanca.ma | Compl\u00e9ments alimentaires, sant\u00e9 & beaut\u00e9 au Maroc\",\"description\":\"vendre vitamines et compl\u00e9ments premium des USA &amp; Canada, Nouvelle Z\u00e9lande,Maroc (NOW Foods, Solgar, Manuka). Livraison rapide partout au Maroc.\",\"publisher\":{\"@id\":\"https:\\\/\\\/vitablanca.ma\\\/#organization\"},\"alternateName\":\"VitaBlanca.ma\",\"potentialAction\":[{\"@type\":\"SearchAction\",\"target\":{\"@type\":\"EntryPoint\",\"urlTemplate\":\"https:\\\/\\\/vitablanca.ma\\\/?s={search_term_string}\"},\"query-input\":{\"@type\":\"PropertyValueSpecification\",\"valueRequired\":true,\"valueName\":\"search_term_string\"}}],\"inLanguage\":\"en-US\"},{\"@type\":\"Organization\",\"@id\":\"https:\\\/\\\/vitablanca.ma\\\/#organization\",\"name\":\"VitaBlanca\",\"url\":\"https:\\\/\\\/vitablanca.ma\\\/\",\"logo\":{\"@type\":\"ImageObject\",\"inLanguage\":\"en-US\",\"@id\":\"https:\\\/\\\/vitablanca.ma\\\/#\\\/schema\\\/logo\\\/image\\\/\",\"url\":\"https:\\\/\\\/vitablanca.ma\\\/wp-content\\\/uploads\\\/2025\\\/05\\\/cropped-vitablanca.png\",\"contentUrl\":\"https:\\\/\\\/vitablanca.ma\\\/wp-content\\\/uploads\\\/2025\\\/05\\\/cropped-vitablanca.png\",\"width\":360,\"height\":67,\"caption\":\"VitaBlanca\"},\"image\":{\"@id\":\"https:\\\/\\\/vitablanca.ma\\\/#\\\/schema\\\/logo\\\/image\\\/\"},\"sameAs\":[\"https:\\\/\\\/www.facebook.com\\\/profile.php?id=61576678196717\",\"https:\\\/\\\/www.tiktok.com\\\/@vitablanca.ma\",\"https:\\\/\\\/www.instagram.com\\\/vitablanca.ma\\\/\"]}]}<\/script>\n<!-- \/ Yoast SEO plugin. -->","yoast_head_json":{"title":"Ducray ICTYANE HYDRA Light Face Cream 40ml - Morocco Price","description":"Ducray ICTYANE HYDRA Light Face Cream 40ml","robots":{"index":"index","follow":"follow","max-snippet":"max-snippet:-1","max-image-preview":"max-image-preview:large","max-video-preview":"max-video-preview:-1"},"canonical":"https:\/\/vitablanca.ma\/en\/product\/ducray-ictyane-hydra-creme-legere-visage-40ml\/","og_locale":"en_US","og_type":"article","og_title":"Ducray ICTYANE HYDRA Cr\u00e8me L\u00e9g\u00e8re Visage 40ml - Maroc Prix","og_description":"Ducray ICTYANE HYDRA Cr\u00e8me L\u00e9g\u00e8re Visage 40ml","og_url":"https:\/\/vitablanca.ma\/en\/product\/ducray-ictyane-hydra-creme-legere-visage-40ml\/","og_site_name":"Vitablanca.ma &ndash; Sant&eacute;, vitalit&eacute; et bien-&ecirc;tre pour tous les Marocains","article_publisher":"https:\/\/www.facebook.com\/profile.php?id=61576678196717","og_image":[{"width":1000,"height":1000,"url":"https:\/\/vitablanca.ma\/wp-content\/uploads\/2025\/06\/Ducray-ICTYANE-HYDRA-Creme-Legere-Visage-40ml-nova-parapharmacie-casablanca.jpg","type":"image\/jpeg"}],"twitter_card":"summary_large_image","twitter_misc":{"Est. reading time":"1 minute"},"schema":{"@context":"https:\/\/schema.org","@graph":[{"@type":["WebPage","ItemPage"],"@id":"https:\/\/vitablanca.ma\/produit\/ducray-ictyane-hydra-creme-legere-visage-40ml\/","url":"https:\/\/vitablanca.ma\/produit\/ducray-ictyane-hydra-creme-legere-visage-40ml\/","name":"Ducray ICTYANE HYDRA Light Face Cream 40ml - Morocco Price","isPartOf":{"@id":"https:\/\/vitablanca.ma\/#website"},"primaryImageOfPage":{"@id":"https:\/\/vitablanca.ma\/produit\/ducray-ictyane-hydra-creme-legere-visage-40ml\/#primaryimage"},"image":{"@id":"https:\/\/vitablanca.ma\/produit\/ducray-ictyane-hydra-creme-legere-visage-40ml\/#primaryimage"},"thumbnailUrl":"https:\/\/vitablanca.ma\/wp-content\/uploads\/2025\/06\/Ducray-ICTYANE-HYDRA-Creme-Legere-Visage-40ml-nova-parapharmacie-casablanca.jpg","datePublished":"2025-06-10T17:02:16+00:00","description":"Ducray ICTYANE HYDRA Light Face Cream 40ml","breadcrumb":{"@id":"https:\/\/vitablanca.ma\/produit\/ducray-ictyane-hydra-creme-legere-visage-40ml\/#breadcrumb"},"inLanguage":"en-US","potentialAction":[{"@type":"ReadAction","target":["https:\/\/vitablanca.ma\/produit\/ducray-ictyane-hydra-creme-legere-visage-40ml\/"]}]},{"@type":"ImageObject","inLanguage":"en-US","@id":"https:\/\/vitablanca.ma\/produit\/ducray-ictyane-hydra-creme-legere-visage-40ml\/#primaryimage","url":"https:\/\/vitablanca.ma\/wp-content\/uploads\/2025\/06\/Ducray-ICTYANE-HYDRA-Creme-Legere-Visage-40ml-nova-parapharmacie-casablanca.jpg","contentUrl":"https:\/\/vitablanca.ma\/wp-content\/uploads\/2025\/06\/Ducray-ICTYANE-HYDRA-Creme-Legere-Visage-40ml-nova-parapharmacie-casablanca.jpg","width":1000,"height":1000},{"@type":"BreadcrumbList","@id":"https:\/\/vitablanca.ma\/produit\/ducray-ictyane-hydra-creme-legere-visage-40ml\/#breadcrumb","itemListElement":[{"@type":"ListItem","position":1,"name":"Home","item":"https:\/\/vitablanca.ma\/"},{"@type":"ListItem","position":2,"name":"Tous Les Produits","item":"https:\/\/vitablanca.ma\/tous-les-produits\/"},{"@type":"ListItem","position":3,"name":"Ducray ICTYANE HYDRA Cr\u00e8me L\u00e9g\u00e8re Visage 40ml"}]},{"@type":"WebSite","@id":"https:\/\/vitablanca.ma\/#website","url":"https:\/\/vitablanca.ma\/","name":"VitaBlanca.ma | Food supplements, health &amp; beauty in Morocco","description":"sell premium vitamins and supplements from USA &amp; Canada, New Zealand, Morocco (NOW Foods, Solgar, Manuka). Fast delivery anywhere in Morocco.","publisher":{"@id":"https:\/\/vitablanca.ma\/#organization"},"alternateName":"VitaBlanca.ma","potentialAction":[{"@type":"SearchAction","target":{"@type":"EntryPoint","urlTemplate":"https:\/\/vitablanca.ma\/?s={search_term_string}"},"query-input":{"@type":"PropertyValueSpecification","valueRequired":true,"valueName":"search_term_string"}}],"inLanguage":"en-US"},{"@type":"Organization","@id":"https:\/\/vitablanca.ma\/#organization","name":"VitaBlanca","url":"https:\/\/vitablanca.ma\/","logo":{"@type":"ImageObject","inLanguage":"en-US","@id":"https:\/\/vitablanca.ma\/#\/schema\/logo\/image\/","url":"https:\/\/vitablanca.ma\/wp-content\/uploads\/2025\/05\/cropped-vitablanca.png","contentUrl":"https:\/\/vitablanca.ma\/wp-content\/uploads\/2025\/05\/cropped-vitablanca.png","width":360,"height":67,"caption":"VitaBlanca"},"image":{"@id":"https:\/\/vitablanca.ma\/#\/schema\/logo\/image\/"},"sameAs":["https:\/\/www.facebook.com\/profile.php?id=61576678196717","https:\/\/www.tiktok.com\/@vitablanca.ma","https:\/\/www.instagram.com\/vitablanca.ma\/"]}]}},"jetpack_sharing_enabled":true,"_links":{"self":[{"href":"https:\/\/vitablanca.ma\/en\/wp-json\/wp\/v2\/product\/17501","targetHints":{"allow":["GET"]}}],"collection":[{"href":"https:\/\/vitablanca.ma\/en\/wp-json\/wp\/v2\/product"}],"about":[{"href":"https:\/\/vitablanca.ma\/en\/wp-json\/wp\/v2\/types\/product"}],"wp:featuredmedia":[{"embeddable":true,"href":"https:\/\/vitablanca.ma\/en\/wp-json\/wp\/v2\/media\/17492"}],"wp:attachment":[{"href":"https:\/\/vitablanca.ma\/en\/wp-json\/wp\/v2\/media?parent=17501"}],"wp:term":[{"taxonomy":"product_brand","embeddable":true,"href":"https:\/\/vitablanca.ma\/en\/wp-json\/wp\/v2\/product_brand?post=17501"},{"taxonomy":"product_cat","embeddable":true,"href":"https:\/\/vitablanca.ma\/en\/wp-json\/wp\/v2\/product_cat?post=17501"},{"taxonomy":"product_tag","embeddable":true,"href":"https:\/\/vitablanca.ma\/en\/wp-json\/wp\/v2\/product_tag?post=17501"}],"curies":[{"name":"wp","href":"https:\/\/api.w.org\/{rel}","templated":true}]}}