{"id":17472,"date":"2025-06-10T17:01:49","date_gmt":"2025-06-10T17:01:49","guid":{"rendered":"https:\/\/vitablanca.ma\/product\/ducray-squanorm-shampooing-traitant-antipelliculaire-pellicules-grasses-200ml\/"},"modified":"2025-12-31T19:48:51","modified_gmt":"2025-12-31T19:48:51","slug":"ducray-squanorm-shampooing-traitant-antipelliculaire-pellicules-grasses-200ml","status":"publish","type":"product","link":"https:\/\/vitablanca.ma\/en\/product\/ducray-squanorm-shampooing-traitant-antipelliculaire-pellicules-grasses-200ml\/","title":{"rendered":"Ducray SQUANORM Anti-Dandruff Treatment Shampoo \u2013 Oily Dandruff 200ml"},"content":{"rendered":"<h2>Ducray SQUANORM Shampooing Traitant Antipelliculaire \u2013 Pellicules grasses.<\/h2>\n<div class=\"field-title\">\n<p>Permanently eliminates sticky oily dandruff and normalizes excessive sebum secretion.<br \/>\nSpecific needs.<br \/>\nAdherent films.<br \/>\n200ml.<\/p>\n<p>To eliminate yellowish and oily dandruff that sticks to the scalp, this shampoo, thanks to its complete formula, helps to loosen adherent dandruff. It permanently eliminates dandruff and normalizes excessive sebum secretion.<br \/>\nIts sanitizing cleansing base gently cleanses the hair and scalp.<\/p>\n<div class=\"wrapper_product-collapsible-sections_item_title ellipse-down ellipse-base el-width-150 el-center\">\n<h3 class=\"product-collapsible-sections_item_title\" data-dc-js-cs-role=\"label\">BENEFITS<\/h3>\n<\/div>\n<div class=\"product-collapsible-sections_item_content\" data-dc-js-cs-role=\"content\">\n<div class=\"field-collection-container clearfix\">\n<div class=\"field-collection-view clearfix view-mode-full\">\n<div class=\"product-benefit_item\">\n<p class=\"product-benefit_item_title contextual-color\"><strong>LONG-LASTINGLY REMOVES DANDRUFF<\/strong><\/p>\n<p><strong>NORMALIZES EXCESSIVE SEBUM SECRETION<\/strong><\/p>\n<p><strong>SOOTHES ITCHING<\/strong><br \/>\nSQUANORM shampoo normalizes excessive sebum secretion.<\/p>\n<h4 class=\"product-collapsible-sections_item_subtitle contextual-color\">ABOUT OILY DANDRUFF<\/h4>\n<div id=\"rmjs-1\" class=\"product-collapsible-sections_item_subcontent readmore-add-processed\" data-readmore=\"\" aria-expanded=\"true\">Stress, pollution, hormonal imbalance, certain drug treatments, and the use of unsuitable hair products can all contribute to the appearance of dandruff.<br \/>\nThese various factors lead to the proliferation of a yeast called Malassezia furfur which creates an imbalance in the scalp and causes irritation and itching.<\/p>\n<p>Thus, two types of dandruff can appear:<\/p>\n<p>Dry dandruff: fine, white or grayish. Not adhering to the scalp, it detaches spontaneously and falls &quot;in powder&quot; onto the shoulders.<br \/>\nOily dandruff: large, yellowish, greasy and thick, adherent because accompanied by hyperseborrhea of the scalp.<\/p><\/div>\n<div class=\"product-collapsible-sections_item_subcontent readmore-add-processed\" data-readmore=\"\" aria-expanded=\"true\"><\/div>\n<h3 class=\"product-collapsible-sections_item_subcontent readmore-add-processed\" aria-expanded=\"true\"><span class=\"title-tips\">CONSEILS D\u2019APPLICATION<\/span><\/h3>\n<ul class=\"content-tips\">\n<li class=\"first leaf\"><span class=\"desc\">Apply to damp scalp. Rinse. Reapply, leaving on for 3 minutes. Rinse thoroughly. Use twice a week for 6 weeks.<\/span><\/li>\n<li class=\"first leaf\"><span class=\"desc\">Produit r\u00e9serv\u00e9 \u00e0 l\u2019adulte et \u00e0 l\u2019adolescent<\/span><\/li>\n<\/ul>\n<\/div>\n<\/div>\n<\/div>\n<\/div>\n<\/div>","protected":false},"excerpt":{"rendered":"<p>Ducray SQUANORM Shampooing Traitant Antipelliculaire \u2013 Pellicules grasses. Elimine durablement les pellicules grasses adh\u00e9rentes et normalise la s\u00e9cr\u00e9tion excessive de s\u00e9bum. Besoins sp\u00e9cifiques. Pellicules adh\u00e9rentes. 200ml. Pour \u00e9liminer les pellicules jaun\u00e2tres et grasses qui collent au cuir chevelu, ce shampooing, gr\u00e2ce \u00e0 sa formule compl\u00e8te, aide \u00e0 d\u00e9coller les pellicules adh\u00e9rentes. Il \u00e9limine durablement les [&hellip;]<\/p>\n","protected":false},"featured_media":17459,"template":"","meta":{"om_disable_all_campaigns":false},"product_brand":[],"product_cat":[15],"product_tag":[],"class_list":{"0":"post-17472","1":"product","2":"type-product","3":"status-publish","4":"has-post-thumbnail","6":"product_cat-beaute-sante-complements-alimentaires-soins-et-bien-etre-au-meilleur-prix","8":"first","9":"instock","10":"sale","11":"taxable","12":"shipping-taxable","13":"purchasable","14":"product-type-simple"},"yoast_head":"<!-- This site is optimized with the Yoast SEO plugin v27.5 - https:\/\/yoast.com\/product\/yoast-seo-wordpress\/ -->\n<title>Ducray SQUANORM Shampooing Traitant Antipelliculaire - Pellicules grasses 200ml - Maroc Prix<\/title>\n<meta name=\"description\" content=\"Ducray SQUANORM Shampooing Traitant Antipelliculaire - Pellicules grasses 200ml\" \/>\n<meta name=\"robots\" content=\"index, follow, max-snippet:-1, max-image-preview:large, max-video-preview:-1\" \/>\n<link rel=\"canonical\" href=\"https:\/\/vitablanca.ma\/en\/product\/ducray-squanorm-shampooing-traitant-antipelliculaire-pellicules-grasses-200ml\/\" \/>\n<meta property=\"og:locale\" content=\"en_US\" \/>\n<meta property=\"og:type\" content=\"article\" \/>\n<meta property=\"og:title\" content=\"Ducray SQUANORM Shampooing Traitant Antipelliculaire - Pellicules grasses 200ml - Maroc Prix\" \/>\n<meta property=\"og:description\" content=\"Ducray SQUANORM Shampooing Traitant Antipelliculaire - Pellicules grasses 200ml\" \/>\n<meta property=\"og:url\" content=\"https:\/\/vitablanca.ma\/en\/product\/ducray-squanorm-shampooing-traitant-antipelliculaire-pellicules-grasses-200ml\/\" \/>\n<meta property=\"og:site_name\" content=\"Vitablanca.ma &ndash; Sant&eacute;, vitalit&eacute; et bien-&ecirc;tre pour tous les Marocains\" \/>\n<meta property=\"article:publisher\" content=\"https:\/\/www.facebook.com\/profile.php?id=61576678196717\" \/>\n<meta property=\"article:modified_time\" content=\"2025-12-31T19:48:51+00:00\" \/>\n<meta property=\"og:image\" content=\"https:\/\/vitablanca.ma\/wp-content\/uploads\/2025\/06\/Ducray-SQUANORM-Shampooing-Traitant-Antipelliculaire-Pellicules-grasses-200ml-nova-parapharmacie-casablanca.jpg\" \/>\n\t<meta property=\"og:image:width\" content=\"1000\" \/>\n\t<meta property=\"og:image:height\" content=\"1000\" \/>\n\t<meta property=\"og:image:type\" content=\"image\/jpeg\" \/>\n<meta name=\"twitter:card\" content=\"summary_large_image\" \/>\n<meta name=\"twitter:label1\" content=\"Est. reading time\" \/>\n\t<meta name=\"twitter:data1\" content=\"2 minutes\" \/>\n<script type=\"application\/ld+json\" class=\"yoast-schema-graph\">{\"@context\":\"https:\\\/\\\/schema.org\",\"@graph\":[{\"@type\":[\"WebPage\",\"ItemPage\"],\"@id\":\"https:\\\/\\\/vitablanca.ma\\\/produit\\\/ducray-squanorm-shampooing-traitant-antipelliculaire-pellicules-grasses-200ml\\\/\",\"url\":\"https:\\\/\\\/vitablanca.ma\\\/produit\\\/ducray-squanorm-shampooing-traitant-antipelliculaire-pellicules-grasses-200ml\\\/\",\"name\":\"Ducray SQUANORM Shampooing Traitant Antipelliculaire - Pellicules grasses 200ml - Maroc Prix\",\"isPartOf\":{\"@id\":\"https:\\\/\\\/vitablanca.ma\\\/#website\"},\"primaryImageOfPage\":{\"@id\":\"https:\\\/\\\/vitablanca.ma\\\/produit\\\/ducray-squanorm-shampooing-traitant-antipelliculaire-pellicules-grasses-200ml\\\/#primaryimage\"},\"image\":{\"@id\":\"https:\\\/\\\/vitablanca.ma\\\/produit\\\/ducray-squanorm-shampooing-traitant-antipelliculaire-pellicules-grasses-200ml\\\/#primaryimage\"},\"thumbnailUrl\":\"https:\\\/\\\/vitablanca.ma\\\/wp-content\\\/uploads\\\/2025\\\/06\\\/Ducray-SQUANORM-Shampooing-Traitant-Antipelliculaire-Pellicules-grasses-200ml-nova-parapharmacie-casablanca.jpg\",\"datePublished\":\"2025-06-10T17:01:49+00:00\",\"dateModified\":\"2025-12-31T19:48:51+00:00\",\"description\":\"Ducray SQUANORM Shampooing Traitant Antipelliculaire - Pellicules grasses 200ml\",\"breadcrumb\":{\"@id\":\"https:\\\/\\\/vitablanca.ma\\\/produit\\\/ducray-squanorm-shampooing-traitant-antipelliculaire-pellicules-grasses-200ml\\\/#breadcrumb\"},\"inLanguage\":\"en-US\",\"potentialAction\":[{\"@type\":\"ReadAction\",\"target\":[\"https:\\\/\\\/vitablanca.ma\\\/produit\\\/ducray-squanorm-shampooing-traitant-antipelliculaire-pellicules-grasses-200ml\\\/\"]}]},{\"@type\":\"ImageObject\",\"inLanguage\":\"en-US\",\"@id\":\"https:\\\/\\\/vitablanca.ma\\\/produit\\\/ducray-squanorm-shampooing-traitant-antipelliculaire-pellicules-grasses-200ml\\\/#primaryimage\",\"url\":\"https:\\\/\\\/vitablanca.ma\\\/wp-content\\\/uploads\\\/2025\\\/06\\\/Ducray-SQUANORM-Shampooing-Traitant-Antipelliculaire-Pellicules-grasses-200ml-nova-parapharmacie-casablanca.jpg\",\"contentUrl\":\"https:\\\/\\\/vitablanca.ma\\\/wp-content\\\/uploads\\\/2025\\\/06\\\/Ducray-SQUANORM-Shampooing-Traitant-Antipelliculaire-Pellicules-grasses-200ml-nova-parapharmacie-casablanca.jpg\",\"width\":1000,\"height\":1000},{\"@type\":\"BreadcrumbList\",\"@id\":\"https:\\\/\\\/vitablanca.ma\\\/produit\\\/ducray-squanorm-shampooing-traitant-antipelliculaire-pellicules-grasses-200ml\\\/#breadcrumb\",\"itemListElement\":[{\"@type\":\"ListItem\",\"position\":1,\"name\":\"Home\",\"item\":\"https:\\\/\\\/vitablanca.ma\\\/\"},{\"@type\":\"ListItem\",\"position\":2,\"name\":\"Tous Les Produits\",\"item\":\"https:\\\/\\\/vitablanca.ma\\\/tous-les-produits\\\/\"},{\"@type\":\"ListItem\",\"position\":3,\"name\":\"Ducray SQUANORM Shampooing Traitant Antipelliculaire &#8211; Pellicules grasses 200ml\"}]},{\"@type\":\"WebSite\",\"@id\":\"https:\\\/\\\/vitablanca.ma\\\/#website\",\"url\":\"https:\\\/\\\/vitablanca.ma\\\/\",\"name\":\"VitaBlanca.ma | Compl\u00e9ments alimentaires, sant\u00e9 & beaut\u00e9 au Maroc\",\"description\":\"vendre vitamines et compl\u00e9ments premium des USA &amp; Canada, Nouvelle Z\u00e9lande,Maroc (NOW Foods, Solgar, Manuka). Livraison rapide partout au Maroc.\",\"publisher\":{\"@id\":\"https:\\\/\\\/vitablanca.ma\\\/#organization\"},\"alternateName\":\"VitaBlanca.ma\",\"potentialAction\":[{\"@type\":\"SearchAction\",\"target\":{\"@type\":\"EntryPoint\",\"urlTemplate\":\"https:\\\/\\\/vitablanca.ma\\\/?s={search_term_string}\"},\"query-input\":{\"@type\":\"PropertyValueSpecification\",\"valueRequired\":true,\"valueName\":\"search_term_string\"}}],\"inLanguage\":\"en-US\"},{\"@type\":\"Organization\",\"@id\":\"https:\\\/\\\/vitablanca.ma\\\/#organization\",\"name\":\"VitaBlanca\",\"url\":\"https:\\\/\\\/vitablanca.ma\\\/\",\"logo\":{\"@type\":\"ImageObject\",\"inLanguage\":\"en-US\",\"@id\":\"https:\\\/\\\/vitablanca.ma\\\/#\\\/schema\\\/logo\\\/image\\\/\",\"url\":\"https:\\\/\\\/vitablanca.ma\\\/wp-content\\\/uploads\\\/2025\\\/05\\\/cropped-vitablanca.png\",\"contentUrl\":\"https:\\\/\\\/vitablanca.ma\\\/wp-content\\\/uploads\\\/2025\\\/05\\\/cropped-vitablanca.png\",\"width\":360,\"height\":67,\"caption\":\"VitaBlanca\"},\"image\":{\"@id\":\"https:\\\/\\\/vitablanca.ma\\\/#\\\/schema\\\/logo\\\/image\\\/\"},\"sameAs\":[\"https:\\\/\\\/www.facebook.com\\\/profile.php?id=61576678196717\",\"https:\\\/\\\/www.tiktok.com\\\/@vitablanca.ma\",\"https:\\\/\\\/www.instagram.com\\\/vitablanca.ma\\\/\"]}]}<\/script>\n<!-- \/ Yoast SEO plugin. -->","yoast_head_json":{"title":"Ducray SQUANORM Anti-Dandruff Treatment Shampoo - Oily Dandruff 200ml - Morocco Price","description":"Ducray SQUANORM Anti-Dandruff Treatment Shampoo - Oily Dandruff 200ml","robots":{"index":"index","follow":"follow","max-snippet":"max-snippet:-1","max-image-preview":"max-image-preview:large","max-video-preview":"max-video-preview:-1"},"canonical":"https:\/\/vitablanca.ma\/en\/product\/ducray-squanorm-shampooing-traitant-antipelliculaire-pellicules-grasses-200ml\/","og_locale":"en_US","og_type":"article","og_title":"Ducray SQUANORM Shampooing Traitant Antipelliculaire - Pellicules grasses 200ml - Maroc Prix","og_description":"Ducray SQUANORM Shampooing Traitant Antipelliculaire - Pellicules grasses 200ml","og_url":"https:\/\/vitablanca.ma\/en\/product\/ducray-squanorm-shampooing-traitant-antipelliculaire-pellicules-grasses-200ml\/","og_site_name":"Vitablanca.ma &ndash; Sant&eacute;, vitalit&eacute; et bien-&ecirc;tre pour tous les Marocains","article_publisher":"https:\/\/www.facebook.com\/profile.php?id=61576678196717","article_modified_time":"2025-12-31T19:48:51+00:00","og_image":[{"width":1000,"height":1000,"url":"https:\/\/vitablanca.ma\/wp-content\/uploads\/2025\/06\/Ducray-SQUANORM-Shampooing-Traitant-Antipelliculaire-Pellicules-grasses-200ml-nova-parapharmacie-casablanca.jpg","type":"image\/jpeg"}],"twitter_card":"summary_large_image","twitter_misc":{"Est. reading time":"2 minutes"},"schema":{"@context":"https:\/\/schema.org","@graph":[{"@type":["WebPage","ItemPage"],"@id":"https:\/\/vitablanca.ma\/produit\/ducray-squanorm-shampooing-traitant-antipelliculaire-pellicules-grasses-200ml\/","url":"https:\/\/vitablanca.ma\/produit\/ducray-squanorm-shampooing-traitant-antipelliculaire-pellicules-grasses-200ml\/","name":"Ducray SQUANORM Anti-Dandruff Treatment Shampoo - Oily Dandruff 200ml - Morocco Price","isPartOf":{"@id":"https:\/\/vitablanca.ma\/#website"},"primaryImageOfPage":{"@id":"https:\/\/vitablanca.ma\/produit\/ducray-squanorm-shampooing-traitant-antipelliculaire-pellicules-grasses-200ml\/#primaryimage"},"image":{"@id":"https:\/\/vitablanca.ma\/produit\/ducray-squanorm-shampooing-traitant-antipelliculaire-pellicules-grasses-200ml\/#primaryimage"},"thumbnailUrl":"https:\/\/vitablanca.ma\/wp-content\/uploads\/2025\/06\/Ducray-SQUANORM-Shampooing-Traitant-Antipelliculaire-Pellicules-grasses-200ml-nova-parapharmacie-casablanca.jpg","datePublished":"2025-06-10T17:01:49+00:00","dateModified":"2025-12-31T19:48:51+00:00","description":"Ducray SQUANORM Anti-Dandruff Treatment Shampoo - Oily Dandruff 200ml","breadcrumb":{"@id":"https:\/\/vitablanca.ma\/produit\/ducray-squanorm-shampooing-traitant-antipelliculaire-pellicules-grasses-200ml\/#breadcrumb"},"inLanguage":"en-US","potentialAction":[{"@type":"ReadAction","target":["https:\/\/vitablanca.ma\/produit\/ducray-squanorm-shampooing-traitant-antipelliculaire-pellicules-grasses-200ml\/"]}]},{"@type":"ImageObject","inLanguage":"en-US","@id":"https:\/\/vitablanca.ma\/produit\/ducray-squanorm-shampooing-traitant-antipelliculaire-pellicules-grasses-200ml\/#primaryimage","url":"https:\/\/vitablanca.ma\/wp-content\/uploads\/2025\/06\/Ducray-SQUANORM-Shampooing-Traitant-Antipelliculaire-Pellicules-grasses-200ml-nova-parapharmacie-casablanca.jpg","contentUrl":"https:\/\/vitablanca.ma\/wp-content\/uploads\/2025\/06\/Ducray-SQUANORM-Shampooing-Traitant-Antipelliculaire-Pellicules-grasses-200ml-nova-parapharmacie-casablanca.jpg","width":1000,"height":1000},{"@type":"BreadcrumbList","@id":"https:\/\/vitablanca.ma\/produit\/ducray-squanorm-shampooing-traitant-antipelliculaire-pellicules-grasses-200ml\/#breadcrumb","itemListElement":[{"@type":"ListItem","position":1,"name":"Home","item":"https:\/\/vitablanca.ma\/"},{"@type":"ListItem","position":2,"name":"Tous Les Produits","item":"https:\/\/vitablanca.ma\/tous-les-produits\/"},{"@type":"ListItem","position":3,"name":"Ducray SQUANORM Shampooing Traitant Antipelliculaire &#8211; Pellicules grasses 200ml"}]},{"@type":"WebSite","@id":"https:\/\/vitablanca.ma\/#website","url":"https:\/\/vitablanca.ma\/","name":"VitaBlanca.ma | Food supplements, health &amp; beauty in Morocco","description":"sell premium vitamins and supplements from USA &amp; Canada, New Zealand, Morocco (NOW Foods, Solgar, Manuka). Fast delivery anywhere in Morocco.","publisher":{"@id":"https:\/\/vitablanca.ma\/#organization"},"alternateName":"VitaBlanca.ma","potentialAction":[{"@type":"SearchAction","target":{"@type":"EntryPoint","urlTemplate":"https:\/\/vitablanca.ma\/?s={search_term_string}"},"query-input":{"@type":"PropertyValueSpecification","valueRequired":true,"valueName":"search_term_string"}}],"inLanguage":"en-US"},{"@type":"Organization","@id":"https:\/\/vitablanca.ma\/#organization","name":"VitaBlanca","url":"https:\/\/vitablanca.ma\/","logo":{"@type":"ImageObject","inLanguage":"en-US","@id":"https:\/\/vitablanca.ma\/#\/schema\/logo\/image\/","url":"https:\/\/vitablanca.ma\/wp-content\/uploads\/2025\/05\/cropped-vitablanca.png","contentUrl":"https:\/\/vitablanca.ma\/wp-content\/uploads\/2025\/05\/cropped-vitablanca.png","width":360,"height":67,"caption":"VitaBlanca"},"image":{"@id":"https:\/\/vitablanca.ma\/#\/schema\/logo\/image\/"},"sameAs":["https:\/\/www.facebook.com\/profile.php?id=61576678196717","https:\/\/www.tiktok.com\/@vitablanca.ma","https:\/\/www.instagram.com\/vitablanca.ma\/"]}]}},"jetpack_sharing_enabled":true,"_links":{"self":[{"href":"https:\/\/vitablanca.ma\/en\/wp-json\/wp\/v2\/product\/17472","targetHints":{"allow":["GET"]}}],"collection":[{"href":"https:\/\/vitablanca.ma\/en\/wp-json\/wp\/v2\/product"}],"about":[{"href":"https:\/\/vitablanca.ma\/en\/wp-json\/wp\/v2\/types\/product"}],"wp:featuredmedia":[{"embeddable":true,"href":"https:\/\/vitablanca.ma\/en\/wp-json\/wp\/v2\/media\/17459"}],"wp:attachment":[{"href":"https:\/\/vitablanca.ma\/en\/wp-json\/wp\/v2\/media?parent=17472"}],"wp:term":[{"taxonomy":"product_brand","embeddable":true,"href":"https:\/\/vitablanca.ma\/en\/wp-json\/wp\/v2\/product_brand?post=17472"},{"taxonomy":"product_cat","embeddable":true,"href":"https:\/\/vitablanca.ma\/en\/wp-json\/wp\/v2\/product_cat?post=17472"},{"taxonomy":"product_tag","embeddable":true,"href":"https:\/\/vitablanca.ma\/en\/wp-json\/wp\/v2\/product_tag?post=17472"}],"curies":[{"name":"wp","href":"https:\/\/api.w.org\/{rel}","templated":true}]}}