{"id":17451,"date":"2025-06-10T17:01:26","date_gmt":"2025-06-10T17:01:26","guid":{"rendered":"https:\/\/vitablanca.ma\/product\/elgydium-interactive-brosse-a-dents-dure\/"},"modified":"2026-01-21T18:05:01","modified_gmt":"2026-01-21T18:05:01","slug":"elgydium-interactive-brosse-a-dents-dure","status":"publish","type":"product","link":"https:\/\/vitablanca.ma\/en\/product\/elgydium-interactive-brosse-a-dents-dure\/","title":{"rendered":"ELGYDIUM Interactive hard toothbrush"},"content":{"rendered":"<div class=\"block-content\" data-mce-fragment=\"1\">\n<h2 data-mce-fragment=\"1\">ELGYDIUM Interactive hard toothbrush<span data-mce-fragment=\"1\">\u00a0for clean and healthy teeth and gums.<\/span><br \/>\n<\/h2>\n<p data-mce-fragment=\"1\">The most popular ELGYDIUM toothbrush in the range!<br data-mce-fragment=\"1\">An essential bathroom accessory whose success is explained by its bristles of two different heights, allowing a comprehensive approach to \u2014 combined with suitable toothpaste \u2014 protecting teeth from plaque and cavities.<br data-mce-fragment=\"1\">Short bristles to clean enamel, long bristles to reach between teeth and massage gums during the three recommended daily uses. Available in soft, medium, or hard versions, depending on your needs, the ELGYDIUM Interactive toothbrush is the essential companion for healthy mouths.<\/p>\n<\/div>\n<div class=\"block-content has-heading\" data-mce-fragment=\"1\">\n<div class=\"block-content-heading\" data-mce-fragment=\"1\">\n<h3 id=\"\" class=\"\" data-mce-fragment=\"1\">Advantage<\/h3>\n<\/div>\n<p data-mce-fragment=\"1\">A head composed of short and long bristles to not only clean the surface of the teeth, but also reach interdental spaces and massage the gums.<\/p>\n<div class=\"block-content-heading\" data-mce-fragment=\"1\">\n<h3 id=\"\" class=\"\" data-mce-fragment=\"1\">Benefits<\/h3>\n<\/div>\n<p data-mce-fragment=\"1\">\u2022 RESPECTFUL of teeth and gums, the Elgydium toothbrush is made of high-quality, non-traumatic bristles.<br data-mce-fragment=\"1\">\u2022 COMPLETE thanks to its 2 strand heights, short and long.<br data-mce-fragment=\"1\">\u2022 ADAPTED to every need in its soft, medium or hard versions and its 4 colors.<\/p>\n<h3 data-mce-fragment=\"1\">Use<\/h3>\n<p>To be effective without damaging the enamel or injuring the gums, the toothbrush head should make a circular motion on all sides of the teeth. Don&#039;t hesitate to go over the same area several times and brush the top and bottom teeth separately. In addition, you should tilt the brush at a 45\u00b0 angle on the gums, with the ends of the bristles towards the roots of the teeth.<\/p>\n<p>Finally, brush your teeth from the gum to the tip of the teeth (&quot;from pink to white&quot;) to prevent the bristles from hitting the fragile edge of the gum. Absolutely avoid back-and-forth, up-and-down movements, which damage the gums and push bacteria into the space between the tooth and the gum.<\/p>\n<p><span class=\"richtext-colored-text\">This product is made for you \u2713<\/span><\/p>\n<\/div>","protected":false},"excerpt":{"rendered":"<p>ELGYDIUM Interactive brosse \u00e0 dents dure\u00a0pour des dents et des gencives propres et saines. La brosse \u00e0 dents ELGYDIUM la plus pl\u00e9biscit\u00e9e de la gamme\u2009!Accessoire indispensable de la salle de bain dont le succ\u00e8s s\u2019explique par des brins de 2 diff\u00e9rentes hauteurs permettant une approche globale pour \u2014 conjugu\u00e9 \u00e0 un dentifrice adapt\u00e9 \u2014 prot\u00e9ger [&hellip;]<\/p>\n","protected":false},"featured_media":17441,"template":"","meta":{"om_disable_all_campaigns":false},"product_brand":[5989],"product_cat":[18,15],"product_tag":[],"class_list":{"0":"post-17451","1":"product","2":"type-product","3":"status-publish","4":"has-post-thumbnail","6":"product_brand-elgydium-original-maroc-au-meilleur-prix","7":"product_cat-beaute-sante","8":"product_cat-beaute-sante-complements-alimentaires-soins-et-bien-etre-au-meilleur-prix","10":"first","11":"instock","12":"sale","13":"taxable","14":"shipping-taxable","15":"purchasable","16":"product-type-simple"},"yoast_head":"<!-- This site is optimized with the Yoast SEO plugin v27.3 - https:\/\/yoast.com\/product\/yoast-seo-wordpress\/ -->\n<title>ELGYDIUM Interactive brosse \u00e0 dents dure - Maroc Prix<\/title>\n<meta name=\"description\" content=\"ELGYDIUM Interactive brosse \u00e0 dents dure\" \/>\n<meta name=\"robots\" content=\"index, follow, max-snippet:-1, max-image-preview:large, max-video-preview:-1\" \/>\n<link rel=\"canonical\" href=\"https:\/\/vitablanca.ma\/en\/product\/elgydium-interactive-brosse-a-dents-dure\/\" \/>\n<meta property=\"og:locale\" content=\"en_US\" \/>\n<meta property=\"og:type\" content=\"article\" \/>\n<meta property=\"og:title\" content=\"ELGYDIUM Interactive brosse \u00e0 dents dure - Maroc Prix\" \/>\n<meta property=\"og:description\" content=\"ELGYDIUM Interactive brosse \u00e0 dents dure\" \/>\n<meta property=\"og:url\" content=\"https:\/\/vitablanca.ma\/en\/product\/elgydium-interactive-brosse-a-dents-dure\/\" \/>\n<meta property=\"og:site_name\" content=\"Vitablanca.ma &ndash; Sant&eacute;, vitalit&eacute; et bien-&ecirc;tre pour tous les Marocains\" \/>\n<meta property=\"article:publisher\" content=\"https:\/\/www.facebook.com\/profile.php?id=61576678196717\" \/>\n<meta property=\"article:modified_time\" content=\"2026-01-21T18:05:01+00:00\" \/>\n<meta property=\"og:image\" content=\"https:\/\/vitablanca.ma\/wp-content\/uploads\/2025\/06\/ELGYDIUM-Interactive-brosse-a-dents-dure-nova-parapharmacie-maroc.png\" \/>\n\t<meta property=\"og:image:width\" content=\"1000\" \/>\n\t<meta property=\"og:image:height\" content=\"1000\" \/>\n\t<meta property=\"og:image:type\" content=\"image\/png\" \/>\n<meta name=\"twitter:card\" content=\"summary_large_image\" \/>\n<meta name=\"twitter:label1\" content=\"Est. reading time\" \/>\n\t<meta name=\"twitter:data1\" content=\"2 minutes\" \/>\n<script type=\"application\/ld+json\" class=\"yoast-schema-graph\">{\"@context\":\"https:\\\/\\\/schema.org\",\"@graph\":[{\"@type\":[\"WebPage\",\"ItemPage\"],\"@id\":\"https:\\\/\\\/vitablanca.ma\\\/produit\\\/elgydium-interactive-brosse-a-dents-dure\\\/\",\"url\":\"https:\\\/\\\/vitablanca.ma\\\/produit\\\/elgydium-interactive-brosse-a-dents-dure\\\/\",\"name\":\"ELGYDIUM Interactive brosse \u00e0 dents dure - Maroc Prix\",\"isPartOf\":{\"@id\":\"https:\\\/\\\/vitablanca.ma\\\/#website\"},\"primaryImageOfPage\":{\"@id\":\"https:\\\/\\\/vitablanca.ma\\\/produit\\\/elgydium-interactive-brosse-a-dents-dure\\\/#primaryimage\"},\"image\":{\"@id\":\"https:\\\/\\\/vitablanca.ma\\\/produit\\\/elgydium-interactive-brosse-a-dents-dure\\\/#primaryimage\"},\"thumbnailUrl\":\"https:\\\/\\\/vitablanca.ma\\\/wp-content\\\/uploads\\\/2025\\\/06\\\/ELGYDIUM-Interactive-brosse-a-dents-dure-nova-parapharmacie-maroc.png\",\"datePublished\":\"2025-06-10T17:01:26+00:00\",\"dateModified\":\"2026-01-21T18:05:01+00:00\",\"description\":\"ELGYDIUM Interactive brosse \u00e0 dents dure\",\"breadcrumb\":{\"@id\":\"https:\\\/\\\/vitablanca.ma\\\/produit\\\/elgydium-interactive-brosse-a-dents-dure\\\/#breadcrumb\"},\"inLanguage\":\"en-US\",\"potentialAction\":[{\"@type\":\"ReadAction\",\"target\":[\"https:\\\/\\\/vitablanca.ma\\\/produit\\\/elgydium-interactive-brosse-a-dents-dure\\\/\"]}]},{\"@type\":\"ImageObject\",\"inLanguage\":\"en-US\",\"@id\":\"https:\\\/\\\/vitablanca.ma\\\/produit\\\/elgydium-interactive-brosse-a-dents-dure\\\/#primaryimage\",\"url\":\"https:\\\/\\\/vitablanca.ma\\\/wp-content\\\/uploads\\\/2025\\\/06\\\/ELGYDIUM-Interactive-brosse-a-dents-dure-nova-parapharmacie-maroc.png\",\"contentUrl\":\"https:\\\/\\\/vitablanca.ma\\\/wp-content\\\/uploads\\\/2025\\\/06\\\/ELGYDIUM-Interactive-brosse-a-dents-dure-nova-parapharmacie-maroc.png\",\"width\":1000,\"height\":1000},{\"@type\":\"BreadcrumbList\",\"@id\":\"https:\\\/\\\/vitablanca.ma\\\/produit\\\/elgydium-interactive-brosse-a-dents-dure\\\/#breadcrumb\",\"itemListElement\":[{\"@type\":\"ListItem\",\"position\":1,\"name\":\"Home\",\"item\":\"https:\\\/\\\/vitablanca.ma\\\/\"},{\"@type\":\"ListItem\",\"position\":2,\"name\":\"Tous Les Produits\",\"item\":\"https:\\\/\\\/vitablanca.ma\\\/tous-les-produits\\\/\"},{\"@type\":\"ListItem\",\"position\":3,\"name\":\"ELGYDIUM Interactive brosse \u00e0 dents dure\"}]},{\"@type\":\"WebSite\",\"@id\":\"https:\\\/\\\/vitablanca.ma\\\/#website\",\"url\":\"https:\\\/\\\/vitablanca.ma\\\/\",\"name\":\"VitaBlanca.ma | Compl\u00e9ments alimentaires, sant\u00e9 & beaut\u00e9 au Maroc\",\"description\":\"vendre vitamines et compl\u00e9ments premium des USA &amp; Canada, Nouvelle Z\u00e9lande,Maroc (NOW Foods, Solgar, Manuka). Livraison rapide partout au Maroc.\",\"publisher\":{\"@id\":\"https:\\\/\\\/vitablanca.ma\\\/#organization\"},\"alternateName\":\"VitaBlanca.ma\",\"potentialAction\":[{\"@type\":\"SearchAction\",\"target\":{\"@type\":\"EntryPoint\",\"urlTemplate\":\"https:\\\/\\\/vitablanca.ma\\\/?s={search_term_string}\"},\"query-input\":{\"@type\":\"PropertyValueSpecification\",\"valueRequired\":true,\"valueName\":\"search_term_string\"}}],\"inLanguage\":\"en-US\"},{\"@type\":\"Organization\",\"@id\":\"https:\\\/\\\/vitablanca.ma\\\/#organization\",\"name\":\"VitaBlanca\",\"url\":\"https:\\\/\\\/vitablanca.ma\\\/\",\"logo\":{\"@type\":\"ImageObject\",\"inLanguage\":\"en-US\",\"@id\":\"https:\\\/\\\/vitablanca.ma\\\/#\\\/schema\\\/logo\\\/image\\\/\",\"url\":\"https:\\\/\\\/vitablanca.ma\\\/wp-content\\\/uploads\\\/2025\\\/05\\\/cropped-vitablanca.png\",\"contentUrl\":\"https:\\\/\\\/vitablanca.ma\\\/wp-content\\\/uploads\\\/2025\\\/05\\\/cropped-vitablanca.png\",\"width\":360,\"height\":67,\"caption\":\"VitaBlanca\"},\"image\":{\"@id\":\"https:\\\/\\\/vitablanca.ma\\\/#\\\/schema\\\/logo\\\/image\\\/\"},\"sameAs\":[\"https:\\\/\\\/www.facebook.com\\\/profile.php?id=61576678196717\",\"https:\\\/\\\/www.tiktok.com\\\/@vitablanca.ma\",\"https:\\\/\\\/www.instagram.com\\\/vitablanca.ma\\\/\"]}]}<\/script>\n<!-- \/ Yoast SEO plugin. -->","yoast_head_json":{"title":"ELGYDIUM Interactive Hard Toothbrush - Morocco Price","description":"ELGYDIUM Interactive hard toothbrush","robots":{"index":"index","follow":"follow","max-snippet":"max-snippet:-1","max-image-preview":"max-image-preview:large","max-video-preview":"max-video-preview:-1"},"canonical":"https:\/\/vitablanca.ma\/en\/product\/elgydium-interactive-brosse-a-dents-dure\/","og_locale":"en_US","og_type":"article","og_title":"ELGYDIUM Interactive brosse \u00e0 dents dure - Maroc Prix","og_description":"ELGYDIUM Interactive brosse \u00e0 dents dure","og_url":"https:\/\/vitablanca.ma\/en\/product\/elgydium-interactive-brosse-a-dents-dure\/","og_site_name":"Vitablanca.ma &ndash; Sant&eacute;, vitalit&eacute; et bien-&ecirc;tre pour tous les Marocains","article_publisher":"https:\/\/www.facebook.com\/profile.php?id=61576678196717","article_modified_time":"2026-01-21T18:05:01+00:00","og_image":[{"width":1000,"height":1000,"url":"https:\/\/vitablanca.ma\/wp-content\/uploads\/2025\/06\/ELGYDIUM-Interactive-brosse-a-dents-dure-nova-parapharmacie-maroc.png","type":"image\/png"}],"twitter_card":"summary_large_image","twitter_misc":{"Est. reading time":"2 minutes"},"schema":{"@context":"https:\/\/schema.org","@graph":[{"@type":["WebPage","ItemPage"],"@id":"https:\/\/vitablanca.ma\/produit\/elgydium-interactive-brosse-a-dents-dure\/","url":"https:\/\/vitablanca.ma\/produit\/elgydium-interactive-brosse-a-dents-dure\/","name":"ELGYDIUM Interactive Hard Toothbrush - Morocco Price","isPartOf":{"@id":"https:\/\/vitablanca.ma\/#website"},"primaryImageOfPage":{"@id":"https:\/\/vitablanca.ma\/produit\/elgydium-interactive-brosse-a-dents-dure\/#primaryimage"},"image":{"@id":"https:\/\/vitablanca.ma\/produit\/elgydium-interactive-brosse-a-dents-dure\/#primaryimage"},"thumbnailUrl":"https:\/\/vitablanca.ma\/wp-content\/uploads\/2025\/06\/ELGYDIUM-Interactive-brosse-a-dents-dure-nova-parapharmacie-maroc.png","datePublished":"2025-06-10T17:01:26+00:00","dateModified":"2026-01-21T18:05:01+00:00","description":"ELGYDIUM Interactive hard toothbrush","breadcrumb":{"@id":"https:\/\/vitablanca.ma\/produit\/elgydium-interactive-brosse-a-dents-dure\/#breadcrumb"},"inLanguage":"en-US","potentialAction":[{"@type":"ReadAction","target":["https:\/\/vitablanca.ma\/produit\/elgydium-interactive-brosse-a-dents-dure\/"]}]},{"@type":"ImageObject","inLanguage":"en-US","@id":"https:\/\/vitablanca.ma\/produit\/elgydium-interactive-brosse-a-dents-dure\/#primaryimage","url":"https:\/\/vitablanca.ma\/wp-content\/uploads\/2025\/06\/ELGYDIUM-Interactive-brosse-a-dents-dure-nova-parapharmacie-maroc.png","contentUrl":"https:\/\/vitablanca.ma\/wp-content\/uploads\/2025\/06\/ELGYDIUM-Interactive-brosse-a-dents-dure-nova-parapharmacie-maroc.png","width":1000,"height":1000},{"@type":"BreadcrumbList","@id":"https:\/\/vitablanca.ma\/produit\/elgydium-interactive-brosse-a-dents-dure\/#breadcrumb","itemListElement":[{"@type":"ListItem","position":1,"name":"Home","item":"https:\/\/vitablanca.ma\/"},{"@type":"ListItem","position":2,"name":"Tous Les Produits","item":"https:\/\/vitablanca.ma\/tous-les-produits\/"},{"@type":"ListItem","position":3,"name":"ELGYDIUM Interactive brosse \u00e0 dents dure"}]},{"@type":"WebSite","@id":"https:\/\/vitablanca.ma\/#website","url":"https:\/\/vitablanca.ma\/","name":"VitaBlanca.ma | Food supplements, health &amp; beauty in Morocco","description":"sell premium vitamins and supplements from USA &amp; Canada, New Zealand, Morocco (NOW Foods, Solgar, Manuka). Fast delivery anywhere in Morocco.","publisher":{"@id":"https:\/\/vitablanca.ma\/#organization"},"alternateName":"VitaBlanca.ma","potentialAction":[{"@type":"SearchAction","target":{"@type":"EntryPoint","urlTemplate":"https:\/\/vitablanca.ma\/?s={search_term_string}"},"query-input":{"@type":"PropertyValueSpecification","valueRequired":true,"valueName":"search_term_string"}}],"inLanguage":"en-US"},{"@type":"Organization","@id":"https:\/\/vitablanca.ma\/#organization","name":"VitaBlanca","url":"https:\/\/vitablanca.ma\/","logo":{"@type":"ImageObject","inLanguage":"en-US","@id":"https:\/\/vitablanca.ma\/#\/schema\/logo\/image\/","url":"https:\/\/vitablanca.ma\/wp-content\/uploads\/2025\/05\/cropped-vitablanca.png","contentUrl":"https:\/\/vitablanca.ma\/wp-content\/uploads\/2025\/05\/cropped-vitablanca.png","width":360,"height":67,"caption":"VitaBlanca"},"image":{"@id":"https:\/\/vitablanca.ma\/#\/schema\/logo\/image\/"},"sameAs":["https:\/\/www.facebook.com\/profile.php?id=61576678196717","https:\/\/www.tiktok.com\/@vitablanca.ma","https:\/\/www.instagram.com\/vitablanca.ma\/"]}]}},"jetpack_sharing_enabled":true,"_links":{"self":[{"href":"https:\/\/vitablanca.ma\/en\/wp-json\/wp\/v2\/product\/17451","targetHints":{"allow":["GET"]}}],"collection":[{"href":"https:\/\/vitablanca.ma\/en\/wp-json\/wp\/v2\/product"}],"about":[{"href":"https:\/\/vitablanca.ma\/en\/wp-json\/wp\/v2\/types\/product"}],"wp:featuredmedia":[{"embeddable":true,"href":"https:\/\/vitablanca.ma\/en\/wp-json\/wp\/v2\/media\/17441"}],"wp:attachment":[{"href":"https:\/\/vitablanca.ma\/en\/wp-json\/wp\/v2\/media?parent=17451"}],"wp:term":[{"taxonomy":"product_brand","embeddable":true,"href":"https:\/\/vitablanca.ma\/en\/wp-json\/wp\/v2\/product_brand?post=17451"},{"taxonomy":"product_cat","embeddable":true,"href":"https:\/\/vitablanca.ma\/en\/wp-json\/wp\/v2\/product_cat?post=17451"},{"taxonomy":"product_tag","embeddable":true,"href":"https:\/\/vitablanca.ma\/en\/wp-json\/wp\/v2\/product_tag?post=17451"}],"curies":[{"name":"wp","href":"https:\/\/api.w.org\/{rel}","templated":true}]}}