{"id":17424,"date":"2025-06-10T17:00:53","date_gmt":"2025-06-10T17:00:53","guid":{"rendered":"https:\/\/vitablanca.ma\/product\/ecrinal-shampoing-anti-pelliculaire-200ml\/"},"modified":"2025-06-10T17:00:53","modified_gmt":"2025-06-10T17:00:53","slug":"ecrinal-shampoing-anti-pelliculaire-200ml","status":"publish","type":"product","link":"https:\/\/vitablanca.ma\/en\/product\/ecrinal-shampoing-anti-pelliculaire-200ml\/","title":{"rendered":"Ecrinal Anti-Dandruff Shampoo 200ml"},"content":{"rendered":"<h2>Ecrinal Anti-Dandruff Shampoo <span>formulated to address these problems, providing a purifying and soothing action.<\/span><br \/>\n<\/h2>\n<p><span>THE\u00a0<strong>Dandruff is often the result of accelerated cell renewal of the scalp<\/strong>, caused by various factors such as the use of aggressive products, stress, hormonal imbalance or even an allergic reaction. They appear as visible scales, grayish or yellowish in color, which can be present on\u00a0<strong>dry or oily scalps<\/strong>. ECRINAL\u00a0<strong>Anti-dandruff<\/strong>\u00a0is specially formulated to address these problems, providing a purifying and soothing action.<\/span><\/p>\n<p><span>The effectiveness of this\u00a0<strong>shampoo<\/strong>\u00a0is based on Piroctone Olamine, known for its antifungal and antibacterial action, which helps eliminate dandruff and soothe itching. D-Panthenol, also known as pro-vitamin B5, moisturizes and strengthens hair, while Undecylamidopropyl Betaine, a mild surfactant, gently cleanses without damaging the scalp.<\/span><\/p>\n<p><span>This\u00a0<strong>shampoo<\/strong>\u00a0is not only effective but also pleasant to use. Its soft texture facilitates application and offers a pleasant sensory experience. Formulated under dermatological control, it is suitable for sensitive scalps, guaranteeing deep cleansing without irritating the skin.<\/span><\/p>\n<h3>Directions for use<\/h3>\n<div id=\"content-wrapper\" class=\"left-column col-xs-12 col-lg-9\">\n<div id=\"main-content\" class=\"product-container js-product-container\">\n<div id=\"wrapper-tab-product\" class=\"wc-tabs-wrapper tab-type-default tabs clearfix\">\n<div class=\"tab-content\">\n<div id=\"description\" class=\"wc-tab tab-pane active js-product-tab-active\">\n<div class=\"product-description\">\n<p><span>For<strong>\u00a0To achieve the best results, it is recommended to use this shampoo three times a week<\/strong>. Apply a small amount to wet hair, massage lightly into the scalp to distribute the product evenly, then rinse thoroughly. This regular ritual will help keep your scalp cleansed and your hair healthy, while limiting the<strong>\u00a0reappearance of dandruff<\/strong>.<\/span><\/p>\n<\/div>\n<\/div>\n<\/div>\n<\/div>\n<\/div>\n<\/div>\n<h3>Composition<\/h3>\n<div class=\"tabs_area\">\n<div class=\"tab_content\">\n<div class=\"tab tab-content-1 tab_content_conseil-utilisation\">\n<div class=\"tabs_area\">\n<div class=\"tab_content\">\n<div class=\"tab tab-content-2 tab_content_composition\">\n<div>INCI formula: Aqua, sodium laureth sulfate, sodium cocoamphoacetate, sodium lauroyl oat amino acids, propylene glycol, cocamide MIPA, PEG-12 dimethicone, fragance, PEG-120 methyl glucose dioleate, ethylene glycol distearate, capryloyl serine\/silk amino acids methyl esters, Vitis vinifera, acrylamidopropyltrimonium chloride\/acrylamide copolymer, lactic acid, tetrasodium EDTA, imidazolidinyl urea, phenoxyethanol, methylparaben, ethylparaben, propylparaben, butylparaben.<\/p>\n<p>The ingredient lists used in the products on our website are regularly updated. Before using a product, you are encouraged to read the ingredient list on its packaging to ensure that the ingredients are suitable for your personal use.<\/p>\n<\/div>\n<\/div>\n<\/div>\n<\/div>\n<\/div>\n<\/div>\n<\/div>","protected":false},"excerpt":{"rendered":"<p>Ecrinal Shampoing Anti-Pelliculaire formul\u00e9 pour r\u00e9pondre \u00e0 ces probl\u00e8mes, en offrant une action purifiante et apaisante. Les\u00a0pellicules sont souvent le r\u00e9sultat d&rsquo;un renouvellement cellulaire acc\u00e9l\u00e9r\u00e9 du cuir chevelu, caus\u00e9 par divers facteurs comme l&rsquo;utilisation de produits agressifs, le stress, un d\u00e9r\u00e8glement hormonal ou m\u00eame une r\u00e9action allergique. Elles se manifestent par des squames visibles, de [&hellip;]<\/p>\n","protected":false},"featured_media":17421,"template":"","meta":{"om_disable_all_campaigns":false},"product_brand":[],"product_cat":[15],"product_tag":[],"class_list":{"0":"post-17424","1":"product","2":"type-product","3":"status-publish","4":"has-post-thumbnail","6":"product_cat-beaute-sante-complements-alimentaires-soins-et-bien-etre-au-meilleur-prix","8":"first","9":"instock","10":"sale","11":"taxable","12":"shipping-taxable","13":"purchasable","14":"product-type-simple"},"yoast_head":"<!-- This site is optimized with the Yoast SEO plugin v27.3 - https:\/\/yoast.com\/product\/yoast-seo-wordpress\/ -->\n<title>Ecrinal Shampoing Anti-Pelliculaire 200ml - Maroc Prix<\/title>\n<meta name=\"description\" content=\"Ecrinal Shampoing Anti-Pelliculaire 200ml\" \/>\n<meta name=\"robots\" content=\"index, follow, max-snippet:-1, max-image-preview:large, max-video-preview:-1\" \/>\n<link rel=\"canonical\" href=\"https:\/\/vitablanca.ma\/en\/product\/ecrinal-shampoing-anti-pelliculaire-200ml\/\" \/>\n<meta property=\"og:locale\" content=\"en_US\" \/>\n<meta property=\"og:type\" content=\"article\" \/>\n<meta property=\"og:title\" content=\"Ecrinal Shampoing Anti-Pelliculaire 200ml - Maroc Prix\" \/>\n<meta property=\"og:description\" content=\"Ecrinal Shampoing Anti-Pelliculaire 200ml\" \/>\n<meta property=\"og:url\" content=\"https:\/\/vitablanca.ma\/en\/product\/ecrinal-shampoing-anti-pelliculaire-200ml\/\" \/>\n<meta property=\"og:site_name\" content=\"Vitablanca.ma &ndash; Sant&eacute;, vitalit&eacute; et bien-&ecirc;tre pour tous les Marocains\" \/>\n<meta property=\"article:publisher\" content=\"https:\/\/www.facebook.com\/profile.php?id=61576678196717\" \/>\n<meta property=\"og:image\" content=\"https:\/\/vitablanca.ma\/wp-content\/uploads\/2025\/06\/ECRINAL-SOINS-CAPPILAIRES-SHAMPOOING-ANTI-PELLICULAIRE-200-ML-Nova-para-Maroc.jpg\" \/>\n\t<meta property=\"og:image:width\" content=\"1000\" \/>\n\t<meta property=\"og:image:height\" content=\"1000\" \/>\n\t<meta property=\"og:image:type\" content=\"image\/jpeg\" \/>\n<meta name=\"twitter:card\" content=\"summary_large_image\" \/>\n<meta name=\"twitter:label1\" content=\"Est. reading time\" \/>\n\t<meta name=\"twitter:data1\" content=\"2 minutes\" \/>\n<script type=\"application\/ld+json\" class=\"yoast-schema-graph\">{\"@context\":\"https:\\\/\\\/schema.org\",\"@graph\":[{\"@type\":[\"WebPage\",\"ItemPage\"],\"@id\":\"https:\\\/\\\/vitablanca.ma\\\/produit\\\/ecrinal-shampoing-anti-pelliculaire-200ml\\\/\",\"url\":\"https:\\\/\\\/vitablanca.ma\\\/produit\\\/ecrinal-shampoing-anti-pelliculaire-200ml\\\/\",\"name\":\"Ecrinal Shampoing Anti-Pelliculaire 200ml - Maroc Prix\",\"isPartOf\":{\"@id\":\"https:\\\/\\\/vitablanca.ma\\\/#website\"},\"primaryImageOfPage\":{\"@id\":\"https:\\\/\\\/vitablanca.ma\\\/produit\\\/ecrinal-shampoing-anti-pelliculaire-200ml\\\/#primaryimage\"},\"image\":{\"@id\":\"https:\\\/\\\/vitablanca.ma\\\/produit\\\/ecrinal-shampoing-anti-pelliculaire-200ml\\\/#primaryimage\"},\"thumbnailUrl\":\"https:\\\/\\\/vitablanca.ma\\\/wp-content\\\/uploads\\\/2025\\\/06\\\/ECRINAL-SOINS-CAPPILAIRES-SHAMPOOING-ANTI-PELLICULAIRE-200-ML-Nova-para-Maroc.jpg\",\"datePublished\":\"2025-06-10T17:00:53+00:00\",\"description\":\"Ecrinal Shampoing Anti-Pelliculaire 200ml\",\"breadcrumb\":{\"@id\":\"https:\\\/\\\/vitablanca.ma\\\/produit\\\/ecrinal-shampoing-anti-pelliculaire-200ml\\\/#breadcrumb\"},\"inLanguage\":\"en-US\",\"potentialAction\":[{\"@type\":\"ReadAction\",\"target\":[\"https:\\\/\\\/vitablanca.ma\\\/produit\\\/ecrinal-shampoing-anti-pelliculaire-200ml\\\/\"]}]},{\"@type\":\"ImageObject\",\"inLanguage\":\"en-US\",\"@id\":\"https:\\\/\\\/vitablanca.ma\\\/produit\\\/ecrinal-shampoing-anti-pelliculaire-200ml\\\/#primaryimage\",\"url\":\"https:\\\/\\\/vitablanca.ma\\\/wp-content\\\/uploads\\\/2025\\\/06\\\/ECRINAL-SOINS-CAPPILAIRES-SHAMPOOING-ANTI-PELLICULAIRE-200-ML-Nova-para-Maroc.jpg\",\"contentUrl\":\"https:\\\/\\\/vitablanca.ma\\\/wp-content\\\/uploads\\\/2025\\\/06\\\/ECRINAL-SOINS-CAPPILAIRES-SHAMPOOING-ANTI-PELLICULAIRE-200-ML-Nova-para-Maroc.jpg\",\"width\":1000,\"height\":1000},{\"@type\":\"BreadcrumbList\",\"@id\":\"https:\\\/\\\/vitablanca.ma\\\/produit\\\/ecrinal-shampoing-anti-pelliculaire-200ml\\\/#breadcrumb\",\"itemListElement\":[{\"@type\":\"ListItem\",\"position\":1,\"name\":\"Home\",\"item\":\"https:\\\/\\\/vitablanca.ma\\\/\"},{\"@type\":\"ListItem\",\"position\":2,\"name\":\"Tous Les Produits\",\"item\":\"https:\\\/\\\/vitablanca.ma\\\/tous-les-produits\\\/\"},{\"@type\":\"ListItem\",\"position\":3,\"name\":\"Ecrinal Shampoing Anti-Pelliculaire 200ml\"}]},{\"@type\":\"WebSite\",\"@id\":\"https:\\\/\\\/vitablanca.ma\\\/#website\",\"url\":\"https:\\\/\\\/vitablanca.ma\\\/\",\"name\":\"VitaBlanca.ma | Compl\u00e9ments alimentaires, sant\u00e9 & beaut\u00e9 au Maroc\",\"description\":\"vendre vitamines et compl\u00e9ments premium des USA &amp; Canada, Nouvelle Z\u00e9lande,Maroc (NOW Foods, Solgar, Manuka). Livraison rapide partout au Maroc.\",\"publisher\":{\"@id\":\"https:\\\/\\\/vitablanca.ma\\\/#organization\"},\"alternateName\":\"VitaBlanca.ma\",\"potentialAction\":[{\"@type\":\"SearchAction\",\"target\":{\"@type\":\"EntryPoint\",\"urlTemplate\":\"https:\\\/\\\/vitablanca.ma\\\/?s={search_term_string}\"},\"query-input\":{\"@type\":\"PropertyValueSpecification\",\"valueRequired\":true,\"valueName\":\"search_term_string\"}}],\"inLanguage\":\"en-US\"},{\"@type\":\"Organization\",\"@id\":\"https:\\\/\\\/vitablanca.ma\\\/#organization\",\"name\":\"VitaBlanca\",\"url\":\"https:\\\/\\\/vitablanca.ma\\\/\",\"logo\":{\"@type\":\"ImageObject\",\"inLanguage\":\"en-US\",\"@id\":\"https:\\\/\\\/vitablanca.ma\\\/#\\\/schema\\\/logo\\\/image\\\/\",\"url\":\"https:\\\/\\\/vitablanca.ma\\\/wp-content\\\/uploads\\\/2025\\\/05\\\/cropped-vitablanca.png\",\"contentUrl\":\"https:\\\/\\\/vitablanca.ma\\\/wp-content\\\/uploads\\\/2025\\\/05\\\/cropped-vitablanca.png\",\"width\":360,\"height\":67,\"caption\":\"VitaBlanca\"},\"image\":{\"@id\":\"https:\\\/\\\/vitablanca.ma\\\/#\\\/schema\\\/logo\\\/image\\\/\"},\"sameAs\":[\"https:\\\/\\\/www.facebook.com\\\/profile.php?id=61576678196717\",\"https:\\\/\\\/www.tiktok.com\\\/@vitablanca.ma\",\"https:\\\/\\\/www.instagram.com\\\/vitablanca.ma\\\/\"]}]}<\/script>\n<!-- \/ Yoast SEO plugin. -->","yoast_head_json":{"title":"Ecrinal Anti-Dandruff Shampoo 200ml - Morocco Price","description":"Ecrinal Anti-Dandruff Shampoo 200ml","robots":{"index":"index","follow":"follow","max-snippet":"max-snippet:-1","max-image-preview":"max-image-preview:large","max-video-preview":"max-video-preview:-1"},"canonical":"https:\/\/vitablanca.ma\/en\/product\/ecrinal-shampoing-anti-pelliculaire-200ml\/","og_locale":"en_US","og_type":"article","og_title":"Ecrinal Shampoing Anti-Pelliculaire 200ml - Maroc Prix","og_description":"Ecrinal Shampoing Anti-Pelliculaire 200ml","og_url":"https:\/\/vitablanca.ma\/en\/product\/ecrinal-shampoing-anti-pelliculaire-200ml\/","og_site_name":"Vitablanca.ma &ndash; Sant&eacute;, vitalit&eacute; et bien-&ecirc;tre pour tous les Marocains","article_publisher":"https:\/\/www.facebook.com\/profile.php?id=61576678196717","og_image":[{"width":1000,"height":1000,"url":"https:\/\/vitablanca.ma\/wp-content\/uploads\/2025\/06\/ECRINAL-SOINS-CAPPILAIRES-SHAMPOOING-ANTI-PELLICULAIRE-200-ML-Nova-para-Maroc.jpg","type":"image\/jpeg"}],"twitter_card":"summary_large_image","twitter_misc":{"Est. reading time":"2 minutes"},"schema":{"@context":"https:\/\/schema.org","@graph":[{"@type":["WebPage","ItemPage"],"@id":"https:\/\/vitablanca.ma\/produit\/ecrinal-shampoing-anti-pelliculaire-200ml\/","url":"https:\/\/vitablanca.ma\/produit\/ecrinal-shampoing-anti-pelliculaire-200ml\/","name":"Ecrinal Anti-Dandruff Shampoo 200ml - Morocco Price","isPartOf":{"@id":"https:\/\/vitablanca.ma\/#website"},"primaryImageOfPage":{"@id":"https:\/\/vitablanca.ma\/produit\/ecrinal-shampoing-anti-pelliculaire-200ml\/#primaryimage"},"image":{"@id":"https:\/\/vitablanca.ma\/produit\/ecrinal-shampoing-anti-pelliculaire-200ml\/#primaryimage"},"thumbnailUrl":"https:\/\/vitablanca.ma\/wp-content\/uploads\/2025\/06\/ECRINAL-SOINS-CAPPILAIRES-SHAMPOOING-ANTI-PELLICULAIRE-200-ML-Nova-para-Maroc.jpg","datePublished":"2025-06-10T17:00:53+00:00","description":"Ecrinal Anti-Dandruff Shampoo 200ml","breadcrumb":{"@id":"https:\/\/vitablanca.ma\/produit\/ecrinal-shampoing-anti-pelliculaire-200ml\/#breadcrumb"},"inLanguage":"en-US","potentialAction":[{"@type":"ReadAction","target":["https:\/\/vitablanca.ma\/produit\/ecrinal-shampoing-anti-pelliculaire-200ml\/"]}]},{"@type":"ImageObject","inLanguage":"en-US","@id":"https:\/\/vitablanca.ma\/produit\/ecrinal-shampoing-anti-pelliculaire-200ml\/#primaryimage","url":"https:\/\/vitablanca.ma\/wp-content\/uploads\/2025\/06\/ECRINAL-SOINS-CAPPILAIRES-SHAMPOOING-ANTI-PELLICULAIRE-200-ML-Nova-para-Maroc.jpg","contentUrl":"https:\/\/vitablanca.ma\/wp-content\/uploads\/2025\/06\/ECRINAL-SOINS-CAPPILAIRES-SHAMPOOING-ANTI-PELLICULAIRE-200-ML-Nova-para-Maroc.jpg","width":1000,"height":1000},{"@type":"BreadcrumbList","@id":"https:\/\/vitablanca.ma\/produit\/ecrinal-shampoing-anti-pelliculaire-200ml\/#breadcrumb","itemListElement":[{"@type":"ListItem","position":1,"name":"Home","item":"https:\/\/vitablanca.ma\/"},{"@type":"ListItem","position":2,"name":"Tous Les Produits","item":"https:\/\/vitablanca.ma\/tous-les-produits\/"},{"@type":"ListItem","position":3,"name":"Ecrinal Shampoing Anti-Pelliculaire 200ml"}]},{"@type":"WebSite","@id":"https:\/\/vitablanca.ma\/#website","url":"https:\/\/vitablanca.ma\/","name":"VitaBlanca.ma | Food supplements, health &amp; beauty in Morocco","description":"sell premium vitamins and supplements from USA &amp; Canada, New Zealand, Morocco (NOW Foods, Solgar, Manuka). Fast delivery anywhere in Morocco.","publisher":{"@id":"https:\/\/vitablanca.ma\/#organization"},"alternateName":"VitaBlanca.ma","potentialAction":[{"@type":"SearchAction","target":{"@type":"EntryPoint","urlTemplate":"https:\/\/vitablanca.ma\/?s={search_term_string}"},"query-input":{"@type":"PropertyValueSpecification","valueRequired":true,"valueName":"search_term_string"}}],"inLanguage":"en-US"},{"@type":"Organization","@id":"https:\/\/vitablanca.ma\/#organization","name":"VitaBlanca","url":"https:\/\/vitablanca.ma\/","logo":{"@type":"ImageObject","inLanguage":"en-US","@id":"https:\/\/vitablanca.ma\/#\/schema\/logo\/image\/","url":"https:\/\/vitablanca.ma\/wp-content\/uploads\/2025\/05\/cropped-vitablanca.png","contentUrl":"https:\/\/vitablanca.ma\/wp-content\/uploads\/2025\/05\/cropped-vitablanca.png","width":360,"height":67,"caption":"VitaBlanca"},"image":{"@id":"https:\/\/vitablanca.ma\/#\/schema\/logo\/image\/"},"sameAs":["https:\/\/www.facebook.com\/profile.php?id=61576678196717","https:\/\/www.tiktok.com\/@vitablanca.ma","https:\/\/www.instagram.com\/vitablanca.ma\/"]}]}},"jetpack_sharing_enabled":true,"_links":{"self":[{"href":"https:\/\/vitablanca.ma\/en\/wp-json\/wp\/v2\/product\/17424","targetHints":{"allow":["GET"]}}],"collection":[{"href":"https:\/\/vitablanca.ma\/en\/wp-json\/wp\/v2\/product"}],"about":[{"href":"https:\/\/vitablanca.ma\/en\/wp-json\/wp\/v2\/types\/product"}],"wp:featuredmedia":[{"embeddable":true,"href":"https:\/\/vitablanca.ma\/en\/wp-json\/wp\/v2\/media\/17421"}],"wp:attachment":[{"href":"https:\/\/vitablanca.ma\/en\/wp-json\/wp\/v2\/media?parent=17424"}],"wp:term":[{"taxonomy":"product_brand","embeddable":true,"href":"https:\/\/vitablanca.ma\/en\/wp-json\/wp\/v2\/product_brand?post=17424"},{"taxonomy":"product_cat","embeddable":true,"href":"https:\/\/vitablanca.ma\/en\/wp-json\/wp\/v2\/product_cat?post=17424"},{"taxonomy":"product_tag","embeddable":true,"href":"https:\/\/vitablanca.ma\/en\/wp-json\/wp\/v2\/product_tag?post=17424"}],"curies":[{"name":"wp","href":"https:\/\/api.w.org\/{rel}","templated":true}]}}