{"id":17419,"date":"2025-06-10T17:00:46","date_gmt":"2025-06-10T17:00:46","guid":{"rendered":"https:\/\/vitablanca.ma\/product\/ecrinal-soins-cappilaires-shampooing-cheveux-secs-200ml\/"},"modified":"2025-06-10T17:00:46","modified_gmt":"2025-06-10T17:00:46","slug":"ecrinal-soins-cappilaires-shampooing-cheveux-secs-200ml","status":"publish","type":"product","link":"https:\/\/vitablanca.ma\/en\/product\/ecrinal-soins-cappilaires-shampooing-cheveux-secs-200ml\/","title":{"rendered":"Ecrinal Hair Care Shampoo for Dry Hair 200ml"},"content":{"rendered":"<h2>Ecrinal Hair Care Dry Hair Shampoo gently cleanses the scalp without disturbing the natural balance of the sebaceous glands<\/h2>\n<p>This product is ideal for<span>\u00a0<\/span><strong>hair<\/strong><span>\u00a0<\/span>who have suffered aggressions due to external factors such as frequent bleaching, excessive use of straighteners, or prolonged exposure to the sun. It gently cleanses the scalp without disturbing the natural balance of the sebaceous glands, while restoring the<span>\u00a0<\/span><strong>hair<\/strong><span>\u00a0<\/span>their original shine.<\/p>\n<p>After a month of regular use, the<span>\u00a0<\/span><strong>hair<\/strong><span>\u00a0<\/span>appear visibly softer, hydrated and easier to style. The pleasant texture of the<span>\u00a0<\/span><strong>shampoo<\/strong><span>\u00a0<\/span>makes its application simple and pleasant, transforming each wash into a real moment of care.<\/p>\n<h3>Directions for use<\/h3>\n<div id=\"content-wrapper\" class=\"left-column col-xs-12 col-lg-9\">\n<div id=\"main-content\" class=\"product-container js-product-container\">\n<div id=\"wrapper-tab-product\" class=\"wc-tabs-wrapper tab-type-default tabs clearfix\">\n<div class=\"tab-content\">\n<div id=\"description\" class=\"wc-tab tab-pane active js-product-tab-active\">\n<div class=\"product-description\">\n<div id=\"content-wrapper\" class=\"left-column col-xs-12 col-lg-9\">\n<div id=\"main-content\" class=\"product-container js-product-container\">\n<div id=\"wrapper-tab-product\" class=\"wc-tabs-wrapper tab-type-default tabs clearfix\">\n<div class=\"tab-content\">\n<div id=\"description\" class=\"wc-tab tab-pane active js-product-tab-active\">\n<div class=\"product-description\">\n<p>For optimal results, it is recommended to use the<span>\u00a0<\/span><strong>shampoo<\/strong><span>\u00a0<\/span>Ecrinal for dry hair three times a week. Apply a small amount of product to wet hair. Gently massage the<strong><span>\u00a0<\/span>scalp<\/strong><span>\u00a0<\/span>and the lengths with the fingers to stimulate microcirculation and allow the active ingredients to penetrate the fiber well<span>\u00a0<\/span><strong>capillary<\/strong>. Rinse thoroughly with warm water to remove all traces of product, then air dry your hair or use a soft towel.<\/p>\n<\/div>\n<\/div>\n<\/div>\n<\/div>\n<\/div>\n<\/div>\n<\/div>\n<\/div>\n<\/div>\n<\/div>\n<\/div>\n<\/div>\n<h3>Composition<\/h3>\n<div class=\"tabs_area\">\n<div class=\"tab_content\">\n<div class=\"tab tab-content-1 tab_content_conseil-utilisation\">\n<div class=\"tabs_area\">\n<div class=\"tab_content\">\n<div class=\"tab tab-content-2 tab_content_composition\">INCI formula: Aqua, sodium laureth sulfate, sodium cocoamphoacetate, sodium lauroyl oat amino acids, propylene glycol, cocamide MIPA, PEG-12 dimethicone, fragance, PEG-120 methyl glucose dioleate, ethylene glycol distearate, capryloyl serine\/silk amino acids methyl esters, Vitis vinifera, acrylamidopropyltrimonium chloride\/acrylamide copolymer, lactic acid, tetrasodium EDTA, imidazolidinyl urea, phenoxyethanol, methylparaben, ethylparaben, propylparaben, butylparaben.<\/div>\n<\/div>\n<\/div>\n<\/div>\n<\/div>\n<\/div>","protected":false},"excerpt":{"rendered":"<p>Ecrinal Soins Cappilaires Shampooing Cheveux Secs permet de nettoyer en douceur le cuir chevelu sans perturber l&rsquo;\u00e9quilibre naturel des glandes s\u00e9bac\u00e9es Ce produit est id\u00e9al pour les\u00a0cheveux\u00a0qui ont subi des agressions dues \u00e0 des facteurs externes tels que des d\u00e9colorations fr\u00e9quentes, l&rsquo;utilisation excessive de fers \u00e0 lisser, ou une exposition prolong\u00e9e au soleil. Il permet [&hellip;]<\/p>\n","protected":false},"featured_media":17416,"template":"","meta":{"om_disable_all_campaigns":false},"product_brand":[],"product_cat":[15],"product_tag":[],"class_list":{"0":"post-17419","1":"product","2":"type-product","3":"status-publish","4":"has-post-thumbnail","6":"product_cat-beaute-sante-complements-alimentaires-soins-et-bien-etre-au-meilleur-prix","8":"first","9":"instock","10":"sale","11":"taxable","12":"shipping-taxable","13":"purchasable","14":"product-type-simple"},"yoast_head":"<!-- This site is optimized with the Yoast SEO plugin v27.3 - https:\/\/yoast.com\/product\/yoast-seo-wordpress\/ -->\n<title>Ecrinal Soins Cappilaires Shampooing Cheveux Secs 200ml - Maroc Prix<\/title>\n<meta name=\"description\" content=\"Ecrinal Soins Cappilaires Shampooing Cheveux Secs 200ml\" \/>\n<meta name=\"robots\" content=\"index, follow, max-snippet:-1, max-image-preview:large, max-video-preview:-1\" \/>\n<link rel=\"canonical\" href=\"https:\/\/vitablanca.ma\/en\/product\/ecrinal-soins-cappilaires-shampooing-cheveux-secs-200ml\/\" \/>\n<meta property=\"og:locale\" content=\"en_US\" \/>\n<meta property=\"og:type\" content=\"article\" \/>\n<meta property=\"og:title\" content=\"Ecrinal Soins Cappilaires Shampooing Cheveux Secs 200ml - Maroc Prix\" \/>\n<meta property=\"og:description\" content=\"Ecrinal Soins Cappilaires Shampooing Cheveux Secs 200ml\" \/>\n<meta property=\"og:url\" content=\"https:\/\/vitablanca.ma\/en\/product\/ecrinal-soins-cappilaires-shampooing-cheveux-secs-200ml\/\" \/>\n<meta property=\"og:site_name\" content=\"Vitablanca.ma &ndash; Sant&eacute;, vitalit&eacute; et bien-&ecirc;tre pour tous les Marocains\" \/>\n<meta property=\"article:publisher\" content=\"https:\/\/www.facebook.com\/profile.php?id=61576678196717\" \/>\n<meta property=\"og:image\" content=\"https:\/\/vitablanca.ma\/wp-content\/uploads\/2025\/06\/ECRINAL-SOINS-CAPPILAIRES-SHAMPOOING-CHEVEUX-SECS-200-ML-Nova-para-Maroc.jpg\" \/>\n\t<meta property=\"og:image:width\" content=\"1000\" \/>\n\t<meta property=\"og:image:height\" content=\"1000\" \/>\n\t<meta property=\"og:image:type\" content=\"image\/jpeg\" \/>\n<meta name=\"twitter:card\" content=\"summary_large_image\" \/>\n<meta name=\"twitter:label1\" content=\"Est. reading time\" \/>\n\t<meta name=\"twitter:data1\" content=\"1 minute\" \/>\n<script type=\"application\/ld+json\" class=\"yoast-schema-graph\">{\"@context\":\"https:\\\/\\\/schema.org\",\"@graph\":[{\"@type\":[\"WebPage\",\"ItemPage\"],\"@id\":\"https:\\\/\\\/vitablanca.ma\\\/produit\\\/ecrinal-soins-cappilaires-shampooing-cheveux-secs-200ml\\\/\",\"url\":\"https:\\\/\\\/vitablanca.ma\\\/produit\\\/ecrinal-soins-cappilaires-shampooing-cheveux-secs-200ml\\\/\",\"name\":\"Ecrinal Soins Cappilaires Shampooing Cheveux Secs 200ml - Maroc Prix\",\"isPartOf\":{\"@id\":\"https:\\\/\\\/vitablanca.ma\\\/#website\"},\"primaryImageOfPage\":{\"@id\":\"https:\\\/\\\/vitablanca.ma\\\/produit\\\/ecrinal-soins-cappilaires-shampooing-cheveux-secs-200ml\\\/#primaryimage\"},\"image\":{\"@id\":\"https:\\\/\\\/vitablanca.ma\\\/produit\\\/ecrinal-soins-cappilaires-shampooing-cheveux-secs-200ml\\\/#primaryimage\"},\"thumbnailUrl\":\"https:\\\/\\\/vitablanca.ma\\\/wp-content\\\/uploads\\\/2025\\\/06\\\/ECRINAL-SOINS-CAPPILAIRES-SHAMPOOING-CHEVEUX-SECS-200-ML-Nova-para-Maroc.jpg\",\"datePublished\":\"2025-06-10T17:00:46+00:00\",\"description\":\"Ecrinal Soins Cappilaires Shampooing Cheveux Secs 200ml\",\"breadcrumb\":{\"@id\":\"https:\\\/\\\/vitablanca.ma\\\/produit\\\/ecrinal-soins-cappilaires-shampooing-cheveux-secs-200ml\\\/#breadcrumb\"},\"inLanguage\":\"en-US\",\"potentialAction\":[{\"@type\":\"ReadAction\",\"target\":[\"https:\\\/\\\/vitablanca.ma\\\/produit\\\/ecrinal-soins-cappilaires-shampooing-cheveux-secs-200ml\\\/\"]}]},{\"@type\":\"ImageObject\",\"inLanguage\":\"en-US\",\"@id\":\"https:\\\/\\\/vitablanca.ma\\\/produit\\\/ecrinal-soins-cappilaires-shampooing-cheveux-secs-200ml\\\/#primaryimage\",\"url\":\"https:\\\/\\\/vitablanca.ma\\\/wp-content\\\/uploads\\\/2025\\\/06\\\/ECRINAL-SOINS-CAPPILAIRES-SHAMPOOING-CHEVEUX-SECS-200-ML-Nova-para-Maroc.jpg\",\"contentUrl\":\"https:\\\/\\\/vitablanca.ma\\\/wp-content\\\/uploads\\\/2025\\\/06\\\/ECRINAL-SOINS-CAPPILAIRES-SHAMPOOING-CHEVEUX-SECS-200-ML-Nova-para-Maroc.jpg\",\"width\":1000,\"height\":1000},{\"@type\":\"BreadcrumbList\",\"@id\":\"https:\\\/\\\/vitablanca.ma\\\/produit\\\/ecrinal-soins-cappilaires-shampooing-cheveux-secs-200ml\\\/#breadcrumb\",\"itemListElement\":[{\"@type\":\"ListItem\",\"position\":1,\"name\":\"Home\",\"item\":\"https:\\\/\\\/vitablanca.ma\\\/\"},{\"@type\":\"ListItem\",\"position\":2,\"name\":\"Tous Les Produits\",\"item\":\"https:\\\/\\\/vitablanca.ma\\\/tous-les-produits\\\/\"},{\"@type\":\"ListItem\",\"position\":3,\"name\":\"Ecrinal Soins Cappilaires Shampooing Cheveux Secs 200ml\"}]},{\"@type\":\"WebSite\",\"@id\":\"https:\\\/\\\/vitablanca.ma\\\/#website\",\"url\":\"https:\\\/\\\/vitablanca.ma\\\/\",\"name\":\"VitaBlanca.ma | Compl\u00e9ments alimentaires, sant\u00e9 & beaut\u00e9 au Maroc\",\"description\":\"vendre vitamines et compl\u00e9ments premium des USA &amp; Canada, Nouvelle Z\u00e9lande,Maroc (NOW Foods, Solgar, Manuka). Livraison rapide partout au Maroc.\",\"publisher\":{\"@id\":\"https:\\\/\\\/vitablanca.ma\\\/#organization\"},\"alternateName\":\"VitaBlanca.ma\",\"potentialAction\":[{\"@type\":\"SearchAction\",\"target\":{\"@type\":\"EntryPoint\",\"urlTemplate\":\"https:\\\/\\\/vitablanca.ma\\\/?s={search_term_string}\"},\"query-input\":{\"@type\":\"PropertyValueSpecification\",\"valueRequired\":true,\"valueName\":\"search_term_string\"}}],\"inLanguage\":\"en-US\"},{\"@type\":\"Organization\",\"@id\":\"https:\\\/\\\/vitablanca.ma\\\/#organization\",\"name\":\"VitaBlanca\",\"url\":\"https:\\\/\\\/vitablanca.ma\\\/\",\"logo\":{\"@type\":\"ImageObject\",\"inLanguage\":\"en-US\",\"@id\":\"https:\\\/\\\/vitablanca.ma\\\/#\\\/schema\\\/logo\\\/image\\\/\",\"url\":\"https:\\\/\\\/vitablanca.ma\\\/wp-content\\\/uploads\\\/2025\\\/05\\\/cropped-vitablanca.png\",\"contentUrl\":\"https:\\\/\\\/vitablanca.ma\\\/wp-content\\\/uploads\\\/2025\\\/05\\\/cropped-vitablanca.png\",\"width\":360,\"height\":67,\"caption\":\"VitaBlanca\"},\"image\":{\"@id\":\"https:\\\/\\\/vitablanca.ma\\\/#\\\/schema\\\/logo\\\/image\\\/\"},\"sameAs\":[\"https:\\\/\\\/www.facebook.com\\\/profile.php?id=61576678196717\",\"https:\\\/\\\/www.tiktok.com\\\/@vitablanca.ma\",\"https:\\\/\\\/www.instagram.com\\\/vitablanca.ma\\\/\"]}]}<\/script>\n<!-- \/ Yoast SEO plugin. -->","yoast_head_json":{"title":"Ecrinal Hair Care Shampoo for Dry Hair 200ml - Morocco Price","description":"Ecrinal Hair Care Shampoo for Dry Hair 200ml","robots":{"index":"index","follow":"follow","max-snippet":"max-snippet:-1","max-image-preview":"max-image-preview:large","max-video-preview":"max-video-preview:-1"},"canonical":"https:\/\/vitablanca.ma\/en\/product\/ecrinal-soins-cappilaires-shampooing-cheveux-secs-200ml\/","og_locale":"en_US","og_type":"article","og_title":"Ecrinal Soins Cappilaires Shampooing Cheveux Secs 200ml - Maroc Prix","og_description":"Ecrinal Soins Cappilaires Shampooing Cheveux Secs 200ml","og_url":"https:\/\/vitablanca.ma\/en\/product\/ecrinal-soins-cappilaires-shampooing-cheveux-secs-200ml\/","og_site_name":"Vitablanca.ma &ndash; Sant&eacute;, vitalit&eacute; et bien-&ecirc;tre pour tous les Marocains","article_publisher":"https:\/\/www.facebook.com\/profile.php?id=61576678196717","og_image":[{"width":1000,"height":1000,"url":"https:\/\/vitablanca.ma\/wp-content\/uploads\/2025\/06\/ECRINAL-SOINS-CAPPILAIRES-SHAMPOOING-CHEVEUX-SECS-200-ML-Nova-para-Maroc.jpg","type":"image\/jpeg"}],"twitter_card":"summary_large_image","twitter_misc":{"Est. reading time":"1 minute"},"schema":{"@context":"https:\/\/schema.org","@graph":[{"@type":["WebPage","ItemPage"],"@id":"https:\/\/vitablanca.ma\/produit\/ecrinal-soins-cappilaires-shampooing-cheveux-secs-200ml\/","url":"https:\/\/vitablanca.ma\/produit\/ecrinal-soins-cappilaires-shampooing-cheveux-secs-200ml\/","name":"Ecrinal Hair Care Shampoo for Dry Hair 200ml - Morocco Price","isPartOf":{"@id":"https:\/\/vitablanca.ma\/#website"},"primaryImageOfPage":{"@id":"https:\/\/vitablanca.ma\/produit\/ecrinal-soins-cappilaires-shampooing-cheveux-secs-200ml\/#primaryimage"},"image":{"@id":"https:\/\/vitablanca.ma\/produit\/ecrinal-soins-cappilaires-shampooing-cheveux-secs-200ml\/#primaryimage"},"thumbnailUrl":"https:\/\/vitablanca.ma\/wp-content\/uploads\/2025\/06\/ECRINAL-SOINS-CAPPILAIRES-SHAMPOOING-CHEVEUX-SECS-200-ML-Nova-para-Maroc.jpg","datePublished":"2025-06-10T17:00:46+00:00","description":"Ecrinal Hair Care Shampoo for Dry Hair 200ml","breadcrumb":{"@id":"https:\/\/vitablanca.ma\/produit\/ecrinal-soins-cappilaires-shampooing-cheveux-secs-200ml\/#breadcrumb"},"inLanguage":"en-US","potentialAction":[{"@type":"ReadAction","target":["https:\/\/vitablanca.ma\/produit\/ecrinal-soins-cappilaires-shampooing-cheveux-secs-200ml\/"]}]},{"@type":"ImageObject","inLanguage":"en-US","@id":"https:\/\/vitablanca.ma\/produit\/ecrinal-soins-cappilaires-shampooing-cheveux-secs-200ml\/#primaryimage","url":"https:\/\/vitablanca.ma\/wp-content\/uploads\/2025\/06\/ECRINAL-SOINS-CAPPILAIRES-SHAMPOOING-CHEVEUX-SECS-200-ML-Nova-para-Maroc.jpg","contentUrl":"https:\/\/vitablanca.ma\/wp-content\/uploads\/2025\/06\/ECRINAL-SOINS-CAPPILAIRES-SHAMPOOING-CHEVEUX-SECS-200-ML-Nova-para-Maroc.jpg","width":1000,"height":1000},{"@type":"BreadcrumbList","@id":"https:\/\/vitablanca.ma\/produit\/ecrinal-soins-cappilaires-shampooing-cheveux-secs-200ml\/#breadcrumb","itemListElement":[{"@type":"ListItem","position":1,"name":"Home","item":"https:\/\/vitablanca.ma\/"},{"@type":"ListItem","position":2,"name":"Tous Les Produits","item":"https:\/\/vitablanca.ma\/tous-les-produits\/"},{"@type":"ListItem","position":3,"name":"Ecrinal Soins Cappilaires Shampooing Cheveux Secs 200ml"}]},{"@type":"WebSite","@id":"https:\/\/vitablanca.ma\/#website","url":"https:\/\/vitablanca.ma\/","name":"VitaBlanca.ma | Food supplements, health &amp; beauty in Morocco","description":"sell premium vitamins and supplements from USA &amp; Canada, New Zealand, Morocco (NOW Foods, Solgar, Manuka). Fast delivery anywhere in Morocco.","publisher":{"@id":"https:\/\/vitablanca.ma\/#organization"},"alternateName":"VitaBlanca.ma","potentialAction":[{"@type":"SearchAction","target":{"@type":"EntryPoint","urlTemplate":"https:\/\/vitablanca.ma\/?s={search_term_string}"},"query-input":{"@type":"PropertyValueSpecification","valueRequired":true,"valueName":"search_term_string"}}],"inLanguage":"en-US"},{"@type":"Organization","@id":"https:\/\/vitablanca.ma\/#organization","name":"VitaBlanca","url":"https:\/\/vitablanca.ma\/","logo":{"@type":"ImageObject","inLanguage":"en-US","@id":"https:\/\/vitablanca.ma\/#\/schema\/logo\/image\/","url":"https:\/\/vitablanca.ma\/wp-content\/uploads\/2025\/05\/cropped-vitablanca.png","contentUrl":"https:\/\/vitablanca.ma\/wp-content\/uploads\/2025\/05\/cropped-vitablanca.png","width":360,"height":67,"caption":"VitaBlanca"},"image":{"@id":"https:\/\/vitablanca.ma\/#\/schema\/logo\/image\/"},"sameAs":["https:\/\/www.facebook.com\/profile.php?id=61576678196717","https:\/\/www.tiktok.com\/@vitablanca.ma","https:\/\/www.instagram.com\/vitablanca.ma\/"]}]}},"jetpack_sharing_enabled":true,"_links":{"self":[{"href":"https:\/\/vitablanca.ma\/en\/wp-json\/wp\/v2\/product\/17419","targetHints":{"allow":["GET"]}}],"collection":[{"href":"https:\/\/vitablanca.ma\/en\/wp-json\/wp\/v2\/product"}],"about":[{"href":"https:\/\/vitablanca.ma\/en\/wp-json\/wp\/v2\/types\/product"}],"wp:featuredmedia":[{"embeddable":true,"href":"https:\/\/vitablanca.ma\/en\/wp-json\/wp\/v2\/media\/17416"}],"wp:attachment":[{"href":"https:\/\/vitablanca.ma\/en\/wp-json\/wp\/v2\/media?parent=17419"}],"wp:term":[{"taxonomy":"product_brand","embeddable":true,"href":"https:\/\/vitablanca.ma\/en\/wp-json\/wp\/v2\/product_brand?post=17419"},{"taxonomy":"product_cat","embeddable":true,"href":"https:\/\/vitablanca.ma\/en\/wp-json\/wp\/v2\/product_cat?post=17419"},{"taxonomy":"product_tag","embeddable":true,"href":"https:\/\/vitablanca.ma\/en\/wp-json\/wp\/v2\/product_tag?post=17419"}],"curies":[{"name":"wp","href":"https:\/\/api.w.org\/{rel}","templated":true}]}}