{"id":17418,"date":"2025-06-10T17:00:43","date_gmt":"2025-06-10T17:00:43","guid":{"rendered":"https:\/\/vitablanca.ma\/product\/ducray-keracnyl-glycolic-creme-desincrustante-30ml\/"},"modified":"2025-06-10T17:00:43","modified_gmt":"2025-06-10T17:00:43","slug":"ducray-keracnyl-glycolic-creme-desincrustante-30ml","status":"publish","type":"product","link":"https:\/\/vitablanca.ma\/en\/product\/ducray-keracnyl-glycolic-creme-desincrustante-30ml\/","title":{"rendered":"Ducray KERACNYL GLYCOLIC+ Deep Cleansing Cream 30ml"},"content":{"rendered":"<h2>Ducray KERACNYL GLYCOLIC+ Deep Cleansing Cream\u00a0<span data-mce-fragment=\"1\">Applied daily after cleansing the skin<\/span><br \/>\n<\/h2>\n<div class=\"block-content\">\n<p>KERACNYL GLYCOLIC+ cream targets blackheads and blemishes in young or adult acne-prone skin and helps them disappear.<br \/>It also fights shine by regulating excessive sebum production and smoothes skin texture.<br \/>Applied daily after cleansing the skin, it makes a very good makeup base.<\/p>\n<\/div>\n<div class=\"block-content has-heading\">\n<div class=\"block-content-heading\">\n<h3 id=\"\" class=\"\">Advantage<\/h3>\n<\/div>\n<p>Thanks to the action of glycolic acid, KERACNYL GLYCOLIC+ cream targets blackheads in young or adult acne-prone skin and helps them disappear after 2 days*.<\/p>\n<div class=\"block-content-heading\">\n<h3 id=\"\" class=\"\">Benefits<\/h3>\n<\/div>\n<p>\u2022 PROMOTES the disappearance of blackheads with GLYCOLIC ACID, a keratolytic active ingredient, which unclogs pores and allows gentle exfoliation of the skin<br \/>\u2022 PROMOTES the rebalancing of bacterial flora and helps eliminate spots with the natural extract of MYRTACINE\u00ae<br \/>\u2022 CAN BE USED as a makeup base<\/p>\n<div class=\"block-heading\">\n<div class=\"block-heading-title\">\n<h2 class=\"block-name\">Application tips<\/h2>\n<\/div>\n<\/div>\n<div class=\"bloc-pictos__wrap bloc-pictos__items\">\n<div class=\"bloc-pictos__item bloc-pictos__item-0\">\n<img decoding=\"async\" alt=\"Step 1\" src=\"https:\/\/www.ducray.com\/var\/dfp\/storage\/original\/image\/600b499816fbc394cd47c0ca8cf254b7.svg\" class=\"bloc-pictos__img\" loading=\"lazy\"><\/p>\n<h3 id=\"\" class=\"bloc-pictos__title\">Step 1<\/h3>\n<p class=\"bloc-pictos__desc\">Before using the cream, first clean your face with KERACNYL Foaming Gel<\/p>\n<\/div>\n<div class=\"bloc-pictos__item bloc-pictos__item-1\">\n<img decoding=\"async\" alt=\"Step 2\" src=\"https:\/\/www.ducray.com\/var\/dfp\/storage\/original\/image\/9ef7a508bafbeed2a074536f16273af4.svg\" class=\"bloc-pictos__img\" loading=\"lazy\"><\/p>\n<h3 id=\"\" class=\"bloc-pictos__title\">Step 2<\/h3>\n<p class=\"bloc-pictos__desc\">Apply the cream 1 to 2 times a day to dry skin<\/p>\n<\/div>\n<div class=\"bloc-pictos__item bloc-pictos__item-2\">\n<img decoding=\"async\" alt=\"Precautions for use\" src=\"https:\/\/www.ducray.com\/var\/dfp\/storage\/images\/_aliases\/icon_image_64x64\/9\/0\/9\/6\/11286909-2-fre-FR\/e11825dd203b-logo-oeil-barre-png\" class=\"bloc-pictos__img\" loading=\"lazy\"><\/p>\n<h3 id=\"\" class=\"bloc-pictos__title\">Precautions for use<\/h3>\n<p class=\"bloc-pictos__desc\">Avoid contact with eyes<\/p>\n<\/div>\n<div class=\"bloc-pictos__item bloc-pictos__item-3\">\n<img decoding=\"async\" alt=\"Precautions for use\" src=\"https:\/\/www.ducray.com\/var\/dfp\/storage\/original\/image\/90df60affbebdf19958fff33e8b47f98.png\" class=\"bloc-pictos__img\" loading=\"lazy\"><\/p>\n<h3 id=\"\" class=\"bloc-pictos__title\">Precautions for use<\/h3>\n<p class=\"bloc-pictos__desc\">Limit sun exposure while using the product or use sunscreen<\/p>\n<\/div>\n<\/div>\n<\/div>\n<div class=\"product-categories\">\n<div class=\"categories-table\">\n<div class=\"categories-row\">\n<div class=\"category-content\">\n<div data-dc-js-cs-role=\"content\" class=\"product-collapsible-sections_item_content\">\n<div class=\"field-collection-container clearfix\">\n<div aria-expanded=\"true\" data-readmore=\"\" class=\"product-collapsible-sections_item_subcontent readmore-add-processed\"><\/div>\n<\/div>\n<\/div>\n<\/div>\n<\/div>\n<\/div>\n<\/div>","protected":false},"excerpt":{"rendered":"<p>Ducray KERACNYL GLYCOLIC+ Cr\u00e8me d\u00e9sincrustante\u00a0Appliqu\u00e9e quotidiennement apr\u00e8s le nettoyage de la peau La\u00a0cr\u00e8me\u00a0KERACNYL GLYCOLIC+\u00a0cible les points noirs et les imperfections des peaux jeunes ou adultes \u00e0 tendance acn\u00e9ique et favorise leur disparition.Elle lutte \u00e9galement contre la brillance en r\u00e9gulant la production excessive de s\u00e9bum et lisse le grain de peau.Appliqu\u00e9e quotidiennement apr\u00e8s le nettoyage de [&hellip;]<\/p>\n","protected":false},"featured_media":17405,"template":"","meta":{"om_disable_all_campaigns":false},"product_brand":[],"product_cat":[15],"product_tag":[],"class_list":{"0":"post-17418","1":"product","2":"type-product","3":"status-publish","4":"has-post-thumbnail","6":"product_cat-beaute-sante-complements-alimentaires-soins-et-bien-etre-au-meilleur-prix","8":"first","9":"instock","10":"sale","11":"taxable","12":"shipping-taxable","13":"purchasable","14":"product-type-simple"},"yoast_head":"<!-- This site is optimized with the Yoast SEO plugin v27.3 - https:\/\/yoast.com\/product\/yoast-seo-wordpress\/ -->\n<title>Ducray KERACNYL GLYCOLIC+ Cr\u00e8me d\u00e9sincrustante 30ml - Maroc Prix<\/title>\n<meta name=\"description\" content=\"Ducray KERACNYL GLYCOLIC+ Cr\u00e8me d\u00e9sincrustante 30ml\" \/>\n<meta name=\"robots\" content=\"index, follow, max-snippet:-1, max-image-preview:large, max-video-preview:-1\" \/>\n<link rel=\"canonical\" href=\"https:\/\/vitablanca.ma\/en\/product\/ducray-keracnyl-glycolic-creme-desincrustante-30ml\/\" \/>\n<meta property=\"og:locale\" content=\"en_US\" \/>\n<meta property=\"og:type\" content=\"article\" \/>\n<meta property=\"og:title\" content=\"Ducray KERACNYL GLYCOLIC+ Cr\u00e8me d\u00e9sincrustante 30ml - Maroc Prix\" \/>\n<meta property=\"og:description\" content=\"Ducray KERACNYL GLYCOLIC+ Cr\u00e8me d\u00e9sincrustante 30ml\" \/>\n<meta property=\"og:url\" content=\"https:\/\/vitablanca.ma\/en\/product\/ducray-keracnyl-glycolic-creme-desincrustante-30ml\/\" \/>\n<meta property=\"og:site_name\" content=\"Vitablanca.ma &ndash; Sant&eacute;, vitalit&eacute; et bien-&ecirc;tre pour tous les Marocains\" \/>\n<meta property=\"article:publisher\" content=\"https:\/\/www.facebook.com\/profile.php?id=61576678196717\" \/>\n<meta property=\"og:image\" content=\"https:\/\/vitablanca.ma\/wp-content\/uploads\/2025\/06\/Ducray-KERACNYL-GLYCOLIC_-Creme-desincrustante-30ml-novaparapharmacie-maroc.jpg\" \/>\n\t<meta property=\"og:image:width\" content=\"1000\" \/>\n\t<meta property=\"og:image:height\" content=\"1000\" \/>\n\t<meta property=\"og:image:type\" content=\"image\/jpeg\" \/>\n<meta name=\"twitter:card\" content=\"summary_large_image\" \/>\n<meta name=\"twitter:label1\" content=\"Est. reading time\" \/>\n\t<meta name=\"twitter:data1\" content=\"1 minute\" \/>\n<script type=\"application\/ld+json\" class=\"yoast-schema-graph\">{\"@context\":\"https:\\\/\\\/schema.org\",\"@graph\":[{\"@type\":[\"WebPage\",\"ItemPage\"],\"@id\":\"https:\\\/\\\/vitablanca.ma\\\/produit\\\/ducray-keracnyl-glycolic-creme-desincrustante-30ml\\\/\",\"url\":\"https:\\\/\\\/vitablanca.ma\\\/produit\\\/ducray-keracnyl-glycolic-creme-desincrustante-30ml\\\/\",\"name\":\"Ducray KERACNYL GLYCOLIC+ Cr\u00e8me d\u00e9sincrustante 30ml - Maroc Prix\",\"isPartOf\":{\"@id\":\"https:\\\/\\\/vitablanca.ma\\\/#website\"},\"primaryImageOfPage\":{\"@id\":\"https:\\\/\\\/vitablanca.ma\\\/produit\\\/ducray-keracnyl-glycolic-creme-desincrustante-30ml\\\/#primaryimage\"},\"image\":{\"@id\":\"https:\\\/\\\/vitablanca.ma\\\/produit\\\/ducray-keracnyl-glycolic-creme-desincrustante-30ml\\\/#primaryimage\"},\"thumbnailUrl\":\"https:\\\/\\\/vitablanca.ma\\\/wp-content\\\/uploads\\\/2025\\\/06\\\/Ducray-KERACNYL-GLYCOLIC_-Creme-desincrustante-30ml-novaparapharmacie-maroc.jpg\",\"datePublished\":\"2025-06-10T17:00:43+00:00\",\"description\":\"Ducray KERACNYL GLYCOLIC+ Cr\u00e8me d\u00e9sincrustante 30ml\",\"breadcrumb\":{\"@id\":\"https:\\\/\\\/vitablanca.ma\\\/produit\\\/ducray-keracnyl-glycolic-creme-desincrustante-30ml\\\/#breadcrumb\"},\"inLanguage\":\"en-US\",\"potentialAction\":[{\"@type\":\"ReadAction\",\"target\":[\"https:\\\/\\\/vitablanca.ma\\\/produit\\\/ducray-keracnyl-glycolic-creme-desincrustante-30ml\\\/\"]}]},{\"@type\":\"ImageObject\",\"inLanguage\":\"en-US\",\"@id\":\"https:\\\/\\\/vitablanca.ma\\\/produit\\\/ducray-keracnyl-glycolic-creme-desincrustante-30ml\\\/#primaryimage\",\"url\":\"https:\\\/\\\/vitablanca.ma\\\/wp-content\\\/uploads\\\/2025\\\/06\\\/Ducray-KERACNYL-GLYCOLIC_-Creme-desincrustante-30ml-novaparapharmacie-maroc.jpg\",\"contentUrl\":\"https:\\\/\\\/vitablanca.ma\\\/wp-content\\\/uploads\\\/2025\\\/06\\\/Ducray-KERACNYL-GLYCOLIC_-Creme-desincrustante-30ml-novaparapharmacie-maroc.jpg\",\"width\":1000,\"height\":1000},{\"@type\":\"BreadcrumbList\",\"@id\":\"https:\\\/\\\/vitablanca.ma\\\/produit\\\/ducray-keracnyl-glycolic-creme-desincrustante-30ml\\\/#breadcrumb\",\"itemListElement\":[{\"@type\":\"ListItem\",\"position\":1,\"name\":\"Home\",\"item\":\"https:\\\/\\\/vitablanca.ma\\\/\"},{\"@type\":\"ListItem\",\"position\":2,\"name\":\"Tous Les Produits\",\"item\":\"https:\\\/\\\/vitablanca.ma\\\/tous-les-produits\\\/\"},{\"@type\":\"ListItem\",\"position\":3,\"name\":\"Ducray KERACNYL GLYCOLIC+ Cr\u00e8me d\u00e9sincrustante 30ml\"}]},{\"@type\":\"WebSite\",\"@id\":\"https:\\\/\\\/vitablanca.ma\\\/#website\",\"url\":\"https:\\\/\\\/vitablanca.ma\\\/\",\"name\":\"VitaBlanca.ma | Compl\u00e9ments alimentaires, sant\u00e9 & beaut\u00e9 au Maroc\",\"description\":\"vendre vitamines et compl\u00e9ments premium des USA &amp; Canada, Nouvelle Z\u00e9lande,Maroc (NOW Foods, Solgar, Manuka). Livraison rapide partout au Maroc.\",\"publisher\":{\"@id\":\"https:\\\/\\\/vitablanca.ma\\\/#organization\"},\"alternateName\":\"VitaBlanca.ma\",\"potentialAction\":[{\"@type\":\"SearchAction\",\"target\":{\"@type\":\"EntryPoint\",\"urlTemplate\":\"https:\\\/\\\/vitablanca.ma\\\/?s={search_term_string}\"},\"query-input\":{\"@type\":\"PropertyValueSpecification\",\"valueRequired\":true,\"valueName\":\"search_term_string\"}}],\"inLanguage\":\"en-US\"},{\"@type\":\"Organization\",\"@id\":\"https:\\\/\\\/vitablanca.ma\\\/#organization\",\"name\":\"VitaBlanca\",\"url\":\"https:\\\/\\\/vitablanca.ma\\\/\",\"logo\":{\"@type\":\"ImageObject\",\"inLanguage\":\"en-US\",\"@id\":\"https:\\\/\\\/vitablanca.ma\\\/#\\\/schema\\\/logo\\\/image\\\/\",\"url\":\"https:\\\/\\\/vitablanca.ma\\\/wp-content\\\/uploads\\\/2025\\\/05\\\/cropped-vitablanca.png\",\"contentUrl\":\"https:\\\/\\\/vitablanca.ma\\\/wp-content\\\/uploads\\\/2025\\\/05\\\/cropped-vitablanca.png\",\"width\":360,\"height\":67,\"caption\":\"VitaBlanca\"},\"image\":{\"@id\":\"https:\\\/\\\/vitablanca.ma\\\/#\\\/schema\\\/logo\\\/image\\\/\"},\"sameAs\":[\"https:\\\/\\\/www.facebook.com\\\/profile.php?id=61576678196717\",\"https:\\\/\\\/www.tiktok.com\\\/@vitablanca.ma\",\"https:\\\/\\\/www.instagram.com\\\/vitablanca.ma\\\/\"]}]}<\/script>\n<!-- \/ Yoast SEO plugin. -->","yoast_head_json":{"title":"Ducray KERACNYL GLYCOLIC+ Deep Cleansing Cream 30ml - Morocco Price","description":"Ducray KERACNYL GLYCOLIC+ Deep Cleansing Cream 30ml","robots":{"index":"index","follow":"follow","max-snippet":"max-snippet:-1","max-image-preview":"max-image-preview:large","max-video-preview":"max-video-preview:-1"},"canonical":"https:\/\/vitablanca.ma\/en\/product\/ducray-keracnyl-glycolic-creme-desincrustante-30ml\/","og_locale":"en_US","og_type":"article","og_title":"Ducray KERACNYL GLYCOLIC+ Cr\u00e8me d\u00e9sincrustante 30ml - Maroc Prix","og_description":"Ducray KERACNYL GLYCOLIC+ Cr\u00e8me d\u00e9sincrustante 30ml","og_url":"https:\/\/vitablanca.ma\/en\/product\/ducray-keracnyl-glycolic-creme-desincrustante-30ml\/","og_site_name":"Vitablanca.ma &ndash; Sant&eacute;, vitalit&eacute; et bien-&ecirc;tre pour tous les Marocains","article_publisher":"https:\/\/www.facebook.com\/profile.php?id=61576678196717","og_image":[{"width":1000,"height":1000,"url":"https:\/\/vitablanca.ma\/wp-content\/uploads\/2025\/06\/Ducray-KERACNYL-GLYCOLIC_-Creme-desincrustante-30ml-novaparapharmacie-maroc.jpg","type":"image\/jpeg"}],"twitter_card":"summary_large_image","twitter_misc":{"Est. reading time":"1 minute"},"schema":{"@context":"https:\/\/schema.org","@graph":[{"@type":["WebPage","ItemPage"],"@id":"https:\/\/vitablanca.ma\/produit\/ducray-keracnyl-glycolic-creme-desincrustante-30ml\/","url":"https:\/\/vitablanca.ma\/produit\/ducray-keracnyl-glycolic-creme-desincrustante-30ml\/","name":"Ducray KERACNYL GLYCOLIC+ Deep Cleansing Cream 30ml - Morocco Price","isPartOf":{"@id":"https:\/\/vitablanca.ma\/#website"},"primaryImageOfPage":{"@id":"https:\/\/vitablanca.ma\/produit\/ducray-keracnyl-glycolic-creme-desincrustante-30ml\/#primaryimage"},"image":{"@id":"https:\/\/vitablanca.ma\/produit\/ducray-keracnyl-glycolic-creme-desincrustante-30ml\/#primaryimage"},"thumbnailUrl":"https:\/\/vitablanca.ma\/wp-content\/uploads\/2025\/06\/Ducray-KERACNYL-GLYCOLIC_-Creme-desincrustante-30ml-novaparapharmacie-maroc.jpg","datePublished":"2025-06-10T17:00:43+00:00","description":"Ducray KERACNYL GLYCOLIC+ Deep Cleansing Cream 30ml","breadcrumb":{"@id":"https:\/\/vitablanca.ma\/produit\/ducray-keracnyl-glycolic-creme-desincrustante-30ml\/#breadcrumb"},"inLanguage":"en-US","potentialAction":[{"@type":"ReadAction","target":["https:\/\/vitablanca.ma\/produit\/ducray-keracnyl-glycolic-creme-desincrustante-30ml\/"]}]},{"@type":"ImageObject","inLanguage":"en-US","@id":"https:\/\/vitablanca.ma\/produit\/ducray-keracnyl-glycolic-creme-desincrustante-30ml\/#primaryimage","url":"https:\/\/vitablanca.ma\/wp-content\/uploads\/2025\/06\/Ducray-KERACNYL-GLYCOLIC_-Creme-desincrustante-30ml-novaparapharmacie-maroc.jpg","contentUrl":"https:\/\/vitablanca.ma\/wp-content\/uploads\/2025\/06\/Ducray-KERACNYL-GLYCOLIC_-Creme-desincrustante-30ml-novaparapharmacie-maroc.jpg","width":1000,"height":1000},{"@type":"BreadcrumbList","@id":"https:\/\/vitablanca.ma\/produit\/ducray-keracnyl-glycolic-creme-desincrustante-30ml\/#breadcrumb","itemListElement":[{"@type":"ListItem","position":1,"name":"Home","item":"https:\/\/vitablanca.ma\/"},{"@type":"ListItem","position":2,"name":"Tous Les Produits","item":"https:\/\/vitablanca.ma\/tous-les-produits\/"},{"@type":"ListItem","position":3,"name":"Ducray KERACNYL GLYCOLIC+ Cr\u00e8me d\u00e9sincrustante 30ml"}]},{"@type":"WebSite","@id":"https:\/\/vitablanca.ma\/#website","url":"https:\/\/vitablanca.ma\/","name":"VitaBlanca.ma | Food supplements, health &amp; beauty in Morocco","description":"sell premium vitamins and supplements from USA &amp; Canada, New Zealand, Morocco (NOW Foods, Solgar, Manuka). Fast delivery anywhere in Morocco.","publisher":{"@id":"https:\/\/vitablanca.ma\/#organization"},"alternateName":"VitaBlanca.ma","potentialAction":[{"@type":"SearchAction","target":{"@type":"EntryPoint","urlTemplate":"https:\/\/vitablanca.ma\/?s={search_term_string}"},"query-input":{"@type":"PropertyValueSpecification","valueRequired":true,"valueName":"search_term_string"}}],"inLanguage":"en-US"},{"@type":"Organization","@id":"https:\/\/vitablanca.ma\/#organization","name":"VitaBlanca","url":"https:\/\/vitablanca.ma\/","logo":{"@type":"ImageObject","inLanguage":"en-US","@id":"https:\/\/vitablanca.ma\/#\/schema\/logo\/image\/","url":"https:\/\/vitablanca.ma\/wp-content\/uploads\/2025\/05\/cropped-vitablanca.png","contentUrl":"https:\/\/vitablanca.ma\/wp-content\/uploads\/2025\/05\/cropped-vitablanca.png","width":360,"height":67,"caption":"VitaBlanca"},"image":{"@id":"https:\/\/vitablanca.ma\/#\/schema\/logo\/image\/"},"sameAs":["https:\/\/www.facebook.com\/profile.php?id=61576678196717","https:\/\/www.tiktok.com\/@vitablanca.ma","https:\/\/www.instagram.com\/vitablanca.ma\/"]}]}},"jetpack_sharing_enabled":true,"_links":{"self":[{"href":"https:\/\/vitablanca.ma\/en\/wp-json\/wp\/v2\/product\/17418","targetHints":{"allow":["GET"]}}],"collection":[{"href":"https:\/\/vitablanca.ma\/en\/wp-json\/wp\/v2\/product"}],"about":[{"href":"https:\/\/vitablanca.ma\/en\/wp-json\/wp\/v2\/types\/product"}],"wp:featuredmedia":[{"embeddable":true,"href":"https:\/\/vitablanca.ma\/en\/wp-json\/wp\/v2\/media\/17405"}],"wp:attachment":[{"href":"https:\/\/vitablanca.ma\/en\/wp-json\/wp\/v2\/media?parent=17418"}],"wp:term":[{"taxonomy":"product_brand","embeddable":true,"href":"https:\/\/vitablanca.ma\/en\/wp-json\/wp\/v2\/product_brand?post=17418"},{"taxonomy":"product_cat","embeddable":true,"href":"https:\/\/vitablanca.ma\/en\/wp-json\/wp\/v2\/product_cat?post=17418"},{"taxonomy":"product_tag","embeddable":true,"href":"https:\/\/vitablanca.ma\/en\/wp-json\/wp\/v2\/product_tag?post=17418"}],"curies":[{"name":"wp","href":"https:\/\/api.w.org\/{rel}","templated":true}]}}