{"id":17389,"date":"2025-06-10T17:00:18","date_gmt":"2025-06-10T17:00:18","guid":{"rendered":"https:\/\/vitablanca.ma\/product\/ecrinal-anp-2-shampoing-homme-cheveux-200ml\/"},"modified":"2025-06-10T17:00:18","modified_gmt":"2025-06-10T17:00:18","slug":"ecrinal-anp-2-shampoing-homme-cheveux-200ml","status":"publish","type":"product","link":"https:\/\/vitablanca.ma\/en\/product\/ecrinal-anp-2-shampoing-homme-cheveux-200ml\/","title":{"rendered":"Ecrinal ANP 2+ Men&#039;s Hair Shampoo 200ml"},"content":{"rendered":"<h2 data-mce-fragment=\"1\">Ecrinal ANP 2+ Men&#039;s Hair Shampoo\u00a0<span data-mce-fragment=\"1\">\u00a0Gently cleanses hair without irritating the scalp.\u00a0<\/span><br \/>\n<\/h2>\n<p data-mce-fragment=\"1\">ECRINAL\u00ae Shampoo with ANP\u00ae2+ gently cleanses hair without irritating the scalp. It stimulates the roots and strengthens the hair. Its use is particularly indicated in the case of anti-hair loss treatment.<\/p>\n<h3 data-mce-fragment=\"1\"><strong data-mce-fragment=\"1\">Indications<\/strong><\/h3>\n<p data-mce-fragment=\"1\">Anti-hair loss treatment<br data-mce-fragment=\"1\">Thinning hair and all hair types<\/p>\n<h3 data-mce-fragment=\"1\"><strong data-mce-fragment=\"1\">Directions for use<\/strong><\/h3>\n<p data-mce-fragment=\"1\">Apply to wet hair. Massage into scalp and hair, then leave on for 1 minute. Rinse. If necessary, shampoo again. Rinse thoroughly and dry hair.<\/p>\n<h3 data-mce-fragment=\"1\"><strong data-mce-fragment=\"1\">Main assets<\/strong><\/h3>\n<p data-mce-fragment=\"1\">ANP\u00ae2+: patented thiolipid complex, D Panthenol, ultra-gentle cleansing base<\/p>\n<h3 data-mce-fragment=\"1\"><strong data-mce-fragment=\"1\">Composition<\/strong><\/h3>\n<p data-mce-fragment=\"1\">AQUA (WATER) (FRAGRANCE), LACTIC ACID, ACRYLAMIDOPROPYLTRIMONIUM CHLORIDE \/ ACRYLAMIDECOPOLYMER, GLYCOL DISTEARATE, TETRASODIUM EDTA, IMIDAZOLIDINYLUREA, PHENOXYETHANOL, CHLORPHENESIN, METHYLPARABEN, PROPYLPARABEN, BENZYL SALICYLATE, BUTYLPHENYL METHYLPROPIONAL, CITRONELLOL, GERANIOL, HEXYL CINNAMAL, HYDROXYISOHEXYL-3-CYCLOHEXENE, CARBOHALDEHYDE, D-LIMONENE, LINALOOL<\/p>","protected":false},"excerpt":{"rendered":"<p>Ecrinal ANP 2+ Shampoing Homme Cheveux\u00a0\u00a0nettoie en douceur les cheveux sans irriter le cuir chevelu.\u00a0 Le Shampooing ECRINAL\u00ae \u00e0 l\u2019A.N.P\u00ae2+ nettoie en douceur les cheveux sans irriter le cuir chevelu. Il exerce une action stimulante sur la racine et fortifie le cheveu. Son utilisation est particuli\u00e8rement indiqu\u00e9e dans le cas d\u2019un traitement anti-chute. Indications Traitement [&hellip;]<\/p>\n","protected":false},"featured_media":17387,"template":"","meta":{"om_disable_all_campaigns":false},"product_brand":[],"product_cat":[15],"product_tag":[],"class_list":{"0":"post-17389","1":"product","2":"type-product","3":"status-publish","4":"has-post-thumbnail","6":"product_cat-beaute-sante-complements-alimentaires-soins-et-bien-etre-au-meilleur-prix","8":"first","9":"instock","10":"sale","11":"taxable","12":"shipping-taxable","13":"purchasable","14":"product-type-simple"},"yoast_head":"<!-- This site is optimized with the Yoast SEO plugin v27.5 - https:\/\/yoast.com\/product\/yoast-seo-wordpress\/ -->\n<title>Ecrinal ANP 2+ Shampoing Homme Cheveux 200ml - Maroc Prix<\/title>\n<meta name=\"description\" content=\"Ecrinal ANP 2+ Shampoing Homme Cheveux 200ml\" \/>\n<meta name=\"robots\" content=\"index, follow, max-snippet:-1, max-image-preview:large, max-video-preview:-1\" \/>\n<link rel=\"canonical\" href=\"https:\/\/vitablanca.ma\/en\/product\/ecrinal-anp-2-shampoing-homme-cheveux-200ml\/\" \/>\n<meta property=\"og:locale\" content=\"en_US\" \/>\n<meta property=\"og:type\" content=\"article\" \/>\n<meta property=\"og:title\" content=\"Ecrinal ANP 2+ Shampoing Homme Cheveux 200ml - Maroc Prix\" \/>\n<meta property=\"og:description\" content=\"Ecrinal ANP 2+ Shampoing Homme Cheveux 200ml\" \/>\n<meta property=\"og:url\" content=\"https:\/\/vitablanca.ma\/en\/product\/ecrinal-anp-2-shampoing-homme-cheveux-200ml\/\" \/>\n<meta property=\"og:site_name\" content=\"Vitablanca.ma &ndash; Sant&eacute;, vitalit&eacute; et bien-&ecirc;tre pour tous les Marocains\" \/>\n<meta property=\"article:publisher\" content=\"https:\/\/www.facebook.com\/profile.php?id=61576678196717\" \/>\n<meta property=\"og:image\" content=\"https:\/\/vitablanca.ma\/wp-content\/uploads\/2025\/06\/Ecrinal-ANP-2_-Shampoing-Homme-Cheveux-200ml-nova-parapharmacie-maroc.jpg\" \/>\n\t<meta property=\"og:image:width\" content=\"1000\" \/>\n\t<meta property=\"og:image:height\" content=\"1000\" \/>\n\t<meta property=\"og:image:type\" content=\"image\/jpeg\" \/>\n<meta name=\"twitter:card\" content=\"summary_large_image\" \/>\n<meta name=\"twitter:label1\" content=\"Est. reading time\" \/>\n\t<meta name=\"twitter:data1\" content=\"1 minute\" \/>\n<script type=\"application\/ld+json\" class=\"yoast-schema-graph\">{\"@context\":\"https:\\\/\\\/schema.org\",\"@graph\":[{\"@type\":[\"WebPage\",\"ItemPage\"],\"@id\":\"https:\\\/\\\/vitablanca.ma\\\/produit\\\/ecrinal-anp-2-shampoing-homme-cheveux-200ml\\\/\",\"url\":\"https:\\\/\\\/vitablanca.ma\\\/produit\\\/ecrinal-anp-2-shampoing-homme-cheveux-200ml\\\/\",\"name\":\"Ecrinal ANP 2+ Shampoing Homme Cheveux 200ml - Maroc Prix\",\"isPartOf\":{\"@id\":\"https:\\\/\\\/vitablanca.ma\\\/#website\"},\"primaryImageOfPage\":{\"@id\":\"https:\\\/\\\/vitablanca.ma\\\/produit\\\/ecrinal-anp-2-shampoing-homme-cheveux-200ml\\\/#primaryimage\"},\"image\":{\"@id\":\"https:\\\/\\\/vitablanca.ma\\\/produit\\\/ecrinal-anp-2-shampoing-homme-cheveux-200ml\\\/#primaryimage\"},\"thumbnailUrl\":\"https:\\\/\\\/vitablanca.ma\\\/wp-content\\\/uploads\\\/2025\\\/06\\\/Ecrinal-ANP-2_-Shampoing-Homme-Cheveux-200ml-nova-parapharmacie-maroc.jpg\",\"datePublished\":\"2025-06-10T17:00:18+00:00\",\"description\":\"Ecrinal ANP 2+ Shampoing Homme Cheveux 200ml\",\"breadcrumb\":{\"@id\":\"https:\\\/\\\/vitablanca.ma\\\/produit\\\/ecrinal-anp-2-shampoing-homme-cheveux-200ml\\\/#breadcrumb\"},\"inLanguage\":\"en-US\",\"potentialAction\":[{\"@type\":\"ReadAction\",\"target\":[\"https:\\\/\\\/vitablanca.ma\\\/produit\\\/ecrinal-anp-2-shampoing-homme-cheveux-200ml\\\/\"]}]},{\"@type\":\"ImageObject\",\"inLanguage\":\"en-US\",\"@id\":\"https:\\\/\\\/vitablanca.ma\\\/produit\\\/ecrinal-anp-2-shampoing-homme-cheveux-200ml\\\/#primaryimage\",\"url\":\"https:\\\/\\\/vitablanca.ma\\\/wp-content\\\/uploads\\\/2025\\\/06\\\/Ecrinal-ANP-2_-Shampoing-Homme-Cheveux-200ml-nova-parapharmacie-maroc.jpg\",\"contentUrl\":\"https:\\\/\\\/vitablanca.ma\\\/wp-content\\\/uploads\\\/2025\\\/06\\\/Ecrinal-ANP-2_-Shampoing-Homme-Cheveux-200ml-nova-parapharmacie-maroc.jpg\",\"width\":1000,\"height\":1000},{\"@type\":\"BreadcrumbList\",\"@id\":\"https:\\\/\\\/vitablanca.ma\\\/produit\\\/ecrinal-anp-2-shampoing-homme-cheveux-200ml\\\/#breadcrumb\",\"itemListElement\":[{\"@type\":\"ListItem\",\"position\":1,\"name\":\"Home\",\"item\":\"https:\\\/\\\/vitablanca.ma\\\/\"},{\"@type\":\"ListItem\",\"position\":2,\"name\":\"Tous Les Produits\",\"item\":\"https:\\\/\\\/vitablanca.ma\\\/tous-les-produits\\\/\"},{\"@type\":\"ListItem\",\"position\":3,\"name\":\"Ecrinal ANP 2+ Shampoing Homme Cheveux 200ml\"}]},{\"@type\":\"WebSite\",\"@id\":\"https:\\\/\\\/vitablanca.ma\\\/#website\",\"url\":\"https:\\\/\\\/vitablanca.ma\\\/\",\"name\":\"VitaBlanca.ma | Compl\u00e9ments alimentaires, sant\u00e9 & beaut\u00e9 au Maroc\",\"description\":\"vendre vitamines et compl\u00e9ments premium des USA &amp; Canada, Nouvelle Z\u00e9lande,Maroc (NOW Foods, Solgar, Manuka). Livraison rapide partout au Maroc.\",\"publisher\":{\"@id\":\"https:\\\/\\\/vitablanca.ma\\\/#organization\"},\"alternateName\":\"VitaBlanca.ma\",\"potentialAction\":[{\"@type\":\"SearchAction\",\"target\":{\"@type\":\"EntryPoint\",\"urlTemplate\":\"https:\\\/\\\/vitablanca.ma\\\/?s={search_term_string}\"},\"query-input\":{\"@type\":\"PropertyValueSpecification\",\"valueRequired\":true,\"valueName\":\"search_term_string\"}}],\"inLanguage\":\"en-US\"},{\"@type\":\"Organization\",\"@id\":\"https:\\\/\\\/vitablanca.ma\\\/#organization\",\"name\":\"VitaBlanca\",\"url\":\"https:\\\/\\\/vitablanca.ma\\\/\",\"logo\":{\"@type\":\"ImageObject\",\"inLanguage\":\"en-US\",\"@id\":\"https:\\\/\\\/vitablanca.ma\\\/#\\\/schema\\\/logo\\\/image\\\/\",\"url\":\"https:\\\/\\\/vitablanca.ma\\\/wp-content\\\/uploads\\\/2025\\\/05\\\/cropped-vitablanca.png\",\"contentUrl\":\"https:\\\/\\\/vitablanca.ma\\\/wp-content\\\/uploads\\\/2025\\\/05\\\/cropped-vitablanca.png\",\"width\":360,\"height\":67,\"caption\":\"VitaBlanca\"},\"image\":{\"@id\":\"https:\\\/\\\/vitablanca.ma\\\/#\\\/schema\\\/logo\\\/image\\\/\"},\"sameAs\":[\"https:\\\/\\\/www.facebook.com\\\/profile.php?id=61576678196717\",\"https:\\\/\\\/www.tiktok.com\\\/@vitablanca.ma\",\"https:\\\/\\\/www.instagram.com\\\/vitablanca.ma\\\/\"]}]}<\/script>\n<!-- \/ Yoast SEO plugin. -->","yoast_head_json":{"title":"Ecrinal ANP 2+ Men&#039;s Hair Shampoo 200ml - Morocco Price","description":"Ecrinal ANP 2+ Men&#039;s Hair Shampoo 200ml","robots":{"index":"index","follow":"follow","max-snippet":"max-snippet:-1","max-image-preview":"max-image-preview:large","max-video-preview":"max-video-preview:-1"},"canonical":"https:\/\/vitablanca.ma\/en\/product\/ecrinal-anp-2-shampoing-homme-cheveux-200ml\/","og_locale":"en_US","og_type":"article","og_title":"Ecrinal ANP 2+ Shampoing Homme Cheveux 200ml - Maroc Prix","og_description":"Ecrinal ANP 2+ Shampoing Homme Cheveux 200ml","og_url":"https:\/\/vitablanca.ma\/en\/product\/ecrinal-anp-2-shampoing-homme-cheveux-200ml\/","og_site_name":"Vitablanca.ma &ndash; Sant&eacute;, vitalit&eacute; et bien-&ecirc;tre pour tous les Marocains","article_publisher":"https:\/\/www.facebook.com\/profile.php?id=61576678196717","og_image":[{"width":1000,"height":1000,"url":"https:\/\/vitablanca.ma\/wp-content\/uploads\/2025\/06\/Ecrinal-ANP-2_-Shampoing-Homme-Cheveux-200ml-nova-parapharmacie-maroc.jpg","type":"image\/jpeg"}],"twitter_card":"summary_large_image","twitter_misc":{"Est. reading time":"1 minute"},"schema":{"@context":"https:\/\/schema.org","@graph":[{"@type":["WebPage","ItemPage"],"@id":"https:\/\/vitablanca.ma\/produit\/ecrinal-anp-2-shampoing-homme-cheveux-200ml\/","url":"https:\/\/vitablanca.ma\/produit\/ecrinal-anp-2-shampoing-homme-cheveux-200ml\/","name":"Ecrinal ANP 2+ Men&#039;s Hair Shampoo 200ml - Morocco Price","isPartOf":{"@id":"https:\/\/vitablanca.ma\/#website"},"primaryImageOfPage":{"@id":"https:\/\/vitablanca.ma\/produit\/ecrinal-anp-2-shampoing-homme-cheveux-200ml\/#primaryimage"},"image":{"@id":"https:\/\/vitablanca.ma\/produit\/ecrinal-anp-2-shampoing-homme-cheveux-200ml\/#primaryimage"},"thumbnailUrl":"https:\/\/vitablanca.ma\/wp-content\/uploads\/2025\/06\/Ecrinal-ANP-2_-Shampoing-Homme-Cheveux-200ml-nova-parapharmacie-maroc.jpg","datePublished":"2025-06-10T17:00:18+00:00","description":"Ecrinal ANP 2+ Men&#039;s Hair Shampoo 200ml","breadcrumb":{"@id":"https:\/\/vitablanca.ma\/produit\/ecrinal-anp-2-shampoing-homme-cheveux-200ml\/#breadcrumb"},"inLanguage":"en-US","potentialAction":[{"@type":"ReadAction","target":["https:\/\/vitablanca.ma\/produit\/ecrinal-anp-2-shampoing-homme-cheveux-200ml\/"]}]},{"@type":"ImageObject","inLanguage":"en-US","@id":"https:\/\/vitablanca.ma\/produit\/ecrinal-anp-2-shampoing-homme-cheveux-200ml\/#primaryimage","url":"https:\/\/vitablanca.ma\/wp-content\/uploads\/2025\/06\/Ecrinal-ANP-2_-Shampoing-Homme-Cheveux-200ml-nova-parapharmacie-maroc.jpg","contentUrl":"https:\/\/vitablanca.ma\/wp-content\/uploads\/2025\/06\/Ecrinal-ANP-2_-Shampoing-Homme-Cheveux-200ml-nova-parapharmacie-maroc.jpg","width":1000,"height":1000},{"@type":"BreadcrumbList","@id":"https:\/\/vitablanca.ma\/produit\/ecrinal-anp-2-shampoing-homme-cheveux-200ml\/#breadcrumb","itemListElement":[{"@type":"ListItem","position":1,"name":"Home","item":"https:\/\/vitablanca.ma\/"},{"@type":"ListItem","position":2,"name":"Tous Les Produits","item":"https:\/\/vitablanca.ma\/tous-les-produits\/"},{"@type":"ListItem","position":3,"name":"Ecrinal ANP 2+ Shampoing Homme Cheveux 200ml"}]},{"@type":"WebSite","@id":"https:\/\/vitablanca.ma\/#website","url":"https:\/\/vitablanca.ma\/","name":"VitaBlanca.ma | Food supplements, health &amp; beauty in Morocco","description":"sell premium vitamins and supplements from USA &amp; Canada, New Zealand, Morocco (NOW Foods, Solgar, Manuka). Fast delivery anywhere in Morocco.","publisher":{"@id":"https:\/\/vitablanca.ma\/#organization"},"alternateName":"VitaBlanca.ma","potentialAction":[{"@type":"SearchAction","target":{"@type":"EntryPoint","urlTemplate":"https:\/\/vitablanca.ma\/?s={search_term_string}"},"query-input":{"@type":"PropertyValueSpecification","valueRequired":true,"valueName":"search_term_string"}}],"inLanguage":"en-US"},{"@type":"Organization","@id":"https:\/\/vitablanca.ma\/#organization","name":"VitaBlanca","url":"https:\/\/vitablanca.ma\/","logo":{"@type":"ImageObject","inLanguage":"en-US","@id":"https:\/\/vitablanca.ma\/#\/schema\/logo\/image\/","url":"https:\/\/vitablanca.ma\/wp-content\/uploads\/2025\/05\/cropped-vitablanca.png","contentUrl":"https:\/\/vitablanca.ma\/wp-content\/uploads\/2025\/05\/cropped-vitablanca.png","width":360,"height":67,"caption":"VitaBlanca"},"image":{"@id":"https:\/\/vitablanca.ma\/#\/schema\/logo\/image\/"},"sameAs":["https:\/\/www.facebook.com\/profile.php?id=61576678196717","https:\/\/www.tiktok.com\/@vitablanca.ma","https:\/\/www.instagram.com\/vitablanca.ma\/"]}]}},"jetpack_sharing_enabled":true,"_links":{"self":[{"href":"https:\/\/vitablanca.ma\/en\/wp-json\/wp\/v2\/product\/17389","targetHints":{"allow":["GET"]}}],"collection":[{"href":"https:\/\/vitablanca.ma\/en\/wp-json\/wp\/v2\/product"}],"about":[{"href":"https:\/\/vitablanca.ma\/en\/wp-json\/wp\/v2\/types\/product"}],"wp:featuredmedia":[{"embeddable":true,"href":"https:\/\/vitablanca.ma\/en\/wp-json\/wp\/v2\/media\/17387"}],"wp:attachment":[{"href":"https:\/\/vitablanca.ma\/en\/wp-json\/wp\/v2\/media?parent=17389"}],"wp:term":[{"taxonomy":"product_brand","embeddable":true,"href":"https:\/\/vitablanca.ma\/en\/wp-json\/wp\/v2\/product_brand?post=17389"},{"taxonomy":"product_cat","embeddable":true,"href":"https:\/\/vitablanca.ma\/en\/wp-json\/wp\/v2\/product_cat?post=17389"},{"taxonomy":"product_tag","embeddable":true,"href":"https:\/\/vitablanca.ma\/en\/wp-json\/wp\/v2\/product_tag?post=17389"}],"curies":[{"name":"wp","href":"https:\/\/api.w.org\/{rel}","templated":true}]}}