{"id":17388,"date":"2025-06-10T17:00:14","date_gmt":"2025-06-10T17:00:14","guid":{"rendered":"https:\/\/vitablanca.ma\/product\/ducray-dexyane-med-palpebral-15ml\/"},"modified":"2025-06-10T17:00:14","modified_gmt":"2025-06-10T17:00:14","slug":"ducray-dexyane-med-palpebral-15ml","status":"publish","type":"product","link":"https:\/\/vitablanca.ma\/en\/product\/ducray-dexyane-med-palpebral-15ml\/","title":{"rendered":"Ducray Dexyane MeD Palpebral 15ml"},"content":{"rendered":"<h2>Ducray Dexyane MeD Palpebral.<\/h2>\n<p><span>Atopic or contact eczema of the eyelids.<br \/>Skin.<br \/>15ml.<\/span><\/p>\n<p><span>Eczema is a common skin disease that can affect babies, children, and adults. It is characterized by the appearance\u00a0<strong>skin lesions\u00a0<\/strong>(redness, blisters and crusts) evolving in bursts and from<strong>\u00a0severe dryness of the skin<\/strong>Pain and itching, sometimes intense, can disrupt the daily lives of people who suffer from eczema.<\/span><\/p>\n<h3><span>Benefits<\/span><\/h3>\n<p><span>Dexyane MeD palp\u00e9bral traite et limite la r\u00e9apparition des l\u00e9sions d\u2019ecz\u00e9mas des paupi\u00e8res.<br \/>Its ultra-hydrating bandage effect texture:\u00a0<\/span><\/p>\n<ul>\n<li>immediately relieves and decongests<\/li>\n<li>soothes itching and pain, reduces redness and irritation<\/li>\n<li>restores the skin barrier<\/li>\n<li>limite l\u2019adh\u00e9sion bacterienne<\/li>\n<\/ul>\n<p><span>Dexyane MeD Palp\u00e9bral can be used alone, in combination and\/or as a follow-up to dermo-corticosteroids. Its effectiveness has been clinically proven.<\/span><\/p>\n<h3><span>Results :<\/span><\/h3>\n<ul>\n<li>\n<strong>Immediately<span>\u00a0<\/span><\/strong>: reduces itching<sup><span>(1)<\/span><\/sup>\n<\/li>\n<li>\n<strong>From 3 days<\/strong><span>\u00a0<\/span>: significant improvement or even complete disappearance of clinical signs, particularly burning sensations.<sup><span>(1)<\/span><\/sup>\n<\/li>\n<\/ul>\n<h3><sup><span>COMPOSITION:<\/span><\/sup><\/h3>\n<ul>\n<li>Hydra-nutritive phase 51% (glycerin, shea butter and triglycerides)<\/li>\n<li>Natural polysaccharide mesh<\/li>\n<li>Hydroxydecine<\/li>\n<li>Enoxolone<\/li>\n<\/ul>\n<h3>\u00a0<span data-mce-fragment=\"1\">CONSEILS D\u2019APPLICATION<\/span><br \/>\n<\/h3>\n<ul class=\"content-tips\">\n<li class=\"first leaf\"><span class=\"desc\">Apply a thin layer directly to the inflammatory lesions of eyelid eczema with a clean finger, avoiding contact with the eye. For external use. Use alone, in combination and\/or as a follow-up to dermo-corticosteroids. 1 to 2 times a day. Babies \u2265 3 months, children, adults<\/span><\/li>\n<li class=\"first leaf\">\n<img decoding=\"async\" alt=\"\" height=\"107\" width=\"107\" src=\"https:\/\/static.ducray.com\/sites\/ducray_fr\/files\/styles\/product_tip_107x107\/public\/tip_icons\/dexyane-med-eczema-paupieres_0.jpg?itok=hjz13VHK\"><span class=\"desc\">Do not use if you are allergic to any of the ingredients. In case of an allergic reaction, consult a doctor. In the absence of data, do not use in pregnant or breastfeeding women. Keep out of reach of children. Avoid direct contact with eyes. Close the tube tightly after use. Do not use the product if the tube is damaged. In case of adverse effects related to the use of the product, consult a doctor.<\/span>\n<\/li>\n<li class=\"first leaf\"><span class=\"desc\">Can be used on skin weakened by anticancer treatments.<\/span><\/li>\n<\/ul>","protected":false},"excerpt":{"rendered":"<p>Ducray Dexyane MeD Palp\u00e9bral. Ecz\u00e9ma des paupi\u00e8res atopiques ou de contact.Peau.15ml. L\u2019ecz\u00e9ma est une maladie de peau fr\u00e9quente qui peut toucher aussi bien les b\u00e9b\u00e9s, les enfants et les adultes. Elle se caract\u00e9rise par l\u2019apparition\u00a0de l\u00e9sions cutan\u00e9es\u00a0(rougeurs, v\u00e9sicules et cro\u00fbtes) \u00e9voluant par pouss\u00e9e et d\u2019une\u00a0grande s\u00e9cheresse de la peau. Une douleur et des d\u00e9mangeaisons, parfois [&hellip;]<\/p>\n","protected":false},"featured_media":17372,"template":"","meta":{"om_disable_all_campaigns":false},"product_brand":[],"product_cat":[15],"product_tag":[],"class_list":{"0":"post-17388","1":"product","2":"type-product","3":"status-publish","4":"has-post-thumbnail","6":"product_cat-beaute-sante-complements-alimentaires-soins-et-bien-etre-au-meilleur-prix","8":"first","9":"instock","10":"sale","11":"taxable","12":"shipping-taxable","13":"purchasable","14":"product-type-simple"},"yoast_head":"<!-- This site is optimized with the Yoast SEO plugin v27.5 - https:\/\/yoast.com\/product\/yoast-seo-wordpress\/ -->\n<title>Ducray Dexyane MeD Palp\u00e9bral 15ml - Maroc Prix<\/title>\n<meta name=\"description\" content=\"Ducray Dexyane MeD Palp\u00e9bral 15ml\" \/>\n<meta name=\"robots\" content=\"index, follow, max-snippet:-1, max-image-preview:large, max-video-preview:-1\" \/>\n<link rel=\"canonical\" href=\"https:\/\/vitablanca.ma\/en\/product\/ducray-dexyane-med-palpebral-15ml\/\" \/>\n<meta property=\"og:locale\" content=\"en_US\" \/>\n<meta property=\"og:type\" content=\"article\" \/>\n<meta property=\"og:title\" content=\"Ducray Dexyane MeD Palp\u00e9bral 15ml - Maroc Prix\" \/>\n<meta property=\"og:description\" content=\"Ducray Dexyane MeD Palp\u00e9bral 15ml\" \/>\n<meta property=\"og:url\" content=\"https:\/\/vitablanca.ma\/en\/product\/ducray-dexyane-med-palpebral-15ml\/\" \/>\n<meta property=\"og:site_name\" content=\"Vitablanca.ma &ndash; Sant&eacute;, vitalit&eacute; et bien-&ecirc;tre pour tous les Marocains\" \/>\n<meta property=\"article:publisher\" content=\"https:\/\/www.facebook.com\/profile.php?id=61576678196717\" \/>\n<meta property=\"og:image\" content=\"https:\/\/vitablanca.ma\/wp-content\/uploads\/2025\/06\/Ducray-Dexyane-MeD-Palpebral-15ml-nova-parapharmacie-casablanca.jpg\" \/>\n\t<meta property=\"og:image:width\" content=\"1000\" \/>\n\t<meta property=\"og:image:height\" content=\"1000\" \/>\n\t<meta property=\"og:image:type\" content=\"image\/jpeg\" \/>\n<meta name=\"twitter:card\" content=\"summary_large_image\" \/>\n<meta name=\"twitter:label1\" content=\"Est. reading time\" \/>\n\t<meta name=\"twitter:data1\" content=\"2 minutes\" \/>\n<script type=\"application\/ld+json\" class=\"yoast-schema-graph\">{\"@context\":\"https:\\\/\\\/schema.org\",\"@graph\":[{\"@type\":[\"WebPage\",\"ItemPage\"],\"@id\":\"https:\\\/\\\/vitablanca.ma\\\/produit\\\/ducray-dexyane-med-palpebral-15ml\\\/\",\"url\":\"https:\\\/\\\/vitablanca.ma\\\/produit\\\/ducray-dexyane-med-palpebral-15ml\\\/\",\"name\":\"Ducray Dexyane MeD Palp\u00e9bral 15ml - Maroc Prix\",\"isPartOf\":{\"@id\":\"https:\\\/\\\/vitablanca.ma\\\/#website\"},\"primaryImageOfPage\":{\"@id\":\"https:\\\/\\\/vitablanca.ma\\\/produit\\\/ducray-dexyane-med-palpebral-15ml\\\/#primaryimage\"},\"image\":{\"@id\":\"https:\\\/\\\/vitablanca.ma\\\/produit\\\/ducray-dexyane-med-palpebral-15ml\\\/#primaryimage\"},\"thumbnailUrl\":\"https:\\\/\\\/vitablanca.ma\\\/wp-content\\\/uploads\\\/2025\\\/06\\\/Ducray-Dexyane-MeD-Palpebral-15ml-nova-parapharmacie-casablanca.jpg\",\"datePublished\":\"2025-06-10T17:00:14+00:00\",\"description\":\"Ducray Dexyane MeD Palp\u00e9bral 15ml\",\"breadcrumb\":{\"@id\":\"https:\\\/\\\/vitablanca.ma\\\/produit\\\/ducray-dexyane-med-palpebral-15ml\\\/#breadcrumb\"},\"inLanguage\":\"en-US\",\"potentialAction\":[{\"@type\":\"ReadAction\",\"target\":[\"https:\\\/\\\/vitablanca.ma\\\/produit\\\/ducray-dexyane-med-palpebral-15ml\\\/\"]}]},{\"@type\":\"ImageObject\",\"inLanguage\":\"en-US\",\"@id\":\"https:\\\/\\\/vitablanca.ma\\\/produit\\\/ducray-dexyane-med-palpebral-15ml\\\/#primaryimage\",\"url\":\"https:\\\/\\\/vitablanca.ma\\\/wp-content\\\/uploads\\\/2025\\\/06\\\/Ducray-Dexyane-MeD-Palpebral-15ml-nova-parapharmacie-casablanca.jpg\",\"contentUrl\":\"https:\\\/\\\/vitablanca.ma\\\/wp-content\\\/uploads\\\/2025\\\/06\\\/Ducray-Dexyane-MeD-Palpebral-15ml-nova-parapharmacie-casablanca.jpg\",\"width\":1000,\"height\":1000},{\"@type\":\"BreadcrumbList\",\"@id\":\"https:\\\/\\\/vitablanca.ma\\\/produit\\\/ducray-dexyane-med-palpebral-15ml\\\/#breadcrumb\",\"itemListElement\":[{\"@type\":\"ListItem\",\"position\":1,\"name\":\"Home\",\"item\":\"https:\\\/\\\/vitablanca.ma\\\/\"},{\"@type\":\"ListItem\",\"position\":2,\"name\":\"Tous Les Produits\",\"item\":\"https:\\\/\\\/vitablanca.ma\\\/tous-les-produits\\\/\"},{\"@type\":\"ListItem\",\"position\":3,\"name\":\"Ducray Dexyane MeD Palp\u00e9bral 15ml\"}]},{\"@type\":\"WebSite\",\"@id\":\"https:\\\/\\\/vitablanca.ma\\\/#website\",\"url\":\"https:\\\/\\\/vitablanca.ma\\\/\",\"name\":\"VitaBlanca.ma | Compl\u00e9ments alimentaires, sant\u00e9 & beaut\u00e9 au Maroc\",\"description\":\"vendre vitamines et compl\u00e9ments premium des USA &amp; Canada, Nouvelle Z\u00e9lande,Maroc (NOW Foods, Solgar, Manuka). Livraison rapide partout au Maroc.\",\"publisher\":{\"@id\":\"https:\\\/\\\/vitablanca.ma\\\/#organization\"},\"alternateName\":\"VitaBlanca.ma\",\"potentialAction\":[{\"@type\":\"SearchAction\",\"target\":{\"@type\":\"EntryPoint\",\"urlTemplate\":\"https:\\\/\\\/vitablanca.ma\\\/?s={search_term_string}\"},\"query-input\":{\"@type\":\"PropertyValueSpecification\",\"valueRequired\":true,\"valueName\":\"search_term_string\"}}],\"inLanguage\":\"en-US\"},{\"@type\":\"Organization\",\"@id\":\"https:\\\/\\\/vitablanca.ma\\\/#organization\",\"name\":\"VitaBlanca\",\"url\":\"https:\\\/\\\/vitablanca.ma\\\/\",\"logo\":{\"@type\":\"ImageObject\",\"inLanguage\":\"en-US\",\"@id\":\"https:\\\/\\\/vitablanca.ma\\\/#\\\/schema\\\/logo\\\/image\\\/\",\"url\":\"https:\\\/\\\/vitablanca.ma\\\/wp-content\\\/uploads\\\/2025\\\/05\\\/cropped-vitablanca.png\",\"contentUrl\":\"https:\\\/\\\/vitablanca.ma\\\/wp-content\\\/uploads\\\/2025\\\/05\\\/cropped-vitablanca.png\",\"width\":360,\"height\":67,\"caption\":\"VitaBlanca\"},\"image\":{\"@id\":\"https:\\\/\\\/vitablanca.ma\\\/#\\\/schema\\\/logo\\\/image\\\/\"},\"sameAs\":[\"https:\\\/\\\/www.facebook.com\\\/profile.php?id=61576678196717\",\"https:\\\/\\\/www.tiktok.com\\\/@vitablanca.ma\",\"https:\\\/\\\/www.instagram.com\\\/vitablanca.ma\\\/\"]}]}<\/script>\n<!-- \/ Yoast SEO plugin. -->","yoast_head_json":{"title":"Ducray Dexyane MeD Palp\u00e9bral 15ml - Morocco Price","description":"Ducray Dexyane MeD Palpebral 15ml","robots":{"index":"index","follow":"follow","max-snippet":"max-snippet:-1","max-image-preview":"max-image-preview:large","max-video-preview":"max-video-preview:-1"},"canonical":"https:\/\/vitablanca.ma\/en\/product\/ducray-dexyane-med-palpebral-15ml\/","og_locale":"en_US","og_type":"article","og_title":"Ducray Dexyane MeD Palp\u00e9bral 15ml - Maroc Prix","og_description":"Ducray Dexyane MeD Palp\u00e9bral 15ml","og_url":"https:\/\/vitablanca.ma\/en\/product\/ducray-dexyane-med-palpebral-15ml\/","og_site_name":"Vitablanca.ma &ndash; Sant&eacute;, vitalit&eacute; et bien-&ecirc;tre pour tous les Marocains","article_publisher":"https:\/\/www.facebook.com\/profile.php?id=61576678196717","og_image":[{"width":1000,"height":1000,"url":"https:\/\/vitablanca.ma\/wp-content\/uploads\/2025\/06\/Ducray-Dexyane-MeD-Palpebral-15ml-nova-parapharmacie-casablanca.jpg","type":"image\/jpeg"}],"twitter_card":"summary_large_image","twitter_misc":{"Est. reading time":"2 minutes"},"schema":{"@context":"https:\/\/schema.org","@graph":[{"@type":["WebPage","ItemPage"],"@id":"https:\/\/vitablanca.ma\/produit\/ducray-dexyane-med-palpebral-15ml\/","url":"https:\/\/vitablanca.ma\/produit\/ducray-dexyane-med-palpebral-15ml\/","name":"Ducray Dexyane MeD Palp\u00e9bral 15ml - Morocco Price","isPartOf":{"@id":"https:\/\/vitablanca.ma\/#website"},"primaryImageOfPage":{"@id":"https:\/\/vitablanca.ma\/produit\/ducray-dexyane-med-palpebral-15ml\/#primaryimage"},"image":{"@id":"https:\/\/vitablanca.ma\/produit\/ducray-dexyane-med-palpebral-15ml\/#primaryimage"},"thumbnailUrl":"https:\/\/vitablanca.ma\/wp-content\/uploads\/2025\/06\/Ducray-Dexyane-MeD-Palpebral-15ml-nova-parapharmacie-casablanca.jpg","datePublished":"2025-06-10T17:00:14+00:00","description":"Ducray Dexyane MeD Palpebral 15ml","breadcrumb":{"@id":"https:\/\/vitablanca.ma\/produit\/ducray-dexyane-med-palpebral-15ml\/#breadcrumb"},"inLanguage":"en-US","potentialAction":[{"@type":"ReadAction","target":["https:\/\/vitablanca.ma\/produit\/ducray-dexyane-med-palpebral-15ml\/"]}]},{"@type":"ImageObject","inLanguage":"en-US","@id":"https:\/\/vitablanca.ma\/produit\/ducray-dexyane-med-palpebral-15ml\/#primaryimage","url":"https:\/\/vitablanca.ma\/wp-content\/uploads\/2025\/06\/Ducray-Dexyane-MeD-Palpebral-15ml-nova-parapharmacie-casablanca.jpg","contentUrl":"https:\/\/vitablanca.ma\/wp-content\/uploads\/2025\/06\/Ducray-Dexyane-MeD-Palpebral-15ml-nova-parapharmacie-casablanca.jpg","width":1000,"height":1000},{"@type":"BreadcrumbList","@id":"https:\/\/vitablanca.ma\/produit\/ducray-dexyane-med-palpebral-15ml\/#breadcrumb","itemListElement":[{"@type":"ListItem","position":1,"name":"Home","item":"https:\/\/vitablanca.ma\/"},{"@type":"ListItem","position":2,"name":"Tous Les Produits","item":"https:\/\/vitablanca.ma\/tous-les-produits\/"},{"@type":"ListItem","position":3,"name":"Ducray Dexyane MeD Palp\u00e9bral 15ml"}]},{"@type":"WebSite","@id":"https:\/\/vitablanca.ma\/#website","url":"https:\/\/vitablanca.ma\/","name":"VitaBlanca.ma | Food supplements, health &amp; beauty in Morocco","description":"sell premium vitamins and supplements from USA &amp; Canada, New Zealand, Morocco (NOW Foods, Solgar, Manuka). Fast delivery anywhere in Morocco.","publisher":{"@id":"https:\/\/vitablanca.ma\/#organization"},"alternateName":"VitaBlanca.ma","potentialAction":[{"@type":"SearchAction","target":{"@type":"EntryPoint","urlTemplate":"https:\/\/vitablanca.ma\/?s={search_term_string}"},"query-input":{"@type":"PropertyValueSpecification","valueRequired":true,"valueName":"search_term_string"}}],"inLanguage":"en-US"},{"@type":"Organization","@id":"https:\/\/vitablanca.ma\/#organization","name":"VitaBlanca","url":"https:\/\/vitablanca.ma\/","logo":{"@type":"ImageObject","inLanguage":"en-US","@id":"https:\/\/vitablanca.ma\/#\/schema\/logo\/image\/","url":"https:\/\/vitablanca.ma\/wp-content\/uploads\/2025\/05\/cropped-vitablanca.png","contentUrl":"https:\/\/vitablanca.ma\/wp-content\/uploads\/2025\/05\/cropped-vitablanca.png","width":360,"height":67,"caption":"VitaBlanca"},"image":{"@id":"https:\/\/vitablanca.ma\/#\/schema\/logo\/image\/"},"sameAs":["https:\/\/www.facebook.com\/profile.php?id=61576678196717","https:\/\/www.tiktok.com\/@vitablanca.ma","https:\/\/www.instagram.com\/vitablanca.ma\/"]}]}},"jetpack_sharing_enabled":true,"_links":{"self":[{"href":"https:\/\/vitablanca.ma\/en\/wp-json\/wp\/v2\/product\/17388","targetHints":{"allow":["GET"]}}],"collection":[{"href":"https:\/\/vitablanca.ma\/en\/wp-json\/wp\/v2\/product"}],"about":[{"href":"https:\/\/vitablanca.ma\/en\/wp-json\/wp\/v2\/types\/product"}],"wp:featuredmedia":[{"embeddable":true,"href":"https:\/\/vitablanca.ma\/en\/wp-json\/wp\/v2\/media\/17372"}],"wp:attachment":[{"href":"https:\/\/vitablanca.ma\/en\/wp-json\/wp\/v2\/media?parent=17388"}],"wp:term":[{"taxonomy":"product_brand","embeddable":true,"href":"https:\/\/vitablanca.ma\/en\/wp-json\/wp\/v2\/product_brand?post=17388"},{"taxonomy":"product_cat","embeddable":true,"href":"https:\/\/vitablanca.ma\/en\/wp-json\/wp\/v2\/product_cat?post=17388"},{"taxonomy":"product_tag","embeddable":true,"href":"https:\/\/vitablanca.ma\/en\/wp-json\/wp\/v2\/product_tag?post=17388"}],"curies":[{"name":"wp","href":"https:\/\/api.w.org\/{rel}","templated":true}]}}