{"id":17385,"date":"2025-06-10T17:00:13","date_gmt":"2025-06-10T17:00:13","guid":{"rendered":"https:\/\/vitablanca.ma\/product\/eluday-bain-de-bouche-blancheur-500ml-cadeau\/"},"modified":"2025-06-10T17:00:13","modified_gmt":"2025-06-10T17:00:13","slug":"eluday-bain-de-bouche-blancheur-500ml-cadeau","status":"publish","type":"product","link":"https:\/\/vitablanca.ma\/en\/product\/eluday-bain-de-bouche-blancheur-500ml-cadeau\/","title":{"rendered":"Eluday Whitening Mouthwash 500ML + Gift"},"content":{"rendered":"<h2>Eluday Whitening Mouthwash 500ML<\/h2>\n<p><span>A daily anti-stain mouthwash that reveals the natural whiteness of teeth.<\/span><\/p>\n<div class=\"myaccordion__item\">\n<div class=\"myaccordion__header\" id=\"headingOne\">\n<div class=\"myaccordion__btn d-flex align-items-center justify-content-between\">Fresh minty taste for strong, shiny teeth\n<\/div>\n<\/div>\n<\/div>\n<div class=\"myaccordion__item\">\n<div class=\"myaccordion__header\" id=\"headingTwo\">\n<div class=\"myaccordion__btn d-flex align-items-center justify-content-between\">Alcohol-free. Made in France.\u00a0<\/div>\n<div class=\"myaccordion__btn d-flex align-items-center justify-content-between\"><\/div>\n<div class=\"myaccordion__btn d-flex align-items-center justify-content-between\">\n<div class=\"block-content-heading\">\n<h3 class=\"\" id=\"\">Advantage<\/h3>\n<\/div>\n<p>A protective film that limits the fixation of coloring agents on the teeth, for preserved natural whiteness\u00b9.<\/p>\n<div class=\"block-content-heading\">\n<h3 class=\"\" id=\"\">Benefits<\/h3>\n<\/div>\n<p>\u2022 BRIGHTENING: limits the fixation of coloring agents on the enamel and maintains the natural whiteness of the teeth.<br \/>\u2022 READY TO USE: 15ml of whitening mouthwash solution is enough to rinse the entire mouth.<br \/>\u2022 FRESH: provides a feeling of healthy mouth and clean teeth.<\/p>\n<div class=\"app-step__title\">\n<h3 class=\"style-1\" id=\"\">Frequency of use<\/h3>\n<\/div>\n<div class=\"application__cons\"><span>Daily<\/span><\/div>\n<p>Rinse your mouth for 30 seconds with 15 ml of undiluted Eluday Whitening Mouthwash solution, morning and evening after brushing.<br \/>Spit it out.<br \/>Do not rinse with water.<br \/>Do not swallow.<br \/>Ne pas utiliser chez l\u2019enfant de moins de 12 ans.<\/p>\n<div class=\"ingredient-small-header\"><span style=\"font-size: 16.38px\"><b>Composition<\/b><\/span><\/div>\n<div class=\"ingredient-small-header\"><span style=\"font-size: 16.38px\"><b><\/b><\/span><\/div>\n<div id=\"ingredient-collapse\" class=\"collapse show\">\n<div class=\"composition-content\">\n<p>WATER (AQUA). PROPYLENE GLYCOL. GLYCERIN. PEG-40 HYDROGENATED CASTOR OIL. XYLITOL. TETRASODIUM PYROPHOSPHATE. FLAVOR (AROMA). LACTIC ACID. LIMONENE. NICOTINYL ALCOHOL HF. O-CYMEN-5-OL. PVP. SODIUM BENZOATE. SODIUM SACCHARIN<\/p>\n<\/div>\n<\/div>\n<\/div>\n<\/div>\n<\/div>","protected":false},"excerpt":{"rendered":"<p>Eluday Bain De Bouche Blancheur 500ML Un bain de bouche quotidien anti-taches qui r\u00e9v\u00e8le la blancheur naturelle des dents. Go\u00fbt menthol\u00e9 frais pour des dents fortes et \u00e9clatantes Sans alcool. Made in France.\u00a0 Avantage Un film protecteur qui limite la fixation des agents colorants sur les dents, pour une blancheur naturelle pr\u00e9serv\u00e9e\u00b9. B\u00e9n\u00e9fices \u2022 \u00c9CLATANT [&hellip;]<\/p>\n","protected":false},"featured_media":17384,"template":"","meta":{"om_disable_all_campaigns":false},"product_brand":[],"product_cat":[15],"product_tag":[],"class_list":{"0":"post-17385","1":"product","2":"type-product","3":"status-publish","4":"has-post-thumbnail","6":"product_cat-beaute-sante-complements-alimentaires-soins-et-bien-etre-au-meilleur-prix","8":"first","9":"instock","10":"sale","11":"taxable","12":"shipping-taxable","13":"purchasable","14":"product-type-simple"},"yoast_head":"<!-- This site is optimized with the Yoast SEO plugin v27.5 - https:\/\/yoast.com\/product\/yoast-seo-wordpress\/ -->\n<title>Eluday Bain De Bouche Blancheur 500ML + Cadeau - Maroc Prix<\/title>\n<meta name=\"description\" content=\"Eluday Bain De Bouche Blancheur 500ML + Cadeau\" \/>\n<meta name=\"robots\" content=\"index, follow, max-snippet:-1, max-image-preview:large, max-video-preview:-1\" \/>\n<link rel=\"canonical\" href=\"https:\/\/vitablanca.ma\/en\/product\/eluday-bain-de-bouche-blancheur-500ml-cadeau\/\" \/>\n<meta property=\"og:locale\" content=\"en_US\" \/>\n<meta property=\"og:type\" content=\"article\" \/>\n<meta property=\"og:title\" content=\"Eluday Bain De Bouche Blancheur 500ML + Cadeau - Maroc Prix\" \/>\n<meta property=\"og:description\" content=\"Eluday Bain De Bouche Blancheur 500ML + Cadeau\" \/>\n<meta property=\"og:url\" content=\"https:\/\/vitablanca.ma\/en\/product\/eluday-bain-de-bouche-blancheur-500ml-cadeau\/\" \/>\n<meta property=\"og:site_name\" content=\"Vitablanca.ma &ndash; Sant&eacute;, vitalit&eacute; et bien-&ecirc;tre pour tous les Marocains\" \/>\n<meta property=\"article:publisher\" content=\"https:\/\/www.facebook.com\/profile.php?id=61576678196717\" \/>\n<meta property=\"og:image\" content=\"https:\/\/vitablanca.ma\/wp-content\/uploads\/2025\/06\/eluday-bain-de-bouche-blancheur-500ml-parapharmacie-enligne-prix-maroc-nova.jpg\" \/>\n\t<meta property=\"og:image:width\" content=\"452\" \/>\n\t<meta property=\"og:image:height\" content=\"452\" \/>\n\t<meta property=\"og:image:type\" content=\"image\/jpeg\" \/>\n<meta name=\"twitter:card\" content=\"summary_large_image\" \/>\n<meta name=\"twitter:label1\" content=\"Est. reading time\" \/>\n\t<meta name=\"twitter:data1\" content=\"1 minute\" \/>\n<script type=\"application\/ld+json\" class=\"yoast-schema-graph\">{\"@context\":\"https:\\\/\\\/schema.org\",\"@graph\":[{\"@type\":[\"WebPage\",\"ItemPage\"],\"@id\":\"https:\\\/\\\/vitablanca.ma\\\/produit\\\/eluday-bain-de-bouche-blancheur-500ml-cadeau\\\/\",\"url\":\"https:\\\/\\\/vitablanca.ma\\\/produit\\\/eluday-bain-de-bouche-blancheur-500ml-cadeau\\\/\",\"name\":\"Eluday Bain De Bouche Blancheur 500ML + Cadeau - Maroc Prix\",\"isPartOf\":{\"@id\":\"https:\\\/\\\/vitablanca.ma\\\/#website\"},\"primaryImageOfPage\":{\"@id\":\"https:\\\/\\\/vitablanca.ma\\\/produit\\\/eluday-bain-de-bouche-blancheur-500ml-cadeau\\\/#primaryimage\"},\"image\":{\"@id\":\"https:\\\/\\\/vitablanca.ma\\\/produit\\\/eluday-bain-de-bouche-blancheur-500ml-cadeau\\\/#primaryimage\"},\"thumbnailUrl\":\"https:\\\/\\\/vitablanca.ma\\\/wp-content\\\/uploads\\\/2025\\\/06\\\/eluday-bain-de-bouche-blancheur-500ml-parapharmacie-enligne-prix-maroc-nova.jpg\",\"datePublished\":\"2025-06-10T17:00:13+00:00\",\"description\":\"Eluday Bain De Bouche Blancheur 500ML + Cadeau\",\"breadcrumb\":{\"@id\":\"https:\\\/\\\/vitablanca.ma\\\/produit\\\/eluday-bain-de-bouche-blancheur-500ml-cadeau\\\/#breadcrumb\"},\"inLanguage\":\"en-US\",\"potentialAction\":[{\"@type\":\"ReadAction\",\"target\":[\"https:\\\/\\\/vitablanca.ma\\\/produit\\\/eluday-bain-de-bouche-blancheur-500ml-cadeau\\\/\"]}]},{\"@type\":\"ImageObject\",\"inLanguage\":\"en-US\",\"@id\":\"https:\\\/\\\/vitablanca.ma\\\/produit\\\/eluday-bain-de-bouche-blancheur-500ml-cadeau\\\/#primaryimage\",\"url\":\"https:\\\/\\\/vitablanca.ma\\\/wp-content\\\/uploads\\\/2025\\\/06\\\/eluday-bain-de-bouche-blancheur-500ml-parapharmacie-enligne-prix-maroc-nova.jpg\",\"contentUrl\":\"https:\\\/\\\/vitablanca.ma\\\/wp-content\\\/uploads\\\/2025\\\/06\\\/eluday-bain-de-bouche-blancheur-500ml-parapharmacie-enligne-prix-maroc-nova.jpg\",\"width\":452,\"height\":452},{\"@type\":\"BreadcrumbList\",\"@id\":\"https:\\\/\\\/vitablanca.ma\\\/produit\\\/eluday-bain-de-bouche-blancheur-500ml-cadeau\\\/#breadcrumb\",\"itemListElement\":[{\"@type\":\"ListItem\",\"position\":1,\"name\":\"Home\",\"item\":\"https:\\\/\\\/vitablanca.ma\\\/\"},{\"@type\":\"ListItem\",\"position\":2,\"name\":\"Tous Les Produits\",\"item\":\"https:\\\/\\\/vitablanca.ma\\\/tous-les-produits\\\/\"},{\"@type\":\"ListItem\",\"position\":3,\"name\":\"Eluday Bain De Bouche Blancheur 500ML + Cadeau\"}]},{\"@type\":\"WebSite\",\"@id\":\"https:\\\/\\\/vitablanca.ma\\\/#website\",\"url\":\"https:\\\/\\\/vitablanca.ma\\\/\",\"name\":\"VitaBlanca.ma | Compl\u00e9ments alimentaires, sant\u00e9 & beaut\u00e9 au Maroc\",\"description\":\"vendre vitamines et compl\u00e9ments premium des USA &amp; Canada, Nouvelle Z\u00e9lande,Maroc (NOW Foods, Solgar, Manuka). Livraison rapide partout au Maroc.\",\"publisher\":{\"@id\":\"https:\\\/\\\/vitablanca.ma\\\/#organization\"},\"alternateName\":\"VitaBlanca.ma\",\"potentialAction\":[{\"@type\":\"SearchAction\",\"target\":{\"@type\":\"EntryPoint\",\"urlTemplate\":\"https:\\\/\\\/vitablanca.ma\\\/?s={search_term_string}\"},\"query-input\":{\"@type\":\"PropertyValueSpecification\",\"valueRequired\":true,\"valueName\":\"search_term_string\"}}],\"inLanguage\":\"en-US\"},{\"@type\":\"Organization\",\"@id\":\"https:\\\/\\\/vitablanca.ma\\\/#organization\",\"name\":\"VitaBlanca\",\"url\":\"https:\\\/\\\/vitablanca.ma\\\/\",\"logo\":{\"@type\":\"ImageObject\",\"inLanguage\":\"en-US\",\"@id\":\"https:\\\/\\\/vitablanca.ma\\\/#\\\/schema\\\/logo\\\/image\\\/\",\"url\":\"https:\\\/\\\/vitablanca.ma\\\/wp-content\\\/uploads\\\/2025\\\/05\\\/cropped-vitablanca.png\",\"contentUrl\":\"https:\\\/\\\/vitablanca.ma\\\/wp-content\\\/uploads\\\/2025\\\/05\\\/cropped-vitablanca.png\",\"width\":360,\"height\":67,\"caption\":\"VitaBlanca\"},\"image\":{\"@id\":\"https:\\\/\\\/vitablanca.ma\\\/#\\\/schema\\\/logo\\\/image\\\/\"},\"sameAs\":[\"https:\\\/\\\/www.facebook.com\\\/profile.php?id=61576678196717\",\"https:\\\/\\\/www.tiktok.com\\\/@vitablanca.ma\",\"https:\\\/\\\/www.instagram.com\\\/vitablanca.ma\\\/\"]}]}<\/script>\n<!-- \/ Yoast SEO plugin. -->","yoast_head_json":{"title":"Eluday Whitening Mouthwash 500ML + Gift - Morocco Price","description":"Eluday Whitening Mouthwash 500ML + Gift","robots":{"index":"index","follow":"follow","max-snippet":"max-snippet:-1","max-image-preview":"max-image-preview:large","max-video-preview":"max-video-preview:-1"},"canonical":"https:\/\/vitablanca.ma\/en\/product\/eluday-bain-de-bouche-blancheur-500ml-cadeau\/","og_locale":"en_US","og_type":"article","og_title":"Eluday Bain De Bouche Blancheur 500ML + Cadeau - Maroc Prix","og_description":"Eluday Bain De Bouche Blancheur 500ML + Cadeau","og_url":"https:\/\/vitablanca.ma\/en\/product\/eluday-bain-de-bouche-blancheur-500ml-cadeau\/","og_site_name":"Vitablanca.ma &ndash; Sant&eacute;, vitalit&eacute; et bien-&ecirc;tre pour tous les Marocains","article_publisher":"https:\/\/www.facebook.com\/profile.php?id=61576678196717","og_image":[{"width":452,"height":452,"url":"https:\/\/vitablanca.ma\/wp-content\/uploads\/2025\/06\/eluday-bain-de-bouche-blancheur-500ml-parapharmacie-enligne-prix-maroc-nova.jpg","type":"image\/jpeg"}],"twitter_card":"summary_large_image","twitter_misc":{"Est. reading time":"1 minute"},"schema":{"@context":"https:\/\/schema.org","@graph":[{"@type":["WebPage","ItemPage"],"@id":"https:\/\/vitablanca.ma\/produit\/eluday-bain-de-bouche-blancheur-500ml-cadeau\/","url":"https:\/\/vitablanca.ma\/produit\/eluday-bain-de-bouche-blancheur-500ml-cadeau\/","name":"Eluday Whitening Mouthwash 500ML + Gift - Morocco Price","isPartOf":{"@id":"https:\/\/vitablanca.ma\/#website"},"primaryImageOfPage":{"@id":"https:\/\/vitablanca.ma\/produit\/eluday-bain-de-bouche-blancheur-500ml-cadeau\/#primaryimage"},"image":{"@id":"https:\/\/vitablanca.ma\/produit\/eluday-bain-de-bouche-blancheur-500ml-cadeau\/#primaryimage"},"thumbnailUrl":"https:\/\/vitablanca.ma\/wp-content\/uploads\/2025\/06\/eluday-bain-de-bouche-blancheur-500ml-parapharmacie-enligne-prix-maroc-nova.jpg","datePublished":"2025-06-10T17:00:13+00:00","description":"Eluday Whitening Mouthwash 500ML + Gift","breadcrumb":{"@id":"https:\/\/vitablanca.ma\/produit\/eluday-bain-de-bouche-blancheur-500ml-cadeau\/#breadcrumb"},"inLanguage":"en-US","potentialAction":[{"@type":"ReadAction","target":["https:\/\/vitablanca.ma\/produit\/eluday-bain-de-bouche-blancheur-500ml-cadeau\/"]}]},{"@type":"ImageObject","inLanguage":"en-US","@id":"https:\/\/vitablanca.ma\/produit\/eluday-bain-de-bouche-blancheur-500ml-cadeau\/#primaryimage","url":"https:\/\/vitablanca.ma\/wp-content\/uploads\/2025\/06\/eluday-bain-de-bouche-blancheur-500ml-parapharmacie-enligne-prix-maroc-nova.jpg","contentUrl":"https:\/\/vitablanca.ma\/wp-content\/uploads\/2025\/06\/eluday-bain-de-bouche-blancheur-500ml-parapharmacie-enligne-prix-maroc-nova.jpg","width":452,"height":452},{"@type":"BreadcrumbList","@id":"https:\/\/vitablanca.ma\/produit\/eluday-bain-de-bouche-blancheur-500ml-cadeau\/#breadcrumb","itemListElement":[{"@type":"ListItem","position":1,"name":"Home","item":"https:\/\/vitablanca.ma\/"},{"@type":"ListItem","position":2,"name":"Tous Les Produits","item":"https:\/\/vitablanca.ma\/tous-les-produits\/"},{"@type":"ListItem","position":3,"name":"Eluday Bain De Bouche Blancheur 500ML + Cadeau"}]},{"@type":"WebSite","@id":"https:\/\/vitablanca.ma\/#website","url":"https:\/\/vitablanca.ma\/","name":"VitaBlanca.ma | Food supplements, health &amp; beauty in Morocco","description":"sell premium vitamins and supplements from USA &amp; Canada, New Zealand, Morocco (NOW Foods, Solgar, Manuka). Fast delivery anywhere in Morocco.","publisher":{"@id":"https:\/\/vitablanca.ma\/#organization"},"alternateName":"VitaBlanca.ma","potentialAction":[{"@type":"SearchAction","target":{"@type":"EntryPoint","urlTemplate":"https:\/\/vitablanca.ma\/?s={search_term_string}"},"query-input":{"@type":"PropertyValueSpecification","valueRequired":true,"valueName":"search_term_string"}}],"inLanguage":"en-US"},{"@type":"Organization","@id":"https:\/\/vitablanca.ma\/#organization","name":"VitaBlanca","url":"https:\/\/vitablanca.ma\/","logo":{"@type":"ImageObject","inLanguage":"en-US","@id":"https:\/\/vitablanca.ma\/#\/schema\/logo\/image\/","url":"https:\/\/vitablanca.ma\/wp-content\/uploads\/2025\/05\/cropped-vitablanca.png","contentUrl":"https:\/\/vitablanca.ma\/wp-content\/uploads\/2025\/05\/cropped-vitablanca.png","width":360,"height":67,"caption":"VitaBlanca"},"image":{"@id":"https:\/\/vitablanca.ma\/#\/schema\/logo\/image\/"},"sameAs":["https:\/\/www.facebook.com\/profile.php?id=61576678196717","https:\/\/www.tiktok.com\/@vitablanca.ma","https:\/\/www.instagram.com\/vitablanca.ma\/"]}]}},"jetpack_sharing_enabled":true,"_links":{"self":[{"href":"https:\/\/vitablanca.ma\/en\/wp-json\/wp\/v2\/product\/17385","targetHints":{"allow":["GET"]}}],"collection":[{"href":"https:\/\/vitablanca.ma\/en\/wp-json\/wp\/v2\/product"}],"about":[{"href":"https:\/\/vitablanca.ma\/en\/wp-json\/wp\/v2\/types\/product"}],"wp:featuredmedia":[{"embeddable":true,"href":"https:\/\/vitablanca.ma\/en\/wp-json\/wp\/v2\/media\/17384"}],"wp:attachment":[{"href":"https:\/\/vitablanca.ma\/en\/wp-json\/wp\/v2\/media?parent=17385"}],"wp:term":[{"taxonomy":"product_brand","embeddable":true,"href":"https:\/\/vitablanca.ma\/en\/wp-json\/wp\/v2\/product_brand?post=17385"},{"taxonomy":"product_cat","embeddable":true,"href":"https:\/\/vitablanca.ma\/en\/wp-json\/wp\/v2\/product_cat?post=17385"},{"taxonomy":"product_tag","embeddable":true,"href":"https:\/\/vitablanca.ma\/en\/wp-json\/wp\/v2\/product_tag?post=17385"}],"curies":[{"name":"wp","href":"https:\/\/api.w.org\/{rel}","templated":true}]}}