{"id":17327,"date":"2025-06-10T16:59:01","date_gmt":"2025-06-10T16:59:01","guid":{"rendered":"https:\/\/vitablanca.ma\/product\/ecrinal-anp-2-masque-capillaire-nutritif-125ml\/"},"modified":"2025-06-10T16:59:01","modified_gmt":"2025-06-10T16:59:01","slug":"ecrinal-anp-2-masque-capillaire-nutritif-125ml","status":"publish","type":"product","link":"https:\/\/vitablanca.ma\/en\/product\/ecrinal-anp-2-masque-capillaire-nutritif-125ml\/","title":{"rendered":"Ecrinal ANP 2+ Nourishing Hair Mask 125ml"},"content":{"rendered":"<div data-mce-fragment=\"1\" class=\"et_pb_module et_pb_blurb et_pb_blurb_0  et_pb_text_align_left  et_pb_blurb_position_left et_pb_bg_layout_light\">\n<div data-mce-fragment=\"1\" class=\"et_pb_blurb_content\">\n<div data-mce-fragment=\"1\" class=\"et_pb_blurb_container\">\n<div data-mce-fragment=\"1\" class=\"et_pb_blurb_description\">\n<h2 data-mce-fragment=\"1\">Ecrinal ANP 2+ Nourishing Hair Mask\u00a0<span data-mce-fragment=\"1\">Strengthens, revitalizes and helps repair split ends.\u00a0<\/span><br \/>\n<\/h2>\n<p data-mce-fragment=\"1\">ECRINAL Nourishing Hair Mask ANP<span data-mce-fragment=\"1\">\u00ae<\/span><span data-mce-fragment=\"1\">\u00a0<\/span>2+: Deep, ultra-repairing intensive treatment. Strengthens, revitalizes, and helps repair split ends. Deeply hydrates dry, brittle hair. Makes detangling and styling easier. Leaves hair soft, supple, and shiny, and enhances color. Leaves no greasy film. Use as a replacement or alternate with the Conditioner After Shampoo. Can also be used overnight as a deep repair treatment.<\/p>\n<\/div>\n<\/div>\n<\/div>\n<\/div>\n<div data-mce-fragment=\"1\" class=\"et_pb_module et_pb_blurb et_pb_blurb_1  et_pb_text_align_left  et_pb_blurb_position_left et_pb_bg_layout_light\">\n<div data-mce-fragment=\"1\" class=\"et_pb_blurb_content\">\n<div data-mce-fragment=\"1\" class=\"et_pb_blurb_container\">\n<h3 data-mce-fragment=\"1\" class=\"et_pb_module_header\"><span data-mce-fragment=\"1\">Indications<\/span><\/h3>\n<div data-mce-fragment=\"1\" class=\"et_pb_blurb_description\">\n<p data-mce-fragment=\"1\">Damaged, dry, brittle, or thinning hair. Split ends.<\/p>\n<\/div>\n<\/div>\n<\/div>\n<\/div>\n<div data-mce-fragment=\"1\" class=\"et_pb_module et_pb_blurb et_pb_blurb_2  et_pb_text_align_left  et_pb_blurb_position_left et_pb_bg_layout_light\">\n<div data-mce-fragment=\"1\" class=\"et_pb_blurb_content\">\n<div data-mce-fragment=\"1\" class=\"et_pb_blurb_container\">\n<h3 data-mce-fragment=\"1\" class=\"et_pb_module_header\"><span data-mce-fragment=\"1\">Directions for use<\/span><\/h3>\n<div data-mce-fragment=\"1\" class=\"et_pb_blurb_description\">\n<p data-mce-fragment=\"1\">After shampooing, apply a small amount of mask to wet hair. Distribute throughout and leave on for 3 to 5 minutes. Rinse thoroughly and style as usual. For a deep, restorative hair treatment, apply a generous amount of mask to your hair, concentrating on the ends. Wrap your head in a towel and leave on overnight. When you wake up, wash your hair with one of the Ecrinal shampoos and style as usual.<\/p>\n<\/div>\n<\/div>\n<\/div>\n<\/div>\n<div data-mce-fragment=\"1\" class=\"et_pb_module et_pb_blurb et_pb_blurb_3  et_pb_text_align_left  et_pb_blurb_position_left et_pb_bg_layout_light\">\n<div data-mce-fragment=\"1\" class=\"et_pb_blurb_content\">\n<div data-mce-fragment=\"1\" class=\"et_pb_blurb_container\">\n<h3 data-mce-fragment=\"1\" class=\"et_pb_module_header\"><span data-mce-fragment=\"1\">Main ingredients<\/span><\/h3>\n<div data-mce-fragment=\"1\" class=\"et_pb_blurb_description\">\n<p data-mce-fragment=\"1\">Shea Butter<br data-mce-fragment=\"1\">Silk Extracts<br data-mce-fragment=\"1\">Provitamin B5<br data-mce-fragment=\"1\"><span data-mce-fragment=\"1\">ANP<\/span><span data-mce-fragment=\"1\">\u00ae<\/span><span data-mce-fragment=\"1\">\u00a02+ :\u00a0<\/span><span data-mce-fragment=\"1\">patented plant lipid complex\u00a0<\/span><span data-mce-fragment=\"1\">(Asepta Patent)<\/span><\/p>\n<\/div>\n<\/div>\n<\/div>\n<\/div>","protected":false},"excerpt":{"rendered":"<p>Ecrinal ANP 2+ Masque Capillaire Nutritif\u00a0Fortifie, revitalise et aide \u00e0 r\u00e9parer les pointes fourchues.\u00a0 ECRINAL Masque Capillaire Nutritif ANP\u00ae\u00a02+ : Soin intensif profond et ultra-r\u00e9parateur. Fortifie, revitalise et aide \u00e0 r\u00e9parer les pointes fourchues. \u00a0Hydrate en profondeur les cheveux secs et cassants. Facilite le d\u00e9m\u00ealage et le coiffage.\u00a0Rend les cheveux doux, souples et brillants et [&hellip;]<\/p>\n","protected":false},"featured_media":17325,"template":"","meta":{"om_disable_all_campaigns":false},"product_brand":[],"product_cat":[15],"product_tag":[],"class_list":{"0":"post-17327","1":"product","2":"type-product","3":"status-publish","4":"has-post-thumbnail","6":"product_cat-beaute-sante-complements-alimentaires-soins-et-bien-etre-au-meilleur-prix","8":"first","9":"instock","10":"sale","11":"taxable","12":"shipping-taxable","13":"purchasable","14":"product-type-simple"},"yoast_head":"<!-- This site is optimized with the Yoast SEO plugin v27.4 - https:\/\/yoast.com\/product\/yoast-seo-wordpress\/ -->\n<title>Ecrinal ANP 2+ Masque Capillaire Nutritif 125ml - Maroc Prix<\/title>\n<meta name=\"description\" content=\"Ecrinal ANP 2+ Masque Capillaire Nutritif 125ml\" \/>\n<meta name=\"robots\" content=\"index, follow, max-snippet:-1, max-image-preview:large, max-video-preview:-1\" \/>\n<link rel=\"canonical\" href=\"https:\/\/vitablanca.ma\/en\/product\/ecrinal-anp-2-masque-capillaire-nutritif-125ml\/\" \/>\n<meta property=\"og:locale\" content=\"en_US\" \/>\n<meta property=\"og:type\" content=\"article\" \/>\n<meta property=\"og:title\" content=\"Ecrinal ANP 2+ Masque Capillaire Nutritif 125ml - Maroc Prix\" \/>\n<meta property=\"og:description\" content=\"Ecrinal ANP 2+ Masque Capillaire Nutritif 125ml\" \/>\n<meta property=\"og:url\" content=\"https:\/\/vitablanca.ma\/en\/product\/ecrinal-anp-2-masque-capillaire-nutritif-125ml\/\" \/>\n<meta property=\"og:site_name\" content=\"Vitablanca.ma &ndash; Sant&eacute;, vitalit&eacute; et bien-&ecirc;tre pour tous les Marocains\" \/>\n<meta property=\"article:publisher\" content=\"https:\/\/www.facebook.com\/profile.php?id=61576678196717\" \/>\n<meta property=\"og:image\" content=\"https:\/\/vitablanca.ma\/wp-content\/uploads\/2025\/06\/Ecrinal-ANP-2_-Masque-Capillaire-Nutritif-nova-parapharmacie-maroc.jpg\" \/>\n\t<meta property=\"og:image:width\" content=\"1000\" \/>\n\t<meta property=\"og:image:height\" content=\"1000\" \/>\n\t<meta property=\"og:image:type\" content=\"image\/jpeg\" \/>\n<meta name=\"twitter:card\" content=\"summary_large_image\" \/>\n<meta name=\"twitter:label1\" content=\"Est. reading time\" \/>\n\t<meta name=\"twitter:data1\" content=\"1 minute\" \/>\n<script type=\"application\/ld+json\" class=\"yoast-schema-graph\">{\"@context\":\"https:\\\/\\\/schema.org\",\"@graph\":[{\"@type\":[\"WebPage\",\"ItemPage\"],\"@id\":\"https:\\\/\\\/vitablanca.ma\\\/produit\\\/ecrinal-anp-2-masque-capillaire-nutritif-125ml\\\/\",\"url\":\"https:\\\/\\\/vitablanca.ma\\\/produit\\\/ecrinal-anp-2-masque-capillaire-nutritif-125ml\\\/\",\"name\":\"Ecrinal ANP 2+ Masque Capillaire Nutritif 125ml - Maroc Prix\",\"isPartOf\":{\"@id\":\"https:\\\/\\\/vitablanca.ma\\\/#website\"},\"primaryImageOfPage\":{\"@id\":\"https:\\\/\\\/vitablanca.ma\\\/produit\\\/ecrinal-anp-2-masque-capillaire-nutritif-125ml\\\/#primaryimage\"},\"image\":{\"@id\":\"https:\\\/\\\/vitablanca.ma\\\/produit\\\/ecrinal-anp-2-masque-capillaire-nutritif-125ml\\\/#primaryimage\"},\"thumbnailUrl\":\"https:\\\/\\\/vitablanca.ma\\\/wp-content\\\/uploads\\\/2025\\\/06\\\/Ecrinal-ANP-2_-Masque-Capillaire-Nutritif-nova-parapharmacie-maroc.jpg\",\"datePublished\":\"2025-06-10T16:59:01+00:00\",\"description\":\"Ecrinal ANP 2+ Masque Capillaire Nutritif 125ml\",\"breadcrumb\":{\"@id\":\"https:\\\/\\\/vitablanca.ma\\\/produit\\\/ecrinal-anp-2-masque-capillaire-nutritif-125ml\\\/#breadcrumb\"},\"inLanguage\":\"en-US\",\"potentialAction\":[{\"@type\":\"ReadAction\",\"target\":[\"https:\\\/\\\/vitablanca.ma\\\/produit\\\/ecrinal-anp-2-masque-capillaire-nutritif-125ml\\\/\"]}]},{\"@type\":\"ImageObject\",\"inLanguage\":\"en-US\",\"@id\":\"https:\\\/\\\/vitablanca.ma\\\/produit\\\/ecrinal-anp-2-masque-capillaire-nutritif-125ml\\\/#primaryimage\",\"url\":\"https:\\\/\\\/vitablanca.ma\\\/wp-content\\\/uploads\\\/2025\\\/06\\\/Ecrinal-ANP-2_-Masque-Capillaire-Nutritif-nova-parapharmacie-maroc.jpg\",\"contentUrl\":\"https:\\\/\\\/vitablanca.ma\\\/wp-content\\\/uploads\\\/2025\\\/06\\\/Ecrinal-ANP-2_-Masque-Capillaire-Nutritif-nova-parapharmacie-maroc.jpg\",\"width\":1000,\"height\":1000},{\"@type\":\"BreadcrumbList\",\"@id\":\"https:\\\/\\\/vitablanca.ma\\\/produit\\\/ecrinal-anp-2-masque-capillaire-nutritif-125ml\\\/#breadcrumb\",\"itemListElement\":[{\"@type\":\"ListItem\",\"position\":1,\"name\":\"Home\",\"item\":\"https:\\\/\\\/vitablanca.ma\\\/\"},{\"@type\":\"ListItem\",\"position\":2,\"name\":\"Tous Les Produits\",\"item\":\"https:\\\/\\\/vitablanca.ma\\\/tous-les-produits\\\/\"},{\"@type\":\"ListItem\",\"position\":3,\"name\":\"Ecrinal ANP 2+ Masque Capillaire Nutritif 125ml\"}]},{\"@type\":\"WebSite\",\"@id\":\"https:\\\/\\\/vitablanca.ma\\\/#website\",\"url\":\"https:\\\/\\\/vitablanca.ma\\\/\",\"name\":\"VitaBlanca.ma | Compl\u00e9ments alimentaires, sant\u00e9 & beaut\u00e9 au Maroc\",\"description\":\"vendre vitamines et compl\u00e9ments premium des USA &amp; Canada, Nouvelle Z\u00e9lande,Maroc (NOW Foods, Solgar, Manuka). Livraison rapide partout au Maroc.\",\"publisher\":{\"@id\":\"https:\\\/\\\/vitablanca.ma\\\/#organization\"},\"alternateName\":\"VitaBlanca.ma\",\"potentialAction\":[{\"@type\":\"SearchAction\",\"target\":{\"@type\":\"EntryPoint\",\"urlTemplate\":\"https:\\\/\\\/vitablanca.ma\\\/?s={search_term_string}\"},\"query-input\":{\"@type\":\"PropertyValueSpecification\",\"valueRequired\":true,\"valueName\":\"search_term_string\"}}],\"inLanguage\":\"en-US\"},{\"@type\":\"Organization\",\"@id\":\"https:\\\/\\\/vitablanca.ma\\\/#organization\",\"name\":\"VitaBlanca\",\"url\":\"https:\\\/\\\/vitablanca.ma\\\/\",\"logo\":{\"@type\":\"ImageObject\",\"inLanguage\":\"en-US\",\"@id\":\"https:\\\/\\\/vitablanca.ma\\\/#\\\/schema\\\/logo\\\/image\\\/\",\"url\":\"https:\\\/\\\/vitablanca.ma\\\/wp-content\\\/uploads\\\/2025\\\/05\\\/cropped-vitablanca.png\",\"contentUrl\":\"https:\\\/\\\/vitablanca.ma\\\/wp-content\\\/uploads\\\/2025\\\/05\\\/cropped-vitablanca.png\",\"width\":360,\"height\":67,\"caption\":\"VitaBlanca\"},\"image\":{\"@id\":\"https:\\\/\\\/vitablanca.ma\\\/#\\\/schema\\\/logo\\\/image\\\/\"},\"sameAs\":[\"https:\\\/\\\/www.facebook.com\\\/profile.php?id=61576678196717\",\"https:\\\/\\\/www.tiktok.com\\\/@vitablanca.ma\",\"https:\\\/\\\/www.instagram.com\\\/vitablanca.ma\\\/\"]}]}<\/script>\n<!-- \/ Yoast SEO plugin. -->","yoast_head_json":{"title":"Ecrinal ANP 2+ Nourishing Hair Mask 125ml - Morocco Price","description":"Ecrinal ANP 2+ Nourishing Hair Mask 125ml","robots":{"index":"index","follow":"follow","max-snippet":"max-snippet:-1","max-image-preview":"max-image-preview:large","max-video-preview":"max-video-preview:-1"},"canonical":"https:\/\/vitablanca.ma\/en\/product\/ecrinal-anp-2-masque-capillaire-nutritif-125ml\/","og_locale":"en_US","og_type":"article","og_title":"Ecrinal ANP 2+ Masque Capillaire Nutritif 125ml - Maroc Prix","og_description":"Ecrinal ANP 2+ Masque Capillaire Nutritif 125ml","og_url":"https:\/\/vitablanca.ma\/en\/product\/ecrinal-anp-2-masque-capillaire-nutritif-125ml\/","og_site_name":"Vitablanca.ma &ndash; Sant&eacute;, vitalit&eacute; et bien-&ecirc;tre pour tous les Marocains","article_publisher":"https:\/\/www.facebook.com\/profile.php?id=61576678196717","og_image":[{"width":1000,"height":1000,"url":"https:\/\/vitablanca.ma\/wp-content\/uploads\/2025\/06\/Ecrinal-ANP-2_-Masque-Capillaire-Nutritif-nova-parapharmacie-maroc.jpg","type":"image\/jpeg"}],"twitter_card":"summary_large_image","twitter_misc":{"Est. reading time":"1 minute"},"schema":{"@context":"https:\/\/schema.org","@graph":[{"@type":["WebPage","ItemPage"],"@id":"https:\/\/vitablanca.ma\/produit\/ecrinal-anp-2-masque-capillaire-nutritif-125ml\/","url":"https:\/\/vitablanca.ma\/produit\/ecrinal-anp-2-masque-capillaire-nutritif-125ml\/","name":"Ecrinal ANP 2+ Nourishing Hair Mask 125ml - Morocco Price","isPartOf":{"@id":"https:\/\/vitablanca.ma\/#website"},"primaryImageOfPage":{"@id":"https:\/\/vitablanca.ma\/produit\/ecrinal-anp-2-masque-capillaire-nutritif-125ml\/#primaryimage"},"image":{"@id":"https:\/\/vitablanca.ma\/produit\/ecrinal-anp-2-masque-capillaire-nutritif-125ml\/#primaryimage"},"thumbnailUrl":"https:\/\/vitablanca.ma\/wp-content\/uploads\/2025\/06\/Ecrinal-ANP-2_-Masque-Capillaire-Nutritif-nova-parapharmacie-maroc.jpg","datePublished":"2025-06-10T16:59:01+00:00","description":"Ecrinal ANP 2+ Nourishing Hair Mask 125ml","breadcrumb":{"@id":"https:\/\/vitablanca.ma\/produit\/ecrinal-anp-2-masque-capillaire-nutritif-125ml\/#breadcrumb"},"inLanguage":"en-US","potentialAction":[{"@type":"ReadAction","target":["https:\/\/vitablanca.ma\/produit\/ecrinal-anp-2-masque-capillaire-nutritif-125ml\/"]}]},{"@type":"ImageObject","inLanguage":"en-US","@id":"https:\/\/vitablanca.ma\/produit\/ecrinal-anp-2-masque-capillaire-nutritif-125ml\/#primaryimage","url":"https:\/\/vitablanca.ma\/wp-content\/uploads\/2025\/06\/Ecrinal-ANP-2_-Masque-Capillaire-Nutritif-nova-parapharmacie-maroc.jpg","contentUrl":"https:\/\/vitablanca.ma\/wp-content\/uploads\/2025\/06\/Ecrinal-ANP-2_-Masque-Capillaire-Nutritif-nova-parapharmacie-maroc.jpg","width":1000,"height":1000},{"@type":"BreadcrumbList","@id":"https:\/\/vitablanca.ma\/produit\/ecrinal-anp-2-masque-capillaire-nutritif-125ml\/#breadcrumb","itemListElement":[{"@type":"ListItem","position":1,"name":"Home","item":"https:\/\/vitablanca.ma\/"},{"@type":"ListItem","position":2,"name":"Tous Les Produits","item":"https:\/\/vitablanca.ma\/tous-les-produits\/"},{"@type":"ListItem","position":3,"name":"Ecrinal ANP 2+ Masque Capillaire Nutritif 125ml"}]},{"@type":"WebSite","@id":"https:\/\/vitablanca.ma\/#website","url":"https:\/\/vitablanca.ma\/","name":"VitaBlanca.ma | Food supplements, health &amp; beauty in Morocco","description":"sell premium vitamins and supplements from USA &amp; Canada, New Zealand, Morocco (NOW Foods, Solgar, Manuka). Fast delivery anywhere in Morocco.","publisher":{"@id":"https:\/\/vitablanca.ma\/#organization"},"alternateName":"VitaBlanca.ma","potentialAction":[{"@type":"SearchAction","target":{"@type":"EntryPoint","urlTemplate":"https:\/\/vitablanca.ma\/?s={search_term_string}"},"query-input":{"@type":"PropertyValueSpecification","valueRequired":true,"valueName":"search_term_string"}}],"inLanguage":"en-US"},{"@type":"Organization","@id":"https:\/\/vitablanca.ma\/#organization","name":"VitaBlanca","url":"https:\/\/vitablanca.ma\/","logo":{"@type":"ImageObject","inLanguage":"en-US","@id":"https:\/\/vitablanca.ma\/#\/schema\/logo\/image\/","url":"https:\/\/vitablanca.ma\/wp-content\/uploads\/2025\/05\/cropped-vitablanca.png","contentUrl":"https:\/\/vitablanca.ma\/wp-content\/uploads\/2025\/05\/cropped-vitablanca.png","width":360,"height":67,"caption":"VitaBlanca"},"image":{"@id":"https:\/\/vitablanca.ma\/#\/schema\/logo\/image\/"},"sameAs":["https:\/\/www.facebook.com\/profile.php?id=61576678196717","https:\/\/www.tiktok.com\/@vitablanca.ma","https:\/\/www.instagram.com\/vitablanca.ma\/"]}]}},"jetpack_sharing_enabled":true,"_links":{"self":[{"href":"https:\/\/vitablanca.ma\/en\/wp-json\/wp\/v2\/product\/17327","targetHints":{"allow":["GET"]}}],"collection":[{"href":"https:\/\/vitablanca.ma\/en\/wp-json\/wp\/v2\/product"}],"about":[{"href":"https:\/\/vitablanca.ma\/en\/wp-json\/wp\/v2\/types\/product"}],"wp:featuredmedia":[{"embeddable":true,"href":"https:\/\/vitablanca.ma\/en\/wp-json\/wp\/v2\/media\/17325"}],"wp:attachment":[{"href":"https:\/\/vitablanca.ma\/en\/wp-json\/wp\/v2\/media?parent=17327"}],"wp:term":[{"taxonomy":"product_brand","embeddable":true,"href":"https:\/\/vitablanca.ma\/en\/wp-json\/wp\/v2\/product_brand?post=17327"},{"taxonomy":"product_cat","embeddable":true,"href":"https:\/\/vitablanca.ma\/en\/wp-json\/wp\/v2\/product_cat?post=17327"},{"taxonomy":"product_tag","embeddable":true,"href":"https:\/\/vitablanca.ma\/en\/wp-json\/wp\/v2\/product_tag?post=17327"}],"curies":[{"name":"wp","href":"https:\/\/api.w.org\/{rel}","templated":true}]}}