{"id":17320,"date":"2025-06-10T16:58:42","date_gmt":"2025-06-10T16:58:42","guid":{"rendered":"https:\/\/vitablanca.ma\/product\/ecrinal-vernis-durcisseur-brillant-ongles-10ml\/"},"modified":"2025-06-10T16:58:42","modified_gmt":"2025-06-10T16:58:42","slug":"ecrinal-vernis-durcisseur-brillant-ongles-10ml","status":"publish","type":"product","link":"https:\/\/vitablanca.ma\/en\/product\/ecrinal-vernis-durcisseur-brillant-ongles-10ml\/","title":{"rendered":"Ecrinal Shiny Hardener Nail Polish 10ml"},"content":{"rendered":"<h2>Ecrinal Shiny Hardener Nail Polish\u00a0<span data-mce-fragment=\"1\">Provides strengthening elements.<\/span><br \/>\n<\/h2>\n<p>ECRINAL Glossy Nail Hardener: Instant protection. Strengthens and improves the nail&#039;s natural resistance against shocks and breakage. Provides fortifying elements. Extends the life of colored nail polish. Colorless, crystal-shine effect. Can be used as a \u201cBase Coat\u201d or \u201cTop Coat\u201d.<\/p>\n<p>100% Vegan \u2013 Cruelty-Free \u2013 \u201c12 Free\u201d Free from formaldehyde, toluene, DBP (dybutyl phthalate), formaldehyde resin, camphor, xylene, ethyl tosylamide, parabens, rosin, gluten, methylisothiazolinone (MIT) and acetone.<\/p>\n<h3>Indications<\/h3>\n<p>Fragile, soft and split nails.<\/p>\n<h3>Directions for use<\/h3>\n<p>Apply the Glossy Varnish Hardener either to the perfectly cleansed nail (one or two coats depending on the desired effect), or to your colored varnish to protect it and prolong its hold.<\/p>\n<h3>Main ingredients<\/h3>\n<p>Nonichosyne\u00ae Flexible Resin<\/p>","protected":false},"excerpt":{"rendered":"<p>Ecrinal Vernis Durcisseur Brillant Ongles\u00a0Apporte des \u00e9l\u00e9ments fortifiants. ECRINAL Durcisseur Vernis Brillant: Protection instantan\u00e9e. Renforce et am\u00e9liore la r\u00e9sistance naturelle de l\u2019ongle contre les chocs et les cassures.\u00a0 Apporte des \u00e9l\u00e9ments fortifiants. Prolonge la dur\u00e9e des vernis color\u00e9s. Incolore, effet brillant cristal. Peut servir de \u201cBase Coat\u201d ou de \u201cTop Coat\u201d. 100% v\u00e9g\u00e9talien \u2013 sans [&hellip;]<\/p>\n","protected":false},"featured_media":17319,"template":"","meta":{"om_disable_all_campaigns":false},"product_brand":[],"product_cat":[15],"product_tag":[],"class_list":{"0":"post-17320","1":"product","2":"type-product","3":"status-publish","4":"has-post-thumbnail","6":"product_cat-beaute-sante-complements-alimentaires-soins-et-bien-etre-au-meilleur-prix","8":"first","9":"instock","10":"sale","11":"taxable","12":"shipping-taxable","13":"purchasable","14":"product-type-simple"},"yoast_head":"<!-- This site is optimized with the Yoast SEO plugin v27.4 - https:\/\/yoast.com\/product\/yoast-seo-wordpress\/ -->\n<title>Ecrinal Vernis Durcisseur Brillant Ongles 10ml - Maroc Prix<\/title>\n<meta name=\"description\" content=\"Ecrinal Vernis Durcisseur Brillant Ongles 10ml\" \/>\n<meta name=\"robots\" content=\"index, follow, max-snippet:-1, max-image-preview:large, max-video-preview:-1\" \/>\n<link rel=\"canonical\" href=\"https:\/\/vitablanca.ma\/en\/product\/ecrinal-vernis-durcisseur-brillant-ongles-10ml\/\" \/>\n<meta property=\"og:locale\" content=\"en_US\" \/>\n<meta property=\"og:type\" content=\"article\" \/>\n<meta property=\"og:title\" content=\"Ecrinal Vernis Durcisseur Brillant Ongles 10ml - Maroc Prix\" \/>\n<meta property=\"og:description\" content=\"Ecrinal Vernis Durcisseur Brillant Ongles 10ml\" \/>\n<meta property=\"og:url\" content=\"https:\/\/vitablanca.ma\/en\/product\/ecrinal-vernis-durcisseur-brillant-ongles-10ml\/\" \/>\n<meta property=\"og:site_name\" content=\"Vitablanca.ma &ndash; Sant&eacute;, vitalit&eacute; et bien-&ecirc;tre pour tous les Marocains\" \/>\n<meta property=\"article:publisher\" content=\"https:\/\/www.facebook.com\/profile.php?id=61576678196717\" \/>\n<meta property=\"og:image\" content=\"https:\/\/vitablanca.ma\/wp-content\/uploads\/2025\/06\/Ecrinal-Vernis-Durcisseur-Brillant-Ongles-10ml-nova-parapharmacie-maroc.jpg\" \/>\n\t<meta property=\"og:image:width\" content=\"1000\" \/>\n\t<meta property=\"og:image:height\" content=\"1000\" \/>\n\t<meta property=\"og:image:type\" content=\"image\/jpeg\" \/>\n<meta name=\"twitter:card\" content=\"summary_large_image\" \/>\n<meta name=\"twitter:label1\" content=\"Est. reading time\" \/>\n\t<meta name=\"twitter:data1\" content=\"1 minute\" \/>\n<script type=\"application\/ld+json\" class=\"yoast-schema-graph\">{\"@context\":\"https:\\\/\\\/schema.org\",\"@graph\":[{\"@type\":[\"WebPage\",\"ItemPage\"],\"@id\":\"https:\\\/\\\/vitablanca.ma\\\/produit\\\/ecrinal-vernis-durcisseur-brillant-ongles-10ml\\\/\",\"url\":\"https:\\\/\\\/vitablanca.ma\\\/produit\\\/ecrinal-vernis-durcisseur-brillant-ongles-10ml\\\/\",\"name\":\"Ecrinal Vernis Durcisseur Brillant Ongles 10ml - Maroc Prix\",\"isPartOf\":{\"@id\":\"https:\\\/\\\/vitablanca.ma\\\/#website\"},\"primaryImageOfPage\":{\"@id\":\"https:\\\/\\\/vitablanca.ma\\\/produit\\\/ecrinal-vernis-durcisseur-brillant-ongles-10ml\\\/#primaryimage\"},\"image\":{\"@id\":\"https:\\\/\\\/vitablanca.ma\\\/produit\\\/ecrinal-vernis-durcisseur-brillant-ongles-10ml\\\/#primaryimage\"},\"thumbnailUrl\":\"https:\\\/\\\/vitablanca.ma\\\/wp-content\\\/uploads\\\/2025\\\/06\\\/Ecrinal-Vernis-Durcisseur-Brillant-Ongles-10ml-nova-parapharmacie-maroc.jpg\",\"datePublished\":\"2025-06-10T16:58:42+00:00\",\"description\":\"Ecrinal Vernis Durcisseur Brillant Ongles 10ml\",\"breadcrumb\":{\"@id\":\"https:\\\/\\\/vitablanca.ma\\\/produit\\\/ecrinal-vernis-durcisseur-brillant-ongles-10ml\\\/#breadcrumb\"},\"inLanguage\":\"en-US\",\"potentialAction\":[{\"@type\":\"ReadAction\",\"target\":[\"https:\\\/\\\/vitablanca.ma\\\/produit\\\/ecrinal-vernis-durcisseur-brillant-ongles-10ml\\\/\"]}]},{\"@type\":\"ImageObject\",\"inLanguage\":\"en-US\",\"@id\":\"https:\\\/\\\/vitablanca.ma\\\/produit\\\/ecrinal-vernis-durcisseur-brillant-ongles-10ml\\\/#primaryimage\",\"url\":\"https:\\\/\\\/vitablanca.ma\\\/wp-content\\\/uploads\\\/2025\\\/06\\\/Ecrinal-Vernis-Durcisseur-Brillant-Ongles-10ml-nova-parapharmacie-maroc.jpg\",\"contentUrl\":\"https:\\\/\\\/vitablanca.ma\\\/wp-content\\\/uploads\\\/2025\\\/06\\\/Ecrinal-Vernis-Durcisseur-Brillant-Ongles-10ml-nova-parapharmacie-maroc.jpg\",\"width\":1000,\"height\":1000},{\"@type\":\"BreadcrumbList\",\"@id\":\"https:\\\/\\\/vitablanca.ma\\\/produit\\\/ecrinal-vernis-durcisseur-brillant-ongles-10ml\\\/#breadcrumb\",\"itemListElement\":[{\"@type\":\"ListItem\",\"position\":1,\"name\":\"Home\",\"item\":\"https:\\\/\\\/vitablanca.ma\\\/\"},{\"@type\":\"ListItem\",\"position\":2,\"name\":\"Tous Les Produits\",\"item\":\"https:\\\/\\\/vitablanca.ma\\\/tous-les-produits\\\/\"},{\"@type\":\"ListItem\",\"position\":3,\"name\":\"Ecrinal Vernis Durcisseur Brillant Ongles 10ml\"}]},{\"@type\":\"WebSite\",\"@id\":\"https:\\\/\\\/vitablanca.ma\\\/#website\",\"url\":\"https:\\\/\\\/vitablanca.ma\\\/\",\"name\":\"VitaBlanca.ma | Compl\u00e9ments alimentaires, sant\u00e9 & beaut\u00e9 au Maroc\",\"description\":\"vendre vitamines et compl\u00e9ments premium des USA &amp; Canada, Nouvelle Z\u00e9lande,Maroc (NOW Foods, Solgar, Manuka). Livraison rapide partout au Maroc.\",\"publisher\":{\"@id\":\"https:\\\/\\\/vitablanca.ma\\\/#organization\"},\"alternateName\":\"VitaBlanca.ma\",\"potentialAction\":[{\"@type\":\"SearchAction\",\"target\":{\"@type\":\"EntryPoint\",\"urlTemplate\":\"https:\\\/\\\/vitablanca.ma\\\/?s={search_term_string}\"},\"query-input\":{\"@type\":\"PropertyValueSpecification\",\"valueRequired\":true,\"valueName\":\"search_term_string\"}}],\"inLanguage\":\"en-US\"},{\"@type\":\"Organization\",\"@id\":\"https:\\\/\\\/vitablanca.ma\\\/#organization\",\"name\":\"VitaBlanca\",\"url\":\"https:\\\/\\\/vitablanca.ma\\\/\",\"logo\":{\"@type\":\"ImageObject\",\"inLanguage\":\"en-US\",\"@id\":\"https:\\\/\\\/vitablanca.ma\\\/#\\\/schema\\\/logo\\\/image\\\/\",\"url\":\"https:\\\/\\\/vitablanca.ma\\\/wp-content\\\/uploads\\\/2025\\\/05\\\/cropped-vitablanca.png\",\"contentUrl\":\"https:\\\/\\\/vitablanca.ma\\\/wp-content\\\/uploads\\\/2025\\\/05\\\/cropped-vitablanca.png\",\"width\":360,\"height\":67,\"caption\":\"VitaBlanca\"},\"image\":{\"@id\":\"https:\\\/\\\/vitablanca.ma\\\/#\\\/schema\\\/logo\\\/image\\\/\"},\"sameAs\":[\"https:\\\/\\\/www.facebook.com\\\/profile.php?id=61576678196717\",\"https:\\\/\\\/www.tiktok.com\\\/@vitablanca.ma\",\"https:\\\/\\\/www.instagram.com\\\/vitablanca.ma\\\/\"]}]}<\/script>\n<!-- \/ Yoast SEO plugin. -->","yoast_head_json":{"title":"Ecrinal Shiny Hardener Nail Polish 10ml - Morocco Price","description":"Ecrinal Shiny Hardener Nail Polish 10ml","robots":{"index":"index","follow":"follow","max-snippet":"max-snippet:-1","max-image-preview":"max-image-preview:large","max-video-preview":"max-video-preview:-1"},"canonical":"https:\/\/vitablanca.ma\/en\/product\/ecrinal-vernis-durcisseur-brillant-ongles-10ml\/","og_locale":"en_US","og_type":"article","og_title":"Ecrinal Vernis Durcisseur Brillant Ongles 10ml - Maroc Prix","og_description":"Ecrinal Vernis Durcisseur Brillant Ongles 10ml","og_url":"https:\/\/vitablanca.ma\/en\/product\/ecrinal-vernis-durcisseur-brillant-ongles-10ml\/","og_site_name":"Vitablanca.ma &ndash; Sant&eacute;, vitalit&eacute; et bien-&ecirc;tre pour tous les Marocains","article_publisher":"https:\/\/www.facebook.com\/profile.php?id=61576678196717","og_image":[{"width":1000,"height":1000,"url":"https:\/\/vitablanca.ma\/wp-content\/uploads\/2025\/06\/Ecrinal-Vernis-Durcisseur-Brillant-Ongles-10ml-nova-parapharmacie-maroc.jpg","type":"image\/jpeg"}],"twitter_card":"summary_large_image","twitter_misc":{"Est. reading time":"1 minute"},"schema":{"@context":"https:\/\/schema.org","@graph":[{"@type":["WebPage","ItemPage"],"@id":"https:\/\/vitablanca.ma\/produit\/ecrinal-vernis-durcisseur-brillant-ongles-10ml\/","url":"https:\/\/vitablanca.ma\/produit\/ecrinal-vernis-durcisseur-brillant-ongles-10ml\/","name":"Ecrinal Shiny Hardener Nail Polish 10ml - Morocco Price","isPartOf":{"@id":"https:\/\/vitablanca.ma\/#website"},"primaryImageOfPage":{"@id":"https:\/\/vitablanca.ma\/produit\/ecrinal-vernis-durcisseur-brillant-ongles-10ml\/#primaryimage"},"image":{"@id":"https:\/\/vitablanca.ma\/produit\/ecrinal-vernis-durcisseur-brillant-ongles-10ml\/#primaryimage"},"thumbnailUrl":"https:\/\/vitablanca.ma\/wp-content\/uploads\/2025\/06\/Ecrinal-Vernis-Durcisseur-Brillant-Ongles-10ml-nova-parapharmacie-maroc.jpg","datePublished":"2025-06-10T16:58:42+00:00","description":"Ecrinal Shiny Hardener Nail Polish 10ml","breadcrumb":{"@id":"https:\/\/vitablanca.ma\/produit\/ecrinal-vernis-durcisseur-brillant-ongles-10ml\/#breadcrumb"},"inLanguage":"en-US","potentialAction":[{"@type":"ReadAction","target":["https:\/\/vitablanca.ma\/produit\/ecrinal-vernis-durcisseur-brillant-ongles-10ml\/"]}]},{"@type":"ImageObject","inLanguage":"en-US","@id":"https:\/\/vitablanca.ma\/produit\/ecrinal-vernis-durcisseur-brillant-ongles-10ml\/#primaryimage","url":"https:\/\/vitablanca.ma\/wp-content\/uploads\/2025\/06\/Ecrinal-Vernis-Durcisseur-Brillant-Ongles-10ml-nova-parapharmacie-maroc.jpg","contentUrl":"https:\/\/vitablanca.ma\/wp-content\/uploads\/2025\/06\/Ecrinal-Vernis-Durcisseur-Brillant-Ongles-10ml-nova-parapharmacie-maroc.jpg","width":1000,"height":1000},{"@type":"BreadcrumbList","@id":"https:\/\/vitablanca.ma\/produit\/ecrinal-vernis-durcisseur-brillant-ongles-10ml\/#breadcrumb","itemListElement":[{"@type":"ListItem","position":1,"name":"Home","item":"https:\/\/vitablanca.ma\/"},{"@type":"ListItem","position":2,"name":"Tous Les Produits","item":"https:\/\/vitablanca.ma\/tous-les-produits\/"},{"@type":"ListItem","position":3,"name":"Ecrinal Vernis Durcisseur Brillant Ongles 10ml"}]},{"@type":"WebSite","@id":"https:\/\/vitablanca.ma\/#website","url":"https:\/\/vitablanca.ma\/","name":"VitaBlanca.ma | Food supplements, health &amp; beauty in Morocco","description":"sell premium vitamins and supplements from USA &amp; Canada, New Zealand, Morocco (NOW Foods, Solgar, Manuka). Fast delivery anywhere in Morocco.","publisher":{"@id":"https:\/\/vitablanca.ma\/#organization"},"alternateName":"VitaBlanca.ma","potentialAction":[{"@type":"SearchAction","target":{"@type":"EntryPoint","urlTemplate":"https:\/\/vitablanca.ma\/?s={search_term_string}"},"query-input":{"@type":"PropertyValueSpecification","valueRequired":true,"valueName":"search_term_string"}}],"inLanguage":"en-US"},{"@type":"Organization","@id":"https:\/\/vitablanca.ma\/#organization","name":"VitaBlanca","url":"https:\/\/vitablanca.ma\/","logo":{"@type":"ImageObject","inLanguage":"en-US","@id":"https:\/\/vitablanca.ma\/#\/schema\/logo\/image\/","url":"https:\/\/vitablanca.ma\/wp-content\/uploads\/2025\/05\/cropped-vitablanca.png","contentUrl":"https:\/\/vitablanca.ma\/wp-content\/uploads\/2025\/05\/cropped-vitablanca.png","width":360,"height":67,"caption":"VitaBlanca"},"image":{"@id":"https:\/\/vitablanca.ma\/#\/schema\/logo\/image\/"},"sameAs":["https:\/\/www.facebook.com\/profile.php?id=61576678196717","https:\/\/www.tiktok.com\/@vitablanca.ma","https:\/\/www.instagram.com\/vitablanca.ma\/"]}]}},"jetpack_sharing_enabled":true,"_links":{"self":[{"href":"https:\/\/vitablanca.ma\/en\/wp-json\/wp\/v2\/product\/17320","targetHints":{"allow":["GET"]}}],"collection":[{"href":"https:\/\/vitablanca.ma\/en\/wp-json\/wp\/v2\/product"}],"about":[{"href":"https:\/\/vitablanca.ma\/en\/wp-json\/wp\/v2\/types\/product"}],"wp:featuredmedia":[{"embeddable":true,"href":"https:\/\/vitablanca.ma\/en\/wp-json\/wp\/v2\/media\/17319"}],"wp:attachment":[{"href":"https:\/\/vitablanca.ma\/en\/wp-json\/wp\/v2\/media?parent=17320"}],"wp:term":[{"taxonomy":"product_brand","embeddable":true,"href":"https:\/\/vitablanca.ma\/en\/wp-json\/wp\/v2\/product_brand?post=17320"},{"taxonomy":"product_cat","embeddable":true,"href":"https:\/\/vitablanca.ma\/en\/wp-json\/wp\/v2\/product_cat?post=17320"},{"taxonomy":"product_tag","embeddable":true,"href":"https:\/\/vitablanca.ma\/en\/wp-json\/wp\/v2\/product_tag?post=17320"}],"curies":[{"name":"wp","href":"https:\/\/api.w.org\/{rel}","templated":true}]}}