{"id":17317,"date":"2025-06-10T16:58:36","date_gmt":"2025-06-10T16:58:36","guid":{"rendered":"https:\/\/vitablanca.ma\/product\/ecrinal-anp-2-ampoules-anti-perte-cheveux-8x5ml\/"},"modified":"2025-06-10T16:58:36","modified_gmt":"2025-06-10T16:58:36","slug":"ecrinal-anp-2-ampoules-anti-perte-cheveux-8x5ml","status":"publish","type":"product","link":"https:\/\/vitablanca.ma\/en\/product\/ecrinal-anp-2-ampoules-anti-perte-cheveux-8x5ml\/","title":{"rendered":"Ecrinal ANP 2+ Anti-Hair Loss Ampoules 8x5ml"},"content":{"rendered":"<div data-mce-fragment=\"1\" class=\"et_pb_module et_pb_blurb et_pb_blurb_0  et_pb_text_align_left  et_pb_blurb_position_left et_pb_bg_layout_light\">\n<div data-mce-fragment=\"1\" class=\"et_pb_blurb_content\">\n<div data-mce-fragment=\"1\" class=\"et_pb_blurb_container\">\n<div data-mce-fragment=\"1\" class=\"et_pb_blurb_description\">\n<h2 data-mce-fragment=\"1\">Ecrinal ANP 2+ Anti-Hair Loss Ampoules\u00a0<span data-mce-fragment=\"1\">quickly energizes and revitalizes fine hair<\/span><br \/>\n<\/h2>\n<p data-mce-fragment=\"1\">ECRINAL ANP Hair Ampoules<span data-mce-fragment=\"1\">\u00ae\u00a0<\/span>2+: Highly concentrated in ANP<span data-mce-fragment=\"1\">\u00ae\u00a0<\/span>2+ 40% (patented plant lipid complex), this product is the true hair fortifier. This highly restorative hair treatment quickly energizes and revitalizes fine, dry, dull, thinning, brittle, and devitalized hair. It also has a very beneficial effect on oily hair or hair with dandruff. According to tests, after 3 months of use,<span data-mce-fragment=\"1\">\u00a0<\/span><strong data-mce-fragment=\"1\">96%<span data-mce-fragment=\"1\">\u00a0<\/span><\/strong>of subjects* noticed a significant improvement in the appearance and overall condition of their hair. It appears thicker and fuller. It regains its bounce, is more supple and shinier. One ampoule can be used sporadically to moisturize dry hair and revive the color of dyed hair. Suitable for sensitive scalps.<\/p>\n<p data-mce-fragment=\"1\">* % self-assessment carried out on 25 volunteers over 3 months<\/p>\n<\/div>\n<\/div>\n<\/div>\n<\/div>\n<div data-mce-fragment=\"1\" class=\"et_pb_module et_pb_blurb et_pb_blurb_1  et_pb_text_align_left  et_pb_blurb_position_left et_pb_bg_layout_light\">\n<div data-mce-fragment=\"1\" class=\"et_pb_blurb_content\">\n<div data-mce-fragment=\"1\" class=\"et_pb_blurb_container\">\n<h3 data-mce-fragment=\"1\" class=\"et_pb_module_header\"><span data-mce-fragment=\"1\">Indications<\/span><\/h3>\n<div data-mce-fragment=\"1\" class=\"et_pb_blurb_description\">Dull, damaged and thinning hair, dyed and dry hair.<br data-mce-fragment=\"1\">Oily dandruff and dry dandruff.<br data-mce-fragment=\"1\"><strong data-mce-fragment=\"1\">Highly recommended at the first signs of hair loss.<\/strong>\n<\/div>\n<\/div>\n<\/div>\n<\/div>\n<div data-mce-fragment=\"1\" class=\"et_pb_module et_pb_blurb et_pb_blurb_2  et_pb_text_align_left  et_pb_blurb_position_left et_pb_bg_layout_light\">\n<div data-mce-fragment=\"1\" class=\"et_pb_blurb_content\">\n<div data-mce-fragment=\"1\" class=\"et_pb_main_blurb_image\"><span data-mce-fragment=\"1\" class=\"et_pb_image_wrap\"><span data-mce-fragment=\"1\" class=\"et-waypoint et_pb_animation_top et_pb_animation_top_tablet et_pb_animation_top_phone et-pb-icon et-animated\"><br \/><\/span><\/span><\/div>\n<div data-mce-fragment=\"1\" class=\"et_pb_blurb_container\">\n<h3 data-mce-fragment=\"1\" class=\"et_pb_module_header\"><span data-mce-fragment=\"1\">Directions for use<\/span><\/h3>\n<div data-mce-fragment=\"1\" class=\"et_pb_blurb_description\">\n<p data-mce-fragment=\"1\">Spread the contents of the ampoule directly onto the scalp, working section by section.<span data-mce-fragment=\"1\">\u00a0<\/span><strong data-mce-fragment=\"1\">focusing on bald areas<\/strong>Massage with your fingertips for a few minutes. Wait at least 30 minutes before shampooing or leave on overnight. For best results, use the Ecrinal shampoo appropriate for your hair type.<\/p>\n<p data-mce-fragment=\"1\">Recommended frequency: 1 ampoule every 2 days for 2 months, 1 ampoule every 3 days the third month.<\/p>\n<\/div>\n<\/div>\n<\/div>\n<\/div>\n<div data-mce-fragment=\"1\" class=\"et_pb_module et_pb_blurb et_pb_blurb_3  et_pb_text_align_left  et_pb_blurb_position_left et_pb_bg_layout_light\">\n<div data-mce-fragment=\"1\" class=\"et_pb_blurb_content\">\n<div data-mce-fragment=\"1\" class=\"et_pb_blurb_container\">\n<h3 data-mce-fragment=\"1\" class=\"et_pb_module_header\"><span data-mce-fragment=\"1\">Main ingredients<\/span><\/h3>\n<div data-mce-fragment=\"1\" class=\"et_pb_blurb_description\">\n<p data-mce-fragment=\"1\">ANP<span data-mce-fragment=\"1\">\u00ae<\/span><span data-mce-fragment=\"1\">\u00a0<\/span>2+ 40% :<span data-mce-fragment=\"1\">\u00a0<\/span><span data-mce-fragment=\"1\">patented plant lipid complex\u00a0<\/span>(Asepta Patent)<\/p>\n<\/div>\n<\/div>\n<\/div>\n<\/div>\n<div data-mce-fragment=\"1\" class=\"et_pb_module et_pb_blurb et_pb_blurb_4  et_pb_text_align_left  et_pb_blurb_position_left et_pb_bg_layout_light\">\n<div data-mce-fragment=\"1\" class=\"et_pb_blurb_content\">\n<div data-mce-fragment=\"1\" class=\"et_pb_blurb_container\">\n<h3 data-mce-fragment=\"1\" class=\"et_pb_module_header\"><span data-mce-fragment=\"1\">Formats<\/span><\/h3>\n<div data-mce-fragment=\"1\" class=\"et_pb_blurb_description\">Box of 2 ampoules of 5 ml<br data-mce-fragment=\"1\">Box of 8 ampoules of 5 ml<\/div>\n<\/div>\n<\/div>\n<\/div>","protected":false},"excerpt":{"rendered":"<p>Ecrinal ANP 2+ Ampoules Anti-Perte Cheveux\u00a0dynamise et revitalise rapidement les cheveux fins ECRINAL Ampoules Cheveux ANP\u00ae\u00a02+ : Hautement concentr\u00e9 en ANP\u00ae\u00a02+ 40% (complexe lipidique v\u00e9g\u00e9tal brevet\u00e9), ce produit est le v\u00e9ritable fortifiant du cheveu.\u00a0 Ce soin capillaire tr\u00e8s r\u00e9parateur, dynamise et revitalise rapidement les cheveux fins, secs et ternes, clairsem\u00e9s, cassants et d\u00e9vitalis\u00e9s.\u00a0Il exerce aussi [&hellip;]<\/p>\n","protected":false},"featured_media":17316,"template":"","meta":{"om_disable_all_campaigns":false},"product_brand":[],"product_cat":[15],"product_tag":[],"class_list":{"0":"post-17317","1":"product","2":"type-product","3":"status-publish","4":"has-post-thumbnail","6":"product_cat-beaute-sante-complements-alimentaires-soins-et-bien-etre-au-meilleur-prix","8":"first","9":"instock","10":"sale","11":"taxable","12":"shipping-taxable","13":"purchasable","14":"product-type-simple"},"yoast_head":"<!-- This site is optimized with the Yoast SEO plugin v27.4 - https:\/\/yoast.com\/product\/yoast-seo-wordpress\/ -->\n<title>Ecrinal ANP 2+ Ampoules Anti-Perte Cheveux 8x5ml - Maroc Prix<\/title>\n<meta name=\"description\" content=\"Ecrinal ANP 2+ Ampoules Anti-Perte Cheveux 8x5ml\" \/>\n<meta name=\"robots\" content=\"index, follow, max-snippet:-1, max-image-preview:large, max-video-preview:-1\" \/>\n<link rel=\"canonical\" href=\"https:\/\/vitablanca.ma\/en\/product\/ecrinal-anp-2-ampoules-anti-perte-cheveux-8x5ml\/\" \/>\n<meta property=\"og:locale\" content=\"en_US\" \/>\n<meta property=\"og:type\" content=\"article\" \/>\n<meta property=\"og:title\" content=\"Ecrinal ANP 2+ Ampoules Anti-Perte Cheveux 8x5ml - Maroc Prix\" \/>\n<meta property=\"og:description\" content=\"Ecrinal ANP 2+ Ampoules Anti-Perte Cheveux 8x5ml\" \/>\n<meta property=\"og:url\" content=\"https:\/\/vitablanca.ma\/en\/product\/ecrinal-anp-2-ampoules-anti-perte-cheveux-8x5ml\/\" \/>\n<meta property=\"og:site_name\" content=\"Vitablanca.ma &ndash; Sant&eacute;, vitalit&eacute; et bien-&ecirc;tre pour tous les Marocains\" \/>\n<meta property=\"article:publisher\" content=\"https:\/\/www.facebook.com\/profile.php?id=61576678196717\" \/>\n<meta property=\"og:image\" content=\"https:\/\/vitablanca.ma\/wp-content\/uploads\/2025\/06\/Ecrinal-ANP-2_-Ampoules-Anti-Perte-Cheveux-8x5ml-novaparapharmacie-maroc.jpg\" \/>\n\t<meta property=\"og:image:width\" content=\"1000\" \/>\n\t<meta property=\"og:image:height\" content=\"1000\" \/>\n\t<meta property=\"og:image:type\" content=\"image\/jpeg\" \/>\n<meta name=\"twitter:card\" content=\"summary_large_image\" \/>\n<meta name=\"twitter:label1\" content=\"Est. reading time\" \/>\n\t<meta name=\"twitter:data1\" content=\"1 minute\" \/>\n<script type=\"application\/ld+json\" class=\"yoast-schema-graph\">{\"@context\":\"https:\\\/\\\/schema.org\",\"@graph\":[{\"@type\":[\"WebPage\",\"ItemPage\"],\"@id\":\"https:\\\/\\\/vitablanca.ma\\\/produit\\\/ecrinal-anp-2-ampoules-anti-perte-cheveux-8x5ml\\\/\",\"url\":\"https:\\\/\\\/vitablanca.ma\\\/produit\\\/ecrinal-anp-2-ampoules-anti-perte-cheveux-8x5ml\\\/\",\"name\":\"Ecrinal ANP 2+ Ampoules Anti-Perte Cheveux 8x5ml - Maroc Prix\",\"isPartOf\":{\"@id\":\"https:\\\/\\\/vitablanca.ma\\\/#website\"},\"primaryImageOfPage\":{\"@id\":\"https:\\\/\\\/vitablanca.ma\\\/produit\\\/ecrinal-anp-2-ampoules-anti-perte-cheveux-8x5ml\\\/#primaryimage\"},\"image\":{\"@id\":\"https:\\\/\\\/vitablanca.ma\\\/produit\\\/ecrinal-anp-2-ampoules-anti-perte-cheveux-8x5ml\\\/#primaryimage\"},\"thumbnailUrl\":\"https:\\\/\\\/vitablanca.ma\\\/wp-content\\\/uploads\\\/2025\\\/06\\\/Ecrinal-ANP-2_-Ampoules-Anti-Perte-Cheveux-8x5ml-novaparapharmacie-maroc.jpg\",\"datePublished\":\"2025-06-10T16:58:36+00:00\",\"description\":\"Ecrinal ANP 2+ Ampoules Anti-Perte Cheveux 8x5ml\",\"breadcrumb\":{\"@id\":\"https:\\\/\\\/vitablanca.ma\\\/produit\\\/ecrinal-anp-2-ampoules-anti-perte-cheveux-8x5ml\\\/#breadcrumb\"},\"inLanguage\":\"en-US\",\"potentialAction\":[{\"@type\":\"ReadAction\",\"target\":[\"https:\\\/\\\/vitablanca.ma\\\/produit\\\/ecrinal-anp-2-ampoules-anti-perte-cheveux-8x5ml\\\/\"]}]},{\"@type\":\"ImageObject\",\"inLanguage\":\"en-US\",\"@id\":\"https:\\\/\\\/vitablanca.ma\\\/produit\\\/ecrinal-anp-2-ampoules-anti-perte-cheveux-8x5ml\\\/#primaryimage\",\"url\":\"https:\\\/\\\/vitablanca.ma\\\/wp-content\\\/uploads\\\/2025\\\/06\\\/Ecrinal-ANP-2_-Ampoules-Anti-Perte-Cheveux-8x5ml-novaparapharmacie-maroc.jpg\",\"contentUrl\":\"https:\\\/\\\/vitablanca.ma\\\/wp-content\\\/uploads\\\/2025\\\/06\\\/Ecrinal-ANP-2_-Ampoules-Anti-Perte-Cheveux-8x5ml-novaparapharmacie-maroc.jpg\",\"width\":1000,\"height\":1000},{\"@type\":\"BreadcrumbList\",\"@id\":\"https:\\\/\\\/vitablanca.ma\\\/produit\\\/ecrinal-anp-2-ampoules-anti-perte-cheveux-8x5ml\\\/#breadcrumb\",\"itemListElement\":[{\"@type\":\"ListItem\",\"position\":1,\"name\":\"Home\",\"item\":\"https:\\\/\\\/vitablanca.ma\\\/\"},{\"@type\":\"ListItem\",\"position\":2,\"name\":\"Tous Les Produits\",\"item\":\"https:\\\/\\\/vitablanca.ma\\\/tous-les-produits\\\/\"},{\"@type\":\"ListItem\",\"position\":3,\"name\":\"Ecrinal ANP 2+ Ampoules Anti-Perte Cheveux 8x5ml\"}]},{\"@type\":\"WebSite\",\"@id\":\"https:\\\/\\\/vitablanca.ma\\\/#website\",\"url\":\"https:\\\/\\\/vitablanca.ma\\\/\",\"name\":\"VitaBlanca.ma | Compl\u00e9ments alimentaires, sant\u00e9 & beaut\u00e9 au Maroc\",\"description\":\"vendre vitamines et compl\u00e9ments premium des USA &amp; Canada, Nouvelle Z\u00e9lande,Maroc (NOW Foods, Solgar, Manuka). Livraison rapide partout au Maroc.\",\"publisher\":{\"@id\":\"https:\\\/\\\/vitablanca.ma\\\/#organization\"},\"alternateName\":\"VitaBlanca.ma\",\"potentialAction\":[{\"@type\":\"SearchAction\",\"target\":{\"@type\":\"EntryPoint\",\"urlTemplate\":\"https:\\\/\\\/vitablanca.ma\\\/?s={search_term_string}\"},\"query-input\":{\"@type\":\"PropertyValueSpecification\",\"valueRequired\":true,\"valueName\":\"search_term_string\"}}],\"inLanguage\":\"en-US\"},{\"@type\":\"Organization\",\"@id\":\"https:\\\/\\\/vitablanca.ma\\\/#organization\",\"name\":\"VitaBlanca\",\"url\":\"https:\\\/\\\/vitablanca.ma\\\/\",\"logo\":{\"@type\":\"ImageObject\",\"inLanguage\":\"en-US\",\"@id\":\"https:\\\/\\\/vitablanca.ma\\\/#\\\/schema\\\/logo\\\/image\\\/\",\"url\":\"https:\\\/\\\/vitablanca.ma\\\/wp-content\\\/uploads\\\/2025\\\/05\\\/cropped-vitablanca.png\",\"contentUrl\":\"https:\\\/\\\/vitablanca.ma\\\/wp-content\\\/uploads\\\/2025\\\/05\\\/cropped-vitablanca.png\",\"width\":360,\"height\":67,\"caption\":\"VitaBlanca\"},\"image\":{\"@id\":\"https:\\\/\\\/vitablanca.ma\\\/#\\\/schema\\\/logo\\\/image\\\/\"},\"sameAs\":[\"https:\\\/\\\/www.facebook.com\\\/profile.php?id=61576678196717\",\"https:\\\/\\\/www.tiktok.com\\\/@vitablanca.ma\",\"https:\\\/\\\/www.instagram.com\\\/vitablanca.ma\\\/\"]}]}<\/script>\n<!-- \/ Yoast SEO plugin. -->","yoast_head_json":{"title":"Ecrinal ANP 2+ Anti-Hair Loss Ampoules 8x5ml - Morocco Price","description":"Ecrinal ANP 2+ Anti-Hair Loss Ampoules 8x5ml","robots":{"index":"index","follow":"follow","max-snippet":"max-snippet:-1","max-image-preview":"max-image-preview:large","max-video-preview":"max-video-preview:-1"},"canonical":"https:\/\/vitablanca.ma\/en\/product\/ecrinal-anp-2-ampoules-anti-perte-cheveux-8x5ml\/","og_locale":"en_US","og_type":"article","og_title":"Ecrinal ANP 2+ Ampoules Anti-Perte Cheveux 8x5ml - Maroc Prix","og_description":"Ecrinal ANP 2+ Ampoules Anti-Perte Cheveux 8x5ml","og_url":"https:\/\/vitablanca.ma\/en\/product\/ecrinal-anp-2-ampoules-anti-perte-cheveux-8x5ml\/","og_site_name":"Vitablanca.ma &ndash; Sant&eacute;, vitalit&eacute; et bien-&ecirc;tre pour tous les Marocains","article_publisher":"https:\/\/www.facebook.com\/profile.php?id=61576678196717","og_image":[{"width":1000,"height":1000,"url":"https:\/\/vitablanca.ma\/wp-content\/uploads\/2025\/06\/Ecrinal-ANP-2_-Ampoules-Anti-Perte-Cheveux-8x5ml-novaparapharmacie-maroc.jpg","type":"image\/jpeg"}],"twitter_card":"summary_large_image","twitter_misc":{"Est. reading time":"1 minute"},"schema":{"@context":"https:\/\/schema.org","@graph":[{"@type":["WebPage","ItemPage"],"@id":"https:\/\/vitablanca.ma\/produit\/ecrinal-anp-2-ampoules-anti-perte-cheveux-8x5ml\/","url":"https:\/\/vitablanca.ma\/produit\/ecrinal-anp-2-ampoules-anti-perte-cheveux-8x5ml\/","name":"Ecrinal ANP 2+ Anti-Hair Loss Ampoules 8x5ml - Morocco Price","isPartOf":{"@id":"https:\/\/vitablanca.ma\/#website"},"primaryImageOfPage":{"@id":"https:\/\/vitablanca.ma\/produit\/ecrinal-anp-2-ampoules-anti-perte-cheveux-8x5ml\/#primaryimage"},"image":{"@id":"https:\/\/vitablanca.ma\/produit\/ecrinal-anp-2-ampoules-anti-perte-cheveux-8x5ml\/#primaryimage"},"thumbnailUrl":"https:\/\/vitablanca.ma\/wp-content\/uploads\/2025\/06\/Ecrinal-ANP-2_-Ampoules-Anti-Perte-Cheveux-8x5ml-novaparapharmacie-maroc.jpg","datePublished":"2025-06-10T16:58:36+00:00","description":"Ecrinal ANP 2+ Anti-Hair Loss Ampoules 8x5ml","breadcrumb":{"@id":"https:\/\/vitablanca.ma\/produit\/ecrinal-anp-2-ampoules-anti-perte-cheveux-8x5ml\/#breadcrumb"},"inLanguage":"en-US","potentialAction":[{"@type":"ReadAction","target":["https:\/\/vitablanca.ma\/produit\/ecrinal-anp-2-ampoules-anti-perte-cheveux-8x5ml\/"]}]},{"@type":"ImageObject","inLanguage":"en-US","@id":"https:\/\/vitablanca.ma\/produit\/ecrinal-anp-2-ampoules-anti-perte-cheveux-8x5ml\/#primaryimage","url":"https:\/\/vitablanca.ma\/wp-content\/uploads\/2025\/06\/Ecrinal-ANP-2_-Ampoules-Anti-Perte-Cheveux-8x5ml-novaparapharmacie-maroc.jpg","contentUrl":"https:\/\/vitablanca.ma\/wp-content\/uploads\/2025\/06\/Ecrinal-ANP-2_-Ampoules-Anti-Perte-Cheveux-8x5ml-novaparapharmacie-maroc.jpg","width":1000,"height":1000},{"@type":"BreadcrumbList","@id":"https:\/\/vitablanca.ma\/produit\/ecrinal-anp-2-ampoules-anti-perte-cheveux-8x5ml\/#breadcrumb","itemListElement":[{"@type":"ListItem","position":1,"name":"Home","item":"https:\/\/vitablanca.ma\/"},{"@type":"ListItem","position":2,"name":"Tous Les Produits","item":"https:\/\/vitablanca.ma\/tous-les-produits\/"},{"@type":"ListItem","position":3,"name":"Ecrinal ANP 2+ Ampoules Anti-Perte Cheveux 8x5ml"}]},{"@type":"WebSite","@id":"https:\/\/vitablanca.ma\/#website","url":"https:\/\/vitablanca.ma\/","name":"VitaBlanca.ma | Food supplements, health &amp; beauty in Morocco","description":"sell premium vitamins and supplements from USA &amp; Canada, New Zealand, Morocco (NOW Foods, Solgar, Manuka). Fast delivery anywhere in Morocco.","publisher":{"@id":"https:\/\/vitablanca.ma\/#organization"},"alternateName":"VitaBlanca.ma","potentialAction":[{"@type":"SearchAction","target":{"@type":"EntryPoint","urlTemplate":"https:\/\/vitablanca.ma\/?s={search_term_string}"},"query-input":{"@type":"PropertyValueSpecification","valueRequired":true,"valueName":"search_term_string"}}],"inLanguage":"en-US"},{"@type":"Organization","@id":"https:\/\/vitablanca.ma\/#organization","name":"VitaBlanca","url":"https:\/\/vitablanca.ma\/","logo":{"@type":"ImageObject","inLanguage":"en-US","@id":"https:\/\/vitablanca.ma\/#\/schema\/logo\/image\/","url":"https:\/\/vitablanca.ma\/wp-content\/uploads\/2025\/05\/cropped-vitablanca.png","contentUrl":"https:\/\/vitablanca.ma\/wp-content\/uploads\/2025\/05\/cropped-vitablanca.png","width":360,"height":67,"caption":"VitaBlanca"},"image":{"@id":"https:\/\/vitablanca.ma\/#\/schema\/logo\/image\/"},"sameAs":["https:\/\/www.facebook.com\/profile.php?id=61576678196717","https:\/\/www.tiktok.com\/@vitablanca.ma","https:\/\/www.instagram.com\/vitablanca.ma\/"]}]}},"jetpack_sharing_enabled":true,"_links":{"self":[{"href":"https:\/\/vitablanca.ma\/en\/wp-json\/wp\/v2\/product\/17317","targetHints":{"allow":["GET"]}}],"collection":[{"href":"https:\/\/vitablanca.ma\/en\/wp-json\/wp\/v2\/product"}],"about":[{"href":"https:\/\/vitablanca.ma\/en\/wp-json\/wp\/v2\/types\/product"}],"wp:featuredmedia":[{"embeddable":true,"href":"https:\/\/vitablanca.ma\/en\/wp-json\/wp\/v2\/media\/17316"}],"wp:attachment":[{"href":"https:\/\/vitablanca.ma\/en\/wp-json\/wp\/v2\/media?parent=17317"}],"wp:term":[{"taxonomy":"product_brand","embeddable":true,"href":"https:\/\/vitablanca.ma\/en\/wp-json\/wp\/v2\/product_brand?post=17317"},{"taxonomy":"product_cat","embeddable":true,"href":"https:\/\/vitablanca.ma\/en\/wp-json\/wp\/v2\/product_cat?post=17317"},{"taxonomy":"product_tag","embeddable":true,"href":"https:\/\/vitablanca.ma\/en\/wp-json\/wp\/v2\/product_tag?post=17317"}],"curies":[{"name":"wp","href":"https:\/\/api.w.org\/{rel}","templated":true}]}}