{"id":17315,"date":"2025-06-10T16:58:29","date_gmt":"2025-06-10T16:58:29","guid":{"rendered":"https:\/\/vitablanca.ma\/product\/ecrinal-anp-2-lotion-femme-soin-intensif-des-cheveux-spray-200ml\/"},"modified":"2025-06-10T16:58:29","modified_gmt":"2025-06-10T16:58:29","slug":"ecrinal-anp-2-lotion-femme-soin-intensif-des-cheveux-spray-200ml","status":"publish","type":"product","link":"https:\/\/vitablanca.ma\/en\/product\/ecrinal-anp-2-lotion-femme-soin-intensif-des-cheveux-spray-200ml\/","title":{"rendered":"Ecrinal ANP 2+ Women&#039;s Lotion Intensive Hair Care Spray 200ml"},"content":{"rendered":"<h2 data-mce-fragment=\"1\">Ecrinal ANP 2+ Women&#039;s Lotion Intensive Hair Care Spray <span data-mce-fragment=\"1\">act intensely on the vitality of the scalp\u00a0<\/span><br \/>\n<\/h2>\n<p data-mce-fragment=\"1\">Ecrinal ANP lotion for women is a treatment that will act intensely on the vitality of the scalp in order to release strong and toned hair, this product contains:<br data-mce-fragment=\"1\">Tricholipids ANP<\/p>\n<p data-mce-fragment=\"1\">These agents are extremely active ingredients that will act on the stimulation of the scalp by providing it with the nutrients it needs, in order to strengthen the hair bulb and promote the growth of truly fortified and magnified hair.<br data-mce-fragment=\"1\">Hair is healthy, strong and revitalized from root to tip.<br data-mce-fragment=\"1\">The hair regains its original shine and softness.<br data-mce-fragment=\"1\">The fragrance of the lotion is soft and very refined, in order to neutralize odors throughout the day and leave a captivating scent in your wake.<\/p>\n<p data-mce-fragment=\"1\"><big data-mce-fragment=\"1\"><strong data-mce-fragment=\"1\">Directions for use<\/strong><strong data-mce-fragment=\"1\">\u00a0<\/strong><\/big><\/p>\n<p data-mce-fragment=\"1\">This treatment is sprayed every day on dry hair:<\/p>\n<p data-mce-fragment=\"1\">Shake the bottle to homogenize the different phases.<br data-mce-fragment=\"1\">Spray the lotion onto the scalp.<br data-mce-fragment=\"1\">Rub gently with your fingertips to distribute the lotion evenly.<br data-mce-fragment=\"1\">Then proceed to put your hairstyle in place.<\/p>\n<p data-mce-fragment=\"1\"><big data-mce-fragment=\"1\"><strong data-mce-fragment=\"1\">Composition\u00a0<\/strong><\/big><\/p>\n<p data-mce-fragment=\"1\">aqua (water), alcohol denat, isododecane, equus (horse mane tissue) extract, parfum (fragrance), citric acid, hydroxycitronellal, limonene, geraniol, linalool, benzyl alcohol, butylphenyl methylpropional, amyl cinnamal, cinnamyl alcohol, citronellol, benzyl salicylate, alpha-isomethyl ionone, eugenol, isoeugenol.<\/p>","protected":false},"excerpt":{"rendered":"<p>Ecrinal ANP 2+ Lotion Femme Soin Intensif Des Cheveux Spray agir intens\u00e9ment sur la vitalit\u00e9 du cuir chevelu\u00a0 La lotion Ecrinal ANP femme est un soin qui va agir intens\u00e9ment sur la vitalit\u00e9 du cuir chevelu afin de lib\u00e9rer des cheveux forts et tonifi\u00e9s, ce produit contient :Tricholipides ANP Ces agents sont des principes extr\u00eamement [&hellip;]<\/p>\n","protected":false},"featured_media":17314,"template":"","meta":{"om_disable_all_campaigns":false},"product_brand":[],"product_cat":[15],"product_tag":[],"class_list":{"0":"post-17315","1":"product","2":"type-product","3":"status-publish","4":"has-post-thumbnail","6":"product_cat-beaute-sante-complements-alimentaires-soins-et-bien-etre-au-meilleur-prix","8":"first","9":"instock","10":"sale","11":"taxable","12":"shipping-taxable","13":"purchasable","14":"product-type-simple"},"yoast_head":"<!-- This site is optimized with the Yoast SEO plugin v27.4 - https:\/\/yoast.com\/product\/yoast-seo-wordpress\/ -->\n<title>Ecrinal ANP 2+ Lotion Femme Soin Intensif Des Cheveux Spray 200ml - Maroc Prix<\/title>\n<meta name=\"description\" content=\"Ecrinal ANP 2+ Lotion Femme Soin Intensif Des Cheveux Spray 200ml\" \/>\n<meta name=\"robots\" content=\"index, follow, max-snippet:-1, max-image-preview:large, max-video-preview:-1\" \/>\n<link rel=\"canonical\" href=\"https:\/\/vitablanca.ma\/en\/product\/ecrinal-anp-2-lotion-femme-soin-intensif-des-cheveux-spray-200ml\/\" \/>\n<meta property=\"og:locale\" content=\"en_US\" \/>\n<meta property=\"og:type\" content=\"article\" \/>\n<meta property=\"og:title\" content=\"Ecrinal ANP 2+ Lotion Femme Soin Intensif Des Cheveux Spray 200ml - Maroc Prix\" \/>\n<meta property=\"og:description\" content=\"Ecrinal ANP 2+ Lotion Femme Soin Intensif Des Cheveux Spray 200ml\" \/>\n<meta property=\"og:url\" content=\"https:\/\/vitablanca.ma\/en\/product\/ecrinal-anp-2-lotion-femme-soin-intensif-des-cheveux-spray-200ml\/\" \/>\n<meta property=\"og:site_name\" content=\"Vitablanca.ma &ndash; Sant&eacute;, vitalit&eacute; et bien-&ecirc;tre pour tous les Marocains\" \/>\n<meta property=\"article:publisher\" content=\"https:\/\/www.facebook.com\/profile.php?id=61576678196717\" \/>\n<meta property=\"og:image\" content=\"https:\/\/vitablanca.ma\/wp-content\/uploads\/2025\/06\/Ecrinal-ANP-2_-Lotion-Femme-Soin-Intensif-Des-Cheveux-Spray-200ml-nova-parapharmacie-maroc.jpg\" \/>\n\t<meta property=\"og:image:width\" content=\"1000\" \/>\n\t<meta property=\"og:image:height\" content=\"1000\" \/>\n\t<meta property=\"og:image:type\" content=\"image\/jpeg\" \/>\n<meta name=\"twitter:card\" content=\"summary_large_image\" \/>\n<meta name=\"twitter:label1\" content=\"Est. reading time\" \/>\n\t<meta name=\"twitter:data1\" content=\"1 minute\" \/>\n<script type=\"application\/ld+json\" class=\"yoast-schema-graph\">{\"@context\":\"https:\\\/\\\/schema.org\",\"@graph\":[{\"@type\":[\"WebPage\",\"ItemPage\"],\"@id\":\"https:\\\/\\\/vitablanca.ma\\\/produit\\\/ecrinal-anp-2-lotion-femme-soin-intensif-des-cheveux-spray-200ml\\\/\",\"url\":\"https:\\\/\\\/vitablanca.ma\\\/produit\\\/ecrinal-anp-2-lotion-femme-soin-intensif-des-cheveux-spray-200ml\\\/\",\"name\":\"Ecrinal ANP 2+ Lotion Femme Soin Intensif Des Cheveux Spray 200ml - Maroc Prix\",\"isPartOf\":{\"@id\":\"https:\\\/\\\/vitablanca.ma\\\/#website\"},\"primaryImageOfPage\":{\"@id\":\"https:\\\/\\\/vitablanca.ma\\\/produit\\\/ecrinal-anp-2-lotion-femme-soin-intensif-des-cheveux-spray-200ml\\\/#primaryimage\"},\"image\":{\"@id\":\"https:\\\/\\\/vitablanca.ma\\\/produit\\\/ecrinal-anp-2-lotion-femme-soin-intensif-des-cheveux-spray-200ml\\\/#primaryimage\"},\"thumbnailUrl\":\"https:\\\/\\\/vitablanca.ma\\\/wp-content\\\/uploads\\\/2025\\\/06\\\/Ecrinal-ANP-2_-Lotion-Femme-Soin-Intensif-Des-Cheveux-Spray-200ml-nova-parapharmacie-maroc.jpg\",\"datePublished\":\"2025-06-10T16:58:29+00:00\",\"description\":\"Ecrinal ANP 2+ Lotion Femme Soin Intensif Des Cheveux Spray 200ml\",\"breadcrumb\":{\"@id\":\"https:\\\/\\\/vitablanca.ma\\\/produit\\\/ecrinal-anp-2-lotion-femme-soin-intensif-des-cheveux-spray-200ml\\\/#breadcrumb\"},\"inLanguage\":\"en-US\",\"potentialAction\":[{\"@type\":\"ReadAction\",\"target\":[\"https:\\\/\\\/vitablanca.ma\\\/produit\\\/ecrinal-anp-2-lotion-femme-soin-intensif-des-cheveux-spray-200ml\\\/\"]}]},{\"@type\":\"ImageObject\",\"inLanguage\":\"en-US\",\"@id\":\"https:\\\/\\\/vitablanca.ma\\\/produit\\\/ecrinal-anp-2-lotion-femme-soin-intensif-des-cheveux-spray-200ml\\\/#primaryimage\",\"url\":\"https:\\\/\\\/vitablanca.ma\\\/wp-content\\\/uploads\\\/2025\\\/06\\\/Ecrinal-ANP-2_-Lotion-Femme-Soin-Intensif-Des-Cheveux-Spray-200ml-nova-parapharmacie-maroc.jpg\",\"contentUrl\":\"https:\\\/\\\/vitablanca.ma\\\/wp-content\\\/uploads\\\/2025\\\/06\\\/Ecrinal-ANP-2_-Lotion-Femme-Soin-Intensif-Des-Cheveux-Spray-200ml-nova-parapharmacie-maroc.jpg\",\"width\":1000,\"height\":1000},{\"@type\":\"BreadcrumbList\",\"@id\":\"https:\\\/\\\/vitablanca.ma\\\/produit\\\/ecrinal-anp-2-lotion-femme-soin-intensif-des-cheveux-spray-200ml\\\/#breadcrumb\",\"itemListElement\":[{\"@type\":\"ListItem\",\"position\":1,\"name\":\"Home\",\"item\":\"https:\\\/\\\/vitablanca.ma\\\/\"},{\"@type\":\"ListItem\",\"position\":2,\"name\":\"Tous Les Produits\",\"item\":\"https:\\\/\\\/vitablanca.ma\\\/tous-les-produits\\\/\"},{\"@type\":\"ListItem\",\"position\":3,\"name\":\"Ecrinal ANP 2+ Lotion Femme Soin Intensif Des Cheveux Spray 200ml\"}]},{\"@type\":\"WebSite\",\"@id\":\"https:\\\/\\\/vitablanca.ma\\\/#website\",\"url\":\"https:\\\/\\\/vitablanca.ma\\\/\",\"name\":\"VitaBlanca.ma | Compl\u00e9ments alimentaires, sant\u00e9 & beaut\u00e9 au Maroc\",\"description\":\"vendre vitamines et compl\u00e9ments premium des USA &amp; Canada, Nouvelle Z\u00e9lande,Maroc (NOW Foods, Solgar, Manuka). Livraison rapide partout au Maroc.\",\"publisher\":{\"@id\":\"https:\\\/\\\/vitablanca.ma\\\/#organization\"},\"alternateName\":\"VitaBlanca.ma\",\"potentialAction\":[{\"@type\":\"SearchAction\",\"target\":{\"@type\":\"EntryPoint\",\"urlTemplate\":\"https:\\\/\\\/vitablanca.ma\\\/?s={search_term_string}\"},\"query-input\":{\"@type\":\"PropertyValueSpecification\",\"valueRequired\":true,\"valueName\":\"search_term_string\"}}],\"inLanguage\":\"en-US\"},{\"@type\":\"Organization\",\"@id\":\"https:\\\/\\\/vitablanca.ma\\\/#organization\",\"name\":\"VitaBlanca\",\"url\":\"https:\\\/\\\/vitablanca.ma\\\/\",\"logo\":{\"@type\":\"ImageObject\",\"inLanguage\":\"en-US\",\"@id\":\"https:\\\/\\\/vitablanca.ma\\\/#\\\/schema\\\/logo\\\/image\\\/\",\"url\":\"https:\\\/\\\/vitablanca.ma\\\/wp-content\\\/uploads\\\/2025\\\/05\\\/cropped-vitablanca.png\",\"contentUrl\":\"https:\\\/\\\/vitablanca.ma\\\/wp-content\\\/uploads\\\/2025\\\/05\\\/cropped-vitablanca.png\",\"width\":360,\"height\":67,\"caption\":\"VitaBlanca\"},\"image\":{\"@id\":\"https:\\\/\\\/vitablanca.ma\\\/#\\\/schema\\\/logo\\\/image\\\/\"},\"sameAs\":[\"https:\\\/\\\/www.facebook.com\\\/profile.php?id=61576678196717\",\"https:\\\/\\\/www.tiktok.com\\\/@vitablanca.ma\",\"https:\\\/\\\/www.instagram.com\\\/vitablanca.ma\\\/\"]}]}<\/script>\n<!-- \/ Yoast SEO plugin. -->","yoast_head_json":{"title":"Ecrinal ANP 2+ Women&#039;s Lotion Intensive Hair Care Spray 200ml - Morocco Price","description":"Ecrinal ANP 2+ Women&#039;s Lotion Intensive Hair Care Spray 200ml","robots":{"index":"index","follow":"follow","max-snippet":"max-snippet:-1","max-image-preview":"max-image-preview:large","max-video-preview":"max-video-preview:-1"},"canonical":"https:\/\/vitablanca.ma\/en\/product\/ecrinal-anp-2-lotion-femme-soin-intensif-des-cheveux-spray-200ml\/","og_locale":"en_US","og_type":"article","og_title":"Ecrinal ANP 2+ Lotion Femme Soin Intensif Des Cheveux Spray 200ml - Maroc Prix","og_description":"Ecrinal ANP 2+ Lotion Femme Soin Intensif Des Cheveux Spray 200ml","og_url":"https:\/\/vitablanca.ma\/en\/product\/ecrinal-anp-2-lotion-femme-soin-intensif-des-cheveux-spray-200ml\/","og_site_name":"Vitablanca.ma &ndash; Sant&eacute;, vitalit&eacute; et bien-&ecirc;tre pour tous les Marocains","article_publisher":"https:\/\/www.facebook.com\/profile.php?id=61576678196717","og_image":[{"width":1000,"height":1000,"url":"https:\/\/vitablanca.ma\/wp-content\/uploads\/2025\/06\/Ecrinal-ANP-2_-Lotion-Femme-Soin-Intensif-Des-Cheveux-Spray-200ml-nova-parapharmacie-maroc.jpg","type":"image\/jpeg"}],"twitter_card":"summary_large_image","twitter_misc":{"Est. reading time":"1 minute"},"schema":{"@context":"https:\/\/schema.org","@graph":[{"@type":["WebPage","ItemPage"],"@id":"https:\/\/vitablanca.ma\/produit\/ecrinal-anp-2-lotion-femme-soin-intensif-des-cheveux-spray-200ml\/","url":"https:\/\/vitablanca.ma\/produit\/ecrinal-anp-2-lotion-femme-soin-intensif-des-cheveux-spray-200ml\/","name":"Ecrinal ANP 2+ Women&#039;s Lotion Intensive Hair Care Spray 200ml - Morocco Price","isPartOf":{"@id":"https:\/\/vitablanca.ma\/#website"},"primaryImageOfPage":{"@id":"https:\/\/vitablanca.ma\/produit\/ecrinal-anp-2-lotion-femme-soin-intensif-des-cheveux-spray-200ml\/#primaryimage"},"image":{"@id":"https:\/\/vitablanca.ma\/produit\/ecrinal-anp-2-lotion-femme-soin-intensif-des-cheveux-spray-200ml\/#primaryimage"},"thumbnailUrl":"https:\/\/vitablanca.ma\/wp-content\/uploads\/2025\/06\/Ecrinal-ANP-2_-Lotion-Femme-Soin-Intensif-Des-Cheveux-Spray-200ml-nova-parapharmacie-maroc.jpg","datePublished":"2025-06-10T16:58:29+00:00","description":"Ecrinal ANP 2+ Women&#039;s Lotion Intensive Hair Care Spray 200ml","breadcrumb":{"@id":"https:\/\/vitablanca.ma\/produit\/ecrinal-anp-2-lotion-femme-soin-intensif-des-cheveux-spray-200ml\/#breadcrumb"},"inLanguage":"en-US","potentialAction":[{"@type":"ReadAction","target":["https:\/\/vitablanca.ma\/produit\/ecrinal-anp-2-lotion-femme-soin-intensif-des-cheveux-spray-200ml\/"]}]},{"@type":"ImageObject","inLanguage":"en-US","@id":"https:\/\/vitablanca.ma\/produit\/ecrinal-anp-2-lotion-femme-soin-intensif-des-cheveux-spray-200ml\/#primaryimage","url":"https:\/\/vitablanca.ma\/wp-content\/uploads\/2025\/06\/Ecrinal-ANP-2_-Lotion-Femme-Soin-Intensif-Des-Cheveux-Spray-200ml-nova-parapharmacie-maroc.jpg","contentUrl":"https:\/\/vitablanca.ma\/wp-content\/uploads\/2025\/06\/Ecrinal-ANP-2_-Lotion-Femme-Soin-Intensif-Des-Cheveux-Spray-200ml-nova-parapharmacie-maroc.jpg","width":1000,"height":1000},{"@type":"BreadcrumbList","@id":"https:\/\/vitablanca.ma\/produit\/ecrinal-anp-2-lotion-femme-soin-intensif-des-cheveux-spray-200ml\/#breadcrumb","itemListElement":[{"@type":"ListItem","position":1,"name":"Home","item":"https:\/\/vitablanca.ma\/"},{"@type":"ListItem","position":2,"name":"Tous Les Produits","item":"https:\/\/vitablanca.ma\/tous-les-produits\/"},{"@type":"ListItem","position":3,"name":"Ecrinal ANP 2+ Lotion Femme Soin Intensif Des Cheveux Spray 200ml"}]},{"@type":"WebSite","@id":"https:\/\/vitablanca.ma\/#website","url":"https:\/\/vitablanca.ma\/","name":"VitaBlanca.ma | Food supplements, health &amp; beauty in Morocco","description":"sell premium vitamins and supplements from USA &amp; Canada, New Zealand, Morocco (NOW Foods, Solgar, Manuka). Fast delivery anywhere in Morocco.","publisher":{"@id":"https:\/\/vitablanca.ma\/#organization"},"alternateName":"VitaBlanca.ma","potentialAction":[{"@type":"SearchAction","target":{"@type":"EntryPoint","urlTemplate":"https:\/\/vitablanca.ma\/?s={search_term_string}"},"query-input":{"@type":"PropertyValueSpecification","valueRequired":true,"valueName":"search_term_string"}}],"inLanguage":"en-US"},{"@type":"Organization","@id":"https:\/\/vitablanca.ma\/#organization","name":"VitaBlanca","url":"https:\/\/vitablanca.ma\/","logo":{"@type":"ImageObject","inLanguage":"en-US","@id":"https:\/\/vitablanca.ma\/#\/schema\/logo\/image\/","url":"https:\/\/vitablanca.ma\/wp-content\/uploads\/2025\/05\/cropped-vitablanca.png","contentUrl":"https:\/\/vitablanca.ma\/wp-content\/uploads\/2025\/05\/cropped-vitablanca.png","width":360,"height":67,"caption":"VitaBlanca"},"image":{"@id":"https:\/\/vitablanca.ma\/#\/schema\/logo\/image\/"},"sameAs":["https:\/\/www.facebook.com\/profile.php?id=61576678196717","https:\/\/www.tiktok.com\/@vitablanca.ma","https:\/\/www.instagram.com\/vitablanca.ma\/"]}]}},"jetpack_sharing_enabled":true,"_links":{"self":[{"href":"https:\/\/vitablanca.ma\/en\/wp-json\/wp\/v2\/product\/17315","targetHints":{"allow":["GET"]}}],"collection":[{"href":"https:\/\/vitablanca.ma\/en\/wp-json\/wp\/v2\/product"}],"about":[{"href":"https:\/\/vitablanca.ma\/en\/wp-json\/wp\/v2\/types\/product"}],"wp:featuredmedia":[{"embeddable":true,"href":"https:\/\/vitablanca.ma\/en\/wp-json\/wp\/v2\/media\/17314"}],"wp:attachment":[{"href":"https:\/\/vitablanca.ma\/en\/wp-json\/wp\/v2\/media?parent=17315"}],"wp:term":[{"taxonomy":"product_brand","embeddable":true,"href":"https:\/\/vitablanca.ma\/en\/wp-json\/wp\/v2\/product_brand?post=17315"},{"taxonomy":"product_cat","embeddable":true,"href":"https:\/\/vitablanca.ma\/en\/wp-json\/wp\/v2\/product_cat?post=17315"},{"taxonomy":"product_tag","embeddable":true,"href":"https:\/\/vitablanca.ma\/en\/wp-json\/wp\/v2\/product_tag?post=17315"}],"curies":[{"name":"wp","href":"https:\/\/api.w.org\/{rel}","templated":true}]}}