{"id":17303,"date":"2025-06-10T16:57:58","date_gmt":"2025-06-10T16:57:58","guid":{"rendered":"https:\/\/vitablanca.ma\/product\/eclin-mousse-nettoyant-flash-eclat-150ml\/"},"modified":"2025-06-10T16:57:58","modified_gmt":"2025-06-10T16:57:58","slug":"eclin-mousse-nettoyant-flash-eclat-150ml","status":"publish","type":"product","link":"https:\/\/vitablanca.ma\/en\/product\/eclin-mousse-nettoyant-flash-eclat-150ml\/","title":{"rendered":"Eclin Flash Radiance Cleansing Foam 150ml"},"content":{"rendered":"<h1>Eclin Flash Radiance Cleansing Foam 150ml<\/h1>\n<p><span>Eclin Flash Radiance Cleansing Foam 150ml provides deep cleansing while revealing skin&#039;s natural radiance. Its light, airy formula transforms into a delicate foam upon contact with water, effectively removing impurities, excess oil, and traces of makeup. Enriched with revitalizing ingredients, this cleansing foam leaves skin feeling fresh, luminous, and perfectly prepared for subsequent skincare.<\/span><\/p>\n<h3><strong>Directions for Use:<\/strong><\/h3>\n<section id=\"wrapper\">\n<div id=\"content-wrapper\">\n<div class=\"product-wrapper\">\n<div class=\"container\">\n<section class=\"product-tabs tabs\">\n<div class=\"row\">\n<div class=\"col-md-6 col-xs-12\">\n<div class=\"tab-content\" id=\"tab-content\">\n<div class=\"tab-pane fade in active\" id=\"advices\" role=\"tabpanel\" aria-expanded=\"true\">\n<div class=\"product-advices\">\n<p><span>Apply a small amount of cleansing foam to a damp face. Gently massage in circular motions, avoiding the eye area. Rinse thoroughly with warm water. Use morning and night for clean, radiant skin.<\/span><\/p>\n<h3><span><strong>Ingredients :<\/strong><\/span><\/h3>\n<p><span>Purified water, glycerin, cocamidopropyl betaine, sodium laureth sulfate, cucumber extract, green tea extract, vitamin C, licorice extract.<\/span><\/p>\n<\/div>\n<\/div>\n<\/div>\n<\/div>\n<\/div>\n<\/section>\n<\/div>\n<\/div>\n<\/div>\n<\/section>","protected":false},"excerpt":{"rendered":"<p>Eclin Mousse Nettoyant Flash Eclat 150ml La Mousse Nettoyante Flash \u00c9clat Eclin 150ml offre un nettoyage en profondeur tout en r\u00e9v\u00e9lant l&rsquo;\u00e9clat naturel de la peau. Sa formule l\u00e9g\u00e8re et a\u00e9r\u00e9e se transforme en une mousse d\u00e9licate au contact de l&rsquo;eau, \u00e9liminant efficacement les impuret\u00e9s, l&rsquo;exc\u00e8s de s\u00e9bum et les traces de maquillage. Enrichie en [&hellip;]<\/p>\n","protected":false},"featured_media":17302,"template":"","meta":{"om_disable_all_campaigns":false},"product_brand":[],"product_cat":[15],"product_tag":[],"class_list":{"0":"post-17303","1":"product","2":"type-product","3":"status-publish","4":"has-post-thumbnail","6":"product_cat-beaute-sante-complements-alimentaires-soins-et-bien-etre-au-meilleur-prix","8":"first","9":"instock","10":"sale","11":"taxable","12":"shipping-taxable","13":"purchasable","14":"product-type-simple"},"yoast_head":"<!-- This site is optimized with the Yoast SEO plugin v27.4 - https:\/\/yoast.com\/product\/yoast-seo-wordpress\/ -->\n<title>Eclin Mousse Nettoyant Flash Eclat 150ml - Maroc Prix<\/title>\n<meta name=\"description\" content=\"Eclin Mousse Nettoyant Flash Eclat 150ml\" \/>\n<meta name=\"robots\" content=\"index, follow, max-snippet:-1, max-image-preview:large, max-video-preview:-1\" \/>\n<link rel=\"canonical\" href=\"https:\/\/vitablanca.ma\/en\/product\/eclin-mousse-nettoyant-flash-eclat-150ml\/\" \/>\n<meta property=\"og:locale\" content=\"en_US\" \/>\n<meta property=\"og:type\" content=\"article\" \/>\n<meta property=\"og:title\" content=\"Eclin Mousse Nettoyant Flash Eclat 150ml - Maroc Prix\" \/>\n<meta property=\"og:description\" content=\"Eclin Mousse Nettoyant Flash Eclat 150ml\" \/>\n<meta property=\"og:url\" content=\"https:\/\/vitablanca.ma\/en\/product\/eclin-mousse-nettoyant-flash-eclat-150ml\/\" \/>\n<meta property=\"og:site_name\" content=\"Vitablanca.ma &ndash; Sant&eacute;, vitalit&eacute; et bien-&ecirc;tre pour tous les Marocains\" \/>\n<meta property=\"article:publisher\" content=\"https:\/\/www.facebook.com\/profile.php?id=61576678196717\" \/>\n<meta property=\"og:image\" content=\"https:\/\/vitablanca.ma\/wp-content\/uploads\/2025\/06\/Eclin-Mousse-Nettoyant-Flash-Eclat-150ml.jpg\" \/>\n\t<meta property=\"og:image:width\" content=\"595\" \/>\n\t<meta property=\"og:image:height\" content=\"656\" \/>\n\t<meta property=\"og:image:type\" content=\"image\/jpeg\" \/>\n<meta name=\"twitter:card\" content=\"summary_large_image\" \/>\n<meta name=\"twitter:label1\" content=\"Est. reading time\" \/>\n\t<meta name=\"twitter:data1\" content=\"1 minute\" \/>\n<script type=\"application\/ld+json\" class=\"yoast-schema-graph\">{\"@context\":\"https:\\\/\\\/schema.org\",\"@graph\":[{\"@type\":[\"WebPage\",\"ItemPage\"],\"@id\":\"https:\\\/\\\/vitablanca.ma\\\/produit\\\/eclin-mousse-nettoyant-flash-eclat-150ml\\\/\",\"url\":\"https:\\\/\\\/vitablanca.ma\\\/produit\\\/eclin-mousse-nettoyant-flash-eclat-150ml\\\/\",\"name\":\"Eclin Mousse Nettoyant Flash Eclat 150ml - Maroc Prix\",\"isPartOf\":{\"@id\":\"https:\\\/\\\/vitablanca.ma\\\/#website\"},\"primaryImageOfPage\":{\"@id\":\"https:\\\/\\\/vitablanca.ma\\\/produit\\\/eclin-mousse-nettoyant-flash-eclat-150ml\\\/#primaryimage\"},\"image\":{\"@id\":\"https:\\\/\\\/vitablanca.ma\\\/produit\\\/eclin-mousse-nettoyant-flash-eclat-150ml\\\/#primaryimage\"},\"thumbnailUrl\":\"https:\\\/\\\/vitablanca.ma\\\/wp-content\\\/uploads\\\/2025\\\/06\\\/Eclin-Mousse-Nettoyant-Flash-Eclat-150ml.jpg\",\"datePublished\":\"2025-06-10T16:57:58+00:00\",\"description\":\"Eclin Mousse Nettoyant Flash Eclat 150ml\",\"breadcrumb\":{\"@id\":\"https:\\\/\\\/vitablanca.ma\\\/produit\\\/eclin-mousse-nettoyant-flash-eclat-150ml\\\/#breadcrumb\"},\"inLanguage\":\"en-US\",\"potentialAction\":[{\"@type\":\"ReadAction\",\"target\":[\"https:\\\/\\\/vitablanca.ma\\\/produit\\\/eclin-mousse-nettoyant-flash-eclat-150ml\\\/\"]}]},{\"@type\":\"ImageObject\",\"inLanguage\":\"en-US\",\"@id\":\"https:\\\/\\\/vitablanca.ma\\\/produit\\\/eclin-mousse-nettoyant-flash-eclat-150ml\\\/#primaryimage\",\"url\":\"https:\\\/\\\/vitablanca.ma\\\/wp-content\\\/uploads\\\/2025\\\/06\\\/Eclin-Mousse-Nettoyant-Flash-Eclat-150ml.jpg\",\"contentUrl\":\"https:\\\/\\\/vitablanca.ma\\\/wp-content\\\/uploads\\\/2025\\\/06\\\/Eclin-Mousse-Nettoyant-Flash-Eclat-150ml.jpg\",\"width\":595,\"height\":656},{\"@type\":\"BreadcrumbList\",\"@id\":\"https:\\\/\\\/vitablanca.ma\\\/produit\\\/eclin-mousse-nettoyant-flash-eclat-150ml\\\/#breadcrumb\",\"itemListElement\":[{\"@type\":\"ListItem\",\"position\":1,\"name\":\"Home\",\"item\":\"https:\\\/\\\/vitablanca.ma\\\/\"},{\"@type\":\"ListItem\",\"position\":2,\"name\":\"Tous Les Produits\",\"item\":\"https:\\\/\\\/vitablanca.ma\\\/tous-les-produits\\\/\"},{\"@type\":\"ListItem\",\"position\":3,\"name\":\"Eclin Mousse Nettoyant Flash Eclat 150ml\"}]},{\"@type\":\"WebSite\",\"@id\":\"https:\\\/\\\/vitablanca.ma\\\/#website\",\"url\":\"https:\\\/\\\/vitablanca.ma\\\/\",\"name\":\"VitaBlanca.ma | Compl\u00e9ments alimentaires, sant\u00e9 & beaut\u00e9 au Maroc\",\"description\":\"vendre vitamines et compl\u00e9ments premium des USA &amp; Canada, Nouvelle Z\u00e9lande,Maroc (NOW Foods, Solgar, Manuka). Livraison rapide partout au Maroc.\",\"publisher\":{\"@id\":\"https:\\\/\\\/vitablanca.ma\\\/#organization\"},\"alternateName\":\"VitaBlanca.ma\",\"potentialAction\":[{\"@type\":\"SearchAction\",\"target\":{\"@type\":\"EntryPoint\",\"urlTemplate\":\"https:\\\/\\\/vitablanca.ma\\\/?s={search_term_string}\"},\"query-input\":{\"@type\":\"PropertyValueSpecification\",\"valueRequired\":true,\"valueName\":\"search_term_string\"}}],\"inLanguage\":\"en-US\"},{\"@type\":\"Organization\",\"@id\":\"https:\\\/\\\/vitablanca.ma\\\/#organization\",\"name\":\"VitaBlanca\",\"url\":\"https:\\\/\\\/vitablanca.ma\\\/\",\"logo\":{\"@type\":\"ImageObject\",\"inLanguage\":\"en-US\",\"@id\":\"https:\\\/\\\/vitablanca.ma\\\/#\\\/schema\\\/logo\\\/image\\\/\",\"url\":\"https:\\\/\\\/vitablanca.ma\\\/wp-content\\\/uploads\\\/2025\\\/05\\\/cropped-vitablanca.png\",\"contentUrl\":\"https:\\\/\\\/vitablanca.ma\\\/wp-content\\\/uploads\\\/2025\\\/05\\\/cropped-vitablanca.png\",\"width\":360,\"height\":67,\"caption\":\"VitaBlanca\"},\"image\":{\"@id\":\"https:\\\/\\\/vitablanca.ma\\\/#\\\/schema\\\/logo\\\/image\\\/\"},\"sameAs\":[\"https:\\\/\\\/www.facebook.com\\\/profile.php?id=61576678196717\",\"https:\\\/\\\/www.tiktok.com\\\/@vitablanca.ma\",\"https:\\\/\\\/www.instagram.com\\\/vitablanca.ma\\\/\"]}]}<\/script>\n<!-- \/ Yoast SEO plugin. -->","yoast_head_json":{"title":"Eclin Flash Radiance Cleansing Foam 150ml - Morocco Price","description":"Eclin Flash Radiance Cleansing Foam 150ml","robots":{"index":"index","follow":"follow","max-snippet":"max-snippet:-1","max-image-preview":"max-image-preview:large","max-video-preview":"max-video-preview:-1"},"canonical":"https:\/\/vitablanca.ma\/en\/product\/eclin-mousse-nettoyant-flash-eclat-150ml\/","og_locale":"en_US","og_type":"article","og_title":"Eclin Mousse Nettoyant Flash Eclat 150ml - Maroc Prix","og_description":"Eclin Mousse Nettoyant Flash Eclat 150ml","og_url":"https:\/\/vitablanca.ma\/en\/product\/eclin-mousse-nettoyant-flash-eclat-150ml\/","og_site_name":"Vitablanca.ma &ndash; Sant&eacute;, vitalit&eacute; et bien-&ecirc;tre pour tous les Marocains","article_publisher":"https:\/\/www.facebook.com\/profile.php?id=61576678196717","og_image":[{"width":595,"height":656,"url":"https:\/\/vitablanca.ma\/wp-content\/uploads\/2025\/06\/Eclin-Mousse-Nettoyant-Flash-Eclat-150ml.jpg","type":"image\/jpeg"}],"twitter_card":"summary_large_image","twitter_misc":{"Est. reading time":"1 minute"},"schema":{"@context":"https:\/\/schema.org","@graph":[{"@type":["WebPage","ItemPage"],"@id":"https:\/\/vitablanca.ma\/produit\/eclin-mousse-nettoyant-flash-eclat-150ml\/","url":"https:\/\/vitablanca.ma\/produit\/eclin-mousse-nettoyant-flash-eclat-150ml\/","name":"Eclin Flash Radiance Cleansing Foam 150ml - Morocco Price","isPartOf":{"@id":"https:\/\/vitablanca.ma\/#website"},"primaryImageOfPage":{"@id":"https:\/\/vitablanca.ma\/produit\/eclin-mousse-nettoyant-flash-eclat-150ml\/#primaryimage"},"image":{"@id":"https:\/\/vitablanca.ma\/produit\/eclin-mousse-nettoyant-flash-eclat-150ml\/#primaryimage"},"thumbnailUrl":"https:\/\/vitablanca.ma\/wp-content\/uploads\/2025\/06\/Eclin-Mousse-Nettoyant-Flash-Eclat-150ml.jpg","datePublished":"2025-06-10T16:57:58+00:00","description":"Eclin Flash Radiance Cleansing Foam 150ml","breadcrumb":{"@id":"https:\/\/vitablanca.ma\/produit\/eclin-mousse-nettoyant-flash-eclat-150ml\/#breadcrumb"},"inLanguage":"en-US","potentialAction":[{"@type":"ReadAction","target":["https:\/\/vitablanca.ma\/produit\/eclin-mousse-nettoyant-flash-eclat-150ml\/"]}]},{"@type":"ImageObject","inLanguage":"en-US","@id":"https:\/\/vitablanca.ma\/produit\/eclin-mousse-nettoyant-flash-eclat-150ml\/#primaryimage","url":"https:\/\/vitablanca.ma\/wp-content\/uploads\/2025\/06\/Eclin-Mousse-Nettoyant-Flash-Eclat-150ml.jpg","contentUrl":"https:\/\/vitablanca.ma\/wp-content\/uploads\/2025\/06\/Eclin-Mousse-Nettoyant-Flash-Eclat-150ml.jpg","width":595,"height":656},{"@type":"BreadcrumbList","@id":"https:\/\/vitablanca.ma\/produit\/eclin-mousse-nettoyant-flash-eclat-150ml\/#breadcrumb","itemListElement":[{"@type":"ListItem","position":1,"name":"Home","item":"https:\/\/vitablanca.ma\/"},{"@type":"ListItem","position":2,"name":"Tous Les Produits","item":"https:\/\/vitablanca.ma\/tous-les-produits\/"},{"@type":"ListItem","position":3,"name":"Eclin Mousse Nettoyant Flash Eclat 150ml"}]},{"@type":"WebSite","@id":"https:\/\/vitablanca.ma\/#website","url":"https:\/\/vitablanca.ma\/","name":"VitaBlanca.ma | Food supplements, health &amp; beauty in Morocco","description":"sell premium vitamins and supplements from USA &amp; Canada, New Zealand, Morocco (NOW Foods, Solgar, Manuka). Fast delivery anywhere in Morocco.","publisher":{"@id":"https:\/\/vitablanca.ma\/#organization"},"alternateName":"VitaBlanca.ma","potentialAction":[{"@type":"SearchAction","target":{"@type":"EntryPoint","urlTemplate":"https:\/\/vitablanca.ma\/?s={search_term_string}"},"query-input":{"@type":"PropertyValueSpecification","valueRequired":true,"valueName":"search_term_string"}}],"inLanguage":"en-US"},{"@type":"Organization","@id":"https:\/\/vitablanca.ma\/#organization","name":"VitaBlanca","url":"https:\/\/vitablanca.ma\/","logo":{"@type":"ImageObject","inLanguage":"en-US","@id":"https:\/\/vitablanca.ma\/#\/schema\/logo\/image\/","url":"https:\/\/vitablanca.ma\/wp-content\/uploads\/2025\/05\/cropped-vitablanca.png","contentUrl":"https:\/\/vitablanca.ma\/wp-content\/uploads\/2025\/05\/cropped-vitablanca.png","width":360,"height":67,"caption":"VitaBlanca"},"image":{"@id":"https:\/\/vitablanca.ma\/#\/schema\/logo\/image\/"},"sameAs":["https:\/\/www.facebook.com\/profile.php?id=61576678196717","https:\/\/www.tiktok.com\/@vitablanca.ma","https:\/\/www.instagram.com\/vitablanca.ma\/"]}]}},"jetpack_sharing_enabled":true,"_links":{"self":[{"href":"https:\/\/vitablanca.ma\/en\/wp-json\/wp\/v2\/product\/17303","targetHints":{"allow":["GET"]}}],"collection":[{"href":"https:\/\/vitablanca.ma\/en\/wp-json\/wp\/v2\/product"}],"about":[{"href":"https:\/\/vitablanca.ma\/en\/wp-json\/wp\/v2\/types\/product"}],"wp:featuredmedia":[{"embeddable":true,"href":"https:\/\/vitablanca.ma\/en\/wp-json\/wp\/v2\/media\/17302"}],"wp:attachment":[{"href":"https:\/\/vitablanca.ma\/en\/wp-json\/wp\/v2\/media?parent=17303"}],"wp:term":[{"taxonomy":"product_brand","embeddable":true,"href":"https:\/\/vitablanca.ma\/en\/wp-json\/wp\/v2\/product_brand?post=17303"},{"taxonomy":"product_cat","embeddable":true,"href":"https:\/\/vitablanca.ma\/en\/wp-json\/wp\/v2\/product_cat?post=17303"},{"taxonomy":"product_tag","embeddable":true,"href":"https:\/\/vitablanca.ma\/en\/wp-json\/wp\/v2\/product_tag?post=17303"}],"curies":[{"name":"wp","href":"https:\/\/api.w.org\/{rel}","templated":true}]}}