{"id":17301,"date":"2025-06-10T16:57:51","date_gmt":"2025-06-10T16:57:51","guid":{"rendered":"https:\/\/vitablanca.ma\/product\/eclin-creme-hydratante-peau-seche-72h-spf15-50ml\/"},"modified":"2025-06-10T16:57:51","modified_gmt":"2025-06-10T16:57:51","slug":"eclin-creme-hydratante-peau-seche-72h-spf15-50ml","status":"publish","type":"product","link":"https:\/\/vitablanca.ma\/en\/product\/eclin-creme-hydratante-peau-seche-72h-spf15-50ml\/","title":{"rendered":"Eclin 72H Moisturizing Cream for Dry Skin SPF15 50ml"},"content":{"rendered":"<h2>Eclin 72H Moisturizing Cream for Dry Skin\u00a0<span data-mce-fragment=\"1\">\u00a0regains flexibility and comfort.<\/span><br \/>\n<\/h2>\n<p><span>ECLIN Moisturizing Cream for Dry Skin, with enhanced effectiveness, maintains optimal and continuous hydration levels throughout 72 hours. It offers softness and radiance to dry skin, which regains suppleness and comfort. A true hydrating booster, it slows water loss by fixing water in the epidermis, and helps rebuild the skin barrier. Its fluid and light texture is quickly absorbed by the epidermis.<\/span><\/p>\n<section data-settings='{\"stretch_section\":\"section-stretched\",\"background_background\":\"classic\",\"_ha_eqh_enable\":false}' data-element_type=\"section\" data-id=\"b7029f7\" class=\"elementor-section elementor-top-section elementor-element elementor-element-b7029f7 elementor-section-stretched elementor-section-boxed elementor-section-height-default elementor-section-height-default\">\n<div class=\"elementor-container elementor-column-gap-default\">\n<div data-element_type=\"column\" data-id=\"6b41b1f\" class=\"elementor-column elementor-col-100 elementor-top-column elementor-element elementor-element-6b41b1f\">\n<div class=\"elementor-widget-wrap elementor-element-populated\">\n<div data-widget_type=\"heading.default\" data-element_type=\"widget\" data-id=\"eace4d1\" class=\"elementor-element elementor-element-eace4d1 elementor-widget elementor-widget-heading\">\n<div class=\"elementor-widget-container\">\n<h3 class=\"elementor-heading-title elementor-size-default\">How to use it?<\/h3>\n<\/div>\n<\/div>\n<\/div>\n<\/div>\n<\/div>\n<\/section>\n<section data-settings='{\"stretch_section\":\"section-stretched\",\"background_background\":\"classic\",\"_ha_eqh_enable\":false}' data-element_type=\"section\" data-id=\"5e5b674\" class=\"elementor-section elementor-top-section elementor-element elementor-element-5e5b674 elementor-section-stretched elementor-section-boxed elementor-section-height-default elementor-section-height-default\">\n<div class=\"elementor-container elementor-column-gap-default\">\n<div data-element_type=\"column\" data-id=\"6639c18\" class=\"elementor-column elementor-col-50 elementor-top-column elementor-element elementor-element-6639c18\">\n<div class=\"elementor-widget-wrap elementor-element-populated\">\n<div data-widget_type=\"image.default\" data-element_type=\"widget\" data-id=\"f172259\" class=\"elementor-element elementor-element-f172259 elementor-widget elementor-widget-image\">\n<div class=\"elementor-widget-container\"><img decoding=\"async\" class=\"ls-is-cached lazyloaded\" data-src=\"https:\/\/eclin.ma\/wp-content\/uploads\/elementor\/thumbs\/Artboard-9-copy-3-piygaspax116209sczz47adsaai07z813p8ur4flcg.png\" alt=\"facial care\" title=\"facial care\" src=\"https:\/\/eclin.ma\/wp-content\/uploads\/elementor\/thumbs\/Artboard-9-copy-3-piygaspax116209sczz47adsaai07z813p8ur4flcg.png\"><\/div>\n<\/div>\n<div data-widget_type=\"heading.default\" data-element_type=\"widget\" data-id=\"81168e2\" class=\"elementor-element elementor-element-81168e2 elementor-widget elementor-widget-heading\">\n<div class=\"elementor-widget-container\">\n<p class=\"elementor-heading-title elementor-size-default\"><strong>Apply the cream to the entire face, massaging in circular motions.<\/strong><\/p>\n<\/div>\n<\/div>\n<\/div>\n<\/div>\n<div data-element_type=\"column\" data-id=\"bdabd79\" class=\"elementor-column elementor-col-50 elementor-top-column elementor-element elementor-element-bdabd79\">\n<div class=\"elementor-widget-wrap elementor-element-populated\">\n<div data-widget_type=\"image.default\" data-element_type=\"widget\" data-id=\"b3d8291\" class=\"elementor-element elementor-element-b3d8291 elementor-widget elementor-widget-image\">\n<div class=\"elementor-widget-container\"><strong><img decoding=\"async\" class=\"ls-is-cached lazyloaded\" data-src=\"https:\/\/eclin.ma\/wp-content\/uploads\/elementor\/thumbs\/Artboard-9-copy-4-piygc5kwsew2tqasfl3psy1r6bt3c8m2mf63pif4cw.png\" alt=\"facial care\" title=\"be of face\" src=\"https:\/\/eclin.ma\/wp-content\/uploads\/elementor\/thumbs\/Artboard-9-copy-4-piygc5kwsew2tqasfl3psy1r6bt3c8m2mf63pif4cw.png\"><\/strong><\/div>\n<\/div>\n<div data-widget_type=\"heading.default\" data-element_type=\"widget\" data-id=\"2bf5b24\" class=\"elementor-element elementor-element-2bf5b24 elementor-widget elementor-widget-heading\">\n<div class=\"elementor-widget-container\">\n<p class=\"elementor-heading-title elementor-size-default\"><strong>Your skin is perfectly hydrated and regains softness and comfort<\/strong><\/p>\n<\/div>\n<\/div>\n<\/div>\n<\/div>\n<\/div>\n<\/section>\n<div data-widget_type=\"heading.default\" data-element_type=\"widget\" data-id=\"2b3d32e\" class=\"elementor-element elementor-element-2b3d32e elementor-widget elementor-widget-heading\">\n<div class=\"elementor-widget-container\">\n<h3 class=\"elementor-heading-title elementor-size-default\">OUR ADVICE<\/h3>\n<\/div>\n<\/div>\n<div data-widget_type=\"text-editor.default\" data-element_type=\"widget\" data-id=\"38990f7\" class=\"elementor-element elementor-element-38990f7 elementor-widget elementor-widget-text-editor\">\n<div class=\"elementor-widget-container\">\n<p>Apply this cream to perfectly cleansed skin, massaging in circular motions from the center of the face outwards.<\/p>\n<p>We apply a<strong>\u00a0moisturizer<\/strong>\u00a0(day cream, night cream or anti-aging treatment) immediately after having\u00a0<strong>makeup removed<\/strong>\u00a0or cleaned his skin.<\/p>\n<p>You can also put a few drops of organic argan oil or mix a few drops of argan oil into your moisturizer;<\/p>\n<p>It is best to opt for a moisturizer in the morning and a nourishing treatment in the evening.<\/p>\n<p>Spread the cream all over your face and neck. Day after day, your skin is perfectly hydrated and regains its softness and comfort.<\/p>\n<\/div>\n<\/div>","protected":false},"excerpt":{"rendered":"<p>Eclin Cr\u00e8me Hydratante Peau S\u00e8che 72H\u00a0\u00a0retrouve souplesse et confort. ECLIN cr\u00e8me hydratante peau s\u00e8che, \u00e0 efficacit\u00e9 renforc\u00e9e, maintient un taux d\u2019hydratation optimal et continu tout au long des 72 heures. Elle offre douceur et \u00e9clat \u00e0 la peau s\u00e8che qui retrouve souplesse et confort. V\u00e9ritable booster hydratant, elle ralentit la perte en eau en fixant [&hellip;]<\/p>\n","protected":false},"featured_media":17299,"template":"","meta":{"om_disable_all_campaigns":false},"product_brand":[],"product_cat":[15],"product_tag":[],"class_list":{"0":"post-17301","1":"product","2":"type-product","3":"status-publish","4":"has-post-thumbnail","6":"product_cat-beaute-sante-complements-alimentaires-soins-et-bien-etre-au-meilleur-prix","8":"first","9":"instock","10":"sale","11":"taxable","12":"shipping-taxable","13":"purchasable","14":"product-type-simple"},"yoast_head":"<!-- This site is optimized with the Yoast SEO plugin v27.4 - https:\/\/yoast.com\/product\/yoast-seo-wordpress\/ -->\n<title>Eclin Cr\u00e8me Hydratante Peau S\u00e8che 72H SPF15 50ml - Maroc Prix<\/title>\n<meta name=\"description\" content=\"Eclin Cr\u00e8me Hydratante Peau S\u00e8che 72H SPF15 50ml\" \/>\n<meta name=\"robots\" content=\"index, follow, max-snippet:-1, max-image-preview:large, max-video-preview:-1\" \/>\n<link rel=\"canonical\" href=\"https:\/\/vitablanca.ma\/en\/product\/eclin-creme-hydratante-peau-seche-72h-spf15-50ml\/\" \/>\n<meta property=\"og:locale\" content=\"en_US\" \/>\n<meta property=\"og:type\" content=\"article\" \/>\n<meta property=\"og:title\" content=\"Eclin Cr\u00e8me Hydratante Peau S\u00e8che 72H SPF15 50ml - Maroc Prix\" \/>\n<meta property=\"og:description\" content=\"Eclin Cr\u00e8me Hydratante Peau S\u00e8che 72H SPF15 50ml\" \/>\n<meta property=\"og:url\" content=\"https:\/\/vitablanca.ma\/en\/product\/eclin-creme-hydratante-peau-seche-72h-spf15-50ml\/\" \/>\n<meta property=\"og:site_name\" content=\"Vitablanca.ma &ndash; Sant&eacute;, vitalit&eacute; et bien-&ecirc;tre pour tous les Marocains\" \/>\n<meta property=\"article:publisher\" content=\"https:\/\/www.facebook.com\/profile.php?id=61576678196717\" \/>\n<meta property=\"og:image\" content=\"https:\/\/vitablanca.ma\/wp-content\/uploads\/2025\/06\/Eclin-Creme-Hydratante-Peau-Seche-72H-SPF15-50ml-nova-parapharmacie-maroc.jpg\" \/>\n\t<meta property=\"og:image:width\" content=\"1000\" \/>\n\t<meta property=\"og:image:height\" content=\"1000\" \/>\n\t<meta property=\"og:image:type\" content=\"image\/jpeg\" \/>\n<meta name=\"twitter:card\" content=\"summary_large_image\" \/>\n<meta name=\"twitter:label1\" content=\"Est. reading time\" \/>\n\t<meta name=\"twitter:data1\" content=\"1 minute\" \/>\n<script type=\"application\/ld+json\" class=\"yoast-schema-graph\">{\"@context\":\"https:\\\/\\\/schema.org\",\"@graph\":[{\"@type\":[\"WebPage\",\"ItemPage\"],\"@id\":\"https:\\\/\\\/vitablanca.ma\\\/produit\\\/eclin-creme-hydratante-peau-seche-72h-spf15-50ml\\\/\",\"url\":\"https:\\\/\\\/vitablanca.ma\\\/produit\\\/eclin-creme-hydratante-peau-seche-72h-spf15-50ml\\\/\",\"name\":\"Eclin Cr\u00e8me Hydratante Peau S\u00e8che 72H SPF15 50ml - Maroc Prix\",\"isPartOf\":{\"@id\":\"https:\\\/\\\/vitablanca.ma\\\/#website\"},\"primaryImageOfPage\":{\"@id\":\"https:\\\/\\\/vitablanca.ma\\\/produit\\\/eclin-creme-hydratante-peau-seche-72h-spf15-50ml\\\/#primaryimage\"},\"image\":{\"@id\":\"https:\\\/\\\/vitablanca.ma\\\/produit\\\/eclin-creme-hydratante-peau-seche-72h-spf15-50ml\\\/#primaryimage\"},\"thumbnailUrl\":\"https:\\\/\\\/vitablanca.ma\\\/wp-content\\\/uploads\\\/2025\\\/06\\\/Eclin-Creme-Hydratante-Peau-Seche-72H-SPF15-50ml-nova-parapharmacie-maroc.jpg\",\"datePublished\":\"2025-06-10T16:57:51+00:00\",\"description\":\"Eclin Cr\u00e8me Hydratante Peau S\u00e8che 72H SPF15 50ml\",\"breadcrumb\":{\"@id\":\"https:\\\/\\\/vitablanca.ma\\\/produit\\\/eclin-creme-hydratante-peau-seche-72h-spf15-50ml\\\/#breadcrumb\"},\"inLanguage\":\"en-US\",\"potentialAction\":[{\"@type\":\"ReadAction\",\"target\":[\"https:\\\/\\\/vitablanca.ma\\\/produit\\\/eclin-creme-hydratante-peau-seche-72h-spf15-50ml\\\/\"]}]},{\"@type\":\"ImageObject\",\"inLanguage\":\"en-US\",\"@id\":\"https:\\\/\\\/vitablanca.ma\\\/produit\\\/eclin-creme-hydratante-peau-seche-72h-spf15-50ml\\\/#primaryimage\",\"url\":\"https:\\\/\\\/vitablanca.ma\\\/wp-content\\\/uploads\\\/2025\\\/06\\\/Eclin-Creme-Hydratante-Peau-Seche-72H-SPF15-50ml-nova-parapharmacie-maroc.jpg\",\"contentUrl\":\"https:\\\/\\\/vitablanca.ma\\\/wp-content\\\/uploads\\\/2025\\\/06\\\/Eclin-Creme-Hydratante-Peau-Seche-72H-SPF15-50ml-nova-parapharmacie-maroc.jpg\",\"width\":1000,\"height\":1000},{\"@type\":\"BreadcrumbList\",\"@id\":\"https:\\\/\\\/vitablanca.ma\\\/produit\\\/eclin-creme-hydratante-peau-seche-72h-spf15-50ml\\\/#breadcrumb\",\"itemListElement\":[{\"@type\":\"ListItem\",\"position\":1,\"name\":\"Home\",\"item\":\"https:\\\/\\\/vitablanca.ma\\\/\"},{\"@type\":\"ListItem\",\"position\":2,\"name\":\"Tous Les Produits\",\"item\":\"https:\\\/\\\/vitablanca.ma\\\/tous-les-produits\\\/\"},{\"@type\":\"ListItem\",\"position\":3,\"name\":\"Eclin Cr\u00e8me Hydratante Peau S\u00e8che 72H SPF15 50ml\"}]},{\"@type\":\"WebSite\",\"@id\":\"https:\\\/\\\/vitablanca.ma\\\/#website\",\"url\":\"https:\\\/\\\/vitablanca.ma\\\/\",\"name\":\"VitaBlanca.ma | Compl\u00e9ments alimentaires, sant\u00e9 & beaut\u00e9 au Maroc\",\"description\":\"vendre vitamines et compl\u00e9ments premium des USA &amp; Canada, Nouvelle Z\u00e9lande,Maroc (NOW Foods, Solgar, Manuka). Livraison rapide partout au Maroc.\",\"publisher\":{\"@id\":\"https:\\\/\\\/vitablanca.ma\\\/#organization\"},\"alternateName\":\"VitaBlanca.ma\",\"potentialAction\":[{\"@type\":\"SearchAction\",\"target\":{\"@type\":\"EntryPoint\",\"urlTemplate\":\"https:\\\/\\\/vitablanca.ma\\\/?s={search_term_string}\"},\"query-input\":{\"@type\":\"PropertyValueSpecification\",\"valueRequired\":true,\"valueName\":\"search_term_string\"}}],\"inLanguage\":\"en-US\"},{\"@type\":\"Organization\",\"@id\":\"https:\\\/\\\/vitablanca.ma\\\/#organization\",\"name\":\"VitaBlanca\",\"url\":\"https:\\\/\\\/vitablanca.ma\\\/\",\"logo\":{\"@type\":\"ImageObject\",\"inLanguage\":\"en-US\",\"@id\":\"https:\\\/\\\/vitablanca.ma\\\/#\\\/schema\\\/logo\\\/image\\\/\",\"url\":\"https:\\\/\\\/vitablanca.ma\\\/wp-content\\\/uploads\\\/2025\\\/05\\\/cropped-vitablanca.png\",\"contentUrl\":\"https:\\\/\\\/vitablanca.ma\\\/wp-content\\\/uploads\\\/2025\\\/05\\\/cropped-vitablanca.png\",\"width\":360,\"height\":67,\"caption\":\"VitaBlanca\"},\"image\":{\"@id\":\"https:\\\/\\\/vitablanca.ma\\\/#\\\/schema\\\/logo\\\/image\\\/\"},\"sameAs\":[\"https:\\\/\\\/www.facebook.com\\\/profile.php?id=61576678196717\",\"https:\\\/\\\/www.tiktok.com\\\/@vitablanca.ma\",\"https:\\\/\\\/www.instagram.com\\\/vitablanca.ma\\\/\"]}]}<\/script>\n<!-- \/ Yoast SEO plugin. -->","yoast_head_json":{"title":"Eclin 72H Moisturizing Cream for Dry Skin SPF15 50ml - Morocco Price","description":"Eclin 72H Moisturizing Cream for Dry Skin SPF15 50ml","robots":{"index":"index","follow":"follow","max-snippet":"max-snippet:-1","max-image-preview":"max-image-preview:large","max-video-preview":"max-video-preview:-1"},"canonical":"https:\/\/vitablanca.ma\/en\/product\/eclin-creme-hydratante-peau-seche-72h-spf15-50ml\/","og_locale":"en_US","og_type":"article","og_title":"Eclin Cr\u00e8me Hydratante Peau S\u00e8che 72H SPF15 50ml - Maroc Prix","og_description":"Eclin Cr\u00e8me Hydratante Peau S\u00e8che 72H SPF15 50ml","og_url":"https:\/\/vitablanca.ma\/en\/product\/eclin-creme-hydratante-peau-seche-72h-spf15-50ml\/","og_site_name":"Vitablanca.ma &ndash; Sant&eacute;, vitalit&eacute; et bien-&ecirc;tre pour tous les Marocains","article_publisher":"https:\/\/www.facebook.com\/profile.php?id=61576678196717","og_image":[{"width":1000,"height":1000,"url":"https:\/\/vitablanca.ma\/wp-content\/uploads\/2025\/06\/Eclin-Creme-Hydratante-Peau-Seche-72H-SPF15-50ml-nova-parapharmacie-maroc.jpg","type":"image\/jpeg"}],"twitter_card":"summary_large_image","twitter_misc":{"Est. reading time":"1 minute"},"schema":{"@context":"https:\/\/schema.org","@graph":[{"@type":["WebPage","ItemPage"],"@id":"https:\/\/vitablanca.ma\/produit\/eclin-creme-hydratante-peau-seche-72h-spf15-50ml\/","url":"https:\/\/vitablanca.ma\/produit\/eclin-creme-hydratante-peau-seche-72h-spf15-50ml\/","name":"Eclin 72H Moisturizing Cream for Dry Skin SPF15 50ml - Morocco Price","isPartOf":{"@id":"https:\/\/vitablanca.ma\/#website"},"primaryImageOfPage":{"@id":"https:\/\/vitablanca.ma\/produit\/eclin-creme-hydratante-peau-seche-72h-spf15-50ml\/#primaryimage"},"image":{"@id":"https:\/\/vitablanca.ma\/produit\/eclin-creme-hydratante-peau-seche-72h-spf15-50ml\/#primaryimage"},"thumbnailUrl":"https:\/\/vitablanca.ma\/wp-content\/uploads\/2025\/06\/Eclin-Creme-Hydratante-Peau-Seche-72H-SPF15-50ml-nova-parapharmacie-maroc.jpg","datePublished":"2025-06-10T16:57:51+00:00","description":"Eclin 72H Moisturizing Cream for Dry Skin SPF15 50ml","breadcrumb":{"@id":"https:\/\/vitablanca.ma\/produit\/eclin-creme-hydratante-peau-seche-72h-spf15-50ml\/#breadcrumb"},"inLanguage":"en-US","potentialAction":[{"@type":"ReadAction","target":["https:\/\/vitablanca.ma\/produit\/eclin-creme-hydratante-peau-seche-72h-spf15-50ml\/"]}]},{"@type":"ImageObject","inLanguage":"en-US","@id":"https:\/\/vitablanca.ma\/produit\/eclin-creme-hydratante-peau-seche-72h-spf15-50ml\/#primaryimage","url":"https:\/\/vitablanca.ma\/wp-content\/uploads\/2025\/06\/Eclin-Creme-Hydratante-Peau-Seche-72H-SPF15-50ml-nova-parapharmacie-maroc.jpg","contentUrl":"https:\/\/vitablanca.ma\/wp-content\/uploads\/2025\/06\/Eclin-Creme-Hydratante-Peau-Seche-72H-SPF15-50ml-nova-parapharmacie-maroc.jpg","width":1000,"height":1000},{"@type":"BreadcrumbList","@id":"https:\/\/vitablanca.ma\/produit\/eclin-creme-hydratante-peau-seche-72h-spf15-50ml\/#breadcrumb","itemListElement":[{"@type":"ListItem","position":1,"name":"Home","item":"https:\/\/vitablanca.ma\/"},{"@type":"ListItem","position":2,"name":"Tous Les Produits","item":"https:\/\/vitablanca.ma\/tous-les-produits\/"},{"@type":"ListItem","position":3,"name":"Eclin Cr\u00e8me Hydratante Peau S\u00e8che 72H SPF15 50ml"}]},{"@type":"WebSite","@id":"https:\/\/vitablanca.ma\/#website","url":"https:\/\/vitablanca.ma\/","name":"VitaBlanca.ma | Food supplements, health &amp; beauty in Morocco","description":"sell premium vitamins and supplements from USA &amp; Canada, New Zealand, Morocco (NOW Foods, Solgar, Manuka). Fast delivery anywhere in Morocco.","publisher":{"@id":"https:\/\/vitablanca.ma\/#organization"},"alternateName":"VitaBlanca.ma","potentialAction":[{"@type":"SearchAction","target":{"@type":"EntryPoint","urlTemplate":"https:\/\/vitablanca.ma\/?s={search_term_string}"},"query-input":{"@type":"PropertyValueSpecification","valueRequired":true,"valueName":"search_term_string"}}],"inLanguage":"en-US"},{"@type":"Organization","@id":"https:\/\/vitablanca.ma\/#organization","name":"VitaBlanca","url":"https:\/\/vitablanca.ma\/","logo":{"@type":"ImageObject","inLanguage":"en-US","@id":"https:\/\/vitablanca.ma\/#\/schema\/logo\/image\/","url":"https:\/\/vitablanca.ma\/wp-content\/uploads\/2025\/05\/cropped-vitablanca.png","contentUrl":"https:\/\/vitablanca.ma\/wp-content\/uploads\/2025\/05\/cropped-vitablanca.png","width":360,"height":67,"caption":"VitaBlanca"},"image":{"@id":"https:\/\/vitablanca.ma\/#\/schema\/logo\/image\/"},"sameAs":["https:\/\/www.facebook.com\/profile.php?id=61576678196717","https:\/\/www.tiktok.com\/@vitablanca.ma","https:\/\/www.instagram.com\/vitablanca.ma\/"]}]}},"jetpack_sharing_enabled":true,"_links":{"self":[{"href":"https:\/\/vitablanca.ma\/en\/wp-json\/wp\/v2\/product\/17301","targetHints":{"allow":["GET"]}}],"collection":[{"href":"https:\/\/vitablanca.ma\/en\/wp-json\/wp\/v2\/product"}],"about":[{"href":"https:\/\/vitablanca.ma\/en\/wp-json\/wp\/v2\/types\/product"}],"wp:featuredmedia":[{"embeddable":true,"href":"https:\/\/vitablanca.ma\/en\/wp-json\/wp\/v2\/media\/17299"}],"wp:attachment":[{"href":"https:\/\/vitablanca.ma\/en\/wp-json\/wp\/v2\/media?parent=17301"}],"wp:term":[{"taxonomy":"product_brand","embeddable":true,"href":"https:\/\/vitablanca.ma\/en\/wp-json\/wp\/v2\/product_brand?post=17301"},{"taxonomy":"product_cat","embeddable":true,"href":"https:\/\/vitablanca.ma\/en\/wp-json\/wp\/v2\/product_cat?post=17301"},{"taxonomy":"product_tag","embeddable":true,"href":"https:\/\/vitablanca.ma\/en\/wp-json\/wp\/v2\/product_tag?post=17301"}],"curies":[{"name":"wp","href":"https:\/\/api.w.org\/{rel}","templated":true}]}}