{"id":17159,"date":"2025-06-10T16:54:08","date_gmt":"2025-06-10T16:54:08","guid":{"rendered":"https:\/\/vitablanca.ma\/product\/ducray-gel-rubefiant-tonique-capillaire-30ml\/"},"modified":"2025-06-10T16:54:08","modified_gmt":"2025-06-10T16:54:08","slug":"ducray-gel-rubefiant-tonique-capillaire-30ml","status":"publish","type":"product","link":"https:\/\/vitablanca.ma\/en\/product\/ducray-gel-rubefiant-tonique-capillaire-30ml\/","title":{"rendered":"Ducray Rubefacient Hair Tonic Gel 30ml"},"content":{"rendered":"<h2>Ducray Rubefacient Hair Tonic Gel.<\/h2>\n<div class=\"field-title\">\n<p>Hair tonic that stimulates the scalp and promotes nutrition of the hair bulbs.<br \/>Hair loss in patches.<br \/>No rinsing required.<br \/>30ml.<\/p>\n<p><span>Rubefacient gel stimulates the scalp and promotes hair follicle nutrition. Thanks to its toning and rebalancing properties, it strengthens the scalp and brings vigor to the hair.<\/span><\/p>\n<div class=\"wrapper_product-collapsible-sections_item_title ellipse-down ellipse-base el-width-150 el-center\">\n<h3 data-dc-js-cs-role=\"label\" class=\"product-collapsible-sections_item_title\">BENEFITS<\/h3>\n<\/div>\n<div data-dc-js-cs-role=\"content\" class=\"product-collapsible-sections_item_content\">\n<div class=\"field-collection-container clearfix\">\n<div class=\"field-collection-view clearfix view-mode-full\">\n<div class=\"product-benefit_item\">\n<p class=\"product-benefit_item_title contextual-color\">STIMULATES THE SCALP<\/p>\n<\/div>\n<\/div>\n<div class=\"product-benefit_item\">\n<p class=\"product-benefit_item_title contextual-color\">PROMOTES THE NUTRITION OF HAIR BULBS<\/p>\n<\/div>\n<div class=\"field-collection-view clearfix view-mode-full field-collection-view-final\">\n<div class=\"product-benefit_item\">\n<p class=\"product-benefit_item_title contextual-color\">TONING AND REBALANCING PROPERTIES<\/p>\n<div class=\"product-benefit_item_description\">Rubefacient gel strengthens the scalp and gives vigor to the hair.<\/div>\n<div class=\"product-benefit_item_description\"><\/div>\n<div class=\"product-benefit_item_description\">\n<h4 class=\"product-collapsible-sections_item_subtitle contextual-color\">ABOUT PATCHY HAIR LOSS<\/h4>\n<div class=\"product-collapsible-sections_item_subcontent readmore-add-processed\">Some conditions require the application of a hair tonic.<\/div>\n<div class=\"product-collapsible-sections_item_subcontent readmore-add-processed\"><\/div>\n<div class=\"product-collapsible-sections_item_subcontent readmore-add-processed\">\n<div class=\"rtejustify\">Behind hair loss, which may seem trivial, lies a real reason for consultation, since 10 million French people are affected. But in reality, there is not just hair loss, but<span>\u00a0<\/span><strong>several types of hair loss<\/strong>, with different causes. The main ones are classified as follows by health professionals:<\/div>\n<ul>\n<li class=\"rtejustify\">The occasional sudden onset of hair loss called acute telogen effluvium<\/li>\n<li class=\"rtejustify\">The progressive and prolonged hair loss called chronic telogen effluvium<\/li>\n<li class=\"rtejustify\">Hair loss linked to hormonal disorders in a genetic context, or androgenetic alopecia\u00a0<\/li>\n<li class=\"rtejustify\">And finally, with age, a loss of hair density and mass, called senescent alopecia.<\/li>\n<\/ul>\n<div class=\"rtejustify\">All these hair losses are different because they are due to different modifications of the hair cycle (hair cycle) and therefore they must be treated in different ways.<\/div>\n<div class=\"rtejustify\">\n<br \/><strong>Hair loss in everyday life<\/strong><span>\u00a0<\/span>may be considered a benign condition, but it can cause significant psychological distress in affected patients. It is also a common reason for consultation in dermatology. The goal: to find the cause(s) of hair loss. However, identifying the origin of a problem is not always easy, despite factors that remain common...<\/div>\n<div class=\"rtejustify\"><\/div>\n<h3 class=\"rtejustify\"><span>APPLICATION TIPS<\/span><\/h3>\n<p><span>Apply the rubefacient gel to the affected area(s). Massage lightly. Do not rinse.<br \/>Our recommendation: use this gel once a day for 3 months.<br \/>Do not use on damaged skin.\u00a0<\/span><\/p>\n<div class=\"rtejustify\"><\/div>\n<div class=\"rtejustify\"><\/div>\n<\/div>\n<\/div>\n<\/div>\n<\/div>\n<\/div>\n<\/div>\n<\/div>\n<div class=\"product-categories\">\n<div class=\"categories-table\">\n<div class=\"categories-row\">\n<div class=\"category-content\"><\/div>\n<\/div>\n<\/div>\n<\/div>","protected":false},"excerpt":{"rendered":"<p>Ducray Gel Rub\u00e9fiant Tonique Capillaire. Tonique capillaire qui\u00a0stimule le cuir chevelu et favorise la nutrition des bulbes pilaires.Chute de cheveux par plaques.Sans rin\u00e7age.30ml. Le gel rub\u00e9fiant stimule le cuir chevelu et favorise la nutrition des bulbes pilaires. Gr\u00e2ce \u00e0 ses propri\u00e9t\u00e9s tonifiantes et r\u00e9\u00e9quilibrantes, il fortifie le cuir chevelu et apporte vigueur aux cheveux. B\u00c9N\u00c9FICES [&hellip;]<\/p>\n","protected":false},"featured_media":17150,"template":"","meta":{"om_disable_all_campaigns":false},"product_brand":[],"product_cat":[15],"product_tag":[],"class_list":{"0":"post-17159","1":"product","2":"type-product","3":"status-publish","4":"has-post-thumbnail","6":"product_cat-beaute-sante-complements-alimentaires-soins-et-bien-etre-au-meilleur-prix","8":"first","9":"instock","10":"sale","11":"taxable","12":"shipping-taxable","13":"purchasable","14":"product-type-simple"},"yoast_head":"<!-- This site is optimized with the Yoast SEO plugin v27.3 - https:\/\/yoast.com\/product\/yoast-seo-wordpress\/ -->\n<title>Ducray Gel Rub\u00e9fiant Tonique Capillaire 30ml - Maroc Prix<\/title>\n<meta name=\"description\" content=\"Ducray Gel Rub\u00e9fiant Tonique Capillaire 30ml\" \/>\n<meta name=\"robots\" content=\"index, follow, max-snippet:-1, max-image-preview:large, max-video-preview:-1\" \/>\n<link rel=\"canonical\" href=\"https:\/\/vitablanca.ma\/en\/product\/ducray-gel-rubefiant-tonique-capillaire-30ml\/\" \/>\n<meta property=\"og:locale\" content=\"en_US\" \/>\n<meta property=\"og:type\" content=\"article\" \/>\n<meta property=\"og:title\" content=\"Ducray Gel Rub\u00e9fiant Tonique Capillaire 30ml - Maroc Prix\" \/>\n<meta property=\"og:description\" content=\"Ducray Gel Rub\u00e9fiant Tonique Capillaire 30ml\" \/>\n<meta property=\"og:url\" content=\"https:\/\/vitablanca.ma\/en\/product\/ducray-gel-rubefiant-tonique-capillaire-30ml\/\" \/>\n<meta property=\"og:site_name\" content=\"Vitablanca.ma &ndash; Sant&eacute;, vitalit&eacute; et bien-&ecirc;tre pour tous les Marocains\" \/>\n<meta property=\"article:publisher\" content=\"https:\/\/www.facebook.com\/profile.php?id=61576678196717\" \/>\n<meta property=\"og:image\" content=\"https:\/\/vitablanca.ma\/wp-content\/uploads\/2025\/06\/Ducray-Gel-Rubefiant-Tonique-Capillaire-30ml-nova-parapharmacie-casablanca.jpg\" \/>\n\t<meta property=\"og:image:width\" content=\"1000\" \/>\n\t<meta property=\"og:image:height\" content=\"1000\" \/>\n\t<meta property=\"og:image:type\" content=\"image\/jpeg\" \/>\n<meta name=\"twitter:card\" content=\"summary_large_image\" \/>\n<meta name=\"twitter:label1\" content=\"Est. reading time\" \/>\n\t<meta name=\"twitter:data1\" content=\"2 minutes\" \/>\n<script type=\"application\/ld+json\" class=\"yoast-schema-graph\">{\"@context\":\"https:\\\/\\\/schema.org\",\"@graph\":[{\"@type\":[\"WebPage\",\"ItemPage\"],\"@id\":\"https:\\\/\\\/vitablanca.ma\\\/produit\\\/ducray-gel-rubefiant-tonique-capillaire-30ml\\\/\",\"url\":\"https:\\\/\\\/vitablanca.ma\\\/produit\\\/ducray-gel-rubefiant-tonique-capillaire-30ml\\\/\",\"name\":\"Ducray Gel Rub\u00e9fiant Tonique Capillaire 30ml - Maroc Prix\",\"isPartOf\":{\"@id\":\"https:\\\/\\\/vitablanca.ma\\\/#website\"},\"primaryImageOfPage\":{\"@id\":\"https:\\\/\\\/vitablanca.ma\\\/produit\\\/ducray-gel-rubefiant-tonique-capillaire-30ml\\\/#primaryimage\"},\"image\":{\"@id\":\"https:\\\/\\\/vitablanca.ma\\\/produit\\\/ducray-gel-rubefiant-tonique-capillaire-30ml\\\/#primaryimage\"},\"thumbnailUrl\":\"https:\\\/\\\/vitablanca.ma\\\/wp-content\\\/uploads\\\/2025\\\/06\\\/Ducray-Gel-Rubefiant-Tonique-Capillaire-30ml-nova-parapharmacie-casablanca.jpg\",\"datePublished\":\"2025-06-10T16:54:08+00:00\",\"description\":\"Ducray Gel Rub\u00e9fiant Tonique Capillaire 30ml\",\"breadcrumb\":{\"@id\":\"https:\\\/\\\/vitablanca.ma\\\/produit\\\/ducray-gel-rubefiant-tonique-capillaire-30ml\\\/#breadcrumb\"},\"inLanguage\":\"en-US\",\"potentialAction\":[{\"@type\":\"ReadAction\",\"target\":[\"https:\\\/\\\/vitablanca.ma\\\/produit\\\/ducray-gel-rubefiant-tonique-capillaire-30ml\\\/\"]}]},{\"@type\":\"ImageObject\",\"inLanguage\":\"en-US\",\"@id\":\"https:\\\/\\\/vitablanca.ma\\\/produit\\\/ducray-gel-rubefiant-tonique-capillaire-30ml\\\/#primaryimage\",\"url\":\"https:\\\/\\\/vitablanca.ma\\\/wp-content\\\/uploads\\\/2025\\\/06\\\/Ducray-Gel-Rubefiant-Tonique-Capillaire-30ml-nova-parapharmacie-casablanca.jpg\",\"contentUrl\":\"https:\\\/\\\/vitablanca.ma\\\/wp-content\\\/uploads\\\/2025\\\/06\\\/Ducray-Gel-Rubefiant-Tonique-Capillaire-30ml-nova-parapharmacie-casablanca.jpg\",\"width\":1000,\"height\":1000},{\"@type\":\"BreadcrumbList\",\"@id\":\"https:\\\/\\\/vitablanca.ma\\\/produit\\\/ducray-gel-rubefiant-tonique-capillaire-30ml\\\/#breadcrumb\",\"itemListElement\":[{\"@type\":\"ListItem\",\"position\":1,\"name\":\"Home\",\"item\":\"https:\\\/\\\/vitablanca.ma\\\/\"},{\"@type\":\"ListItem\",\"position\":2,\"name\":\"Tous Les Produits\",\"item\":\"https:\\\/\\\/vitablanca.ma\\\/tous-les-produits\\\/\"},{\"@type\":\"ListItem\",\"position\":3,\"name\":\"Ducray Gel Rub\u00e9fiant Tonique Capillaire 30ml\"}]},{\"@type\":\"WebSite\",\"@id\":\"https:\\\/\\\/vitablanca.ma\\\/#website\",\"url\":\"https:\\\/\\\/vitablanca.ma\\\/\",\"name\":\"VitaBlanca.ma | Compl\u00e9ments alimentaires, sant\u00e9 & beaut\u00e9 au Maroc\",\"description\":\"vendre vitamines et compl\u00e9ments premium des USA &amp; Canada, Nouvelle Z\u00e9lande,Maroc (NOW Foods, Solgar, Manuka). Livraison rapide partout au Maroc.\",\"publisher\":{\"@id\":\"https:\\\/\\\/vitablanca.ma\\\/#organization\"},\"alternateName\":\"VitaBlanca.ma\",\"potentialAction\":[{\"@type\":\"SearchAction\",\"target\":{\"@type\":\"EntryPoint\",\"urlTemplate\":\"https:\\\/\\\/vitablanca.ma\\\/?s={search_term_string}\"},\"query-input\":{\"@type\":\"PropertyValueSpecification\",\"valueRequired\":true,\"valueName\":\"search_term_string\"}}],\"inLanguage\":\"en-US\"},{\"@type\":\"Organization\",\"@id\":\"https:\\\/\\\/vitablanca.ma\\\/#organization\",\"name\":\"VitaBlanca\",\"url\":\"https:\\\/\\\/vitablanca.ma\\\/\",\"logo\":{\"@type\":\"ImageObject\",\"inLanguage\":\"en-US\",\"@id\":\"https:\\\/\\\/vitablanca.ma\\\/#\\\/schema\\\/logo\\\/image\\\/\",\"url\":\"https:\\\/\\\/vitablanca.ma\\\/wp-content\\\/uploads\\\/2025\\\/05\\\/cropped-vitablanca.png\",\"contentUrl\":\"https:\\\/\\\/vitablanca.ma\\\/wp-content\\\/uploads\\\/2025\\\/05\\\/cropped-vitablanca.png\",\"width\":360,\"height\":67,\"caption\":\"VitaBlanca\"},\"image\":{\"@id\":\"https:\\\/\\\/vitablanca.ma\\\/#\\\/schema\\\/logo\\\/image\\\/\"},\"sameAs\":[\"https:\\\/\\\/www.facebook.com\\\/profile.php?id=61576678196717\",\"https:\\\/\\\/www.tiktok.com\\\/@vitablanca.ma\",\"https:\\\/\\\/www.instagram.com\\\/vitablanca.ma\\\/\"]}]}<\/script>\n<!-- \/ Yoast SEO plugin. -->","yoast_head_json":{"title":"Ducray Rubefacient Hair Tonic Gel 30ml - Morocco Price","description":"Ducray Rubefacient Hair Tonic Gel 30ml","robots":{"index":"index","follow":"follow","max-snippet":"max-snippet:-1","max-image-preview":"max-image-preview:large","max-video-preview":"max-video-preview:-1"},"canonical":"https:\/\/vitablanca.ma\/en\/product\/ducray-gel-rubefiant-tonique-capillaire-30ml\/","og_locale":"en_US","og_type":"article","og_title":"Ducray Gel Rub\u00e9fiant Tonique Capillaire 30ml - Maroc Prix","og_description":"Ducray Gel Rub\u00e9fiant Tonique Capillaire 30ml","og_url":"https:\/\/vitablanca.ma\/en\/product\/ducray-gel-rubefiant-tonique-capillaire-30ml\/","og_site_name":"Vitablanca.ma &ndash; Sant&eacute;, vitalit&eacute; et bien-&ecirc;tre pour tous les Marocains","article_publisher":"https:\/\/www.facebook.com\/profile.php?id=61576678196717","og_image":[{"width":1000,"height":1000,"url":"https:\/\/vitablanca.ma\/wp-content\/uploads\/2025\/06\/Ducray-Gel-Rubefiant-Tonique-Capillaire-30ml-nova-parapharmacie-casablanca.jpg","type":"image\/jpeg"}],"twitter_card":"summary_large_image","twitter_misc":{"Est. reading time":"2 minutes"},"schema":{"@context":"https:\/\/schema.org","@graph":[{"@type":["WebPage","ItemPage"],"@id":"https:\/\/vitablanca.ma\/produit\/ducray-gel-rubefiant-tonique-capillaire-30ml\/","url":"https:\/\/vitablanca.ma\/produit\/ducray-gel-rubefiant-tonique-capillaire-30ml\/","name":"Ducray Rubefacient Hair Tonic Gel 30ml - Morocco Price","isPartOf":{"@id":"https:\/\/vitablanca.ma\/#website"},"primaryImageOfPage":{"@id":"https:\/\/vitablanca.ma\/produit\/ducray-gel-rubefiant-tonique-capillaire-30ml\/#primaryimage"},"image":{"@id":"https:\/\/vitablanca.ma\/produit\/ducray-gel-rubefiant-tonique-capillaire-30ml\/#primaryimage"},"thumbnailUrl":"https:\/\/vitablanca.ma\/wp-content\/uploads\/2025\/06\/Ducray-Gel-Rubefiant-Tonique-Capillaire-30ml-nova-parapharmacie-casablanca.jpg","datePublished":"2025-06-10T16:54:08+00:00","description":"Ducray Rubefacient Hair Tonic Gel 30ml","breadcrumb":{"@id":"https:\/\/vitablanca.ma\/produit\/ducray-gel-rubefiant-tonique-capillaire-30ml\/#breadcrumb"},"inLanguage":"en-US","potentialAction":[{"@type":"ReadAction","target":["https:\/\/vitablanca.ma\/produit\/ducray-gel-rubefiant-tonique-capillaire-30ml\/"]}]},{"@type":"ImageObject","inLanguage":"en-US","@id":"https:\/\/vitablanca.ma\/produit\/ducray-gel-rubefiant-tonique-capillaire-30ml\/#primaryimage","url":"https:\/\/vitablanca.ma\/wp-content\/uploads\/2025\/06\/Ducray-Gel-Rubefiant-Tonique-Capillaire-30ml-nova-parapharmacie-casablanca.jpg","contentUrl":"https:\/\/vitablanca.ma\/wp-content\/uploads\/2025\/06\/Ducray-Gel-Rubefiant-Tonique-Capillaire-30ml-nova-parapharmacie-casablanca.jpg","width":1000,"height":1000},{"@type":"BreadcrumbList","@id":"https:\/\/vitablanca.ma\/produit\/ducray-gel-rubefiant-tonique-capillaire-30ml\/#breadcrumb","itemListElement":[{"@type":"ListItem","position":1,"name":"Home","item":"https:\/\/vitablanca.ma\/"},{"@type":"ListItem","position":2,"name":"Tous Les Produits","item":"https:\/\/vitablanca.ma\/tous-les-produits\/"},{"@type":"ListItem","position":3,"name":"Ducray Gel Rub\u00e9fiant Tonique Capillaire 30ml"}]},{"@type":"WebSite","@id":"https:\/\/vitablanca.ma\/#website","url":"https:\/\/vitablanca.ma\/","name":"VitaBlanca.ma | Food supplements, health &amp; beauty in Morocco","description":"sell premium vitamins and supplements from USA &amp; Canada, New Zealand, Morocco (NOW Foods, Solgar, Manuka). Fast delivery anywhere in Morocco.","publisher":{"@id":"https:\/\/vitablanca.ma\/#organization"},"alternateName":"VitaBlanca.ma","potentialAction":[{"@type":"SearchAction","target":{"@type":"EntryPoint","urlTemplate":"https:\/\/vitablanca.ma\/?s={search_term_string}"},"query-input":{"@type":"PropertyValueSpecification","valueRequired":true,"valueName":"search_term_string"}}],"inLanguage":"en-US"},{"@type":"Organization","@id":"https:\/\/vitablanca.ma\/#organization","name":"VitaBlanca","url":"https:\/\/vitablanca.ma\/","logo":{"@type":"ImageObject","inLanguage":"en-US","@id":"https:\/\/vitablanca.ma\/#\/schema\/logo\/image\/","url":"https:\/\/vitablanca.ma\/wp-content\/uploads\/2025\/05\/cropped-vitablanca.png","contentUrl":"https:\/\/vitablanca.ma\/wp-content\/uploads\/2025\/05\/cropped-vitablanca.png","width":360,"height":67,"caption":"VitaBlanca"},"image":{"@id":"https:\/\/vitablanca.ma\/#\/schema\/logo\/image\/"},"sameAs":["https:\/\/www.facebook.com\/profile.php?id=61576678196717","https:\/\/www.tiktok.com\/@vitablanca.ma","https:\/\/www.instagram.com\/vitablanca.ma\/"]}]}},"jetpack_sharing_enabled":true,"_links":{"self":[{"href":"https:\/\/vitablanca.ma\/en\/wp-json\/wp\/v2\/product\/17159","targetHints":{"allow":["GET"]}}],"collection":[{"href":"https:\/\/vitablanca.ma\/en\/wp-json\/wp\/v2\/product"}],"about":[{"href":"https:\/\/vitablanca.ma\/en\/wp-json\/wp\/v2\/types\/product"}],"wp:featuredmedia":[{"embeddable":true,"href":"https:\/\/vitablanca.ma\/en\/wp-json\/wp\/v2\/media\/17150"}],"wp:attachment":[{"href":"https:\/\/vitablanca.ma\/en\/wp-json\/wp\/v2\/media?parent=17159"}],"wp:term":[{"taxonomy":"product_brand","embeddable":true,"href":"https:\/\/vitablanca.ma\/en\/wp-json\/wp\/v2\/product_brand?post=17159"},{"taxonomy":"product_cat","embeddable":true,"href":"https:\/\/vitablanca.ma\/en\/wp-json\/wp\/v2\/product_cat?post=17159"},{"taxonomy":"product_tag","embeddable":true,"href":"https:\/\/vitablanca.ma\/en\/wp-json\/wp\/v2\/product_tag?post=17159"}],"curies":[{"name":"wp","href":"https:\/\/api.w.org\/{rel}","templated":true}]}}