{"id":17152,"date":"2025-06-10T16:54:05","date_gmt":"2025-06-10T16:54:05","guid":{"rendered":"https:\/\/vitablanca.ma\/product\/dodie-sucette-anatomique-0-6m-ae2\/"},"modified":"2025-06-10T16:54:05","modified_gmt":"2025-06-10T16:54:05","slug":"dodie-sucette-anatomique-0-6m-ae2","status":"publish","type":"product","link":"https:\/\/vitablanca.ma\/en\/product\/dodie-sucette-anatomique-0-6m-ae2\/","title":{"rendered":"Dodie Anatomical Pacifier 0-6m AE2"},"content":{"rendered":"<h2>Dodie Anatomical Pacifier 0-6m AE2 for babies.<\/h2>\n<p><span>Set of 4 pacifiers with anatomically shaped teats, to ensure the proper development of baby&#039;s mouth, and to soothe him day and night.<\/span><\/p>\n<h3>Set of 4 anatomical pacifiers Day &amp; Night, Love My Planet\/Good Night\/Star pattern, for babies from 0 to 6 months<\/h3>\n<p>With their playful design, these pacifiers will please parents and babies alike, day and night! Thanks to their silicone teat, they are specially adapted for babies from 6 months old to satisfy their natural need to suck.<br \/>Expertly designed, they offer soothing and comfort to babies. Specially made for nighttime use, the buttons on the I Dream\/Good Night pacifier duo glow in the dark, making them easy to find in the dark.<\/p>\n<ul>\n<li>Anatomical, reversible shape for guaranteed good positioning<\/li>\n<li>Thin silicone nipple promoting the healthy development of babies&#039; mouths<\/li>\n<li>Shield with ventilation holes to reduce the risk of skin irritation for babies<\/li>\n<li>Tritan shield, a comfortable and lightweight material for easy fit in babies&#039; mouths<\/li>\n<li>Lollipops are recyclable in France thanks to our partnership with TerraCycle\u00ae. More information on<span>\u00a0<\/span>www.terracycle.com\/dodie-fr<\/li>\n<\/ul>\n<h3 aria-expanded=\"true\" aria-controls=\"usage-tips\" data-collapsible=\"true\" role=\"tab\" id=\"tab-label-usage-tips\" data-role=\"collapsible\" class=\"data item title allow active\">Directions for use<\/h3>\n<div aria-hidden=\"false\" role=\"tabpanel\" data-role=\"content\" id=\"usage-tips\" aria-labelledby=\"tab-label-usage-tips\" class=\"data item content\">\n<div class=\"product attribute usage-tips\">\n<strong class=\"type\"><\/strong><\/p>\n<div class=\"value\">\n<div data-element=\"main\" data-appearance=\"contained\" data-content-type=\"row\">\n<div data-element=\"inner\" data-background-images=\"{}\" data-parallax-speed=\"0.5\" data-enable-parallax=\"0\">\n<div data-element=\"main\" data-appearance=\"default\" data-content-type=\"text\">\n<p>\u2013 Before first use, keep the pacifier immersed in boiling water for 5 minutes, then let it cool. Or sterilize cold using Dodie sterilization tablets.<br \/>\u2013 Squeeze the teat to remove any water it may contain. This is for hygiene reasons.<br \/>\u2013 Before each use, clean the pacifier with warm soapy water then rinse.<br \/>\u2013 Never give your child a pacifier whose teat has been dipped in food or medicinal substances (risk of tooth decay and ingestion).<br \/>\u2013 Replace the pacifier every six weeks for hygiene and safety reasons.<\/p>\n<p><strong>For your child&#039;s safety, WARNING!<\/strong><br \/>\u2013 Before each use, carefully examine the pacifier. Pull the pacifier in all directions. Discard it at the slightest sign of deterioration or fragility.<br \/>\u2013 Only use pacifier clips that comply with EN12586. Never attach ribbon or string to the pacifier, as your child could strangle themselves.<br \/>\u2013 Do not leave the pacifier in a sterilizing solution longer than the recommended time as this could weaken the teat.<br \/>\u2013 Do not expose the pacifier directly to sunlight or near a heat source.<br \/>\u2013 If the pacifier gets stuck in your child&#039;s mouth, DO NOT PANIC, it is designed to prevent swallowing and to prevent this from happening. Remove it from your child&#039;s mouth carefully and as gently as possible.<\/p>\n<p>\u00a0<\/p>\n<\/div>\n<\/div>\n<\/div>\n<\/div>\n<\/div>\n<\/div>","protected":false},"excerpt":{"rendered":"<p>Dodie Sucette Anatomique 0-6m AE2\u00a0pour b\u00e9b\u00e9s. Lot de 4 sucettes avec t\u00e9tine de forme anatomique, pour assurer le bon d\u00e9veloppement de la bouche de b\u00e9b\u00e9, et l&rsquo;apaiser de jour comme de nuit. Lot de 4 sucettes anatomiques Jour &amp; Nuit, motif Love My Planet\/Bonne Nuit\/Etoile, pour les b\u00e9b\u00e9s de 0 \u00e0 6 mois Avec leur [&hellip;]<\/p>\n","protected":false},"featured_media":17149,"template":"","meta":{"om_disable_all_campaigns":false},"product_brand":[],"product_cat":[15],"product_tag":[],"class_list":{"0":"post-17152","1":"product","2":"type-product","3":"status-publish","4":"has-post-thumbnail","6":"product_cat-beaute-sante-complements-alimentaires-soins-et-bien-etre-au-meilleur-prix","8":"first","9":"instock","10":"sale","11":"taxable","12":"shipping-taxable","13":"purchasable","14":"product-type-simple"},"yoast_head":"<!-- This site is optimized with the Yoast SEO plugin v27.3 - https:\/\/yoast.com\/product\/yoast-seo-wordpress\/ -->\n<title>Dodie Sucette Anatomique 0-6m AE2 - Maroc Prix<\/title>\n<meta name=\"description\" content=\"Dodie Sucette Anatomique 0-6m AE2\" \/>\n<meta name=\"robots\" content=\"index, follow, max-snippet:-1, max-image-preview:large, max-video-preview:-1\" \/>\n<link rel=\"canonical\" href=\"https:\/\/vitablanca.ma\/en\/product\/dodie-sucette-anatomique-0-6m-ae2\/\" \/>\n<meta property=\"og:locale\" content=\"en_US\" \/>\n<meta property=\"og:type\" content=\"article\" \/>\n<meta property=\"og:title\" content=\"Dodie Sucette Anatomique 0-6m AE2 - Maroc Prix\" \/>\n<meta property=\"og:description\" content=\"Dodie Sucette Anatomique 0-6m AE2\" \/>\n<meta property=\"og:url\" content=\"https:\/\/vitablanca.ma\/en\/product\/dodie-sucette-anatomique-0-6m-ae2\/\" \/>\n<meta property=\"og:site_name\" content=\"Vitablanca.ma &ndash; Sant&eacute;, vitalit&eacute; et bien-&ecirc;tre pour tous les Marocains\" \/>\n<meta property=\"article:publisher\" content=\"https:\/\/www.facebook.com\/profile.php?id=61576678196717\" \/>\n<meta property=\"og:image\" content=\"https:\/\/vitablanca.ma\/wp-content\/uploads\/2025\/06\/Dodie-Sucette-Anatomique-0-6m-AE2-nova-parapharmacie-casablanca.jpg\" \/>\n\t<meta property=\"og:image:width\" content=\"1000\" \/>\n\t<meta property=\"og:image:height\" content=\"1000\" \/>\n\t<meta property=\"og:image:type\" content=\"image\/jpeg\" \/>\n<meta name=\"twitter:card\" content=\"summary_large_image\" \/>\n<meta name=\"twitter:label1\" content=\"Est. reading time\" \/>\n\t<meta name=\"twitter:data1\" content=\"3 minutes\" \/>\n<script type=\"application\/ld+json\" class=\"yoast-schema-graph\">{\"@context\":\"https:\\\/\\\/schema.org\",\"@graph\":[{\"@type\":[\"WebPage\",\"ItemPage\"],\"@id\":\"https:\\\/\\\/vitablanca.ma\\\/produit\\\/dodie-sucette-anatomique-0-6m-ae2\\\/\",\"url\":\"https:\\\/\\\/vitablanca.ma\\\/produit\\\/dodie-sucette-anatomique-0-6m-ae2\\\/\",\"name\":\"Dodie Sucette Anatomique 0-6m AE2 - Maroc Prix\",\"isPartOf\":{\"@id\":\"https:\\\/\\\/vitablanca.ma\\\/#website\"},\"primaryImageOfPage\":{\"@id\":\"https:\\\/\\\/vitablanca.ma\\\/produit\\\/dodie-sucette-anatomique-0-6m-ae2\\\/#primaryimage\"},\"image\":{\"@id\":\"https:\\\/\\\/vitablanca.ma\\\/produit\\\/dodie-sucette-anatomique-0-6m-ae2\\\/#primaryimage\"},\"thumbnailUrl\":\"https:\\\/\\\/vitablanca.ma\\\/wp-content\\\/uploads\\\/2025\\\/06\\\/Dodie-Sucette-Anatomique-0-6m-AE2-nova-parapharmacie-casablanca.jpg\",\"datePublished\":\"2025-06-10T16:54:05+00:00\",\"description\":\"Dodie Sucette Anatomique 0-6m AE2\",\"breadcrumb\":{\"@id\":\"https:\\\/\\\/vitablanca.ma\\\/produit\\\/dodie-sucette-anatomique-0-6m-ae2\\\/#breadcrumb\"},\"inLanguage\":\"en-US\",\"potentialAction\":[{\"@type\":\"ReadAction\",\"target\":[\"https:\\\/\\\/vitablanca.ma\\\/produit\\\/dodie-sucette-anatomique-0-6m-ae2\\\/\"]}]},{\"@type\":\"ImageObject\",\"inLanguage\":\"en-US\",\"@id\":\"https:\\\/\\\/vitablanca.ma\\\/produit\\\/dodie-sucette-anatomique-0-6m-ae2\\\/#primaryimage\",\"url\":\"https:\\\/\\\/vitablanca.ma\\\/wp-content\\\/uploads\\\/2025\\\/06\\\/Dodie-Sucette-Anatomique-0-6m-AE2-nova-parapharmacie-casablanca.jpg\",\"contentUrl\":\"https:\\\/\\\/vitablanca.ma\\\/wp-content\\\/uploads\\\/2025\\\/06\\\/Dodie-Sucette-Anatomique-0-6m-AE2-nova-parapharmacie-casablanca.jpg\",\"width\":1000,\"height\":1000},{\"@type\":\"BreadcrumbList\",\"@id\":\"https:\\\/\\\/vitablanca.ma\\\/produit\\\/dodie-sucette-anatomique-0-6m-ae2\\\/#breadcrumb\",\"itemListElement\":[{\"@type\":\"ListItem\",\"position\":1,\"name\":\"Home\",\"item\":\"https:\\\/\\\/vitablanca.ma\\\/\"},{\"@type\":\"ListItem\",\"position\":2,\"name\":\"Tous Les Produits\",\"item\":\"https:\\\/\\\/vitablanca.ma\\\/tous-les-produits\\\/\"},{\"@type\":\"ListItem\",\"position\":3,\"name\":\"Dodie Sucette Anatomique 0-6m AE2\"}]},{\"@type\":\"WebSite\",\"@id\":\"https:\\\/\\\/vitablanca.ma\\\/#website\",\"url\":\"https:\\\/\\\/vitablanca.ma\\\/\",\"name\":\"VitaBlanca.ma | Compl\u00e9ments alimentaires, sant\u00e9 & beaut\u00e9 au Maroc\",\"description\":\"vendre vitamines et compl\u00e9ments premium des USA &amp; Canada, Nouvelle Z\u00e9lande,Maroc (NOW Foods, Solgar, Manuka). Livraison rapide partout au Maroc.\",\"publisher\":{\"@id\":\"https:\\\/\\\/vitablanca.ma\\\/#organization\"},\"alternateName\":\"VitaBlanca.ma\",\"potentialAction\":[{\"@type\":\"SearchAction\",\"target\":{\"@type\":\"EntryPoint\",\"urlTemplate\":\"https:\\\/\\\/vitablanca.ma\\\/?s={search_term_string}\"},\"query-input\":{\"@type\":\"PropertyValueSpecification\",\"valueRequired\":true,\"valueName\":\"search_term_string\"}}],\"inLanguage\":\"en-US\"},{\"@type\":\"Organization\",\"@id\":\"https:\\\/\\\/vitablanca.ma\\\/#organization\",\"name\":\"VitaBlanca\",\"url\":\"https:\\\/\\\/vitablanca.ma\\\/\",\"logo\":{\"@type\":\"ImageObject\",\"inLanguage\":\"en-US\",\"@id\":\"https:\\\/\\\/vitablanca.ma\\\/#\\\/schema\\\/logo\\\/image\\\/\",\"url\":\"https:\\\/\\\/vitablanca.ma\\\/wp-content\\\/uploads\\\/2025\\\/05\\\/cropped-vitablanca.png\",\"contentUrl\":\"https:\\\/\\\/vitablanca.ma\\\/wp-content\\\/uploads\\\/2025\\\/05\\\/cropped-vitablanca.png\",\"width\":360,\"height\":67,\"caption\":\"VitaBlanca\"},\"image\":{\"@id\":\"https:\\\/\\\/vitablanca.ma\\\/#\\\/schema\\\/logo\\\/image\\\/\"},\"sameAs\":[\"https:\\\/\\\/www.facebook.com\\\/profile.php?id=61576678196717\",\"https:\\\/\\\/www.tiktok.com\\\/@vitablanca.ma\",\"https:\\\/\\\/www.instagram.com\\\/vitablanca.ma\\\/\"]}]}<\/script>\n<!-- \/ Yoast SEO plugin. -->","yoast_head_json":{"title":"Dodie Anatomical Pacifier 0-6m AE2 - Morocco Price","description":"Dodie Anatomical Pacifier 0-6m AE2","robots":{"index":"index","follow":"follow","max-snippet":"max-snippet:-1","max-image-preview":"max-image-preview:large","max-video-preview":"max-video-preview:-1"},"canonical":"https:\/\/vitablanca.ma\/en\/product\/dodie-sucette-anatomique-0-6m-ae2\/","og_locale":"en_US","og_type":"article","og_title":"Dodie Sucette Anatomique 0-6m AE2 - Maroc Prix","og_description":"Dodie Sucette Anatomique 0-6m AE2","og_url":"https:\/\/vitablanca.ma\/en\/product\/dodie-sucette-anatomique-0-6m-ae2\/","og_site_name":"Vitablanca.ma &ndash; Sant&eacute;, vitalit&eacute; et bien-&ecirc;tre pour tous les Marocains","article_publisher":"https:\/\/www.facebook.com\/profile.php?id=61576678196717","og_image":[{"width":1000,"height":1000,"url":"https:\/\/vitablanca.ma\/wp-content\/uploads\/2025\/06\/Dodie-Sucette-Anatomique-0-6m-AE2-nova-parapharmacie-casablanca.jpg","type":"image\/jpeg"}],"twitter_card":"summary_large_image","twitter_misc":{"Est. reading time":"3 minutes"},"schema":{"@context":"https:\/\/schema.org","@graph":[{"@type":["WebPage","ItemPage"],"@id":"https:\/\/vitablanca.ma\/produit\/dodie-sucette-anatomique-0-6m-ae2\/","url":"https:\/\/vitablanca.ma\/produit\/dodie-sucette-anatomique-0-6m-ae2\/","name":"Dodie Anatomical Pacifier 0-6m AE2 - Morocco Price","isPartOf":{"@id":"https:\/\/vitablanca.ma\/#website"},"primaryImageOfPage":{"@id":"https:\/\/vitablanca.ma\/produit\/dodie-sucette-anatomique-0-6m-ae2\/#primaryimage"},"image":{"@id":"https:\/\/vitablanca.ma\/produit\/dodie-sucette-anatomique-0-6m-ae2\/#primaryimage"},"thumbnailUrl":"https:\/\/vitablanca.ma\/wp-content\/uploads\/2025\/06\/Dodie-Sucette-Anatomique-0-6m-AE2-nova-parapharmacie-casablanca.jpg","datePublished":"2025-06-10T16:54:05+00:00","description":"Dodie Anatomical Pacifier 0-6m AE2","breadcrumb":{"@id":"https:\/\/vitablanca.ma\/produit\/dodie-sucette-anatomique-0-6m-ae2\/#breadcrumb"},"inLanguage":"en-US","potentialAction":[{"@type":"ReadAction","target":["https:\/\/vitablanca.ma\/produit\/dodie-sucette-anatomique-0-6m-ae2\/"]}]},{"@type":"ImageObject","inLanguage":"en-US","@id":"https:\/\/vitablanca.ma\/produit\/dodie-sucette-anatomique-0-6m-ae2\/#primaryimage","url":"https:\/\/vitablanca.ma\/wp-content\/uploads\/2025\/06\/Dodie-Sucette-Anatomique-0-6m-AE2-nova-parapharmacie-casablanca.jpg","contentUrl":"https:\/\/vitablanca.ma\/wp-content\/uploads\/2025\/06\/Dodie-Sucette-Anatomique-0-6m-AE2-nova-parapharmacie-casablanca.jpg","width":1000,"height":1000},{"@type":"BreadcrumbList","@id":"https:\/\/vitablanca.ma\/produit\/dodie-sucette-anatomique-0-6m-ae2\/#breadcrumb","itemListElement":[{"@type":"ListItem","position":1,"name":"Home","item":"https:\/\/vitablanca.ma\/"},{"@type":"ListItem","position":2,"name":"Tous Les Produits","item":"https:\/\/vitablanca.ma\/tous-les-produits\/"},{"@type":"ListItem","position":3,"name":"Dodie Sucette Anatomique 0-6m AE2"}]},{"@type":"WebSite","@id":"https:\/\/vitablanca.ma\/#website","url":"https:\/\/vitablanca.ma\/","name":"VitaBlanca.ma | Food supplements, health &amp; beauty in Morocco","description":"sell premium vitamins and supplements from USA &amp; Canada, New Zealand, Morocco (NOW Foods, Solgar, Manuka). Fast delivery anywhere in Morocco.","publisher":{"@id":"https:\/\/vitablanca.ma\/#organization"},"alternateName":"VitaBlanca.ma","potentialAction":[{"@type":"SearchAction","target":{"@type":"EntryPoint","urlTemplate":"https:\/\/vitablanca.ma\/?s={search_term_string}"},"query-input":{"@type":"PropertyValueSpecification","valueRequired":true,"valueName":"search_term_string"}}],"inLanguage":"en-US"},{"@type":"Organization","@id":"https:\/\/vitablanca.ma\/#organization","name":"VitaBlanca","url":"https:\/\/vitablanca.ma\/","logo":{"@type":"ImageObject","inLanguage":"en-US","@id":"https:\/\/vitablanca.ma\/#\/schema\/logo\/image\/","url":"https:\/\/vitablanca.ma\/wp-content\/uploads\/2025\/05\/cropped-vitablanca.png","contentUrl":"https:\/\/vitablanca.ma\/wp-content\/uploads\/2025\/05\/cropped-vitablanca.png","width":360,"height":67,"caption":"VitaBlanca"},"image":{"@id":"https:\/\/vitablanca.ma\/#\/schema\/logo\/image\/"},"sameAs":["https:\/\/www.facebook.com\/profile.php?id=61576678196717","https:\/\/www.tiktok.com\/@vitablanca.ma","https:\/\/www.instagram.com\/vitablanca.ma\/"]}]}},"jetpack_sharing_enabled":true,"_links":{"self":[{"href":"https:\/\/vitablanca.ma\/en\/wp-json\/wp\/v2\/product\/17152","targetHints":{"allow":["GET"]}}],"collection":[{"href":"https:\/\/vitablanca.ma\/en\/wp-json\/wp\/v2\/product"}],"about":[{"href":"https:\/\/vitablanca.ma\/en\/wp-json\/wp\/v2\/types\/product"}],"wp:featuredmedia":[{"embeddable":true,"href":"https:\/\/vitablanca.ma\/en\/wp-json\/wp\/v2\/media\/17149"}],"wp:attachment":[{"href":"https:\/\/vitablanca.ma\/en\/wp-json\/wp\/v2\/media?parent=17152"}],"wp:term":[{"taxonomy":"product_brand","embeddable":true,"href":"https:\/\/vitablanca.ma\/en\/wp-json\/wp\/v2\/product_brand?post=17152"},{"taxonomy":"product_cat","embeddable":true,"href":"https:\/\/vitablanca.ma\/en\/wp-json\/wp\/v2\/product_cat?post=17152"},{"taxonomy":"product_tag","embeddable":true,"href":"https:\/\/vitablanca.ma\/en\/wp-json\/wp\/v2\/product_tag?post=17152"}],"curies":[{"name":"wp","href":"https:\/\/api.w.org\/{rel}","templated":true}]}}