{"id":17147,"date":"2025-06-10T16:54:02","date_gmt":"2025-06-10T16:54:02","guid":{"rendered":"https:\/\/vitablanca.ma\/product\/ducray-fluide-antitaches-protecteur-spf50-melascreen-50-ml\/"},"modified":"2025-06-10T16:54:02","modified_gmt":"2025-06-10T16:54:02","slug":"ducray-fluide-antitaches-protecteur-spf50-melascreen-50-ml","status":"publish","type":"product","link":"https:\/\/vitablanca.ma\/en\/product\/ducray-fluide-antitaches-protecteur-spf50-melascreen-50-ml\/","title":{"rendered":"Ducray Protective Anti-Stain Fluid SPF50+ MELASCREEN 50 ml"},"content":{"rendered":"<div class=\"field-title\">\n<h3 class=\"product-name\">Ducray Protective Anti-Dark Spot Fluid SPF50+ MELASCREEN 50 ml<\/h3>\n<p><\/p>\n<p><span>\u2022 1st very high protection daily anti-dark spot fluid that prevents and reduces the appearance of dark spots, while protecting the skin against UVB, short and long UVA rays, blue light and the harmful effects of pollution<\/span><br \/><span>\u2022 Perfectly suited to normal to combination skin, this innovative treatment offers proven dual effectiveness on brown spots and signs of aging linked to the sun<\/span><br \/><span>\u2022 A fragrance-free fluid with a \u201cdry touch\u201d and light texture combining hydration and an invisible finish on all skin colors<\/span><br \/><span>\u2022 Excellent makeup base and water resistant, this photostable fluid is essential for everyday use for supple and soft-to-the-touch skin<\/span><br \/><span>\u2022 Effective formula with good tolerance, suitable for pregnant or breastfeeding women<\/span><br \/><span>\u2022 Non-comedogenic and developed to minimize allergic risks<\/span><\/p>\n<p><strong>REDUCES AND REDUCES DARK SPOTS<\/strong><\/p>\n<p><strong>AN INNOVATIVE FORMULA:<\/strong><br \/>RonaCare\u00aeAP corrects dark spots and protects against cell damage with an antioxidant action 100 times greater than vitamin E.<\/p>\n<p><strong>NEW \u201cDRY TOUCH\u201d FUN TEXTURE<\/strong><br \/>Water and sweat resistant. Invisible formula.<\/p>\n<h4 class=\"product-collapsible-sections_item_subtitle contextual-color\">ABOUT HYPERPIGMENTATION<\/h4>\n<div class=\"product-collapsible-sections_item_subcontent readmore-add-processed\" data-readmore=\"\" aria-expanded=\"true\" id=\"rmjs-1\">Brown spots on the face, d\u00e9collet\u00e9, and back of the hands... These are signs of excessive sun exposure. The effects of the sun on the skin are compounded by hormones produced during pregnancy and by estrogen (the pill). A &quot;mask&quot; can then appear on the face. Age can also contribute to the accentuation of brown spots.<\/div>\n<div class=\"product-collapsible-sections_item_subcontent readmore-add-processed\" data-readmore=\"\" aria-expanded=\"true\"><\/div>\n<h3 class=\"product-collapsible-sections_item_subcontent readmore-add-processed\" aria-expanded=\"true\"><span>APPLICATION TIPS<\/span><\/h3>\n<p><span>Apply evenly: 5 to 6 doses on the face, 9 to 10 doses on the d\u00e9collet\u00e9, 1 to 2 doses on the back of the hand. Reapply every 2 hours in case of intense exposure. Apply every day, all year round.<\/span><\/p>\n<h3><span><span class=\"title-tips\">PRECAUTIONS FOR USE<\/span><\/span><\/h3>\n<ul class=\"content-tips\">\n<li class=\"first leaf\"><span class=\"desc\">Avoid contact with eyes.<\/span><\/li>\n<li class=\"first leaf\"><span class=\"desc\">Rinse in case of contact with eyes<\/span><\/li>\n<li class=\"first leaf\"><span class=\"desc\">Do not expose yourself during the hottest hours, i.e. from 11 a.m. to 4 p.m.<\/span><\/li>\n<li class=\"first leaf\"><span class=\"desc\">Use protective clothing (wide-brimmed hat, glasses, T-shirt, etc.)<\/span><\/li>\n<\/ul>\n<\/div>","protected":false},"excerpt":{"rendered":"<p>Ducray Fluide antitaches protecteur SPF50+ MELASCREEN 50 ml \u2022 1er fluide antitaches quotidien tr\u00e8s haute protection qui pr\u00e9vient et r\u00e9duit l\u2019apparence des taches brunes, tout en prot\u00e9geant la peau contre les UVB, les UVA courts et longs, la lumi\u00e8re bleue et les effets d\u00e9l\u00e9t\u00e8res de la pollution\u2022 Parfaitement adapt\u00e9 aux peaux normales \u00e0 mixtes, ce [&hellip;]<\/p>\n","protected":false},"featured_media":17137,"template":"","meta":{"om_disable_all_campaigns":false},"product_brand":[],"product_cat":[15],"product_tag":[],"class_list":{"0":"post-17147","1":"product","2":"type-product","3":"status-publish","4":"has-post-thumbnail","6":"product_cat-beaute-sante-complements-alimentaires-soins-et-bien-etre-au-meilleur-prix","8":"first","9":"instock","10":"sale","11":"taxable","12":"shipping-taxable","13":"purchasable","14":"product-type-simple"},"yoast_head":"<!-- This site is optimized with the Yoast SEO plugin v27.3 - https:\/\/yoast.com\/product\/yoast-seo-wordpress\/ -->\n<title>Ducray Fluide Antitaches protecteur SPF50+ MELASCREEN 50 ml - Maroc Prix<\/title>\n<meta name=\"description\" content=\"Ducray Fluide Antitaches protecteur SPF50+ MELASCREEN 50 ml\" \/>\n<meta name=\"robots\" content=\"index, follow, max-snippet:-1, max-image-preview:large, max-video-preview:-1\" \/>\n<link rel=\"canonical\" href=\"https:\/\/vitablanca.ma\/en\/product\/ducray-fluide-antitaches-protecteur-spf50-melascreen-50-ml\/\" \/>\n<meta property=\"og:locale\" content=\"en_US\" \/>\n<meta property=\"og:type\" content=\"article\" \/>\n<meta property=\"og:title\" content=\"Ducray Fluide Antitaches protecteur SPF50+ MELASCREEN 50 ml - Maroc Prix\" \/>\n<meta property=\"og:description\" content=\"Ducray Fluide Antitaches protecteur SPF50+ MELASCREEN 50 ml\" \/>\n<meta property=\"og:url\" content=\"https:\/\/vitablanca.ma\/en\/product\/ducray-fluide-antitaches-protecteur-spf50-melascreen-50-ml\/\" \/>\n<meta property=\"og:site_name\" content=\"Vitablanca.ma &ndash; Sant&eacute;, vitalit&eacute; et bien-&ecirc;tre pour tous les Marocains\" \/>\n<meta property=\"article:publisher\" content=\"https:\/\/www.facebook.com\/profile.php?id=61576678196717\" \/>\n<meta property=\"og:image\" content=\"https:\/\/vitablanca.ma\/wp-content\/uploads\/2025\/06\/ducray-melascreen-fluide-protecteur-parapharmacie-maroc-nova.png\" \/>\n\t<meta property=\"og:image:width\" content=\"400\" \/>\n\t<meta property=\"og:image:height\" content=\"400\" \/>\n\t<meta property=\"og:image:type\" content=\"image\/png\" \/>\n<meta name=\"twitter:card\" content=\"summary_large_image\" \/>\n<meta name=\"twitter:label1\" content=\"Est. reading time\" \/>\n\t<meta name=\"twitter:data1\" content=\"2 minutes\" \/>\n<script type=\"application\/ld+json\" class=\"yoast-schema-graph\">{\"@context\":\"https:\\\/\\\/schema.org\",\"@graph\":[{\"@type\":[\"WebPage\",\"ItemPage\"],\"@id\":\"https:\\\/\\\/vitablanca.ma\\\/produit\\\/ducray-fluide-antitaches-protecteur-spf50-melascreen-50-ml\\\/\",\"url\":\"https:\\\/\\\/vitablanca.ma\\\/produit\\\/ducray-fluide-antitaches-protecteur-spf50-melascreen-50-ml\\\/\",\"name\":\"Ducray Fluide Antitaches protecteur SPF50+ MELASCREEN 50 ml - Maroc Prix\",\"isPartOf\":{\"@id\":\"https:\\\/\\\/vitablanca.ma\\\/#website\"},\"primaryImageOfPage\":{\"@id\":\"https:\\\/\\\/vitablanca.ma\\\/produit\\\/ducray-fluide-antitaches-protecteur-spf50-melascreen-50-ml\\\/#primaryimage\"},\"image\":{\"@id\":\"https:\\\/\\\/vitablanca.ma\\\/produit\\\/ducray-fluide-antitaches-protecteur-spf50-melascreen-50-ml\\\/#primaryimage\"},\"thumbnailUrl\":\"https:\\\/\\\/vitablanca.ma\\\/wp-content\\\/uploads\\\/2025\\\/06\\\/ducray-melascreen-fluide-protecteur-parapharmacie-maroc-nova.png\",\"datePublished\":\"2025-06-10T16:54:02+00:00\",\"description\":\"Ducray Fluide Antitaches protecteur SPF50+ MELASCREEN 50 ml\",\"breadcrumb\":{\"@id\":\"https:\\\/\\\/vitablanca.ma\\\/produit\\\/ducray-fluide-antitaches-protecteur-spf50-melascreen-50-ml\\\/#breadcrumb\"},\"inLanguage\":\"en-US\",\"potentialAction\":[{\"@type\":\"ReadAction\",\"target\":[\"https:\\\/\\\/vitablanca.ma\\\/produit\\\/ducray-fluide-antitaches-protecteur-spf50-melascreen-50-ml\\\/\"]}]},{\"@type\":\"ImageObject\",\"inLanguage\":\"en-US\",\"@id\":\"https:\\\/\\\/vitablanca.ma\\\/produit\\\/ducray-fluide-antitaches-protecteur-spf50-melascreen-50-ml\\\/#primaryimage\",\"url\":\"https:\\\/\\\/vitablanca.ma\\\/wp-content\\\/uploads\\\/2025\\\/06\\\/ducray-melascreen-fluide-protecteur-parapharmacie-maroc-nova.png\",\"contentUrl\":\"https:\\\/\\\/vitablanca.ma\\\/wp-content\\\/uploads\\\/2025\\\/06\\\/ducray-melascreen-fluide-protecteur-parapharmacie-maroc-nova.png\",\"width\":400,\"height\":400},{\"@type\":\"BreadcrumbList\",\"@id\":\"https:\\\/\\\/vitablanca.ma\\\/produit\\\/ducray-fluide-antitaches-protecteur-spf50-melascreen-50-ml\\\/#breadcrumb\",\"itemListElement\":[{\"@type\":\"ListItem\",\"position\":1,\"name\":\"Home\",\"item\":\"https:\\\/\\\/vitablanca.ma\\\/\"},{\"@type\":\"ListItem\",\"position\":2,\"name\":\"Tous Les Produits\",\"item\":\"https:\\\/\\\/vitablanca.ma\\\/tous-les-produits\\\/\"},{\"@type\":\"ListItem\",\"position\":3,\"name\":\"Ducray Fluide Antitaches protecteur SPF50+ MELASCREEN 50 ml\"}]},{\"@type\":\"WebSite\",\"@id\":\"https:\\\/\\\/vitablanca.ma\\\/#website\",\"url\":\"https:\\\/\\\/vitablanca.ma\\\/\",\"name\":\"VitaBlanca.ma | Compl\u00e9ments alimentaires, sant\u00e9 & beaut\u00e9 au Maroc\",\"description\":\"vendre vitamines et compl\u00e9ments premium des USA &amp; Canada, Nouvelle Z\u00e9lande,Maroc (NOW Foods, Solgar, Manuka). Livraison rapide partout au Maroc.\",\"publisher\":{\"@id\":\"https:\\\/\\\/vitablanca.ma\\\/#organization\"},\"alternateName\":\"VitaBlanca.ma\",\"potentialAction\":[{\"@type\":\"SearchAction\",\"target\":{\"@type\":\"EntryPoint\",\"urlTemplate\":\"https:\\\/\\\/vitablanca.ma\\\/?s={search_term_string}\"},\"query-input\":{\"@type\":\"PropertyValueSpecification\",\"valueRequired\":true,\"valueName\":\"search_term_string\"}}],\"inLanguage\":\"en-US\"},{\"@type\":\"Organization\",\"@id\":\"https:\\\/\\\/vitablanca.ma\\\/#organization\",\"name\":\"VitaBlanca\",\"url\":\"https:\\\/\\\/vitablanca.ma\\\/\",\"logo\":{\"@type\":\"ImageObject\",\"inLanguage\":\"en-US\",\"@id\":\"https:\\\/\\\/vitablanca.ma\\\/#\\\/schema\\\/logo\\\/image\\\/\",\"url\":\"https:\\\/\\\/vitablanca.ma\\\/wp-content\\\/uploads\\\/2025\\\/05\\\/cropped-vitablanca.png\",\"contentUrl\":\"https:\\\/\\\/vitablanca.ma\\\/wp-content\\\/uploads\\\/2025\\\/05\\\/cropped-vitablanca.png\",\"width\":360,\"height\":67,\"caption\":\"VitaBlanca\"},\"image\":{\"@id\":\"https:\\\/\\\/vitablanca.ma\\\/#\\\/schema\\\/logo\\\/image\\\/\"},\"sameAs\":[\"https:\\\/\\\/www.facebook.com\\\/profile.php?id=61576678196717\",\"https:\\\/\\\/www.tiktok.com\\\/@vitablanca.ma\",\"https:\\\/\\\/www.instagram.com\\\/vitablanca.ma\\\/\"]}]}<\/script>\n<!-- \/ Yoast SEO plugin. -->","yoast_head_json":{"title":"Ducray Protective Anti-Stain Fluid SPF50+ MELASCREEN 50 ml - Morocco Price","description":"Ducray Protective Anti-Stain Fluid SPF50+ MELASCREEN 50 ml","robots":{"index":"index","follow":"follow","max-snippet":"max-snippet:-1","max-image-preview":"max-image-preview:large","max-video-preview":"max-video-preview:-1"},"canonical":"https:\/\/vitablanca.ma\/en\/product\/ducray-fluide-antitaches-protecteur-spf50-melascreen-50-ml\/","og_locale":"en_US","og_type":"article","og_title":"Ducray Fluide Antitaches protecteur SPF50+ MELASCREEN 50 ml - Maroc Prix","og_description":"Ducray Fluide Antitaches protecteur SPF50+ MELASCREEN 50 ml","og_url":"https:\/\/vitablanca.ma\/en\/product\/ducray-fluide-antitaches-protecteur-spf50-melascreen-50-ml\/","og_site_name":"Vitablanca.ma &ndash; Sant&eacute;, vitalit&eacute; et bien-&ecirc;tre pour tous les Marocains","article_publisher":"https:\/\/www.facebook.com\/profile.php?id=61576678196717","og_image":[{"width":400,"height":400,"url":"https:\/\/vitablanca.ma\/wp-content\/uploads\/2025\/06\/ducray-melascreen-fluide-protecteur-parapharmacie-maroc-nova.png","type":"image\/png"}],"twitter_card":"summary_large_image","twitter_misc":{"Est. reading time":"2 minutes"},"schema":{"@context":"https:\/\/schema.org","@graph":[{"@type":["WebPage","ItemPage"],"@id":"https:\/\/vitablanca.ma\/produit\/ducray-fluide-antitaches-protecteur-spf50-melascreen-50-ml\/","url":"https:\/\/vitablanca.ma\/produit\/ducray-fluide-antitaches-protecteur-spf50-melascreen-50-ml\/","name":"Ducray Protective Anti-Stain Fluid SPF50+ MELASCREEN 50 ml - Morocco Price","isPartOf":{"@id":"https:\/\/vitablanca.ma\/#website"},"primaryImageOfPage":{"@id":"https:\/\/vitablanca.ma\/produit\/ducray-fluide-antitaches-protecteur-spf50-melascreen-50-ml\/#primaryimage"},"image":{"@id":"https:\/\/vitablanca.ma\/produit\/ducray-fluide-antitaches-protecteur-spf50-melascreen-50-ml\/#primaryimage"},"thumbnailUrl":"https:\/\/vitablanca.ma\/wp-content\/uploads\/2025\/06\/ducray-melascreen-fluide-protecteur-parapharmacie-maroc-nova.png","datePublished":"2025-06-10T16:54:02+00:00","description":"Ducray Protective Anti-Stain Fluid SPF50+ MELASCREEN 50 ml","breadcrumb":{"@id":"https:\/\/vitablanca.ma\/produit\/ducray-fluide-antitaches-protecteur-spf50-melascreen-50-ml\/#breadcrumb"},"inLanguage":"en-US","potentialAction":[{"@type":"ReadAction","target":["https:\/\/vitablanca.ma\/produit\/ducray-fluide-antitaches-protecteur-spf50-melascreen-50-ml\/"]}]},{"@type":"ImageObject","inLanguage":"en-US","@id":"https:\/\/vitablanca.ma\/produit\/ducray-fluide-antitaches-protecteur-spf50-melascreen-50-ml\/#primaryimage","url":"https:\/\/vitablanca.ma\/wp-content\/uploads\/2025\/06\/ducray-melascreen-fluide-protecteur-parapharmacie-maroc-nova.png","contentUrl":"https:\/\/vitablanca.ma\/wp-content\/uploads\/2025\/06\/ducray-melascreen-fluide-protecteur-parapharmacie-maroc-nova.png","width":400,"height":400},{"@type":"BreadcrumbList","@id":"https:\/\/vitablanca.ma\/produit\/ducray-fluide-antitaches-protecteur-spf50-melascreen-50-ml\/#breadcrumb","itemListElement":[{"@type":"ListItem","position":1,"name":"Home","item":"https:\/\/vitablanca.ma\/"},{"@type":"ListItem","position":2,"name":"Tous Les Produits","item":"https:\/\/vitablanca.ma\/tous-les-produits\/"},{"@type":"ListItem","position":3,"name":"Ducray Fluide Antitaches protecteur SPF50+ MELASCREEN 50 ml"}]},{"@type":"WebSite","@id":"https:\/\/vitablanca.ma\/#website","url":"https:\/\/vitablanca.ma\/","name":"VitaBlanca.ma | Food supplements, health &amp; beauty in Morocco","description":"sell premium vitamins and supplements from USA &amp; Canada, New Zealand, Morocco (NOW Foods, Solgar, Manuka). Fast delivery anywhere in Morocco.","publisher":{"@id":"https:\/\/vitablanca.ma\/#organization"},"alternateName":"VitaBlanca.ma","potentialAction":[{"@type":"SearchAction","target":{"@type":"EntryPoint","urlTemplate":"https:\/\/vitablanca.ma\/?s={search_term_string}"},"query-input":{"@type":"PropertyValueSpecification","valueRequired":true,"valueName":"search_term_string"}}],"inLanguage":"en-US"},{"@type":"Organization","@id":"https:\/\/vitablanca.ma\/#organization","name":"VitaBlanca","url":"https:\/\/vitablanca.ma\/","logo":{"@type":"ImageObject","inLanguage":"en-US","@id":"https:\/\/vitablanca.ma\/#\/schema\/logo\/image\/","url":"https:\/\/vitablanca.ma\/wp-content\/uploads\/2025\/05\/cropped-vitablanca.png","contentUrl":"https:\/\/vitablanca.ma\/wp-content\/uploads\/2025\/05\/cropped-vitablanca.png","width":360,"height":67,"caption":"VitaBlanca"},"image":{"@id":"https:\/\/vitablanca.ma\/#\/schema\/logo\/image\/"},"sameAs":["https:\/\/www.facebook.com\/profile.php?id=61576678196717","https:\/\/www.tiktok.com\/@vitablanca.ma","https:\/\/www.instagram.com\/vitablanca.ma\/"]}]}},"jetpack_sharing_enabled":true,"_links":{"self":[{"href":"https:\/\/vitablanca.ma\/en\/wp-json\/wp\/v2\/product\/17147","targetHints":{"allow":["GET"]}}],"collection":[{"href":"https:\/\/vitablanca.ma\/en\/wp-json\/wp\/v2\/product"}],"about":[{"href":"https:\/\/vitablanca.ma\/en\/wp-json\/wp\/v2\/types\/product"}],"wp:featuredmedia":[{"embeddable":true,"href":"https:\/\/vitablanca.ma\/en\/wp-json\/wp\/v2\/media\/17137"}],"wp:attachment":[{"href":"https:\/\/vitablanca.ma\/en\/wp-json\/wp\/v2\/media?parent=17147"}],"wp:term":[{"taxonomy":"product_brand","embeddable":true,"href":"https:\/\/vitablanca.ma\/en\/wp-json\/wp\/v2\/product_brand?post=17147"},{"taxonomy":"product_cat","embeddable":true,"href":"https:\/\/vitablanca.ma\/en\/wp-json\/wp\/v2\/product_cat?post=17147"},{"taxonomy":"product_tag","embeddable":true,"href":"https:\/\/vitablanca.ma\/en\/wp-json\/wp\/v2\/product_tag?post=17147"}],"curies":[{"name":"wp","href":"https:\/\/api.w.org\/{rel}","templated":true}]}}