{"id":17134,"date":"2025-06-10T16:53:53","date_gmt":"2025-06-10T16:53:53","guid":{"rendered":"https:\/\/vitablanca.ma\/product\/ducray-kelual-ds-shampooing-100ml\/"},"modified":"2025-06-10T16:53:53","modified_gmt":"2025-06-10T16:53:53","slug":"ducray-kelual-ds-shampooing-100ml","status":"publish","type":"product","link":"https:\/\/vitablanca.ma\/en\/product\/ducray-kelual-ds-shampooing-100ml\/","title":{"rendered":"Ducray KELUAL DS Shampoo 100ml"},"content":{"rendered":"<h2>Ducray KELUAL DS Anti-Recurrence Scaly Reducing Treatment Shampoo.<\/h2>\n<div class=\"categories-table\">\n<div class=\"categories-row\">\n<div class=\"category-content\">Severe dandruff conditions.<\/div>\n<\/div>\n<div class=\"categories-row\">\n<div class=\"category-content\">Scaly and itchy.<br \/>100ml.<\/div>\n<div class=\"category-content\"><\/div>\n<div class=\"category-content\"><span>KELUAL DS treatment shampoo is indicated for recurrent dandruff conditions associated with redness and intense itching or to support scalps prone to seborrheic dermatitis.<\/span><\/div>\n<div class=\"category-content\">\n<span><\/span>\n<\/div>\n<div class=\"category-content\"><\/div>\n<div class=\"category-content\">\n<div class=\"wrapper_product-collapsible-sections_item_title ellipse-down ellipse-base el-width-150 el-center\">\n<h3 class=\"product-collapsible-sections_item_title\" data-dc-js-cs-role=\"label\">BENEFITS<\/h3>\n<\/div>\n<div class=\"product-collapsible-sections_item_content\" data-dc-js-cs-role=\"content\">\n<div class=\"field-collection-container clearfix\">\n<div class=\"field-collection-view clearfix view-mode-full\">\n<div class=\"product-benefit_item\">LONG-LASTINGLY REMOVES DANDRUFF<br \/>QUICKLY SOOTHES THE SCALP<br \/>IMPROVES QUALITY OF LIFE.<\/div>\n<div class=\"product-benefit_item\"><\/div>\n<div class=\"product-benefit_item\">\n<h4 class=\"product-collapsible-sections_item_subtitle contextual-color\">ABOUT SEVERE DANDRUFF CONDITIONS OR SCALPS PRONE TO SEBORRHEIC DERMATITIS<\/h4>\n<div class=\"product-collapsible-sections_item_subcontent readmore-add-processed\" data-readmore=\"\" aria-expanded=\"true\" id=\"rmjs-1\">\n<p>Irritated and seboscaly skin occurs in areas with the highest concentration of sebaceous glands. This condition is not due to hyperseborrhea, but rather to a skin reaction secondary to the presence of microscopic fungi (Malassezia genus).<\/p>\n<p>They appear as more or less scaly red patches (dead cells), sometimes very irritating, which are located in very specific places:<\/p>\n<ul>\n<li>nasolabial folds<\/li>\n<li>wings of the nose<\/li>\n<li>eyelids and eyebrows<\/li>\n<li>On the scalp, this condition manifests itself as greasy, yellowish dandruff, which covers red patches; these can extend onto the forehead and behind the ears and are frequently accompanied by itching.<\/li>\n<\/ul>\n<h3><span>APPLICATION TIPS<\/span><\/h3>\n<div class=\"tips\">\n<ul class=\"content-tips\">\n<li class=\"first leaf\"><span class=\"desc\">Apply, lather while massaging the scalp, rinse. Reapply, leaving on for 3 minutes, rinse. Attack phase: 3 times per week. 2 weeks. Maintenance phase: 1 time per week.<\/span><\/li>\n<\/ul>\n<h3><span class=\"desc\"><span>PRECAUTIONS FOR USE<\/span><\/span><\/h3>\n<p><span class=\"desc\"><span>Rinse if in eyes.<\/span><\/span><\/p>\n<\/div>\n<\/div>\n<\/div>\n<\/div>\n<\/div>\n<\/div>\n<\/div>\n<\/div>\n<\/div>","protected":false},"excerpt":{"rendered":"<p>Ducray KELUAL DS Shampooing Traitant Squamor\u00e9ducteur Anti-R\u00e9cidives. Etats pelliculaires s\u00e9v\u00e8res. Squames et d\u00e9mangeaisons.100ml. Le shampooing traitant KELUAL DS est indiqu\u00e9 dans les \u00e9tats pelliculaires r\u00e9cidivants associ\u00e9s \u00e0 des rougeurs et d&rsquo;intenses d\u00e9mangeaisons ou en accompagnement des cuirs chevelus sujets \u00e0 la dermite s\u00e9borrh\u00e9ique. B\u00c9N\u00c9FICES ELIMINE DURABLEMENT LES PELLICULESAPAISE RAPIDEMENT LE CUIR CHEVELUAMELIORE LA QUALITE DE [&hellip;]<\/p>\n","protected":false},"featured_media":17122,"template":"","meta":{"om_disable_all_campaigns":false},"product_brand":[],"product_cat":[15],"product_tag":[],"class_list":{"0":"post-17134","1":"product","2":"type-product","3":"status-publish","4":"has-post-thumbnail","6":"product_cat-beaute-sante-complements-alimentaires-soins-et-bien-etre-au-meilleur-prix","8":"first","9":"instock","10":"sale","11":"taxable","12":"shipping-taxable","13":"purchasable","14":"product-type-simple"},"yoast_head":"<!-- This site is optimized with the Yoast SEO plugin v27.3 - https:\/\/yoast.com\/product\/yoast-seo-wordpress\/ -->\n<title>Ducray KELUAL DS Shampooing 100ml - Maroc Prix<\/title>\n<meta name=\"description\" content=\"Ducray KELUAL DS Shampooing 100ml\" \/>\n<meta name=\"robots\" content=\"index, follow, max-snippet:-1, max-image-preview:large, max-video-preview:-1\" \/>\n<link rel=\"canonical\" href=\"https:\/\/vitablanca.ma\/en\/product\/ducray-kelual-ds-shampooing-100ml\/\" \/>\n<meta property=\"og:locale\" content=\"en_US\" \/>\n<meta property=\"og:type\" content=\"article\" \/>\n<meta property=\"og:title\" content=\"Ducray KELUAL DS Shampooing 100ml - Maroc Prix\" \/>\n<meta property=\"og:description\" content=\"Ducray KELUAL DS Shampooing 100ml\" \/>\n<meta property=\"og:url\" content=\"https:\/\/vitablanca.ma\/en\/product\/ducray-kelual-ds-shampooing-100ml\/\" \/>\n<meta property=\"og:site_name\" content=\"Vitablanca.ma &ndash; Sant&eacute;, vitalit&eacute; et bien-&ecirc;tre pour tous les Marocains\" \/>\n<meta property=\"article:publisher\" content=\"https:\/\/www.facebook.com\/profile.php?id=61576678196717\" \/>\n<meta property=\"og:image\" content=\"https:\/\/vitablanca.ma\/wp-content\/uploads\/2025\/06\/Ducray-KELUAL-DS-Shampooing-100ml-nova-parapharmacie-casablanca.jpg\" \/>\n\t<meta property=\"og:image:width\" content=\"1000\" \/>\n\t<meta property=\"og:image:height\" content=\"1000\" \/>\n\t<meta property=\"og:image:type\" content=\"image\/jpeg\" \/>\n<meta name=\"twitter:card\" content=\"summary_large_image\" \/>\n<meta name=\"twitter:label1\" content=\"Est. reading time\" \/>\n\t<meta name=\"twitter:data1\" content=\"1 minute\" \/>\n<script type=\"application\/ld+json\" class=\"yoast-schema-graph\">{\"@context\":\"https:\\\/\\\/schema.org\",\"@graph\":[{\"@type\":[\"WebPage\",\"ItemPage\"],\"@id\":\"https:\\\/\\\/vitablanca.ma\\\/produit\\\/ducray-kelual-ds-shampooing-100ml\\\/\",\"url\":\"https:\\\/\\\/vitablanca.ma\\\/produit\\\/ducray-kelual-ds-shampooing-100ml\\\/\",\"name\":\"Ducray KELUAL DS Shampooing 100ml - Maroc Prix\",\"isPartOf\":{\"@id\":\"https:\\\/\\\/vitablanca.ma\\\/#website\"},\"primaryImageOfPage\":{\"@id\":\"https:\\\/\\\/vitablanca.ma\\\/produit\\\/ducray-kelual-ds-shampooing-100ml\\\/#primaryimage\"},\"image\":{\"@id\":\"https:\\\/\\\/vitablanca.ma\\\/produit\\\/ducray-kelual-ds-shampooing-100ml\\\/#primaryimage\"},\"thumbnailUrl\":\"https:\\\/\\\/vitablanca.ma\\\/wp-content\\\/uploads\\\/2025\\\/06\\\/Ducray-KELUAL-DS-Shampooing-100ml-nova-parapharmacie-casablanca.jpg\",\"datePublished\":\"2025-06-10T16:53:53+00:00\",\"description\":\"Ducray KELUAL DS Shampooing 100ml\",\"breadcrumb\":{\"@id\":\"https:\\\/\\\/vitablanca.ma\\\/produit\\\/ducray-kelual-ds-shampooing-100ml\\\/#breadcrumb\"},\"inLanguage\":\"en-US\",\"potentialAction\":[{\"@type\":\"ReadAction\",\"target\":[\"https:\\\/\\\/vitablanca.ma\\\/produit\\\/ducray-kelual-ds-shampooing-100ml\\\/\"]}]},{\"@type\":\"ImageObject\",\"inLanguage\":\"en-US\",\"@id\":\"https:\\\/\\\/vitablanca.ma\\\/produit\\\/ducray-kelual-ds-shampooing-100ml\\\/#primaryimage\",\"url\":\"https:\\\/\\\/vitablanca.ma\\\/wp-content\\\/uploads\\\/2025\\\/06\\\/Ducray-KELUAL-DS-Shampooing-100ml-nova-parapharmacie-casablanca.jpg\",\"contentUrl\":\"https:\\\/\\\/vitablanca.ma\\\/wp-content\\\/uploads\\\/2025\\\/06\\\/Ducray-KELUAL-DS-Shampooing-100ml-nova-parapharmacie-casablanca.jpg\",\"width\":1000,\"height\":1000},{\"@type\":\"BreadcrumbList\",\"@id\":\"https:\\\/\\\/vitablanca.ma\\\/produit\\\/ducray-kelual-ds-shampooing-100ml\\\/#breadcrumb\",\"itemListElement\":[{\"@type\":\"ListItem\",\"position\":1,\"name\":\"Home\",\"item\":\"https:\\\/\\\/vitablanca.ma\\\/\"},{\"@type\":\"ListItem\",\"position\":2,\"name\":\"Tous Les Produits\",\"item\":\"https:\\\/\\\/vitablanca.ma\\\/tous-les-produits\\\/\"},{\"@type\":\"ListItem\",\"position\":3,\"name\":\"Ducray KELUAL DS Shampooing 100ml\"}]},{\"@type\":\"WebSite\",\"@id\":\"https:\\\/\\\/vitablanca.ma\\\/#website\",\"url\":\"https:\\\/\\\/vitablanca.ma\\\/\",\"name\":\"VitaBlanca.ma | Compl\u00e9ments alimentaires, sant\u00e9 & beaut\u00e9 au Maroc\",\"description\":\"vendre vitamines et compl\u00e9ments premium des USA &amp; Canada, Nouvelle Z\u00e9lande,Maroc (NOW Foods, Solgar, Manuka). Livraison rapide partout au Maroc.\",\"publisher\":{\"@id\":\"https:\\\/\\\/vitablanca.ma\\\/#organization\"},\"alternateName\":\"VitaBlanca.ma\",\"potentialAction\":[{\"@type\":\"SearchAction\",\"target\":{\"@type\":\"EntryPoint\",\"urlTemplate\":\"https:\\\/\\\/vitablanca.ma\\\/?s={search_term_string}\"},\"query-input\":{\"@type\":\"PropertyValueSpecification\",\"valueRequired\":true,\"valueName\":\"search_term_string\"}}],\"inLanguage\":\"en-US\"},{\"@type\":\"Organization\",\"@id\":\"https:\\\/\\\/vitablanca.ma\\\/#organization\",\"name\":\"VitaBlanca\",\"url\":\"https:\\\/\\\/vitablanca.ma\\\/\",\"logo\":{\"@type\":\"ImageObject\",\"inLanguage\":\"en-US\",\"@id\":\"https:\\\/\\\/vitablanca.ma\\\/#\\\/schema\\\/logo\\\/image\\\/\",\"url\":\"https:\\\/\\\/vitablanca.ma\\\/wp-content\\\/uploads\\\/2025\\\/05\\\/cropped-vitablanca.png\",\"contentUrl\":\"https:\\\/\\\/vitablanca.ma\\\/wp-content\\\/uploads\\\/2025\\\/05\\\/cropped-vitablanca.png\",\"width\":360,\"height\":67,\"caption\":\"VitaBlanca\"},\"image\":{\"@id\":\"https:\\\/\\\/vitablanca.ma\\\/#\\\/schema\\\/logo\\\/image\\\/\"},\"sameAs\":[\"https:\\\/\\\/www.facebook.com\\\/profile.php?id=61576678196717\",\"https:\\\/\\\/www.tiktok.com\\\/@vitablanca.ma\",\"https:\\\/\\\/www.instagram.com\\\/vitablanca.ma\\\/\"]}]}<\/script>\n<!-- \/ Yoast SEO plugin. -->","yoast_head_json":{"title":"Ducray KELUAL DS Shampoo 100ml - Morocco Price","description":"Ducray KELUAL DS Shampoo 100ml","robots":{"index":"index","follow":"follow","max-snippet":"max-snippet:-1","max-image-preview":"max-image-preview:large","max-video-preview":"max-video-preview:-1"},"canonical":"https:\/\/vitablanca.ma\/en\/product\/ducray-kelual-ds-shampooing-100ml\/","og_locale":"en_US","og_type":"article","og_title":"Ducray KELUAL DS Shampooing 100ml - Maroc Prix","og_description":"Ducray KELUAL DS Shampooing 100ml","og_url":"https:\/\/vitablanca.ma\/en\/product\/ducray-kelual-ds-shampooing-100ml\/","og_site_name":"Vitablanca.ma &ndash; Sant&eacute;, vitalit&eacute; et bien-&ecirc;tre pour tous les Marocains","article_publisher":"https:\/\/www.facebook.com\/profile.php?id=61576678196717","og_image":[{"width":1000,"height":1000,"url":"https:\/\/vitablanca.ma\/wp-content\/uploads\/2025\/06\/Ducray-KELUAL-DS-Shampooing-100ml-nova-parapharmacie-casablanca.jpg","type":"image\/jpeg"}],"twitter_card":"summary_large_image","twitter_misc":{"Est. reading time":"1 minute"},"schema":{"@context":"https:\/\/schema.org","@graph":[{"@type":["WebPage","ItemPage"],"@id":"https:\/\/vitablanca.ma\/produit\/ducray-kelual-ds-shampooing-100ml\/","url":"https:\/\/vitablanca.ma\/produit\/ducray-kelual-ds-shampooing-100ml\/","name":"Ducray KELUAL DS Shampoo 100ml - Morocco Price","isPartOf":{"@id":"https:\/\/vitablanca.ma\/#website"},"primaryImageOfPage":{"@id":"https:\/\/vitablanca.ma\/produit\/ducray-kelual-ds-shampooing-100ml\/#primaryimage"},"image":{"@id":"https:\/\/vitablanca.ma\/produit\/ducray-kelual-ds-shampooing-100ml\/#primaryimage"},"thumbnailUrl":"https:\/\/vitablanca.ma\/wp-content\/uploads\/2025\/06\/Ducray-KELUAL-DS-Shampooing-100ml-nova-parapharmacie-casablanca.jpg","datePublished":"2025-06-10T16:53:53+00:00","description":"Ducray KELUAL DS Shampoo 100ml","breadcrumb":{"@id":"https:\/\/vitablanca.ma\/produit\/ducray-kelual-ds-shampooing-100ml\/#breadcrumb"},"inLanguage":"en-US","potentialAction":[{"@type":"ReadAction","target":["https:\/\/vitablanca.ma\/produit\/ducray-kelual-ds-shampooing-100ml\/"]}]},{"@type":"ImageObject","inLanguage":"en-US","@id":"https:\/\/vitablanca.ma\/produit\/ducray-kelual-ds-shampooing-100ml\/#primaryimage","url":"https:\/\/vitablanca.ma\/wp-content\/uploads\/2025\/06\/Ducray-KELUAL-DS-Shampooing-100ml-nova-parapharmacie-casablanca.jpg","contentUrl":"https:\/\/vitablanca.ma\/wp-content\/uploads\/2025\/06\/Ducray-KELUAL-DS-Shampooing-100ml-nova-parapharmacie-casablanca.jpg","width":1000,"height":1000},{"@type":"BreadcrumbList","@id":"https:\/\/vitablanca.ma\/produit\/ducray-kelual-ds-shampooing-100ml\/#breadcrumb","itemListElement":[{"@type":"ListItem","position":1,"name":"Home","item":"https:\/\/vitablanca.ma\/"},{"@type":"ListItem","position":2,"name":"Tous Les Produits","item":"https:\/\/vitablanca.ma\/tous-les-produits\/"},{"@type":"ListItem","position":3,"name":"Ducray KELUAL DS Shampooing 100ml"}]},{"@type":"WebSite","@id":"https:\/\/vitablanca.ma\/#website","url":"https:\/\/vitablanca.ma\/","name":"VitaBlanca.ma | Food supplements, health &amp; beauty in Morocco","description":"sell premium vitamins and supplements from USA &amp; Canada, New Zealand, Morocco (NOW Foods, Solgar, Manuka). Fast delivery anywhere in Morocco.","publisher":{"@id":"https:\/\/vitablanca.ma\/#organization"},"alternateName":"VitaBlanca.ma","potentialAction":[{"@type":"SearchAction","target":{"@type":"EntryPoint","urlTemplate":"https:\/\/vitablanca.ma\/?s={search_term_string}"},"query-input":{"@type":"PropertyValueSpecification","valueRequired":true,"valueName":"search_term_string"}}],"inLanguage":"en-US"},{"@type":"Organization","@id":"https:\/\/vitablanca.ma\/#organization","name":"VitaBlanca","url":"https:\/\/vitablanca.ma\/","logo":{"@type":"ImageObject","inLanguage":"en-US","@id":"https:\/\/vitablanca.ma\/#\/schema\/logo\/image\/","url":"https:\/\/vitablanca.ma\/wp-content\/uploads\/2025\/05\/cropped-vitablanca.png","contentUrl":"https:\/\/vitablanca.ma\/wp-content\/uploads\/2025\/05\/cropped-vitablanca.png","width":360,"height":67,"caption":"VitaBlanca"},"image":{"@id":"https:\/\/vitablanca.ma\/#\/schema\/logo\/image\/"},"sameAs":["https:\/\/www.facebook.com\/profile.php?id=61576678196717","https:\/\/www.tiktok.com\/@vitablanca.ma","https:\/\/www.instagram.com\/vitablanca.ma\/"]}]}},"jetpack_sharing_enabled":true,"_links":{"self":[{"href":"https:\/\/vitablanca.ma\/en\/wp-json\/wp\/v2\/product\/17134","targetHints":{"allow":["GET"]}}],"collection":[{"href":"https:\/\/vitablanca.ma\/en\/wp-json\/wp\/v2\/product"}],"about":[{"href":"https:\/\/vitablanca.ma\/en\/wp-json\/wp\/v2\/types\/product"}],"wp:featuredmedia":[{"embeddable":true,"href":"https:\/\/vitablanca.ma\/en\/wp-json\/wp\/v2\/media\/17122"}],"wp:attachment":[{"href":"https:\/\/vitablanca.ma\/en\/wp-json\/wp\/v2\/media?parent=17134"}],"wp:term":[{"taxonomy":"product_brand","embeddable":true,"href":"https:\/\/vitablanca.ma\/en\/wp-json\/wp\/v2\/product_brand?post=17134"},{"taxonomy":"product_cat","embeddable":true,"href":"https:\/\/vitablanca.ma\/en\/wp-json\/wp\/v2\/product_cat?post=17134"},{"taxonomy":"product_tag","embeddable":true,"href":"https:\/\/vitablanca.ma\/en\/wp-json\/wp\/v2\/product_tag?post=17134"}],"curies":[{"name":"wp","href":"https:\/\/api.w.org\/{rel}","templated":true}]}}