{"id":17131,"date":"2025-06-10T16:53:52","date_gmt":"2025-06-10T16:53:52","guid":{"rendered":"https:\/\/vitablanca.ma\/product\/dodie-2-sucettes-anatomique-jour-et-nuit-fleurs-danseuse-18m-a47\/"},"modified":"2025-06-10T16:53:52","modified_gmt":"2025-06-10T16:53:52","slug":"dodie-2-sucettes-anatomique-jour-et-nuit-fleurs-danseuse-18m-a47","status":"publish","type":"product","link":"https:\/\/vitablanca.ma\/en\/product\/dodie-2-sucettes-anatomique-jour-et-nuit-fleurs-danseuse-18m-a47\/","title":{"rendered":"Dodie 2 Anatomical Pacifiers Day and Night Flowers\/Dancer +18m A47"},"content":{"rendered":"<h2>Dodie 2 Anatomical Pacifiers Day and Night Flowers\/Dancer +18m A47 for babies.<\/h2>\n<p data-mce-fragment=\"1\"><span data-mce-fragment=\"1\">Set of 2 pacifiers with anatomical teats, to ensure the proper development of babies&#039; mouths and to soothe them.<\/span><\/p>\n<p data-mce-fragment=\"1\"><strong data-mce-fragment=\"1\"><span data-mce-fragment=\"1\">Set of 2 anatomical pacifiers, Love My Planet design, for babies aged 18 months and over<br data-mce-fragment=\"1\"><\/span><\/strong><br data-mce-fragment=\"1\">These pacifiers, which pay homage to our planet, will delight you as much as babies! They are specially designed for babies from 0 to 6 months to satisfy their natural need to suck, all thanks to a silicone teat.<br data-mce-fragment=\"1\">Designed with experts, they offer soothing and comfort to babies.<\/p>\n<ul data-mce-fragment=\"1\">\n<li data-mce-fragment=\"1\">Anatomical, reversible shape for guaranteed good positioning<\/li>\n<li data-mce-fragment=\"1\">Thin silicone nipple promoting the healthy development of your baby&#039;s mouth.<\/li>\n<li data-mce-fragment=\"1\">Shield with ventilation holes to reduce the risk of irritation to your baby&#039;s skin<\/li>\n<li data-mce-fragment=\"1\">Tritan shield, a comfortable and lightweight material for easy fit in your baby&#039;s mouth<\/li>\n<\/ul>\n<h3 aria-expanded=\"true\" aria-controls=\"usage-tips\" data-collapsible=\"true\" role=\"tab\" id=\"tab-label-usage-tips\" data-role=\"collapsible\" class=\"data item title allow active\" data-mce-fragment=\"1\" data-mce-tabindex=\"0\">Directions for use<\/h3>\n<div aria-hidden=\"false\" role=\"tabpanel\" data-role=\"content\" id=\"usage-tips\" aria-labelledby=\"tab-label-usage-tips\" class=\"data item content\" data-mce-fragment=\"1\">\n<div class=\"product attribute usage-tips\" data-mce-fragment=\"1\">\n<strong class=\"type\" data-mce-fragment=\"1\"><\/strong><\/p>\n<div class=\"value\" data-mce-fragment=\"1\">\n<div data-element=\"main\" data-appearance=\"contained\" data-content-type=\"row\" data-mce-fragment=\"1\">\n<div data-element=\"inner\" data-background-images=\"{}\" data-parallax-speed=\"0.5\" data-enable-parallax=\"0\" data-mce-fragment=\"1\">\n<div data-element=\"main\" data-appearance=\"default\" data-content-type=\"text\" data-mce-fragment=\"1\">\n<p data-mce-fragment=\"1\">\u2013 Before first use, keep the pacifier immersed in boiling water for 5 minutes, then let it cool. Or sterilize cold using Dodie sterilization tablets.<br data-mce-fragment=\"1\">\u2013 Squeeze the teat to remove any water it may contain. This is for hygiene reasons.<br data-mce-fragment=\"1\">\u2013 Before each use, clean the pacifier with warm soapy water then rinse.<br data-mce-fragment=\"1\">\u2013 Never give your child a pacifier whose teat has been dipped in food or medicinal substances (risk of tooth decay and ingestion).<br data-mce-fragment=\"1\">\u2013 Replace the pacifier every six weeks for hygiene and safety reasons.<br data-mce-fragment=\"1\"><br data-mce-fragment=\"1\"><strong data-mce-fragment=\"1\">For your child&#039;s safety, WARNING!<\/strong><br data-mce-fragment=\"1\">\u2013 Before each use, carefully examine the pacifier. Pull the pacifier in all directions. Discard it at the slightest sign of deterioration or fragility.<br data-mce-fragment=\"1\">\u2013 Only use pacifier clips that comply with EN12586. Never attach ribbon or string to the pacifier, as your child could strangle themselves.<br data-mce-fragment=\"1\">\u2013 Do not leave the pacifier in a sterilizing solution longer than the recommended time as this could weaken the teat.<br data-mce-fragment=\"1\">\u2013 Do not expose the pacifier directly to sunlight or near a heat source.<br data-mce-fragment=\"1\">\u2013 If the pacifier gets stuck in your child&#039;s mouth, DO NOT PANIC, it is designed to prevent swallowing and to prevent this from happening. Remove it from your child&#039;s mouth carefully and as gently as possible.<\/p>\n<\/div>\n<\/div>\n<\/div>\n<\/div>\n<\/div>\n<\/div>","protected":false},"excerpt":{"rendered":"<p>Dodie 2 Sucettes Anatomique Jour et Nuit Fleurs\/Danseuse +18m A47\u00a0pour b\u00e9b\u00e9s. Lot de 2 sucettes \u00e0 t\u00e9tine anatomique, pour assurer le bon d\u00e9veloppement de la bouche des b\u00e9b\u00e9s et les apaiser. Lot de 2 sucettes anatomiques, motif Love My Planet, pour les b\u00e9b\u00e9s de\u00a0+18 moisCes sucettes, qui rendent hommage \u00e0 notre plan\u00e8te, vous s\u00e9duiront autant [&hellip;]<\/p>\n","protected":false},"featured_media":17129,"template":"","meta":{"om_disable_all_campaigns":false},"product_brand":[],"product_cat":[15],"product_tag":[],"class_list":{"0":"post-17131","1":"product","2":"type-product","3":"status-publish","4":"has-post-thumbnail","6":"product_cat-beaute-sante-complements-alimentaires-soins-et-bien-etre-au-meilleur-prix","8":"first","9":"instock","10":"sale","11":"taxable","12":"shipping-taxable","13":"purchasable","14":"product-type-simple"},"yoast_head":"<!-- This site is optimized with the Yoast SEO plugin v27.3 - https:\/\/yoast.com\/product\/yoast-seo-wordpress\/ -->\n<title>Dodie 2 Sucettes Anatomique Jour et Nuit Fleurs\/Danseuse +18m A47 - Maroc Prix<\/title>\n<meta name=\"description\" content=\"Dodie 2 Sucettes Anatomique Jour et Nuit Fleurs\/Danseuse +18m A47\" \/>\n<meta name=\"robots\" content=\"index, follow, max-snippet:-1, max-image-preview:large, max-video-preview:-1\" \/>\n<link rel=\"canonical\" href=\"https:\/\/vitablanca.ma\/en\/product\/dodie-2-sucettes-anatomique-jour-et-nuit-fleurs-danseuse-18m-a47\/\" \/>\n<meta property=\"og:locale\" content=\"en_US\" \/>\n<meta property=\"og:type\" content=\"article\" \/>\n<meta property=\"og:title\" content=\"Dodie 2 Sucettes Anatomique Jour et Nuit Fleurs\/Danseuse +18m A47 - Maroc Prix\" \/>\n<meta property=\"og:description\" content=\"Dodie 2 Sucettes Anatomique Jour et Nuit Fleurs\/Danseuse +18m A47\" \/>\n<meta property=\"og:url\" content=\"https:\/\/vitablanca.ma\/en\/product\/dodie-2-sucettes-anatomique-jour-et-nuit-fleurs-danseuse-18m-a47\/\" \/>\n<meta property=\"og:site_name\" content=\"Vitablanca.ma &ndash; Sant&eacute;, vitalit&eacute; et bien-&ecirc;tre pour tous les Marocains\" \/>\n<meta property=\"article:publisher\" content=\"https:\/\/www.facebook.com\/profile.php?id=61576678196717\" \/>\n<meta property=\"og:image\" content=\"https:\/\/vitablanca.ma\/wp-content\/uploads\/2025\/06\/Dodie-2-Sucettes-Anatomique-Jour-et-Nuit-Fleurs-Danseuse-_18m-A47-nova-parapharmacie-casablanca.jpg\" \/>\n\t<meta property=\"og:image:width\" content=\"1000\" \/>\n\t<meta property=\"og:image:height\" content=\"1000\" \/>\n\t<meta property=\"og:image:type\" content=\"image\/jpeg\" \/>\n<meta name=\"twitter:card\" content=\"summary_large_image\" \/>\n<meta name=\"twitter:label1\" content=\"Est. reading time\" \/>\n\t<meta name=\"twitter:data1\" content=\"2 minutes\" \/>\n<script type=\"application\/ld+json\" class=\"yoast-schema-graph\">{\"@context\":\"https:\\\/\\\/schema.org\",\"@graph\":[{\"@type\":[\"WebPage\",\"ItemPage\"],\"@id\":\"https:\\\/\\\/vitablanca.ma\\\/produit\\\/dodie-2-sucettes-anatomique-jour-et-nuit-fleurs-danseuse-18m-a47\\\/\",\"url\":\"https:\\\/\\\/vitablanca.ma\\\/produit\\\/dodie-2-sucettes-anatomique-jour-et-nuit-fleurs-danseuse-18m-a47\\\/\",\"name\":\"Dodie 2 Sucettes Anatomique Jour et Nuit Fleurs\\\/Danseuse +18m A47 - Maroc Prix\",\"isPartOf\":{\"@id\":\"https:\\\/\\\/vitablanca.ma\\\/#website\"},\"primaryImageOfPage\":{\"@id\":\"https:\\\/\\\/vitablanca.ma\\\/produit\\\/dodie-2-sucettes-anatomique-jour-et-nuit-fleurs-danseuse-18m-a47\\\/#primaryimage\"},\"image\":{\"@id\":\"https:\\\/\\\/vitablanca.ma\\\/produit\\\/dodie-2-sucettes-anatomique-jour-et-nuit-fleurs-danseuse-18m-a47\\\/#primaryimage\"},\"thumbnailUrl\":\"https:\\\/\\\/vitablanca.ma\\\/wp-content\\\/uploads\\\/2025\\\/06\\\/Dodie-2-Sucettes-Anatomique-Jour-et-Nuit-Fleurs-Danseuse-_18m-A47-nova-parapharmacie-casablanca.jpg\",\"datePublished\":\"2025-06-10T16:53:52+00:00\",\"description\":\"Dodie 2 Sucettes Anatomique Jour et Nuit Fleurs\\\/Danseuse +18m A47\",\"breadcrumb\":{\"@id\":\"https:\\\/\\\/vitablanca.ma\\\/produit\\\/dodie-2-sucettes-anatomique-jour-et-nuit-fleurs-danseuse-18m-a47\\\/#breadcrumb\"},\"inLanguage\":\"en-US\",\"potentialAction\":[{\"@type\":\"ReadAction\",\"target\":[\"https:\\\/\\\/vitablanca.ma\\\/produit\\\/dodie-2-sucettes-anatomique-jour-et-nuit-fleurs-danseuse-18m-a47\\\/\"]}]},{\"@type\":\"ImageObject\",\"inLanguage\":\"en-US\",\"@id\":\"https:\\\/\\\/vitablanca.ma\\\/produit\\\/dodie-2-sucettes-anatomique-jour-et-nuit-fleurs-danseuse-18m-a47\\\/#primaryimage\",\"url\":\"https:\\\/\\\/vitablanca.ma\\\/wp-content\\\/uploads\\\/2025\\\/06\\\/Dodie-2-Sucettes-Anatomique-Jour-et-Nuit-Fleurs-Danseuse-_18m-A47-nova-parapharmacie-casablanca.jpg\",\"contentUrl\":\"https:\\\/\\\/vitablanca.ma\\\/wp-content\\\/uploads\\\/2025\\\/06\\\/Dodie-2-Sucettes-Anatomique-Jour-et-Nuit-Fleurs-Danseuse-_18m-A47-nova-parapharmacie-casablanca.jpg\",\"width\":1000,\"height\":1000},{\"@type\":\"BreadcrumbList\",\"@id\":\"https:\\\/\\\/vitablanca.ma\\\/produit\\\/dodie-2-sucettes-anatomique-jour-et-nuit-fleurs-danseuse-18m-a47\\\/#breadcrumb\",\"itemListElement\":[{\"@type\":\"ListItem\",\"position\":1,\"name\":\"Home\",\"item\":\"https:\\\/\\\/vitablanca.ma\\\/\"},{\"@type\":\"ListItem\",\"position\":2,\"name\":\"Tous Les Produits\",\"item\":\"https:\\\/\\\/vitablanca.ma\\\/tous-les-produits\\\/\"},{\"@type\":\"ListItem\",\"position\":3,\"name\":\"Dodie 2 Sucettes Anatomique Jour et Nuit Fleurs\\\/Danseuse +18m A47\"}]},{\"@type\":\"WebSite\",\"@id\":\"https:\\\/\\\/vitablanca.ma\\\/#website\",\"url\":\"https:\\\/\\\/vitablanca.ma\\\/\",\"name\":\"VitaBlanca.ma | Compl\u00e9ments alimentaires, sant\u00e9 & beaut\u00e9 au Maroc\",\"description\":\"vendre vitamines et compl\u00e9ments premium des USA &amp; Canada, Nouvelle Z\u00e9lande,Maroc (NOW Foods, Solgar, Manuka). Livraison rapide partout au Maroc.\",\"publisher\":{\"@id\":\"https:\\\/\\\/vitablanca.ma\\\/#organization\"},\"alternateName\":\"VitaBlanca.ma\",\"potentialAction\":[{\"@type\":\"SearchAction\",\"target\":{\"@type\":\"EntryPoint\",\"urlTemplate\":\"https:\\\/\\\/vitablanca.ma\\\/?s={search_term_string}\"},\"query-input\":{\"@type\":\"PropertyValueSpecification\",\"valueRequired\":true,\"valueName\":\"search_term_string\"}}],\"inLanguage\":\"en-US\"},{\"@type\":\"Organization\",\"@id\":\"https:\\\/\\\/vitablanca.ma\\\/#organization\",\"name\":\"VitaBlanca\",\"url\":\"https:\\\/\\\/vitablanca.ma\\\/\",\"logo\":{\"@type\":\"ImageObject\",\"inLanguage\":\"en-US\",\"@id\":\"https:\\\/\\\/vitablanca.ma\\\/#\\\/schema\\\/logo\\\/image\\\/\",\"url\":\"https:\\\/\\\/vitablanca.ma\\\/wp-content\\\/uploads\\\/2025\\\/05\\\/cropped-vitablanca.png\",\"contentUrl\":\"https:\\\/\\\/vitablanca.ma\\\/wp-content\\\/uploads\\\/2025\\\/05\\\/cropped-vitablanca.png\",\"width\":360,\"height\":67,\"caption\":\"VitaBlanca\"},\"image\":{\"@id\":\"https:\\\/\\\/vitablanca.ma\\\/#\\\/schema\\\/logo\\\/image\\\/\"},\"sameAs\":[\"https:\\\/\\\/www.facebook.com\\\/profile.php?id=61576678196717\",\"https:\\\/\\\/www.tiktok.com\\\/@vitablanca.ma\",\"https:\\\/\\\/www.instagram.com\\\/vitablanca.ma\\\/\"]}]}<\/script>\n<!-- \/ Yoast SEO plugin. -->","yoast_head_json":{"title":"Dodie 2 Anatomical Pacifiers Day and Night Flowers\/Dancer +18m A47 - Morocco Price","description":"Dodie 2 Anatomical Pacifiers Day and Night Flowers\/Dancer +18m A47","robots":{"index":"index","follow":"follow","max-snippet":"max-snippet:-1","max-image-preview":"max-image-preview:large","max-video-preview":"max-video-preview:-1"},"canonical":"https:\/\/vitablanca.ma\/en\/product\/dodie-2-sucettes-anatomique-jour-et-nuit-fleurs-danseuse-18m-a47\/","og_locale":"en_US","og_type":"article","og_title":"Dodie 2 Sucettes Anatomique Jour et Nuit Fleurs\/Danseuse +18m A47 - Maroc Prix","og_description":"Dodie 2 Sucettes Anatomique Jour et Nuit Fleurs\/Danseuse +18m A47","og_url":"https:\/\/vitablanca.ma\/en\/product\/dodie-2-sucettes-anatomique-jour-et-nuit-fleurs-danseuse-18m-a47\/","og_site_name":"Vitablanca.ma &ndash; Sant&eacute;, vitalit&eacute; et bien-&ecirc;tre pour tous les Marocains","article_publisher":"https:\/\/www.facebook.com\/profile.php?id=61576678196717","og_image":[{"width":1000,"height":1000,"url":"https:\/\/vitablanca.ma\/wp-content\/uploads\/2025\/06\/Dodie-2-Sucettes-Anatomique-Jour-et-Nuit-Fleurs-Danseuse-_18m-A47-nova-parapharmacie-casablanca.jpg","type":"image\/jpeg"}],"twitter_card":"summary_large_image","twitter_misc":{"Est. reading time":"2 minutes"},"schema":{"@context":"https:\/\/schema.org","@graph":[{"@type":["WebPage","ItemPage"],"@id":"https:\/\/vitablanca.ma\/produit\/dodie-2-sucettes-anatomique-jour-et-nuit-fleurs-danseuse-18m-a47\/","url":"https:\/\/vitablanca.ma\/produit\/dodie-2-sucettes-anatomique-jour-et-nuit-fleurs-danseuse-18m-a47\/","name":"Dodie 2 Anatomical Pacifiers Day and Night Flowers\/Dancer +18m A47 - Morocco Price","isPartOf":{"@id":"https:\/\/vitablanca.ma\/#website"},"primaryImageOfPage":{"@id":"https:\/\/vitablanca.ma\/produit\/dodie-2-sucettes-anatomique-jour-et-nuit-fleurs-danseuse-18m-a47\/#primaryimage"},"image":{"@id":"https:\/\/vitablanca.ma\/produit\/dodie-2-sucettes-anatomique-jour-et-nuit-fleurs-danseuse-18m-a47\/#primaryimage"},"thumbnailUrl":"https:\/\/vitablanca.ma\/wp-content\/uploads\/2025\/06\/Dodie-2-Sucettes-Anatomique-Jour-et-Nuit-Fleurs-Danseuse-_18m-A47-nova-parapharmacie-casablanca.jpg","datePublished":"2025-06-10T16:53:52+00:00","description":"Dodie 2 Anatomical Pacifiers Day and Night Flowers\/Dancer +18m A47","breadcrumb":{"@id":"https:\/\/vitablanca.ma\/produit\/dodie-2-sucettes-anatomique-jour-et-nuit-fleurs-danseuse-18m-a47\/#breadcrumb"},"inLanguage":"en-US","potentialAction":[{"@type":"ReadAction","target":["https:\/\/vitablanca.ma\/produit\/dodie-2-sucettes-anatomique-jour-et-nuit-fleurs-danseuse-18m-a47\/"]}]},{"@type":"ImageObject","inLanguage":"en-US","@id":"https:\/\/vitablanca.ma\/produit\/dodie-2-sucettes-anatomique-jour-et-nuit-fleurs-danseuse-18m-a47\/#primaryimage","url":"https:\/\/vitablanca.ma\/wp-content\/uploads\/2025\/06\/Dodie-2-Sucettes-Anatomique-Jour-et-Nuit-Fleurs-Danseuse-_18m-A47-nova-parapharmacie-casablanca.jpg","contentUrl":"https:\/\/vitablanca.ma\/wp-content\/uploads\/2025\/06\/Dodie-2-Sucettes-Anatomique-Jour-et-Nuit-Fleurs-Danseuse-_18m-A47-nova-parapharmacie-casablanca.jpg","width":1000,"height":1000},{"@type":"BreadcrumbList","@id":"https:\/\/vitablanca.ma\/produit\/dodie-2-sucettes-anatomique-jour-et-nuit-fleurs-danseuse-18m-a47\/#breadcrumb","itemListElement":[{"@type":"ListItem","position":1,"name":"Home","item":"https:\/\/vitablanca.ma\/"},{"@type":"ListItem","position":2,"name":"Tous Les Produits","item":"https:\/\/vitablanca.ma\/tous-les-produits\/"},{"@type":"ListItem","position":3,"name":"Dodie 2 Sucettes Anatomique Jour et Nuit Fleurs\/Danseuse +18m A47"}]},{"@type":"WebSite","@id":"https:\/\/vitablanca.ma\/#website","url":"https:\/\/vitablanca.ma\/","name":"VitaBlanca.ma | Food supplements, health &amp; beauty in Morocco","description":"sell premium vitamins and supplements from USA &amp; Canada, New Zealand, Morocco (NOW Foods, Solgar, Manuka). Fast delivery anywhere in Morocco.","publisher":{"@id":"https:\/\/vitablanca.ma\/#organization"},"alternateName":"VitaBlanca.ma","potentialAction":[{"@type":"SearchAction","target":{"@type":"EntryPoint","urlTemplate":"https:\/\/vitablanca.ma\/?s={search_term_string}"},"query-input":{"@type":"PropertyValueSpecification","valueRequired":true,"valueName":"search_term_string"}}],"inLanguage":"en-US"},{"@type":"Organization","@id":"https:\/\/vitablanca.ma\/#organization","name":"VitaBlanca","url":"https:\/\/vitablanca.ma\/","logo":{"@type":"ImageObject","inLanguage":"en-US","@id":"https:\/\/vitablanca.ma\/#\/schema\/logo\/image\/","url":"https:\/\/vitablanca.ma\/wp-content\/uploads\/2025\/05\/cropped-vitablanca.png","contentUrl":"https:\/\/vitablanca.ma\/wp-content\/uploads\/2025\/05\/cropped-vitablanca.png","width":360,"height":67,"caption":"VitaBlanca"},"image":{"@id":"https:\/\/vitablanca.ma\/#\/schema\/logo\/image\/"},"sameAs":["https:\/\/www.facebook.com\/profile.php?id=61576678196717","https:\/\/www.tiktok.com\/@vitablanca.ma","https:\/\/www.instagram.com\/vitablanca.ma\/"]}]}},"jetpack_sharing_enabled":true,"_links":{"self":[{"href":"https:\/\/vitablanca.ma\/en\/wp-json\/wp\/v2\/product\/17131","targetHints":{"allow":["GET"]}}],"collection":[{"href":"https:\/\/vitablanca.ma\/en\/wp-json\/wp\/v2\/product"}],"about":[{"href":"https:\/\/vitablanca.ma\/en\/wp-json\/wp\/v2\/types\/product"}],"wp:featuredmedia":[{"embeddable":true,"href":"https:\/\/vitablanca.ma\/en\/wp-json\/wp\/v2\/media\/17129"}],"wp:attachment":[{"href":"https:\/\/vitablanca.ma\/en\/wp-json\/wp\/v2\/media?parent=17131"}],"wp:term":[{"taxonomy":"product_brand","embeddable":true,"href":"https:\/\/vitablanca.ma\/en\/wp-json\/wp\/v2\/product_brand?post=17131"},{"taxonomy":"product_cat","embeddable":true,"href":"https:\/\/vitablanca.ma\/en\/wp-json\/wp\/v2\/product_cat?post=17131"},{"taxonomy":"product_tag","embeddable":true,"href":"https:\/\/vitablanca.ma\/en\/wp-json\/wp\/v2\/product_tag?post=17131"}],"curies":[{"name":"wp","href":"https:\/\/api.w.org\/{rel}","templated":true}]}}