{"id":17121,"date":"2025-06-10T16:53:45","date_gmt":"2025-06-10T16:53:45","guid":{"rendered":"https:\/\/vitablanca.ma\/product\/dietaroma-gastrideal-confort-gastrique-45-gelules\/"},"modified":"2026-01-21T17:48:59","modified_gmt":"2026-01-21T17:48:59","slug":"dietaroma-gastrideal-confort-gastrique-45-gelules","status":"publish","type":"product","link":"https:\/\/vitablanca.ma\/en\/product\/dietaroma-gastrideal-confort-gastrique-45-gelules\/","title":{"rendered":"Dietaroma Gastrideal Gastric Comfort 45 Capsules"},"content":{"rendered":"<h2>Dietaroma Gastrideal Gastric Comfort Food supplement with<span data-mce-fragment=\"1\">\u00a0<\/span>turmeric<span data-mce-fragment=\"1\">\u00a0<\/span>which contributes to the<span data-mce-fragment=\"1\">\u00a0<\/span><strong data-mce-fragment=\"1\">stomach comfort<\/strong>.<\/h2>\n<div role=\"tabpanel\" id=\"description\" class=\"tab-pane fade in description active\">\n<div class=\"product-description\">\n<p>Fast food, the hectic pace of daily life, and holiday meals can all lead to gastric discomfort resulting in difficult digestion.<\/p>\n<p>Our formula contains:\u00a0<\/p>\n<ul>\n<li>\n<strong>of<span>\u00a0<\/span>turmeric<\/strong><span>\u00a0<\/span>is a spice traditionally used to aid digestive functions.<\/li>\n<li>\n<strong>lithothamnium<\/strong><span>\u00a0<\/span>is a small red calcareous algae, rich in calcium carbonate.<\/li>\n<li>\n<strong>of<\/strong><strong>\u00a0green clay<span>\u00a0<\/span><\/strong>which completes this formula.<\/li>\n<\/ul>\n<p>45 capsules - 3 capsules\/day =&gt; 15 days<\/p>\n<\/div>\n<\/div>\n<div role=\"tabpanel\" id=\"extra-0\" class=\"tab-pane fade in extra conseils-d-utilisation\">\n<div class=\"tab-pane-title\">\n<h3>Directions for use:<\/h3>\n<\/div>\n<p><strong>INSTRUCTIONS FOR USE:\u00a0<\/strong>3 capsules per day, to be taken with a large glass of water, preferably at the end of a meal.<\/p>\n<p><strong>PRECAUTIONS FOR USE:<\/strong><\/p>\n<ul>\n<li>Use in people taking anticoagulants is not recommended. Consult your doctor or pharmacist. Contraindicated in cases of bile duct obstruction, gastric ulcer, or hyperacidity. Use only after medical advice in cases of gallstones.<\/li>\n<li>Do not exceed the recommended daily dose.<\/li>\n<li>Does not replace a balanced and varied diet and a healthy lifestyle.<\/li>\n<li>Keep out of reach of children.<\/li>\n<\/ul>\n<\/div>\n<div role=\"tabpanel\" id=\"extra-1\" class=\"tab-pane fade in extra composition\">\n<div class=\"tab-pane-title\">\n<h3>Composition:<\/h3>\n<\/div>\n<p><strong>INGREDIENTS :<\/strong><span>\u00a0<\/span>Lithothamnium, thickener: sodium alginate, bulking agent: maltodextrin, vegetable capsule (hydroxypropylmethylcellulose), turmeric powder (Curcuma longa), green clay, emulsifiers: mono di and tri glycerides of fatty acids.<\/p>\n<p><strong>DIETAROMA CONCENTRATION<\/strong><span>\u00a0<\/span>\u2013 Intakes for 3 capsules (recommended daily dose):\u00a0<br \/>\u2013 Lithothamne: 372 mg\u00a0 \u00a0 \u00a0 \u00a0 \u00a0 \u00a0 \u00a0 \u00a0 \u00a0 \u00a0 \u00a0 \u00a0 \u00a0 \u00a0 \u00a0\u00a0<br \/>\u2013 Turmeric powder (root): 105 mg<br \/>\u2013 Green clay: 72 mg<\/p>\n<\/div>","protected":false},"excerpt":{"rendered":"<p>Dietaroma Gastrideal Confort Gastrique\u00a0Compl\u00e9ment alimentaire au\u00a0curcuma\u00a0qui contribue au\u00a0confort de l&rsquo;estomac. Restauration rapide, rythme intense du quotidien, repas de f\u00eates peuvent entrainer des situations d\u2019inconfort gastrique se traduisant par une digestion difficile. Notre formule contient :\u00a0 du\u00a0curcuma\u00a0est une \u00e9pice traditionnellement utilis\u00e9e pour aider aux fonctions digestives. du lithothamne\u00a0est une petite algue rouge calcaire, riche en carbonate [&hellip;]<\/p>\n","protected":false},"featured_media":17119,"template":"","meta":{"om_disable_all_campaigns":false},"product_brand":[3373],"product_cat":[18,3366,3382],"product_tag":[3379,3375,3380,3374,3378,3376,3381,3377],"class_list":{"0":"post-17121","1":"product","2":"type-product","3":"status-publish","4":"has-post-thumbnail","6":"product_brand-dietaroma-maroc-prix-parapharma","7":"product_cat-beaute-sante","8":"product_cat-complements-alimentaires-au-maroc-vitablanca","9":"product_cat-vitamines-supplements-dietetiques-2","10":"product_tag-achat-dietaroma-maroc","11":"product_tag-complements-alimentaires-dietaroma","12":"product_tag-cure-naturelle-dietaroma","13":"product_tag-dietaroma-maroc","14":"product_tag-prix-dietaroma-maroc","15":"product_tag-produits-naturels-dietaroma","16":"product_tag-sante-et-bien-etre-dietaroma","17":"product_tag-vitamines-et-mineraux-dietaroma","19":"first","20":"instock","21":"sale","22":"taxable","23":"shipping-taxable","24":"purchasable","25":"product-type-simple"},"yoast_head":"<!-- This site is optimized with the Yoast SEO plugin v27.3 - https:\/\/yoast.com\/product\/yoast-seo-wordpress\/ -->\n<title>Dietaroma Gastrideal Confort Gastrique 45 G\u00e9lules - Maroc Prix<\/title>\n<meta name=\"description\" content=\"Dietaroma Gastrideal apaisent l&#039;estomac et soulagent l&#039;acidit\u00e9 et les br\u00fblures. Sa formule naturelle favorise un confort digestif optimal apr\u00e8s les repas.\" \/>\n<meta name=\"robots\" content=\"index, follow, max-snippet:-1, max-image-preview:large, max-video-preview:-1\" \/>\n<link rel=\"canonical\" href=\"https:\/\/vitablanca.ma\/en\/product\/dietaroma-gastrideal-confort-gastrique-45-gelules\/\" \/>\n<meta property=\"og:locale\" content=\"en_US\" \/>\n<meta property=\"og:type\" content=\"article\" \/>\n<meta property=\"og:title\" content=\"Dietaroma Gastrideal Confort Gastrique 45 G\u00e9lules - Maroc Prix\" \/>\n<meta property=\"og:description\" content=\"Dietaroma Gastrideal apaisent l&#039;estomac et soulagent l&#039;acidit\u00e9 et les br\u00fblures. Sa formule naturelle favorise un confort digestif optimal apr\u00e8s les repas.\" \/>\n<meta property=\"og:url\" content=\"https:\/\/vitablanca.ma\/en\/product\/dietaroma-gastrideal-confort-gastrique-45-gelules\/\" \/>\n<meta property=\"og:site_name\" content=\"Vitablanca.ma &ndash; Sant&eacute;, vitalit&eacute; et bien-&ecirc;tre pour tous les Marocains\" \/>\n<meta property=\"article:publisher\" content=\"https:\/\/www.facebook.com\/profile.php?id=61576678196717\" \/>\n<meta property=\"article:modified_time\" content=\"2026-01-21T17:48:59+00:00\" \/>\n<meta property=\"og:image\" content=\"https:\/\/vitablanca.ma\/wp-content\/uploads\/2025\/06\/Dietaroma-Gastrideal-Confort-Gastrique-45-Gelules-nova-parapharmacie-casablanca.jpg\" \/>\n\t<meta property=\"og:image:width\" content=\"1000\" \/>\n\t<meta property=\"og:image:height\" content=\"1000\" \/>\n\t<meta property=\"og:image:type\" content=\"image\/jpeg\" \/>\n<meta name=\"twitter:card\" content=\"summary_large_image\" \/>\n<meta name=\"twitter:label1\" content=\"Est. reading time\" \/>\n\t<meta name=\"twitter:data1\" content=\"2 minutes\" \/>\n<script type=\"application\/ld+json\" class=\"yoast-schema-graph\">{\"@context\":\"https:\\\/\\\/schema.org\",\"@graph\":[{\"@type\":[\"WebPage\",\"ItemPage\"],\"@id\":\"https:\\\/\\\/vitablanca.ma\\\/produit\\\/dietaroma-gastrideal-confort-gastrique-45-gelules\\\/\",\"url\":\"https:\\\/\\\/vitablanca.ma\\\/produit\\\/dietaroma-gastrideal-confort-gastrique-45-gelules\\\/\",\"name\":\"Dietaroma Gastrideal Confort Gastrique 45 G\u00e9lules - Maroc Prix\",\"isPartOf\":{\"@id\":\"https:\\\/\\\/vitablanca.ma\\\/#website\"},\"primaryImageOfPage\":{\"@id\":\"https:\\\/\\\/vitablanca.ma\\\/produit\\\/dietaroma-gastrideal-confort-gastrique-45-gelules\\\/#primaryimage\"},\"image\":{\"@id\":\"https:\\\/\\\/vitablanca.ma\\\/produit\\\/dietaroma-gastrideal-confort-gastrique-45-gelules\\\/#primaryimage\"},\"thumbnailUrl\":\"https:\\\/\\\/vitablanca.ma\\\/wp-content\\\/uploads\\\/2025\\\/06\\\/Dietaroma-Gastrideal-Confort-Gastrique-45-Gelules-nova-parapharmacie-casablanca.jpg\",\"datePublished\":\"2025-06-10T16:53:45+00:00\",\"dateModified\":\"2026-01-21T17:48:59+00:00\",\"description\":\"Dietaroma Gastrideal apaisent l'estomac et soulagent l'acidit\u00e9 et les br\u00fblures. Sa formule naturelle favorise un confort digestif optimal apr\u00e8s les repas.\",\"breadcrumb\":{\"@id\":\"https:\\\/\\\/vitablanca.ma\\\/produit\\\/dietaroma-gastrideal-confort-gastrique-45-gelules\\\/#breadcrumb\"},\"inLanguage\":\"en-US\",\"potentialAction\":[{\"@type\":\"ReadAction\",\"target\":[\"https:\\\/\\\/vitablanca.ma\\\/produit\\\/dietaroma-gastrideal-confort-gastrique-45-gelules\\\/\"]}]},{\"@type\":\"ImageObject\",\"inLanguage\":\"en-US\",\"@id\":\"https:\\\/\\\/vitablanca.ma\\\/produit\\\/dietaroma-gastrideal-confort-gastrique-45-gelules\\\/#primaryimage\",\"url\":\"https:\\\/\\\/vitablanca.ma\\\/wp-content\\\/uploads\\\/2025\\\/06\\\/Dietaroma-Gastrideal-Confort-Gastrique-45-Gelules-nova-parapharmacie-casablanca.jpg\",\"contentUrl\":\"https:\\\/\\\/vitablanca.ma\\\/wp-content\\\/uploads\\\/2025\\\/06\\\/Dietaroma-Gastrideal-Confort-Gastrique-45-Gelules-nova-parapharmacie-casablanca.jpg\",\"width\":1000,\"height\":1000},{\"@type\":\"BreadcrumbList\",\"@id\":\"https:\\\/\\\/vitablanca.ma\\\/produit\\\/dietaroma-gastrideal-confort-gastrique-45-gelules\\\/#breadcrumb\",\"itemListElement\":[{\"@type\":\"ListItem\",\"position\":1,\"name\":\"Home\",\"item\":\"https:\\\/\\\/vitablanca.ma\\\/\"},{\"@type\":\"ListItem\",\"position\":2,\"name\":\"Tous Les Produits\",\"item\":\"https:\\\/\\\/vitablanca.ma\\\/tous-les-produits\\\/\"},{\"@type\":\"ListItem\",\"position\":3,\"name\":\"Dietaroma Gastrideal Confort Gastrique 45 G\u00e9lules\"}]},{\"@type\":\"WebSite\",\"@id\":\"https:\\\/\\\/vitablanca.ma\\\/#website\",\"url\":\"https:\\\/\\\/vitablanca.ma\\\/\",\"name\":\"VitaBlanca.ma | Compl\u00e9ments alimentaires, sant\u00e9 & beaut\u00e9 au Maroc\",\"description\":\"vendre vitamines et compl\u00e9ments premium des USA &amp; Canada, Nouvelle Z\u00e9lande,Maroc (NOW Foods, Solgar, Manuka). Livraison rapide partout au Maroc.\",\"publisher\":{\"@id\":\"https:\\\/\\\/vitablanca.ma\\\/#organization\"},\"alternateName\":\"VitaBlanca.ma\",\"potentialAction\":[{\"@type\":\"SearchAction\",\"target\":{\"@type\":\"EntryPoint\",\"urlTemplate\":\"https:\\\/\\\/vitablanca.ma\\\/?s={search_term_string}\"},\"query-input\":{\"@type\":\"PropertyValueSpecification\",\"valueRequired\":true,\"valueName\":\"search_term_string\"}}],\"inLanguage\":\"en-US\"},{\"@type\":\"Organization\",\"@id\":\"https:\\\/\\\/vitablanca.ma\\\/#organization\",\"name\":\"VitaBlanca\",\"url\":\"https:\\\/\\\/vitablanca.ma\\\/\",\"logo\":{\"@type\":\"ImageObject\",\"inLanguage\":\"en-US\",\"@id\":\"https:\\\/\\\/vitablanca.ma\\\/#\\\/schema\\\/logo\\\/image\\\/\",\"url\":\"https:\\\/\\\/vitablanca.ma\\\/wp-content\\\/uploads\\\/2025\\\/05\\\/cropped-vitablanca.png\",\"contentUrl\":\"https:\\\/\\\/vitablanca.ma\\\/wp-content\\\/uploads\\\/2025\\\/05\\\/cropped-vitablanca.png\",\"width\":360,\"height\":67,\"caption\":\"VitaBlanca\"},\"image\":{\"@id\":\"https:\\\/\\\/vitablanca.ma\\\/#\\\/schema\\\/logo\\\/image\\\/\"},\"sameAs\":[\"https:\\\/\\\/www.facebook.com\\\/profile.php?id=61576678196717\",\"https:\\\/\\\/www.tiktok.com\\\/@vitablanca.ma\",\"https:\\\/\\\/www.instagram.com\\\/vitablanca.ma\\\/\"]}]}<\/script>\n<!-- \/ Yoast SEO plugin. -->","yoast_head_json":{"title":"Dietaroma Gastrideal Gastric Comfort 45 Capsules - Morocco Price","description":"Dietaroma Gastrideal soothes the stomach and relieves acidity and heartburn. Its natural formula promotes optimal digestive comfort after meals.","robots":{"index":"index","follow":"follow","max-snippet":"max-snippet:-1","max-image-preview":"max-image-preview:large","max-video-preview":"max-video-preview:-1"},"canonical":"https:\/\/vitablanca.ma\/en\/product\/dietaroma-gastrideal-confort-gastrique-45-gelules\/","og_locale":"en_US","og_type":"article","og_title":"Dietaroma Gastrideal Confort Gastrique 45 G\u00e9lules - Maroc Prix","og_description":"Dietaroma Gastrideal apaisent l'estomac et soulagent l'acidit\u00e9 et les br\u00fblures. Sa formule naturelle favorise un confort digestif optimal apr\u00e8s les repas.","og_url":"https:\/\/vitablanca.ma\/en\/product\/dietaroma-gastrideal-confort-gastrique-45-gelules\/","og_site_name":"Vitablanca.ma &ndash; Sant&eacute;, vitalit&eacute; et bien-&ecirc;tre pour tous les Marocains","article_publisher":"https:\/\/www.facebook.com\/profile.php?id=61576678196717","article_modified_time":"2026-01-21T17:48:59+00:00","og_image":[{"width":1000,"height":1000,"url":"https:\/\/vitablanca.ma\/wp-content\/uploads\/2025\/06\/Dietaroma-Gastrideal-Confort-Gastrique-45-Gelules-nova-parapharmacie-casablanca.jpg","type":"image\/jpeg"}],"twitter_card":"summary_large_image","twitter_misc":{"Est. reading time":"2 minutes"},"schema":{"@context":"https:\/\/schema.org","@graph":[{"@type":["WebPage","ItemPage"],"@id":"https:\/\/vitablanca.ma\/produit\/dietaroma-gastrideal-confort-gastrique-45-gelules\/","url":"https:\/\/vitablanca.ma\/produit\/dietaroma-gastrideal-confort-gastrique-45-gelules\/","name":"Dietaroma Gastrideal Gastric Comfort 45 Capsules - Morocco Price","isPartOf":{"@id":"https:\/\/vitablanca.ma\/#website"},"primaryImageOfPage":{"@id":"https:\/\/vitablanca.ma\/produit\/dietaroma-gastrideal-confort-gastrique-45-gelules\/#primaryimage"},"image":{"@id":"https:\/\/vitablanca.ma\/produit\/dietaroma-gastrideal-confort-gastrique-45-gelules\/#primaryimage"},"thumbnailUrl":"https:\/\/vitablanca.ma\/wp-content\/uploads\/2025\/06\/Dietaroma-Gastrideal-Confort-Gastrique-45-Gelules-nova-parapharmacie-casablanca.jpg","datePublished":"2025-06-10T16:53:45+00:00","dateModified":"2026-01-21T17:48:59+00:00","description":"Dietaroma Gastrideal soothes the stomach and relieves acidity and heartburn. Its natural formula promotes optimal digestive comfort after meals.","breadcrumb":{"@id":"https:\/\/vitablanca.ma\/produit\/dietaroma-gastrideal-confort-gastrique-45-gelules\/#breadcrumb"},"inLanguage":"en-US","potentialAction":[{"@type":"ReadAction","target":["https:\/\/vitablanca.ma\/produit\/dietaroma-gastrideal-confort-gastrique-45-gelules\/"]}]},{"@type":"ImageObject","inLanguage":"en-US","@id":"https:\/\/vitablanca.ma\/produit\/dietaroma-gastrideal-confort-gastrique-45-gelules\/#primaryimage","url":"https:\/\/vitablanca.ma\/wp-content\/uploads\/2025\/06\/Dietaroma-Gastrideal-Confort-Gastrique-45-Gelules-nova-parapharmacie-casablanca.jpg","contentUrl":"https:\/\/vitablanca.ma\/wp-content\/uploads\/2025\/06\/Dietaroma-Gastrideal-Confort-Gastrique-45-Gelules-nova-parapharmacie-casablanca.jpg","width":1000,"height":1000},{"@type":"BreadcrumbList","@id":"https:\/\/vitablanca.ma\/produit\/dietaroma-gastrideal-confort-gastrique-45-gelules\/#breadcrumb","itemListElement":[{"@type":"ListItem","position":1,"name":"Home","item":"https:\/\/vitablanca.ma\/"},{"@type":"ListItem","position":2,"name":"Tous Les Produits","item":"https:\/\/vitablanca.ma\/tous-les-produits\/"},{"@type":"ListItem","position":3,"name":"Dietaroma Gastrideal Confort Gastrique 45 G\u00e9lules"}]},{"@type":"WebSite","@id":"https:\/\/vitablanca.ma\/#website","url":"https:\/\/vitablanca.ma\/","name":"VitaBlanca.ma | Food supplements, health &amp; beauty in Morocco","description":"sell premium vitamins and supplements from USA &amp; Canada, New Zealand, Morocco (NOW Foods, Solgar, Manuka). Fast delivery anywhere in Morocco.","publisher":{"@id":"https:\/\/vitablanca.ma\/#organization"},"alternateName":"VitaBlanca.ma","potentialAction":[{"@type":"SearchAction","target":{"@type":"EntryPoint","urlTemplate":"https:\/\/vitablanca.ma\/?s={search_term_string}"},"query-input":{"@type":"PropertyValueSpecification","valueRequired":true,"valueName":"search_term_string"}}],"inLanguage":"en-US"},{"@type":"Organization","@id":"https:\/\/vitablanca.ma\/#organization","name":"VitaBlanca","url":"https:\/\/vitablanca.ma\/","logo":{"@type":"ImageObject","inLanguage":"en-US","@id":"https:\/\/vitablanca.ma\/#\/schema\/logo\/image\/","url":"https:\/\/vitablanca.ma\/wp-content\/uploads\/2025\/05\/cropped-vitablanca.png","contentUrl":"https:\/\/vitablanca.ma\/wp-content\/uploads\/2025\/05\/cropped-vitablanca.png","width":360,"height":67,"caption":"VitaBlanca"},"image":{"@id":"https:\/\/vitablanca.ma\/#\/schema\/logo\/image\/"},"sameAs":["https:\/\/www.facebook.com\/profile.php?id=61576678196717","https:\/\/www.tiktok.com\/@vitablanca.ma","https:\/\/www.instagram.com\/vitablanca.ma\/"]}]}},"jetpack_sharing_enabled":true,"_links":{"self":[{"href":"https:\/\/vitablanca.ma\/en\/wp-json\/wp\/v2\/product\/17121","targetHints":{"allow":["GET"]}}],"collection":[{"href":"https:\/\/vitablanca.ma\/en\/wp-json\/wp\/v2\/product"}],"about":[{"href":"https:\/\/vitablanca.ma\/en\/wp-json\/wp\/v2\/types\/product"}],"wp:featuredmedia":[{"embeddable":true,"href":"https:\/\/vitablanca.ma\/en\/wp-json\/wp\/v2\/media\/17119"}],"wp:attachment":[{"href":"https:\/\/vitablanca.ma\/en\/wp-json\/wp\/v2\/media?parent=17121"}],"wp:term":[{"taxonomy":"product_brand","embeddable":true,"href":"https:\/\/vitablanca.ma\/en\/wp-json\/wp\/v2\/product_brand?post=17121"},{"taxonomy":"product_cat","embeddable":true,"href":"https:\/\/vitablanca.ma\/en\/wp-json\/wp\/v2\/product_cat?post=17121"},{"taxonomy":"product_tag","embeddable":true,"href":"https:\/\/vitablanca.ma\/en\/wp-json\/wp\/v2\/product_tag?post=17121"}],"curies":[{"name":"wp","href":"https:\/\/api.w.org\/{rel}","templated":true}]}}