{"id":17086,"date":"2025-06-10T16:53:18","date_gmt":"2025-06-10T16:53:18","guid":{"rendered":"https:\/\/vitablanca.ma\/product\/dietaroma-cystenea-confort-urinaire-20-gelules\/"},"modified":"2026-01-21T17:49:00","modified_gmt":"2026-01-21T17:49:00","slug":"dietaroma-cystenea-confort-urinaire-20-gelules","status":"publish","type":"product","link":"https:\/\/vitablanca.ma\/en\/product\/dietaroma-cystenea-confort-urinaire-20-gelules\/","title":{"rendered":"Dietaroma Cystenea Urinary Comfort 20 Capsules"},"content":{"rendered":"<h2>Dietaroma Cystenea Urinary Comfort\u00a0<\/h2>\n<p>For everyday feminine well-being.<\/p>\n<p>We have selected and combined for you the<strong>\u00a0natural ingredients in a concentrated form:<\/strong><br \/>\u2013<strong>\u00a0The cranberry<\/strong>, rich in proanthocyanidins, guarantees you an intake of 50 mg of PAC (proanthocyanidins) for 3 capsules<br \/>\u2013\u00a0<strong>Hibiscus<\/strong>\u00a0naturally rich in flavonoids, plays a role in urinary and renal elimination<\/p>\n<p>Our formula also contains 500 million CFU<sup>(2)<\/sup><span>\u00a0<\/span>of Lactospore\u00ae (Bacillus coagulans) during manufacturing, a particular strain whose activity remains stable until the expiry date of the product, which is a guarantee of its quality.<\/p>\n<h3><strong>DIRECTIONS FOR USE:<\/strong><\/h3>\n<p><strong>INSTRUCTIONS FOR USE:<\/strong><br \/>\u2013 1 to 3 capsules per day with a large glass of water. Up to 3 capsules per day as needed.<br \/>It is advisable to drink plenty of water throughout the day.<\/p>\n<p><strong>PRECAUTIONS FOR USE:<\/strong><br \/>\u2013 Do not exceed the recommended daily dose.<br \/>\u2013 Does not replace a balanced and varied diet and a healthy lifestyle.<br \/>\u2013 Keep out of reach of children.<br \/>\u2013 Not recommended to be taken outside of meals.<br \/>\u2013 Keep away from heat, humidity and light.<\/p>\n<h3><strong>COMPOSITION :<\/strong><\/h3>\n<p>INGREDIENTS: Cranberry fruit extract* (Vaccinium macrocarpon) titrated to 10% of PAC-A, hibiscus flower extract* (Hibiscus sabdariffa), vegetable capsule (Hydroxy-PropylMethylCellulose), talc, Lactospore (Bacillus coagulans).<br \/>* ingredients from organic farming.<\/p>\n<p><strong>DIETAROMA CONCENTRATION \u2013 Intakes per recommended daily dose (3 capsules):\u00a0<\/strong><br \/>\u2013 Cranberry extract: 500 mg (Equivalent to 15000 mg EPS<sup>(1)<\/sup>)<br \/>Including proanthocyanidins (PAC (proanthocyanidins)): 50 mg<br \/>\u2013 Lactospore: 33.3 mg (Equivalent to 500 Million CFU<sup>(2)<\/sup>\u00a0to the implementation)<br \/>\u2013 Hibiscus extracts: 375 mg (Equivalent to 1500 mg EPS<sup>(1)<\/sup>)<\/p>\n<p><sup>(1)\u00a0<\/sup>Dried Plant Equivalent \u2013\u00a0<sup>(2)\u00a0<\/sup>Colony Forming Unit<\/p>","protected":false},"excerpt":{"rendered":"<p>Dietaroma Cystenea Confort Urinaire\u00a0 Pour le bien-\u00eatre f\u00e9minin au quotidien. Nous avons s\u00e9lectionn\u00e9 et associ\u00e9 pour vous les\u00a0ingr\u00e9dients naturels dans une forme concentr\u00e9e\u00a0:\u2013\u00a0La cranberry, riche en proanthocyanidines, vous garantit un apport de 50 mg de PAC (proanthocyanidines) pour 3 g\u00e9lules\u2013\u00a0L\u2019hibiscus\u00a0naturellement riche en flavono\u00efdes, joue un r\u00f4le dans l\u2019\u00e9limination urinaire et r\u00e9nale Notre formule contient \u00e9galement [&hellip;]<\/p>\n","protected":false},"featured_media":17085,"template":"","meta":{"om_disable_all_campaigns":false},"product_brand":[3373],"product_cat":[18,3366,3382],"product_tag":[3379,3375,3380,3374,3378,3376,3381,3377],"class_list":{"0":"post-17086","1":"product","2":"type-product","3":"status-publish","4":"has-post-thumbnail","6":"product_brand-dietaroma-maroc-prix-parapharma","7":"product_cat-beaute-sante","8":"product_cat-complements-alimentaires-au-maroc-vitablanca","9":"product_cat-vitamines-supplements-dietetiques-2","10":"product_tag-achat-dietaroma-maroc","11":"product_tag-complements-alimentaires-dietaroma","12":"product_tag-cure-naturelle-dietaroma","13":"product_tag-dietaroma-maroc","14":"product_tag-prix-dietaroma-maroc","15":"product_tag-produits-naturels-dietaroma","16":"product_tag-sante-et-bien-etre-dietaroma","17":"product_tag-vitamines-et-mineraux-dietaroma","19":"first","20":"instock","21":"sale","22":"taxable","23":"shipping-taxable","24":"purchasable","25":"product-type-simple"},"yoast_head":"<!-- This site is optimized with the Yoast SEO plugin v27.3 - https:\/\/yoast.com\/product\/yoast-seo-wordpress\/ -->\n<title>Dietaroma Cystenea | Confort Urinaire &amp; Canneberge | Maroc<\/title>\n<meta name=\"description\" content=\"Les g\u00e9lules Dietaroma Cystenea \u00e0 la canneberge et \u00e0 la bruy\u00e8re aident \u00e0 pr\u00e9venir les infections urinaires et \u00e0 soulager l&#039;inconfort. Un soutien naturel\" \/>\n<meta name=\"robots\" content=\"index, follow, max-snippet:-1, max-image-preview:large, max-video-preview:-1\" \/>\n<link rel=\"canonical\" href=\"https:\/\/vitablanca.ma\/en\/product\/dietaroma-cystenea-confort-urinaire-20-gelules\/\" \/>\n<meta property=\"og:locale\" content=\"en_US\" \/>\n<meta property=\"og:type\" content=\"article\" \/>\n<meta property=\"og:title\" content=\"Dietaroma Cystenea | Confort Urinaire &amp; Canneberge | Maroc\" \/>\n<meta property=\"og:description\" content=\"Les g\u00e9lules Dietaroma Cystenea \u00e0 la canneberge et \u00e0 la bruy\u00e8re aident \u00e0 pr\u00e9venir les infections urinaires et \u00e0 soulager l&#039;inconfort. Un soutien naturel\" \/>\n<meta property=\"og:url\" content=\"https:\/\/vitablanca.ma\/en\/product\/dietaroma-cystenea-confort-urinaire-20-gelules\/\" \/>\n<meta property=\"og:site_name\" content=\"Vitablanca.ma &ndash; Sant&eacute;, vitalit&eacute; et bien-&ecirc;tre pour tous les Marocains\" \/>\n<meta property=\"article:publisher\" content=\"https:\/\/www.facebook.com\/profile.php?id=61576678196717\" \/>\n<meta property=\"article:modified_time\" content=\"2026-01-21T17:49:00+00:00\" \/>\n<meta property=\"og:image\" content=\"https:\/\/vitablanca.ma\/wp-content\/uploads\/2025\/06\/Dietaroma-Cystenea-Confort-Urinaire-20-Gelules-nova-parapharmacie-casablanca.jpg\" \/>\n\t<meta property=\"og:image:width\" content=\"1000\" \/>\n\t<meta property=\"og:image:height\" content=\"1000\" \/>\n\t<meta property=\"og:image:type\" content=\"image\/jpeg\" \/>\n<meta name=\"twitter:card\" content=\"summary_large_image\" \/>\n<meta name=\"twitter:label1\" content=\"Est. reading time\" \/>\n\t<meta name=\"twitter:data1\" content=\"2 minutes\" \/>\n<script type=\"application\/ld+json\" class=\"yoast-schema-graph\">{\"@context\":\"https:\\\/\\\/schema.org\",\"@graph\":[{\"@type\":[\"WebPage\",\"ItemPage\"],\"@id\":\"https:\\\/\\\/vitablanca.ma\\\/produit\\\/dietaroma-cystenea-confort-urinaire-20-gelules\\\/\",\"url\":\"https:\\\/\\\/vitablanca.ma\\\/produit\\\/dietaroma-cystenea-confort-urinaire-20-gelules\\\/\",\"name\":\"Dietaroma Cystenea | Confort Urinaire & Canneberge | Maroc\",\"isPartOf\":{\"@id\":\"https:\\\/\\\/vitablanca.ma\\\/#website\"},\"primaryImageOfPage\":{\"@id\":\"https:\\\/\\\/vitablanca.ma\\\/produit\\\/dietaroma-cystenea-confort-urinaire-20-gelules\\\/#primaryimage\"},\"image\":{\"@id\":\"https:\\\/\\\/vitablanca.ma\\\/produit\\\/dietaroma-cystenea-confort-urinaire-20-gelules\\\/#primaryimage\"},\"thumbnailUrl\":\"https:\\\/\\\/vitablanca.ma\\\/wp-content\\\/uploads\\\/2025\\\/06\\\/Dietaroma-Cystenea-Confort-Urinaire-20-Gelules-nova-parapharmacie-casablanca.jpg\",\"datePublished\":\"2025-06-10T16:53:18+00:00\",\"dateModified\":\"2026-01-21T17:49:00+00:00\",\"description\":\"Les g\u00e9lules Dietaroma Cystenea \u00e0 la canneberge et \u00e0 la bruy\u00e8re aident \u00e0 pr\u00e9venir les infections urinaires et \u00e0 soulager l'inconfort. Un soutien naturel\",\"breadcrumb\":{\"@id\":\"https:\\\/\\\/vitablanca.ma\\\/produit\\\/dietaroma-cystenea-confort-urinaire-20-gelules\\\/#breadcrumb\"},\"inLanguage\":\"en-US\",\"potentialAction\":[{\"@type\":\"ReadAction\",\"target\":[\"https:\\\/\\\/vitablanca.ma\\\/produit\\\/dietaroma-cystenea-confort-urinaire-20-gelules\\\/\"]}]},{\"@type\":\"ImageObject\",\"inLanguage\":\"en-US\",\"@id\":\"https:\\\/\\\/vitablanca.ma\\\/produit\\\/dietaroma-cystenea-confort-urinaire-20-gelules\\\/#primaryimage\",\"url\":\"https:\\\/\\\/vitablanca.ma\\\/wp-content\\\/uploads\\\/2025\\\/06\\\/Dietaroma-Cystenea-Confort-Urinaire-20-Gelules-nova-parapharmacie-casablanca.jpg\",\"contentUrl\":\"https:\\\/\\\/vitablanca.ma\\\/wp-content\\\/uploads\\\/2025\\\/06\\\/Dietaroma-Cystenea-Confort-Urinaire-20-Gelules-nova-parapharmacie-casablanca.jpg\",\"width\":1000,\"height\":1000},{\"@type\":\"BreadcrumbList\",\"@id\":\"https:\\\/\\\/vitablanca.ma\\\/produit\\\/dietaroma-cystenea-confort-urinaire-20-gelules\\\/#breadcrumb\",\"itemListElement\":[{\"@type\":\"ListItem\",\"position\":1,\"name\":\"Home\",\"item\":\"https:\\\/\\\/vitablanca.ma\\\/\"},{\"@type\":\"ListItem\",\"position\":2,\"name\":\"Tous Les Produits\",\"item\":\"https:\\\/\\\/vitablanca.ma\\\/tous-les-produits\\\/\"},{\"@type\":\"ListItem\",\"position\":3,\"name\":\"Dietaroma Cystenea Confort Urinaire 20 G\u00e9lules\"}]},{\"@type\":\"WebSite\",\"@id\":\"https:\\\/\\\/vitablanca.ma\\\/#website\",\"url\":\"https:\\\/\\\/vitablanca.ma\\\/\",\"name\":\"VitaBlanca.ma | Compl\u00e9ments alimentaires, sant\u00e9 & beaut\u00e9 au Maroc\",\"description\":\"vendre vitamines et compl\u00e9ments premium des USA &amp; Canada, Nouvelle Z\u00e9lande,Maroc (NOW Foods, Solgar, Manuka). Livraison rapide partout au Maroc.\",\"publisher\":{\"@id\":\"https:\\\/\\\/vitablanca.ma\\\/#organization\"},\"alternateName\":\"VitaBlanca.ma\",\"potentialAction\":[{\"@type\":\"SearchAction\",\"target\":{\"@type\":\"EntryPoint\",\"urlTemplate\":\"https:\\\/\\\/vitablanca.ma\\\/?s={search_term_string}\"},\"query-input\":{\"@type\":\"PropertyValueSpecification\",\"valueRequired\":true,\"valueName\":\"search_term_string\"}}],\"inLanguage\":\"en-US\"},{\"@type\":\"Organization\",\"@id\":\"https:\\\/\\\/vitablanca.ma\\\/#organization\",\"name\":\"VitaBlanca\",\"url\":\"https:\\\/\\\/vitablanca.ma\\\/\",\"logo\":{\"@type\":\"ImageObject\",\"inLanguage\":\"en-US\",\"@id\":\"https:\\\/\\\/vitablanca.ma\\\/#\\\/schema\\\/logo\\\/image\\\/\",\"url\":\"https:\\\/\\\/vitablanca.ma\\\/wp-content\\\/uploads\\\/2025\\\/05\\\/cropped-vitablanca.png\",\"contentUrl\":\"https:\\\/\\\/vitablanca.ma\\\/wp-content\\\/uploads\\\/2025\\\/05\\\/cropped-vitablanca.png\",\"width\":360,\"height\":67,\"caption\":\"VitaBlanca\"},\"image\":{\"@id\":\"https:\\\/\\\/vitablanca.ma\\\/#\\\/schema\\\/logo\\\/image\\\/\"},\"sameAs\":[\"https:\\\/\\\/www.facebook.com\\\/profile.php?id=61576678196717\",\"https:\\\/\\\/www.tiktok.com\\\/@vitablanca.ma\",\"https:\\\/\\\/www.instagram.com\\\/vitablanca.ma\\\/\"]}]}<\/script>\n<!-- \/ Yoast SEO plugin. -->","yoast_head_json":{"title":"Dietaroma Cystenea | Urinary Comfort &amp; Cranberry | Morocco","description":"Dietaroma Cystenea Cranberry and Heather Capsules help prevent urinary tract infections and relieve discomfort. Natural support","robots":{"index":"index","follow":"follow","max-snippet":"max-snippet:-1","max-image-preview":"max-image-preview:large","max-video-preview":"max-video-preview:-1"},"canonical":"https:\/\/vitablanca.ma\/en\/product\/dietaroma-cystenea-confort-urinaire-20-gelules\/","og_locale":"en_US","og_type":"article","og_title":"Dietaroma Cystenea | Confort Urinaire & Canneberge | Maroc","og_description":"Les g\u00e9lules Dietaroma Cystenea \u00e0 la canneberge et \u00e0 la bruy\u00e8re aident \u00e0 pr\u00e9venir les infections urinaires et \u00e0 soulager l'inconfort. Un soutien naturel","og_url":"https:\/\/vitablanca.ma\/en\/product\/dietaroma-cystenea-confort-urinaire-20-gelules\/","og_site_name":"Vitablanca.ma &ndash; Sant&eacute;, vitalit&eacute; et bien-&ecirc;tre pour tous les Marocains","article_publisher":"https:\/\/www.facebook.com\/profile.php?id=61576678196717","article_modified_time":"2026-01-21T17:49:00+00:00","og_image":[{"width":1000,"height":1000,"url":"https:\/\/vitablanca.ma\/wp-content\/uploads\/2025\/06\/Dietaroma-Cystenea-Confort-Urinaire-20-Gelules-nova-parapharmacie-casablanca.jpg","type":"image\/jpeg"}],"twitter_card":"summary_large_image","twitter_misc":{"Est. reading time":"2 minutes"},"schema":{"@context":"https:\/\/schema.org","@graph":[{"@type":["WebPage","ItemPage"],"@id":"https:\/\/vitablanca.ma\/produit\/dietaroma-cystenea-confort-urinaire-20-gelules\/","url":"https:\/\/vitablanca.ma\/produit\/dietaroma-cystenea-confort-urinaire-20-gelules\/","name":"Dietaroma Cystenea | Urinary Comfort &amp; Cranberry | Morocco","isPartOf":{"@id":"https:\/\/vitablanca.ma\/#website"},"primaryImageOfPage":{"@id":"https:\/\/vitablanca.ma\/produit\/dietaroma-cystenea-confort-urinaire-20-gelules\/#primaryimage"},"image":{"@id":"https:\/\/vitablanca.ma\/produit\/dietaroma-cystenea-confort-urinaire-20-gelules\/#primaryimage"},"thumbnailUrl":"https:\/\/vitablanca.ma\/wp-content\/uploads\/2025\/06\/Dietaroma-Cystenea-Confort-Urinaire-20-Gelules-nova-parapharmacie-casablanca.jpg","datePublished":"2025-06-10T16:53:18+00:00","dateModified":"2026-01-21T17:49:00+00:00","description":"Dietaroma Cystenea Cranberry and Heather Capsules help prevent urinary tract infections and relieve discomfort. Natural support","breadcrumb":{"@id":"https:\/\/vitablanca.ma\/produit\/dietaroma-cystenea-confort-urinaire-20-gelules\/#breadcrumb"},"inLanguage":"en-US","potentialAction":[{"@type":"ReadAction","target":["https:\/\/vitablanca.ma\/produit\/dietaroma-cystenea-confort-urinaire-20-gelules\/"]}]},{"@type":"ImageObject","inLanguage":"en-US","@id":"https:\/\/vitablanca.ma\/produit\/dietaroma-cystenea-confort-urinaire-20-gelules\/#primaryimage","url":"https:\/\/vitablanca.ma\/wp-content\/uploads\/2025\/06\/Dietaroma-Cystenea-Confort-Urinaire-20-Gelules-nova-parapharmacie-casablanca.jpg","contentUrl":"https:\/\/vitablanca.ma\/wp-content\/uploads\/2025\/06\/Dietaroma-Cystenea-Confort-Urinaire-20-Gelules-nova-parapharmacie-casablanca.jpg","width":1000,"height":1000},{"@type":"BreadcrumbList","@id":"https:\/\/vitablanca.ma\/produit\/dietaroma-cystenea-confort-urinaire-20-gelules\/#breadcrumb","itemListElement":[{"@type":"ListItem","position":1,"name":"Home","item":"https:\/\/vitablanca.ma\/"},{"@type":"ListItem","position":2,"name":"Tous Les Produits","item":"https:\/\/vitablanca.ma\/tous-les-produits\/"},{"@type":"ListItem","position":3,"name":"Dietaroma Cystenea Confort Urinaire 20 G\u00e9lules"}]},{"@type":"WebSite","@id":"https:\/\/vitablanca.ma\/#website","url":"https:\/\/vitablanca.ma\/","name":"VitaBlanca.ma | Food supplements, health &amp; beauty in Morocco","description":"sell premium vitamins and supplements from USA &amp; Canada, New Zealand, Morocco (NOW Foods, Solgar, Manuka). Fast delivery anywhere in Morocco.","publisher":{"@id":"https:\/\/vitablanca.ma\/#organization"},"alternateName":"VitaBlanca.ma","potentialAction":[{"@type":"SearchAction","target":{"@type":"EntryPoint","urlTemplate":"https:\/\/vitablanca.ma\/?s={search_term_string}"},"query-input":{"@type":"PropertyValueSpecification","valueRequired":true,"valueName":"search_term_string"}}],"inLanguage":"en-US"},{"@type":"Organization","@id":"https:\/\/vitablanca.ma\/#organization","name":"VitaBlanca","url":"https:\/\/vitablanca.ma\/","logo":{"@type":"ImageObject","inLanguage":"en-US","@id":"https:\/\/vitablanca.ma\/#\/schema\/logo\/image\/","url":"https:\/\/vitablanca.ma\/wp-content\/uploads\/2025\/05\/cropped-vitablanca.png","contentUrl":"https:\/\/vitablanca.ma\/wp-content\/uploads\/2025\/05\/cropped-vitablanca.png","width":360,"height":67,"caption":"VitaBlanca"},"image":{"@id":"https:\/\/vitablanca.ma\/#\/schema\/logo\/image\/"},"sameAs":["https:\/\/www.facebook.com\/profile.php?id=61576678196717","https:\/\/www.tiktok.com\/@vitablanca.ma","https:\/\/www.instagram.com\/vitablanca.ma\/"]}]}},"jetpack_sharing_enabled":true,"_links":{"self":[{"href":"https:\/\/vitablanca.ma\/en\/wp-json\/wp\/v2\/product\/17086","targetHints":{"allow":["GET"]}}],"collection":[{"href":"https:\/\/vitablanca.ma\/en\/wp-json\/wp\/v2\/product"}],"about":[{"href":"https:\/\/vitablanca.ma\/en\/wp-json\/wp\/v2\/types\/product"}],"wp:featuredmedia":[{"embeddable":true,"href":"https:\/\/vitablanca.ma\/en\/wp-json\/wp\/v2\/media\/17085"}],"wp:attachment":[{"href":"https:\/\/vitablanca.ma\/en\/wp-json\/wp\/v2\/media?parent=17086"}],"wp:term":[{"taxonomy":"product_brand","embeddable":true,"href":"https:\/\/vitablanca.ma\/en\/wp-json\/wp\/v2\/product_brand?post=17086"},{"taxonomy":"product_cat","embeddable":true,"href":"https:\/\/vitablanca.ma\/en\/wp-json\/wp\/v2\/product_cat?post=17086"},{"taxonomy":"product_tag","embeddable":true,"href":"https:\/\/vitablanca.ma\/en\/wp-json\/wp\/v2\/product_tag?post=17086"}],"curies":[{"name":"wp","href":"https:\/\/api.w.org\/{rel}","templated":true}]}}