{"id":17044,"date":"2025-06-10T16:52:49","date_gmt":"2025-06-10T16:52:49","guid":{"rendered":"https:\/\/vitablanca.ma\/product\/dietaroma-la-ruche-gelee-royale-forte-3500mg-20-ampoules-de-15ml\/"},"modified":"2026-01-21T17:49:00","modified_gmt":"2026-01-21T17:49:00","slug":"dietaroma-la-ruche-gelee-royale-forte-3500mg-20-ampoules-de-15ml","status":"publish","type":"product","link":"https:\/\/vitablanca.ma\/en\/product\/dietaroma-la-ruche-gelee-royale-forte-3500mg-20-ampoules-de-15ml\/","title":{"rendered":"Dietaroma La Ruche Royal Jelly Strong 3500mg 20 Ampoules of 15ml"},"content":{"rendered":"<h2><strong>Dietaroma La Ruche Royal Jelly Strong 3500mg 20 Ampoules of 15ml<\/strong><\/h2>\n<p>Improves the body&#039;s resistance to viruses, bacteria, and other infections. It helps combat fatigue and growth retardation.<\/p>\n<p><span>U<\/span>Use in case of temporary fatigue or at each change of season.<\/p>\n<p>We have carefully selected noble ingredients from the hive for you:<br \/><strong>\u2013 Organic royal jelly<\/strong>, a true treasure of the hive. Its richness gives it the specificity of being reserved solely for the Queen, which gives it longevity and<br \/>exceptional fertility.<br \/><strong>\u2013 Organic propolis<\/strong>, a unique complex made by bees.<br \/><strong>\u2013 Organic pollen,\u00a0<\/strong>collected from the stamens of flowers by foraging bees contributes to good vitality and tones the body.<br \/><strong>\u2013 Organic honey,<\/strong>\u00a0made by bees from flower nectar.<\/p>\n<p>20 ampoules of 15 ml<\/p>\n<h3>INSTRUCTIONS FOR USE:<\/h3>\n<p>\u2013 1 ampoule per day: to be taken in the morning diluted in a large glass of water<br \/>\u2013 1 ampoule per day for 20 days, renewable.<br \/>\u2013 Shake the ampoule before opening.<br \/>\u2013 To be renewed at each change of season or when the need arises.<br \/>\u2013 Given the completely natural nature of the product, a deposit is possible. It does not affect the quality of the product in any way.<\/p>\n<h3>PRECAUTIONS FOR USE:<\/h3>\n<p>\u2013 Not recommended for people allergic to beehive products, or people allergic to grasses.<br \/>\u2013 Do not exceed the recommended daily dose.<br \/>\u2013 This food supplement should be used as part of a varied, balanced diet and a healthy lifestyle.<br \/>\u2013 Keep out of reach of children.<br \/>\u2013 Store away from light and heat.<\/p>\n<h3>INGREDIENTS :<\/h3>\n<p>Softened water, all-flower honey*, royal jelly*, pollen balls*, propolis extract*<\/p>\n<p>* Ingredients from organic farming.<\/p>\n<p><strong>DIETAROMA CONCENTRATION (for a 15 ml ampoule):\u00a0<\/strong><\/p>\n<p>\u2013 Royal Jelly: 500 mg<br \/>\u2013 Pollen pellet: 300 mg<br \/>\u2013 Propolis: 120 mg<br \/>\u2013 All-flower honey: 2250 mg.<\/p>","protected":false},"excerpt":{"rendered":"<p>Dietaroma La R\u00fbche Gel\u00e9e Royale Forte 3500mg 20 Ampoules De 15ml Am\u00e9liore la r\u00e9sistance de l&rsquo;organisme aux virus, bact\u00e9ries et autres infections. Elle permet de lutter contre la fatigue et les retards de croissance. Utiliser en cas de fatigue passag\u00e8re ou \u00e0 chaque changement\u00a0de saison. Nous avons rigoureusement s\u00e9lectionn\u00e9\u00a0pour vous des ingr\u00e9dients nobles de\u00a0la ruche [&hellip;]<\/p>\n","protected":false},"featured_media":17043,"template":"","meta":{"om_disable_all_campaigns":false},"product_brand":[3373],"product_cat":[18,3366,3382],"product_tag":[3379,3375,3380,3374,3378,3376,3381,3377],"class_list":{"0":"post-17044","1":"product","2":"type-product","3":"status-publish","4":"has-post-thumbnail","6":"product_brand-dietaroma-maroc-prix-parapharma","7":"product_cat-beaute-sante","8":"product_cat-complements-alimentaires-au-maroc-vitablanca","9":"product_cat-vitamines-supplements-dietetiques-2","10":"product_tag-achat-dietaroma-maroc","11":"product_tag-complements-alimentaires-dietaroma","12":"product_tag-cure-naturelle-dietaroma","13":"product_tag-dietaroma-maroc","14":"product_tag-prix-dietaroma-maroc","15":"product_tag-produits-naturels-dietaroma","16":"product_tag-sante-et-bien-etre-dietaroma","17":"product_tag-vitamines-et-mineraux-dietaroma","19":"first","20":"instock","21":"sale","22":"taxable","23":"shipping-taxable","24":"purchasable","25":"product-type-simple"},"yoast_head":"<!-- This site is optimized with the Yoast SEO plugin v27.3 - https:\/\/yoast.com\/product\/yoast-seo-wordpress\/ -->\n<title>Dietaroma La R\u00fbche Gel\u00e9e Royale Forte 3500mg 20 Ampoules De 15ml - Maroc Prix<\/title>\n<meta name=\"description\" content=\"Dietaroma La R\u00fbche Gel\u00e9e Royale Forte 3500mg 20 Ampoules De 15ml\" \/>\n<meta name=\"robots\" content=\"index, follow, max-snippet:-1, max-image-preview:large, max-video-preview:-1\" \/>\n<link rel=\"canonical\" href=\"https:\/\/vitablanca.ma\/en\/product\/dietaroma-la-ruche-gelee-royale-forte-3500mg-20-ampoules-de-15ml\/\" \/>\n<meta property=\"og:locale\" content=\"en_US\" \/>\n<meta property=\"og:type\" content=\"article\" \/>\n<meta property=\"og:title\" content=\"Dietaroma La R\u00fbche Gel\u00e9e Royale Forte 3500mg 20 Ampoules De 15ml - Maroc Prix\" \/>\n<meta property=\"og:description\" content=\"Dietaroma La R\u00fbche Gel\u00e9e Royale Forte 3500mg 20 Ampoules De 15ml\" \/>\n<meta property=\"og:url\" content=\"https:\/\/vitablanca.ma\/en\/product\/dietaroma-la-ruche-gelee-royale-forte-3500mg-20-ampoules-de-15ml\/\" \/>\n<meta property=\"og:site_name\" content=\"Vitablanca.ma &ndash; Sant&eacute;, vitalit&eacute; et bien-&ecirc;tre pour tous les Marocains\" \/>\n<meta property=\"article:publisher\" content=\"https:\/\/www.facebook.com\/profile.php?id=61576678196717\" \/>\n<meta property=\"article:modified_time\" content=\"2026-01-21T17:49:00+00:00\" \/>\n<meta property=\"og:image\" content=\"https:\/\/vitablanca.ma\/wp-content\/uploads\/2025\/06\/Dietaroma-La-Ruche-Gelee-Royale-Forte-3500mg-20Ampoules-De-15ml-Parapharmacie-Casa-Maroc.jpg\" \/>\n\t<meta property=\"og:image:width\" content=\"1000\" \/>\n\t<meta property=\"og:image:height\" content=\"1000\" \/>\n\t<meta property=\"og:image:type\" content=\"image\/jpeg\" \/>\n<meta name=\"twitter:card\" content=\"summary_large_image\" \/>\n<meta name=\"twitter:label1\" content=\"Est. reading time\" \/>\n\t<meta name=\"twitter:data1\" content=\"2 minutes\" \/>\n<script type=\"application\/ld+json\" class=\"yoast-schema-graph\">{\"@context\":\"https:\\\/\\\/schema.org\",\"@graph\":[{\"@type\":[\"WebPage\",\"ItemPage\"],\"@id\":\"https:\\\/\\\/vitablanca.ma\\\/produit\\\/dietaroma-la-ruche-gelee-royale-forte-3500mg-20-ampoules-de-15ml\\\/\",\"url\":\"https:\\\/\\\/vitablanca.ma\\\/produit\\\/dietaroma-la-ruche-gelee-royale-forte-3500mg-20-ampoules-de-15ml\\\/\",\"name\":\"Dietaroma La R\u00fbche Gel\u00e9e Royale Forte 3500mg 20 Ampoules De 15ml - Maroc Prix\",\"isPartOf\":{\"@id\":\"https:\\\/\\\/vitablanca.ma\\\/#website\"},\"primaryImageOfPage\":{\"@id\":\"https:\\\/\\\/vitablanca.ma\\\/produit\\\/dietaroma-la-ruche-gelee-royale-forte-3500mg-20-ampoules-de-15ml\\\/#primaryimage\"},\"image\":{\"@id\":\"https:\\\/\\\/vitablanca.ma\\\/produit\\\/dietaroma-la-ruche-gelee-royale-forte-3500mg-20-ampoules-de-15ml\\\/#primaryimage\"},\"thumbnailUrl\":\"https:\\\/\\\/vitablanca.ma\\\/wp-content\\\/uploads\\\/2025\\\/06\\\/Dietaroma-La-Ruche-Gelee-Royale-Forte-3500mg-20Ampoules-De-15ml-Parapharmacie-Casa-Maroc.jpg\",\"datePublished\":\"2025-06-10T16:52:49+00:00\",\"dateModified\":\"2026-01-21T17:49:00+00:00\",\"description\":\"Dietaroma La R\u00fbche Gel\u00e9e Royale Forte 3500mg 20 Ampoules De 15ml\",\"breadcrumb\":{\"@id\":\"https:\\\/\\\/vitablanca.ma\\\/produit\\\/dietaroma-la-ruche-gelee-royale-forte-3500mg-20-ampoules-de-15ml\\\/#breadcrumb\"},\"inLanguage\":\"en-US\",\"potentialAction\":[{\"@type\":\"ReadAction\",\"target\":[\"https:\\\/\\\/vitablanca.ma\\\/produit\\\/dietaroma-la-ruche-gelee-royale-forte-3500mg-20-ampoules-de-15ml\\\/\"]}]},{\"@type\":\"ImageObject\",\"inLanguage\":\"en-US\",\"@id\":\"https:\\\/\\\/vitablanca.ma\\\/produit\\\/dietaroma-la-ruche-gelee-royale-forte-3500mg-20-ampoules-de-15ml\\\/#primaryimage\",\"url\":\"https:\\\/\\\/vitablanca.ma\\\/wp-content\\\/uploads\\\/2025\\\/06\\\/Dietaroma-La-Ruche-Gelee-Royale-Forte-3500mg-20Ampoules-De-15ml-Parapharmacie-Casa-Maroc.jpg\",\"contentUrl\":\"https:\\\/\\\/vitablanca.ma\\\/wp-content\\\/uploads\\\/2025\\\/06\\\/Dietaroma-La-Ruche-Gelee-Royale-Forte-3500mg-20Ampoules-De-15ml-Parapharmacie-Casa-Maroc.jpg\",\"width\":1000,\"height\":1000},{\"@type\":\"BreadcrumbList\",\"@id\":\"https:\\\/\\\/vitablanca.ma\\\/produit\\\/dietaroma-la-ruche-gelee-royale-forte-3500mg-20-ampoules-de-15ml\\\/#breadcrumb\",\"itemListElement\":[{\"@type\":\"ListItem\",\"position\":1,\"name\":\"Home\",\"item\":\"https:\\\/\\\/vitablanca.ma\\\/\"},{\"@type\":\"ListItem\",\"position\":2,\"name\":\"Tous Les Produits\",\"item\":\"https:\\\/\\\/vitablanca.ma\\\/tous-les-produits\\\/\"},{\"@type\":\"ListItem\",\"position\":3,\"name\":\"Dietaroma La R\u00fbche Gel\u00e9e Royale Forte 3500mg 20 Ampoules De 15ml\"}]},{\"@type\":\"WebSite\",\"@id\":\"https:\\\/\\\/vitablanca.ma\\\/#website\",\"url\":\"https:\\\/\\\/vitablanca.ma\\\/\",\"name\":\"VitaBlanca.ma | Compl\u00e9ments alimentaires, sant\u00e9 & beaut\u00e9 au Maroc\",\"description\":\"vendre vitamines et compl\u00e9ments premium des USA &amp; Canada, Nouvelle Z\u00e9lande,Maroc (NOW Foods, Solgar, Manuka). Livraison rapide partout au Maroc.\",\"publisher\":{\"@id\":\"https:\\\/\\\/vitablanca.ma\\\/#organization\"},\"alternateName\":\"VitaBlanca.ma\",\"potentialAction\":[{\"@type\":\"SearchAction\",\"target\":{\"@type\":\"EntryPoint\",\"urlTemplate\":\"https:\\\/\\\/vitablanca.ma\\\/?s={search_term_string}\"},\"query-input\":{\"@type\":\"PropertyValueSpecification\",\"valueRequired\":true,\"valueName\":\"search_term_string\"}}],\"inLanguage\":\"en-US\"},{\"@type\":\"Organization\",\"@id\":\"https:\\\/\\\/vitablanca.ma\\\/#organization\",\"name\":\"VitaBlanca\",\"url\":\"https:\\\/\\\/vitablanca.ma\\\/\",\"logo\":{\"@type\":\"ImageObject\",\"inLanguage\":\"en-US\",\"@id\":\"https:\\\/\\\/vitablanca.ma\\\/#\\\/schema\\\/logo\\\/image\\\/\",\"url\":\"https:\\\/\\\/vitablanca.ma\\\/wp-content\\\/uploads\\\/2025\\\/05\\\/cropped-vitablanca.png\",\"contentUrl\":\"https:\\\/\\\/vitablanca.ma\\\/wp-content\\\/uploads\\\/2025\\\/05\\\/cropped-vitablanca.png\",\"width\":360,\"height\":67,\"caption\":\"VitaBlanca\"},\"image\":{\"@id\":\"https:\\\/\\\/vitablanca.ma\\\/#\\\/schema\\\/logo\\\/image\\\/\"},\"sameAs\":[\"https:\\\/\\\/www.facebook.com\\\/profile.php?id=61576678196717\",\"https:\\\/\\\/www.tiktok.com\\\/@vitablanca.ma\",\"https:\\\/\\\/www.instagram.com\\\/vitablanca.ma\\\/\"]}]}<\/script>\n<!-- \/ Yoast SEO plugin. -->","yoast_head_json":{"title":"Dietaroma La R\u00fbche Royal Jelly Forte 3500mg 20 Ampoules of 15ml - Morocco Price","description":"Dietaroma La Ruche Royal Jelly Strong 3500mg 20 Ampoules of 15ml","robots":{"index":"index","follow":"follow","max-snippet":"max-snippet:-1","max-image-preview":"max-image-preview:large","max-video-preview":"max-video-preview:-1"},"canonical":"https:\/\/vitablanca.ma\/en\/product\/dietaroma-la-ruche-gelee-royale-forte-3500mg-20-ampoules-de-15ml\/","og_locale":"en_US","og_type":"article","og_title":"Dietaroma La R\u00fbche Gel\u00e9e Royale Forte 3500mg 20 Ampoules De 15ml - Maroc Prix","og_description":"Dietaroma La R\u00fbche Gel\u00e9e Royale Forte 3500mg 20 Ampoules De 15ml","og_url":"https:\/\/vitablanca.ma\/en\/product\/dietaroma-la-ruche-gelee-royale-forte-3500mg-20-ampoules-de-15ml\/","og_site_name":"Vitablanca.ma &ndash; Sant&eacute;, vitalit&eacute; et bien-&ecirc;tre pour tous les Marocains","article_publisher":"https:\/\/www.facebook.com\/profile.php?id=61576678196717","article_modified_time":"2026-01-21T17:49:00+00:00","og_image":[{"width":1000,"height":1000,"url":"https:\/\/vitablanca.ma\/wp-content\/uploads\/2025\/06\/Dietaroma-La-Ruche-Gelee-Royale-Forte-3500mg-20Ampoules-De-15ml-Parapharmacie-Casa-Maroc.jpg","type":"image\/jpeg"}],"twitter_card":"summary_large_image","twitter_misc":{"Est. reading time":"2 minutes"},"schema":{"@context":"https:\/\/schema.org","@graph":[{"@type":["WebPage","ItemPage"],"@id":"https:\/\/vitablanca.ma\/produit\/dietaroma-la-ruche-gelee-royale-forte-3500mg-20-ampoules-de-15ml\/","url":"https:\/\/vitablanca.ma\/produit\/dietaroma-la-ruche-gelee-royale-forte-3500mg-20-ampoules-de-15ml\/","name":"Dietaroma La R\u00fbche Royal Jelly Forte 3500mg 20 Ampoules of 15ml - Morocco Price","isPartOf":{"@id":"https:\/\/vitablanca.ma\/#website"},"primaryImageOfPage":{"@id":"https:\/\/vitablanca.ma\/produit\/dietaroma-la-ruche-gelee-royale-forte-3500mg-20-ampoules-de-15ml\/#primaryimage"},"image":{"@id":"https:\/\/vitablanca.ma\/produit\/dietaroma-la-ruche-gelee-royale-forte-3500mg-20-ampoules-de-15ml\/#primaryimage"},"thumbnailUrl":"https:\/\/vitablanca.ma\/wp-content\/uploads\/2025\/06\/Dietaroma-La-Ruche-Gelee-Royale-Forte-3500mg-20Ampoules-De-15ml-Parapharmacie-Casa-Maroc.jpg","datePublished":"2025-06-10T16:52:49+00:00","dateModified":"2026-01-21T17:49:00+00:00","description":"Dietaroma La Ruche Royal Jelly Strong 3500mg 20 Ampoules of 15ml","breadcrumb":{"@id":"https:\/\/vitablanca.ma\/produit\/dietaroma-la-ruche-gelee-royale-forte-3500mg-20-ampoules-de-15ml\/#breadcrumb"},"inLanguage":"en-US","potentialAction":[{"@type":"ReadAction","target":["https:\/\/vitablanca.ma\/produit\/dietaroma-la-ruche-gelee-royale-forte-3500mg-20-ampoules-de-15ml\/"]}]},{"@type":"ImageObject","inLanguage":"en-US","@id":"https:\/\/vitablanca.ma\/produit\/dietaroma-la-ruche-gelee-royale-forte-3500mg-20-ampoules-de-15ml\/#primaryimage","url":"https:\/\/vitablanca.ma\/wp-content\/uploads\/2025\/06\/Dietaroma-La-Ruche-Gelee-Royale-Forte-3500mg-20Ampoules-De-15ml-Parapharmacie-Casa-Maroc.jpg","contentUrl":"https:\/\/vitablanca.ma\/wp-content\/uploads\/2025\/06\/Dietaroma-La-Ruche-Gelee-Royale-Forte-3500mg-20Ampoules-De-15ml-Parapharmacie-Casa-Maroc.jpg","width":1000,"height":1000},{"@type":"BreadcrumbList","@id":"https:\/\/vitablanca.ma\/produit\/dietaroma-la-ruche-gelee-royale-forte-3500mg-20-ampoules-de-15ml\/#breadcrumb","itemListElement":[{"@type":"ListItem","position":1,"name":"Home","item":"https:\/\/vitablanca.ma\/"},{"@type":"ListItem","position":2,"name":"Tous Les Produits","item":"https:\/\/vitablanca.ma\/tous-les-produits\/"},{"@type":"ListItem","position":3,"name":"Dietaroma La R\u00fbche Gel\u00e9e Royale Forte 3500mg 20 Ampoules De 15ml"}]},{"@type":"WebSite","@id":"https:\/\/vitablanca.ma\/#website","url":"https:\/\/vitablanca.ma\/","name":"VitaBlanca.ma | Food supplements, health &amp; beauty in Morocco","description":"sell premium vitamins and supplements from USA &amp; Canada, New Zealand, Morocco (NOW Foods, Solgar, Manuka). Fast delivery anywhere in Morocco.","publisher":{"@id":"https:\/\/vitablanca.ma\/#organization"},"alternateName":"VitaBlanca.ma","potentialAction":[{"@type":"SearchAction","target":{"@type":"EntryPoint","urlTemplate":"https:\/\/vitablanca.ma\/?s={search_term_string}"},"query-input":{"@type":"PropertyValueSpecification","valueRequired":true,"valueName":"search_term_string"}}],"inLanguage":"en-US"},{"@type":"Organization","@id":"https:\/\/vitablanca.ma\/#organization","name":"VitaBlanca","url":"https:\/\/vitablanca.ma\/","logo":{"@type":"ImageObject","inLanguage":"en-US","@id":"https:\/\/vitablanca.ma\/#\/schema\/logo\/image\/","url":"https:\/\/vitablanca.ma\/wp-content\/uploads\/2025\/05\/cropped-vitablanca.png","contentUrl":"https:\/\/vitablanca.ma\/wp-content\/uploads\/2025\/05\/cropped-vitablanca.png","width":360,"height":67,"caption":"VitaBlanca"},"image":{"@id":"https:\/\/vitablanca.ma\/#\/schema\/logo\/image\/"},"sameAs":["https:\/\/www.facebook.com\/profile.php?id=61576678196717","https:\/\/www.tiktok.com\/@vitablanca.ma","https:\/\/www.instagram.com\/vitablanca.ma\/"]}]}},"jetpack_sharing_enabled":true,"_links":{"self":[{"href":"https:\/\/vitablanca.ma\/en\/wp-json\/wp\/v2\/product\/17044","targetHints":{"allow":["GET"]}}],"collection":[{"href":"https:\/\/vitablanca.ma\/en\/wp-json\/wp\/v2\/product"}],"about":[{"href":"https:\/\/vitablanca.ma\/en\/wp-json\/wp\/v2\/types\/product"}],"wp:featuredmedia":[{"embeddable":true,"href":"https:\/\/vitablanca.ma\/en\/wp-json\/wp\/v2\/media\/17043"}],"wp:attachment":[{"href":"https:\/\/vitablanca.ma\/en\/wp-json\/wp\/v2\/media?parent=17044"}],"wp:term":[{"taxonomy":"product_brand","embeddable":true,"href":"https:\/\/vitablanca.ma\/en\/wp-json\/wp\/v2\/product_brand?post=17044"},{"taxonomy":"product_cat","embeddable":true,"href":"https:\/\/vitablanca.ma\/en\/wp-json\/wp\/v2\/product_cat?post=17044"},{"taxonomy":"product_tag","embeddable":true,"href":"https:\/\/vitablanca.ma\/en\/wp-json\/wp\/v2\/product_tag?post=17044"}],"curies":[{"name":"wp","href":"https:\/\/api.w.org\/{rel}","templated":true}]}}