{"id":16986,"date":"2025-06-10T16:51:57","date_gmt":"2025-06-10T16:51:57","guid":{"rendered":"https:\/\/vitablanca.ma\/product\/dietaroma-maca-60-comprimes\/"},"modified":"2026-01-21T17:49:03","modified_gmt":"2026-01-21T17:49:03","slug":"dietaroma-maca-60-comprimes","status":"publish","type":"product","link":"https:\/\/vitablanca.ma\/en\/product\/dietaroma-maca-60-comprimes\/","title":{"rendered":"Dietaroma Maca 60 Tablets"},"content":{"rendered":"<h2>Dietaroma Maca<\/h2>\n<p>60 Tablets<\/p>\n<p><strong>Clean tablets highly concentrated in active ingredients<\/strong>, thanks to a patented process which extracts the whole of the plant.<\/p>\n<p>Maca 100% harvested in Peru.<\/p>\n<div class=\"tab-pane fade in active description\" id=\"description\" role=\"tabpanel\">\n<div class=\"tab-pane-title\">\n<h3>Description:<\/h3>\n<\/div>\n<div class=\"product-description\">\n<p>Clean tablets highly concentrated in active ingredients, thanks to a patented process which extracts the whole of the plant.<br \/>Maca 100% harvested in Peru.<\/p>\n<p>\u00a0<\/p>\n<p><em>Maca contributes to\u00a0<strong>PHYSICAL AND MENTAL PERFORMANCE<\/strong><\/em><\/p>\n<p><span>Expertise and innovation<\/span>\u00a0: Complete Plant Concentrate\u00ae<\/p>\n<ul>\n<li><span>Subcritical Water Extraction\u00ae: A unique, patented process that goes deep into plants to recover highly active substances. It&#039;s an innovative, natural technology that extracts the best of the plant using only water.<\/span><\/li>\n<li><span>Ecocert certified products.<\/span><\/li>\n<li><span>A method entirely developed in France, in an eco-responsible approach because it does not use alcoholic or toxic solvents. In addition, it reduces water consumption by up to ten times compared to a conventional process.<\/span><\/li>\n<li><span>Thanks to this innovative technology, we obtain a very wide variety of active ingredients (the whole plant), in very high concentrations, while guaranteeing the naturalness and quality of this product.<\/span><\/li>\n<\/ul>\n<p><span>Enhanced traceability:<\/span>\u00a0local and controlled sectors<\/p>\n<ul>\n<li><span>Di\u00e9taroma is committed to offering you the Complete Plant Concentrate\u00ae in tablets, the plants of which come from French or controlled sources when local supply is not possible.<\/span><\/li>\n<li><span>Promoting expertise and a region: Development and production of innovative extracts concentrated in active ingredients in the west of France (Deux-S\u00e8vres department).<\/span><\/li>\n<li><span>Passionate farmers who work every day with respect for plants and their land: We always guarantee the traceability of our products.<\/span><\/li>\n<\/ul>\n<\/div>\n<\/div>\n<div class=\"tab-pane fade in extra conseils-d-utilisation\" id=\"extra-0\" role=\"tabpanel\">\n<div class=\"tab-pane-title\">\n<h3>Directions for use:<\/h3>\n<\/div>\n<p><strong>INSTRUCTIONS FOR USE<\/strong><span>\u00a0<\/span>:take 2 tablets per day with a large glass of water, preferably at the start of the day.<\/p>\n<p><strong>PRECAUTIONS FOR USE<\/strong><span>\u00a0<\/span>:<\/p>\n<ul>\n<li>Do not exceed the recommended daily dose.<\/li>\n<li>Does not replace a balanced and varied diet and a healthy lifestyle.<\/li>\n<li>Keep out of reach of children.<\/li>\n<li>Consult your doctor or pharmacist in case of chronic illness or long-term treatment.<\/li>\n<li>Seek the advice of a health professional for pregnant and breastfeeding women.<\/li>\n<\/ul>\n<\/div>\n<div class=\"tab-pane fade in extra composition\" id=\"extra-1\" role=\"tabpanel\">\n<div class=\"tab-pane-title\">\n<h3>Composition:<\/h3>\n<\/div>\n<p><strong>FOR 2 TABLETS PER DAY:<\/strong><\/p>\n<p>\u2013 Maca root extract* (Lepidium meyenii): 2000 mg of EPS(2)<\/p>\n<p><em>Origin: Peru**<\/em><\/p>\n<p>\u2013 Bulking agent: acacia gum*,<\/p>\n<p>\u2013 Anti-caking agent: sunflower lecithin*.<\/p>\n<\/div>","protected":false},"excerpt":{"rendered":"<p>Dietaroma Maca 60 Comprim\u00e9s Comprim\u00e9s clean hautement concentr\u00e9s en actifs, gr\u00e2ce \u00e0 un proc\u00e9d\u00e9 brevet\u00e9 qui extrait le totum de la plante. Maca 100% r\u00e9colt\u00e9e au P\u00e9rou. Description: Comprim\u00e9s clean hautement concentr\u00e9s en actifs, gr\u00e2ce \u00e0 un proc\u00e9d\u00e9 brevet\u00e9 qui extrait le totum de la plante.Maca 100% r\u00e9colt\u00e9e au P\u00e9rou. \u00a0 La maca contribue aux\u00a0PERFORMANCES [&hellip;]<\/p>\n","protected":false},"featured_media":16984,"template":"","meta":{"om_disable_all_campaigns":false},"product_brand":[3373],"product_cat":[18,3366,3382],"product_tag":[3379,3375,3380,3374,3378,3376,3381,3377],"class_list":{"0":"post-16986","1":"product","2":"type-product","3":"status-publish","4":"has-post-thumbnail","6":"product_brand-dietaroma-maroc-prix-parapharma","7":"product_cat-beaute-sante","8":"product_cat-complements-alimentaires-au-maroc-vitablanca","9":"product_cat-vitamines-supplements-dietetiques-2","10":"product_tag-achat-dietaroma-maroc","11":"product_tag-complements-alimentaires-dietaroma","12":"product_tag-cure-naturelle-dietaroma","13":"product_tag-dietaroma-maroc","14":"product_tag-prix-dietaroma-maroc","15":"product_tag-produits-naturels-dietaroma","16":"product_tag-sante-et-bien-etre-dietaroma","17":"product_tag-vitamines-et-mineraux-dietaroma","19":"first","20":"instock","21":"sale","22":"taxable","23":"shipping-taxable","24":"purchasable","25":"product-type-simple"},"yoast_head":"<!-- This site is optimized with the Yoast SEO plugin v27.3 - https:\/\/yoast.com\/product\/yoast-seo-wordpress\/ -->\n<title>Dietaroma Maca 60 Comprim\u00e9s - Maroc Prix<\/title>\n<meta name=\"description\" content=\"Les comprim\u00e9s de Maca Dietaroma aident \u00e0 r\u00e9duire la fatigue et \u00e0 booster l&#039;\u00e9nergie physique et mentale. Un soutien naturel pour la vitalit\u00e9 et l&#039;endurance.\" \/>\n<meta name=\"robots\" content=\"index, follow, max-snippet:-1, max-image-preview:large, max-video-preview:-1\" \/>\n<link rel=\"canonical\" href=\"https:\/\/vitablanca.ma\/en\/product\/dietaroma-maca-60-comprimes\/\" \/>\n<meta property=\"og:locale\" content=\"en_US\" \/>\n<meta property=\"og:type\" content=\"article\" \/>\n<meta property=\"og:title\" content=\"Dietaroma Maca 60 Comprim\u00e9s - Maroc Prix\" \/>\n<meta property=\"og:description\" content=\"Les comprim\u00e9s de Maca Dietaroma aident \u00e0 r\u00e9duire la fatigue et \u00e0 booster l&#039;\u00e9nergie physique et mentale. Un soutien naturel pour la vitalit\u00e9 et l&#039;endurance.\" \/>\n<meta property=\"og:url\" content=\"https:\/\/vitablanca.ma\/en\/product\/dietaroma-maca-60-comprimes\/\" \/>\n<meta property=\"og:site_name\" content=\"Vitablanca.ma &ndash; Sant&eacute;, vitalit&eacute; et bien-&ecirc;tre pour tous les Marocains\" \/>\n<meta property=\"article:publisher\" content=\"https:\/\/www.facebook.com\/profile.php?id=61576678196717\" \/>\n<meta property=\"article:modified_time\" content=\"2026-01-21T17:49:03+00:00\" \/>\n<meta property=\"og:image\" content=\"https:\/\/vitablanca.ma\/wp-content\/uploads\/2025\/06\/Dietaroma-Maca-60-Comprimes-prix-maroc-parapharmacie-casablanca.jpg\" \/>\n\t<meta property=\"og:image:width\" content=\"1000\" \/>\n\t<meta property=\"og:image:height\" content=\"1000\" \/>\n\t<meta property=\"og:image:type\" content=\"image\/jpeg\" \/>\n<meta name=\"twitter:card\" content=\"summary_large_image\" \/>\n<meta name=\"twitter:label1\" content=\"Est. reading time\" \/>\n\t<meta name=\"twitter:data1\" content=\"3 minutes\" \/>\n<script type=\"application\/ld+json\" class=\"yoast-schema-graph\">{\"@context\":\"https:\\\/\\\/schema.org\",\"@graph\":[{\"@type\":[\"WebPage\",\"ItemPage\"],\"@id\":\"https:\\\/\\\/vitablanca.ma\\\/produit\\\/dietaroma-maca-60-comprimes\\\/\",\"url\":\"https:\\\/\\\/vitablanca.ma\\\/produit\\\/dietaroma-maca-60-comprimes\\\/\",\"name\":\"Dietaroma Maca 60 Comprim\u00e9s - Maroc Prix\",\"isPartOf\":{\"@id\":\"https:\\\/\\\/vitablanca.ma\\\/#website\"},\"primaryImageOfPage\":{\"@id\":\"https:\\\/\\\/vitablanca.ma\\\/produit\\\/dietaroma-maca-60-comprimes\\\/#primaryimage\"},\"image\":{\"@id\":\"https:\\\/\\\/vitablanca.ma\\\/produit\\\/dietaroma-maca-60-comprimes\\\/#primaryimage\"},\"thumbnailUrl\":\"https:\\\/\\\/vitablanca.ma\\\/wp-content\\\/uploads\\\/2025\\\/06\\\/Dietaroma-Maca-60-Comprimes-prix-maroc-parapharmacie-casablanca.jpg\",\"datePublished\":\"2025-06-10T16:51:57+00:00\",\"dateModified\":\"2026-01-21T17:49:03+00:00\",\"description\":\"Les comprim\u00e9s de Maca Dietaroma aident \u00e0 r\u00e9duire la fatigue et \u00e0 booster l'\u00e9nergie physique et mentale. Un soutien naturel pour la vitalit\u00e9 et l'endurance.\",\"breadcrumb\":{\"@id\":\"https:\\\/\\\/vitablanca.ma\\\/produit\\\/dietaroma-maca-60-comprimes\\\/#breadcrumb\"},\"inLanguage\":\"en-US\",\"potentialAction\":[{\"@type\":\"ReadAction\",\"target\":[\"https:\\\/\\\/vitablanca.ma\\\/produit\\\/dietaroma-maca-60-comprimes\\\/\"]}]},{\"@type\":\"ImageObject\",\"inLanguage\":\"en-US\",\"@id\":\"https:\\\/\\\/vitablanca.ma\\\/produit\\\/dietaroma-maca-60-comprimes\\\/#primaryimage\",\"url\":\"https:\\\/\\\/vitablanca.ma\\\/wp-content\\\/uploads\\\/2025\\\/06\\\/Dietaroma-Maca-60-Comprimes-prix-maroc-parapharmacie-casablanca.jpg\",\"contentUrl\":\"https:\\\/\\\/vitablanca.ma\\\/wp-content\\\/uploads\\\/2025\\\/06\\\/Dietaroma-Maca-60-Comprimes-prix-maroc-parapharmacie-casablanca.jpg\",\"width\":1000,\"height\":1000},{\"@type\":\"BreadcrumbList\",\"@id\":\"https:\\\/\\\/vitablanca.ma\\\/produit\\\/dietaroma-maca-60-comprimes\\\/#breadcrumb\",\"itemListElement\":[{\"@type\":\"ListItem\",\"position\":1,\"name\":\"Home\",\"item\":\"https:\\\/\\\/vitablanca.ma\\\/\"},{\"@type\":\"ListItem\",\"position\":2,\"name\":\"Tous Les Produits\",\"item\":\"https:\\\/\\\/vitablanca.ma\\\/tous-les-produits\\\/\"},{\"@type\":\"ListItem\",\"position\":3,\"name\":\"Dietaroma Maca 60 Comprim\u00e9s\"}]},{\"@type\":\"WebSite\",\"@id\":\"https:\\\/\\\/vitablanca.ma\\\/#website\",\"url\":\"https:\\\/\\\/vitablanca.ma\\\/\",\"name\":\"VitaBlanca.ma | Compl\u00e9ments alimentaires, sant\u00e9 & beaut\u00e9 au Maroc\",\"description\":\"vendre vitamines et compl\u00e9ments premium des USA &amp; Canada, Nouvelle Z\u00e9lande,Maroc (NOW Foods, Solgar, Manuka). Livraison rapide partout au Maroc.\",\"publisher\":{\"@id\":\"https:\\\/\\\/vitablanca.ma\\\/#organization\"},\"alternateName\":\"VitaBlanca.ma\",\"potentialAction\":[{\"@type\":\"SearchAction\",\"target\":{\"@type\":\"EntryPoint\",\"urlTemplate\":\"https:\\\/\\\/vitablanca.ma\\\/?s={search_term_string}\"},\"query-input\":{\"@type\":\"PropertyValueSpecification\",\"valueRequired\":true,\"valueName\":\"search_term_string\"}}],\"inLanguage\":\"en-US\"},{\"@type\":\"Organization\",\"@id\":\"https:\\\/\\\/vitablanca.ma\\\/#organization\",\"name\":\"VitaBlanca\",\"url\":\"https:\\\/\\\/vitablanca.ma\\\/\",\"logo\":{\"@type\":\"ImageObject\",\"inLanguage\":\"en-US\",\"@id\":\"https:\\\/\\\/vitablanca.ma\\\/#\\\/schema\\\/logo\\\/image\\\/\",\"url\":\"https:\\\/\\\/vitablanca.ma\\\/wp-content\\\/uploads\\\/2025\\\/05\\\/cropped-vitablanca.png\",\"contentUrl\":\"https:\\\/\\\/vitablanca.ma\\\/wp-content\\\/uploads\\\/2025\\\/05\\\/cropped-vitablanca.png\",\"width\":360,\"height\":67,\"caption\":\"VitaBlanca\"},\"image\":{\"@id\":\"https:\\\/\\\/vitablanca.ma\\\/#\\\/schema\\\/logo\\\/image\\\/\"},\"sameAs\":[\"https:\\\/\\\/www.facebook.com\\\/profile.php?id=61576678196717\",\"https:\\\/\\\/www.tiktok.com\\\/@vitablanca.ma\",\"https:\\\/\\\/www.instagram.com\\\/vitablanca.ma\\\/\"]}]}<\/script>\n<!-- \/ Yoast SEO plugin. -->","yoast_head_json":{"title":"Dietaroma Maca 60 Tablets - Morocco Price","description":"Dietaroma Maca tablets help reduce fatigue and boost physical and mental energy. A natural support for vitality and endurance.","robots":{"index":"index","follow":"follow","max-snippet":"max-snippet:-1","max-image-preview":"max-image-preview:large","max-video-preview":"max-video-preview:-1"},"canonical":"https:\/\/vitablanca.ma\/en\/product\/dietaroma-maca-60-comprimes\/","og_locale":"en_US","og_type":"article","og_title":"Dietaroma Maca 60 Comprim\u00e9s - Maroc Prix","og_description":"Les comprim\u00e9s de Maca Dietaroma aident \u00e0 r\u00e9duire la fatigue et \u00e0 booster l'\u00e9nergie physique et mentale. Un soutien naturel pour la vitalit\u00e9 et l'endurance.","og_url":"https:\/\/vitablanca.ma\/en\/product\/dietaroma-maca-60-comprimes\/","og_site_name":"Vitablanca.ma &ndash; Sant&eacute;, vitalit&eacute; et bien-&ecirc;tre pour tous les Marocains","article_publisher":"https:\/\/www.facebook.com\/profile.php?id=61576678196717","article_modified_time":"2026-01-21T17:49:03+00:00","og_image":[{"width":1000,"height":1000,"url":"https:\/\/vitablanca.ma\/wp-content\/uploads\/2025\/06\/Dietaroma-Maca-60-Comprimes-prix-maroc-parapharmacie-casablanca.jpg","type":"image\/jpeg"}],"twitter_card":"summary_large_image","twitter_misc":{"Est. reading time":"3 minutes"},"schema":{"@context":"https:\/\/schema.org","@graph":[{"@type":["WebPage","ItemPage"],"@id":"https:\/\/vitablanca.ma\/produit\/dietaroma-maca-60-comprimes\/","url":"https:\/\/vitablanca.ma\/produit\/dietaroma-maca-60-comprimes\/","name":"Dietaroma Maca 60 Tablets - Morocco Price","isPartOf":{"@id":"https:\/\/vitablanca.ma\/#website"},"primaryImageOfPage":{"@id":"https:\/\/vitablanca.ma\/produit\/dietaroma-maca-60-comprimes\/#primaryimage"},"image":{"@id":"https:\/\/vitablanca.ma\/produit\/dietaroma-maca-60-comprimes\/#primaryimage"},"thumbnailUrl":"https:\/\/vitablanca.ma\/wp-content\/uploads\/2025\/06\/Dietaroma-Maca-60-Comprimes-prix-maroc-parapharmacie-casablanca.jpg","datePublished":"2025-06-10T16:51:57+00:00","dateModified":"2026-01-21T17:49:03+00:00","description":"Dietaroma Maca tablets help reduce fatigue and boost physical and mental energy. A natural support for vitality and endurance.","breadcrumb":{"@id":"https:\/\/vitablanca.ma\/produit\/dietaroma-maca-60-comprimes\/#breadcrumb"},"inLanguage":"en-US","potentialAction":[{"@type":"ReadAction","target":["https:\/\/vitablanca.ma\/produit\/dietaroma-maca-60-comprimes\/"]}]},{"@type":"ImageObject","inLanguage":"en-US","@id":"https:\/\/vitablanca.ma\/produit\/dietaroma-maca-60-comprimes\/#primaryimage","url":"https:\/\/vitablanca.ma\/wp-content\/uploads\/2025\/06\/Dietaroma-Maca-60-Comprimes-prix-maroc-parapharmacie-casablanca.jpg","contentUrl":"https:\/\/vitablanca.ma\/wp-content\/uploads\/2025\/06\/Dietaroma-Maca-60-Comprimes-prix-maroc-parapharmacie-casablanca.jpg","width":1000,"height":1000},{"@type":"BreadcrumbList","@id":"https:\/\/vitablanca.ma\/produit\/dietaroma-maca-60-comprimes\/#breadcrumb","itemListElement":[{"@type":"ListItem","position":1,"name":"Home","item":"https:\/\/vitablanca.ma\/"},{"@type":"ListItem","position":2,"name":"Tous Les Produits","item":"https:\/\/vitablanca.ma\/tous-les-produits\/"},{"@type":"ListItem","position":3,"name":"Dietaroma Maca 60 Comprim\u00e9s"}]},{"@type":"WebSite","@id":"https:\/\/vitablanca.ma\/#website","url":"https:\/\/vitablanca.ma\/","name":"VitaBlanca.ma | Food supplements, health &amp; beauty in Morocco","description":"sell premium vitamins and supplements from USA &amp; Canada, New Zealand, Morocco (NOW Foods, Solgar, Manuka). Fast delivery anywhere in Morocco.","publisher":{"@id":"https:\/\/vitablanca.ma\/#organization"},"alternateName":"VitaBlanca.ma","potentialAction":[{"@type":"SearchAction","target":{"@type":"EntryPoint","urlTemplate":"https:\/\/vitablanca.ma\/?s={search_term_string}"},"query-input":{"@type":"PropertyValueSpecification","valueRequired":true,"valueName":"search_term_string"}}],"inLanguage":"en-US"},{"@type":"Organization","@id":"https:\/\/vitablanca.ma\/#organization","name":"VitaBlanca","url":"https:\/\/vitablanca.ma\/","logo":{"@type":"ImageObject","inLanguage":"en-US","@id":"https:\/\/vitablanca.ma\/#\/schema\/logo\/image\/","url":"https:\/\/vitablanca.ma\/wp-content\/uploads\/2025\/05\/cropped-vitablanca.png","contentUrl":"https:\/\/vitablanca.ma\/wp-content\/uploads\/2025\/05\/cropped-vitablanca.png","width":360,"height":67,"caption":"VitaBlanca"},"image":{"@id":"https:\/\/vitablanca.ma\/#\/schema\/logo\/image\/"},"sameAs":["https:\/\/www.facebook.com\/profile.php?id=61576678196717","https:\/\/www.tiktok.com\/@vitablanca.ma","https:\/\/www.instagram.com\/vitablanca.ma\/"]}]}},"jetpack_sharing_enabled":true,"_links":{"self":[{"href":"https:\/\/vitablanca.ma\/en\/wp-json\/wp\/v2\/product\/16986","targetHints":{"allow":["GET"]}}],"collection":[{"href":"https:\/\/vitablanca.ma\/en\/wp-json\/wp\/v2\/product"}],"about":[{"href":"https:\/\/vitablanca.ma\/en\/wp-json\/wp\/v2\/types\/product"}],"wp:featuredmedia":[{"embeddable":true,"href":"https:\/\/vitablanca.ma\/en\/wp-json\/wp\/v2\/media\/16984"}],"wp:attachment":[{"href":"https:\/\/vitablanca.ma\/en\/wp-json\/wp\/v2\/media?parent=16986"}],"wp:term":[{"taxonomy":"product_brand","embeddable":true,"href":"https:\/\/vitablanca.ma\/en\/wp-json\/wp\/v2\/product_brand?post=16986"},{"taxonomy":"product_cat","embeddable":true,"href":"https:\/\/vitablanca.ma\/en\/wp-json\/wp\/v2\/product_cat?post=16986"},{"taxonomy":"product_tag","embeddable":true,"href":"https:\/\/vitablanca.ma\/en\/wp-json\/wp\/v2\/product_tag?post=16986"}],"curies":[{"name":"wp","href":"https:\/\/api.w.org\/{rel}","templated":true}]}}