{"id":16974,"date":"2025-06-10T16:51:45","date_gmt":"2025-06-10T16:51:45","guid":{"rendered":"https:\/\/vitablanca.ma\/product\/dietaroma-prostate-60-capsules\/"},"modified":"2026-01-21T17:49:03","modified_gmt":"2026-01-21T17:49:03","slug":"dietaroma-prostate-60-capsules","status":"publish","type":"product","link":"https:\/\/vitablanca.ma\/en\/product\/dietaroma-prostate-60-capsules\/","title":{"rendered":"Dietaroma Prostate 60 Capsules"},"content":{"rendered":"<h2>Dietaroma Prostate Food supplement with pumpkin seed oil. Pumpkin seed oil contributes to the<span data-mce-fragment=\"1\">\u00a0<\/span><strong data-mce-fragment=\"1\">urinary comfort in men<\/strong>.<\/h2>\n<div class=\"tab-pane fade in active description\" id=\"description\" role=\"tabpanel\">\n<div class=\"product-description\">\n<p>For the well-being of men after 50 years old... Get into the Di\u00e9taroma reflex with the pumpkin seed oil food supplement<strong>\u00a0Capital Man Prostate Complex.<\/strong><\/p>\n<p>We have selected and combined for you the most active ingredients in a concentrated formula that has made our reputation:<br \/><strong>\u2013 pumpkin seed oil:<\/strong>\u00a0contributes to urinary comfort in men and to the proper functioning of the prostate.<br \/><strong>\u2013 lycopene\u00a0<\/strong>: naturally contained in tomatoes.<br \/>&#8211;\u00a0<strong>zinc<\/strong>\u00a0: contributes to maintaining normal testosterone levels in the blood.<br \/>&#8211;\u00a0<strong>selenium<\/strong>\u00a0: contributes to normal spermatogenesis.<br \/><strong>\u2013 Cranberry and essential oil<\/strong>\u00a0<strong>of<\/strong>\u00a0<strong>basil<\/strong>\u00a0: ideally complement this Capital Homme Prostate complex!<\/p>\n<\/div>\n<\/div>\n<div class=\"tab-pane fade in extra conseils-d-utilisation\" id=\"extra-0\" role=\"tabpanel\">\n<div class=\"tab-pane-title\">\n<h3>Directions for use:<\/h3>\n<\/div>\n<p><strong>INSTRUCTIONS FOR USE:\u00a0<\/strong><br \/>\u2013 2 capsules per day in one dose at mealtime.<\/p>\n<p><strong>PRECAUTIONS FOR USE:\u00a0<\/strong><br \/>\u2013 In case of significant urinary discomfort, a medical check-up is recommended.<br \/>\u2013 Do not exceed the recommended daily dose.<br \/>\u2013 This food supplement should be used as part of a balanced diet and a healthy lifestyle.<br \/>\u2013 Keep out of reach of children.<br \/>\u2013 No prolonged use without specialist advice.<\/p>\n<\/div>\n<div class=\"tab-pane fade in extra composition\" id=\"extra-1\" role=\"tabpanel\">\n<div class=\"tab-pane-title\">\n<h3>Composition:<\/h3>\n<\/div>\n<p><strong>INGREDIENTS :<\/strong>\u00a0Pumpkin seed oil (Cucurbita pepo); modified starch from corn; firming agent: glycerol; vegetable oils (coconut, shea); gelling agent: carrageenans; saw palmetto fruit extract (Serenoa repens); selenium yeast; yeast; zinc sulfate; tomato oleoresin with 6% lycopene; d-alpha-tocopherol acetate (vitamin E); essential oils of Indian and Vietnamese basil (Ocimum basilicum); emulsifier: rapeseed lecithin; acidity regulator: disodium phosphate.<\/p>\n<p><strong>DIETAROMA CONCENTRATION \u2013 Intake per recommended daily dose (2 capsules):<\/strong><br \/>\u2013 Pumpkin seed oil: 686 mg<br \/>\u2013 Saw Palmetto Extract: 50 mg<br \/>of which total fatty acids: 40 mg<br \/>of which lauric acid: 11.5 mg<br \/>-Basil essential oils: 20 mg<br \/>-Vitamin E: 12 mg<br \/>-Zinc: 10 mg<br \/>-Lycopene (Tomato extract): 1.4 mg<br \/>-Selenium: 75\u03bcg<\/p>\n<\/div>","protected":false},"excerpt":{"rendered":"<p>Dietaroma Prostate\u00a0Compl\u00e9ment alimentaire \u00e0 l\u2019huile de p\u00e9pins de courge. L\u2019huile de p\u00e9pins de courge participe au\u00a0confort urinaire chez l&rsquo;homme. Pour le bien-\u00eatre des hommes apr\u00e8s 50 ans&#8230; Ayez le r\u00e9flexe Di\u00e9taroma avec le compl\u00e9ment alimentaire \u00e0 l\u2019huile de p\u00e9pins de courge\u00a0Complexe Capital Homme Prostate. Nous avons s\u00e9lectionn\u00e9 et associ\u00e9 pour vous, les ingr\u00e9dients les plus [&hellip;]<\/p>\n","protected":false},"featured_media":16973,"template":"","meta":{"om_disable_all_campaigns":false},"product_brand":[3373],"product_cat":[18,3366,3382],"product_tag":[3379,3375,3380,3374,3378,3376,3381,3377],"class_list":{"0":"post-16974","1":"product","2":"type-product","3":"status-publish","4":"has-post-thumbnail","6":"product_brand-dietaroma-maroc-prix-parapharma","7":"product_cat-beaute-sante","8":"product_cat-complements-alimentaires-au-maroc-vitablanca","9":"product_cat-vitamines-supplements-dietetiques-2","10":"product_tag-achat-dietaroma-maroc","11":"product_tag-complements-alimentaires-dietaroma","12":"product_tag-cure-naturelle-dietaroma","13":"product_tag-dietaroma-maroc","14":"product_tag-prix-dietaroma-maroc","15":"product_tag-produits-naturels-dietaroma","16":"product_tag-sante-et-bien-etre-dietaroma","17":"product_tag-vitamines-et-mineraux-dietaroma","19":"first","20":"instock","21":"sale","22":"taxable","23":"shipping-taxable","24":"purchasable","25":"product-type-simple"},"yoast_head":"<!-- This site is optimized with the Yoast SEO plugin v27.3 - https:\/\/yoast.com\/product\/yoast-seo-wordpress\/ -->\n<title>Dietaroma Prostate | Confort Urinaire Homme | Sabal | Maroc Prix<\/title>\n<meta name=\"description\" content=\"Les capsules Dietaroma \u00e0 base de sabal et de p\u00e9pins de courge soutiennent le bon fonctionnement de la prostate et le confort urinaire chez l&#039;homme.\" \/>\n<meta name=\"robots\" content=\"index, follow, max-snippet:-1, max-image-preview:large, max-video-preview:-1\" \/>\n<link rel=\"canonical\" href=\"https:\/\/vitablanca.ma\/en\/product\/dietaroma-prostate-60-capsules\/\" \/>\n<meta property=\"og:locale\" content=\"en_US\" \/>\n<meta property=\"og:type\" content=\"article\" \/>\n<meta property=\"og:title\" content=\"Dietaroma Prostate | Confort Urinaire Homme | Sabal | Maroc Prix\" \/>\n<meta property=\"og:description\" content=\"Les capsules Dietaroma \u00e0 base de sabal et de p\u00e9pins de courge soutiennent le bon fonctionnement de la prostate et le confort urinaire chez l&#039;homme.\" \/>\n<meta property=\"og:url\" content=\"https:\/\/vitablanca.ma\/en\/product\/dietaroma-prostate-60-capsules\/\" \/>\n<meta property=\"og:site_name\" content=\"Vitablanca.ma &ndash; Sant&eacute;, vitalit&eacute; et bien-&ecirc;tre pour tous les Marocains\" \/>\n<meta property=\"article:publisher\" content=\"https:\/\/www.facebook.com\/profile.php?id=61576678196717\" \/>\n<meta property=\"article:modified_time\" content=\"2026-01-21T17:49:03+00:00\" \/>\n<meta property=\"og:image\" content=\"https:\/\/vitablanca.ma\/wp-content\/uploads\/2025\/06\/dietaroma-prostate-capsules-novapara-parapharmacie-prix-maroc.jpg\" \/>\n\t<meta property=\"og:image:width\" content=\"595\" \/>\n\t<meta property=\"og:image:height\" content=\"655\" \/>\n\t<meta property=\"og:image:type\" content=\"image\/jpeg\" \/>\n<meta name=\"twitter:card\" content=\"summary_large_image\" \/>\n<meta name=\"twitter:label1\" content=\"Est. reading time\" \/>\n\t<meta name=\"twitter:data1\" content=\"2 minutes\" \/>\n<script type=\"application\/ld+json\" class=\"yoast-schema-graph\">{\"@context\":\"https:\\\/\\\/schema.org\",\"@graph\":[{\"@type\":[\"WebPage\",\"ItemPage\"],\"@id\":\"https:\\\/\\\/vitablanca.ma\\\/produit\\\/dietaroma-prostate-60-capsules\\\/\",\"url\":\"https:\\\/\\\/vitablanca.ma\\\/produit\\\/dietaroma-prostate-60-capsules\\\/\",\"name\":\"Dietaroma Prostate | Confort Urinaire Homme | Sabal | Maroc Prix\",\"isPartOf\":{\"@id\":\"https:\\\/\\\/vitablanca.ma\\\/#website\"},\"primaryImageOfPage\":{\"@id\":\"https:\\\/\\\/vitablanca.ma\\\/produit\\\/dietaroma-prostate-60-capsules\\\/#primaryimage\"},\"image\":{\"@id\":\"https:\\\/\\\/vitablanca.ma\\\/produit\\\/dietaroma-prostate-60-capsules\\\/#primaryimage\"},\"thumbnailUrl\":\"https:\\\/\\\/vitablanca.ma\\\/wp-content\\\/uploads\\\/2025\\\/06\\\/dietaroma-prostate-capsules-novapara-parapharmacie-prix-maroc.jpg\",\"datePublished\":\"2025-06-10T16:51:45+00:00\",\"dateModified\":\"2026-01-21T17:49:03+00:00\",\"description\":\"Les capsules Dietaroma \u00e0 base de sabal et de p\u00e9pins de courge soutiennent le bon fonctionnement de la prostate et le confort urinaire chez l'homme.\",\"breadcrumb\":{\"@id\":\"https:\\\/\\\/vitablanca.ma\\\/produit\\\/dietaroma-prostate-60-capsules\\\/#breadcrumb\"},\"inLanguage\":\"en-US\",\"potentialAction\":[{\"@type\":\"ReadAction\",\"target\":[\"https:\\\/\\\/vitablanca.ma\\\/produit\\\/dietaroma-prostate-60-capsules\\\/\"]}]},{\"@type\":\"ImageObject\",\"inLanguage\":\"en-US\",\"@id\":\"https:\\\/\\\/vitablanca.ma\\\/produit\\\/dietaroma-prostate-60-capsules\\\/#primaryimage\",\"url\":\"https:\\\/\\\/vitablanca.ma\\\/wp-content\\\/uploads\\\/2025\\\/06\\\/dietaroma-prostate-capsules-novapara-parapharmacie-prix-maroc.jpg\",\"contentUrl\":\"https:\\\/\\\/vitablanca.ma\\\/wp-content\\\/uploads\\\/2025\\\/06\\\/dietaroma-prostate-capsules-novapara-parapharmacie-prix-maroc.jpg\",\"width\":595,\"height\":655},{\"@type\":\"BreadcrumbList\",\"@id\":\"https:\\\/\\\/vitablanca.ma\\\/produit\\\/dietaroma-prostate-60-capsules\\\/#breadcrumb\",\"itemListElement\":[{\"@type\":\"ListItem\",\"position\":1,\"name\":\"Home\",\"item\":\"https:\\\/\\\/vitablanca.ma\\\/\"},{\"@type\":\"ListItem\",\"position\":2,\"name\":\"Tous Les Produits\",\"item\":\"https:\\\/\\\/vitablanca.ma\\\/tous-les-produits\\\/\"},{\"@type\":\"ListItem\",\"position\":3,\"name\":\"Dietaroma Prostate 60 Capsules\"}]},{\"@type\":\"WebSite\",\"@id\":\"https:\\\/\\\/vitablanca.ma\\\/#website\",\"url\":\"https:\\\/\\\/vitablanca.ma\\\/\",\"name\":\"VitaBlanca.ma | Compl\u00e9ments alimentaires, sant\u00e9 & beaut\u00e9 au Maroc\",\"description\":\"vendre vitamines et compl\u00e9ments premium des USA &amp; Canada, Nouvelle Z\u00e9lande,Maroc (NOW Foods, Solgar, Manuka). Livraison rapide partout au Maroc.\",\"publisher\":{\"@id\":\"https:\\\/\\\/vitablanca.ma\\\/#organization\"},\"alternateName\":\"VitaBlanca.ma\",\"potentialAction\":[{\"@type\":\"SearchAction\",\"target\":{\"@type\":\"EntryPoint\",\"urlTemplate\":\"https:\\\/\\\/vitablanca.ma\\\/?s={search_term_string}\"},\"query-input\":{\"@type\":\"PropertyValueSpecification\",\"valueRequired\":true,\"valueName\":\"search_term_string\"}}],\"inLanguage\":\"en-US\"},{\"@type\":\"Organization\",\"@id\":\"https:\\\/\\\/vitablanca.ma\\\/#organization\",\"name\":\"VitaBlanca\",\"url\":\"https:\\\/\\\/vitablanca.ma\\\/\",\"logo\":{\"@type\":\"ImageObject\",\"inLanguage\":\"en-US\",\"@id\":\"https:\\\/\\\/vitablanca.ma\\\/#\\\/schema\\\/logo\\\/image\\\/\",\"url\":\"https:\\\/\\\/vitablanca.ma\\\/wp-content\\\/uploads\\\/2025\\\/05\\\/cropped-vitablanca.png\",\"contentUrl\":\"https:\\\/\\\/vitablanca.ma\\\/wp-content\\\/uploads\\\/2025\\\/05\\\/cropped-vitablanca.png\",\"width\":360,\"height\":67,\"caption\":\"VitaBlanca\"},\"image\":{\"@id\":\"https:\\\/\\\/vitablanca.ma\\\/#\\\/schema\\\/logo\\\/image\\\/\"},\"sameAs\":[\"https:\\\/\\\/www.facebook.com\\\/profile.php?id=61576678196717\",\"https:\\\/\\\/www.tiktok.com\\\/@vitablanca.ma\",\"https:\\\/\\\/www.instagram.com\\\/vitablanca.ma\\\/\"]}]}<\/script>\n<!-- \/ Yoast SEO plugin. -->","yoast_head_json":{"title":"Dietaroma Prostate | Men&#039;s Urinary Comfort | Sabal | Morocco Price","description":"Dietaroma capsules based on sabal and pumpkin seeds support the proper functioning of the prostate and urinary comfort in men.","robots":{"index":"index","follow":"follow","max-snippet":"max-snippet:-1","max-image-preview":"max-image-preview:large","max-video-preview":"max-video-preview:-1"},"canonical":"https:\/\/vitablanca.ma\/en\/product\/dietaroma-prostate-60-capsules\/","og_locale":"en_US","og_type":"article","og_title":"Dietaroma Prostate | Confort Urinaire Homme | Sabal | Maroc Prix","og_description":"Les capsules Dietaroma \u00e0 base de sabal et de p\u00e9pins de courge soutiennent le bon fonctionnement de la prostate et le confort urinaire chez l'homme.","og_url":"https:\/\/vitablanca.ma\/en\/product\/dietaroma-prostate-60-capsules\/","og_site_name":"Vitablanca.ma &ndash; Sant&eacute;, vitalit&eacute; et bien-&ecirc;tre pour tous les Marocains","article_publisher":"https:\/\/www.facebook.com\/profile.php?id=61576678196717","article_modified_time":"2026-01-21T17:49:03+00:00","og_image":[{"width":595,"height":655,"url":"https:\/\/vitablanca.ma\/wp-content\/uploads\/2025\/06\/dietaroma-prostate-capsules-novapara-parapharmacie-prix-maroc.jpg","type":"image\/jpeg"}],"twitter_card":"summary_large_image","twitter_misc":{"Est. reading time":"2 minutes"},"schema":{"@context":"https:\/\/schema.org","@graph":[{"@type":["WebPage","ItemPage"],"@id":"https:\/\/vitablanca.ma\/produit\/dietaroma-prostate-60-capsules\/","url":"https:\/\/vitablanca.ma\/produit\/dietaroma-prostate-60-capsules\/","name":"Dietaroma Prostate | Men&#039;s Urinary Comfort | Sabal | Morocco Price","isPartOf":{"@id":"https:\/\/vitablanca.ma\/#website"},"primaryImageOfPage":{"@id":"https:\/\/vitablanca.ma\/produit\/dietaroma-prostate-60-capsules\/#primaryimage"},"image":{"@id":"https:\/\/vitablanca.ma\/produit\/dietaroma-prostate-60-capsules\/#primaryimage"},"thumbnailUrl":"https:\/\/vitablanca.ma\/wp-content\/uploads\/2025\/06\/dietaroma-prostate-capsules-novapara-parapharmacie-prix-maroc.jpg","datePublished":"2025-06-10T16:51:45+00:00","dateModified":"2026-01-21T17:49:03+00:00","description":"Dietaroma capsules based on sabal and pumpkin seeds support the proper functioning of the prostate and urinary comfort in men.","breadcrumb":{"@id":"https:\/\/vitablanca.ma\/produit\/dietaroma-prostate-60-capsules\/#breadcrumb"},"inLanguage":"en-US","potentialAction":[{"@type":"ReadAction","target":["https:\/\/vitablanca.ma\/produit\/dietaroma-prostate-60-capsules\/"]}]},{"@type":"ImageObject","inLanguage":"en-US","@id":"https:\/\/vitablanca.ma\/produit\/dietaroma-prostate-60-capsules\/#primaryimage","url":"https:\/\/vitablanca.ma\/wp-content\/uploads\/2025\/06\/dietaroma-prostate-capsules-novapara-parapharmacie-prix-maroc.jpg","contentUrl":"https:\/\/vitablanca.ma\/wp-content\/uploads\/2025\/06\/dietaroma-prostate-capsules-novapara-parapharmacie-prix-maroc.jpg","width":595,"height":655},{"@type":"BreadcrumbList","@id":"https:\/\/vitablanca.ma\/produit\/dietaroma-prostate-60-capsules\/#breadcrumb","itemListElement":[{"@type":"ListItem","position":1,"name":"Home","item":"https:\/\/vitablanca.ma\/"},{"@type":"ListItem","position":2,"name":"Tous Les Produits","item":"https:\/\/vitablanca.ma\/tous-les-produits\/"},{"@type":"ListItem","position":3,"name":"Dietaroma Prostate 60 Capsules"}]},{"@type":"WebSite","@id":"https:\/\/vitablanca.ma\/#website","url":"https:\/\/vitablanca.ma\/","name":"VitaBlanca.ma | Food supplements, health &amp; beauty in Morocco","description":"sell premium vitamins and supplements from USA &amp; Canada, New Zealand, Morocco (NOW Foods, Solgar, Manuka). Fast delivery anywhere in Morocco.","publisher":{"@id":"https:\/\/vitablanca.ma\/#organization"},"alternateName":"VitaBlanca.ma","potentialAction":[{"@type":"SearchAction","target":{"@type":"EntryPoint","urlTemplate":"https:\/\/vitablanca.ma\/?s={search_term_string}"},"query-input":{"@type":"PropertyValueSpecification","valueRequired":true,"valueName":"search_term_string"}}],"inLanguage":"en-US"},{"@type":"Organization","@id":"https:\/\/vitablanca.ma\/#organization","name":"VitaBlanca","url":"https:\/\/vitablanca.ma\/","logo":{"@type":"ImageObject","inLanguage":"en-US","@id":"https:\/\/vitablanca.ma\/#\/schema\/logo\/image\/","url":"https:\/\/vitablanca.ma\/wp-content\/uploads\/2025\/05\/cropped-vitablanca.png","contentUrl":"https:\/\/vitablanca.ma\/wp-content\/uploads\/2025\/05\/cropped-vitablanca.png","width":360,"height":67,"caption":"VitaBlanca"},"image":{"@id":"https:\/\/vitablanca.ma\/#\/schema\/logo\/image\/"},"sameAs":["https:\/\/www.facebook.com\/profile.php?id=61576678196717","https:\/\/www.tiktok.com\/@vitablanca.ma","https:\/\/www.instagram.com\/vitablanca.ma\/"]}]}},"jetpack_sharing_enabled":true,"_links":{"self":[{"href":"https:\/\/vitablanca.ma\/en\/wp-json\/wp\/v2\/product\/16974","targetHints":{"allow":["GET"]}}],"collection":[{"href":"https:\/\/vitablanca.ma\/en\/wp-json\/wp\/v2\/product"}],"about":[{"href":"https:\/\/vitablanca.ma\/en\/wp-json\/wp\/v2\/types\/product"}],"wp:featuredmedia":[{"embeddable":true,"href":"https:\/\/vitablanca.ma\/en\/wp-json\/wp\/v2\/media\/16973"}],"wp:attachment":[{"href":"https:\/\/vitablanca.ma\/en\/wp-json\/wp\/v2\/media?parent=16974"}],"wp:term":[{"taxonomy":"product_brand","embeddable":true,"href":"https:\/\/vitablanca.ma\/en\/wp-json\/wp\/v2\/product_brand?post=16974"},{"taxonomy":"product_cat","embeddable":true,"href":"https:\/\/vitablanca.ma\/en\/wp-json\/wp\/v2\/product_cat?post=16974"},{"taxonomy":"product_tag","embeddable":true,"href":"https:\/\/vitablanca.ma\/en\/wp-json\/wp\/v2\/product_tag?post=16974"}],"curies":[{"name":"wp","href":"https:\/\/api.w.org\/{rel}","templated":true}]}}