{"id":16970,"date":"2025-06-10T16:51:41","date_gmt":"2025-06-10T16:51:41","guid":{"rendered":"https:\/\/vitablanca.ma\/product\/dietaroma-vitamine-d3-2000-ui-vegetale-40-comprimes\/"},"modified":"2026-01-21T17:49:03","modified_gmt":"2026-01-21T17:49:03","slug":"dietaroma-vitamine-d3-2000-ui-vegetale-40-comprimes","status":"publish","type":"product","link":"https:\/\/vitablanca.ma\/en\/product\/dietaroma-vitamine-d3-2000-ui-vegetale-40-comprimes\/","title":{"rendered":"Dietaroma Vitamin D3 2000 IU Vegetable 40 Tablets"},"content":{"rendered":"<h2>Dietaroma Vitamin D3 2000 IU Vegetable, Vitamin D3 contributes to the normal functioning of immunity.<\/h2>\n<div role=\"tabpanel\" id=\"description\" class=\"tab-pane fade in active description\">\n<div class=\"product-description\">\n<p>Our formula, highly concentrated in vitamin D3, provides an optimal daily amount of 2000 IU (International Unit).<br \/>Vitamin D3 contributes to<span>\u00a0<\/span><strong>normal functioning of the immune system and the maintenance of normal bones.<\/strong><\/p>\n<p><strong>40 tablets:\u00a0\u00a0<\/strong>1 tablet\/day or 40 days<\/p>\n<\/div>\n<\/div>\n<div role=\"tabpanel\" id=\"extra-0\" class=\"tab-pane fade in extra conseils-d-utilisation\">\n<div class=\"tab-pane-title\">\n<h3>Directions for use:<\/h3>\n<\/div>\n<p><strong>INSTRUCTIONS FOR USE:<\/strong><\/p>\n<p>1 tablet per day to be taken during a meal with a large glass of water.<\/p>\n<p><strong>PRECAUTIONS FOR USE:<\/strong><\/p>\n<p>\u2013 Do not exceed the recommended daily dose\u00a0<\/p>\n<p>\u2013 Does not replace a balanced and varied diet and a healthy lifestyle\u00a0<\/p>\n<p>\u2013 Keep out of reach of children<\/p>\n<p>\u2013 Not recommended for children under 11 years old\u00a0<\/p>\n<p>\u2013 Pregnant and breastfeeding women are recommended to seek medical advice before taking any supplements.\u00a0<\/p>\n<\/div>\n<div role=\"tabpanel\" id=\"extra-1\" class=\"tab-pane fade in extra composition\">\n<div class=\"tab-pane-title\">\n<h3>Composition:<\/h3>\n<\/div>\n<p><strong>INGREDIENTS :<\/strong><\/p>\n<p>Bulking agent: acacia gum<\/p>\n<p>Plant-based vitamin D3 from lichen (cladoniarangiferina)<\/p>\n<p>Anti-caking agent: Rice starch<\/p>\n<\/div>","protected":false},"excerpt":{"rendered":"<p>Dietaroma Vitamine D3 2000 UI V\u00e9g\u00e9tale , La vitamine D3 contribue au fonctionnement normal de l\u2019immunit\u00e9. Notre formule, tr\u00e8s concentr\u00e9e en vitamine D3, apporte\u00a0une quantit\u00e9 journali\u00e8re optimale de 2000 UI (Unit\u00e9 Internationale).La vitamine D3 contribue au\u00a0fonctionnement normal du syst\u00e8me\u00a0immunitaire et au maintien d&rsquo;une ossature normale. 40 comprim\u00e9s :\u00a0\u00a01 comprim\u00e9\/jour soit 40 jours Conseils d\u2019utilisation: MODE [&hellip;]<\/p>\n","protected":false},"featured_media":16969,"template":"","meta":{"om_disable_all_campaigns":false},"product_brand":[3373],"product_cat":[18,3366,3382],"product_tag":[3379,3375,3380,3374,3378,3376,3381,3377],"class_list":{"0":"post-16970","1":"product","2":"type-product","3":"status-publish","4":"has-post-thumbnail","6":"product_brand-dietaroma-maroc-prix-parapharma","7":"product_cat-beaute-sante","8":"product_cat-complements-alimentaires-au-maroc-vitablanca","9":"product_cat-vitamines-supplements-dietetiques-2","10":"product_tag-achat-dietaroma-maroc","11":"product_tag-complements-alimentaires-dietaroma","12":"product_tag-cure-naturelle-dietaroma","13":"product_tag-dietaroma-maroc","14":"product_tag-prix-dietaroma-maroc","15":"product_tag-produits-naturels-dietaroma","16":"product_tag-sante-et-bien-etre-dietaroma","17":"product_tag-vitamines-et-mineraux-dietaroma","19":"first","20":"instock","21":"sale","22":"taxable","23":"shipping-taxable","24":"purchasable","25":"product-type-simple"},"yoast_head":"<!-- This site is optimized with the Yoast SEO plugin v27.3 - https:\/\/yoast.com\/product\/yoast-seo-wordpress\/ -->\n<title>Dietaroma Vitamine D3 2000 UI V\u00e9g\u00e9tale 40 Comprimes - Maroc<\/title>\n<meta name=\"description\" content=\"Les comprim\u00e9s Dietaroma Vitamine D3 2000 UI sont 100% v\u00e9g\u00e9taux. Ils soutiennent la sant\u00e9 osseuse, renforcent le syst\u00e8me immunitaire et am\u00e9liorent\" \/>\n<meta name=\"robots\" content=\"index, follow, max-snippet:-1, max-image-preview:large, max-video-preview:-1\" \/>\n<link rel=\"canonical\" href=\"https:\/\/vitablanca.ma\/en\/product\/dietaroma-vitamine-d3-2000-ui-vegetale-40-comprimes\/\" \/>\n<meta property=\"og:locale\" content=\"en_US\" \/>\n<meta property=\"og:type\" content=\"article\" \/>\n<meta property=\"og:title\" content=\"Dietaroma Vitamine D3 2000 UI V\u00e9g\u00e9tale 40 Comprimes - Maroc\" \/>\n<meta property=\"og:description\" content=\"Les comprim\u00e9s Dietaroma Vitamine D3 2000 UI sont 100% v\u00e9g\u00e9taux. Ils soutiennent la sant\u00e9 osseuse, renforcent le syst\u00e8me immunitaire et am\u00e9liorent\" \/>\n<meta property=\"og:url\" content=\"https:\/\/vitablanca.ma\/en\/product\/dietaroma-vitamine-d3-2000-ui-vegetale-40-comprimes\/\" \/>\n<meta property=\"og:site_name\" content=\"Vitablanca.ma &ndash; Sant&eacute;, vitalit&eacute; et bien-&ecirc;tre pour tous les Marocains\" \/>\n<meta property=\"article:publisher\" content=\"https:\/\/www.facebook.com\/profile.php?id=61576678196717\" \/>\n<meta property=\"article:modified_time\" content=\"2026-01-21T17:49:03+00:00\" \/>\n<meta property=\"og:image\" content=\"https:\/\/vitablanca.ma\/wp-content\/uploads\/2025\/06\/Dietaroma-Vitamine-D3-2000-UI-Vegetale-40-Comprimes-nova-parapharmacie-casablanca.jpg\" \/>\n\t<meta property=\"og:image:width\" content=\"1000\" \/>\n\t<meta property=\"og:image:height\" content=\"1000\" \/>\n\t<meta property=\"og:image:type\" content=\"image\/jpeg\" \/>\n<meta name=\"twitter:card\" content=\"summary_large_image\" \/>\n<meta name=\"twitter:label1\" content=\"Est. reading time\" \/>\n\t<meta name=\"twitter:data1\" content=\"1 minute\" \/>\n<script type=\"application\/ld+json\" class=\"yoast-schema-graph\">{\"@context\":\"https:\\\/\\\/schema.org\",\"@graph\":[{\"@type\":[\"WebPage\",\"ItemPage\"],\"@id\":\"https:\\\/\\\/vitablanca.ma\\\/produit\\\/dietaroma-vitamine-d3-2000-ui-vegetale-40-comprimes\\\/\",\"url\":\"https:\\\/\\\/vitablanca.ma\\\/produit\\\/dietaroma-vitamine-d3-2000-ui-vegetale-40-comprimes\\\/\",\"name\":\"Dietaroma Vitamine D3 2000 UI V\u00e9g\u00e9tale 40 Comprimes - Maroc\",\"isPartOf\":{\"@id\":\"https:\\\/\\\/vitablanca.ma\\\/#website\"},\"primaryImageOfPage\":{\"@id\":\"https:\\\/\\\/vitablanca.ma\\\/produit\\\/dietaroma-vitamine-d3-2000-ui-vegetale-40-comprimes\\\/#primaryimage\"},\"image\":{\"@id\":\"https:\\\/\\\/vitablanca.ma\\\/produit\\\/dietaroma-vitamine-d3-2000-ui-vegetale-40-comprimes\\\/#primaryimage\"},\"thumbnailUrl\":\"https:\\\/\\\/vitablanca.ma\\\/wp-content\\\/uploads\\\/2025\\\/06\\\/Dietaroma-Vitamine-D3-2000-UI-Vegetale-40-Comprimes-nova-parapharmacie-casablanca.jpg\",\"datePublished\":\"2025-06-10T16:51:41+00:00\",\"dateModified\":\"2026-01-21T17:49:03+00:00\",\"description\":\"Les comprim\u00e9s Dietaroma Vitamine D3 2000 UI sont 100% v\u00e9g\u00e9taux. Ils soutiennent la sant\u00e9 osseuse, renforcent le syst\u00e8me immunitaire et am\u00e9liorent\",\"breadcrumb\":{\"@id\":\"https:\\\/\\\/vitablanca.ma\\\/produit\\\/dietaroma-vitamine-d3-2000-ui-vegetale-40-comprimes\\\/#breadcrumb\"},\"inLanguage\":\"en-US\",\"potentialAction\":[{\"@type\":\"ReadAction\",\"target\":[\"https:\\\/\\\/vitablanca.ma\\\/produit\\\/dietaroma-vitamine-d3-2000-ui-vegetale-40-comprimes\\\/\"]}]},{\"@type\":\"ImageObject\",\"inLanguage\":\"en-US\",\"@id\":\"https:\\\/\\\/vitablanca.ma\\\/produit\\\/dietaroma-vitamine-d3-2000-ui-vegetale-40-comprimes\\\/#primaryimage\",\"url\":\"https:\\\/\\\/vitablanca.ma\\\/wp-content\\\/uploads\\\/2025\\\/06\\\/Dietaroma-Vitamine-D3-2000-UI-Vegetale-40-Comprimes-nova-parapharmacie-casablanca.jpg\",\"contentUrl\":\"https:\\\/\\\/vitablanca.ma\\\/wp-content\\\/uploads\\\/2025\\\/06\\\/Dietaroma-Vitamine-D3-2000-UI-Vegetale-40-Comprimes-nova-parapharmacie-casablanca.jpg\",\"width\":1000,\"height\":1000},{\"@type\":\"BreadcrumbList\",\"@id\":\"https:\\\/\\\/vitablanca.ma\\\/produit\\\/dietaroma-vitamine-d3-2000-ui-vegetale-40-comprimes\\\/#breadcrumb\",\"itemListElement\":[{\"@type\":\"ListItem\",\"position\":1,\"name\":\"Home\",\"item\":\"https:\\\/\\\/vitablanca.ma\\\/\"},{\"@type\":\"ListItem\",\"position\":2,\"name\":\"Tous Les Produits\",\"item\":\"https:\\\/\\\/vitablanca.ma\\\/tous-les-produits\\\/\"},{\"@type\":\"ListItem\",\"position\":3,\"name\":\"Dietaroma Vitamine D3 2000 UI V\u00e9g\u00e9tale 40 Comprimes\"}]},{\"@type\":\"WebSite\",\"@id\":\"https:\\\/\\\/vitablanca.ma\\\/#website\",\"url\":\"https:\\\/\\\/vitablanca.ma\\\/\",\"name\":\"VitaBlanca.ma | Compl\u00e9ments alimentaires, sant\u00e9 & beaut\u00e9 au Maroc\",\"description\":\"vendre vitamines et compl\u00e9ments premium des USA &amp; Canada, Nouvelle Z\u00e9lande,Maroc (NOW Foods, Solgar, Manuka). Livraison rapide partout au Maroc.\",\"publisher\":{\"@id\":\"https:\\\/\\\/vitablanca.ma\\\/#organization\"},\"alternateName\":\"VitaBlanca.ma\",\"potentialAction\":[{\"@type\":\"SearchAction\",\"target\":{\"@type\":\"EntryPoint\",\"urlTemplate\":\"https:\\\/\\\/vitablanca.ma\\\/?s={search_term_string}\"},\"query-input\":{\"@type\":\"PropertyValueSpecification\",\"valueRequired\":true,\"valueName\":\"search_term_string\"}}],\"inLanguage\":\"en-US\"},{\"@type\":\"Organization\",\"@id\":\"https:\\\/\\\/vitablanca.ma\\\/#organization\",\"name\":\"VitaBlanca\",\"url\":\"https:\\\/\\\/vitablanca.ma\\\/\",\"logo\":{\"@type\":\"ImageObject\",\"inLanguage\":\"en-US\",\"@id\":\"https:\\\/\\\/vitablanca.ma\\\/#\\\/schema\\\/logo\\\/image\\\/\",\"url\":\"https:\\\/\\\/vitablanca.ma\\\/wp-content\\\/uploads\\\/2025\\\/05\\\/cropped-vitablanca.png\",\"contentUrl\":\"https:\\\/\\\/vitablanca.ma\\\/wp-content\\\/uploads\\\/2025\\\/05\\\/cropped-vitablanca.png\",\"width\":360,\"height\":67,\"caption\":\"VitaBlanca\"},\"image\":{\"@id\":\"https:\\\/\\\/vitablanca.ma\\\/#\\\/schema\\\/logo\\\/image\\\/\"},\"sameAs\":[\"https:\\\/\\\/www.facebook.com\\\/profile.php?id=61576678196717\",\"https:\\\/\\\/www.tiktok.com\\\/@vitablanca.ma\",\"https:\\\/\\\/www.instagram.com\\\/vitablanca.ma\\\/\"]}]}<\/script>\n<!-- \/ Yoast SEO plugin. -->","yoast_head_json":{"title":"Dietaroma Vitamin D3 2000 IU Vegetable 40 Tablets - Morocco","description":"Dietaroma Vitamin D3 2000 IU tablets are 100% plant-based. They support bone health, strengthen the immune system and improve","robots":{"index":"index","follow":"follow","max-snippet":"max-snippet:-1","max-image-preview":"max-image-preview:large","max-video-preview":"max-video-preview:-1"},"canonical":"https:\/\/vitablanca.ma\/en\/product\/dietaroma-vitamine-d3-2000-ui-vegetale-40-comprimes\/","og_locale":"en_US","og_type":"article","og_title":"Dietaroma Vitamine D3 2000 UI V\u00e9g\u00e9tale 40 Comprimes - Maroc","og_description":"Les comprim\u00e9s Dietaroma Vitamine D3 2000 UI sont 100% v\u00e9g\u00e9taux. Ils soutiennent la sant\u00e9 osseuse, renforcent le syst\u00e8me immunitaire et am\u00e9liorent","og_url":"https:\/\/vitablanca.ma\/en\/product\/dietaroma-vitamine-d3-2000-ui-vegetale-40-comprimes\/","og_site_name":"Vitablanca.ma &ndash; Sant&eacute;, vitalit&eacute; et bien-&ecirc;tre pour tous les Marocains","article_publisher":"https:\/\/www.facebook.com\/profile.php?id=61576678196717","article_modified_time":"2026-01-21T17:49:03+00:00","og_image":[{"width":1000,"height":1000,"url":"https:\/\/vitablanca.ma\/wp-content\/uploads\/2025\/06\/Dietaroma-Vitamine-D3-2000-UI-Vegetale-40-Comprimes-nova-parapharmacie-casablanca.jpg","type":"image\/jpeg"}],"twitter_card":"summary_large_image","twitter_misc":{"Est. reading time":"1 minute"},"schema":{"@context":"https:\/\/schema.org","@graph":[{"@type":["WebPage","ItemPage"],"@id":"https:\/\/vitablanca.ma\/produit\/dietaroma-vitamine-d3-2000-ui-vegetale-40-comprimes\/","url":"https:\/\/vitablanca.ma\/produit\/dietaroma-vitamine-d3-2000-ui-vegetale-40-comprimes\/","name":"Dietaroma Vitamin D3 2000 IU Vegetable 40 Tablets - Morocco","isPartOf":{"@id":"https:\/\/vitablanca.ma\/#website"},"primaryImageOfPage":{"@id":"https:\/\/vitablanca.ma\/produit\/dietaroma-vitamine-d3-2000-ui-vegetale-40-comprimes\/#primaryimage"},"image":{"@id":"https:\/\/vitablanca.ma\/produit\/dietaroma-vitamine-d3-2000-ui-vegetale-40-comprimes\/#primaryimage"},"thumbnailUrl":"https:\/\/vitablanca.ma\/wp-content\/uploads\/2025\/06\/Dietaroma-Vitamine-D3-2000-UI-Vegetale-40-Comprimes-nova-parapharmacie-casablanca.jpg","datePublished":"2025-06-10T16:51:41+00:00","dateModified":"2026-01-21T17:49:03+00:00","description":"Dietaroma Vitamin D3 2000 IU tablets are 100% plant-based. They support bone health, strengthen the immune system and improve","breadcrumb":{"@id":"https:\/\/vitablanca.ma\/produit\/dietaroma-vitamine-d3-2000-ui-vegetale-40-comprimes\/#breadcrumb"},"inLanguage":"en-US","potentialAction":[{"@type":"ReadAction","target":["https:\/\/vitablanca.ma\/produit\/dietaroma-vitamine-d3-2000-ui-vegetale-40-comprimes\/"]}]},{"@type":"ImageObject","inLanguage":"en-US","@id":"https:\/\/vitablanca.ma\/produit\/dietaroma-vitamine-d3-2000-ui-vegetale-40-comprimes\/#primaryimage","url":"https:\/\/vitablanca.ma\/wp-content\/uploads\/2025\/06\/Dietaroma-Vitamine-D3-2000-UI-Vegetale-40-Comprimes-nova-parapharmacie-casablanca.jpg","contentUrl":"https:\/\/vitablanca.ma\/wp-content\/uploads\/2025\/06\/Dietaroma-Vitamine-D3-2000-UI-Vegetale-40-Comprimes-nova-parapharmacie-casablanca.jpg","width":1000,"height":1000},{"@type":"BreadcrumbList","@id":"https:\/\/vitablanca.ma\/produit\/dietaroma-vitamine-d3-2000-ui-vegetale-40-comprimes\/#breadcrumb","itemListElement":[{"@type":"ListItem","position":1,"name":"Home","item":"https:\/\/vitablanca.ma\/"},{"@type":"ListItem","position":2,"name":"Tous Les Produits","item":"https:\/\/vitablanca.ma\/tous-les-produits\/"},{"@type":"ListItem","position":3,"name":"Dietaroma Vitamine D3 2000 UI V\u00e9g\u00e9tale 40 Comprimes"}]},{"@type":"WebSite","@id":"https:\/\/vitablanca.ma\/#website","url":"https:\/\/vitablanca.ma\/","name":"VitaBlanca.ma | Food supplements, health &amp; beauty in Morocco","description":"sell premium vitamins and supplements from USA &amp; Canada, New Zealand, Morocco (NOW Foods, Solgar, Manuka). Fast delivery anywhere in Morocco.","publisher":{"@id":"https:\/\/vitablanca.ma\/#organization"},"alternateName":"VitaBlanca.ma","potentialAction":[{"@type":"SearchAction","target":{"@type":"EntryPoint","urlTemplate":"https:\/\/vitablanca.ma\/?s={search_term_string}"},"query-input":{"@type":"PropertyValueSpecification","valueRequired":true,"valueName":"search_term_string"}}],"inLanguage":"en-US"},{"@type":"Organization","@id":"https:\/\/vitablanca.ma\/#organization","name":"VitaBlanca","url":"https:\/\/vitablanca.ma\/","logo":{"@type":"ImageObject","inLanguage":"en-US","@id":"https:\/\/vitablanca.ma\/#\/schema\/logo\/image\/","url":"https:\/\/vitablanca.ma\/wp-content\/uploads\/2025\/05\/cropped-vitablanca.png","contentUrl":"https:\/\/vitablanca.ma\/wp-content\/uploads\/2025\/05\/cropped-vitablanca.png","width":360,"height":67,"caption":"VitaBlanca"},"image":{"@id":"https:\/\/vitablanca.ma\/#\/schema\/logo\/image\/"},"sameAs":["https:\/\/www.facebook.com\/profile.php?id=61576678196717","https:\/\/www.tiktok.com\/@vitablanca.ma","https:\/\/www.instagram.com\/vitablanca.ma\/"]}]}},"jetpack_sharing_enabled":true,"_links":{"self":[{"href":"https:\/\/vitablanca.ma\/en\/wp-json\/wp\/v2\/product\/16970","targetHints":{"allow":["GET"]}}],"collection":[{"href":"https:\/\/vitablanca.ma\/en\/wp-json\/wp\/v2\/product"}],"about":[{"href":"https:\/\/vitablanca.ma\/en\/wp-json\/wp\/v2\/types\/product"}],"wp:featuredmedia":[{"embeddable":true,"href":"https:\/\/vitablanca.ma\/en\/wp-json\/wp\/v2\/media\/16969"}],"wp:attachment":[{"href":"https:\/\/vitablanca.ma\/en\/wp-json\/wp\/v2\/media?parent=16970"}],"wp:term":[{"taxonomy":"product_brand","embeddable":true,"href":"https:\/\/vitablanca.ma\/en\/wp-json\/wp\/v2\/product_brand?post=16970"},{"taxonomy":"product_cat","embeddable":true,"href":"https:\/\/vitablanca.ma\/en\/wp-json\/wp\/v2\/product_cat?post=16970"},{"taxonomy":"product_tag","embeddable":true,"href":"https:\/\/vitablanca.ma\/en\/wp-json\/wp\/v2\/product_tag?post=16970"}],"curies":[{"name":"wp","href":"https:\/\/api.w.org\/{rel}","templated":true}]}}