{"id":16901,"date":"2025-06-10T16:49:45","date_gmt":"2025-06-10T16:49:45","guid":{"rendered":"https:\/\/vitablanca.ma\/product\/dermedic-capilarte-shampooing-traitant-stimulant-300ml\/"},"modified":"2025-06-10T16:49:45","modified_gmt":"2025-06-10T16:49:45","slug":"dermedic-capilarte-shampooing-traitant-stimulant-300ml","status":"publish","type":"product","link":"https:\/\/vitablanca.ma\/en\/product\/dermedic-capilarte-shampooing-traitant-stimulant-300ml\/","title":{"rendered":"Dermedic Capilarte Stimulating Treatment Shampoo 300ml"},"content":{"rendered":"<h2>Dermedic Capilarte Stimulating Treatment Shampoo<\/h2>\n<p>300ml<\/p>\n<p>Dermedic Capilarte Shampoo, which stimulates and renews hair growth, is a special tool for women and men facing the problem of increased premature hair loss of various etiologies, including hormonal and genetic. Gently cleanses hair and scalp.<\/p>\n<p>Stimulates microcirculation of the scalp and intensely nourishes the hair follicle cells.<\/p>\n<p>Stimulates and enhances hair follicle cellsProlongs the anagen phase of hair growthReduces hair lossStimulates the growth of strong new hair shaftsIncreases hair volume and thickness.<\/p>\n<p>\u00a0<\/p>","protected":false},"excerpt":{"rendered":"<p>Dermedic Capilarte Shampooing Traitant Stimulant 300ml Le shampooing Dermedic Capilarte stimulant et renouvelant la croissance des cheveux est un outil sp\u00e9cial pour les femmes et les hommes confront\u00e9s au probl\u00e8me de l\u2019augmentation de la chute pr\u00e9matur\u00e9e des cheveux de diverses \u00e9tiologies, notamment hormonales et g\u00e9n\u00e9tiques. Nettoie en douceur les cheveux et le cuir chevelu. Stimule [&hellip;]<\/p>\n","protected":false},"featured_media":16900,"template":"","meta":{"om_disable_all_campaigns":false},"product_brand":[],"product_cat":[15],"product_tag":[],"class_list":{"0":"post-16901","1":"product","2":"type-product","3":"status-publish","4":"has-post-thumbnail","6":"product_cat-beaute-sante-complements-alimentaires-soins-et-bien-etre-au-meilleur-prix","8":"first","9":"instock","10":"sale","11":"taxable","12":"shipping-taxable","13":"purchasable","14":"product-type-simple"},"yoast_head":"<!-- This site is optimized with the Yoast SEO plugin v27.4 - https:\/\/yoast.com\/product\/yoast-seo-wordpress\/ -->\n<title>Dermedic Capilarte Shampooing Traitant Stimulant 300ml - Maroc Prix<\/title>\n<meta name=\"description\" content=\"Dermedic Capilarte Shampooing Traitant Stimulant 300ml\" \/>\n<meta name=\"robots\" content=\"index, follow, max-snippet:-1, max-image-preview:large, max-video-preview:-1\" \/>\n<link rel=\"canonical\" href=\"https:\/\/vitablanca.ma\/en\/product\/dermedic-capilarte-shampooing-traitant-stimulant-300ml\/\" \/>\n<meta property=\"og:locale\" content=\"en_US\" \/>\n<meta property=\"og:type\" content=\"article\" \/>\n<meta property=\"og:title\" content=\"Dermedic Capilarte Shampooing Traitant Stimulant 300ml - Maroc Prix\" \/>\n<meta property=\"og:description\" content=\"Dermedic Capilarte Shampooing Traitant Stimulant 300ml\" \/>\n<meta property=\"og:url\" content=\"https:\/\/vitablanca.ma\/en\/product\/dermedic-capilarte-shampooing-traitant-stimulant-300ml\/\" \/>\n<meta property=\"og:site_name\" content=\"Vitablanca.ma &ndash; Sant&eacute;, vitalit&eacute; et bien-&ecirc;tre pour tous les Marocains\" \/>\n<meta property=\"article:publisher\" content=\"https:\/\/www.facebook.com\/profile.php?id=61576678196717\" \/>\n<meta property=\"og:image\" content=\"https:\/\/vitablanca.ma\/wp-content\/uploads\/2025\/06\/Dermedic-Capilarte-Shampooing-Traitant-Stimulant-300ml-prix-maroc-parapharmacie-casablanca.jpg\" \/>\n\t<meta property=\"og:image:width\" content=\"1000\" \/>\n\t<meta property=\"og:image:height\" content=\"1000\" \/>\n\t<meta property=\"og:image:type\" content=\"image\/jpeg\" \/>\n<meta name=\"twitter:card\" content=\"summary_large_image\" \/>\n<meta name=\"twitter:label1\" content=\"Est. reading time\" \/>\n\t<meta name=\"twitter:data1\" content=\"1 minute\" \/>\n<script type=\"application\/ld+json\" class=\"yoast-schema-graph\">{\"@context\":\"https:\\\/\\\/schema.org\",\"@graph\":[{\"@type\":[\"WebPage\",\"ItemPage\"],\"@id\":\"https:\\\/\\\/vitablanca.ma\\\/produit\\\/dermedic-capilarte-shampooing-traitant-stimulant-300ml\\\/\",\"url\":\"https:\\\/\\\/vitablanca.ma\\\/produit\\\/dermedic-capilarte-shampooing-traitant-stimulant-300ml\\\/\",\"name\":\"Dermedic Capilarte Shampooing Traitant Stimulant 300ml - Maroc Prix\",\"isPartOf\":{\"@id\":\"https:\\\/\\\/vitablanca.ma\\\/#website\"},\"primaryImageOfPage\":{\"@id\":\"https:\\\/\\\/vitablanca.ma\\\/produit\\\/dermedic-capilarte-shampooing-traitant-stimulant-300ml\\\/#primaryimage\"},\"image\":{\"@id\":\"https:\\\/\\\/vitablanca.ma\\\/produit\\\/dermedic-capilarte-shampooing-traitant-stimulant-300ml\\\/#primaryimage\"},\"thumbnailUrl\":\"https:\\\/\\\/vitablanca.ma\\\/wp-content\\\/uploads\\\/2025\\\/06\\\/Dermedic-Capilarte-Shampooing-Traitant-Stimulant-300ml-prix-maroc-parapharmacie-casablanca.jpg\",\"datePublished\":\"2025-06-10T16:49:45+00:00\",\"description\":\"Dermedic Capilarte Shampooing Traitant Stimulant 300ml\",\"breadcrumb\":{\"@id\":\"https:\\\/\\\/vitablanca.ma\\\/produit\\\/dermedic-capilarte-shampooing-traitant-stimulant-300ml\\\/#breadcrumb\"},\"inLanguage\":\"en-US\",\"potentialAction\":[{\"@type\":\"ReadAction\",\"target\":[\"https:\\\/\\\/vitablanca.ma\\\/produit\\\/dermedic-capilarte-shampooing-traitant-stimulant-300ml\\\/\"]}]},{\"@type\":\"ImageObject\",\"inLanguage\":\"en-US\",\"@id\":\"https:\\\/\\\/vitablanca.ma\\\/produit\\\/dermedic-capilarte-shampooing-traitant-stimulant-300ml\\\/#primaryimage\",\"url\":\"https:\\\/\\\/vitablanca.ma\\\/wp-content\\\/uploads\\\/2025\\\/06\\\/Dermedic-Capilarte-Shampooing-Traitant-Stimulant-300ml-prix-maroc-parapharmacie-casablanca.jpg\",\"contentUrl\":\"https:\\\/\\\/vitablanca.ma\\\/wp-content\\\/uploads\\\/2025\\\/06\\\/Dermedic-Capilarte-Shampooing-Traitant-Stimulant-300ml-prix-maroc-parapharmacie-casablanca.jpg\",\"width\":1000,\"height\":1000},{\"@type\":\"BreadcrumbList\",\"@id\":\"https:\\\/\\\/vitablanca.ma\\\/produit\\\/dermedic-capilarte-shampooing-traitant-stimulant-300ml\\\/#breadcrumb\",\"itemListElement\":[{\"@type\":\"ListItem\",\"position\":1,\"name\":\"Home\",\"item\":\"https:\\\/\\\/vitablanca.ma\\\/\"},{\"@type\":\"ListItem\",\"position\":2,\"name\":\"Tous Les Produits\",\"item\":\"https:\\\/\\\/vitablanca.ma\\\/tous-les-produits\\\/\"},{\"@type\":\"ListItem\",\"position\":3,\"name\":\"Dermedic Capilarte Shampooing Traitant Stimulant 300ml\"}]},{\"@type\":\"WebSite\",\"@id\":\"https:\\\/\\\/vitablanca.ma\\\/#website\",\"url\":\"https:\\\/\\\/vitablanca.ma\\\/\",\"name\":\"VitaBlanca.ma | Compl\u00e9ments alimentaires, sant\u00e9 & beaut\u00e9 au Maroc\",\"description\":\"vendre vitamines et compl\u00e9ments premium des USA &amp; Canada, Nouvelle Z\u00e9lande,Maroc (NOW Foods, Solgar, Manuka). Livraison rapide partout au Maroc.\",\"publisher\":{\"@id\":\"https:\\\/\\\/vitablanca.ma\\\/#organization\"},\"alternateName\":\"VitaBlanca.ma\",\"potentialAction\":[{\"@type\":\"SearchAction\",\"target\":{\"@type\":\"EntryPoint\",\"urlTemplate\":\"https:\\\/\\\/vitablanca.ma\\\/?s={search_term_string}\"},\"query-input\":{\"@type\":\"PropertyValueSpecification\",\"valueRequired\":true,\"valueName\":\"search_term_string\"}}],\"inLanguage\":\"en-US\"},{\"@type\":\"Organization\",\"@id\":\"https:\\\/\\\/vitablanca.ma\\\/#organization\",\"name\":\"VitaBlanca\",\"url\":\"https:\\\/\\\/vitablanca.ma\\\/\",\"logo\":{\"@type\":\"ImageObject\",\"inLanguage\":\"en-US\",\"@id\":\"https:\\\/\\\/vitablanca.ma\\\/#\\\/schema\\\/logo\\\/image\\\/\",\"url\":\"https:\\\/\\\/vitablanca.ma\\\/wp-content\\\/uploads\\\/2025\\\/05\\\/cropped-vitablanca.png\",\"contentUrl\":\"https:\\\/\\\/vitablanca.ma\\\/wp-content\\\/uploads\\\/2025\\\/05\\\/cropped-vitablanca.png\",\"width\":360,\"height\":67,\"caption\":\"VitaBlanca\"},\"image\":{\"@id\":\"https:\\\/\\\/vitablanca.ma\\\/#\\\/schema\\\/logo\\\/image\\\/\"},\"sameAs\":[\"https:\\\/\\\/www.facebook.com\\\/profile.php?id=61576678196717\",\"https:\\\/\\\/www.tiktok.com\\\/@vitablanca.ma\",\"https:\\\/\\\/www.instagram.com\\\/vitablanca.ma\\\/\"]}]}<\/script>\n<!-- \/ Yoast SEO plugin. -->","yoast_head_json":{"title":"Dermedic Capilarte Stimulating Treatment Shampoo 300ml - Morocco Price","description":"Dermedic Capilarte Stimulating Treatment Shampoo 300ml","robots":{"index":"index","follow":"follow","max-snippet":"max-snippet:-1","max-image-preview":"max-image-preview:large","max-video-preview":"max-video-preview:-1"},"canonical":"https:\/\/vitablanca.ma\/en\/product\/dermedic-capilarte-shampooing-traitant-stimulant-300ml\/","og_locale":"en_US","og_type":"article","og_title":"Dermedic Capilarte Shampooing Traitant Stimulant 300ml - Maroc Prix","og_description":"Dermedic Capilarte Shampooing Traitant Stimulant 300ml","og_url":"https:\/\/vitablanca.ma\/en\/product\/dermedic-capilarte-shampooing-traitant-stimulant-300ml\/","og_site_name":"Vitablanca.ma &ndash; Sant&eacute;, vitalit&eacute; et bien-&ecirc;tre pour tous les Marocains","article_publisher":"https:\/\/www.facebook.com\/profile.php?id=61576678196717","og_image":[{"width":1000,"height":1000,"url":"https:\/\/vitablanca.ma\/wp-content\/uploads\/2025\/06\/Dermedic-Capilarte-Shampooing-Traitant-Stimulant-300ml-prix-maroc-parapharmacie-casablanca.jpg","type":"image\/jpeg"}],"twitter_card":"summary_large_image","twitter_misc":{"Est. reading time":"1 minute"},"schema":{"@context":"https:\/\/schema.org","@graph":[{"@type":["WebPage","ItemPage"],"@id":"https:\/\/vitablanca.ma\/produit\/dermedic-capilarte-shampooing-traitant-stimulant-300ml\/","url":"https:\/\/vitablanca.ma\/produit\/dermedic-capilarte-shampooing-traitant-stimulant-300ml\/","name":"Dermedic Capilarte Stimulating Treatment Shampoo 300ml - Morocco Price","isPartOf":{"@id":"https:\/\/vitablanca.ma\/#website"},"primaryImageOfPage":{"@id":"https:\/\/vitablanca.ma\/produit\/dermedic-capilarte-shampooing-traitant-stimulant-300ml\/#primaryimage"},"image":{"@id":"https:\/\/vitablanca.ma\/produit\/dermedic-capilarte-shampooing-traitant-stimulant-300ml\/#primaryimage"},"thumbnailUrl":"https:\/\/vitablanca.ma\/wp-content\/uploads\/2025\/06\/Dermedic-Capilarte-Shampooing-Traitant-Stimulant-300ml-prix-maroc-parapharmacie-casablanca.jpg","datePublished":"2025-06-10T16:49:45+00:00","description":"Dermedic Capilarte Stimulating Treatment Shampoo 300ml","breadcrumb":{"@id":"https:\/\/vitablanca.ma\/produit\/dermedic-capilarte-shampooing-traitant-stimulant-300ml\/#breadcrumb"},"inLanguage":"en-US","potentialAction":[{"@type":"ReadAction","target":["https:\/\/vitablanca.ma\/produit\/dermedic-capilarte-shampooing-traitant-stimulant-300ml\/"]}]},{"@type":"ImageObject","inLanguage":"en-US","@id":"https:\/\/vitablanca.ma\/produit\/dermedic-capilarte-shampooing-traitant-stimulant-300ml\/#primaryimage","url":"https:\/\/vitablanca.ma\/wp-content\/uploads\/2025\/06\/Dermedic-Capilarte-Shampooing-Traitant-Stimulant-300ml-prix-maroc-parapharmacie-casablanca.jpg","contentUrl":"https:\/\/vitablanca.ma\/wp-content\/uploads\/2025\/06\/Dermedic-Capilarte-Shampooing-Traitant-Stimulant-300ml-prix-maroc-parapharmacie-casablanca.jpg","width":1000,"height":1000},{"@type":"BreadcrumbList","@id":"https:\/\/vitablanca.ma\/produit\/dermedic-capilarte-shampooing-traitant-stimulant-300ml\/#breadcrumb","itemListElement":[{"@type":"ListItem","position":1,"name":"Home","item":"https:\/\/vitablanca.ma\/"},{"@type":"ListItem","position":2,"name":"Tous Les Produits","item":"https:\/\/vitablanca.ma\/tous-les-produits\/"},{"@type":"ListItem","position":3,"name":"Dermedic Capilarte Shampooing Traitant Stimulant 300ml"}]},{"@type":"WebSite","@id":"https:\/\/vitablanca.ma\/#website","url":"https:\/\/vitablanca.ma\/","name":"VitaBlanca.ma | Food supplements, health &amp; beauty in Morocco","description":"sell premium vitamins and supplements from USA &amp; Canada, New Zealand, Morocco (NOW Foods, Solgar, Manuka). Fast delivery anywhere in Morocco.","publisher":{"@id":"https:\/\/vitablanca.ma\/#organization"},"alternateName":"VitaBlanca.ma","potentialAction":[{"@type":"SearchAction","target":{"@type":"EntryPoint","urlTemplate":"https:\/\/vitablanca.ma\/?s={search_term_string}"},"query-input":{"@type":"PropertyValueSpecification","valueRequired":true,"valueName":"search_term_string"}}],"inLanguage":"en-US"},{"@type":"Organization","@id":"https:\/\/vitablanca.ma\/#organization","name":"VitaBlanca","url":"https:\/\/vitablanca.ma\/","logo":{"@type":"ImageObject","inLanguage":"en-US","@id":"https:\/\/vitablanca.ma\/#\/schema\/logo\/image\/","url":"https:\/\/vitablanca.ma\/wp-content\/uploads\/2025\/05\/cropped-vitablanca.png","contentUrl":"https:\/\/vitablanca.ma\/wp-content\/uploads\/2025\/05\/cropped-vitablanca.png","width":360,"height":67,"caption":"VitaBlanca"},"image":{"@id":"https:\/\/vitablanca.ma\/#\/schema\/logo\/image\/"},"sameAs":["https:\/\/www.facebook.com\/profile.php?id=61576678196717","https:\/\/www.tiktok.com\/@vitablanca.ma","https:\/\/www.instagram.com\/vitablanca.ma\/"]}]}},"jetpack_sharing_enabled":true,"_links":{"self":[{"href":"https:\/\/vitablanca.ma\/en\/wp-json\/wp\/v2\/product\/16901","targetHints":{"allow":["GET"]}}],"collection":[{"href":"https:\/\/vitablanca.ma\/en\/wp-json\/wp\/v2\/product"}],"about":[{"href":"https:\/\/vitablanca.ma\/en\/wp-json\/wp\/v2\/types\/product"}],"wp:featuredmedia":[{"embeddable":true,"href":"https:\/\/vitablanca.ma\/en\/wp-json\/wp\/v2\/media\/16900"}],"wp:attachment":[{"href":"https:\/\/vitablanca.ma\/en\/wp-json\/wp\/v2\/media?parent=16901"}],"wp:term":[{"taxonomy":"product_brand","embeddable":true,"href":"https:\/\/vitablanca.ma\/en\/wp-json\/wp\/v2\/product_brand?post=16901"},{"taxonomy":"product_cat","embeddable":true,"href":"https:\/\/vitablanca.ma\/en\/wp-json\/wp\/v2\/product_cat?post=16901"},{"taxonomy":"product_tag","embeddable":true,"href":"https:\/\/vitablanca.ma\/en\/wp-json\/wp\/v2\/product_tag?post=16901"}],"curies":[{"name":"wp","href":"https:\/\/api.w.org\/{rel}","templated":true}]}}