{"id":16868,"date":"2025-06-10T16:49:11","date_gmt":"2025-06-10T16:49:11","guid":{"rendered":"https:\/\/vitablanca.ma\/product\/derma-ceutic-k-ceutic-30ml\/"},"modified":"2025-06-10T16:49:11","modified_gmt":"2025-06-10T16:49:11","slug":"derma-ceutic-k-ceutic-30ml","status":"publish","type":"product","link":"https:\/\/vitablanca.ma\/en\/product\/derma-ceutic-k-ceutic-30ml\/","title":{"rendered":"Derma Ceutic K Ceutic 30ml"},"content":{"rendered":"<h2>Derma Ceutic K Ceutic POST-TREATMENT CREAM<\/h2>\n<p><span>SPF 50 \u2013 UVA\/UVB<\/span><br \/><span>K Ceutic restores and protects the skin by providing it with necessary nutrients and high SPF 50 protection. Its advanced formula offers a combination of ingredients designed to repair, nourish, protect and soothe the skin.<\/span><\/p>\n<p><span>Recommended for fragile skin, redness and post-procedure treatment. Suitable for all skin types.<\/span><br \/><span>Fragrance-free<\/span><br \/><span>Hypoallergenic<\/span><\/p>\n<h3><span>PRODUCT BENEFITS<\/span><\/h3>\n<section class=\"section-product mt-5 container\">\n<div class=\"row section-product-row\">\n<div class=\"col-12 col-xl-8 test-ajax\">\n<div class=\"tabs-section scrollbar-tabs\">\n<div class=\"tab-content\">\n<div class=\"tab-pane active\" role=\"tabpanel\" id=\"tabs-benefits\">\n<ul>\n<li>The skin is intensely nourished and protected against the aggression of UV rays<\/li>\n<li>The appearance due to photoaging is improved<\/li>\n<li>Redness and irritation appear soothed<\/li>\n<\/ul>\n<h3>\u00a0Instructions for use<\/h3>\n<section class=\"section-product mt-5 container\">\n<div class=\"row section-product-row\">\n<div class=\"col-12 col-xl-8 test-ajax\">\n<div class=\"tabs-section scrollbar-tabs\">\n<div class=\"tab-content\">\n<div class=\"tab-pane active\" role=\"tabpanel\" id=\"tabs-how-to-use\">\n<p>Apply in the morning to the entire face and reapply as needed throughout the day. Avoid the eye area.<\/p>\n<h3>INGREDIENTS<\/h3>\n<section class=\"section-product mt-5 container\">\n<div class=\"row section-product-row\">\n<div class=\"col-12 col-xl-8 test-ajax\">\n<div class=\"tabs-section scrollbar-tabs\">\n<div class=\"tab-content\">\n<div class=\"tab-pane active\" role=\"tabpanel\" id=\"tabs-ingredients\">\n<p><strong>K complex<\/strong><br \/>Combination of anti-inflammatory agents that soothe the skin.<\/p>\n<p><strong>Glycoprotein\u00a0<\/strong><br \/>Restructuring and regenerating active ingredient that stimulates the production of collagen and elastin.<\/p>\n<p><strong>Vitamins C &amp; E\u00a0<\/strong><br \/>Combination of vitamin C in sodium salt form and vitamin E ester, which provides the ultimate protection against photoaging.<\/p>\n<p><strong>UV filters<\/strong><br \/>Combination of mineral and organic filters that provides broad spectrum protection against UVB and UVA rays.<\/p>\n<\/div>\n<\/div>\n<\/div>\n<\/div>\n<\/div>\n<\/section>\n<\/div>\n<\/div>\n<\/div>\n<\/div>\n<\/div>\n<\/section>\n<\/div>\n<\/div>\n<\/div>\n<\/div>\n<\/div>\n<\/section>","protected":false},"excerpt":{"rendered":"<p>Derma Ceutic K Ceutic CR\u00c8ME POST-TRAITEMENT SPF 50 &#8211; UVA\/UVBK Ceutic restaure et prot\u00e8ge la peau en lui apportant les nutriments n\u00e9cessaires et une protection \u00e9lev\u00e9e SPF 50. Sa formule avanc\u00e9e offre une combinaison d\u2019ingr\u00e9dients con\u00e7ue pour r\u00e9parer, nourrir, prot\u00e9ger et apaiser la peau. Recommand\u00e9 pour la peau fragilis\u00e9e, rougeurs et en traitement post-intervention. Convient [&hellip;]<\/p>\n","protected":false},"featured_media":16866,"template":"","meta":{"om_disable_all_campaigns":false},"product_brand":[],"product_cat":[15],"product_tag":[],"class_list":{"0":"post-16868","1":"product","2":"type-product","3":"status-publish","4":"has-post-thumbnail","6":"product_cat-beaute-sante-complements-alimentaires-soins-et-bien-etre-au-meilleur-prix","8":"first","9":"instock","10":"sale","11":"taxable","12":"shipping-taxable","13":"purchasable","14":"product-type-simple"},"yoast_head":"<!-- This site is optimized with the Yoast SEO plugin v27.3 - https:\/\/yoast.com\/product\/yoast-seo-wordpress\/ -->\n<title>Derma Ceutic K Ceutic 30ml - Maroc Prix<\/title>\n<meta name=\"description\" content=\"Derma Ceutic K Ceutic 30ml\" \/>\n<meta name=\"robots\" content=\"index, follow, max-snippet:-1, max-image-preview:large, max-video-preview:-1\" \/>\n<link rel=\"canonical\" href=\"https:\/\/vitablanca.ma\/en\/product\/derma-ceutic-k-ceutic-30ml\/\" \/>\n<meta property=\"og:locale\" content=\"en_US\" \/>\n<meta property=\"og:type\" content=\"article\" \/>\n<meta property=\"og:title\" content=\"Derma Ceutic K Ceutic 30ml - Maroc Prix\" \/>\n<meta property=\"og:description\" content=\"Derma Ceutic K Ceutic 30ml\" \/>\n<meta property=\"og:url\" content=\"https:\/\/vitablanca.ma\/en\/product\/derma-ceutic-k-ceutic-30ml\/\" \/>\n<meta property=\"og:site_name\" content=\"Vitablanca.ma &ndash; Sant&eacute;, vitalit&eacute; et bien-&ecirc;tre pour tous les Marocains\" \/>\n<meta property=\"article:publisher\" content=\"https:\/\/www.facebook.com\/profile.php?id=61576678196717\" \/>\n<meta property=\"og:image\" content=\"https:\/\/vitablanca.ma\/wp-content\/uploads\/2025\/06\/Derma-Ceutic-K-Ceutic-30ml-nova-para-maroc.jpg\" \/>\n\t<meta property=\"og:image:width\" content=\"1000\" \/>\n\t<meta property=\"og:image:height\" content=\"1000\" \/>\n\t<meta property=\"og:image:type\" content=\"image\/jpeg\" \/>\n<meta name=\"twitter:card\" content=\"summary_large_image\" \/>\n<meta name=\"twitter:label1\" content=\"Est. reading time\" \/>\n\t<meta name=\"twitter:data1\" content=\"1 minute\" \/>\n<script type=\"application\/ld+json\" class=\"yoast-schema-graph\">{\"@context\":\"https:\\\/\\\/schema.org\",\"@graph\":[{\"@type\":[\"WebPage\",\"ItemPage\"],\"@id\":\"https:\\\/\\\/vitablanca.ma\\\/produit\\\/derma-ceutic-k-ceutic-30ml\\\/\",\"url\":\"https:\\\/\\\/vitablanca.ma\\\/produit\\\/derma-ceutic-k-ceutic-30ml\\\/\",\"name\":\"Derma Ceutic K Ceutic 30ml - Maroc Prix\",\"isPartOf\":{\"@id\":\"https:\\\/\\\/vitablanca.ma\\\/#website\"},\"primaryImageOfPage\":{\"@id\":\"https:\\\/\\\/vitablanca.ma\\\/produit\\\/derma-ceutic-k-ceutic-30ml\\\/#primaryimage\"},\"image\":{\"@id\":\"https:\\\/\\\/vitablanca.ma\\\/produit\\\/derma-ceutic-k-ceutic-30ml\\\/#primaryimage\"},\"thumbnailUrl\":\"https:\\\/\\\/vitablanca.ma\\\/wp-content\\\/uploads\\\/2025\\\/06\\\/Derma-Ceutic-K-Ceutic-30ml-nova-para-maroc.jpg\",\"datePublished\":\"2025-06-10T16:49:11+00:00\",\"description\":\"Derma Ceutic K Ceutic 30ml\",\"breadcrumb\":{\"@id\":\"https:\\\/\\\/vitablanca.ma\\\/produit\\\/derma-ceutic-k-ceutic-30ml\\\/#breadcrumb\"},\"inLanguage\":\"en-US\",\"potentialAction\":[{\"@type\":\"ReadAction\",\"target\":[\"https:\\\/\\\/vitablanca.ma\\\/produit\\\/derma-ceutic-k-ceutic-30ml\\\/\"]}]},{\"@type\":\"ImageObject\",\"inLanguage\":\"en-US\",\"@id\":\"https:\\\/\\\/vitablanca.ma\\\/produit\\\/derma-ceutic-k-ceutic-30ml\\\/#primaryimage\",\"url\":\"https:\\\/\\\/vitablanca.ma\\\/wp-content\\\/uploads\\\/2025\\\/06\\\/Derma-Ceutic-K-Ceutic-30ml-nova-para-maroc.jpg\",\"contentUrl\":\"https:\\\/\\\/vitablanca.ma\\\/wp-content\\\/uploads\\\/2025\\\/06\\\/Derma-Ceutic-K-Ceutic-30ml-nova-para-maroc.jpg\",\"width\":1000,\"height\":1000},{\"@type\":\"BreadcrumbList\",\"@id\":\"https:\\\/\\\/vitablanca.ma\\\/produit\\\/derma-ceutic-k-ceutic-30ml\\\/#breadcrumb\",\"itemListElement\":[{\"@type\":\"ListItem\",\"position\":1,\"name\":\"Home\",\"item\":\"https:\\\/\\\/vitablanca.ma\\\/\"},{\"@type\":\"ListItem\",\"position\":2,\"name\":\"Tous Les Produits\",\"item\":\"https:\\\/\\\/vitablanca.ma\\\/tous-les-produits\\\/\"},{\"@type\":\"ListItem\",\"position\":3,\"name\":\"Derma Ceutic K Ceutic 30ml\"}]},{\"@type\":\"WebSite\",\"@id\":\"https:\\\/\\\/vitablanca.ma\\\/#website\",\"url\":\"https:\\\/\\\/vitablanca.ma\\\/\",\"name\":\"VitaBlanca.ma | Compl\u00e9ments alimentaires, sant\u00e9 & beaut\u00e9 au Maroc\",\"description\":\"vendre vitamines et compl\u00e9ments premium des USA &amp; Canada, Nouvelle Z\u00e9lande,Maroc (NOW Foods, Solgar, Manuka). Livraison rapide partout au Maroc.\",\"publisher\":{\"@id\":\"https:\\\/\\\/vitablanca.ma\\\/#organization\"},\"alternateName\":\"VitaBlanca.ma\",\"potentialAction\":[{\"@type\":\"SearchAction\",\"target\":{\"@type\":\"EntryPoint\",\"urlTemplate\":\"https:\\\/\\\/vitablanca.ma\\\/?s={search_term_string}\"},\"query-input\":{\"@type\":\"PropertyValueSpecification\",\"valueRequired\":true,\"valueName\":\"search_term_string\"}}],\"inLanguage\":\"en-US\"},{\"@type\":\"Organization\",\"@id\":\"https:\\\/\\\/vitablanca.ma\\\/#organization\",\"name\":\"VitaBlanca\",\"url\":\"https:\\\/\\\/vitablanca.ma\\\/\",\"logo\":{\"@type\":\"ImageObject\",\"inLanguage\":\"en-US\",\"@id\":\"https:\\\/\\\/vitablanca.ma\\\/#\\\/schema\\\/logo\\\/image\\\/\",\"url\":\"https:\\\/\\\/vitablanca.ma\\\/wp-content\\\/uploads\\\/2025\\\/05\\\/cropped-vitablanca.png\",\"contentUrl\":\"https:\\\/\\\/vitablanca.ma\\\/wp-content\\\/uploads\\\/2025\\\/05\\\/cropped-vitablanca.png\",\"width\":360,\"height\":67,\"caption\":\"VitaBlanca\"},\"image\":{\"@id\":\"https:\\\/\\\/vitablanca.ma\\\/#\\\/schema\\\/logo\\\/image\\\/\"},\"sameAs\":[\"https:\\\/\\\/www.facebook.com\\\/profile.php?id=61576678196717\",\"https:\\\/\\\/www.tiktok.com\\\/@vitablanca.ma\",\"https:\\\/\\\/www.instagram.com\\\/vitablanca.ma\\\/\"]}]}<\/script>\n<!-- \/ Yoast SEO plugin. -->","yoast_head_json":{"title":"Derma Ceutic K Ceutic 30ml - Morocco Price","description":"Derma Ceutic K Ceutic 30ml","robots":{"index":"index","follow":"follow","max-snippet":"max-snippet:-1","max-image-preview":"max-image-preview:large","max-video-preview":"max-video-preview:-1"},"canonical":"https:\/\/vitablanca.ma\/en\/product\/derma-ceutic-k-ceutic-30ml\/","og_locale":"en_US","og_type":"article","og_title":"Derma Ceutic K Ceutic 30ml - Maroc Prix","og_description":"Derma Ceutic K Ceutic 30ml","og_url":"https:\/\/vitablanca.ma\/en\/product\/derma-ceutic-k-ceutic-30ml\/","og_site_name":"Vitablanca.ma &ndash; Sant&eacute;, vitalit&eacute; et bien-&ecirc;tre pour tous les Marocains","article_publisher":"https:\/\/www.facebook.com\/profile.php?id=61576678196717","og_image":[{"width":1000,"height":1000,"url":"https:\/\/vitablanca.ma\/wp-content\/uploads\/2025\/06\/Derma-Ceutic-K-Ceutic-30ml-nova-para-maroc.jpg","type":"image\/jpeg"}],"twitter_card":"summary_large_image","twitter_misc":{"Est. reading time":"1 minute"},"schema":{"@context":"https:\/\/schema.org","@graph":[{"@type":["WebPage","ItemPage"],"@id":"https:\/\/vitablanca.ma\/produit\/derma-ceutic-k-ceutic-30ml\/","url":"https:\/\/vitablanca.ma\/produit\/derma-ceutic-k-ceutic-30ml\/","name":"Derma Ceutic K Ceutic 30ml - Morocco Price","isPartOf":{"@id":"https:\/\/vitablanca.ma\/#website"},"primaryImageOfPage":{"@id":"https:\/\/vitablanca.ma\/produit\/derma-ceutic-k-ceutic-30ml\/#primaryimage"},"image":{"@id":"https:\/\/vitablanca.ma\/produit\/derma-ceutic-k-ceutic-30ml\/#primaryimage"},"thumbnailUrl":"https:\/\/vitablanca.ma\/wp-content\/uploads\/2025\/06\/Derma-Ceutic-K-Ceutic-30ml-nova-para-maroc.jpg","datePublished":"2025-06-10T16:49:11+00:00","description":"Derma Ceutic K Ceutic 30ml","breadcrumb":{"@id":"https:\/\/vitablanca.ma\/produit\/derma-ceutic-k-ceutic-30ml\/#breadcrumb"},"inLanguage":"en-US","potentialAction":[{"@type":"ReadAction","target":["https:\/\/vitablanca.ma\/produit\/derma-ceutic-k-ceutic-30ml\/"]}]},{"@type":"ImageObject","inLanguage":"en-US","@id":"https:\/\/vitablanca.ma\/produit\/derma-ceutic-k-ceutic-30ml\/#primaryimage","url":"https:\/\/vitablanca.ma\/wp-content\/uploads\/2025\/06\/Derma-Ceutic-K-Ceutic-30ml-nova-para-maroc.jpg","contentUrl":"https:\/\/vitablanca.ma\/wp-content\/uploads\/2025\/06\/Derma-Ceutic-K-Ceutic-30ml-nova-para-maroc.jpg","width":1000,"height":1000},{"@type":"BreadcrumbList","@id":"https:\/\/vitablanca.ma\/produit\/derma-ceutic-k-ceutic-30ml\/#breadcrumb","itemListElement":[{"@type":"ListItem","position":1,"name":"Home","item":"https:\/\/vitablanca.ma\/"},{"@type":"ListItem","position":2,"name":"Tous Les Produits","item":"https:\/\/vitablanca.ma\/tous-les-produits\/"},{"@type":"ListItem","position":3,"name":"Derma Ceutic K Ceutic 30ml"}]},{"@type":"WebSite","@id":"https:\/\/vitablanca.ma\/#website","url":"https:\/\/vitablanca.ma\/","name":"VitaBlanca.ma | Food supplements, health &amp; beauty in Morocco","description":"sell premium vitamins and supplements from USA &amp; Canada, New Zealand, Morocco (NOW Foods, Solgar, Manuka). Fast delivery anywhere in Morocco.","publisher":{"@id":"https:\/\/vitablanca.ma\/#organization"},"alternateName":"VitaBlanca.ma","potentialAction":[{"@type":"SearchAction","target":{"@type":"EntryPoint","urlTemplate":"https:\/\/vitablanca.ma\/?s={search_term_string}"},"query-input":{"@type":"PropertyValueSpecification","valueRequired":true,"valueName":"search_term_string"}}],"inLanguage":"en-US"},{"@type":"Organization","@id":"https:\/\/vitablanca.ma\/#organization","name":"VitaBlanca","url":"https:\/\/vitablanca.ma\/","logo":{"@type":"ImageObject","inLanguage":"en-US","@id":"https:\/\/vitablanca.ma\/#\/schema\/logo\/image\/","url":"https:\/\/vitablanca.ma\/wp-content\/uploads\/2025\/05\/cropped-vitablanca.png","contentUrl":"https:\/\/vitablanca.ma\/wp-content\/uploads\/2025\/05\/cropped-vitablanca.png","width":360,"height":67,"caption":"VitaBlanca"},"image":{"@id":"https:\/\/vitablanca.ma\/#\/schema\/logo\/image\/"},"sameAs":["https:\/\/www.facebook.com\/profile.php?id=61576678196717","https:\/\/www.tiktok.com\/@vitablanca.ma","https:\/\/www.instagram.com\/vitablanca.ma\/"]}]}},"jetpack_sharing_enabled":true,"_links":{"self":[{"href":"https:\/\/vitablanca.ma\/en\/wp-json\/wp\/v2\/product\/16868","targetHints":{"allow":["GET"]}}],"collection":[{"href":"https:\/\/vitablanca.ma\/en\/wp-json\/wp\/v2\/product"}],"about":[{"href":"https:\/\/vitablanca.ma\/en\/wp-json\/wp\/v2\/types\/product"}],"wp:featuredmedia":[{"embeddable":true,"href":"https:\/\/vitablanca.ma\/en\/wp-json\/wp\/v2\/media\/16866"}],"wp:attachment":[{"href":"https:\/\/vitablanca.ma\/en\/wp-json\/wp\/v2\/media?parent=16868"}],"wp:term":[{"taxonomy":"product_brand","embeddable":true,"href":"https:\/\/vitablanca.ma\/en\/wp-json\/wp\/v2\/product_brand?post=16868"},{"taxonomy":"product_cat","embeddable":true,"href":"https:\/\/vitablanca.ma\/en\/wp-json\/wp\/v2\/product_cat?post=16868"},{"taxonomy":"product_tag","embeddable":true,"href":"https:\/\/vitablanca.ma\/en\/wp-json\/wp\/v2\/product_tag?post=16868"}],"curies":[{"name":"wp","href":"https:\/\/api.w.org\/{rel}","templated":true}]}}