{"id":16816,"date":"2025-06-10T16:48:29","date_gmt":"2025-06-10T16:48:29","guid":{"rendered":"https:\/\/vitablanca.ma\/product\/derma-ceutic-derma-activ-retinol-0-5-30ml\/"},"modified":"2025-06-10T16:48:29","modified_gmt":"2025-06-10T16:48:29","slug":"derma-ceutic-derma-activ-retinol-0-5-30ml","status":"publish","type":"product","link":"https:\/\/vitablanca.ma\/en\/product\/derma-ceutic-derma-activ-retinol-0-5-30ml\/","title":{"rendered":"Derma Ceutic Derma Activ Retinol 0.5 30ml"},"content":{"rendered":"<h2>Derma Ceutic Derma Activ Retinol 0.5 Anti-Aging Serum<\/h2>\n<section class=\"section-product mt-5 container\">\n<div class=\"row section-product-row\">\n<div class=\"col-12 col-xl-8 test-ajax\">\n<div class=\"tabs-section scrollbar-tabs\">\n<div class=\"tab-content\">\n<div id=\"tabs-description\" role=\"tabpanel\" class=\"tab-pane active\">\n<p>Activ\u00a0Retinol\u00a00.5 pr\u00e9vient l\u2019apparition des signes du vieillissement cutan\u00e9 gr\u00e2ce \u00e0 leur concentration optimale en r\u00e9tinol. Combin\u00e9 \u00e0 un cocktail d\u2019antioxydants et de c\u00e9ramides, il aide \u00e0 prot\u00e9ger et \u00e0 renforcer la peau.<\/p>\n<p>Recommended for signs of skin aging, loss of elasticity, and dullness. Suitable for all skin types.<br \/>Fragrance-free<\/p>\n<h3>PRODUCT BENEFITS<\/h3>\n<section class=\"section-product mt-5 container\">\n<div class=\"row section-product-row\">\n<div class=\"col-12 col-xl-8 test-ajax\">\n<div class=\"tabs-section scrollbar-tabs\">\n<div class=\"tab-content\">\n<div class=\"tab-pane active\" role=\"tabpanel\" id=\"tabs-benefits\">\n<ul>\n<li>L\u2019apparence des ridules et des rides est r\u00e9duite<\/li>\n<li>L\u2019\u00e9clat naturel de la peau appara\u00eet restaur\u00e9<\/li>\n<li>Skin texture is visibly smoother<\/li>\n<\/ul>\n<h3>\u00a0Mode D\u2019emploi<\/h3>\n<section class=\"section-product mt-5 container\">\n<div class=\"row section-product-row\">\n<div class=\"col-12 col-xl-8 test-ajax\">\n<div class=\"tabs-section scrollbar-tabs\">\n<div class=\"tab-content\">\n<div class=\"tab-pane active\" role=\"tabpanel\" id=\"tabs-how-to-use\">\n<p>Appliquer le soir sur l\u2019ensemble du visage et le cou avant votre soin quotidien. \u00c9viter le contour des yeux.<\/p>\n<h3>INGREDIENTS<\/h3>\n<section class=\"section-product mt-5 container\">\n<div class=\"row section-product-row\">\n<div class=\"col-12 col-xl-8 test-ajax\">\n<div class=\"tabs-section scrollbar-tabs\">\n<div class=\"tab-content\">\n<div class=\"tab-pane active\" role=\"tabpanel\" id=\"tabs-ingredients\">\n<p><strong>Retinol Complex<\/strong><br \/>Anti-aging agent that stimulates collagen production to combat the signs of photoaging and improves skin texture.<\/p>\n<p><strong>1 % Ceramides<\/strong><br \/>Moisturizing agent that strengthens the skin barrier, ensures balanced hydration and helps the skin regenerate.<\/p>\n<p><strong>Esters de vitamines C & E<\/strong><br \/>Synergistic combination of two powerful vitamins providing the ultimate protection against photoaging.<\/p>\n<p><strong>Panth\u00e9nol & Allanto\u00efne<\/strong><br \/>Moisturizing and soothing agents that provide hydration and comfort to the skin.<\/p>\n<\/div>\n<\/div>\n<\/div>\n<\/div>\n<\/div>\n<\/section>\n<\/div>\n<\/div>\n<\/div>\n<\/div>\n<\/div>\n<\/section>\n<\/div>\n<\/div>\n<\/div>\n<\/div>\n<\/div>\n<\/section>\n<\/div>\n<\/div>\n<\/div>\n<\/div>\n<\/div>\n<\/section>","protected":false},"excerpt":{"rendered":"<p>Derma Ceutic Derma Activ Retinol 0.5 S\u00c9RUM ANTI-\u00c2GE Activ\u00a0Retinol\u00a00.5 pr\u00e9vient l\u2019apparition des signes du vieillissement cutan\u00e9 gr\u00e2ce \u00e0 leur concentration optimale en r\u00e9tinol. Combin\u00e9 \u00e0 un cocktail d\u2019antioxydants et de c\u00e9ramides, il aide \u00e0 prot\u00e9ger et \u00e0 renforcer la peau. Recommand\u00e9 pour les signes du vieillissement cutan\u00e9, perte d\u2019\u00e9lasticit\u00e9 et teint terne. Convient \u00e0 tous [&hellip;]<\/p>\n","protected":false},"featured_media":16814,"template":"","meta":{"om_disable_all_campaigns":false},"product_brand":[],"product_cat":[15],"product_tag":[],"class_list":{"0":"post-16816","1":"product","2":"type-product","3":"status-publish","4":"has-post-thumbnail","6":"product_cat-beaute-sante-complements-alimentaires-soins-et-bien-etre-au-meilleur-prix","8":"first","9":"instock","10":"sale","11":"taxable","12":"shipping-taxable","13":"purchasable","14":"product-type-simple"},"yoast_head":"<!-- This site is optimized with the Yoast SEO plugin v27.5 - https:\/\/yoast.com\/product\/yoast-seo-wordpress\/ -->\n<title>Derma Ceutic Derma Activ Retinol 0.5 30ml - Maroc Prix<\/title>\n<meta name=\"description\" content=\"Derma Ceutic Derma Activ Retinol 0.5 30ml\" \/>\n<meta name=\"robots\" content=\"index, follow, max-snippet:-1, max-image-preview:large, max-video-preview:-1\" \/>\n<link rel=\"canonical\" href=\"https:\/\/vitablanca.ma\/en\/product\/derma-ceutic-derma-activ-retinol-0-5-30ml\/\" \/>\n<meta property=\"og:locale\" content=\"en_US\" \/>\n<meta property=\"og:type\" content=\"article\" \/>\n<meta property=\"og:title\" content=\"Derma Ceutic Derma Activ Retinol 0.5 30ml - Maroc Prix\" \/>\n<meta property=\"og:description\" content=\"Derma Ceutic Derma Activ Retinol 0.5 30ml\" \/>\n<meta property=\"og:url\" content=\"https:\/\/vitablanca.ma\/en\/product\/derma-ceutic-derma-activ-retinol-0-5-30ml\/\" \/>\n<meta property=\"og:site_name\" content=\"Vitablanca.ma &ndash; Sant&eacute;, vitalit&eacute; et bien-&ecirc;tre pour tous les Marocains\" \/>\n<meta property=\"article:publisher\" content=\"https:\/\/www.facebook.com\/profile.php?id=61576678196717\" \/>\n<meta property=\"og:image\" content=\"https:\/\/vitablanca.ma\/wp-content\/uploads\/2025\/06\/Derma-Ceutic-Derma-Activ-Retinol-0.5-30ml-nova-parapharmacie-maroc.jpg\" \/>\n\t<meta property=\"og:image:width\" content=\"1000\" \/>\n\t<meta property=\"og:image:height\" content=\"1000\" \/>\n\t<meta property=\"og:image:type\" content=\"image\/jpeg\" \/>\n<meta name=\"twitter:card\" content=\"summary_large_image\" \/>\n<meta name=\"twitter:label1\" content=\"Est. reading time\" \/>\n\t<meta name=\"twitter:data1\" content=\"1 minute\" \/>\n<script type=\"application\/ld+json\" class=\"yoast-schema-graph\">{\"@context\":\"https:\\\/\\\/schema.org\",\"@graph\":[{\"@type\":[\"WebPage\",\"ItemPage\"],\"@id\":\"https:\\\/\\\/vitablanca.ma\\\/produit\\\/derma-ceutic-derma-activ-retinol-0-5-30ml\\\/\",\"url\":\"https:\\\/\\\/vitablanca.ma\\\/produit\\\/derma-ceutic-derma-activ-retinol-0-5-30ml\\\/\",\"name\":\"Derma Ceutic Derma Activ Retinol 0.5 30ml - Maroc Prix\",\"isPartOf\":{\"@id\":\"https:\\\/\\\/vitablanca.ma\\\/#website\"},\"primaryImageOfPage\":{\"@id\":\"https:\\\/\\\/vitablanca.ma\\\/produit\\\/derma-ceutic-derma-activ-retinol-0-5-30ml\\\/#primaryimage\"},\"image\":{\"@id\":\"https:\\\/\\\/vitablanca.ma\\\/produit\\\/derma-ceutic-derma-activ-retinol-0-5-30ml\\\/#primaryimage\"},\"thumbnailUrl\":\"https:\\\/\\\/vitablanca.ma\\\/wp-content\\\/uploads\\\/2025\\\/06\\\/Derma-Ceutic-Derma-Activ-Retinol-0.5-30ml-nova-parapharmacie-maroc.jpg\",\"datePublished\":\"2025-06-10T16:48:29+00:00\",\"description\":\"Derma Ceutic Derma Activ Retinol 0.5 30ml\",\"breadcrumb\":{\"@id\":\"https:\\\/\\\/vitablanca.ma\\\/produit\\\/derma-ceutic-derma-activ-retinol-0-5-30ml\\\/#breadcrumb\"},\"inLanguage\":\"en-US\",\"potentialAction\":[{\"@type\":\"ReadAction\",\"target\":[\"https:\\\/\\\/vitablanca.ma\\\/produit\\\/derma-ceutic-derma-activ-retinol-0-5-30ml\\\/\"]}]},{\"@type\":\"ImageObject\",\"inLanguage\":\"en-US\",\"@id\":\"https:\\\/\\\/vitablanca.ma\\\/produit\\\/derma-ceutic-derma-activ-retinol-0-5-30ml\\\/#primaryimage\",\"url\":\"https:\\\/\\\/vitablanca.ma\\\/wp-content\\\/uploads\\\/2025\\\/06\\\/Derma-Ceutic-Derma-Activ-Retinol-0.5-30ml-nova-parapharmacie-maroc.jpg\",\"contentUrl\":\"https:\\\/\\\/vitablanca.ma\\\/wp-content\\\/uploads\\\/2025\\\/06\\\/Derma-Ceutic-Derma-Activ-Retinol-0.5-30ml-nova-parapharmacie-maroc.jpg\",\"width\":1000,\"height\":1000},{\"@type\":\"BreadcrumbList\",\"@id\":\"https:\\\/\\\/vitablanca.ma\\\/produit\\\/derma-ceutic-derma-activ-retinol-0-5-30ml\\\/#breadcrumb\",\"itemListElement\":[{\"@type\":\"ListItem\",\"position\":1,\"name\":\"Home\",\"item\":\"https:\\\/\\\/vitablanca.ma\\\/\"},{\"@type\":\"ListItem\",\"position\":2,\"name\":\"Tous Les Produits\",\"item\":\"https:\\\/\\\/vitablanca.ma\\\/tous-les-produits\\\/\"},{\"@type\":\"ListItem\",\"position\":3,\"name\":\"Derma Ceutic Derma Activ Retinol 0.5 30ml\"}]},{\"@type\":\"WebSite\",\"@id\":\"https:\\\/\\\/vitablanca.ma\\\/#website\",\"url\":\"https:\\\/\\\/vitablanca.ma\\\/\",\"name\":\"VitaBlanca.ma | Compl\u00e9ments alimentaires, sant\u00e9 & beaut\u00e9 au Maroc\",\"description\":\"vendre vitamines et compl\u00e9ments premium des USA &amp; Canada, Nouvelle Z\u00e9lande,Maroc (NOW Foods, Solgar, Manuka). Livraison rapide partout au Maroc.\",\"publisher\":{\"@id\":\"https:\\\/\\\/vitablanca.ma\\\/#organization\"},\"alternateName\":\"VitaBlanca.ma\",\"potentialAction\":[{\"@type\":\"SearchAction\",\"target\":{\"@type\":\"EntryPoint\",\"urlTemplate\":\"https:\\\/\\\/vitablanca.ma\\\/?s={search_term_string}\"},\"query-input\":{\"@type\":\"PropertyValueSpecification\",\"valueRequired\":true,\"valueName\":\"search_term_string\"}}],\"inLanguage\":\"en-US\"},{\"@type\":\"Organization\",\"@id\":\"https:\\\/\\\/vitablanca.ma\\\/#organization\",\"name\":\"VitaBlanca\",\"url\":\"https:\\\/\\\/vitablanca.ma\\\/\",\"logo\":{\"@type\":\"ImageObject\",\"inLanguage\":\"en-US\",\"@id\":\"https:\\\/\\\/vitablanca.ma\\\/#\\\/schema\\\/logo\\\/image\\\/\",\"url\":\"https:\\\/\\\/vitablanca.ma\\\/wp-content\\\/uploads\\\/2025\\\/05\\\/cropped-vitablanca.png\",\"contentUrl\":\"https:\\\/\\\/vitablanca.ma\\\/wp-content\\\/uploads\\\/2025\\\/05\\\/cropped-vitablanca.png\",\"width\":360,\"height\":67,\"caption\":\"VitaBlanca\"},\"image\":{\"@id\":\"https:\\\/\\\/vitablanca.ma\\\/#\\\/schema\\\/logo\\\/image\\\/\"},\"sameAs\":[\"https:\\\/\\\/www.facebook.com\\\/profile.php?id=61576678196717\",\"https:\\\/\\\/www.tiktok.com\\\/@vitablanca.ma\",\"https:\\\/\\\/www.instagram.com\\\/vitablanca.ma\\\/\"]}]}<\/script>\n<!-- \/ Yoast SEO plugin. -->","yoast_head_json":{"title":"Derma Ceutic Derma Activ Retinol 0.5 30ml - Morocco Price","description":"Derma Ceutic Derma Activ Retinol 0.5 30ml","robots":{"index":"index","follow":"follow","max-snippet":"max-snippet:-1","max-image-preview":"max-image-preview:large","max-video-preview":"max-video-preview:-1"},"canonical":"https:\/\/vitablanca.ma\/en\/product\/derma-ceutic-derma-activ-retinol-0-5-30ml\/","og_locale":"en_US","og_type":"article","og_title":"Derma Ceutic Derma Activ Retinol 0.5 30ml - Maroc Prix","og_description":"Derma Ceutic Derma Activ Retinol 0.5 30ml","og_url":"https:\/\/vitablanca.ma\/en\/product\/derma-ceutic-derma-activ-retinol-0-5-30ml\/","og_site_name":"Vitablanca.ma &ndash; Sant&eacute;, vitalit&eacute; et bien-&ecirc;tre pour tous les Marocains","article_publisher":"https:\/\/www.facebook.com\/profile.php?id=61576678196717","og_image":[{"width":1000,"height":1000,"url":"https:\/\/vitablanca.ma\/wp-content\/uploads\/2025\/06\/Derma-Ceutic-Derma-Activ-Retinol-0.5-30ml-nova-parapharmacie-maroc.jpg","type":"image\/jpeg"}],"twitter_card":"summary_large_image","twitter_misc":{"Est. reading time":"1 minute"},"schema":{"@context":"https:\/\/schema.org","@graph":[{"@type":["WebPage","ItemPage"],"@id":"https:\/\/vitablanca.ma\/produit\/derma-ceutic-derma-activ-retinol-0-5-30ml\/","url":"https:\/\/vitablanca.ma\/produit\/derma-ceutic-derma-activ-retinol-0-5-30ml\/","name":"Derma Ceutic Derma Activ Retinol 0.5 30ml - Morocco Price","isPartOf":{"@id":"https:\/\/vitablanca.ma\/#website"},"primaryImageOfPage":{"@id":"https:\/\/vitablanca.ma\/produit\/derma-ceutic-derma-activ-retinol-0-5-30ml\/#primaryimage"},"image":{"@id":"https:\/\/vitablanca.ma\/produit\/derma-ceutic-derma-activ-retinol-0-5-30ml\/#primaryimage"},"thumbnailUrl":"https:\/\/vitablanca.ma\/wp-content\/uploads\/2025\/06\/Derma-Ceutic-Derma-Activ-Retinol-0.5-30ml-nova-parapharmacie-maroc.jpg","datePublished":"2025-06-10T16:48:29+00:00","description":"Derma Ceutic Derma Activ Retinol 0.5 30ml","breadcrumb":{"@id":"https:\/\/vitablanca.ma\/produit\/derma-ceutic-derma-activ-retinol-0-5-30ml\/#breadcrumb"},"inLanguage":"en-US","potentialAction":[{"@type":"ReadAction","target":["https:\/\/vitablanca.ma\/produit\/derma-ceutic-derma-activ-retinol-0-5-30ml\/"]}]},{"@type":"ImageObject","inLanguage":"en-US","@id":"https:\/\/vitablanca.ma\/produit\/derma-ceutic-derma-activ-retinol-0-5-30ml\/#primaryimage","url":"https:\/\/vitablanca.ma\/wp-content\/uploads\/2025\/06\/Derma-Ceutic-Derma-Activ-Retinol-0.5-30ml-nova-parapharmacie-maroc.jpg","contentUrl":"https:\/\/vitablanca.ma\/wp-content\/uploads\/2025\/06\/Derma-Ceutic-Derma-Activ-Retinol-0.5-30ml-nova-parapharmacie-maroc.jpg","width":1000,"height":1000},{"@type":"BreadcrumbList","@id":"https:\/\/vitablanca.ma\/produit\/derma-ceutic-derma-activ-retinol-0-5-30ml\/#breadcrumb","itemListElement":[{"@type":"ListItem","position":1,"name":"Home","item":"https:\/\/vitablanca.ma\/"},{"@type":"ListItem","position":2,"name":"Tous Les Produits","item":"https:\/\/vitablanca.ma\/tous-les-produits\/"},{"@type":"ListItem","position":3,"name":"Derma Ceutic Derma Activ Retinol 0.5 30ml"}]},{"@type":"WebSite","@id":"https:\/\/vitablanca.ma\/#website","url":"https:\/\/vitablanca.ma\/","name":"VitaBlanca.ma | Food supplements, health &amp; beauty in Morocco","description":"sell premium vitamins and supplements from USA &amp; Canada, New Zealand, Morocco (NOW Foods, Solgar, Manuka). Fast delivery anywhere in Morocco.","publisher":{"@id":"https:\/\/vitablanca.ma\/#organization"},"alternateName":"VitaBlanca.ma","potentialAction":[{"@type":"SearchAction","target":{"@type":"EntryPoint","urlTemplate":"https:\/\/vitablanca.ma\/?s={search_term_string}"},"query-input":{"@type":"PropertyValueSpecification","valueRequired":true,"valueName":"search_term_string"}}],"inLanguage":"en-US"},{"@type":"Organization","@id":"https:\/\/vitablanca.ma\/#organization","name":"VitaBlanca","url":"https:\/\/vitablanca.ma\/","logo":{"@type":"ImageObject","inLanguage":"en-US","@id":"https:\/\/vitablanca.ma\/#\/schema\/logo\/image\/","url":"https:\/\/vitablanca.ma\/wp-content\/uploads\/2025\/05\/cropped-vitablanca.png","contentUrl":"https:\/\/vitablanca.ma\/wp-content\/uploads\/2025\/05\/cropped-vitablanca.png","width":360,"height":67,"caption":"VitaBlanca"},"image":{"@id":"https:\/\/vitablanca.ma\/#\/schema\/logo\/image\/"},"sameAs":["https:\/\/www.facebook.com\/profile.php?id=61576678196717","https:\/\/www.tiktok.com\/@vitablanca.ma","https:\/\/www.instagram.com\/vitablanca.ma\/"]}]}},"jetpack_sharing_enabled":true,"_links":{"self":[{"href":"https:\/\/vitablanca.ma\/en\/wp-json\/wp\/v2\/product\/16816","targetHints":{"allow":["GET"]}}],"collection":[{"href":"https:\/\/vitablanca.ma\/en\/wp-json\/wp\/v2\/product"}],"about":[{"href":"https:\/\/vitablanca.ma\/en\/wp-json\/wp\/v2\/types\/product"}],"wp:featuredmedia":[{"embeddable":true,"href":"https:\/\/vitablanca.ma\/en\/wp-json\/wp\/v2\/media\/16814"}],"wp:attachment":[{"href":"https:\/\/vitablanca.ma\/en\/wp-json\/wp\/v2\/media?parent=16816"}],"wp:term":[{"taxonomy":"product_brand","embeddable":true,"href":"https:\/\/vitablanca.ma\/en\/wp-json\/wp\/v2\/product_brand?post=16816"},{"taxonomy":"product_cat","embeddable":true,"href":"https:\/\/vitablanca.ma\/en\/wp-json\/wp\/v2\/product_cat?post=16816"},{"taxonomy":"product_tag","embeddable":true,"href":"https:\/\/vitablanca.ma\/en\/wp-json\/wp\/v2\/product_tag?post=16816"}],"curies":[{"name":"wp","href":"https:\/\/api.w.org\/{rel}","templated":true}]}}